{"id":30959,"date":"2018-11-18T08:54:25","date_gmt":"2018-11-18T08:54:25","guid":{"rendered":"https:\/\/redfoxlotto.com\/?page_id=19768"},"modified":"2022-09-26T12:36:30","modified_gmt":"2022-09-26T12:36:30","slug":"uk-lottery","status":"publish","type":"page","link":"https:\/\/redfoxlotto.com\/fi\/lottotulokset-voittonumerot\/uk-lottery\/","title":{"rendered":"UK Lottery Tulokset"},"content":{"rendered":"<p>T\u00e4ss\u00e4 ovat Yhdistyneen kuningaskunnan loton t\u00e4m\u00e4nhetkiset tulokset. Ison-Britannian loton arvontatulosten arkistossa n\u00e4et menneet viikot ja niiden tulokset.<\/p>\n<p>Oletko valmis pelaamaan Yhdistyneen kuningaskunnan lottoa? Jos olet, tulet ilahtumaan siit\u00e4, ett\u00e4 j\u00e4ttipotit voivat olla useita miljoonia euroja, ja sinulla voi olla melko hyv\u00e4t mahdollisuudet voittaa t\u00e4m\u00e4 j\u00e4ttipotti. Sinun tarvitsee vain k\u00e4ytt\u00e4\u00e4 v\u00e4h\u00e4n rahaa arvan ostamiseen, ja niin vain sinulla on mahdollisuus voittaa. Sinun ei tarvitse asua Yhdistyneess\u00e4 kuningaskunnassa tai sen l\u00e4hist\u00f6ll\u00e4, jotta sinulla olisi mahdollisuus. Sinun tarvitsee vain k\u00e4yd\u00e4 jollakin nettilippusivustolla saadaksesi lis\u00e4tietoja.<\/p>\n<h2>Kaikki Yhdistyneen kuningaskunnan arpajaisista<\/h2>\n<p><img loading=\"lazy\" decoding=\"async\" class=\" wp-image alignright\" src=\"https:\/\/content.redfoxlotto.com\/uploads\/sites\/9\/1_results_tickets_lotto.jpg\" alt=\"UK Lotto\" width=\"241\" height=\"170\"><\/p>\n<p>Kun kyseess\u00e4 on Yhdistyneen kuningaskunnan lotto, valitset itse asiassa 6 eri numeroa v\u00e4lilt\u00e4 1 ja 59. Saat valita kaikki numerot tai voit valita pikavalinnan, jos haluat jonkun muun valitsevan numerot puolestasi. Tietokone nimitt\u00e4in valitsee numerot satunnaisesti, ja voit vain istua alas ja odottaa, ett\u00e4 numerosi tulevat esiin. Jos vain pari numeroa osuu kohdalleen, p\u00e4\u00e4set nopealla aikataululla voittamaan palkinnon. J\u00e4ttipotin voittaminen edellytt\u00e4\u00e4 kuitenkin, ett\u00e4 kaikki numerot osuvat kohdalleen.<\/p>\n<p>T\u00e4m\u00e4n j\u00e4ttipotin voittomahdollisuudet ovat kuitenkin kohtuullisen hyv\u00e4t verrattuna muihin peleihin, joita haluat ehk\u00e4 pelata. Sinulla on my\u00f6s mahdollisuus voittaa useita eri palkintoja. Voit voittaa suuria palkintoja, pieni\u00e4 palkintoja ja useita niiden v\u00e4lilt\u00e4. T\u00e4m\u00e4 lis\u00e4\u00e4 entisest\u00e4\u00e4n todenn\u00e4k\u00f6isyytt\u00e4, ett\u00e4 voitat jotain. Voit my\u00f6s helposti n\u00e4hd\u00e4, mitk\u00e4 ovat voittonumerot, jos ostat lippusi verkkoalustan kautta. RedFoxLotto.com:n kaltaiset vaihtoehdot tekev\u00e4t siit\u00e4 eritt\u00e4in helppoa.<\/p>\n<h2>Ostaminen verkosta<\/h2>\n<p><img loading=\"lazy\" decoding=\"async\" class=\" wp-image alignright\" src=\"https:\/\/content.redfoxlotto.com\/uploads\/sites\/9\/1_lucky_lottery_winner.jpg\" alt=\"voittonumerot\" width=\"216\" height=\"295\"><\/p>\n<p>Jos etsit k\u00e4tevint\u00e4 tapaa ostaa lottokuponkeja, sinun kannattaa ehdottomasti etsi\u00e4 netist\u00e4. T\u00e4m\u00e4 johtuu siit\u00e4, ett\u00e4 verkkopalvelut antavat sinulle kaikki samat edut kuin ostaminen suoraan kaupasta, mutta sinun ei tarvitse poistua kotoa. Niille, jotka asuvat alueella, joka myy n\u00e4it\u00e4 lippuja, on vain hauskempaa ja k\u00e4tev\u00e4mp\u00e4\u00e4 ostaa t\u00e4ll\u00e4 tavalla. Kuka haluaa l\u00e4hte\u00e4 kodistaan, kun ei ole pakko? Mutta niille, jotka eiv\u00e4t asu oikealla alueella, on viel\u00e4 suurempia syit\u00e4 ostaa lippuja verkosta.<\/p>\n<p>Ne, jotka eiv\u00e4t asu Yhdistyneess\u00e4 kuningaskunnassa, voivat ostaa liput kokonaan verkosta ilman, ett\u00e4 heid\u00e4n tarvitsee koskaan k\u00e4yd\u00e4 Yhdistyneess\u00e4 kuningaskunnassa. T\u00e4m\u00e4 tekee pelaamisesta entist\u00e4kin helpompaa. Eth\u00e4n voinut pelata Yhdistyneen kuningaskunnan lottoa ennen kuin se oli saatavilla verkossa? Mutta kun katsot vaihtoehtoja nyt, n\u00e4et, mist\u00e4 voit ostaa lippusi, ja voit ottaa itsesi mukaan j\u00e4ttipotin tavoitteluun. T\u00e4m\u00e4 antaa sinulle viel\u00e4 enemm\u00e4n mahdollisuuksia voittaa kuin sinulla olisi ollut, jos olisit vain k\u00e4ynyt l\u00e4pi tavalliset vaihtoehdot.<\/p>\n<h2>Yhdistyneen kuningaskunnan lottotulosten tarkistaminen<\/h2>\n<p>Mit\u00e4 sitten teet, kun on aika tarkistaa Yhdistyneen kuningaskunnan lottotulokset? Sinun pit\u00e4isi vilkaista jotakin monista eri verkkosivustoista ja palveluista, jotka tarjoavat tuloksia sinulle. Yksi n\u00e4ist\u00e4 on oman alueesi sanomalehti. T\u00e4m\u00e4 toimii tietysti vain, jos asut alueella, jossa n\u00e4it\u00e4 lippuja yleens\u00e4 myyd\u00e4\u00e4n. Kansainv\u00e4lisi\u00e4 lottonumeroita ei julkaista muiden maiden lehdiss\u00e4. Voit my\u00f6s katsoa live-arvontoja, jos asut alueella, jossa arvonnat suoritetaan verkossa tai televisiossa, t\u00e4ysin suorana l\u00e4hetyksen\u00e4.<\/p>\n<p>Lopuksi voit tutustua tarkemmin erilaisiin verkkopalveluihin, jotka tarjoavat lottonumerot joko heti arvonnan j\u00e4lkeen tai ainakin muutaman tunnin kuluessa kyseisest\u00e4 arvonnasta. Yksi n\u00e4ist\u00e4 paikoista tulee olemaan RedFoxLotto, joka on my\u00f6s paikka, josta voit ostaa lippuja haluamiisi peleihin. Todella hienoa on se, ett\u00e4 voit n\u00e4hd\u00e4 voittonumerosi verrattuna todellisiin voittonumeroihin, joten voit lunastaa palkintosi viel\u00e4 nopeammin.<\/p>\n<p>Jos haluat pelata online-arpajaisia, voit ehdottomasti tutustua Yhdistyneen kuningaskunnan arpajaisiin, mutta voit my\u00f6s tutustua johonkin monista muista ymp\u00e4ri maailmaa saatavilla olevista arpajaispeleist\u00e4. Ei ole mit\u00e4\u00e4n syyt\u00e4, miksi sinun pit\u00e4isi istua ja pelata vain oman maasi pelej\u00e4, kun niit\u00e4 on niin paljon tarjolla.<\/p>\n","protected":false},"excerpt":{"rendered":"<p>T\u00e4ss\u00e4 ovat Yhdistyneen kuningaskunnan loton t\u00e4m\u00e4nhetkiset tulokset. Ison-Britannian loton arvontatulosten arkistossa n\u00e4et menneet viikot ja niiden tulokset. Oletko valmis pelaamaan Yhdistyneen kuningaskunnan lottoa? Jos olet, tulet ilahtumaan siit\u00e4, ett\u00e4 j\u00e4ttipotit voivat olla useita miljoonia euroja, ja sinulla voi olla melko hyv\u00e4t mahdollisuudet voittaa t\u00e4m\u00e4 j\u00e4ttipotti. Sinun tarvitsee vain k\u00e4ytt\u00e4\u00e4 v\u00e4h\u00e4n rahaa arvan ostamiseen, ja niin [&hellip;]<\/p>\n","protected":false},"author":1,"featured_media":0,"parent":30931,"menu_order":9,"comment_status":"closed","ping_status":"closed","template":"lotto-uk-results.php","meta":{"_et_pb_use_builder":"","_et_pb_old_content":"","_et_gb_content_width":"","exclude_from_search":false,"footnotes":""},"class_list":["post-30959","page","type-page","status-publish","hentry"],"yoast_head":"<!-- This site is optimized with the Yoast SEO plugin v27.3 - https:\/\/yoast.com\/product\/yoast-seo-wordpress\/ -->\n<title>Voittonumerot ja tulokset UK Lottery<\/title>\n<meta name=\"description\" content=\"Tuomme sinulle tulokset UK Lottery, ja arkisto menneisyyden voittonumerot\" \/>\n<meta name=\"robots\" content=\"index, follow, max-snippet:-1, max-image-preview:large, max-video-preview:-1\" \/>\n<link rel=\"canonical\" href=\"https:\/\/redfoxlotto.com\/fi\/lottotulokset-voittonumerot\/uk-lottery\/\" \/>\n<meta property=\"og:locale\" content=\"fi_FI\" \/>\n<meta property=\"og:type\" content=\"article\" \/>\n<meta property=\"og:title\" content=\"Voittonumerot ja tulokset UK Lottery\" \/>\n<meta property=\"og:description\" content=\"Tuomme sinulle tulokset UK Lottery, ja arkisto menneisyyden voittonumerot\" \/>\n<meta property=\"og:url\" content=\"https:\/\/redfoxlotto.com\/fi\/lottotulokset-voittonumerot\/uk-lottery\/\" \/>\n<meta property=\"og:site_name\" content=\"Get Tickets for the World\u2019s largest jackpots\" \/>\n<meta property=\"article:modified_time\" content=\"2022-09-26T12:36:30+00:00\" \/>\n<meta property=\"og:image\" content=\"https:\/\/content.redfoxlotto.com\/uploads\/sites\/9\/1_results_tickets_lotto.jpg\" \/>\n<meta name=\"twitter:card\" content=\"summary_large_image\" \/>\n<meta name=\"twitter:label1\" content=\"Arvioitu lukuaika\" \/>\n\t<meta name=\"twitter:data1\" content=\"4 minuuttia\" \/>\n<script type=\"application\/ld+json\" class=\"yoast-schema-graph\">{\"@context\":\"https:\\\/\\\/schema.org\",\"@graph\":[{\"@type\":\"WebPage\",\"@id\":\"https:\\\/\\\/redfoxlotto.com\\\/fi\\\/lottotulokset-voittonumerot\\\/uk-lottery\\\/\",\"url\":\"https:\\\/\\\/redfoxlotto.com\\\/fi\\\/lottotulokset-voittonumerot\\\/uk-lottery\\\/\",\"name\":\"Voittonumerot ja tulokset UK Lottery\",\"isPartOf\":{\"@id\":\"https:\\\/\\\/redfoxlotto.com\\\/fi\\\/#website\"},\"primaryImageOfPage\":{\"@id\":\"https:\\\/\\\/redfoxlotto.com\\\/fi\\\/lottotulokset-voittonumerot\\\/uk-lottery\\\/#primaryimage\"},\"image\":{\"@id\":\"https:\\\/\\\/redfoxlotto.com\\\/fi\\\/lottotulokset-voittonumerot\\\/uk-lottery\\\/#primaryimage\"},\"thumbnailUrl\":\"https:\\\/\\\/content.redfoxlotto.com\\\/uploads\\\/sites\\\/9\\\/1_results_tickets_lotto.jpg\",\"datePublished\":\"2018-11-18T08:54:25+00:00\",\"dateModified\":\"2022-09-26T12:36:30+00:00\",\"description\":\"Tuomme sinulle tulokset UK Lottery, ja arkisto menneisyyden voittonumerot\",\"breadcrumb\":{\"@id\":\"https:\\\/\\\/redfoxlotto.com\\\/fi\\\/lottotulokset-voittonumerot\\\/uk-lottery\\\/#breadcrumb\"},\"inLanguage\":\"fi\",\"potentialAction\":[{\"@type\":\"ReadAction\",\"target\":[\"https:\\\/\\\/redfoxlotto.com\\\/fi\\\/lottotulokset-voittonumerot\\\/uk-lottery\\\/\"]}]},{\"@type\":\"ImageObject\",\"inLanguage\":\"fi\",\"@id\":\"https:\\\/\\\/redfoxlotto.com\\\/fi\\\/lottotulokset-voittonumerot\\\/uk-lottery\\\/#primaryimage\",\"url\":\"https:\\\/\\\/content.redfoxlotto.com\\\/uploads\\\/sites\\\/9\\\/1_results_tickets_lotto.jpg\",\"contentUrl\":\"https:\\\/\\\/content.redfoxlotto.com\\\/uploads\\\/sites\\\/9\\\/1_results_tickets_lotto.jpg\"},{\"@type\":\"BreadcrumbList\",\"@id\":\"https:\\\/\\\/redfoxlotto.com\\\/fi\\\/lottotulokset-voittonumerot\\\/uk-lottery\\\/#breadcrumb\",\"itemListElement\":[{\"@type\":\"ListItem\",\"position\":1,\"name\":\"Home\",\"item\":\"https:\\\/\\\/redfoxlotto.com\\\/fi\\\/\"},{\"@type\":\"ListItem\",\"position\":2,\"name\":\"Kansainv\u00e4linen arpajaiset Tulokset\",\"item\":\"https:\\\/\\\/redfoxlotto.com\\\/fi\\\/lottotulokset-voittonumerot\\\/\"},{\"@type\":\"ListItem\",\"position\":3,\"name\":\"UK Lottery Tulokset\"}]},{\"@type\":\"WebSite\",\"@id\":\"https:\\\/\\\/redfoxlotto.com\\\/fi\\\/#website\",\"url\":\"https:\\\/\\\/redfoxlotto.com\\\/fi\\\/\",\"name\":\"Get Tickets for the World\u2019s largest jackpots\",\"description\":\"Participate in worldwide lottery jackpots from any country\",\"publisher\":{\"@id\":\"https:\\\/\\\/redfoxlotto.com\\\/fi\\\/#organization\"},\"potentialAction\":[{\"@type\":\"SearchAction\",\"target\":{\"@type\":\"EntryPoint\",\"urlTemplate\":\"https:\\\/\\\/redfoxlotto.com\\\/fi\\\/?s={search_term_string}\"},\"query-input\":{\"@type\":\"PropertyValueSpecification\",\"valueRequired\":true,\"valueName\":\"search_term_string\"}}],\"inLanguage\":\"fi\"},{\"@type\":\"Organization\",\"@id\":\"https:\\\/\\\/redfoxlotto.com\\\/fi\\\/#organization\",\"name\":\"Get Tickets for the World\u2019s largest jackpots\",\"url\":\"https:\\\/\\\/redfoxlotto.com\\\/fi\\\/\",\"logo\":{\"@type\":\"ImageObject\",\"inLanguage\":\"fi\",\"@id\":\"https:\\\/\\\/redfoxlotto.com\\\/fi\\\/#\\\/schema\\\/logo\\\/image\\\/\",\"url\":\"https:\\\/\\\/redfoxlotto.com\\\/wp-content\\\/uploads\\\/2023\\\/04\\\/logo.png\",\"contentUrl\":\"https:\\\/\\\/redfoxlotto.com\\\/wp-content\\\/uploads\\\/2023\\\/04\\\/logo.png\",\"width\":269,\"height\":53,\"caption\":\"Get Tickets for the World\u2019s largest jackpots\"},\"image\":{\"@id\":\"https:\\\/\\\/redfoxlotto.com\\\/fi\\\/#\\\/schema\\\/logo\\\/image\\\/\"}}]}<\/script>\n<!-- \/ Yoast SEO plugin. -->","yoast_head_json":{"title":"Voittonumerot ja tulokset UK Lottery","description":"Tuomme sinulle tulokset UK Lottery, ja arkisto menneisyyden voittonumerot","robots":{"index":"index","follow":"follow","max-snippet":"max-snippet:-1","max-image-preview":"max-image-preview:large","max-video-preview":"max-video-preview:-1"},"canonical":"https:\/\/redfoxlotto.com\/fi\/lottotulokset-voittonumerot\/uk-lottery\/","og_locale":"fi_FI","og_type":"article","og_title":"Voittonumerot ja tulokset UK Lottery","og_description":"Tuomme sinulle tulokset UK Lottery, ja arkisto menneisyyden voittonumerot","og_url":"https:\/\/redfoxlotto.com\/fi\/lottotulokset-voittonumerot\/uk-lottery\/","og_site_name":"Get Tickets for the World\u2019s largest jackpots","article_modified_time":"2022-09-26T12:36:30+00:00","og_image":[{"url":"https:\/\/content.redfoxlotto.com\/uploads\/sites\/9\/1_results_tickets_lotto.jpg","type":"","width":"","height":""}],"twitter_card":"summary_large_image","twitter_misc":{"Arvioitu lukuaika":"4 minuuttia"},"schema":{"@context":"https:\/\/schema.org","@graph":[{"@type":"WebPage","@id":"https:\/\/redfoxlotto.com\/fi\/lottotulokset-voittonumerot\/uk-lottery\/","url":"https:\/\/redfoxlotto.com\/fi\/lottotulokset-voittonumerot\/uk-lottery\/","name":"Voittonumerot ja tulokset UK Lottery","isPartOf":{"@id":"https:\/\/redfoxlotto.com\/fi\/#website"},"primaryImageOfPage":{"@id":"https:\/\/redfoxlotto.com\/fi\/lottotulokset-voittonumerot\/uk-lottery\/#primaryimage"},"image":{"@id":"https:\/\/redfoxlotto.com\/fi\/lottotulokset-voittonumerot\/uk-lottery\/#primaryimage"},"thumbnailUrl":"https:\/\/content.redfoxlotto.com\/uploads\/sites\/9\/1_results_tickets_lotto.jpg","datePublished":"2018-11-18T08:54:25+00:00","dateModified":"2022-09-26T12:36:30+00:00","description":"Tuomme sinulle tulokset UK Lottery, ja arkisto menneisyyden voittonumerot","breadcrumb":{"@id":"https:\/\/redfoxlotto.com\/fi\/lottotulokset-voittonumerot\/uk-lottery\/#breadcrumb"},"inLanguage":"fi","potentialAction":[{"@type":"ReadAction","target":["https:\/\/redfoxlotto.com\/fi\/lottotulokset-voittonumerot\/uk-lottery\/"]}]},{"@type":"ImageObject","inLanguage":"fi","@id":"https:\/\/redfoxlotto.com\/fi\/lottotulokset-voittonumerot\/uk-lottery\/#primaryimage","url":"https:\/\/content.redfoxlotto.com\/uploads\/sites\/9\/1_results_tickets_lotto.jpg","contentUrl":"https:\/\/content.redfoxlotto.com\/uploads\/sites\/9\/1_results_tickets_lotto.jpg"},{"@type":"BreadcrumbList","@id":"https:\/\/redfoxlotto.com\/fi\/lottotulokset-voittonumerot\/uk-lottery\/#breadcrumb","itemListElement":[{"@type":"ListItem","position":1,"name":"Home","item":"https:\/\/redfoxlotto.com\/fi\/"},{"@type":"ListItem","position":2,"name":"Kansainv\u00e4linen arpajaiset Tulokset","item":"https:\/\/redfoxlotto.com\/fi\/lottotulokset-voittonumerot\/"},{"@type":"ListItem","position":3,"name":"UK Lottery Tulokset"}]},{"@type":"WebSite","@id":"https:\/\/redfoxlotto.com\/fi\/#website","url":"https:\/\/redfoxlotto.com\/fi\/","name":"Get Tickets for the World\u2019s largest jackpots","description":"Participate in worldwide lottery jackpots from any country","publisher":{"@id":"https:\/\/redfoxlotto.com\/fi\/#organization"},"potentialAction":[{"@type":"SearchAction","target":{"@type":"EntryPoint","urlTemplate":"https:\/\/redfoxlotto.com\/fi\/?s={search_term_string}"},"query-input":{"@type":"PropertyValueSpecification","valueRequired":true,"valueName":"search_term_string"}}],"inLanguage":"fi"},{"@type":"Organization","@id":"https:\/\/redfoxlotto.com\/fi\/#organization","name":"Get Tickets for the World\u2019s largest jackpots","url":"https:\/\/redfoxlotto.com\/fi\/","logo":{"@type":"ImageObject","inLanguage":"fi","@id":"https:\/\/redfoxlotto.com\/fi\/#\/schema\/logo\/image\/","url":"https:\/\/redfoxlotto.com\/wp-content\/uploads\/2023\/04\/logo.png","contentUrl":"https:\/\/redfoxlotto.com\/wp-content\/uploads\/2023\/04\/logo.png","width":269,"height":53,"caption":"Get Tickets for the World\u2019s largest jackpots"},"image":{"@id":"https:\/\/redfoxlotto.com\/fi\/#\/schema\/logo\/image\/"}}]}},"_links":{"self":[{"href":"https:\/\/redfoxlotto.com\/fi\/wp-json\/wp\/v2\/pages\/30959","targetHints":{"allow":["GET"]}}],"collection":[{"href":"https:\/\/redfoxlotto.com\/fi\/wp-json\/wp\/v2\/pages"}],"about":[{"href":"https:\/\/redfoxlotto.com\/fi\/wp-json\/wp\/v2\/types\/page"}],"author":[{"embeddable":true,"href":"https:\/\/redfoxlotto.com\/fi\/wp-json\/wp\/v2\/users\/1"}],"replies":[{"embeddable":true,"href":"https:\/\/redfoxlotto.com\/fi\/wp-json\/wp\/v2\/comments?post=30959"}],"version-history":[{"count":0,"href":"https:\/\/redfoxlotto.com\/fi\/wp-json\/wp\/v2\/pages\/30959\/revisions"}],"up":[{"embeddable":true,"href":"https:\/\/redfoxlotto.com\/fi\/wp-json\/wp\/v2\/pages\/30931"}],"wp:attachment":[{"href":"https:\/\/redfoxlotto.com\/fi\/wp-json\/wp\/v2\/media?parent=30959"}],"curies":[{"name":"wp","href":"https:\/\/api.w.org\/{rel}","templated":true}]}}