{"id":30957,"date":"2018-11-18T08:54:25","date_gmt":"2018-11-18T08:54:25","guid":{"rendered":"https:\/\/redfoxlotto.com\/?page_id=19764"},"modified":"2026-01-11T10:39:37","modified_gmt":"2026-01-11T10:39:37","slug":"superenalotto","status":"publish","type":"page","link":"https:\/\/redfoxlotto.com\/fi\/lottotulokset-voittonumerot\/superenalotto\/","title":{"rendered":"SuperEnaLotto tulokset"},"content":{"rendered":"<p>SuperEnalotto on tunnettu siit\u00e4, ett\u00e4 j\u00e4ttipotti j\u00e4\u00e4 usein voittamatta pitk\u00e4\u00e4n aikaan. Niinp\u00e4 p\u00e4\u00e4hinta, jonka v\u00e4himm\u00e4issumma on 1 300 000, nousee nopeasti. Eik\u00e4 sen korkeudelle ole mit\u00e4\u00e4n rajaa. Suurin t\u00e4h\u00e4nastinen voitto Superenalotossa on ollut 177 800 000 euroa!<br \/>\n<img loading=\"lazy\" decoding=\"async\" class=\" wp-image alignright\" src=\"https:\/\/content.redfoxlotto.com\/uploads\/sites\/9\/1_results_check_lottery.jpg\" alt=\"tulokset lotto\" width=\"254\" height=\"254\"><\/p>\n<p>Oletko tutkinut erilaisia pelej\u00e4, joita voisit pelata? Ehk\u00e4 olet aina ajatellut, ett\u00e4 sinun on pelattava lottoa omalla alueellasi tai ainakin omassa maassasi. No, n\u00e4in ei todellakaan ole en\u00e4\u00e4, kun kyseess\u00e4 on nettilotto. Sinulle on tarjolla paljon uusia mahdollisuuksia, ja sinun tarvitsee vain vilkaista joitakin tarjolla olevia verkkosivustoja. Tulet n\u00e4kem\u00e4\u00e4n koko joukon pelej\u00e4, joita et ehk\u00e4 ole koskaan ennen n\u00e4hnyt.<\/p>\n<p>SuperEnalotto on yksi suosituimmista peleist\u00e4 Italiassa, ja siin\u00e4 voisit ehdottomasti olla itsekin mukana. Voit itse asiassa ostaa lippusi suoraan verkosta, riippumatta siit\u00e4, miss\u00e4 itse asiassa asut. Se tekee pelist\u00e4 viel\u00e4 hauskempaa, koska pelaat peli\u00e4, jota et ole ehk\u00e4 koskaan n\u00e4hnyt tai josta et ole edes kuullut aiemmin. Mik\u00e4 onkaan j\u00e4nnitt\u00e4v\u00e4mp\u00e4\u00e4 kuin t\u00e4ysin uusi mahdollisuus ja t\u00e4ysin erilainen mahdollisuus voittaa kuin pelit, joita olet tottunut pelaamaan?<\/p>\n<p>Kun p\u00e4\u00e4t\u00e4t pelata t\u00e4t\u00e4 peli\u00e4, sinun on vain tiedett\u00e4v\u00e4, mist\u00e4 saat lippusi. RedFoxLotto.com voi auttaa sinua valitsemaan numerosi ja tilaamaan lippusi, jotta se on valmiina seuraavassa arvonnassa. Se toimii t\u00e4ysin verkossa, ja sinulla on silti samat mahdollisuudet kuin niill\u00e4, jotka ostavat lippunsa k\u00e4velem\u00e4ll\u00e4 myym\u00e4l\u00e4\u00e4n. T\u00e4m\u00e4 tekee siit\u00e4 k\u00e4tev\u00e4n my\u00f6s niille, jotka asuvat alueella, jossa peli\u00e4 pelataan. Voit vain ostaa lipun netist\u00e4 ilman, ett\u00e4 sinun tarvitsee koskaan poistua kotoa.<\/p>\n<h2>Miksi SuperEnalotto?<\/h2>\n<p><img loading=\"lazy\" decoding=\"async\" class=\"wp-image alignright\" src=\"https:\/\/content.redfoxlotto.com\/uploads\/sites\/9\/1_lottery_winning_numbers.jpg\" alt=\"Superenalotto\" width=\"289\" height=\"137\"><\/p>\n<p>Miksi pelaisit t\u00e4t\u00e4 peli\u00e4? No, yksi syy on se, ett\u00e4 sinulla on mahdollisuus voittaa miljoonia euroja pelaamalla. Se voi olla todella hauskaa. Itse asiassa t\u00e4ss\u00e4 peliss\u00e4 tiedet\u00e4\u00e4n olevan suurimpia j\u00e4ttipotteja, ja se on ehdottomasti syy siihen, ett\u00e4 haluat katsoa peli\u00e4 tarkemmin ja mahdollisesti p\u00e4\u00e4tt\u00e4\u00e4 pelata sit\u00e4 ainakin muutaman kerran itse. Kukapa ei haluaisi mahdollisuutta voittaa miljoonia euroja? Ja kaikki t\u00e4m\u00e4 yhden lipun edulliseen hintaan (tai muutaman lipun, jos haluat lis\u00e4t\u00e4 voittomahdollisuuksiasi hieman).<\/p>\n<p>T\u00e4ss\u00e4 peliss\u00e4 on my\u00f6s arvonta kolmena eri iltana viikossa, joten sinulla on mahdollisuus pelata viel\u00e4 useammin. Ne, jotka pit\u00e4v\u00e4t peleist\u00e4, joissa arvontoja on useammin, pit\u00e4v\u00e4t siit\u00e4, ett\u00e4 t\u00e4m\u00e4 peli on tarjolla tiistaisin, torstaisin ja lauantaisin, kaikki klo 20.00. T\u00e4m\u00e4 peli ei ole ollut olemassa kovinkaan kauan, kun asiaa tarkastellaan laajasti, sill\u00e4 se alkoi vasta vuonna 1997, mutta se ei tarkoita, etteik\u00f6 se olisi hauska tai etteiv\u00e4t ihmiset olisi tulossa ostamaan lippua (mit\u00e4 sinun ei tarvitse tehd\u00e4, koska pelaat t\u00e4ysin verkossa).<\/p>\n<p>T\u00e4m\u00e4n pelin haittapuolena on, ett\u00e4 sen voittokertoimet voivat olla huonot. Itse asiassa todenn\u00e4k\u00f6isyys voittaa j\u00e4ttipotti on yksi maailman alhaisimmista. T\u00e4m\u00e4 tarkoittaa, ett\u00e4 sinulla on paremmat mahdollisuudet voittaa melkein mik\u00e4 tahansa muu lottopeli, jota pelaat, kuin t\u00e4m\u00e4. Sinun ei kuitenkaan tarvitse lannistua liikaa. Voit silti pit\u00e4\u00e4 hauskaa pelaamalla ja sinulla on edelleen mahdollisuus voittaa joitakin pienempi\u00e4 palkintoja. Ja kuka tiet\u00e4\u00e4, jonkunhan se j\u00e4ttipotti on voitettava, eik\u00f6 niin? Miksi se et voisi olla sin\u00e4?<\/p>\n<h2>SuperEnalotto Tulokset<\/h2>\n<p>Miten aiot tarkistaa SuperEnaLoton tulokset, jos p\u00e4\u00e4t\u00e4t pelata t\u00e4t\u00e4 peli\u00e4? Sinulla on itse asiassa useita eri vaihtoehtoja. Suosituimpia on yksinkertaisesti tarkistaa paikalliset sanomalehdet arvonnan j\u00e4lkeisen\u00e4 p\u00e4iv\u00e4n\u00e4 tai katsoa arvonta suorana l\u00e4hetyksen\u00e4, jos se n\u00e4kyy televisiossasi. Voit my\u00f6s tarkistaa jonkin useista eri verkkosivustoista (kuten RedFoxLotto.com), jotka n\u00e4ytt\u00e4v\u00e4t tulokset joko heti arvonnan j\u00e4lkeen tai parin tunnin kuluessa arvonnasta. N\u00e4in sinun ei tarvitse tuhlata aikaa sen selvitt\u00e4miseen, oletko voittanut.<\/p>\n<p>Hauskanpito lotossa on ensimm\u00e4inen askel koko prosessissa, mutta siit\u00e4 eteenp\u00e4in haluat varmistaa, ett\u00e4 voitat jotain. SuperEnalottossa voittokertoimesi saattavat olla pienemm\u00e4t, mutta sinulla tulee olemaan hauskaa ja saat mahdollisuuden kokea t\u00e4ysin erityyppisen pelin. Jos olet pelannut lottoa verkossa jo jonkin aikaa, t\u00e4m\u00e4 on ehdottomasti peli, jota sinun kannattaa tarkastella tarkemmin. Koskaan ei voi tiet\u00e4\u00e4, mit\u00e4 se voisi tehd\u00e4 sinulle, ja mit\u00e4 menetett\u00e4v\u00e4\u00e4 sinulla on kokeilemalla sit\u00e4 ainakin pari kierrosta?<\/p>\n","protected":false},"excerpt":{"rendered":"<p>SuperEnalotto on tunnettu siit\u00e4, ett\u00e4 j\u00e4ttipotti j\u00e4\u00e4 usein voittamatta pitk\u00e4\u00e4n aikaan. Niinp\u00e4 p\u00e4\u00e4hinta, jonka v\u00e4himm\u00e4issumma on 1 300 000, nousee nopeasti. Eik\u00e4 sen korkeudelle ole mit\u00e4\u00e4n rajaa. Suurin t\u00e4h\u00e4nastinen voitto Superenalotossa on ollut 177 800 000 euroa! Oletko tutkinut erilaisia pelej\u00e4, joita voisit pelata? Ehk\u00e4 olet aina ajatellut, ett\u00e4 sinun on pelattava lottoa omalla alueellasi [&hellip;]<\/p>\n","protected":false},"author":1,"featured_media":0,"parent":30931,"menu_order":5,"comment_status":"closed","ping_status":"closed","template":"superenalotto-results.php","meta":{"_et_pb_use_builder":"","_et_pb_old_content":"","_et_gb_content_width":"","exclude_from_search":false,"footnotes":""},"class_list":["post-30957","page","type-page","status-publish","hentry"],"yoast_head":"<!-- This site is optimized with the Yoast SEO plugin v27.3 - https:\/\/yoast.com\/product\/yoast-seo-wordpress\/ -->\n<title>SuperEnalotto voittonumerot<\/title>\n<meta name=\"description\" content=\"L\u00f6yd\u00e4 uusimmat tulokset ja voittonumerot Superenalottoon t\u00e4\u00e4lt\u00e4 RedFoxLottosta, josta voit my\u00f6s ostaa lippusi.\" \/>\n<meta name=\"robots\" content=\"index, follow, max-snippet:-1, max-image-preview:large, max-video-preview:-1\" \/>\n<link rel=\"canonical\" href=\"https:\/\/redfoxlotto.com\/fi\/lottotulokset-voittonumerot\/superenalotto\/\" \/>\n<meta property=\"og:locale\" content=\"fi_FI\" \/>\n<meta property=\"og:type\" content=\"article\" \/>\n<meta property=\"og:title\" content=\"SuperEnalotto voittonumerot\" \/>\n<meta property=\"og:description\" content=\"L\u00f6yd\u00e4 uusimmat tulokset ja voittonumerot Superenalottoon t\u00e4\u00e4lt\u00e4 RedFoxLottosta, josta voit my\u00f6s ostaa lippusi.\" \/>\n<meta property=\"og:url\" content=\"https:\/\/redfoxlotto.com\/fi\/lottotulokset-voittonumerot\/superenalotto\/\" \/>\n<meta property=\"og:site_name\" content=\"Get Tickets for the World\u2019s largest jackpots\" \/>\n<meta property=\"article:modified_time\" content=\"2026-01-11T10:39:37+00:00\" \/>\n<meta property=\"og:image\" content=\"https:\/\/content.redfoxlotto.com\/uploads\/sites\/9\/1_results_check_lottery.jpg\" \/>\n<meta name=\"twitter:card\" content=\"summary_large_image\" \/>\n<meta name=\"twitter:label1\" content=\"Arvioitu lukuaika\" \/>\n\t<meta name=\"twitter:data1\" content=\"3 minuuttia\" \/>\n<script type=\"application\/ld+json\" class=\"yoast-schema-graph\">{\"@context\":\"https:\\\/\\\/schema.org\",\"@graph\":[{\"@type\":\"WebPage\",\"@id\":\"https:\\\/\\\/redfoxlotto.com\\\/fi\\\/lottotulokset-voittonumerot\\\/superenalotto\\\/\",\"url\":\"https:\\\/\\\/redfoxlotto.com\\\/fi\\\/lottotulokset-voittonumerot\\\/superenalotto\\\/\",\"name\":\"SuperEnalotto voittonumerot\",\"isPartOf\":{\"@id\":\"https:\\\/\\\/redfoxlotto.com\\\/fi\\\/#website\"},\"primaryImageOfPage\":{\"@id\":\"https:\\\/\\\/redfoxlotto.com\\\/fi\\\/lottotulokset-voittonumerot\\\/superenalotto\\\/#primaryimage\"},\"image\":{\"@id\":\"https:\\\/\\\/redfoxlotto.com\\\/fi\\\/lottotulokset-voittonumerot\\\/superenalotto\\\/#primaryimage\"},\"thumbnailUrl\":\"https:\\\/\\\/content.redfoxlotto.com\\\/uploads\\\/sites\\\/9\\\/1_results_check_lottery.jpg\",\"datePublished\":\"2018-11-18T08:54:25+00:00\",\"dateModified\":\"2026-01-11T10:39:37+00:00\",\"description\":\"L\u00f6yd\u00e4 uusimmat tulokset ja voittonumerot Superenalottoon t\u00e4\u00e4lt\u00e4 RedFoxLottosta, josta voit my\u00f6s ostaa lippusi.\",\"breadcrumb\":{\"@id\":\"https:\\\/\\\/redfoxlotto.com\\\/fi\\\/lottotulokset-voittonumerot\\\/superenalotto\\\/#breadcrumb\"},\"inLanguage\":\"fi\",\"potentialAction\":[{\"@type\":\"ReadAction\",\"target\":[\"https:\\\/\\\/redfoxlotto.com\\\/fi\\\/lottotulokset-voittonumerot\\\/superenalotto\\\/\"]}]},{\"@type\":\"ImageObject\",\"inLanguage\":\"fi\",\"@id\":\"https:\\\/\\\/redfoxlotto.com\\\/fi\\\/lottotulokset-voittonumerot\\\/superenalotto\\\/#primaryimage\",\"url\":\"https:\\\/\\\/content.redfoxlotto.com\\\/uploads\\\/sites\\\/9\\\/1_results_check_lottery.jpg\",\"contentUrl\":\"https:\\\/\\\/content.redfoxlotto.com\\\/uploads\\\/sites\\\/9\\\/1_results_check_lottery.jpg\"},{\"@type\":\"BreadcrumbList\",\"@id\":\"https:\\\/\\\/redfoxlotto.com\\\/fi\\\/lottotulokset-voittonumerot\\\/superenalotto\\\/#breadcrumb\",\"itemListElement\":[{\"@type\":\"ListItem\",\"position\":1,\"name\":\"Home\",\"item\":\"https:\\\/\\\/redfoxlotto.com\\\/fi\\\/\"},{\"@type\":\"ListItem\",\"position\":2,\"name\":\"Kansainv\u00e4linen arpajaiset Tulokset\",\"item\":\"https:\\\/\\\/redfoxlotto.com\\\/fi\\\/lottotulokset-voittonumerot\\\/\"},{\"@type\":\"ListItem\",\"position\":3,\"name\":\"SuperEnaLotto tulokset\"}]},{\"@type\":\"WebSite\",\"@id\":\"https:\\\/\\\/redfoxlotto.com\\\/fi\\\/#website\",\"url\":\"https:\\\/\\\/redfoxlotto.com\\\/fi\\\/\",\"name\":\"Get Tickets for the World\u2019s largest jackpots\",\"description\":\"Participate in worldwide lottery jackpots from any country\",\"publisher\":{\"@id\":\"https:\\\/\\\/redfoxlotto.com\\\/fi\\\/#organization\"},\"potentialAction\":[{\"@type\":\"SearchAction\",\"target\":{\"@type\":\"EntryPoint\",\"urlTemplate\":\"https:\\\/\\\/redfoxlotto.com\\\/fi\\\/?s={search_term_string}\"},\"query-input\":{\"@type\":\"PropertyValueSpecification\",\"valueRequired\":true,\"valueName\":\"search_term_string\"}}],\"inLanguage\":\"fi\"},{\"@type\":\"Organization\",\"@id\":\"https:\\\/\\\/redfoxlotto.com\\\/fi\\\/#organization\",\"name\":\"Get Tickets for the World\u2019s largest jackpots\",\"url\":\"https:\\\/\\\/redfoxlotto.com\\\/fi\\\/\",\"logo\":{\"@type\":\"ImageObject\",\"inLanguage\":\"fi\",\"@id\":\"https:\\\/\\\/redfoxlotto.com\\\/fi\\\/#\\\/schema\\\/logo\\\/image\\\/\",\"url\":\"https:\\\/\\\/redfoxlotto.com\\\/wp-content\\\/uploads\\\/2023\\\/04\\\/logo.png\",\"contentUrl\":\"https:\\\/\\\/redfoxlotto.com\\\/wp-content\\\/uploads\\\/2023\\\/04\\\/logo.png\",\"width\":269,\"height\":53,\"caption\":\"Get Tickets for the World\u2019s largest jackpots\"},\"image\":{\"@id\":\"https:\\\/\\\/redfoxlotto.com\\\/fi\\\/#\\\/schema\\\/logo\\\/image\\\/\"}}]}<\/script>\n<!-- \/ Yoast SEO plugin. -->","yoast_head_json":{"title":"SuperEnalotto voittonumerot","description":"L\u00f6yd\u00e4 uusimmat tulokset ja voittonumerot Superenalottoon t\u00e4\u00e4lt\u00e4 RedFoxLottosta, josta voit my\u00f6s ostaa lippusi.","robots":{"index":"index","follow":"follow","max-snippet":"max-snippet:-1","max-image-preview":"max-image-preview:large","max-video-preview":"max-video-preview:-1"},"canonical":"https:\/\/redfoxlotto.com\/fi\/lottotulokset-voittonumerot\/superenalotto\/","og_locale":"fi_FI","og_type":"article","og_title":"SuperEnalotto voittonumerot","og_description":"L\u00f6yd\u00e4 uusimmat tulokset ja voittonumerot Superenalottoon t\u00e4\u00e4lt\u00e4 RedFoxLottosta, josta voit my\u00f6s ostaa lippusi.","og_url":"https:\/\/redfoxlotto.com\/fi\/lottotulokset-voittonumerot\/superenalotto\/","og_site_name":"Get Tickets for the World\u2019s largest jackpots","article_modified_time":"2026-01-11T10:39:37+00:00","og_image":[{"url":"https:\/\/content.redfoxlotto.com\/uploads\/sites\/9\/1_results_check_lottery.jpg","type":"","width":"","height":""}],"twitter_card":"summary_large_image","twitter_misc":{"Arvioitu lukuaika":"3 minuuttia"},"schema":{"@context":"https:\/\/schema.org","@graph":[{"@type":"WebPage","@id":"https:\/\/redfoxlotto.com\/fi\/lottotulokset-voittonumerot\/superenalotto\/","url":"https:\/\/redfoxlotto.com\/fi\/lottotulokset-voittonumerot\/superenalotto\/","name":"SuperEnalotto voittonumerot","isPartOf":{"@id":"https:\/\/redfoxlotto.com\/fi\/#website"},"primaryImageOfPage":{"@id":"https:\/\/redfoxlotto.com\/fi\/lottotulokset-voittonumerot\/superenalotto\/#primaryimage"},"image":{"@id":"https:\/\/redfoxlotto.com\/fi\/lottotulokset-voittonumerot\/superenalotto\/#primaryimage"},"thumbnailUrl":"https:\/\/content.redfoxlotto.com\/uploads\/sites\/9\/1_results_check_lottery.jpg","datePublished":"2018-11-18T08:54:25+00:00","dateModified":"2026-01-11T10:39:37+00:00","description":"L\u00f6yd\u00e4 uusimmat tulokset ja voittonumerot Superenalottoon t\u00e4\u00e4lt\u00e4 RedFoxLottosta, josta voit my\u00f6s ostaa lippusi.","breadcrumb":{"@id":"https:\/\/redfoxlotto.com\/fi\/lottotulokset-voittonumerot\/superenalotto\/#breadcrumb"},"inLanguage":"fi","potentialAction":[{"@type":"ReadAction","target":["https:\/\/redfoxlotto.com\/fi\/lottotulokset-voittonumerot\/superenalotto\/"]}]},{"@type":"ImageObject","inLanguage":"fi","@id":"https:\/\/redfoxlotto.com\/fi\/lottotulokset-voittonumerot\/superenalotto\/#primaryimage","url":"https:\/\/content.redfoxlotto.com\/uploads\/sites\/9\/1_results_check_lottery.jpg","contentUrl":"https:\/\/content.redfoxlotto.com\/uploads\/sites\/9\/1_results_check_lottery.jpg"},{"@type":"BreadcrumbList","@id":"https:\/\/redfoxlotto.com\/fi\/lottotulokset-voittonumerot\/superenalotto\/#breadcrumb","itemListElement":[{"@type":"ListItem","position":1,"name":"Home","item":"https:\/\/redfoxlotto.com\/fi\/"},{"@type":"ListItem","position":2,"name":"Kansainv\u00e4linen arpajaiset Tulokset","item":"https:\/\/redfoxlotto.com\/fi\/lottotulokset-voittonumerot\/"},{"@type":"ListItem","position":3,"name":"SuperEnaLotto tulokset"}]},{"@type":"WebSite","@id":"https:\/\/redfoxlotto.com\/fi\/#website","url":"https:\/\/redfoxlotto.com\/fi\/","name":"Get Tickets for the World\u2019s largest jackpots","description":"Participate in worldwide lottery jackpots from any country","publisher":{"@id":"https:\/\/redfoxlotto.com\/fi\/#organization"},"potentialAction":[{"@type":"SearchAction","target":{"@type":"EntryPoint","urlTemplate":"https:\/\/redfoxlotto.com\/fi\/?s={search_term_string}"},"query-input":{"@type":"PropertyValueSpecification","valueRequired":true,"valueName":"search_term_string"}}],"inLanguage":"fi"},{"@type":"Organization","@id":"https:\/\/redfoxlotto.com\/fi\/#organization","name":"Get Tickets for the World\u2019s largest jackpots","url":"https:\/\/redfoxlotto.com\/fi\/","logo":{"@type":"ImageObject","inLanguage":"fi","@id":"https:\/\/redfoxlotto.com\/fi\/#\/schema\/logo\/image\/","url":"https:\/\/redfoxlotto.com\/wp-content\/uploads\/2023\/04\/logo.png","contentUrl":"https:\/\/redfoxlotto.com\/wp-content\/uploads\/2023\/04\/logo.png","width":269,"height":53,"caption":"Get Tickets for the World\u2019s largest jackpots"},"image":{"@id":"https:\/\/redfoxlotto.com\/fi\/#\/schema\/logo\/image\/"}}]}},"_links":{"self":[{"href":"https:\/\/redfoxlotto.com\/fi\/wp-json\/wp\/v2\/pages\/30957","targetHints":{"allow":["GET"]}}],"collection":[{"href":"https:\/\/redfoxlotto.com\/fi\/wp-json\/wp\/v2\/pages"}],"about":[{"href":"https:\/\/redfoxlotto.com\/fi\/wp-json\/wp\/v2\/types\/page"}],"author":[{"embeddable":true,"href":"https:\/\/redfoxlotto.com\/fi\/wp-json\/wp\/v2\/users\/1"}],"replies":[{"embeddable":true,"href":"https:\/\/redfoxlotto.com\/fi\/wp-json\/wp\/v2\/comments?post=30957"}],"version-history":[{"count":0,"href":"https:\/\/redfoxlotto.com\/fi\/wp-json\/wp\/v2\/pages\/30957\/revisions"}],"up":[{"embeddable":true,"href":"https:\/\/redfoxlotto.com\/fi\/wp-json\/wp\/v2\/pages\/30931"}],"wp:attachment":[{"href":"https:\/\/redfoxlotto.com\/fi\/wp-json\/wp\/v2\/media?parent=30957"}],"curies":[{"name":"wp","href":"https:\/\/api.w.org\/{rel}","templated":true}]}}