{"id":30956,"date":"2020-08-18T10:31:21","date_gmt":"2020-08-18T10:31:21","guid":{"rendered":"https:\/\/redfoxlotto.com\/?page_id=19762"},"modified":"2022-09-26T12:36:30","modified_gmt":"2022-09-26T12:36:30","slug":"set-for-life-uk","status":"publish","type":"page","link":"https:\/\/redfoxlotto.com\/fi\/lottotulokset-voittonumerot\/set-for-life-uk\/","title":{"rendered":"Set for life -arpajaisten tulokset"},"content":{"rendered":"<h2>&#8221;Set for life&#8221; lottovoittonumerot<\/h2>\n<p>Voittonumerot &#8221;Set for life&#8221; lotossa julkaistaan verkkosivuillamme jokaisen arvonnan j\u00e4lkeen. Kun olet varannut lipun t\u00e4h\u00e4n lottoon sivustollamme, l\u00e4het\u00e4mme sinulle s\u00e4hk\u00f6postia, jos lippusi on voittanut jotain.<\/p>\n<p><img decoding=\"async\" class=\"size-full wp-image alignright\" src=\"https:\/\/content.redfoxlotto.com\/uploads\/sites\/9\/1_results_winning_numbers2.jpg\" alt=\"Set for life tulokset \"><\/p>\n<p>Mutta voit my\u00f6s kirjautua tilillesi ja avata osion, jossa lippusi on tallennettu. Kaikki valitsemasi numerot, jotka vastaavat arvonnan tulosta, merkit\u00e4\u00e4n, joten sinun on melko helppo n\u00e4hd\u00e4, mit\u00e4 olet voittanut.<\/p>\n<h2>&#8221;Set for life&#8221; aiemmat voittonumerot<\/h2>\n<p>Jos haluat n\u00e4hd\u00e4 aiempien arvontojen numerot, voit tehd\u00e4 my\u00f6s sen. Monet asiakkaamme k\u00e4ytt\u00e4v\u00e4t t\u00e4t\u00e4 toimintoa v\u00e4ltt\u00e4\u00e4kseen valitsemasta numeroita, jotka on juuri arvottu viime p\u00e4ivin\u00e4 tai viikkoina.<\/p>\n","protected":false},"excerpt":{"rendered":"<p>&#8221;Set for life&#8221; lottovoittonumerot Voittonumerot &#8221;Set for life&#8221; lotossa julkaistaan verkkosivuillamme jokaisen arvonnan j\u00e4lkeen. Kun olet varannut lipun t\u00e4h\u00e4n lottoon sivustollamme, l\u00e4het\u00e4mme sinulle s\u00e4hk\u00f6postia, jos lippusi on voittanut jotain. Mutta voit my\u00f6s kirjautua tilillesi ja avata osion, jossa lippusi on tallennettu. Kaikki valitsemasi numerot, jotka vastaavat arvonnan tulosta, merkit\u00e4\u00e4n, joten sinun on melko helppo n\u00e4hd\u00e4, [&hellip;]<\/p>\n","protected":false},"author":1,"featured_media":0,"parent":30931,"menu_order":10,"comment_status":"closed","ping_status":"closed","template":"set-for-life-results.php","meta":{"_et_pb_use_builder":"","_et_pb_old_content":"","_et_gb_content_width":"","exclude_from_search":false,"footnotes":""},"class_list":["post-30956","page","type-page","status-publish","hentry"],"yoast_head":"<!-- This site is optimized with the Yoast SEO plugin v27.3 - https:\/\/yoast.com\/product\/yoast-seo-wordpress\/ -->\n<title>Hanki arvonnan tulokset ja voittonumerot Set for life lotto<\/title>\n<meta name=\"description\" content=\"Tarkista arvonnan tulokset Set for life lotossa t\u00e4\u00e4ll\u00e4\" \/>\n<meta name=\"robots\" content=\"index, follow, max-snippet:-1, max-image-preview:large, max-video-preview:-1\" \/>\n<link rel=\"canonical\" href=\"https:\/\/redfoxlotto.com\/fi\/lottotulokset-voittonumerot\/set-for-life-uk\/\" \/>\n<meta property=\"og:locale\" content=\"fi_FI\" \/>\n<meta property=\"og:type\" content=\"article\" \/>\n<meta property=\"og:title\" content=\"Hanki arvonnan tulokset ja voittonumerot Set for life lotto\" \/>\n<meta property=\"og:description\" content=\"Tarkista arvonnan tulokset Set for life lotossa t\u00e4\u00e4ll\u00e4\" \/>\n<meta property=\"og:url\" content=\"https:\/\/redfoxlotto.com\/fi\/lottotulokset-voittonumerot\/set-for-life-uk\/\" \/>\n<meta property=\"og:site_name\" content=\"Get Tickets for the World\u2019s largest jackpots\" \/>\n<meta property=\"article:modified_time\" content=\"2022-09-26T12:36:30+00:00\" \/>\n<meta property=\"og:image\" content=\"https:\/\/content.redfoxlotto.com\/uploads\/sites\/9\/1_results_winning_numbers2.jpg\" \/>\n<meta name=\"twitter:card\" content=\"summary_large_image\" \/>\n<meta name=\"twitter:label1\" content=\"Arvioitu lukuaika\" \/>\n\t<meta name=\"twitter:data1\" content=\"1 minuutti\" \/>\n<script type=\"application\/ld+json\" class=\"yoast-schema-graph\">{\"@context\":\"https:\\\/\\\/schema.org\",\"@graph\":[{\"@type\":\"WebPage\",\"@id\":\"https:\\\/\\\/redfoxlotto.com\\\/fi\\\/lottotulokset-voittonumerot\\\/set-for-life-uk\\\/\",\"url\":\"https:\\\/\\\/redfoxlotto.com\\\/fi\\\/lottotulokset-voittonumerot\\\/set-for-life-uk\\\/\",\"name\":\"Hanki arvonnan tulokset ja voittonumerot Set for life lotto\",\"isPartOf\":{\"@id\":\"https:\\\/\\\/redfoxlotto.com\\\/fi\\\/#website\"},\"primaryImageOfPage\":{\"@id\":\"https:\\\/\\\/redfoxlotto.com\\\/fi\\\/lottotulokset-voittonumerot\\\/set-for-life-uk\\\/#primaryimage\"},\"image\":{\"@id\":\"https:\\\/\\\/redfoxlotto.com\\\/fi\\\/lottotulokset-voittonumerot\\\/set-for-life-uk\\\/#primaryimage\"},\"thumbnailUrl\":\"https:\\\/\\\/content.redfoxlotto.com\\\/uploads\\\/sites\\\/9\\\/1_results_winning_numbers2.jpg\",\"datePublished\":\"2020-08-18T10:31:21+00:00\",\"dateModified\":\"2022-09-26T12:36:30+00:00\",\"description\":\"Tarkista arvonnan tulokset Set for life lotossa t\u00e4\u00e4ll\u00e4\",\"breadcrumb\":{\"@id\":\"https:\\\/\\\/redfoxlotto.com\\\/fi\\\/lottotulokset-voittonumerot\\\/set-for-life-uk\\\/#breadcrumb\"},\"inLanguage\":\"fi\",\"potentialAction\":[{\"@type\":\"ReadAction\",\"target\":[\"https:\\\/\\\/redfoxlotto.com\\\/fi\\\/lottotulokset-voittonumerot\\\/set-for-life-uk\\\/\"]}]},{\"@type\":\"ImageObject\",\"inLanguage\":\"fi\",\"@id\":\"https:\\\/\\\/redfoxlotto.com\\\/fi\\\/lottotulokset-voittonumerot\\\/set-for-life-uk\\\/#primaryimage\",\"url\":\"https:\\\/\\\/content.redfoxlotto.com\\\/uploads\\\/sites\\\/9\\\/1_results_winning_numbers2.jpg\",\"contentUrl\":\"https:\\\/\\\/content.redfoxlotto.com\\\/uploads\\\/sites\\\/9\\\/1_results_winning_numbers2.jpg\"},{\"@type\":\"BreadcrumbList\",\"@id\":\"https:\\\/\\\/redfoxlotto.com\\\/fi\\\/lottotulokset-voittonumerot\\\/set-for-life-uk\\\/#breadcrumb\",\"itemListElement\":[{\"@type\":\"ListItem\",\"position\":1,\"name\":\"Home\",\"item\":\"https:\\\/\\\/redfoxlotto.com\\\/fi\\\/\"},{\"@type\":\"ListItem\",\"position\":2,\"name\":\"Kansainv\u00e4linen arpajaiset Tulokset\",\"item\":\"https:\\\/\\\/redfoxlotto.com\\\/fi\\\/lottotulokset-voittonumerot\\\/\"},{\"@type\":\"ListItem\",\"position\":3,\"name\":\"Set for life -arpajaisten tulokset\"}]},{\"@type\":\"WebSite\",\"@id\":\"https:\\\/\\\/redfoxlotto.com\\\/fi\\\/#website\",\"url\":\"https:\\\/\\\/redfoxlotto.com\\\/fi\\\/\",\"name\":\"Get Tickets for the World\u2019s largest jackpots\",\"description\":\"Participate in worldwide lottery jackpots from any country\",\"publisher\":{\"@id\":\"https:\\\/\\\/redfoxlotto.com\\\/fi\\\/#organization\"},\"potentialAction\":[{\"@type\":\"SearchAction\",\"target\":{\"@type\":\"EntryPoint\",\"urlTemplate\":\"https:\\\/\\\/redfoxlotto.com\\\/fi\\\/?s={search_term_string}\"},\"query-input\":{\"@type\":\"PropertyValueSpecification\",\"valueRequired\":true,\"valueName\":\"search_term_string\"}}],\"inLanguage\":\"fi\"},{\"@type\":\"Organization\",\"@id\":\"https:\\\/\\\/redfoxlotto.com\\\/fi\\\/#organization\",\"name\":\"Get Tickets for the World\u2019s largest jackpots\",\"url\":\"https:\\\/\\\/redfoxlotto.com\\\/fi\\\/\",\"logo\":{\"@type\":\"ImageObject\",\"inLanguage\":\"fi\",\"@id\":\"https:\\\/\\\/redfoxlotto.com\\\/fi\\\/#\\\/schema\\\/logo\\\/image\\\/\",\"url\":\"https:\\\/\\\/redfoxlotto.com\\\/wp-content\\\/uploads\\\/2023\\\/04\\\/logo.png\",\"contentUrl\":\"https:\\\/\\\/redfoxlotto.com\\\/wp-content\\\/uploads\\\/2023\\\/04\\\/logo.png\",\"width\":269,\"height\":53,\"caption\":\"Get Tickets for the World\u2019s largest jackpots\"},\"image\":{\"@id\":\"https:\\\/\\\/redfoxlotto.com\\\/fi\\\/#\\\/schema\\\/logo\\\/image\\\/\"}}]}<\/script>\n<!-- \/ Yoast SEO plugin. -->","yoast_head_json":{"title":"Hanki arvonnan tulokset ja voittonumerot Set for life lotto","description":"Tarkista arvonnan tulokset Set for life lotossa t\u00e4\u00e4ll\u00e4","robots":{"index":"index","follow":"follow","max-snippet":"max-snippet:-1","max-image-preview":"max-image-preview:large","max-video-preview":"max-video-preview:-1"},"canonical":"https:\/\/redfoxlotto.com\/fi\/lottotulokset-voittonumerot\/set-for-life-uk\/","og_locale":"fi_FI","og_type":"article","og_title":"Hanki arvonnan tulokset ja voittonumerot Set for life lotto","og_description":"Tarkista arvonnan tulokset Set for life lotossa t\u00e4\u00e4ll\u00e4","og_url":"https:\/\/redfoxlotto.com\/fi\/lottotulokset-voittonumerot\/set-for-life-uk\/","og_site_name":"Get Tickets for the World\u2019s largest jackpots","article_modified_time":"2022-09-26T12:36:30+00:00","og_image":[{"url":"https:\/\/content.redfoxlotto.com\/uploads\/sites\/9\/1_results_winning_numbers2.jpg","type":"","width":"","height":""}],"twitter_card":"summary_large_image","twitter_misc":{"Arvioitu lukuaika":"1 minuutti"},"schema":{"@context":"https:\/\/schema.org","@graph":[{"@type":"WebPage","@id":"https:\/\/redfoxlotto.com\/fi\/lottotulokset-voittonumerot\/set-for-life-uk\/","url":"https:\/\/redfoxlotto.com\/fi\/lottotulokset-voittonumerot\/set-for-life-uk\/","name":"Hanki arvonnan tulokset ja voittonumerot Set for life lotto","isPartOf":{"@id":"https:\/\/redfoxlotto.com\/fi\/#website"},"primaryImageOfPage":{"@id":"https:\/\/redfoxlotto.com\/fi\/lottotulokset-voittonumerot\/set-for-life-uk\/#primaryimage"},"image":{"@id":"https:\/\/redfoxlotto.com\/fi\/lottotulokset-voittonumerot\/set-for-life-uk\/#primaryimage"},"thumbnailUrl":"https:\/\/content.redfoxlotto.com\/uploads\/sites\/9\/1_results_winning_numbers2.jpg","datePublished":"2020-08-18T10:31:21+00:00","dateModified":"2022-09-26T12:36:30+00:00","description":"Tarkista arvonnan tulokset Set for life lotossa t\u00e4\u00e4ll\u00e4","breadcrumb":{"@id":"https:\/\/redfoxlotto.com\/fi\/lottotulokset-voittonumerot\/set-for-life-uk\/#breadcrumb"},"inLanguage":"fi","potentialAction":[{"@type":"ReadAction","target":["https:\/\/redfoxlotto.com\/fi\/lottotulokset-voittonumerot\/set-for-life-uk\/"]}]},{"@type":"ImageObject","inLanguage":"fi","@id":"https:\/\/redfoxlotto.com\/fi\/lottotulokset-voittonumerot\/set-for-life-uk\/#primaryimage","url":"https:\/\/content.redfoxlotto.com\/uploads\/sites\/9\/1_results_winning_numbers2.jpg","contentUrl":"https:\/\/content.redfoxlotto.com\/uploads\/sites\/9\/1_results_winning_numbers2.jpg"},{"@type":"BreadcrumbList","@id":"https:\/\/redfoxlotto.com\/fi\/lottotulokset-voittonumerot\/set-for-life-uk\/#breadcrumb","itemListElement":[{"@type":"ListItem","position":1,"name":"Home","item":"https:\/\/redfoxlotto.com\/fi\/"},{"@type":"ListItem","position":2,"name":"Kansainv\u00e4linen arpajaiset Tulokset","item":"https:\/\/redfoxlotto.com\/fi\/lottotulokset-voittonumerot\/"},{"@type":"ListItem","position":3,"name":"Set for life -arpajaisten tulokset"}]},{"@type":"WebSite","@id":"https:\/\/redfoxlotto.com\/fi\/#website","url":"https:\/\/redfoxlotto.com\/fi\/","name":"Get Tickets for the World\u2019s largest jackpots","description":"Participate in worldwide lottery jackpots from any country","publisher":{"@id":"https:\/\/redfoxlotto.com\/fi\/#organization"},"potentialAction":[{"@type":"SearchAction","target":{"@type":"EntryPoint","urlTemplate":"https:\/\/redfoxlotto.com\/fi\/?s={search_term_string}"},"query-input":{"@type":"PropertyValueSpecification","valueRequired":true,"valueName":"search_term_string"}}],"inLanguage":"fi"},{"@type":"Organization","@id":"https:\/\/redfoxlotto.com\/fi\/#organization","name":"Get Tickets for the World\u2019s largest jackpots","url":"https:\/\/redfoxlotto.com\/fi\/","logo":{"@type":"ImageObject","inLanguage":"fi","@id":"https:\/\/redfoxlotto.com\/fi\/#\/schema\/logo\/image\/","url":"https:\/\/redfoxlotto.com\/wp-content\/uploads\/2023\/04\/logo.png","contentUrl":"https:\/\/redfoxlotto.com\/wp-content\/uploads\/2023\/04\/logo.png","width":269,"height":53,"caption":"Get Tickets for the World\u2019s largest jackpots"},"image":{"@id":"https:\/\/redfoxlotto.com\/fi\/#\/schema\/logo\/image\/"}}]}},"_links":{"self":[{"href":"https:\/\/redfoxlotto.com\/fi\/wp-json\/wp\/v2\/pages\/30956","targetHints":{"allow":["GET"]}}],"collection":[{"href":"https:\/\/redfoxlotto.com\/fi\/wp-json\/wp\/v2\/pages"}],"about":[{"href":"https:\/\/redfoxlotto.com\/fi\/wp-json\/wp\/v2\/types\/page"}],"author":[{"embeddable":true,"href":"https:\/\/redfoxlotto.com\/fi\/wp-json\/wp\/v2\/users\/1"}],"replies":[{"embeddable":true,"href":"https:\/\/redfoxlotto.com\/fi\/wp-json\/wp\/v2\/comments?post=30956"}],"version-history":[{"count":0,"href":"https:\/\/redfoxlotto.com\/fi\/wp-json\/wp\/v2\/pages\/30956\/revisions"}],"up":[{"embeddable":true,"href":"https:\/\/redfoxlotto.com\/fi\/wp-json\/wp\/v2\/pages\/30931"}],"wp:attachment":[{"href":"https:\/\/redfoxlotto.com\/fi\/wp-json\/wp\/v2\/media?parent=30956"}],"curies":[{"name":"wp","href":"https:\/\/api.w.org\/{rel}","templated":true}]}}