{"id":30955,"date":"2018-11-18T08:54:25","date_gmt":"2018-11-18T08:54:25","guid":{"rendered":"https:\/\/redfoxlotto.com\/?page_id=19760"},"modified":"2023-05-12T16:31:23","modified_gmt":"2023-05-12T16:31:23","slug":"saturday-lotto-au","status":"publish","type":"page","link":"https:\/\/redfoxlotto.com\/fi\/lottotulokset-voittonumerot\/saturday-lotto-au\/","title":{"rendered":"Lauantai Lotto Tulokset"},"content":{"rendered":"<p>Heti kun arvonta on p\u00e4\u00e4ttynyt, lauantailoton tulokset n\u00e4kyv\u00e4t t\u00e4\u00e4ll\u00e4. Tiedot sis\u00e4lt\u00e4v\u00e4t voittonumerot, arvioidun seuraavan j\u00e4ttipotin ja eri palkintotasojen palkintosumman.<\/p>\n<p>Jos haluat n\u00e4hd\u00e4 tietoja aiemmista lauantailoton arvonnoista, voit k\u00e4ytt\u00e4\u00e4 arkistoa napsauttamalla p\u00e4iv\u00e4m\u00e4\u00e4r\u00e4n pudotusvalikkoa. Arkisto n\u00e4ytt\u00e4\u00e4 tiedot kolmelta viime vuodelta.<\/p>\n<h2>Kaikkien muiden lottojen arvotut numerot ja voittotiedot<\/h2>\n<p><img loading=\"lazy\" decoding=\"async\" class=\" wp-image alignright\" src=\"https:\/\/content.redfoxlotto.com\/uploads\/sites\/9\/1_draw_lottery_results.jpg\" alt=\"Lauantailotto\" width=\"224\" height=\"224\"><\/p>\n<p>Saat vierekk\u00e4isen yleiskatsauksen kaikista viimeisimmist\u00e4 lottoarvontatuloksista napsauttamalla ylh\u00e4\u00e4ll\u00e4 olevaa &#8221;Tulokset&#8221;-p\u00e4\u00e4valikkoa. Siit\u00e4 p\u00e4\u00e4set sivulle, jossa on kaikki arpajaiset. Tuolla sivulla n\u00e4et viimeisimm\u00e4t arvotut numerot sek\u00e4 jokaisen yksitt\u00e4isen loton maksettujen rahojen kokonaissumman.<\/p>\n<p>Voit my\u00f6s k\u00e4ytt\u00e4\u00e4 t\u00e4t\u00e4 voittonumeroiden yleiskatsausta saadaksesi ideoita siit\u00e4, mitk\u00e4 numerot kannattaa valita seuraavaan arpajaislippuun (lauantailottoon tai mihin tahansa muuhun lottoon). K\u00e4yt\u00e4 &#8221;kylmi\u00e4&#8221; numeroita (numeroita, jotka eiv\u00e4t n\u00e4y yhdess\u00e4k\u00e4\u00e4n viimeisimm\u00e4ss\u00e4 tuloksessa) tai kuumia numeroita (numeroita, jotka ovat voittaneet useissa lotoissa). Tai voit sekoittaa &#8221;kylmi\u00e4&#8221; ja &#8221;kuumia&#8221; numeroita ja lis\u00e4t\u00e4 joitakin omia onnennumeroitasi!<\/p>\n<h2>Helpoin ja nopein tapa tarkistaa, onko lippusi voittanut.<\/h2>\n<p><img loading=\"lazy\" decoding=\"async\" class=\" wp-image alignright\" src=\"https:\/\/content.redfoxlotto.com\/uploads\/sites\/9\/1_draw_lottery_numbers.jpg\" alt=\"voittonumerot\" width=\"236\" height=\"167\"><\/p>\n<p>Voit verrata voittonumeroita arpajaislippuusi valitsemiisi numeroihin my\u00f6s klikkaamalla oikean yl\u00e4kulman valikosta &#8221;Oma tili\/lippuni&#8221;. T\u00e4ll\u00e4 alueella n\u00e4et kaikki aiemmat ja aktiiviset liput. Yhdess\u00e4 sarakkeessa n\u00e4et heti, onko jokin lippusi voittanut, sek\u00e4 voiton m\u00e4\u00e4r\u00e4n.<\/p>\n<p>Napsauta mink\u00e4 tahansa lipun suurennuslasisymbolia (oikealla puolella), niin n\u00e4et arvonnan tulokset ja numerosi vierekk\u00e4in. Lis\u00e4ksi kaikki arvontaan sopivat numerot lippusi numerot korostuvat k\u00e4tev\u00e4sti.<\/p>\n","protected":false},"excerpt":{"rendered":"<p>Heti kun arvonta on p\u00e4\u00e4ttynyt, lauantailoton tulokset n\u00e4kyv\u00e4t t\u00e4\u00e4ll\u00e4. Tiedot sis\u00e4lt\u00e4v\u00e4t voittonumerot, arvioidun seuraavan j\u00e4ttipotin ja eri palkintotasojen palkintosumman. Jos haluat n\u00e4hd\u00e4 tietoja aiemmista lauantailoton arvonnoista, voit k\u00e4ytt\u00e4\u00e4 arkistoa napsauttamalla p\u00e4iv\u00e4m\u00e4\u00e4r\u00e4n pudotusvalikkoa. Arkisto n\u00e4ytt\u00e4\u00e4 tiedot kolmelta viime vuodelta. Kaikkien muiden lottojen arvotut numerot ja voittotiedot Saat vierekk\u00e4isen yleiskatsauksen kaikista viimeisimmist\u00e4 lottoarvontatuloksista napsauttamalla ylh\u00e4\u00e4ll\u00e4 olevaa &#8221;Tulokset&#8221;-p\u00e4\u00e4valikkoa. [&hellip;]<\/p>\n","protected":false},"author":1,"featured_media":0,"parent":30931,"menu_order":22,"comment_status":"closed","ping_status":"closed","template":"saturday-lotto-results.php","meta":{"_et_pb_use_builder":"","_et_pb_old_content":"","_et_gb_content_width":"","exclude_from_search":false,"footnotes":""},"class_list":["post-30955","page","type-page","status-publish","hentry"],"yoast_head":"<!-- This site is optimized with the Yoast SEO plugin v23.8 - https:\/\/yoast.com\/wordpress\/plugins\/seo\/ -->\n<title>Lauantai Lotto voittonumerot ja tulokset<\/title>\n<meta name=\"description\" content=\"T\u00e4ss\u00e4 ovat voittonumerot ja tulokset lauantaina lotto\" \/>\n<meta name=\"robots\" content=\"index, follow, max-snippet:-1, max-image-preview:large, max-video-preview:-1\" \/>\n<link rel=\"canonical\" href=\"https:\/\/redfoxlotto.com\/fi\/lottotulokset-voittonumerot\/saturday-lotto-au\/\" \/>\n<meta property=\"og:locale\" content=\"fi_FI\" \/>\n<meta property=\"og:type\" content=\"article\" \/>\n<meta property=\"og:title\" content=\"Lauantai Lotto voittonumerot ja tulokset\" \/>\n<meta property=\"og:description\" content=\"T\u00e4ss\u00e4 ovat voittonumerot ja tulokset lauantaina lotto\" \/>\n<meta property=\"og:url\" content=\"https:\/\/redfoxlotto.com\/fi\/lottotulokset-voittonumerot\/saturday-lotto-au\/\" \/>\n<meta property=\"og:site_name\" content=\"Get Tickets for the World\u2019s largest jackpots\" \/>\n<meta property=\"article:modified_time\" content=\"2023-05-12T16:31:23+00:00\" \/>\n<meta property=\"og:image\" content=\"https:\/\/content.redfoxlotto.com\/uploads\/sites\/9\/1_draw_lottery_results.jpg\" \/>\n<meta name=\"twitter:card\" content=\"summary_large_image\" \/>\n<meta name=\"twitter:label1\" content=\"Arvioitu lukuaika\" \/>\n\t<meta name=\"twitter:data1\" content=\"2 minuuttia\" \/>\n<script type=\"application\/ld+json\" class=\"yoast-schema-graph\">{\"@context\":\"https:\/\/schema.org\",\"@graph\":[{\"@type\":\"WebPage\",\"@id\":\"https:\/\/redfoxlotto.com\/fi\/lottotulokset-voittonumerot\/saturday-lotto-au\/\",\"url\":\"https:\/\/redfoxlotto.com\/fi\/lottotulokset-voittonumerot\/saturday-lotto-au\/\",\"name\":\"Lauantai Lotto voittonumerot ja tulokset\",\"isPartOf\":{\"@id\":\"https:\/\/redfoxlotto.com\/fi\/#website\"},\"primaryImageOfPage\":{\"@id\":\"https:\/\/redfoxlotto.com\/fi\/lottotulokset-voittonumerot\/saturday-lotto-au\/#primaryimage\"},\"image\":{\"@id\":\"https:\/\/redfoxlotto.com\/fi\/lottotulokset-voittonumerot\/saturday-lotto-au\/#primaryimage\"},\"thumbnailUrl\":\"https:\/\/content.redfoxlotto.com\/uploads\/sites\/9\/1_draw_lottery_results.jpg\",\"datePublished\":\"2018-11-18T08:54:25+00:00\",\"dateModified\":\"2023-05-12T16:31:23+00:00\",\"description\":\"T\u00e4ss\u00e4 ovat voittonumerot ja tulokset lauantaina lotto\",\"breadcrumb\":{\"@id\":\"https:\/\/redfoxlotto.com\/fi\/lottotulokset-voittonumerot\/saturday-lotto-au\/#breadcrumb\"},\"inLanguage\":\"fi\",\"potentialAction\":[{\"@type\":\"ReadAction\",\"target\":[\"https:\/\/redfoxlotto.com\/fi\/lottotulokset-voittonumerot\/saturday-lotto-au\/\"]}]},{\"@type\":\"ImageObject\",\"inLanguage\":\"fi\",\"@id\":\"https:\/\/redfoxlotto.com\/fi\/lottotulokset-voittonumerot\/saturday-lotto-au\/#primaryimage\",\"url\":\"https:\/\/content.redfoxlotto.com\/uploads\/sites\/9\/1_draw_lottery_results.jpg\",\"contentUrl\":\"https:\/\/content.redfoxlotto.com\/uploads\/sites\/9\/1_draw_lottery_results.jpg\"},{\"@type\":\"BreadcrumbList\",\"@id\":\"https:\/\/redfoxlotto.com\/fi\/lottotulokset-voittonumerot\/saturday-lotto-au\/#breadcrumb\",\"itemListElement\":[{\"@type\":\"ListItem\",\"position\":1,\"name\":\"Home\",\"item\":\"https:\/\/redfoxlotto.com\/fi\/\"},{\"@type\":\"ListItem\",\"position\":2,\"name\":\"Kansainv\u00e4linen arpajaiset Tulokset\",\"item\":\"https:\/\/redfoxlotto.com\/fi\/lottotulokset-voittonumerot\/\"},{\"@type\":\"ListItem\",\"position\":3,\"name\":\"Lauantai Lotto Tulokset\"}]},{\"@type\":\"WebSite\",\"@id\":\"https:\/\/redfoxlotto.com\/fi\/#website\",\"url\":\"https:\/\/redfoxlotto.com\/fi\/\",\"name\":\"Get Tickets for the World\u2019s largest jackpots\",\"description\":\"Participate in worldwide lottery jackpots from any country\",\"publisher\":{\"@id\":\"https:\/\/redfoxlotto.com\/fi\/#organization\"},\"potentialAction\":[{\"@type\":\"SearchAction\",\"target\":{\"@type\":\"EntryPoint\",\"urlTemplate\":\"https:\/\/redfoxlotto.com\/fi\/?s={search_term_string}\"},\"query-input\":{\"@type\":\"PropertyValueSpecification\",\"valueRequired\":true,\"valueName\":\"search_term_string\"}}],\"inLanguage\":\"fi\"},{\"@type\":\"Organization\",\"@id\":\"https:\/\/redfoxlotto.com\/fi\/#organization\",\"name\":\"Get Tickets for the World\u2019s largest jackpots\",\"url\":\"https:\/\/redfoxlotto.com\/fi\/\",\"logo\":{\"@type\":\"ImageObject\",\"inLanguage\":\"fi\",\"@id\":\"https:\/\/redfoxlotto.com\/fi\/#\/schema\/logo\/image\/\",\"url\":\"https:\/\/redfoxlotto.com\/wp-content\/uploads\/2023\/04\/logo.png\",\"contentUrl\":\"https:\/\/redfoxlotto.com\/wp-content\/uploads\/2023\/04\/logo.png\",\"width\":269,\"height\":53,\"caption\":\"Get Tickets for the World\u2019s largest jackpots\"},\"image\":{\"@id\":\"https:\/\/redfoxlotto.com\/fi\/#\/schema\/logo\/image\/\"}}]}<\/script>\n<!-- \/ Yoast SEO plugin. -->","yoast_head_json":{"title":"Lauantai Lotto voittonumerot ja tulokset","description":"T\u00e4ss\u00e4 ovat voittonumerot ja tulokset lauantaina lotto","robots":{"index":"index","follow":"follow","max-snippet":"max-snippet:-1","max-image-preview":"max-image-preview:large","max-video-preview":"max-video-preview:-1"},"canonical":"https:\/\/redfoxlotto.com\/fi\/lottotulokset-voittonumerot\/saturday-lotto-au\/","og_locale":"fi_FI","og_type":"article","og_title":"Lauantai Lotto voittonumerot ja tulokset","og_description":"T\u00e4ss\u00e4 ovat voittonumerot ja tulokset lauantaina lotto","og_url":"https:\/\/redfoxlotto.com\/fi\/lottotulokset-voittonumerot\/saturday-lotto-au\/","og_site_name":"Get Tickets for the World\u2019s largest jackpots","article_modified_time":"2023-05-12T16:31:23+00:00","og_image":[{"url":"https:\/\/content.redfoxlotto.com\/uploads\/sites\/9\/1_draw_lottery_results.jpg"}],"twitter_card":"summary_large_image","twitter_misc":{"Arvioitu lukuaika":"2 minuuttia"},"schema":{"@context":"https:\/\/schema.org","@graph":[{"@type":"WebPage","@id":"https:\/\/redfoxlotto.com\/fi\/lottotulokset-voittonumerot\/saturday-lotto-au\/","url":"https:\/\/redfoxlotto.com\/fi\/lottotulokset-voittonumerot\/saturday-lotto-au\/","name":"Lauantai Lotto voittonumerot ja tulokset","isPartOf":{"@id":"https:\/\/redfoxlotto.com\/fi\/#website"},"primaryImageOfPage":{"@id":"https:\/\/redfoxlotto.com\/fi\/lottotulokset-voittonumerot\/saturday-lotto-au\/#primaryimage"},"image":{"@id":"https:\/\/redfoxlotto.com\/fi\/lottotulokset-voittonumerot\/saturday-lotto-au\/#primaryimage"},"thumbnailUrl":"https:\/\/content.redfoxlotto.com\/uploads\/sites\/9\/1_draw_lottery_results.jpg","datePublished":"2018-11-18T08:54:25+00:00","dateModified":"2023-05-12T16:31:23+00:00","description":"T\u00e4ss\u00e4 ovat voittonumerot ja tulokset lauantaina lotto","breadcrumb":{"@id":"https:\/\/redfoxlotto.com\/fi\/lottotulokset-voittonumerot\/saturday-lotto-au\/#breadcrumb"},"inLanguage":"fi","potentialAction":[{"@type":"ReadAction","target":["https:\/\/redfoxlotto.com\/fi\/lottotulokset-voittonumerot\/saturday-lotto-au\/"]}]},{"@type":"ImageObject","inLanguage":"fi","@id":"https:\/\/redfoxlotto.com\/fi\/lottotulokset-voittonumerot\/saturday-lotto-au\/#primaryimage","url":"https:\/\/content.redfoxlotto.com\/uploads\/sites\/9\/1_draw_lottery_results.jpg","contentUrl":"https:\/\/content.redfoxlotto.com\/uploads\/sites\/9\/1_draw_lottery_results.jpg"},{"@type":"BreadcrumbList","@id":"https:\/\/redfoxlotto.com\/fi\/lottotulokset-voittonumerot\/saturday-lotto-au\/#breadcrumb","itemListElement":[{"@type":"ListItem","position":1,"name":"Home","item":"https:\/\/redfoxlotto.com\/fi\/"},{"@type":"ListItem","position":2,"name":"Kansainv\u00e4linen arpajaiset Tulokset","item":"https:\/\/redfoxlotto.com\/fi\/lottotulokset-voittonumerot\/"},{"@type":"ListItem","position":3,"name":"Lauantai Lotto Tulokset"}]},{"@type":"WebSite","@id":"https:\/\/redfoxlotto.com\/fi\/#website","url":"https:\/\/redfoxlotto.com\/fi\/","name":"Get Tickets for the World\u2019s largest jackpots","description":"Participate in worldwide lottery jackpots from any country","publisher":{"@id":"https:\/\/redfoxlotto.com\/fi\/#organization"},"potentialAction":[{"@type":"SearchAction","target":{"@type":"EntryPoint","urlTemplate":"https:\/\/redfoxlotto.com\/fi\/?s={search_term_string}"},"query-input":{"@type":"PropertyValueSpecification","valueRequired":true,"valueName":"search_term_string"}}],"inLanguage":"fi"},{"@type":"Organization","@id":"https:\/\/redfoxlotto.com\/fi\/#organization","name":"Get Tickets for the World\u2019s largest jackpots","url":"https:\/\/redfoxlotto.com\/fi\/","logo":{"@type":"ImageObject","inLanguage":"fi","@id":"https:\/\/redfoxlotto.com\/fi\/#\/schema\/logo\/image\/","url":"https:\/\/redfoxlotto.com\/wp-content\/uploads\/2023\/04\/logo.png","contentUrl":"https:\/\/redfoxlotto.com\/wp-content\/uploads\/2023\/04\/logo.png","width":269,"height":53,"caption":"Get Tickets for the World\u2019s largest jackpots"},"image":{"@id":"https:\/\/redfoxlotto.com\/fi\/#\/schema\/logo\/image\/"}}]}},"_links":{"self":[{"href":"https:\/\/redfoxlotto.com\/fi\/wp-json\/wp\/v2\/pages\/30955","targetHints":{"allow":["GET"]}}],"collection":[{"href":"https:\/\/redfoxlotto.com\/fi\/wp-json\/wp\/v2\/pages"}],"about":[{"href":"https:\/\/redfoxlotto.com\/fi\/wp-json\/wp\/v2\/types\/page"}],"author":[{"embeddable":true,"href":"https:\/\/redfoxlotto.com\/fi\/wp-json\/wp\/v2\/users\/1"}],"replies":[{"embeddable":true,"href":"https:\/\/redfoxlotto.com\/fi\/wp-json\/wp\/v2\/comments?post=30955"}],"version-history":[{"count":0,"href":"https:\/\/redfoxlotto.com\/fi\/wp-json\/wp\/v2\/pages\/30955\/revisions"}],"up":[{"embeddable":true,"href":"https:\/\/redfoxlotto.com\/fi\/wp-json\/wp\/v2\/pages\/30931"}],"wp:attachment":[{"href":"https:\/\/redfoxlotto.com\/fi\/wp-json\/wp\/v2\/media?parent=30955"}],"curies":[{"name":"wp","href":"https:\/\/api.w.org\/{rel}","templated":true}]}}