{"id":30953,"date":"2018-11-18T08:54:25","date_gmt":"2018-11-18T08:54:25","guid":{"rendered":"https:\/\/redfoxlotto.com\/?page_id=19756"},"modified":"2025-12-17T12:13:03","modified_gmt":"2025-12-17T12:13:03","slug":"powerball","status":"publish","type":"page","link":"https:\/\/redfoxlotto.com\/fi\/lottotulokset-voittonumerot\/powerball\/","title":{"rendered":"Powerball tulokset"},"content":{"rendered":"<p><script type=\"application\/ld+json\">\n{\n  \"@context\": \"https:\/\/schema.org\",\n  \"@type\": \"Service\",\n  \"name\": \"Tarkista Powerball-arvonnan tulokset verkossa\",\n  \"url\": \"https:\/\/redfoxlotto.com\/fi\/lottotulokset-voittonumerot\/powerball\/\",\n  \"description\": \"Vieraile RedFoxLotto-sivustolla tarkistaaksesi uusimmat Powerball-tulokset ja lotton tulosarkiston.\",\n  \"serviceType\": \"Maailmanlaajuinen lotton tulosarkisto\",\n  \"provider\": {\n    \"@type\": \"Organization\",\n    \"name\": \"RedFoxLotto\",\n    \"url\": \"https:\/\/redfoxlotto.com\/fi\/lottotulokset-voittonumerot\/powerball\/\",\n    \"image\": \"https:\/\/redfoxlotto.com\/wp-content\/uploads\/2025\/12\/ticket_scans.jpg\",\n    \"sameAs\": []\n  },\n  \"areaServed\": \"Worldwide\",\n  \"termsOfService\": \"https:\/\/redfoxlotto.com\/terms-and-conditions\",\n  \"additionalProperty\": {\n    \"@type\": \"PropertyValue\",\n    \"name\": \"FAQ\",\n    \"value\": \"https:\/\/redfoxlotto.com\/fi\/faq\/\"\n  },\n  \"hasOfferCatalog\": {\n    \"@type\": \"OfferCatalog\",\n    \"name\": \"Powerball-tulokset\",\n    \"itemListElement\": [\n      {\n        \"@type\": \"Offer\",\n        \"name\": \"Powerball-tulokset\",\n        \"url\": \"https:\/\/redfoxlotto.com\/fi\/lottotulokset-voittonumerot\/powerball\/\",\n        \"description\": \"L\u00f6yd\u00e4 uusimmat ja historialliset Powerball-tulokset ja muut t\u00e4rkeimm\u00e4t lotot\",\n        \"itemOffered\": {\n          \"@type\": \"Service\",\n          \"name\": \"Powerball-tulokset\",\n          \"description\": \"Powerball-arvottujen numeroiden tulokset verkossa, uusimmat ja vanhemmat.\"\n        }\n      }\n    ]\n  },\n  \"mainEntityOfPage\": {\n    \"@type\": \"WebPage\",\n    \"@id\": \"https:\/\/redfoxlotto.com\/fi\/lottotulokset-voittonumerot\/powerball\/\"\n  }\n}\n<\/script><\/p>\n<h2>Mist\u00e4 l\u00f6yd\u00e4t Powerballin voittonumerot<\/h2>\n<p>Oletko koskaan halunnut tarkistaa numerot, jotka voittavat joissakin suurimmista lottopeleist\u00e4? Ehk\u00e4 olet yritt\u00e4nyt etsi\u00e4 aiempien pelien voittonumeroita, mutta et vain l\u00f6yd\u00e4 niit\u00e4. Ehk\u00e4 etsit, jotta voisit hankkia Powerball-lippuja, joissa on joitakin n\u00e4ist\u00e4 suosituimmista numeroista, tai olet vain utelias tyyppi, joka haluaa tiet\u00e4\u00e4. No, sivustollamme luetellaan kaikki Powerball-tulokset ja voittonumerot t\u00e4lt\u00e4 viikolta ja aiemmilta arvonnoilta.<br \/>\n<img loading=\"lazy\" decoding=\"async\" class=\" wp-image alignright\" src=\"https:\/\/content.redfoxlotto.com\/uploads\/sites\/9\/1_results_powerball.jpg\" alt=\"Arpajaisten tulokset\" width=\"256\" height=\"191\"><br \/>\nEmme tietenk\u00e4\u00e4n kerro kaikkea muustakin kuin Powerballista. T\u00e4\u00e4lt\u00e4 voit tarkistaa maailman suosituimpien lottopelien tulokset. Mutta kun kyse on Powerballista, ymm\u00e4rr\u00e4mme ehdottomasti, miksi olet kiinnostunut. Jokainen, jolla on kaikki vaaditut numerot kupongissaan, on multimiljon\u00e4\u00e4ri. Voit my\u00f6s katsoa arkistostamme aiempien arvontojen voittonumerot.<\/p>\n<h2>Powerball Jackpot<\/h2>\n<p>Powerballin j\u00e4ttipotti alkaa v\u00e4hint\u00e4\u00e4n 40 000 000 dollarista. Mutta t\u00e4h\u00e4nastinen enn\u00e4tys on uskomaton 1 500 000 000 dollaria eli 1,5 miljardia dollaria! T\u00e4llaista summaa voi tuskin kuvitella, mutta joku todella voitti sen! Jopa tuo pieni 40 000 000 dollarin j\u00e4ttipotti tuntuu hullulta summalta, eik\u00f6 totta? Mutta ihmiset eiv\u00e4t yleens\u00e4 voita edes tuollaista summaa.<\/p>\n<p>Itse asiassa on harvinaista, ett\u00e4 joku voittaisi Powerballin minimij\u00e4ttipotin. Useimmissa tapauksissa se nousee ainakin hieman ja monissa tapauksissa paljon. Vaikka voitto ei nouse kovin usein yli miljardiin dollariin, ei ole harvinaista, ett\u00e4 se nousee todella l\u00e4helle.<\/p>\n<h2>Powerball-palkinnot ja Powerball-voittajat<\/h2>\n<p><img decoding=\"async\" class=\"size-full wp-image alignright\" src=\"https:\/\/content.redfoxlotto.com\/uploads\/sites\/9\/1_winning_numbers_powerball.jpg\" alt=\"Powerball-loton voittaja\"><\/p>\n<p>Powerballissa on yhdeks\u00e4n voittotasoa. Sadattuhannet pelaajat voittavat jokaisessa arvonnassa. Yll\u00e4 olevasta taulukosta n\u00e4et my\u00f6s voitetut summat. Itse asiassa voit itse asiassa voittaa Powerballin vain yhdell\u00e4 ainoalla osuneella numerolla, kunhan osunut numero on niin sanottu &#8221;Powerball&#8221;.<\/p>\n<p>Jos osuu v\u00e4hint\u00e4\u00e4n kahteen muuhun numeroon, voit voittaa my\u00f6s palkinnon. Sinulla on siis paljon mahdollisuuksia tehd\u00e4 suuri tai jopa pieni voitto. T\u00e4m\u00e4 on ehdottomasti peli, jonka haluat tarkistaa, eik\u00f6 niin?<\/p>\n<h2>Powerballin eniten arvotut numerot<\/h2>\n<p>Mik\u00e4 on sinun strategiasi numeroita valitessasi? Jotkut pelaajat k\u00e4ytt\u00e4v\u00e4t aina samoja henkil\u00f6kohtaisia numeroita, toiset taas k\u00e4ytt\u00e4v\u00e4t v\u00e4hiten tai useimmin arvottuja numeroita lippuunsa. Ehk\u00e4 sinulla on t\u00e4ysin erilainen j\u00e4rjestelm\u00e4, mutta haluat silti tiet\u00e4\u00e4 numeroista hieman enemm\u00e4n, ennen kuin teet oman valintasi.<\/p>\n<p>No, prosessi on superhelppo, ja meill\u00e4 on etsim\u00e4si numerot. Sivuiltamme l\u00f6ytyvien voittonumeroiden ja aiempien tulosten lis\u00e4ksi meill\u00e4 on my\u00f6s tietoa siit\u00e4, mit\u00e4 numeroita arvotaan ja mit\u00e4 ei arvota.<\/p>\n<p>Powerballin kuumimmat numerot ovat 8, 26, 22, 23 ja 36. Harvimmin arvotut numerot ovat 15, 51, 37, 47, 12, 4 ja 24.<\/p>\n<h2>Lipun hankkiminen<\/h2>\n<p>Jos etsit Powerball-tuloksia ja voittonumeroita, etsit luultavasti my\u00f6s tapoja, joilla voit itse asiassa pelata peli\u00e4, eik\u00f6 niin? Haluat tiet\u00e4\u00e4, mit\u00e4 tarvitaan, jotta p\u00e4\u00e4set mukaan toimintaan. No, onneksi se ei vaadi paljon. Me voimme hankkia sinulle etsim\u00e4si liput hetkess\u00e4. Sinun tarvitsee vain kertoa meille, mit\u00e4 haluat, ja me hoidamme loput puolestasi.<\/p>\n<p>Prosessimme lippujen hankkimiseksi kest\u00e4\u00e4 vain muutaman yksinkertaisen vaiheen. Ensimm\u00e4iseksi sinun on p\u00e4\u00e4tett\u00e4v\u00e4, mit\u00e4 peli\u00e4 haluat pelata. Jos olet p\u00e4\u00e4tt\u00e4nyt pelata Powerballia, ensimm\u00e4inen vaihe on jo tehty. Jos et ole varma, voit tutustua peliin tarkemmin verkkosivuillamme, n\u00e4hd\u00e4 senhetkisen j\u00e4ttipotin ja tarkistaa kaikki muutkin tarjolla olevat pelimme. N\u00e4in voit varmistaa, ett\u00e4 pelaat ehdottomasti parhaita vaihtoehtoja.<\/p>\n<p>Seuraavaksi valitset numerot lippuusi. Sinun ei tarvitse valita numeroita, jos et halua. Kuten aiemmin mainitsimme, voit valita pikavalinnan tai jonkin pikavalinnan ja tiettyjen numeroiden yhdistelm\u00e4n. Voit my\u00f6s valita haluamasi tietyn m\u00e4\u00e4r\u00e4n lippuja ja valita numerot mahdollisille lis\u00e4lipuille.<\/p>\n<p>J\u00e4rjestelm\u00e4mme jopa ilmoittaa sinulle, jos sinun on valittava enemm\u00e4n tai v\u00e4hemm\u00e4n numeroita lippuusi, jotta voit varmistaa, ett\u00e4 sinulla on kelvollinen lippu.<\/p>\n<p>T\u00e4m\u00e4n j\u00e4lkeen luot tilin, jos sinulla ei viel\u00e4 ole sellaista, ja m\u00e4\u00e4rit\u00e4t maksutilisi. Voit my\u00f6s valita, minne haluat saada voitot, jos voitat jotain. Lis\u00e4ksi voit valita, kuinka monta arvontakierrosta haluat, ett\u00e4 lippusi on voimassa. Lopuksi klikkaat painiketta ostaaksesi lippusi, ja me hoidamme loput prosessista puolestasi.<\/p>\n<h2>Maksun saaminen<\/h2>\n<p>Mit\u00e4 tapahtuu sen j\u00e4lkeen, kun olet tarkistanut tulokset ja todennut, ett\u00e4 olet todella voittanut jotain? No, jos voitat pienen summan, rahat talletetaan v\u00e4litt\u00f6m\u00e4sti pelitilillesi. Jos voitat suuren summan, l\u00e4het\u00e4mme tukitiimimme ottamaan sinuun yhteytt\u00e4 selvitt\u00e4\u00e4ksemme, miten haluat vastaanottaa maksun. Ja jos voitat j\u00e4ttipotin &#8230; no, sinun t\u00e4ytyy matkustaa Yhdysvaltoihin lunastaaksesi j\u00e4ttipotin, koska he haluavat tehd\u00e4 siit\u00e4 suuren show&#8217;n.<\/p>\n<p>Jos kuitenkin voitat miljoonia tai yli miljardi dollaria, matkustat luultavasti enemm\u00e4n kuin mielell\u00e4si maahan, joka antaa sen sinulle, eik\u00f6 niin? Juuri siksi on hyv\u00e4 tiet\u00e4\u00e4 Powerball-tulokset ja voittonumerot ja pit\u00e4\u00e4 silm\u00e4ll\u00e4, mit\u00e4 on tapahtunut. Voit varmistaa, ett\u00e4 saat numerot heti. Mutta \u00e4l\u00e4 huoli, jos numerosi voittavat, kerromme sinulle ensimm\u00e4isen\u00e4 siit\u00e4 ja kerromme sinulle, mit\u00e4 sinun pit\u00e4\u00e4 tehd\u00e4 seuraavaksi<\/p>\n","protected":false},"excerpt":{"rendered":"<p>Mist\u00e4 l\u00f6yd\u00e4t Powerballin voittonumerot Oletko koskaan halunnut tarkistaa numerot, jotka voittavat joissakin suurimmista lottopeleist\u00e4? Ehk\u00e4 olet yritt\u00e4nyt etsi\u00e4 aiempien pelien voittonumeroita, mutta et vain l\u00f6yd\u00e4 niit\u00e4. Ehk\u00e4 etsit, jotta voisit hankkia Powerball-lippuja, joissa on joitakin n\u00e4ist\u00e4 suosituimmista numeroista, tai olet vain utelias tyyppi, joka haluaa tiet\u00e4\u00e4. No, sivustollamme luetellaan kaikki Powerball-tulokset ja voittonumerot t\u00e4lt\u00e4 viikolta [&hellip;]<\/p>\n","protected":false},"author":1,"featured_media":0,"parent":30931,"menu_order":1,"comment_status":"closed","ping_status":"closed","template":"powerball-usa-results.php","meta":{"_et_pb_use_builder":"","_et_pb_old_content":"","_et_gb_content_width":"","exclude_from_search":false,"footnotes":""},"class_list":["post-30953","page","type-page","status-publish","hentry"],"yoast_head":"<!-- This site is optimized with the Yoast SEO plugin v23.8 - https:\/\/yoast.com\/wordpress\/plugins\/seo\/ -->\n<title>Powerball lottotulokset ja voittonumerot<\/title>\n<meta name=\"description\" content=\"Katso uusimmat Powerball Lotto -tulokset t\u00e4\u00e4lt\u00e4, mukaan lukien aiempien arvontojen arkisto.\" \/>\n<meta name=\"robots\" content=\"index, follow, max-snippet:-1, max-image-preview:large, max-video-preview:-1\" \/>\n<link rel=\"canonical\" href=\"https:\/\/redfoxlotto.com\/fi\/lottotulokset-voittonumerot\/powerball\/\" \/>\n<meta property=\"og:locale\" content=\"fi_FI\" \/>\n<meta property=\"og:type\" content=\"article\" \/>\n<meta property=\"og:title\" content=\"Powerball lottotulokset ja voittonumerot\" \/>\n<meta property=\"og:description\" content=\"Katso uusimmat Powerball Lotto -tulokset t\u00e4\u00e4lt\u00e4, mukaan lukien aiempien arvontojen arkisto.\" \/>\n<meta property=\"og:url\" content=\"https:\/\/redfoxlotto.com\/fi\/lottotulokset-voittonumerot\/powerball\/\" \/>\n<meta property=\"og:site_name\" content=\"Get Tickets for the World\u2019s largest jackpots\" \/>\n<meta property=\"article:modified_time\" content=\"2025-12-17T12:13:03+00:00\" \/>\n<meta property=\"og:image\" content=\"https:\/\/content.redfoxlotto.com\/uploads\/sites\/9\/1_results_powerball.jpg\" \/>\n<meta name=\"twitter:card\" content=\"summary_large_image\" \/>\n<meta name=\"twitter:label1\" content=\"Arvioitu lukuaika\" \/>\n\t<meta name=\"twitter:data1\" content=\"4 minuuttia\" \/>\n<script type=\"application\/ld+json\" class=\"yoast-schema-graph\">{\"@context\":\"https:\/\/schema.org\",\"@graph\":[{\"@type\":\"WebPage\",\"@id\":\"https:\/\/redfoxlotto.com\/fi\/lottotulokset-voittonumerot\/powerball\/\",\"url\":\"https:\/\/redfoxlotto.com\/fi\/lottotulokset-voittonumerot\/powerball\/\",\"name\":\"Powerball lottotulokset ja voittonumerot\",\"isPartOf\":{\"@id\":\"https:\/\/redfoxlotto.com\/fi\/#website\"},\"primaryImageOfPage\":{\"@id\":\"https:\/\/redfoxlotto.com\/fi\/lottotulokset-voittonumerot\/powerball\/#primaryimage\"},\"image\":{\"@id\":\"https:\/\/redfoxlotto.com\/fi\/lottotulokset-voittonumerot\/powerball\/#primaryimage\"},\"thumbnailUrl\":\"https:\/\/content.redfoxlotto.com\/uploads\/sites\/9\/1_results_powerball.jpg\",\"datePublished\":\"2018-11-18T08:54:25+00:00\",\"dateModified\":\"2025-12-17T12:13:03+00:00\",\"description\":\"Katso uusimmat Powerball Lotto -tulokset t\u00e4\u00e4lt\u00e4, mukaan lukien aiempien arvontojen arkisto.\",\"breadcrumb\":{\"@id\":\"https:\/\/redfoxlotto.com\/fi\/lottotulokset-voittonumerot\/powerball\/#breadcrumb\"},\"inLanguage\":\"fi\",\"potentialAction\":[{\"@type\":\"ReadAction\",\"target\":[\"https:\/\/redfoxlotto.com\/fi\/lottotulokset-voittonumerot\/powerball\/\"]}]},{\"@type\":\"ImageObject\",\"inLanguage\":\"fi\",\"@id\":\"https:\/\/redfoxlotto.com\/fi\/lottotulokset-voittonumerot\/powerball\/#primaryimage\",\"url\":\"https:\/\/content.redfoxlotto.com\/uploads\/sites\/9\/1_results_powerball.jpg\",\"contentUrl\":\"https:\/\/content.redfoxlotto.com\/uploads\/sites\/9\/1_results_powerball.jpg\"},{\"@type\":\"BreadcrumbList\",\"@id\":\"https:\/\/redfoxlotto.com\/fi\/lottotulokset-voittonumerot\/powerball\/#breadcrumb\",\"itemListElement\":[{\"@type\":\"ListItem\",\"position\":1,\"name\":\"Home\",\"item\":\"https:\/\/redfoxlotto.com\/fi\/\"},{\"@type\":\"ListItem\",\"position\":2,\"name\":\"Kansainv\u00e4linen arpajaiset Tulokset\",\"item\":\"https:\/\/redfoxlotto.com\/fi\/lottotulokset-voittonumerot\/\"},{\"@type\":\"ListItem\",\"position\":3,\"name\":\"Powerball tulokset\"}]},{\"@type\":\"WebSite\",\"@id\":\"https:\/\/redfoxlotto.com\/fi\/#website\",\"url\":\"https:\/\/redfoxlotto.com\/fi\/\",\"name\":\"Get Tickets for the World\u2019s largest jackpots\",\"description\":\"Participate in worldwide lottery jackpots from any country\",\"publisher\":{\"@id\":\"https:\/\/redfoxlotto.com\/fi\/#organization\"},\"potentialAction\":[{\"@type\":\"SearchAction\",\"target\":{\"@type\":\"EntryPoint\",\"urlTemplate\":\"https:\/\/redfoxlotto.com\/fi\/?s={search_term_string}\"},\"query-input\":{\"@type\":\"PropertyValueSpecification\",\"valueRequired\":true,\"valueName\":\"search_term_string\"}}],\"inLanguage\":\"fi\"},{\"@type\":\"Organization\",\"@id\":\"https:\/\/redfoxlotto.com\/fi\/#organization\",\"name\":\"Get Tickets for the World\u2019s largest jackpots\",\"url\":\"https:\/\/redfoxlotto.com\/fi\/\",\"logo\":{\"@type\":\"ImageObject\",\"inLanguage\":\"fi\",\"@id\":\"https:\/\/redfoxlotto.com\/fi\/#\/schema\/logo\/image\/\",\"url\":\"https:\/\/redfoxlotto.com\/wp-content\/uploads\/2023\/04\/logo.png\",\"contentUrl\":\"https:\/\/redfoxlotto.com\/wp-content\/uploads\/2023\/04\/logo.png\",\"width\":269,\"height\":53,\"caption\":\"Get Tickets for the World\u2019s largest jackpots\"},\"image\":{\"@id\":\"https:\/\/redfoxlotto.com\/fi\/#\/schema\/logo\/image\/\"}}]}<\/script>\n<!-- \/ Yoast SEO plugin. -->","yoast_head_json":{"title":"Powerball lottotulokset ja voittonumerot","description":"Katso uusimmat Powerball Lotto -tulokset t\u00e4\u00e4lt\u00e4, mukaan lukien aiempien arvontojen arkisto.","robots":{"index":"index","follow":"follow","max-snippet":"max-snippet:-1","max-image-preview":"max-image-preview:large","max-video-preview":"max-video-preview:-1"},"canonical":"https:\/\/redfoxlotto.com\/fi\/lottotulokset-voittonumerot\/powerball\/","og_locale":"fi_FI","og_type":"article","og_title":"Powerball lottotulokset ja voittonumerot","og_description":"Katso uusimmat Powerball Lotto -tulokset t\u00e4\u00e4lt\u00e4, mukaan lukien aiempien arvontojen arkisto.","og_url":"https:\/\/redfoxlotto.com\/fi\/lottotulokset-voittonumerot\/powerball\/","og_site_name":"Get Tickets for the World\u2019s largest jackpots","article_modified_time":"2025-12-17T12:13:03+00:00","og_image":[{"url":"https:\/\/content.redfoxlotto.com\/uploads\/sites\/9\/1_results_powerball.jpg"}],"twitter_card":"summary_large_image","twitter_misc":{"Arvioitu lukuaika":"4 minuuttia"},"schema":{"@context":"https:\/\/schema.org","@graph":[{"@type":"WebPage","@id":"https:\/\/redfoxlotto.com\/fi\/lottotulokset-voittonumerot\/powerball\/","url":"https:\/\/redfoxlotto.com\/fi\/lottotulokset-voittonumerot\/powerball\/","name":"Powerball lottotulokset ja voittonumerot","isPartOf":{"@id":"https:\/\/redfoxlotto.com\/fi\/#website"},"primaryImageOfPage":{"@id":"https:\/\/redfoxlotto.com\/fi\/lottotulokset-voittonumerot\/powerball\/#primaryimage"},"image":{"@id":"https:\/\/redfoxlotto.com\/fi\/lottotulokset-voittonumerot\/powerball\/#primaryimage"},"thumbnailUrl":"https:\/\/content.redfoxlotto.com\/uploads\/sites\/9\/1_results_powerball.jpg","datePublished":"2018-11-18T08:54:25+00:00","dateModified":"2025-12-17T12:13:03+00:00","description":"Katso uusimmat Powerball Lotto -tulokset t\u00e4\u00e4lt\u00e4, mukaan lukien aiempien arvontojen arkisto.","breadcrumb":{"@id":"https:\/\/redfoxlotto.com\/fi\/lottotulokset-voittonumerot\/powerball\/#breadcrumb"},"inLanguage":"fi","potentialAction":[{"@type":"ReadAction","target":["https:\/\/redfoxlotto.com\/fi\/lottotulokset-voittonumerot\/powerball\/"]}]},{"@type":"ImageObject","inLanguage":"fi","@id":"https:\/\/redfoxlotto.com\/fi\/lottotulokset-voittonumerot\/powerball\/#primaryimage","url":"https:\/\/content.redfoxlotto.com\/uploads\/sites\/9\/1_results_powerball.jpg","contentUrl":"https:\/\/content.redfoxlotto.com\/uploads\/sites\/9\/1_results_powerball.jpg"},{"@type":"BreadcrumbList","@id":"https:\/\/redfoxlotto.com\/fi\/lottotulokset-voittonumerot\/powerball\/#breadcrumb","itemListElement":[{"@type":"ListItem","position":1,"name":"Home","item":"https:\/\/redfoxlotto.com\/fi\/"},{"@type":"ListItem","position":2,"name":"Kansainv\u00e4linen arpajaiset Tulokset","item":"https:\/\/redfoxlotto.com\/fi\/lottotulokset-voittonumerot\/"},{"@type":"ListItem","position":3,"name":"Powerball tulokset"}]},{"@type":"WebSite","@id":"https:\/\/redfoxlotto.com\/fi\/#website","url":"https:\/\/redfoxlotto.com\/fi\/","name":"Get Tickets for the World\u2019s largest jackpots","description":"Participate in worldwide lottery jackpots from any country","publisher":{"@id":"https:\/\/redfoxlotto.com\/fi\/#organization"},"potentialAction":[{"@type":"SearchAction","target":{"@type":"EntryPoint","urlTemplate":"https:\/\/redfoxlotto.com\/fi\/?s={search_term_string}"},"query-input":{"@type":"PropertyValueSpecification","valueRequired":true,"valueName":"search_term_string"}}],"inLanguage":"fi"},{"@type":"Organization","@id":"https:\/\/redfoxlotto.com\/fi\/#organization","name":"Get Tickets for the World\u2019s largest jackpots","url":"https:\/\/redfoxlotto.com\/fi\/","logo":{"@type":"ImageObject","inLanguage":"fi","@id":"https:\/\/redfoxlotto.com\/fi\/#\/schema\/logo\/image\/","url":"https:\/\/redfoxlotto.com\/wp-content\/uploads\/2023\/04\/logo.png","contentUrl":"https:\/\/redfoxlotto.com\/wp-content\/uploads\/2023\/04\/logo.png","width":269,"height":53,"caption":"Get Tickets for the World\u2019s largest jackpots"},"image":{"@id":"https:\/\/redfoxlotto.com\/fi\/#\/schema\/logo\/image\/"}}]}},"_links":{"self":[{"href":"https:\/\/redfoxlotto.com\/fi\/wp-json\/wp\/v2\/pages\/30953","targetHints":{"allow":["GET"]}}],"collection":[{"href":"https:\/\/redfoxlotto.com\/fi\/wp-json\/wp\/v2\/pages"}],"about":[{"href":"https:\/\/redfoxlotto.com\/fi\/wp-json\/wp\/v2\/types\/page"}],"author":[{"embeddable":true,"href":"https:\/\/redfoxlotto.com\/fi\/wp-json\/wp\/v2\/users\/1"}],"replies":[{"embeddable":true,"href":"https:\/\/redfoxlotto.com\/fi\/wp-json\/wp\/v2\/comments?post=30953"}],"version-history":[{"count":0,"href":"https:\/\/redfoxlotto.com\/fi\/wp-json\/wp\/v2\/pages\/30953\/revisions"}],"up":[{"embeddable":true,"href":"https:\/\/redfoxlotto.com\/fi\/wp-json\/wp\/v2\/pages\/30931"}],"wp:attachment":[{"href":"https:\/\/redfoxlotto.com\/fi\/wp-json\/wp\/v2\/media?parent=30953"}],"curies":[{"name":"wp","href":"https:\/\/api.w.org\/{rel}","templated":true}]}}