{"id":30948,"date":"2020-07-20T08:57:09","date_gmt":"2020-07-20T08:57:09","guid":{"rendered":"https:\/\/redfoxlotto.com\/?page_id=19745"},"modified":"2022-09-26T12:36:30","modified_gmt":"2022-09-26T12:36:30","slug":"mega-sena","status":"publish","type":"page","link":"https:\/\/redfoxlotto.com\/fi\/lottotulokset-voittonumerot\/mega-sena\/","title":{"rendered":"Mega Sena tulokset"},"content":{"rendered":"<h2>Mega Sena Brasilia voittonumerot<\/h2>\n<p><img loading=\"lazy\" decoding=\"async\" class=\" wp-image alignright\" src=\"https:\/\/content.redfoxlotto.com\/uploads\/sites\/9\/1_lottery_numbers3.jpg\" alt=\" mega=\" width=\"191\" height=\"191\"><\/p>\n<p>Jos olet jo pelannut Mega Sena -peli\u00e4, sinun t\u00e4ytyy tiet\u00e4\u00e4, oletko voittanut? Joten, miten voit tarkistaa Mega Sena Brasilian voittonumerot? K\u00e4y vain tilill\u00e4si RedFoxLotto.com-sivustolla. Sielt\u00e4 l\u00f6yd\u00e4t pelin viimeisimm\u00e4t tulokset, ja jos olet jo pelannut, l\u00f6yd\u00e4t ne viel\u00e4 helpommin.<\/p>\n<h2>Numeroiden tarkistaminen<\/h2>\n<p>Jos haluat tiet\u00e4\u00e4, oletko voittanut Mega Sena Brazilissa, menet vain tilisi lippusivulle. Sielt\u00e4 n\u00e4et numerosi verrattuna voittonumeroihin. N\u00e4in sinun on viel\u00e4 helpompi tiet\u00e4\u00e4, mit\u00e4 olet voittanut ja mitk\u00e4 numerot olivat hyvi\u00e4 vai eiv\u00e4t.<\/p>\n<p><img loading=\"lazy\" decoding=\"async\" class=\" wp-image alignright\" src=\"https:\/\/content.redfoxlotto.com\/uploads\/sites\/9\/1_you_win_jackpot.jpg\" alt=\"voittaa lotossa j\u00e4ttipotin\" width=\"181\" height=\"181\"><\/p>\n<p>Sinun ei kuitenkaan tarvitse huolehtia mist\u00e4\u00e4n, sill\u00e4 kaikki voittamasi voitot lunastetaan automaattisesti puolestasi ja talletetaan sitten tilillesi. N\u00e4in voit vain istua alas ja rentoutua, kun olet ostanut lippusi. Ainakin siihen asti, kunnes on aika ostaa seuraava.<\/p>\n<h2>Vanhojen voittonumeroiden tarkistaminen<\/h2>\n<p>Jos sinulla on vanhempi lippu, jonka haluat tarkistaa, voit tehd\u00e4 sen katsomalla arkistosta. Vanhojen Mega Sena Brasilian voittonumeroiden tutkiminen on my\u00f6s hyv\u00e4, jos aiot ly\u00f6d\u00e4 vetoa joistakin n\u00e4ist\u00e4 numeroista. Sinun tarvitsee vain vilkaista, ja n\u00e4et, mitk\u00e4 numerot ovat tulleet esiin useammin (tai harvemmin).<\/p>\n","protected":false},"excerpt":{"rendered":"<p>Mega Sena Brasilia voittonumerot Jos olet jo pelannut Mega Sena -peli\u00e4, sinun t\u00e4ytyy tiet\u00e4\u00e4, oletko voittanut? Joten, miten voit tarkistaa Mega Sena Brasilian voittonumerot? K\u00e4y vain tilill\u00e4si RedFoxLotto.com-sivustolla. Sielt\u00e4 l\u00f6yd\u00e4t pelin viimeisimm\u00e4t tulokset, ja jos olet jo pelannut, l\u00f6yd\u00e4t ne viel\u00e4 helpommin. Numeroiden tarkistaminen Jos haluat tiet\u00e4\u00e4, oletko voittanut Mega Sena Brazilissa, menet vain tilisi [&hellip;]<\/p>\n","protected":false},"author":1,"featured_media":0,"parent":30931,"menu_order":13,"comment_status":"closed","ping_status":"closed","template":"megasena-results.php","meta":{"_et_pb_use_builder":"","_et_pb_old_content":"","_et_gb_content_width":"","exclude_from_search":false,"footnotes":""},"class_list":["post-30948","page","type-page","status-publish","hentry"],"yoast_head":"<!-- This site is optimized with the Yoast SEO plugin v23.8 - https:\/\/yoast.com\/wordpress\/plugins\/seo\/ -->\n<title>Voittonumerot Mega Sena | Arvonnan tulokset Brasilian Mega Sena -peliss\u00e4<\/title>\n<meta name=\"description\" content=\"Tarkista uusimmat ja aiemmat voittonumerot Mega Sena varten\" \/>\n<meta name=\"robots\" content=\"index, follow, max-snippet:-1, max-image-preview:large, max-video-preview:-1\" \/>\n<link rel=\"canonical\" href=\"https:\/\/redfoxlotto.com\/fi\/lottotulokset-voittonumerot\/mega-sena\/\" \/>\n<meta property=\"og:locale\" content=\"fi_FI\" \/>\n<meta property=\"og:type\" content=\"article\" \/>\n<meta property=\"og:title\" content=\"Voittonumerot Mega Sena | Arvonnan tulokset Brasilian Mega Sena -peliss\u00e4\" \/>\n<meta property=\"og:description\" content=\"Tarkista uusimmat ja aiemmat voittonumerot Mega Sena varten\" \/>\n<meta property=\"og:url\" content=\"https:\/\/redfoxlotto.com\/fi\/lottotulokset-voittonumerot\/mega-sena\/\" \/>\n<meta property=\"og:site_name\" content=\"Get Tickets for the World\u2019s largest jackpots\" \/>\n<meta property=\"article:modified_time\" content=\"2022-09-26T12:36:30+00:00\" \/>\n<meta property=\"og:image\" content=\"https:\/\/content.redfoxlotto.com\/uploads\/sites\/9\/1_lottery_numbers3.jpg\" \/>\n<meta name=\"twitter:card\" content=\"summary_large_image\" \/>\n<meta name=\"twitter:label1\" content=\"Arvioitu lukuaika\" \/>\n\t<meta name=\"twitter:data1\" content=\"2 minuuttia\" \/>\n<script type=\"application\/ld+json\" class=\"yoast-schema-graph\">{\"@context\":\"https:\/\/schema.org\",\"@graph\":[{\"@type\":\"WebPage\",\"@id\":\"https:\/\/redfoxlotto.com\/fi\/lottotulokset-voittonumerot\/mega-sena\/\",\"url\":\"https:\/\/redfoxlotto.com\/fi\/lottotulokset-voittonumerot\/mega-sena\/\",\"name\":\"Voittonumerot Mega Sena | Arvonnan tulokset Brasilian Mega Sena -peliss\u00e4\",\"isPartOf\":{\"@id\":\"https:\/\/redfoxlotto.com\/fi\/#website\"},\"primaryImageOfPage\":{\"@id\":\"https:\/\/redfoxlotto.com\/fi\/lottotulokset-voittonumerot\/mega-sena\/#primaryimage\"},\"image\":{\"@id\":\"https:\/\/redfoxlotto.com\/fi\/lottotulokset-voittonumerot\/mega-sena\/#primaryimage\"},\"thumbnailUrl\":\"https:\/\/content.redfoxlotto.com\/uploads\/sites\/9\/1_lottery_numbers3.jpg\",\"datePublished\":\"2020-07-20T08:57:09+00:00\",\"dateModified\":\"2022-09-26T12:36:30+00:00\",\"description\":\"Tarkista uusimmat ja aiemmat voittonumerot Mega Sena varten\",\"breadcrumb\":{\"@id\":\"https:\/\/redfoxlotto.com\/fi\/lottotulokset-voittonumerot\/mega-sena\/#breadcrumb\"},\"inLanguage\":\"fi\",\"potentialAction\":[{\"@type\":\"ReadAction\",\"target\":[\"https:\/\/redfoxlotto.com\/fi\/lottotulokset-voittonumerot\/mega-sena\/\"]}]},{\"@type\":\"ImageObject\",\"inLanguage\":\"fi\",\"@id\":\"https:\/\/redfoxlotto.com\/fi\/lottotulokset-voittonumerot\/mega-sena\/#primaryimage\",\"url\":\"https:\/\/content.redfoxlotto.com\/uploads\/sites\/9\/1_lottery_numbers3.jpg\",\"contentUrl\":\"https:\/\/content.redfoxlotto.com\/uploads\/sites\/9\/1_lottery_numbers3.jpg\"},{\"@type\":\"BreadcrumbList\",\"@id\":\"https:\/\/redfoxlotto.com\/fi\/lottotulokset-voittonumerot\/mega-sena\/#breadcrumb\",\"itemListElement\":[{\"@type\":\"ListItem\",\"position\":1,\"name\":\"Home\",\"item\":\"https:\/\/redfoxlotto.com\/fi\/\"},{\"@type\":\"ListItem\",\"position\":2,\"name\":\"Kansainv\u00e4linen arpajaiset Tulokset\",\"item\":\"https:\/\/redfoxlotto.com\/fi\/lottotulokset-voittonumerot\/\"},{\"@type\":\"ListItem\",\"position\":3,\"name\":\"Mega Sena tulokset\"}]},{\"@type\":\"WebSite\",\"@id\":\"https:\/\/redfoxlotto.com\/fi\/#website\",\"url\":\"https:\/\/redfoxlotto.com\/fi\/\",\"name\":\"Get Tickets for the World\u2019s largest jackpots\",\"description\":\"Participate in worldwide lottery jackpots from any country\",\"publisher\":{\"@id\":\"https:\/\/redfoxlotto.com\/fi\/#organization\"},\"potentialAction\":[{\"@type\":\"SearchAction\",\"target\":{\"@type\":\"EntryPoint\",\"urlTemplate\":\"https:\/\/redfoxlotto.com\/fi\/?s={search_term_string}\"},\"query-input\":{\"@type\":\"PropertyValueSpecification\",\"valueRequired\":true,\"valueName\":\"search_term_string\"}}],\"inLanguage\":\"fi\"},{\"@type\":\"Organization\",\"@id\":\"https:\/\/redfoxlotto.com\/fi\/#organization\",\"name\":\"Get Tickets for the World\u2019s largest jackpots\",\"url\":\"https:\/\/redfoxlotto.com\/fi\/\",\"logo\":{\"@type\":\"ImageObject\",\"inLanguage\":\"fi\",\"@id\":\"https:\/\/redfoxlotto.com\/fi\/#\/schema\/logo\/image\/\",\"url\":\"https:\/\/redfoxlotto.com\/wp-content\/uploads\/2023\/04\/logo.png\",\"contentUrl\":\"https:\/\/redfoxlotto.com\/wp-content\/uploads\/2023\/04\/logo.png\",\"width\":269,\"height\":53,\"caption\":\"Get Tickets for the World\u2019s largest jackpots\"},\"image\":{\"@id\":\"https:\/\/redfoxlotto.com\/fi\/#\/schema\/logo\/image\/\"}}]}<\/script>\n<!-- \/ Yoast SEO plugin. -->","yoast_head_json":{"title":"Voittonumerot Mega Sena | Arvonnan tulokset Brasilian Mega Sena -peliss\u00e4","description":"Tarkista uusimmat ja aiemmat voittonumerot Mega Sena varten","robots":{"index":"index","follow":"follow","max-snippet":"max-snippet:-1","max-image-preview":"max-image-preview:large","max-video-preview":"max-video-preview:-1"},"canonical":"https:\/\/redfoxlotto.com\/fi\/lottotulokset-voittonumerot\/mega-sena\/","og_locale":"fi_FI","og_type":"article","og_title":"Voittonumerot Mega Sena | Arvonnan tulokset Brasilian Mega Sena -peliss\u00e4","og_description":"Tarkista uusimmat ja aiemmat voittonumerot Mega Sena varten","og_url":"https:\/\/redfoxlotto.com\/fi\/lottotulokset-voittonumerot\/mega-sena\/","og_site_name":"Get Tickets for the World\u2019s largest jackpots","article_modified_time":"2022-09-26T12:36:30+00:00","og_image":[{"url":"https:\/\/content.redfoxlotto.com\/uploads\/sites\/9\/1_lottery_numbers3.jpg"}],"twitter_card":"summary_large_image","twitter_misc":{"Arvioitu lukuaika":"2 minuuttia"},"schema":{"@context":"https:\/\/schema.org","@graph":[{"@type":"WebPage","@id":"https:\/\/redfoxlotto.com\/fi\/lottotulokset-voittonumerot\/mega-sena\/","url":"https:\/\/redfoxlotto.com\/fi\/lottotulokset-voittonumerot\/mega-sena\/","name":"Voittonumerot Mega Sena | Arvonnan tulokset Brasilian Mega Sena -peliss\u00e4","isPartOf":{"@id":"https:\/\/redfoxlotto.com\/fi\/#website"},"primaryImageOfPage":{"@id":"https:\/\/redfoxlotto.com\/fi\/lottotulokset-voittonumerot\/mega-sena\/#primaryimage"},"image":{"@id":"https:\/\/redfoxlotto.com\/fi\/lottotulokset-voittonumerot\/mega-sena\/#primaryimage"},"thumbnailUrl":"https:\/\/content.redfoxlotto.com\/uploads\/sites\/9\/1_lottery_numbers3.jpg","datePublished":"2020-07-20T08:57:09+00:00","dateModified":"2022-09-26T12:36:30+00:00","description":"Tarkista uusimmat ja aiemmat voittonumerot Mega Sena varten","breadcrumb":{"@id":"https:\/\/redfoxlotto.com\/fi\/lottotulokset-voittonumerot\/mega-sena\/#breadcrumb"},"inLanguage":"fi","potentialAction":[{"@type":"ReadAction","target":["https:\/\/redfoxlotto.com\/fi\/lottotulokset-voittonumerot\/mega-sena\/"]}]},{"@type":"ImageObject","inLanguage":"fi","@id":"https:\/\/redfoxlotto.com\/fi\/lottotulokset-voittonumerot\/mega-sena\/#primaryimage","url":"https:\/\/content.redfoxlotto.com\/uploads\/sites\/9\/1_lottery_numbers3.jpg","contentUrl":"https:\/\/content.redfoxlotto.com\/uploads\/sites\/9\/1_lottery_numbers3.jpg"},{"@type":"BreadcrumbList","@id":"https:\/\/redfoxlotto.com\/fi\/lottotulokset-voittonumerot\/mega-sena\/#breadcrumb","itemListElement":[{"@type":"ListItem","position":1,"name":"Home","item":"https:\/\/redfoxlotto.com\/fi\/"},{"@type":"ListItem","position":2,"name":"Kansainv\u00e4linen arpajaiset Tulokset","item":"https:\/\/redfoxlotto.com\/fi\/lottotulokset-voittonumerot\/"},{"@type":"ListItem","position":3,"name":"Mega Sena tulokset"}]},{"@type":"WebSite","@id":"https:\/\/redfoxlotto.com\/fi\/#website","url":"https:\/\/redfoxlotto.com\/fi\/","name":"Get Tickets for the World\u2019s largest jackpots","description":"Participate in worldwide lottery jackpots from any country","publisher":{"@id":"https:\/\/redfoxlotto.com\/fi\/#organization"},"potentialAction":[{"@type":"SearchAction","target":{"@type":"EntryPoint","urlTemplate":"https:\/\/redfoxlotto.com\/fi\/?s={search_term_string}"},"query-input":{"@type":"PropertyValueSpecification","valueRequired":true,"valueName":"search_term_string"}}],"inLanguage":"fi"},{"@type":"Organization","@id":"https:\/\/redfoxlotto.com\/fi\/#organization","name":"Get Tickets for the World\u2019s largest jackpots","url":"https:\/\/redfoxlotto.com\/fi\/","logo":{"@type":"ImageObject","inLanguage":"fi","@id":"https:\/\/redfoxlotto.com\/fi\/#\/schema\/logo\/image\/","url":"https:\/\/redfoxlotto.com\/wp-content\/uploads\/2023\/04\/logo.png","contentUrl":"https:\/\/redfoxlotto.com\/wp-content\/uploads\/2023\/04\/logo.png","width":269,"height":53,"caption":"Get Tickets for the World\u2019s largest jackpots"},"image":{"@id":"https:\/\/redfoxlotto.com\/fi\/#\/schema\/logo\/image\/"}}]}},"_links":{"self":[{"href":"https:\/\/redfoxlotto.com\/fi\/wp-json\/wp\/v2\/pages\/30948","targetHints":{"allow":["GET"]}}],"collection":[{"href":"https:\/\/redfoxlotto.com\/fi\/wp-json\/wp\/v2\/pages"}],"about":[{"href":"https:\/\/redfoxlotto.com\/fi\/wp-json\/wp\/v2\/types\/page"}],"author":[{"embeddable":true,"href":"https:\/\/redfoxlotto.com\/fi\/wp-json\/wp\/v2\/users\/1"}],"replies":[{"embeddable":true,"href":"https:\/\/redfoxlotto.com\/fi\/wp-json\/wp\/v2\/comments?post=30948"}],"version-history":[{"count":0,"href":"https:\/\/redfoxlotto.com\/fi\/wp-json\/wp\/v2\/pages\/30948\/revisions"}],"up":[{"embeddable":true,"href":"https:\/\/redfoxlotto.com\/fi\/wp-json\/wp\/v2\/pages\/30931"}],"wp:attachment":[{"href":"https:\/\/redfoxlotto.com\/fi\/wp-json\/wp\/v2\/media?parent=30948"}],"curies":[{"name":"wp","href":"https:\/\/api.w.org\/{rel}","templated":true}]}}