{"id":30947,"date":"2018-11-18T08:54:25","date_gmt":"2018-11-18T08:54:25","guid":{"rendered":"https:\/\/redfoxlotto.com\/?page_id=19743"},"modified":"2025-12-18T06:36:28","modified_gmt":"2025-12-18T06:36:28","slug":"mega-millions","status":"publish","type":"page","link":"https:\/\/redfoxlotto.com\/fi\/lottotulokset-voittonumerot\/mega-millions\/","title":{"rendered":"Mega Millions tulokset"},"content":{"rendered":"<p><script type=\"application\/ld+json\">\n{\n  \"@context\": \"https:\/\/schema.org\",\n  \"@type\": \"Service\",\n  \"name\": \"Tarkista Mega Millions -arvonnan tulokset verkossa\",\n  \"url\": \"https:\/\/redfoxlotto.com\/fi\/lottotulokset-voittonumerot\/mega-millions\/\",\n  \"description\": \"Vieraile RedFoxLotto-sivustolla n\u00e4hd\u00e4ksesi uusimmat Mega Millions -tulokset ja lotteriarkistomme.\",\n  \"serviceType\": \"Maailmanlaajuinen lotteri tulosarkisto\",<\/p>\n<p>  \"provider\": {\n    \"@type\": \"Organization\",\n    \"name\": \"RedFoxLotto\",\n    \"url\": \"https:\/\/redfoxlotto.com\/fi\/\",\n    \"image\": \"https:\/\/redfoxlotto.com\/wp-content\/uploads\/2025\/12\/ticket_scans.jpg\",\n    \"sameAs\": []\n  },<\/p>\n<p>  \"areaServed\": \"Worldwide\",\n  \"termsOfService\": \"https:\/\/redfoxlotto.com\/fi\/terms-and-conditions\/\",\n  \"additionalProperty\": {\n    \"@type\": \"PropertyValue\",\n    \"name\": \"FAQ\",\n    \"value\": \"https:\/\/redfoxlotto.com\/fi\/faq\/\"\n  },<\/p>\n<p>  \"hasOfferCatalog\": {\n    \"@type\": \"OfferCatalog\",\n    \"name\": \"Mega Millions -arvonta\",\n    \"itemListElement\": [\n      {\n        \"@type\": \"Offer\",\n        \"name\": \"Mega Millions Tulokset\",\n        \"url\": \"https:\/\/redfoxlotto.com\/fi\/lottotulokset-voittonumerot\/mega-millions\/\",\n        \"description\": \"Valitse numerosi seuraavaan arvontaan \u2013 tilaa liput verkossa.\",\n        \"price\": \"13.00\",\n        \"priceCurrency\": \"EUR\",\n        \"availability\": \"https:\/\/schema.org\/InStock\",\n        \"itemOffered\": {\n          \"@type\": \"Service\",\n          \"name\": \"Mega Millions Arvonta\",\n          \"description\": \"Osallistu seuraavaan Mega Millions -arvontaan RedFoxLotto kautta.\"\n        }\n      }\n    ]\n  },<\/p>\n<p>  \"mainEntityOfPage\": {\n    \"@type\": \"WebPage\",\n    \"@id\": \"https:\/\/redfoxlotto.com\/fi\/lottotulokset-voittonumerot\/mega-millions\/\"\n  }\n}\n<\/script><br \/>\nEtsitk\u00f6 Mega Millions USA:n viimeisimm\u00e4n arvonnan tuloksia? T\u00e4\u00e4lt\u00e4 l\u00f6yd\u00e4t ne sek\u00e4 arkiston, jossa on aiempien arvontojen numerot.<br \/>\n<img loading=\"lazy\" decoding=\"async\" class=\"alignright  wp-image\" src=\"https:\/\/content.redfoxlotto.com\/uploads\/sites\/9\/1_results_mega_millions.jpg\" alt=\"lottotulokset\" width=\"232\" height=\"232\"><\/p>\n<p>Mega Millions -j\u00e4ttipotin voittaminen on jokaisen lottopelaajan unelma, ja palkinto voi usein olla satoja miljoonia $! Se on ehdottomasti syy katsoa Mega Millions -tulosten voittonumeroita. Haluat tiet\u00e4\u00e4, mitk\u00e4 numerot todella osuvat, jotta voit valita ne numerot, jotka antavat sinulle elinik\u00e4iset mahdollisuudet, eik\u00f6 niin?<\/p>\n<h2>Mega Millions Jackpot<\/h2>\n<p>Mega Millions -loton minimij\u00e4ttipotti on 40 miljoonaa dollaria. T\u00e4m\u00e4 tarkoittaa sit\u00e4, ett\u00e4 jos joku voittaa j\u00e4ttipotin t\u00e4n\u00e4\u00e4n, seuraavassa arvonnassa j\u00e4ttipotti alkaa 40 miljoonasta dollarista. Pienin mahdollinen voittosumma (tietenkin ennen veroja) on siis 40 miljoonaa dollaria. N\u00e4in ei tapahdu kovin usein, koska useimmat ihmiset eiv\u00e4t koskaan voita t\u00e4t\u00e4 j\u00e4ttipottia silloin, kun se on pienimmill\u00e4\u00e4n. Pikemminkin he yleens\u00e4 voittavat j\u00e4ttipotin silloin, kun se on hieman korkeampi.<\/p>\n<p>Mega Millionsin j\u00e4ttipottiTotuus on, ett\u00e4 Yhdysvaltain Mega Millionsin j\u00e4ttipotti kasvaa melko nopeasti. Eik\u00e4 j\u00e4ttipotin kokoa ole rajoitettu. T\u00e4\u00e4ll\u00e4 voi kerty\u00e4 valtavia summia lyhyess\u00e4 ajassa. Suurin koskaan saavutettu Mega Millionsin j\u00e4ttipotti on yli 1,5 miljardia! T\u00e4m\u00e4 on varmasti luku, josta kaikki yhdysvaltalaiset halusivat olla osallisena, joten lippuja myytiin miljoonia, mutta he eiv\u00e4t ole ainoita, jotka voivat p\u00e4\u00e4st\u00e4 osallisiksi. Sinutkin on kutsuttu katsomaan sit\u00e4.<\/p>\n<h2>Mega Millionsin palkintotasot<\/h2>\n<p>Taulukostamme n\u00e4et my\u00f6s k\u00e4ytett\u00e4viss\u00e4 olevat palkintotasot ja voittosumman. Mega Millionsia pelatessasi voit voittaa monella eri tavalla. Toki sinun on osuttava jokaiseen numeroon, jos aiot voittaa j\u00e4ttipotin. Se on varmasti melkoinen saavutus, ja sinun on oltava melko onnekas noiden numeroiden suhteen, mutta on varmasti tapoja, joilla voit voittaa viel\u00e4kin enemm\u00e4n.<\/p>\n<p>Olemme esitelleet kaikki tavat, joilla voit voittaa palkinnon, mink\u00e4 tahansa palkinnon, Mega Millionsin kautta. Kun katsot Mega Millionsin voittonumeroita, n\u00e4et numerot, joita ihmiset k\u00e4yttiv\u00e4t jackpotin voittamiseen, mutta voit ehdottomasti k\u00e4ytt\u00e4\u00e4 joitakin n\u00e4ist\u00e4 numeroista tai omia numeroitasi tai mit\u00e4 tahansa muuta yritt\u00e4ess\u00e4si voittaa my\u00f6s pienempi\u00e4 palkintoja.<\/p>\n<p>Loppujen lopuksi Mega Millionsissa voit todella voittaa jotain, jos sinulla on vain Mega Ball -numero tai jos sinulla on vain kaksi tavallista numeroa. Se tarkoittaa, ett\u00e4 sinulla on hyv\u00e4t mahdollisuudet saada jotain rahoillesi.<\/p>\n<h2>Eniten ja v\u00e4hiten arvotut numerot<\/h2>\n<p>Olemme itse asiassa koonneet luetteloita numeroista, joihin sinun kannattaa ehdottomasti kiinnitt\u00e4\u00e4 huomiota, koska n\u00e4m\u00e4 ovat numeroita, joista monet ihmiset pit\u00e4v\u00e4t juuri nyt. T\u00e4m\u00e4 tarkoittaa sit\u00e4, ett\u00e4 saatat joutua jakamaan palkintorahasi, jos voitat j\u00e4ttipotin (muut palkinnot voitetaan lippukohtaisesti), mutta sinulla on ehdottomasti paremmat mahdollisuudet, koska n\u00e4m\u00e4 numerot osuvat paljon useammin kuin muut.<\/p>\n<p>My\u00f6s arkistostamme voi olla apua, jos haluat l\u00f6yt\u00e4\u00e4 numeroita, joilla on paremmat mahdollisuudet.<\/p>\n<p>T\u00e4ss\u00e4 ovat Mega Millions -loton &#8221;kuumat&#8221; numerot:<br \/>\nNumerot 29, 4, 48 ja 36 ovat Mega Millions -loton useimmin arvotut numerot. Numero 48 on arvottu yli 80 kertaa vuodesta 2005 l\u00e4htien. Suosituimmat MegaBall-numerot olivat 35, 9, 36 ja 7.<\/p>\n<p>Jos siis haluat osua suosituimpiin numeroihin, n\u00e4it\u00e4 numeroita kannattaa tarkastella tarkemmin. Haluat varmistaa, ett\u00e4 todella sukellat sis\u00e4\u00e4n ja selvit\u00e4t, miten voit k\u00e4ytt\u00e4\u00e4 joitakin n\u00e4ist\u00e4 itsellesi.<\/p>\n<h2>Mega Millionsin pelaaminen<\/h2>\n<p>Jos olet valmis aloittamaan Mega Millionsin pelaamisen, mutta et ole kotoisin Yhdysvalloista, sinun on l\u00f6ydett\u00e4v\u00e4 keino ostaa lippu, eik\u00f6 niin? Sinun on tiedett\u00e4v\u00e4, miten p\u00e4\u00e4set mukaan t\u00e4h\u00e4n prosessiin, ja se on itse asiassa paljon helpompaa kuin olet ehk\u00e4 luullutkaan, koska me voimme hoitaa sen puolestasi. Autamme sinua hankkimaan my\u00f6s haluamasi lipun, ei mit\u00e4 tahansa lippua.<\/p>\n<p>Kun k\u00e4yt j\u00e4rjestelm\u00e4mme kautta, saat p\u00e4\u00e4tt\u00e4\u00e4, mink\u00e4 tyyppist\u00e4 lippua haluat pelata. Jos sinulla on Mega Millions -tulosten voittonumerot, haluat tietysti pelata Mega Millionsia, eik\u00f6 niin? Voit siis siirty\u00e4 t\u00e4m\u00e4n pelin sivulle ja lukea siit\u00e4 hieman lis\u00e4\u00e4. Sielt\u00e4 voit alkaa valita numeroita, joita haluat pelata.<\/p>\n<p>Kun olet valinnut numerot, n\u00e4et, kuinka monta tarvitset, ja me ilmoitamme sinulle, jos sinulla on liian v\u00e4h\u00e4n tai liikaa numeroita. Voit my\u00f6s valita Quick Pick -lipun, jossa numerot annetaan satunnaisesti, tai voit k\u00e4ytt\u00e4\u00e4 n\u00e4iden kahden yhdistelm\u00e4\u00e4 ja saada joitakin satunnaisesti annettuja numeroita ja joitakin itse valitsemiasi numeroita. Sitten t\u00e4yt\u00e4t yhdistelm\u00e4t haluamasi m\u00e4\u00e4r\u00e4n lippuja varten.<\/p>\n<p>Kun olet valinnut numerot, voit joko ostaa ne tilisi kautta tai perustaa tilin, jota aiot k\u00e4ytt\u00e4\u00e4. Sinun on my\u00f6s m\u00e4\u00e4ritett\u00e4v\u00e4, miten aiot maksaa liput, ja mietitt\u00e4v\u00e4, miten haluat, ett\u00e4 voitot toimitetaan, jos voitat jotain. Kun ostat lippusi, osuutesi on tehty. Siit\u00e4 eteenp\u00e4in me huolehdimme lipun hankkimisesta puolestasi.<\/p>\n<p>Lippu n\u00e4kyy jopa suoraan tilill\u00e4si, ja voit n\u00e4hd\u00e4 my\u00f6s, jos voitat jotain, koska teemme Mega Millions -tulosten ja voittonumeroiden l\u00f6yt\u00e4misen j\u00e4rjestelm\u00e4st\u00e4mme eritt\u00e4in helpoksi. Kun tarkistat lippusi arvonnan j\u00e4lkeen, kaikki lippusi vastaavat numerot korostuvat. N\u00e4in sinun on helppo n\u00e4hd\u00e4 heti, kuinka monta osumaa sinulla on!<\/p>\n","protected":false},"excerpt":{"rendered":"<p>Etsitk\u00f6 Mega Millions USA:n viimeisimm\u00e4n arvonnan tuloksia? T\u00e4\u00e4lt\u00e4 l\u00f6yd\u00e4t ne sek\u00e4 arkiston, jossa on aiempien arvontojen numerot. Mega Millions -j\u00e4ttipotin voittaminen on jokaisen lottopelaajan unelma, ja palkinto voi usein olla satoja miljoonia $! Se on ehdottomasti syy katsoa Mega Millions -tulosten voittonumeroita. Haluat tiet\u00e4\u00e4, mitk\u00e4 numerot todella osuvat, jotta voit valita ne numerot, jotka antavat [&hellip;]<\/p>\n","protected":false},"author":1,"featured_media":0,"parent":30931,"menu_order":2,"comment_status":"closed","ping_status":"closed","template":"megamillion-results.php","meta":{"_et_pb_use_builder":"","_et_pb_old_content":"","_et_gb_content_width":"","exclude_from_search":false,"footnotes":""},"class_list":["post-30947","page","type-page","status-publish","hentry"],"yoast_head":"<!-- This site is optimized with the Yoast SEO plugin v23.8 - https:\/\/yoast.com\/wordpress\/plugins\/seo\/ -->\n<title>Mega Millions Voittonumerot ja tulokset<\/title>\n<meta name=\"description\" content=\"Tarkista voittonumerot Mega Millions -tulossivultamme ja aiempien arvontojen arkistostamme.\" \/>\n<meta name=\"robots\" content=\"index, follow, max-snippet:-1, max-image-preview:large, max-video-preview:-1\" \/>\n<link rel=\"canonical\" href=\"https:\/\/redfoxlotto.com\/fi\/results\/mega-millions\/\" \/>\n<meta property=\"og:locale\" content=\"fi_FI\" \/>\n<meta property=\"og:type\" content=\"article\" \/>\n<meta property=\"og:title\" content=\"Mega Millions Voittonumerot ja tulokset\" \/>\n<meta property=\"og:description\" content=\"Tarkista voittonumerot Mega Millions -tulossivultamme ja aiempien arvontojen arkistostamme.\" \/>\n<meta property=\"og:url\" content=\"https:\/\/redfoxlotto.com\/results\/mega-millions\/\" \/>\n<meta property=\"og:site_name\" content=\"Get Tickets for the World\u2019s largest jackpots\" \/>\n<meta property=\"article:modified_time\" content=\"2025-12-18T06:36:28+00:00\" \/>\n<meta property=\"og:image\" content=\"https:\/\/content.redfoxlotto.com\/uploads\/sites\/9\/1_results_mega_millions.jpg\" \/>\n<meta name=\"twitter:card\" content=\"summary_large_image\" \/>\n<meta name=\"twitter:label1\" content=\"Arvioitu lukuaika\" \/>\n\t<meta name=\"twitter:data1\" content=\"4 minuuttia\" \/>\n<script type=\"application\/ld+json\" class=\"yoast-schema-graph\">{\"@context\":\"https:\/\/schema.org\",\"@graph\":[{\"@type\":\"WebPage\",\"@id\":\"https:\/\/redfoxlotto.com\/fi\/lottotulokset-voittonumerot\/mega-millions\/\",\"url\":\"https:\/\/redfoxlotto.com\/results\/mega-millions\/\",\"name\":\"Mega Millions Voittonumerot ja tulokset\",\"isPartOf\":{\"@id\":\"https:\/\/redfoxlotto.com\/fi\/#website\"},\"primaryImageOfPage\":{\"@id\":\"https:\/\/redfoxlotto.com\/results\/mega-millions\/#primaryimage\"},\"image\":{\"@id\":\"https:\/\/redfoxlotto.com\/results\/mega-millions\/#primaryimage\"},\"thumbnailUrl\":\"https:\/\/content.redfoxlotto.com\/uploads\/sites\/9\/1_results_mega_millions.jpg\",\"datePublished\":\"2018-11-18T08:54:25+00:00\",\"dateModified\":\"2025-12-18T06:36:28+00:00\",\"description\":\"Tarkista voittonumerot Mega Millions -tulossivultamme ja aiempien arvontojen arkistostamme.\",\"breadcrumb\":{\"@id\":\"https:\/\/redfoxlotto.com\/results\/mega-millions\/#breadcrumb\"},\"inLanguage\":\"fi\",\"potentialAction\":[{\"@type\":\"ReadAction\",\"target\":[\"https:\/\/redfoxlotto.com\/results\/mega-millions\/\"]}]},{\"@type\":\"ImageObject\",\"inLanguage\":\"fi\",\"@id\":\"https:\/\/redfoxlotto.com\/results\/mega-millions\/#primaryimage\",\"url\":\"https:\/\/content.redfoxlotto.com\/uploads\/sites\/9\/1_results_mega_millions.jpg\",\"contentUrl\":\"https:\/\/content.redfoxlotto.com\/uploads\/sites\/9\/1_results_mega_millions.jpg\"},{\"@type\":\"BreadcrumbList\",\"@id\":\"https:\/\/redfoxlotto.com\/results\/mega-millions\/#breadcrumb\",\"itemListElement\":[{\"@type\":\"ListItem\",\"position\":1,\"name\":\"Home\",\"item\":\"https:\/\/redfoxlotto.com\/fi\/\"},{\"@type\":\"ListItem\",\"position\":2,\"name\":\"Kansainv\u00e4linen arpajaiset Tulokset\",\"item\":\"https:\/\/redfoxlotto.com\/fi\/lottotulokset-voittonumerot\/\"},{\"@type\":\"ListItem\",\"position\":3,\"name\":\"Mega Millions tulokset\"}]},{\"@type\":\"WebSite\",\"@id\":\"https:\/\/redfoxlotto.com\/fi\/#website\",\"url\":\"https:\/\/redfoxlotto.com\/fi\/\",\"name\":\"Get Tickets for the World\u2019s largest jackpots\",\"description\":\"Participate in worldwide lottery jackpots from any country\",\"publisher\":{\"@id\":\"https:\/\/redfoxlotto.com\/fi\/#organization\"},\"potentialAction\":[{\"@type\":\"SearchAction\",\"target\":{\"@type\":\"EntryPoint\",\"urlTemplate\":\"https:\/\/redfoxlotto.com\/fi\/?s={search_term_string}\"},\"query-input\":{\"@type\":\"PropertyValueSpecification\",\"valueRequired\":true,\"valueName\":\"search_term_string\"}}],\"inLanguage\":\"fi\"},{\"@type\":\"Organization\",\"@id\":\"https:\/\/redfoxlotto.com\/fi\/#organization\",\"name\":\"Get Tickets for the World\u2019s largest jackpots\",\"url\":\"https:\/\/redfoxlotto.com\/fi\/\",\"logo\":{\"@type\":\"ImageObject\",\"inLanguage\":\"fi\",\"@id\":\"https:\/\/redfoxlotto.com\/fi\/#\/schema\/logo\/image\/\",\"url\":\"https:\/\/redfoxlotto.com\/wp-content\/uploads\/2023\/04\/logo.png\",\"contentUrl\":\"https:\/\/redfoxlotto.com\/wp-content\/uploads\/2023\/04\/logo.png\",\"width\":269,\"height\":53,\"caption\":\"Get Tickets for the World\u2019s largest jackpots\"},\"image\":{\"@id\":\"https:\/\/redfoxlotto.com\/fi\/#\/schema\/logo\/image\/\"}}]}<\/script>\n<!-- \/ Yoast SEO plugin. -->","yoast_head_json":{"title":"Mega Millions Voittonumerot ja tulokset","description":"Tarkista voittonumerot Mega Millions -tulossivultamme ja aiempien arvontojen arkistostamme.","robots":{"index":"index","follow":"follow","max-snippet":"max-snippet:-1","max-image-preview":"max-image-preview:large","max-video-preview":"max-video-preview:-1"},"canonical":"https:\/\/redfoxlotto.com\/fi\/results\/mega-millions\/","og_locale":"fi_FI","og_type":"article","og_title":"Mega Millions Voittonumerot ja tulokset","og_description":"Tarkista voittonumerot Mega Millions -tulossivultamme ja aiempien arvontojen arkistostamme.","og_url":"https:\/\/redfoxlotto.com\/results\/mega-millions\/","og_site_name":"Get Tickets for the World\u2019s largest jackpots","article_modified_time":"2025-12-18T06:36:28+00:00","og_image":[{"url":"https:\/\/content.redfoxlotto.com\/uploads\/sites\/9\/1_results_mega_millions.jpg"}],"twitter_card":"summary_large_image","twitter_misc":{"Arvioitu lukuaika":"4 minuuttia"},"schema":{"@context":"https:\/\/schema.org","@graph":[{"@type":"WebPage","@id":"https:\/\/redfoxlotto.com\/fi\/lottotulokset-voittonumerot\/mega-millions\/","url":"https:\/\/redfoxlotto.com\/results\/mega-millions\/","name":"Mega Millions Voittonumerot ja tulokset","isPartOf":{"@id":"https:\/\/redfoxlotto.com\/fi\/#website"},"primaryImageOfPage":{"@id":"https:\/\/redfoxlotto.com\/results\/mega-millions\/#primaryimage"},"image":{"@id":"https:\/\/redfoxlotto.com\/results\/mega-millions\/#primaryimage"},"thumbnailUrl":"https:\/\/content.redfoxlotto.com\/uploads\/sites\/9\/1_results_mega_millions.jpg","datePublished":"2018-11-18T08:54:25+00:00","dateModified":"2025-12-18T06:36:28+00:00","description":"Tarkista voittonumerot Mega Millions -tulossivultamme ja aiempien arvontojen arkistostamme.","breadcrumb":{"@id":"https:\/\/redfoxlotto.com\/results\/mega-millions\/#breadcrumb"},"inLanguage":"fi","potentialAction":[{"@type":"ReadAction","target":["https:\/\/redfoxlotto.com\/results\/mega-millions\/"]}]},{"@type":"ImageObject","inLanguage":"fi","@id":"https:\/\/redfoxlotto.com\/results\/mega-millions\/#primaryimage","url":"https:\/\/content.redfoxlotto.com\/uploads\/sites\/9\/1_results_mega_millions.jpg","contentUrl":"https:\/\/content.redfoxlotto.com\/uploads\/sites\/9\/1_results_mega_millions.jpg"},{"@type":"BreadcrumbList","@id":"https:\/\/redfoxlotto.com\/results\/mega-millions\/#breadcrumb","itemListElement":[{"@type":"ListItem","position":1,"name":"Home","item":"https:\/\/redfoxlotto.com\/fi\/"},{"@type":"ListItem","position":2,"name":"Kansainv\u00e4linen arpajaiset Tulokset","item":"https:\/\/redfoxlotto.com\/fi\/lottotulokset-voittonumerot\/"},{"@type":"ListItem","position":3,"name":"Mega Millions tulokset"}]},{"@type":"WebSite","@id":"https:\/\/redfoxlotto.com\/fi\/#website","url":"https:\/\/redfoxlotto.com\/fi\/","name":"Get Tickets for the World\u2019s largest jackpots","description":"Participate in worldwide lottery jackpots from any country","publisher":{"@id":"https:\/\/redfoxlotto.com\/fi\/#organization"},"potentialAction":[{"@type":"SearchAction","target":{"@type":"EntryPoint","urlTemplate":"https:\/\/redfoxlotto.com\/fi\/?s={search_term_string}"},"query-input":{"@type":"PropertyValueSpecification","valueRequired":true,"valueName":"search_term_string"}}],"inLanguage":"fi"},{"@type":"Organization","@id":"https:\/\/redfoxlotto.com\/fi\/#organization","name":"Get Tickets for the World\u2019s largest jackpots","url":"https:\/\/redfoxlotto.com\/fi\/","logo":{"@type":"ImageObject","inLanguage":"fi","@id":"https:\/\/redfoxlotto.com\/fi\/#\/schema\/logo\/image\/","url":"https:\/\/redfoxlotto.com\/wp-content\/uploads\/2023\/04\/logo.png","contentUrl":"https:\/\/redfoxlotto.com\/wp-content\/uploads\/2023\/04\/logo.png","width":269,"height":53,"caption":"Get Tickets for the World\u2019s largest jackpots"},"image":{"@id":"https:\/\/redfoxlotto.com\/fi\/#\/schema\/logo\/image\/"}}]}},"_links":{"self":[{"href":"https:\/\/redfoxlotto.com\/fi\/wp-json\/wp\/v2\/pages\/30947","targetHints":{"allow":["GET"]}}],"collection":[{"href":"https:\/\/redfoxlotto.com\/fi\/wp-json\/wp\/v2\/pages"}],"about":[{"href":"https:\/\/redfoxlotto.com\/fi\/wp-json\/wp\/v2\/types\/page"}],"author":[{"embeddable":true,"href":"https:\/\/redfoxlotto.com\/fi\/wp-json\/wp\/v2\/users\/1"}],"replies":[{"embeddable":true,"href":"https:\/\/redfoxlotto.com\/fi\/wp-json\/wp\/v2\/comments?post=30947"}],"version-history":[{"count":0,"href":"https:\/\/redfoxlotto.com\/fi\/wp-json\/wp\/v2\/pages\/30947\/revisions"}],"up":[{"embeddable":true,"href":"https:\/\/redfoxlotto.com\/fi\/wp-json\/wp\/v2\/pages\/30931"}],"wp:attachment":[{"href":"https:\/\/redfoxlotto.com\/fi\/wp-json\/wp\/v2\/media?parent=30947"}],"curies":[{"name":"wp","href":"https:\/\/api.w.org\/{rel}","templated":true}]}}