{"id":30946,"date":"2020-08-18T09:14:14","date_gmt":"2020-08-18T09:14:14","guid":{"rendered":"https:\/\/redfoxlotto.com\/?page_id=19741"},"modified":"2023-05-12T16:31:21","modified_gmt":"2023-05-12T16:31:21","slug":"lotto-at","status":"publish","type":"page","link":"https:\/\/redfoxlotto.com\/fi\/lottotulokset-voittonumerot\/lotto-at\/","title":{"rendered":"Lotto It\u00e4valta Tulokset"},"content":{"rendered":"<h2>It\u00e4vallan Lotto voittonumerot<\/h2>\n<p>Mist\u00e4 l\u00f6yd\u00e4t It\u00e4vallan lottovoittonumerot arvonnan p\u00e4\u00e4tytty\u00e4? Sinun tarvitsee vain kirjautua verkkosivuillemme, josta ostit lippusi, ja numerot l\u00f6ytyv\u00e4t sielt\u00e4.<\/p>\n<h2>Viimeisimpien tulosten tarkistaminen<\/h2>\n<p>RedFoxLotto.com-sivustolla l\u00f6yd\u00e4t kaikkien suosikkipeliesi viimeisimm\u00e4t tulokset suoraan verkkosivustoltamme. Sinun ei tarvitse huolehtia mist\u00e4\u00e4n, koska kaikki on aivan siell\u00e4. Mutta jos olet ostanut omat lippusi, on oikeiden tulosten l\u00f6yt\u00e4minen itse asiassa viel\u00e4 helpompaa<\/p>\n<h2>Tulosten tarkistaminen<\/h2>\n<p>Jos lipuissasi on It\u00e4vallan lottovoittonumerot, tied\u00e4t sen heti. Voit nimitt\u00e4in vain kirjautua sis\u00e4\u00e4n henkil\u00f6kohtaiselle tilillesi, tarkistaa &#8221;Omat lippuni&#8221; ja katsoa, mitk\u00e4 numerot vastaavat viimeisimpien arvontojen voittonumeroita.<br \/>\nKaikki liput, jotka olet ostanut mihin tahansa peliin, l\u00f6ytyv\u00e4t t\u00e4\u00e4lt\u00e4, ja voit n\u00e4hd\u00e4, mitk\u00e4 numerot ovat yhteisi\u00e4 voittajalipun kanssa ja mit\u00e4 olet mahdollisesti voittanut. Jos kyseess\u00e4 on enint\u00e4\u00e4n 2500,00 euron summa, se jopa talletetaan tilillesi puolestasi saman tien.<\/p>\n<h2>It\u00e4vallan lottotulosten arkisto<\/h2>\n<p>Kun tied\u00e4t nykyiset It\u00e4vallan lottovoittonumerot, saatat haluta tiet\u00e4\u00e4 joitakin vanhoja numeroita. Sinun ei tarvitse kuin tutustua tulosarkistoon, niin n\u00e4et, mitk\u00e4 numerot ovat voittaneet aiemmin ja mitk\u00e4 numerot yleens\u00e4 voittavat useimmiten.<\/p>\n","protected":false},"excerpt":{"rendered":"<p>It\u00e4vallan Lotto voittonumerot Mist\u00e4 l\u00f6yd\u00e4t It\u00e4vallan lottovoittonumerot arvonnan p\u00e4\u00e4tytty\u00e4? Sinun tarvitsee vain kirjautua verkkosivuillemme, josta ostit lippusi, ja numerot l\u00f6ytyv\u00e4t sielt\u00e4. Viimeisimpien tulosten tarkistaminen RedFoxLotto.com-sivustolla l\u00f6yd\u00e4t kaikkien suosikkipeliesi viimeisimm\u00e4t tulokset suoraan verkkosivustoltamme. Sinun ei tarvitse huolehtia mist\u00e4\u00e4n, koska kaikki on aivan siell\u00e4. Mutta jos olet ostanut omat lippusi, on oikeiden tulosten l\u00f6yt\u00e4minen itse asiassa viel\u00e4 [&hellip;]<\/p>\n","protected":false},"author":1,"featured_media":0,"parent":30931,"menu_order":16,"comment_status":"closed","ping_status":"closed","template":"","meta":{"_et_pb_use_builder":"","_et_pb_old_content":"","_et_gb_content_width":"","exclude_from_search":false,"footnotes":""},"class_list":["post-30946","page","type-page","status-publish","hentry"],"yoast_head":"<!-- This site is optimized with the Yoast SEO plugin v23.8 - https:\/\/yoast.com\/wordpress\/plugins\/seo\/ -->\n<title>Voittonumerot ja tulokset It\u00e4vallan arpajaiset<\/title>\n<meta name=\"description\" content=\"Viikoittainen uusi ja menneisyyden arvonta tuloksia It\u00e4vallan arpajaiset\" \/>\n<meta name=\"robots\" content=\"index, follow, max-snippet:-1, max-image-preview:large, max-video-preview:-1\" \/>\n<link rel=\"canonical\" href=\"https:\/\/redfoxlotto.com\/fi\/lottotulokset-voittonumerot\/lotto-at\/\" \/>\n<meta property=\"og:locale\" content=\"fi_FI\" \/>\n<meta property=\"og:type\" content=\"article\" \/>\n<meta property=\"og:title\" content=\"Voittonumerot ja tulokset It\u00e4vallan arpajaiset\" \/>\n<meta property=\"og:description\" content=\"Viikoittainen uusi ja menneisyyden arvonta tuloksia It\u00e4vallan arpajaiset\" \/>\n<meta property=\"og:url\" content=\"https:\/\/redfoxlotto.com\/fi\/lottotulokset-voittonumerot\/lotto-at\/\" \/>\n<meta property=\"og:site_name\" content=\"Get Tickets for the World\u2019s largest jackpots\" \/>\n<meta property=\"article:modified_time\" content=\"2023-05-12T16:31:21+00:00\" \/>\n<meta name=\"twitter:card\" content=\"summary_large_image\" \/>\n<meta name=\"twitter:label1\" content=\"Arvioitu lukuaika\" \/>\n\t<meta name=\"twitter:data1\" content=\"1 minuutti\" \/>\n<script type=\"application\/ld+json\" class=\"yoast-schema-graph\">{\"@context\":\"https:\/\/schema.org\",\"@graph\":[{\"@type\":\"WebPage\",\"@id\":\"https:\/\/redfoxlotto.com\/fi\/lottotulokset-voittonumerot\/lotto-at\/\",\"url\":\"https:\/\/redfoxlotto.com\/fi\/lottotulokset-voittonumerot\/lotto-at\/\",\"name\":\"Voittonumerot ja tulokset It\u00e4vallan arpajaiset\",\"isPartOf\":{\"@id\":\"https:\/\/redfoxlotto.com\/fi\/#website\"},\"datePublished\":\"2020-08-18T09:14:14+00:00\",\"dateModified\":\"2023-05-12T16:31:21+00:00\",\"description\":\"Viikoittainen uusi ja menneisyyden arvonta tuloksia It\u00e4vallan arpajaiset\",\"breadcrumb\":{\"@id\":\"https:\/\/redfoxlotto.com\/fi\/lottotulokset-voittonumerot\/lotto-at\/#breadcrumb\"},\"inLanguage\":\"fi\",\"potentialAction\":[{\"@type\":\"ReadAction\",\"target\":[\"https:\/\/redfoxlotto.com\/fi\/lottotulokset-voittonumerot\/lotto-at\/\"]}]},{\"@type\":\"BreadcrumbList\",\"@id\":\"https:\/\/redfoxlotto.com\/fi\/lottotulokset-voittonumerot\/lotto-at\/#breadcrumb\",\"itemListElement\":[{\"@type\":\"ListItem\",\"position\":1,\"name\":\"Home\",\"item\":\"https:\/\/redfoxlotto.com\/fi\/\"},{\"@type\":\"ListItem\",\"position\":2,\"name\":\"Kansainv\u00e4linen arpajaiset Tulokset\",\"item\":\"https:\/\/redfoxlotto.com\/fi\/lottotulokset-voittonumerot\/\"},{\"@type\":\"ListItem\",\"position\":3,\"name\":\"Lotto It\u00e4valta Tulokset\"}]},{\"@type\":\"WebSite\",\"@id\":\"https:\/\/redfoxlotto.com\/fi\/#website\",\"url\":\"https:\/\/redfoxlotto.com\/fi\/\",\"name\":\"Get Tickets for the World\u2019s largest jackpots\",\"description\":\"Participate in worldwide lottery jackpots from any country\",\"publisher\":{\"@id\":\"https:\/\/redfoxlotto.com\/fi\/#organization\"},\"potentialAction\":[{\"@type\":\"SearchAction\",\"target\":{\"@type\":\"EntryPoint\",\"urlTemplate\":\"https:\/\/redfoxlotto.com\/fi\/?s={search_term_string}\"},\"query-input\":{\"@type\":\"PropertyValueSpecification\",\"valueRequired\":true,\"valueName\":\"search_term_string\"}}],\"inLanguage\":\"fi\"},{\"@type\":\"Organization\",\"@id\":\"https:\/\/redfoxlotto.com\/fi\/#organization\",\"name\":\"Get Tickets for the World\u2019s largest jackpots\",\"url\":\"https:\/\/redfoxlotto.com\/fi\/\",\"logo\":{\"@type\":\"ImageObject\",\"inLanguage\":\"fi\",\"@id\":\"https:\/\/redfoxlotto.com\/fi\/#\/schema\/logo\/image\/\",\"url\":\"https:\/\/redfoxlotto.com\/wp-content\/uploads\/2023\/04\/logo.png\",\"contentUrl\":\"https:\/\/redfoxlotto.com\/wp-content\/uploads\/2023\/04\/logo.png\",\"width\":269,\"height\":53,\"caption\":\"Get Tickets for the World\u2019s largest jackpots\"},\"image\":{\"@id\":\"https:\/\/redfoxlotto.com\/fi\/#\/schema\/logo\/image\/\"}}]}<\/script>\n<!-- \/ Yoast SEO plugin. -->","yoast_head_json":{"title":"Voittonumerot ja tulokset It\u00e4vallan arpajaiset","description":"Viikoittainen uusi ja menneisyyden arvonta tuloksia It\u00e4vallan arpajaiset","robots":{"index":"index","follow":"follow","max-snippet":"max-snippet:-1","max-image-preview":"max-image-preview:large","max-video-preview":"max-video-preview:-1"},"canonical":"https:\/\/redfoxlotto.com\/fi\/lottotulokset-voittonumerot\/lotto-at\/","og_locale":"fi_FI","og_type":"article","og_title":"Voittonumerot ja tulokset It\u00e4vallan arpajaiset","og_description":"Viikoittainen uusi ja menneisyyden arvonta tuloksia It\u00e4vallan arpajaiset","og_url":"https:\/\/redfoxlotto.com\/fi\/lottotulokset-voittonumerot\/lotto-at\/","og_site_name":"Get Tickets for the World\u2019s largest jackpots","article_modified_time":"2023-05-12T16:31:21+00:00","twitter_card":"summary_large_image","twitter_misc":{"Arvioitu lukuaika":"1 minuutti"},"schema":{"@context":"https:\/\/schema.org","@graph":[{"@type":"WebPage","@id":"https:\/\/redfoxlotto.com\/fi\/lottotulokset-voittonumerot\/lotto-at\/","url":"https:\/\/redfoxlotto.com\/fi\/lottotulokset-voittonumerot\/lotto-at\/","name":"Voittonumerot ja tulokset It\u00e4vallan arpajaiset","isPartOf":{"@id":"https:\/\/redfoxlotto.com\/fi\/#website"},"datePublished":"2020-08-18T09:14:14+00:00","dateModified":"2023-05-12T16:31:21+00:00","description":"Viikoittainen uusi ja menneisyyden arvonta tuloksia It\u00e4vallan arpajaiset","breadcrumb":{"@id":"https:\/\/redfoxlotto.com\/fi\/lottotulokset-voittonumerot\/lotto-at\/#breadcrumb"},"inLanguage":"fi","potentialAction":[{"@type":"ReadAction","target":["https:\/\/redfoxlotto.com\/fi\/lottotulokset-voittonumerot\/lotto-at\/"]}]},{"@type":"BreadcrumbList","@id":"https:\/\/redfoxlotto.com\/fi\/lottotulokset-voittonumerot\/lotto-at\/#breadcrumb","itemListElement":[{"@type":"ListItem","position":1,"name":"Home","item":"https:\/\/redfoxlotto.com\/fi\/"},{"@type":"ListItem","position":2,"name":"Kansainv\u00e4linen arpajaiset Tulokset","item":"https:\/\/redfoxlotto.com\/fi\/lottotulokset-voittonumerot\/"},{"@type":"ListItem","position":3,"name":"Lotto It\u00e4valta Tulokset"}]},{"@type":"WebSite","@id":"https:\/\/redfoxlotto.com\/fi\/#website","url":"https:\/\/redfoxlotto.com\/fi\/","name":"Get Tickets for the World\u2019s largest jackpots","description":"Participate in worldwide lottery jackpots from any country","publisher":{"@id":"https:\/\/redfoxlotto.com\/fi\/#organization"},"potentialAction":[{"@type":"SearchAction","target":{"@type":"EntryPoint","urlTemplate":"https:\/\/redfoxlotto.com\/fi\/?s={search_term_string}"},"query-input":{"@type":"PropertyValueSpecification","valueRequired":true,"valueName":"search_term_string"}}],"inLanguage":"fi"},{"@type":"Organization","@id":"https:\/\/redfoxlotto.com\/fi\/#organization","name":"Get Tickets for the World\u2019s largest jackpots","url":"https:\/\/redfoxlotto.com\/fi\/","logo":{"@type":"ImageObject","inLanguage":"fi","@id":"https:\/\/redfoxlotto.com\/fi\/#\/schema\/logo\/image\/","url":"https:\/\/redfoxlotto.com\/wp-content\/uploads\/2023\/04\/logo.png","contentUrl":"https:\/\/redfoxlotto.com\/wp-content\/uploads\/2023\/04\/logo.png","width":269,"height":53,"caption":"Get Tickets for the World\u2019s largest jackpots"},"image":{"@id":"https:\/\/redfoxlotto.com\/fi\/#\/schema\/logo\/image\/"}}]}},"_links":{"self":[{"href":"https:\/\/redfoxlotto.com\/fi\/wp-json\/wp\/v2\/pages\/30946","targetHints":{"allow":["GET"]}}],"collection":[{"href":"https:\/\/redfoxlotto.com\/fi\/wp-json\/wp\/v2\/pages"}],"about":[{"href":"https:\/\/redfoxlotto.com\/fi\/wp-json\/wp\/v2\/types\/page"}],"author":[{"embeddable":true,"href":"https:\/\/redfoxlotto.com\/fi\/wp-json\/wp\/v2\/users\/1"}],"replies":[{"embeddable":true,"href":"https:\/\/redfoxlotto.com\/fi\/wp-json\/wp\/v2\/comments?post=30946"}],"version-history":[{"count":0,"href":"https:\/\/redfoxlotto.com\/fi\/wp-json\/wp\/v2\/pages\/30946\/revisions"}],"up":[{"embeddable":true,"href":"https:\/\/redfoxlotto.com\/fi\/wp-json\/wp\/v2\/pages\/30931"}],"wp:attachment":[{"href":"https:\/\/redfoxlotto.com\/fi\/wp-json\/wp\/v2\/media?parent=30946"}],"curies":[{"name":"wp","href":"https:\/\/api.w.org\/{rel}","templated":true}]}}