{"id":30945,"date":"2020-08-18T09:11:18","date_gmt":"2020-08-18T09:11:18","guid":{"rendered":"https:\/\/redfoxlotto.com\/?page_id=19739"},"modified":"2022-09-26T12:36:30","modified_gmt":"2022-09-26T12:36:30","slug":"lotto-america","status":"publish","type":"page","link":"https:\/\/redfoxlotto.com\/fi\/lottotulokset-voittonumerot\/lotto-america\/","title":{"rendered":"Lotto America Tulokset"},"content":{"rendered":"<p>Oletko fani online-arpajaiset? Jos olet, ostat luultavasti jo lippuja kaikkiin suosikkipeleihisi, mutta tunnetko kaikki eri pelit, joita on olemassa? Tied\u00e4tk\u00f6, kuinka monta erilaista peli\u00e4 voisit pelata? No, sinun pit\u00e4isi ehdottomasti tiet\u00e4\u00e4. Ja sinun pit\u00e4isi tiet\u00e4\u00e4 erityisesti Lotto Amerikasta. Siell\u00e4 voit saada upeita palkintoja ja pit\u00e4\u00e4 my\u00f6s hauskaa.<\/p>\n<h2>Lotto Amerikan pelaaminen<\/h2>\n<p><img loading=\"lazy\" decoding=\"async\" class=\" wp-image alignright\" src=\"https:\/\/content.redfoxlotto.com\/uploads\/sites\/9\/1_draw_results_lotto.jpg\" alt=\"arvonnan tulokset lotto amerikka\" width=\"251\" height=\"177\"><\/p>\n<p>Kun olet valmis pelaamaan Lotto Americaa, sinun tarvitsee vain k\u00e4yd\u00e4 RedFoxLotto-sivustolla, sill\u00e4 peli on siell\u00e4 saatavilla yhdess\u00e4 monien muiden nettipelien kanssa. Voit pelata erilaisia lottopelej\u00e4 ymp\u00e4ri maailmaa. Ja siin\u00e4 se hauskuus vasta alkaa. Mutta jos olet kiinnostunut Lotto Amerikasta, sinun on osattava pelata.<\/p>\n<p>Onneksi t\u00e4m\u00e4n lottopelin pelaaminen on yksinkertaista. Sinun tarvitsee vain valita kuusi numeroa, joiden uskot tulevan arvonnassa esiin. N\u00e4ist\u00e4 viisi on valkoisia palloja vakionumeroita varten. Yksi on punainen pallo bonusnumeroa varten. Jos kaikki numerot t\u00e4sm\u00e4\u00e4v\u00e4t, saat j\u00e4ttipotin. Jos osuu pienempi\u00e4 numeroita, voitat silti palkinnon!<\/p>\n<p>Kun pelaat, voit my\u00f6s lis\u00e4t\u00e4 All Star -bonuksen, joka antaa sinulle mahdollisuuden moninkertaistaa muut voittosi kuin j\u00e4ttipotin. T\u00e4m\u00e4 tarkoittaa, ett\u00e4 voit saada viel\u00e4 suuremman voittopotin ja viel\u00e4 hauskempaa pelaamista.<\/p>\n<h2>Voititko sin\u00e4 Lotto Amerikassa?<\/h2>\n<p>Mutta kun olet valinnut numerosi ja ostanut lippusi, mist\u00e4 tied\u00e4t, oletko todella voittanut? Se on melko yksinkertaista. Sinun tarvitsee vain tarkistaa RedFoxLotto. Jos et ole ostanut lippuja, voit silti n\u00e4hd\u00e4 kaikkien viimeisimpien arpajaisten voittonumerot, mik\u00e4 tarkoittaa, ett\u00e4 voit selvitt\u00e4\u00e4, mitk\u00e4 kertoimet ovat sinulle parhaat.<br \/>\nJos olet pelannut, voit kirjautua suoraan tilillesi n\u00e4hd\u00e4ksesi voittonumerot ja miten lippusi ovat vertailukelpoisia. Voit n\u00e4hd\u00e4 mahdolliset t\u00e4sm\u00e4\u00e4v\u00e4t numerot, joten voit n\u00e4hd\u00e4, mihin voittoihin olet oikeutettu. Sinun ei tarvitse huolehtia siit\u00e4, sill\u00e4 RedFoxLotto huolehtii my\u00f6s siit\u00e4 osasta puolestasi.<\/p>\n<h2>Amerikan lottovoitto<\/h2>\n<p><img decoding=\"async\" class=\"size-full wp-image alignright\" src=\"https:\/\/content.redfoxlotto.com\/uploads\/sites\/9\/1_winner_lottery1.jpg\" alt=\"voittaja lotto amerikka\"><\/p>\n<p>Jos voitat Lotto Amerikassa tai miss\u00e4 tahansa muussa nettilottopeliss\u00e4, siit\u00e4 on huolehdittu puolestasi. Pienet palkinnot voidaan jakaa v\u00e4litt\u00f6m\u00e4sti, heti kun tulokset tulevat ja arpoja on t\u00e4sm\u00e4\u00e4m\u00e4ss\u00e4. Sinun ei tarvitse tehd\u00e4 mit\u00e4\u00e4n lunastaaksesi n\u00e4m\u00e4 palkinnot. Ja ne lis\u00e4t\u00e4\u00e4n suoraan tilillesi, joten voit nostaa rahat tai ostaa uuden arvan.<\/p>\n<p>Jos voitat suurempia palkintoja, pelaamasi lottopelin kautta voi olla vaatimuksia. Jos n\u00e4in on, kaikki on yksinkertaistettu niin paljon kuin mahdollista, jotta voit saada voittosi mahdollisimman vaivattomasti. N\u00e4in voit palata heti pelaamaan tai tekem\u00e4\u00e4n rahoillasi mit\u00e4 tahansa muuta haluatkin.<\/p>\n<p>J\u00e4ttipottipalkintoja varten sinun on t\u00e4ytett\u00e4v\u00e4 papereita tai l\u00e4hetett\u00e4v\u00e4 jonkinlainen todistus. Jos n\u00e4in k\u00e4y, RedFoxLotto tekee sen mahdollisimman helpoksi, ett\u00e4 tied\u00e4t mit\u00e4 ja miten sinun pit\u00e4\u00e4 tehd\u00e4. Ja se toimii mink\u00e4 tahansa lottopelin kohdalla, jonka saatat voittaa Lotto Amerikasta mihin tahansa muuhun sivustolla saatavilla olevaan lottopeliin.<\/p>\n<h2>Pelaaminen uudelleen<\/h2>\n<p>Kun olet valmis, voit ottaa voittosi (tai tallettaa lis\u00e4\u00e4 rahaa) ja alkaa ostaa lippuja seuraavalle pelikierrokselle, jota haluat pelata. Saatat jopa yll\u00e4tty\u00e4 siit\u00e4, kuinka paljon erilaisia pelej\u00e4 on ja kuinka paljon voit mahdollisesti voittaa. Mutta et tule yll\u00e4ttym\u00e4\u00e4n siit\u00e4, kuinka hauskaa sinun on pelata kaikkia n\u00e4it\u00e4 erilaisia pelej\u00e4 itse. Sinun tarvitsee vain p\u00e4\u00e4tt\u00e4\u00e4, mist\u00e4 haluat aloittaa ja mit\u00e4 peli\u00e4 haluat pelata ensin.<\/p>\n","protected":false},"excerpt":{"rendered":"<p>Oletko fani online-arpajaiset? Jos olet, ostat luultavasti jo lippuja kaikkiin suosikkipeleihisi, mutta tunnetko kaikki eri pelit, joita on olemassa? Tied\u00e4tk\u00f6, kuinka monta erilaista peli\u00e4 voisit pelata? No, sinun pit\u00e4isi ehdottomasti tiet\u00e4\u00e4. Ja sinun pit\u00e4isi tiet\u00e4\u00e4 erityisesti Lotto Amerikasta. Siell\u00e4 voit saada upeita palkintoja ja pit\u00e4\u00e4 my\u00f6s hauskaa. Lotto Amerikan pelaaminen Kun olet valmis pelaamaan Lotto [&hellip;]<\/p>\n","protected":false},"author":1,"featured_media":0,"parent":30931,"menu_order":12,"comment_status":"closed","ping_status":"closed","template":"lotto-america-results.php","meta":{"_et_pb_use_builder":"","_et_pb_old_content":"","_et_gb_content_width":"","exclude_from_search":false,"footnotes":""},"class_list":["post-30945","page","type-page","status-publish","hentry"],"yoast_head":"<!-- This site is optimized with the Yoast SEO plugin v23.8 - https:\/\/yoast.com\/wordpress\/plugins\/seo\/ -->\n<title>Lotto America arvonta tulokset, voittonumerot<\/title>\n<meta name=\"description\" content=\"T\u00e4m\u00e4n viikon Lotto Amerikan voittonumerot sek\u00e4 tulosarkisto\" \/>\n<meta name=\"robots\" content=\"index, follow, max-snippet:-1, max-image-preview:large, max-video-preview:-1\" \/>\n<link rel=\"canonical\" href=\"https:\/\/redfoxlotto.com\/fi\/lottotulokset-voittonumerot\/lotto-america\/\" \/>\n<meta property=\"og:locale\" content=\"fi_FI\" \/>\n<meta property=\"og:type\" content=\"article\" \/>\n<meta property=\"og:title\" content=\"Lotto America arvonta tulokset, voittonumerot\" \/>\n<meta property=\"og:description\" content=\"T\u00e4m\u00e4n viikon Lotto Amerikan voittonumerot sek\u00e4 tulosarkisto\" \/>\n<meta property=\"og:url\" content=\"https:\/\/redfoxlotto.com\/fi\/lottotulokset-voittonumerot\/lotto-america\/\" \/>\n<meta property=\"og:site_name\" content=\"Get Tickets for the World\u2019s largest jackpots\" \/>\n<meta property=\"article:modified_time\" content=\"2022-09-26T12:36:30+00:00\" \/>\n<meta property=\"og:image\" content=\"https:\/\/content.redfoxlotto.com\/uploads\/sites\/9\/1_draw_results_lotto.jpg\" \/>\n<meta name=\"twitter:card\" content=\"summary_large_image\" \/>\n<meta name=\"twitter:label1\" content=\"Arvioitu lukuaika\" \/>\n\t<meta name=\"twitter:data1\" content=\"4 minuuttia\" \/>\n<script type=\"application\/ld+json\" class=\"yoast-schema-graph\">{\"@context\":\"https:\/\/schema.org\",\"@graph\":[{\"@type\":\"WebPage\",\"@id\":\"https:\/\/redfoxlotto.com\/fi\/lottotulokset-voittonumerot\/lotto-america\/\",\"url\":\"https:\/\/redfoxlotto.com\/fi\/lottotulokset-voittonumerot\/lotto-america\/\",\"name\":\"Lotto America arvonta tulokset, voittonumerot\",\"isPartOf\":{\"@id\":\"https:\/\/redfoxlotto.com\/fi\/#website\"},\"primaryImageOfPage\":{\"@id\":\"https:\/\/redfoxlotto.com\/fi\/lottotulokset-voittonumerot\/lotto-america\/#primaryimage\"},\"image\":{\"@id\":\"https:\/\/redfoxlotto.com\/fi\/lottotulokset-voittonumerot\/lotto-america\/#primaryimage\"},\"thumbnailUrl\":\"https:\/\/content.redfoxlotto.com\/uploads\/sites\/9\/1_draw_results_lotto.jpg\",\"datePublished\":\"2020-08-18T09:11:18+00:00\",\"dateModified\":\"2022-09-26T12:36:30+00:00\",\"description\":\"T\u00e4m\u00e4n viikon Lotto Amerikan voittonumerot sek\u00e4 tulosarkisto\",\"breadcrumb\":{\"@id\":\"https:\/\/redfoxlotto.com\/fi\/lottotulokset-voittonumerot\/lotto-america\/#breadcrumb\"},\"inLanguage\":\"fi\",\"potentialAction\":[{\"@type\":\"ReadAction\",\"target\":[\"https:\/\/redfoxlotto.com\/fi\/lottotulokset-voittonumerot\/lotto-america\/\"]}]},{\"@type\":\"ImageObject\",\"inLanguage\":\"fi\",\"@id\":\"https:\/\/redfoxlotto.com\/fi\/lottotulokset-voittonumerot\/lotto-america\/#primaryimage\",\"url\":\"https:\/\/content.redfoxlotto.com\/uploads\/sites\/9\/1_draw_results_lotto.jpg\",\"contentUrl\":\"https:\/\/content.redfoxlotto.com\/uploads\/sites\/9\/1_draw_results_lotto.jpg\"},{\"@type\":\"BreadcrumbList\",\"@id\":\"https:\/\/redfoxlotto.com\/fi\/lottotulokset-voittonumerot\/lotto-america\/#breadcrumb\",\"itemListElement\":[{\"@type\":\"ListItem\",\"position\":1,\"name\":\"Home\",\"item\":\"https:\/\/redfoxlotto.com\/fi\/\"},{\"@type\":\"ListItem\",\"position\":2,\"name\":\"Kansainv\u00e4linen arpajaiset Tulokset\",\"item\":\"https:\/\/redfoxlotto.com\/fi\/lottotulokset-voittonumerot\/\"},{\"@type\":\"ListItem\",\"position\":3,\"name\":\"Lotto America Tulokset\"}]},{\"@type\":\"WebSite\",\"@id\":\"https:\/\/redfoxlotto.com\/fi\/#website\",\"url\":\"https:\/\/redfoxlotto.com\/fi\/\",\"name\":\"Get Tickets for the World\u2019s largest jackpots\",\"description\":\"Participate in worldwide lottery jackpots from any country\",\"publisher\":{\"@id\":\"https:\/\/redfoxlotto.com\/fi\/#organization\"},\"potentialAction\":[{\"@type\":\"SearchAction\",\"target\":{\"@type\":\"EntryPoint\",\"urlTemplate\":\"https:\/\/redfoxlotto.com\/fi\/?s={search_term_string}\"},\"query-input\":{\"@type\":\"PropertyValueSpecification\",\"valueRequired\":true,\"valueName\":\"search_term_string\"}}],\"inLanguage\":\"fi\"},{\"@type\":\"Organization\",\"@id\":\"https:\/\/redfoxlotto.com\/fi\/#organization\",\"name\":\"Get Tickets for the World\u2019s largest jackpots\",\"url\":\"https:\/\/redfoxlotto.com\/fi\/\",\"logo\":{\"@type\":\"ImageObject\",\"inLanguage\":\"fi\",\"@id\":\"https:\/\/redfoxlotto.com\/fi\/#\/schema\/logo\/image\/\",\"url\":\"https:\/\/redfoxlotto.com\/wp-content\/uploads\/2023\/04\/logo.png\",\"contentUrl\":\"https:\/\/redfoxlotto.com\/wp-content\/uploads\/2023\/04\/logo.png\",\"width\":269,\"height\":53,\"caption\":\"Get Tickets for the World\u2019s largest jackpots\"},\"image\":{\"@id\":\"https:\/\/redfoxlotto.com\/fi\/#\/schema\/logo\/image\/\"}}]}<\/script>\n<!-- \/ Yoast SEO plugin. -->","yoast_head_json":{"title":"Lotto America arvonta tulokset, voittonumerot","description":"T\u00e4m\u00e4n viikon Lotto Amerikan voittonumerot sek\u00e4 tulosarkisto","robots":{"index":"index","follow":"follow","max-snippet":"max-snippet:-1","max-image-preview":"max-image-preview:large","max-video-preview":"max-video-preview:-1"},"canonical":"https:\/\/redfoxlotto.com\/fi\/lottotulokset-voittonumerot\/lotto-america\/","og_locale":"fi_FI","og_type":"article","og_title":"Lotto America arvonta tulokset, voittonumerot","og_description":"T\u00e4m\u00e4n viikon Lotto Amerikan voittonumerot sek\u00e4 tulosarkisto","og_url":"https:\/\/redfoxlotto.com\/fi\/lottotulokset-voittonumerot\/lotto-america\/","og_site_name":"Get Tickets for the World\u2019s largest jackpots","article_modified_time":"2022-09-26T12:36:30+00:00","og_image":[{"url":"https:\/\/content.redfoxlotto.com\/uploads\/sites\/9\/1_draw_results_lotto.jpg"}],"twitter_card":"summary_large_image","twitter_misc":{"Arvioitu lukuaika":"4 minuuttia"},"schema":{"@context":"https:\/\/schema.org","@graph":[{"@type":"WebPage","@id":"https:\/\/redfoxlotto.com\/fi\/lottotulokset-voittonumerot\/lotto-america\/","url":"https:\/\/redfoxlotto.com\/fi\/lottotulokset-voittonumerot\/lotto-america\/","name":"Lotto America arvonta tulokset, voittonumerot","isPartOf":{"@id":"https:\/\/redfoxlotto.com\/fi\/#website"},"primaryImageOfPage":{"@id":"https:\/\/redfoxlotto.com\/fi\/lottotulokset-voittonumerot\/lotto-america\/#primaryimage"},"image":{"@id":"https:\/\/redfoxlotto.com\/fi\/lottotulokset-voittonumerot\/lotto-america\/#primaryimage"},"thumbnailUrl":"https:\/\/content.redfoxlotto.com\/uploads\/sites\/9\/1_draw_results_lotto.jpg","datePublished":"2020-08-18T09:11:18+00:00","dateModified":"2022-09-26T12:36:30+00:00","description":"T\u00e4m\u00e4n viikon Lotto Amerikan voittonumerot sek\u00e4 tulosarkisto","breadcrumb":{"@id":"https:\/\/redfoxlotto.com\/fi\/lottotulokset-voittonumerot\/lotto-america\/#breadcrumb"},"inLanguage":"fi","potentialAction":[{"@type":"ReadAction","target":["https:\/\/redfoxlotto.com\/fi\/lottotulokset-voittonumerot\/lotto-america\/"]}]},{"@type":"ImageObject","inLanguage":"fi","@id":"https:\/\/redfoxlotto.com\/fi\/lottotulokset-voittonumerot\/lotto-america\/#primaryimage","url":"https:\/\/content.redfoxlotto.com\/uploads\/sites\/9\/1_draw_results_lotto.jpg","contentUrl":"https:\/\/content.redfoxlotto.com\/uploads\/sites\/9\/1_draw_results_lotto.jpg"},{"@type":"BreadcrumbList","@id":"https:\/\/redfoxlotto.com\/fi\/lottotulokset-voittonumerot\/lotto-america\/#breadcrumb","itemListElement":[{"@type":"ListItem","position":1,"name":"Home","item":"https:\/\/redfoxlotto.com\/fi\/"},{"@type":"ListItem","position":2,"name":"Kansainv\u00e4linen arpajaiset Tulokset","item":"https:\/\/redfoxlotto.com\/fi\/lottotulokset-voittonumerot\/"},{"@type":"ListItem","position":3,"name":"Lotto America Tulokset"}]},{"@type":"WebSite","@id":"https:\/\/redfoxlotto.com\/fi\/#website","url":"https:\/\/redfoxlotto.com\/fi\/","name":"Get Tickets for the World\u2019s largest jackpots","description":"Participate in worldwide lottery jackpots from any country","publisher":{"@id":"https:\/\/redfoxlotto.com\/fi\/#organization"},"potentialAction":[{"@type":"SearchAction","target":{"@type":"EntryPoint","urlTemplate":"https:\/\/redfoxlotto.com\/fi\/?s={search_term_string}"},"query-input":{"@type":"PropertyValueSpecification","valueRequired":true,"valueName":"search_term_string"}}],"inLanguage":"fi"},{"@type":"Organization","@id":"https:\/\/redfoxlotto.com\/fi\/#organization","name":"Get Tickets for the World\u2019s largest jackpots","url":"https:\/\/redfoxlotto.com\/fi\/","logo":{"@type":"ImageObject","inLanguage":"fi","@id":"https:\/\/redfoxlotto.com\/fi\/#\/schema\/logo\/image\/","url":"https:\/\/redfoxlotto.com\/wp-content\/uploads\/2023\/04\/logo.png","contentUrl":"https:\/\/redfoxlotto.com\/wp-content\/uploads\/2023\/04\/logo.png","width":269,"height":53,"caption":"Get Tickets for the World\u2019s largest jackpots"},"image":{"@id":"https:\/\/redfoxlotto.com\/fi\/#\/schema\/logo\/image\/"}}]}},"_links":{"self":[{"href":"https:\/\/redfoxlotto.com\/fi\/wp-json\/wp\/v2\/pages\/30945","targetHints":{"allow":["GET"]}}],"collection":[{"href":"https:\/\/redfoxlotto.com\/fi\/wp-json\/wp\/v2\/pages"}],"about":[{"href":"https:\/\/redfoxlotto.com\/fi\/wp-json\/wp\/v2\/types\/page"}],"author":[{"embeddable":true,"href":"https:\/\/redfoxlotto.com\/fi\/wp-json\/wp\/v2\/users\/1"}],"replies":[{"embeddable":true,"href":"https:\/\/redfoxlotto.com\/fi\/wp-json\/wp\/v2\/comments?post=30945"}],"version-history":[{"count":0,"href":"https:\/\/redfoxlotto.com\/fi\/wp-json\/wp\/v2\/pages\/30945\/revisions"}],"up":[{"embeddable":true,"href":"https:\/\/redfoxlotto.com\/fi\/wp-json\/wp\/v2\/pages\/30931"}],"wp:attachment":[{"href":"https:\/\/redfoxlotto.com\/fi\/wp-json\/wp\/v2\/media?parent=30945"}],"curies":[{"name":"wp","href":"https:\/\/api.w.org\/{rel}","templated":true}]}}