{"id":30944,"date":"2020-08-18T09:23:56","date_gmt":"2020-08-18T09:23:56","guid":{"rendered":"https:\/\/redfoxlotto.com\/?page_id=19737"},"modified":"2022-09-26T12:36:30","modified_gmt":"2022-09-26T12:36:30","slug":"lotto-6aus49","status":"publish","type":"page","link":"https:\/\/redfoxlotto.com\/fi\/lottotulokset-voittonumerot\/lotto-6aus49\/","title":{"rendered":"Saksan Lotto tulokset"},"content":{"rendered":"<h2>Saksan Lotto 6aus49 voittonumerot<\/h2>\n<p>Jos olet pelannut Saksan lottoa, haluat tiet\u00e4\u00e4, oletko voittanut jotain, ja se tarkoittaa, ett\u00e4 sinun on tiedett\u00e4v\u00e4 voittonumerot. Tai jos haluat pelata joitakin numeroita, jotka ovat voittaneet viime aikoina tai useimmin, sinun on tiedett\u00e4v\u00e4, mitk\u00e4 n\u00e4m\u00e4 numerot ovat, mutta miten voit tarkistaa Saksan Lotto 6aus49 voittonumerot?<\/p>\n<h2>Viimeisimpien tulosten tarkistaminen<\/h2>\n<p><img loading=\"lazy\" decoding=\"async\" class=\" wp-image alignright\" src=\"https:\/\/content.redfoxlotto.com\/uploads\/sites\/9\/1_draw_results_lotto2.jpg\" alt=\"lotto tulokset saksa\" width=\"224\" height=\"106\"><\/p>\n<p>Voit tarkistaa t\u00e4m\u00e4n lottopelin viimeisimm\u00e4t tulokset suoraan verkossa, ja voit tehd\u00e4 sen my\u00f6s RedFoxLotto.com-sivustolta. Sinun tarvitsee vain k\u00e4yd\u00e4 sivustolla ja n\u00e4et kaikkien suosikkipeliesi voittonumerot.<\/p>\n<p>Jos olet itse pelannut t\u00e4t\u00e4 peli\u00e4 (tai mit\u00e4 tahansa muuta peli\u00e4), voit kirjautua tilillesi ja tarkistaa voittonumerot sielt\u00e4, ja n\u00e4in saat selville, oletko voittanut jotain.<\/p>\n<h2>Voititko sin\u00e4?<\/h2>\n<p>Jos pelasit jotakin sivustomme lottopelej\u00e4 ja voitit, tied\u00e4t sen heti, koska voit kirjautua tilillesi ja n\u00e4hd\u00e4 voittonumerot verrattuna omiin numeroihisi. Vastaavat numerosi ovat kaikki korostettuina, jotta n\u00e4et ne. Ja voittosi tulevat my\u00f6s automaattisesti tilillesi.<\/p>\n<h2>Vanhojen numeroiden tarkistaminen<\/h2>\n<p><img loading=\"lazy\" decoding=\"async\" class=\" wp-image alignright\" src=\"https:\/\/content.redfoxlotto.com\/uploads\/sites\/9\/1_win_lottery_prizes.jpg\" alt=\"voittaa lotossa\" width=\"231\" height=\"153\"><\/p>\n<p>Jos haluat tiet\u00e4\u00e4 joitakin Saksan Lotto 6aus49 -voitonumeroita aiemmilta ajoilta, voit tarkistaa tulosarkiston. L\u00f6yd\u00e4t sielt\u00e4 vanhoja numeroita, joita voit k\u00e4ytt\u00e4\u00e4 mihin tahansa.<\/p>\n","protected":false},"excerpt":{"rendered":"<p>Saksan Lotto 6aus49 voittonumerot Jos olet pelannut Saksan lottoa, haluat tiet\u00e4\u00e4, oletko voittanut jotain, ja se tarkoittaa, ett\u00e4 sinun on tiedett\u00e4v\u00e4 voittonumerot. Tai jos haluat pelata joitakin numeroita, jotka ovat voittaneet viime aikoina tai useimmin, sinun on tiedett\u00e4v\u00e4, mitk\u00e4 n\u00e4m\u00e4 numerot ovat, mutta miten voit tarkistaa Saksan Lotto 6aus49 voittonumerot? Viimeisimpien tulosten tarkistaminen Voit tarkistaa [&hellip;]<\/p>\n","protected":false},"author":1,"featured_media":0,"parent":30931,"menu_order":15,"comment_status":"closed","ping_status":"closed","template":"lotto-german-results.php","meta":{"_et_pb_use_builder":"","_et_pb_old_content":"","_et_gb_content_width":"","exclude_from_search":false,"footnotes":""},"class_list":["post-30944","page","type-page","status-publish","hentry"],"yoast_head":"<!-- This site is optimized with the Yoast SEO plugin v27.4 - https:\/\/yoast.com\/product\/yoast-seo-wordpress\/ -->\n<title>Saksan lottoarvonnan tulokset ja voittavat numeroyhdistelm\u00e4t sek\u00e4 arkisto.<\/title>\n<meta name=\"description\" content=\"Valitsitko Saksan loton voittonumerot? Tarkista arvonnan tulokset verkkosivuiltamme\" \/>\n<meta name=\"robots\" content=\"index, follow, max-snippet:-1, max-image-preview:large, max-video-preview:-1\" \/>\n<link rel=\"canonical\" href=\"https:\/\/redfoxlotto.com\/fi\/lottotulokset-voittonumerot\/lotto-6aus49\/\" \/>\n<meta property=\"og:locale\" content=\"fi_FI\" \/>\n<meta property=\"og:type\" content=\"article\" \/>\n<meta property=\"og:title\" content=\"Saksan lottoarvonnan tulokset ja voittavat numeroyhdistelm\u00e4t sek\u00e4 arkisto.\" \/>\n<meta property=\"og:description\" content=\"Valitsitko Saksan loton voittonumerot? Tarkista arvonnan tulokset verkkosivuiltamme\" \/>\n<meta property=\"og:url\" content=\"https:\/\/redfoxlotto.com\/fi\/lottotulokset-voittonumerot\/lotto-6aus49\/\" \/>\n<meta property=\"og:site_name\" content=\"Get Tickets for the World\u2019s largest jackpots\" \/>\n<meta property=\"article:modified_time\" content=\"2022-09-26T12:36:30+00:00\" \/>\n<meta property=\"og:image\" content=\"https:\/\/content.redfoxlotto.com\/uploads\/sites\/9\/1_draw_results_lotto2.jpg\" \/>\n<meta name=\"twitter:card\" content=\"summary_large_image\" \/>\n<script type=\"application\/ld+json\" class=\"yoast-schema-graph\">{\"@context\":\"https:\\\/\\\/schema.org\",\"@graph\":[{\"@type\":\"WebPage\",\"@id\":\"https:\\\/\\\/redfoxlotto.com\\\/fi\\\/lottotulokset-voittonumerot\\\/lotto-6aus49\\\/\",\"url\":\"https:\\\/\\\/redfoxlotto.com\\\/fi\\\/lottotulokset-voittonumerot\\\/lotto-6aus49\\\/\",\"name\":\"Saksan lottoarvonnan tulokset ja voittavat numeroyhdistelm\u00e4t sek\u00e4 arkisto.\",\"isPartOf\":{\"@id\":\"https:\\\/\\\/redfoxlotto.com\\\/fi\\\/#website\"},\"primaryImageOfPage\":{\"@id\":\"https:\\\/\\\/redfoxlotto.com\\\/fi\\\/lottotulokset-voittonumerot\\\/lotto-6aus49\\\/#primaryimage\"},\"image\":{\"@id\":\"https:\\\/\\\/redfoxlotto.com\\\/fi\\\/lottotulokset-voittonumerot\\\/lotto-6aus49\\\/#primaryimage\"},\"thumbnailUrl\":\"https:\\\/\\\/content.redfoxlotto.com\\\/uploads\\\/sites\\\/9\\\/1_draw_results_lotto2.jpg\",\"datePublished\":\"2020-08-18T09:23:56+00:00\",\"dateModified\":\"2022-09-26T12:36:30+00:00\",\"description\":\"Valitsitko Saksan loton voittonumerot? Tarkista arvonnan tulokset verkkosivuiltamme\",\"breadcrumb\":{\"@id\":\"https:\\\/\\\/redfoxlotto.com\\\/fi\\\/lottotulokset-voittonumerot\\\/lotto-6aus49\\\/#breadcrumb\"},\"inLanguage\":\"fi\",\"potentialAction\":[{\"@type\":\"ReadAction\",\"target\":[\"https:\\\/\\\/redfoxlotto.com\\\/fi\\\/lottotulokset-voittonumerot\\\/lotto-6aus49\\\/\"]}]},{\"@type\":\"ImageObject\",\"inLanguage\":\"fi\",\"@id\":\"https:\\\/\\\/redfoxlotto.com\\\/fi\\\/lottotulokset-voittonumerot\\\/lotto-6aus49\\\/#primaryimage\",\"url\":\"https:\\\/\\\/content.redfoxlotto.com\\\/uploads\\\/sites\\\/9\\\/1_draw_results_lotto2.jpg\",\"contentUrl\":\"https:\\\/\\\/content.redfoxlotto.com\\\/uploads\\\/sites\\\/9\\\/1_draw_results_lotto2.jpg\"},{\"@type\":\"BreadcrumbList\",\"@id\":\"https:\\\/\\\/redfoxlotto.com\\\/fi\\\/lottotulokset-voittonumerot\\\/lotto-6aus49\\\/#breadcrumb\",\"itemListElement\":[{\"@type\":\"ListItem\",\"position\":1,\"name\":\"Home\",\"item\":\"https:\\\/\\\/redfoxlotto.com\\\/fi\\\/\"},{\"@type\":\"ListItem\",\"position\":2,\"name\":\"Kansainv\u00e4linen arpajaiset Tulokset\",\"item\":\"https:\\\/\\\/redfoxlotto.com\\\/fi\\\/lottotulokset-voittonumerot\\\/\"},{\"@type\":\"ListItem\",\"position\":3,\"name\":\"Saksan Lotto tulokset\"}]},{\"@type\":\"WebSite\",\"@id\":\"https:\\\/\\\/redfoxlotto.com\\\/fi\\\/#website\",\"url\":\"https:\\\/\\\/redfoxlotto.com\\\/fi\\\/\",\"name\":\"Get Tickets for the World\u2019s largest jackpots\",\"description\":\"Participate in worldwide lottery jackpots from any country\",\"publisher\":{\"@id\":\"https:\\\/\\\/redfoxlotto.com\\\/fi\\\/#organization\"},\"potentialAction\":[{\"@type\":\"SearchAction\",\"target\":{\"@type\":\"EntryPoint\",\"urlTemplate\":\"https:\\\/\\\/redfoxlotto.com\\\/fi\\\/?s={search_term_string}\"},\"query-input\":{\"@type\":\"PropertyValueSpecification\",\"valueRequired\":true,\"valueName\":\"search_term_string\"}}],\"inLanguage\":\"fi\"},{\"@type\":\"Organization\",\"@id\":\"https:\\\/\\\/redfoxlotto.com\\\/fi\\\/#organization\",\"name\":\"Get Tickets for the World\u2019s largest jackpots\",\"url\":\"https:\\\/\\\/redfoxlotto.com\\\/fi\\\/\",\"logo\":{\"@type\":\"ImageObject\",\"inLanguage\":\"fi\",\"@id\":\"https:\\\/\\\/redfoxlotto.com\\\/fi\\\/#\\\/schema\\\/logo\\\/image\\\/\",\"url\":\"https:\\\/\\\/redfoxlotto.com\\\/wp-content\\\/uploads\\\/2023\\\/04\\\/logo.png\",\"contentUrl\":\"https:\\\/\\\/redfoxlotto.com\\\/wp-content\\\/uploads\\\/2023\\\/04\\\/logo.png\",\"width\":269,\"height\":53,\"caption\":\"Get Tickets for the World\u2019s largest jackpots\"},\"image\":{\"@id\":\"https:\\\/\\\/redfoxlotto.com\\\/fi\\\/#\\\/schema\\\/logo\\\/image\\\/\"}}]}<\/script>\n<!-- \/ Yoast SEO plugin. -->","yoast_head_json":{"title":"Saksan lottoarvonnan tulokset ja voittavat numeroyhdistelm\u00e4t sek\u00e4 arkisto.","description":"Valitsitko Saksan loton voittonumerot? Tarkista arvonnan tulokset verkkosivuiltamme","robots":{"index":"index","follow":"follow","max-snippet":"max-snippet:-1","max-image-preview":"max-image-preview:large","max-video-preview":"max-video-preview:-1"},"canonical":"https:\/\/redfoxlotto.com\/fi\/lottotulokset-voittonumerot\/lotto-6aus49\/","og_locale":"fi_FI","og_type":"article","og_title":"Saksan lottoarvonnan tulokset ja voittavat numeroyhdistelm\u00e4t sek\u00e4 arkisto.","og_description":"Valitsitko Saksan loton voittonumerot? Tarkista arvonnan tulokset verkkosivuiltamme","og_url":"https:\/\/redfoxlotto.com\/fi\/lottotulokset-voittonumerot\/lotto-6aus49\/","og_site_name":"Get Tickets for the World\u2019s largest jackpots","article_modified_time":"2022-09-26T12:36:30+00:00","og_image":[{"url":"https:\/\/content.redfoxlotto.com\/uploads\/sites\/9\/1_draw_results_lotto2.jpg","type":"","width":"","height":""}],"twitter_card":"summary_large_image","schema":{"@context":"https:\/\/schema.org","@graph":[{"@type":"WebPage","@id":"https:\/\/redfoxlotto.com\/fi\/lottotulokset-voittonumerot\/lotto-6aus49\/","url":"https:\/\/redfoxlotto.com\/fi\/lottotulokset-voittonumerot\/lotto-6aus49\/","name":"Saksan lottoarvonnan tulokset ja voittavat numeroyhdistelm\u00e4t sek\u00e4 arkisto.","isPartOf":{"@id":"https:\/\/redfoxlotto.com\/fi\/#website"},"primaryImageOfPage":{"@id":"https:\/\/redfoxlotto.com\/fi\/lottotulokset-voittonumerot\/lotto-6aus49\/#primaryimage"},"image":{"@id":"https:\/\/redfoxlotto.com\/fi\/lottotulokset-voittonumerot\/lotto-6aus49\/#primaryimage"},"thumbnailUrl":"https:\/\/content.redfoxlotto.com\/uploads\/sites\/9\/1_draw_results_lotto2.jpg","datePublished":"2020-08-18T09:23:56+00:00","dateModified":"2022-09-26T12:36:30+00:00","description":"Valitsitko Saksan loton voittonumerot? Tarkista arvonnan tulokset verkkosivuiltamme","breadcrumb":{"@id":"https:\/\/redfoxlotto.com\/fi\/lottotulokset-voittonumerot\/lotto-6aus49\/#breadcrumb"},"inLanguage":"fi","potentialAction":[{"@type":"ReadAction","target":["https:\/\/redfoxlotto.com\/fi\/lottotulokset-voittonumerot\/lotto-6aus49\/"]}]},{"@type":"ImageObject","inLanguage":"fi","@id":"https:\/\/redfoxlotto.com\/fi\/lottotulokset-voittonumerot\/lotto-6aus49\/#primaryimage","url":"https:\/\/content.redfoxlotto.com\/uploads\/sites\/9\/1_draw_results_lotto2.jpg","contentUrl":"https:\/\/content.redfoxlotto.com\/uploads\/sites\/9\/1_draw_results_lotto2.jpg"},{"@type":"BreadcrumbList","@id":"https:\/\/redfoxlotto.com\/fi\/lottotulokset-voittonumerot\/lotto-6aus49\/#breadcrumb","itemListElement":[{"@type":"ListItem","position":1,"name":"Home","item":"https:\/\/redfoxlotto.com\/fi\/"},{"@type":"ListItem","position":2,"name":"Kansainv\u00e4linen arpajaiset Tulokset","item":"https:\/\/redfoxlotto.com\/fi\/lottotulokset-voittonumerot\/"},{"@type":"ListItem","position":3,"name":"Saksan Lotto tulokset"}]},{"@type":"WebSite","@id":"https:\/\/redfoxlotto.com\/fi\/#website","url":"https:\/\/redfoxlotto.com\/fi\/","name":"Get Tickets for the World\u2019s largest jackpots","description":"Participate in worldwide lottery jackpots from any country","publisher":{"@id":"https:\/\/redfoxlotto.com\/fi\/#organization"},"potentialAction":[{"@type":"SearchAction","target":{"@type":"EntryPoint","urlTemplate":"https:\/\/redfoxlotto.com\/fi\/?s={search_term_string}"},"query-input":{"@type":"PropertyValueSpecification","valueRequired":true,"valueName":"search_term_string"}}],"inLanguage":"fi"},{"@type":"Organization","@id":"https:\/\/redfoxlotto.com\/fi\/#organization","name":"Get Tickets for the World\u2019s largest jackpots","url":"https:\/\/redfoxlotto.com\/fi\/","logo":{"@type":"ImageObject","inLanguage":"fi","@id":"https:\/\/redfoxlotto.com\/fi\/#\/schema\/logo\/image\/","url":"https:\/\/redfoxlotto.com\/wp-content\/uploads\/2023\/04\/logo.png","contentUrl":"https:\/\/redfoxlotto.com\/wp-content\/uploads\/2023\/04\/logo.png","width":269,"height":53,"caption":"Get Tickets for the World\u2019s largest jackpots"},"image":{"@id":"https:\/\/redfoxlotto.com\/fi\/#\/schema\/logo\/image\/"}}]}},"_links":{"self":[{"href":"https:\/\/redfoxlotto.com\/fi\/wp-json\/wp\/v2\/pages\/30944","targetHints":{"allow":["GET"]}}],"collection":[{"href":"https:\/\/redfoxlotto.com\/fi\/wp-json\/wp\/v2\/pages"}],"about":[{"href":"https:\/\/redfoxlotto.com\/fi\/wp-json\/wp\/v2\/types\/page"}],"author":[{"embeddable":true,"href":"https:\/\/redfoxlotto.com\/fi\/wp-json\/wp\/v2\/users\/1"}],"replies":[{"embeddable":true,"href":"https:\/\/redfoxlotto.com\/fi\/wp-json\/wp\/v2\/comments?post=30944"}],"version-history":[{"count":0,"href":"https:\/\/redfoxlotto.com\/fi\/wp-json\/wp\/v2\/pages\/30944\/revisions"}],"up":[{"embeddable":true,"href":"https:\/\/redfoxlotto.com\/fi\/wp-json\/wp\/v2\/pages\/30931"}],"wp:attachment":[{"href":"https:\/\/redfoxlotto.com\/fi\/wp-json\/wp\/v2\/media?parent=30944"}],"curies":[{"name":"wp","href":"https:\/\/api.w.org\/{rel}","templated":true}]}}