{"id":30937,"date":"2020-04-16T13:14:59","date_gmt":"2020-04-16T13:14:59","guid":{"rendered":"https:\/\/redfoxlotto.com\/?page_id=19723"},"modified":"2022-09-26T12:36:30","modified_gmt":"2022-09-26T12:36:30","slug":"lotto-fr","status":"publish","type":"page","link":"https:\/\/redfoxlotto.com\/fi\/lottotulokset-voittonumerot\/lotto-fr\/","title":{"rendered":"Ranskan Lottery Tulokset"},"content":{"rendered":"<p>Oletko aloittanut lottopelaamisen netiss\u00e4 ja nyt haluat varmistaa, ett\u00e4 saat voittonumerot mahdollisimman helposti? Tarkastelemme Ranskan lottotuloksia ja sit\u00e4, mit\u00e4 ne voivat merkit\u00e4 sinulle. Loppujen lopuksi, jos pelaat n\u00e4it\u00e4 lottopelej\u00e4, haluat varmistaa, ett\u00e4 tied\u00e4t tulokset heti, kun ne ovat saatavilla, eik\u00f6 niin? Se on nyt helpompaa kuin koskaan.<\/p>\n<h2>Ranskan lottotulosten l\u00f6yt\u00e4minen<\/h2>\n<p><img decoding=\"async\" class=\" wp-image-5380 alignright\" src=\"https:\/\/content.redfoxlotto.com\/uploads\/sites\/9\/lotto-online.jpeg\" alt=\"Lotto Ranska\" width=\"250&quot;\" height=\"125\"><\/p>\n<p>Kun etsit lottotuloksia netist\u00e4, sinun on ensimm\u00e4iseksi tiedett\u00e4v\u00e4, mist\u00e4 l\u00f6yd\u00e4t viralliset lottotulokset. On kaikenlaisia sivustoja, joita voit vilkaista saadaksesi lis\u00e4tietoja, mutta paras paikka on se, josta ostit arvan tai pelaamasi loton virallinen verkkosivusto. Ranskan loton osalta l\u00f6yd\u00e4t useita eri vaihtoehtoja ja paikkoja, joten varmista, ett\u00e4 etsit jommaltakummalta n\u00e4ist\u00e4 kahdesta alueesta tai ett\u00e4 tarkistat numerot kahdesti eri paikoista.<\/p>\n<h2>Palkintoluokkien ymm\u00e4rt\u00e4minen<\/h2>\n<p>Kun olet l\u00f6yt\u00e4nyt voittotulokset, haluat tarkastella tarkemmin esimerkiksi palkintoluetteloa ja sit\u00e4, mitk\u00e4 numerot ovat oikeasti oikein. Loppujen lopuksi Ranskan lottopeli on samanlainen kuin monet muutkin lottopelit ymp\u00e4ri maailmaa. Sinun on saatava kaikki numerot, eli t\u00e4ss\u00e4 tapauksessa viisi palloa ja bonus, samaan aikaan. Se on vaikeaa, mutta ei todellakaan mahdotonta (ihmiset voittavat lotossa koko ajan, eik\u00f6 niin?). Jos saat kaikki numerot oikein ja valitset bonuspallon oikein, voitat jatkuvasti kasvavan j\u00e4ttipotin.<\/p>\n<p>Jos saat vain muutaman numeron oikein (jopa vain yhden, jos saat bonuspallon), voitat todellakin palkinnon. Et kuitenkaan voita paljon, jos saat vain bonuspallon tai edes yhden tai kaksi palloa oikein. Mutta jos saat nelj\u00e4 palloa, voitat melko hyv\u00e4n summan, ja jos saat v\u00e4hint\u00e4\u00e4n nelj\u00e4 palloa bonuspallon kanssa, voitat todella hyvin. Itse asiassa, jos saat vain nelj\u00e4 palloa oikein bonuspallon kanssa, saat enemm\u00e4n voittoa kuin jos saat viisi palloa oikein ilman bonuspalloa.<\/p>\n<h2>Suosikkipelien pelaaminen<\/h2>\n<p><img decoding=\"async\" class=\" wp-image-5380 alignright\" src=\"https:\/\/content.redfoxlotto.com\/uploads\/sites\/9\/loto-francais-tirage.jpg\" alt=\"tulokset \" width=\"250&quot;\" height=\"125\"><\/p>\n<p>Jos haluat l\u00f6yt\u00e4\u00e4 Ranskan lottotuloksia, t\u00e4rkeint\u00e4 on etsi\u00e4 oikeista paikoista. Tulokset arvotaan joka maanantai, keskiviikko ja lauantai, mik\u00e4 tarkoittaa, ett\u00e4 sinulla on paljon mahdollisuuksia voittaa, ja j\u00e4ttipotti vain kasvaa joka p\u00e4iv\u00e4, joten jos et voita sit\u00e4 t\u00e4n\u00e4\u00e4n, voit olla suuri voittaja jo muutaman p\u00e4iv\u00e4n p\u00e4\u00e4st\u00e4!<\/p>\n","protected":false},"excerpt":{"rendered":"<p>Oletko aloittanut lottopelaamisen netiss\u00e4 ja nyt haluat varmistaa, ett\u00e4 saat voittonumerot mahdollisimman helposti? Tarkastelemme Ranskan lottotuloksia ja sit\u00e4, mit\u00e4 ne voivat merkit\u00e4 sinulle. Loppujen lopuksi, jos pelaat n\u00e4it\u00e4 lottopelej\u00e4, haluat varmistaa, ett\u00e4 tied\u00e4t tulokset heti, kun ne ovat saatavilla, eik\u00f6 niin? Se on nyt helpompaa kuin koskaan. Ranskan lottotulosten l\u00f6yt\u00e4minen Kun etsit lottotuloksia netist\u00e4, sinun [&hellip;]<\/p>\n","protected":false},"author":1,"featured_media":0,"parent":30931,"menu_order":32,"comment_status":"closed","ping_status":"closed","template":"lotto-fr-results.php","meta":{"_et_pb_use_builder":"","_et_pb_old_content":"","_et_gb_content_width":"","exclude_from_search":false,"footnotes":""},"class_list":["post-30937","page","type-page","status-publish","hentry"],"yoast_head":"<!-- This site is optimized with the Yoast SEO plugin v23.8 - https:\/\/yoast.com\/wordpress\/plugins\/seo\/ -->\n<title>L\u00f6yt\u00e4minen Ranskan lottotulokset<\/title>\n<meta name=\"description\" content=\"Ranskan lottotulosten l\u00f6yt\u00e4minen on yksinkertaista ja helppoa, koska sinun tarvitsee vain tarkistaa ne t\u00e4\u00e4lt\u00e4.\" \/>\n<meta name=\"robots\" content=\"index, follow, max-snippet:-1, max-image-preview:large, max-video-preview:-1\" \/>\n<link rel=\"canonical\" href=\"https:\/\/redfoxlotto.com\/fi\/lottotulokset-voittonumerot\/lotto-fr\/\" \/>\n<meta property=\"og:locale\" content=\"fi_FI\" \/>\n<meta property=\"og:type\" content=\"article\" \/>\n<meta property=\"og:title\" content=\"L\u00f6yt\u00e4minen Ranskan lottotulokset\" \/>\n<meta property=\"og:description\" content=\"Ranskan lottotulosten l\u00f6yt\u00e4minen on yksinkertaista ja helppoa, koska sinun tarvitsee vain tarkistaa ne t\u00e4\u00e4lt\u00e4.\" \/>\n<meta property=\"og:url\" content=\"https:\/\/redfoxlotto.com\/fi\/lottotulokset-voittonumerot\/lotto-fr\/\" \/>\n<meta property=\"og:site_name\" content=\"Get Tickets for the World\u2019s largest jackpots\" \/>\n<meta property=\"article:modified_time\" content=\"2022-09-26T12:36:30+00:00\" \/>\n<meta property=\"og:image\" content=\"https:\/\/content.redfoxlotto.com\/uploads\/sites\/9\/lotto-online.jpeg\" \/>\n<meta name=\"twitter:card\" content=\"summary_large_image\" \/>\n<meta name=\"twitter:label1\" content=\"Arvioitu lukuaika\" \/>\n\t<meta name=\"twitter:data1\" content=\"3 minuuttia\" \/>\n<script type=\"application\/ld+json\" class=\"yoast-schema-graph\">{\"@context\":\"https:\/\/schema.org\",\"@graph\":[{\"@type\":\"WebPage\",\"@id\":\"https:\/\/redfoxlotto.com\/fi\/lottotulokset-voittonumerot\/lotto-fr\/\",\"url\":\"https:\/\/redfoxlotto.com\/fi\/lottotulokset-voittonumerot\/lotto-fr\/\",\"name\":\"L\u00f6yt\u00e4minen Ranskan lottotulokset\",\"isPartOf\":{\"@id\":\"https:\/\/redfoxlotto.com\/fi\/#website\"},\"primaryImageOfPage\":{\"@id\":\"https:\/\/redfoxlotto.com\/fi\/lottotulokset-voittonumerot\/lotto-fr\/#primaryimage\"},\"image\":{\"@id\":\"https:\/\/redfoxlotto.com\/fi\/lottotulokset-voittonumerot\/lotto-fr\/#primaryimage\"},\"thumbnailUrl\":\"https:\/\/content.redfoxlotto.com\/uploads\/sites\/9\/lotto-online.jpeg\",\"datePublished\":\"2020-04-16T13:14:59+00:00\",\"dateModified\":\"2022-09-26T12:36:30+00:00\",\"description\":\"Ranskan lottotulosten l\u00f6yt\u00e4minen on yksinkertaista ja helppoa, koska sinun tarvitsee vain tarkistaa ne t\u00e4\u00e4lt\u00e4.\",\"breadcrumb\":{\"@id\":\"https:\/\/redfoxlotto.com\/fi\/lottotulokset-voittonumerot\/lotto-fr\/#breadcrumb\"},\"inLanguage\":\"fi\",\"potentialAction\":[{\"@type\":\"ReadAction\",\"target\":[\"https:\/\/redfoxlotto.com\/fi\/lottotulokset-voittonumerot\/lotto-fr\/\"]}]},{\"@type\":\"ImageObject\",\"inLanguage\":\"fi\",\"@id\":\"https:\/\/redfoxlotto.com\/fi\/lottotulokset-voittonumerot\/lotto-fr\/#primaryimage\",\"url\":\"https:\/\/content.redfoxlotto.com\/uploads\/sites\/9\/lotto-online.jpeg\",\"contentUrl\":\"https:\/\/content.redfoxlotto.com\/uploads\/sites\/9\/lotto-online.jpeg\"},{\"@type\":\"BreadcrumbList\",\"@id\":\"https:\/\/redfoxlotto.com\/fi\/lottotulokset-voittonumerot\/lotto-fr\/#breadcrumb\",\"itemListElement\":[{\"@type\":\"ListItem\",\"position\":1,\"name\":\"Home\",\"item\":\"https:\/\/redfoxlotto.com\/fi\/\"},{\"@type\":\"ListItem\",\"position\":2,\"name\":\"Kansainv\u00e4linen arpajaiset Tulokset\",\"item\":\"https:\/\/redfoxlotto.com\/fi\/lottotulokset-voittonumerot\/\"},{\"@type\":\"ListItem\",\"position\":3,\"name\":\"Ranskan Lottery Tulokset\"}]},{\"@type\":\"WebSite\",\"@id\":\"https:\/\/redfoxlotto.com\/fi\/#website\",\"url\":\"https:\/\/redfoxlotto.com\/fi\/\",\"name\":\"Get Tickets for the World\u2019s largest jackpots\",\"description\":\"Participate in worldwide lottery jackpots from any country\",\"publisher\":{\"@id\":\"https:\/\/redfoxlotto.com\/fi\/#organization\"},\"potentialAction\":[{\"@type\":\"SearchAction\",\"target\":{\"@type\":\"EntryPoint\",\"urlTemplate\":\"https:\/\/redfoxlotto.com\/fi\/?s={search_term_string}\"},\"query-input\":{\"@type\":\"PropertyValueSpecification\",\"valueRequired\":true,\"valueName\":\"search_term_string\"}}],\"inLanguage\":\"fi\"},{\"@type\":\"Organization\",\"@id\":\"https:\/\/redfoxlotto.com\/fi\/#organization\",\"name\":\"Get Tickets for the World\u2019s largest jackpots\",\"url\":\"https:\/\/redfoxlotto.com\/fi\/\",\"logo\":{\"@type\":\"ImageObject\",\"inLanguage\":\"fi\",\"@id\":\"https:\/\/redfoxlotto.com\/fi\/#\/schema\/logo\/image\/\",\"url\":\"https:\/\/redfoxlotto.com\/wp-content\/uploads\/2023\/04\/logo.png\",\"contentUrl\":\"https:\/\/redfoxlotto.com\/wp-content\/uploads\/2023\/04\/logo.png\",\"width\":269,\"height\":53,\"caption\":\"Get Tickets for the World\u2019s largest jackpots\"},\"image\":{\"@id\":\"https:\/\/redfoxlotto.com\/fi\/#\/schema\/logo\/image\/\"}}]}<\/script>\n<!-- \/ Yoast SEO plugin. -->","yoast_head_json":{"title":"L\u00f6yt\u00e4minen Ranskan lottotulokset","description":"Ranskan lottotulosten l\u00f6yt\u00e4minen on yksinkertaista ja helppoa, koska sinun tarvitsee vain tarkistaa ne t\u00e4\u00e4lt\u00e4.","robots":{"index":"index","follow":"follow","max-snippet":"max-snippet:-1","max-image-preview":"max-image-preview:large","max-video-preview":"max-video-preview:-1"},"canonical":"https:\/\/redfoxlotto.com\/fi\/lottotulokset-voittonumerot\/lotto-fr\/","og_locale":"fi_FI","og_type":"article","og_title":"L\u00f6yt\u00e4minen Ranskan lottotulokset","og_description":"Ranskan lottotulosten l\u00f6yt\u00e4minen on yksinkertaista ja helppoa, koska sinun tarvitsee vain tarkistaa ne t\u00e4\u00e4lt\u00e4.","og_url":"https:\/\/redfoxlotto.com\/fi\/lottotulokset-voittonumerot\/lotto-fr\/","og_site_name":"Get Tickets for the World\u2019s largest jackpots","article_modified_time":"2022-09-26T12:36:30+00:00","og_image":[{"url":"https:\/\/content.redfoxlotto.com\/uploads\/sites\/9\/lotto-online.jpeg"}],"twitter_card":"summary_large_image","twitter_misc":{"Arvioitu lukuaika":"3 minuuttia"},"schema":{"@context":"https:\/\/schema.org","@graph":[{"@type":"WebPage","@id":"https:\/\/redfoxlotto.com\/fi\/lottotulokset-voittonumerot\/lotto-fr\/","url":"https:\/\/redfoxlotto.com\/fi\/lottotulokset-voittonumerot\/lotto-fr\/","name":"L\u00f6yt\u00e4minen Ranskan lottotulokset","isPartOf":{"@id":"https:\/\/redfoxlotto.com\/fi\/#website"},"primaryImageOfPage":{"@id":"https:\/\/redfoxlotto.com\/fi\/lottotulokset-voittonumerot\/lotto-fr\/#primaryimage"},"image":{"@id":"https:\/\/redfoxlotto.com\/fi\/lottotulokset-voittonumerot\/lotto-fr\/#primaryimage"},"thumbnailUrl":"https:\/\/content.redfoxlotto.com\/uploads\/sites\/9\/lotto-online.jpeg","datePublished":"2020-04-16T13:14:59+00:00","dateModified":"2022-09-26T12:36:30+00:00","description":"Ranskan lottotulosten l\u00f6yt\u00e4minen on yksinkertaista ja helppoa, koska sinun tarvitsee vain tarkistaa ne t\u00e4\u00e4lt\u00e4.","breadcrumb":{"@id":"https:\/\/redfoxlotto.com\/fi\/lottotulokset-voittonumerot\/lotto-fr\/#breadcrumb"},"inLanguage":"fi","potentialAction":[{"@type":"ReadAction","target":["https:\/\/redfoxlotto.com\/fi\/lottotulokset-voittonumerot\/lotto-fr\/"]}]},{"@type":"ImageObject","inLanguage":"fi","@id":"https:\/\/redfoxlotto.com\/fi\/lottotulokset-voittonumerot\/lotto-fr\/#primaryimage","url":"https:\/\/content.redfoxlotto.com\/uploads\/sites\/9\/lotto-online.jpeg","contentUrl":"https:\/\/content.redfoxlotto.com\/uploads\/sites\/9\/lotto-online.jpeg"},{"@type":"BreadcrumbList","@id":"https:\/\/redfoxlotto.com\/fi\/lottotulokset-voittonumerot\/lotto-fr\/#breadcrumb","itemListElement":[{"@type":"ListItem","position":1,"name":"Home","item":"https:\/\/redfoxlotto.com\/fi\/"},{"@type":"ListItem","position":2,"name":"Kansainv\u00e4linen arpajaiset Tulokset","item":"https:\/\/redfoxlotto.com\/fi\/lottotulokset-voittonumerot\/"},{"@type":"ListItem","position":3,"name":"Ranskan Lottery Tulokset"}]},{"@type":"WebSite","@id":"https:\/\/redfoxlotto.com\/fi\/#website","url":"https:\/\/redfoxlotto.com\/fi\/","name":"Get Tickets for the World\u2019s largest jackpots","description":"Participate in worldwide lottery jackpots from any country","publisher":{"@id":"https:\/\/redfoxlotto.com\/fi\/#organization"},"potentialAction":[{"@type":"SearchAction","target":{"@type":"EntryPoint","urlTemplate":"https:\/\/redfoxlotto.com\/fi\/?s={search_term_string}"},"query-input":{"@type":"PropertyValueSpecification","valueRequired":true,"valueName":"search_term_string"}}],"inLanguage":"fi"},{"@type":"Organization","@id":"https:\/\/redfoxlotto.com\/fi\/#organization","name":"Get Tickets for the World\u2019s largest jackpots","url":"https:\/\/redfoxlotto.com\/fi\/","logo":{"@type":"ImageObject","inLanguage":"fi","@id":"https:\/\/redfoxlotto.com\/fi\/#\/schema\/logo\/image\/","url":"https:\/\/redfoxlotto.com\/wp-content\/uploads\/2023\/04\/logo.png","contentUrl":"https:\/\/redfoxlotto.com\/wp-content\/uploads\/2023\/04\/logo.png","width":269,"height":53,"caption":"Get Tickets for the World\u2019s largest jackpots"},"image":{"@id":"https:\/\/redfoxlotto.com\/fi\/#\/schema\/logo\/image\/"}}]}},"_links":{"self":[{"href":"https:\/\/redfoxlotto.com\/fi\/wp-json\/wp\/v2\/pages\/30937","targetHints":{"allow":["GET"]}}],"collection":[{"href":"https:\/\/redfoxlotto.com\/fi\/wp-json\/wp\/v2\/pages"}],"about":[{"href":"https:\/\/redfoxlotto.com\/fi\/wp-json\/wp\/v2\/types\/page"}],"author":[{"embeddable":true,"href":"https:\/\/redfoxlotto.com\/fi\/wp-json\/wp\/v2\/users\/1"}],"replies":[{"embeddable":true,"href":"https:\/\/redfoxlotto.com\/fi\/wp-json\/wp\/v2\/comments?post=30937"}],"version-history":[{"count":0,"href":"https:\/\/redfoxlotto.com\/fi\/wp-json\/wp\/v2\/pages\/30937\/revisions"}],"up":[{"embeddable":true,"href":"https:\/\/redfoxlotto.com\/fi\/wp-json\/wp\/v2\/pages\/30931"}],"wp:attachment":[{"href":"https:\/\/redfoxlotto.com\/fi\/wp-json\/wp\/v2\/media?parent=30937"}],"curies":[{"name":"wp","href":"https:\/\/api.w.org\/{rel}","templated":true}]}}