{"id":30935,"date":"2018-11-18T08:54:25","date_gmt":"2018-11-18T08:54:25","guid":{"rendered":"https:\/\/redfoxlotto.com\/?page_id=19719"},"modified":"2025-12-17T14:46:14","modified_gmt":"2025-12-17T14:46:14","slug":"euromillions","status":"publish","type":"page","link":"https:\/\/redfoxlotto.com\/fi\/lottotulokset-voittonumerot\/euromillions\/","title":{"rendered":"EuroMillions tulokset"},"content":{"rendered":"<p><script type=\"application\/ld+json\">\n{\n  \"@context\": \"https:\/\/schema.org\",\n  \"@type\": \"Service\",\n  \"name\": \"Tarkista EuroMillions-tulokset verkossa\",\n  \"url\": \"https:\/\/redfoxlotto.com\/fi\/lottotulokset-voittonumerot\/euromillions\/\",\n  \"description\": \"Vieraile RedFoxLottossa ja tarkista uusimmat sek\u00e4 aiemmat EuroMillions-tulokset.\",\n  \"serviceType\": \"Maailmanlaajuinen lottotulosarkisto\",\n  \"provider\": {\n    \"@type\": \"Organization\",\n    \"name\": \"RedFoxLotto\",\n    \"url\": \"https:\/\/redfoxlotto.com\",\n    \"image\": \"https:\/\/redfoxlotto.com\/wp-content\/uploads\/2025\/12\/ticket_scans.jpg\",\n    \"sameAs\": []\n  },\n  \"areaServed\": \"Worldwide\",\n  \"termsOfService\": \"https:\/\/redfoxlotto.com\/terms-and-conditions\",\n  \"additionalProperty\": {\n    \"@type\": \"PropertyValue\",\n    \"name\": \"FAQ\",\n    \"value\": \"https:\/\/redfoxlotto.com\/fi\/lottotulokset-voittonumerot\/euromillions\/\"\n  },\n  \"hasOfferCatalog\": {\n    \"@type\": \"OfferCatalog\",\n    \"name\": \"EuroMillions-tulokset\",\n    \"itemListElement\": [{\n      \"@type\": \"Offer\",\n      \"name\": \"EuroMillions-tulokset\",\n      \"url\": \"https:\/\/redfoxlotto.com\/fi\/lottotulokset-voittonumerot\/euromillions\/\",\n      \"description\": \"Uusimmat ja aiemmat EuroMillions-tulokset.\",\n      \"itemOffered\": {\n        \"@type\": \"Service\",\n        \"name\": \"EuroMillions-tulokset\",\n        \"description\": \"EuroMillionsin arvotut numerot.\"\n      }\n    }]\n  },\n  \"mainEntityOfPage\": {\n    \"@type\": \"WebPage\",\n    \"@id\": \"https:\/\/redfoxlotto.com\/fi\/lottotulokset-voittonumerot\/euromillions\/\"\n  }\n}\n<\/script><\/p>\n<p>T\u00e4ll\u00e4 sivulla luetellaan EuroMillions-arvonnan tulokset. Voittiinko sinun lippusi? <strong>Onnittelut!<\/strong><\/p>\n<p>Hy\u00f6dynn\u00e4 tulosarkistoamme, josta saat tietoa siit\u00e4, mitk\u00e4 numerot eiv\u00e4t ole voittaneet pitk\u00e4\u00e4n aikaan.<\/p>\n<p>Oletko pelannut EuroMillions-peli\u00e4? Ehk\u00e4 et ole koskaan ostanut lippua ennen t\u00e4t\u00e4 viimeist\u00e4 kertaa tai ehk\u00e4 pelaat koko ajan. No, riippumatta siit\u00e4, kuinka usein pelaat, haluat varmasti tiet\u00e4\u00e4 EuroMillions-tulokset, eik\u00f6 niin? Haluat varmasti tiet\u00e4\u00e4, oletko voittanut jotain ja kuinka paljon olet voittanut. Tulokset on itse asiassa eritt\u00e4in helppo l\u00f6yt\u00e4\u00e4 ja n\u00e4hd\u00e4, mit\u00e4 voit tehd\u00e4 voitollasi, saitpa sitten pienen palkinnon tai jotain suurempaa.<\/p>\n<h2>EuroMillions ja Yhdistyneen kuningaskunnan Millionaire Maker -kilpailu.<\/h2>\n<p>Pelaajat maksavat hieman enemm\u00e4n, koska EuroMillions-liput ostetaan Yhdistyneest\u00e4 kuningaskunnasta. T\u00e4m\u00e4 johtuu siit\u00e4, ett\u00e4 Yhdistyneen kuningaskunnan lipuilla p\u00e4\u00e4see automaattisesti mukaan Millionaire Maker -arvontaan, joka tarjoaa lis\u00e4mahdollisuuden voittaa miljoonan punnan palkkio.<\/p>\n<p>Millionaire Maker toimii siten, ett\u00e4 jokaiselle ostetulle lipulle luodaan yksil\u00f6llinen koodi. Koodi koostuu nelj\u00e4st\u00e4 kirjaimesta ja viidest\u00e4 numerosta (esim. ABCD12345). Jokaisessa arvonnassa yksi tai useampi n\u00e4ist\u00e4 koodeista valitaan satunnaisesti, ja se lipun haltija, jolla on vastaava koodi, voittaa v\u00e4litt\u00f6m\u00e4sti 1 miljoonaa puntaa riippumatta siit\u00e4, mitk\u00e4 EuroMillionsin p\u00e4\u00e4numerot arvotaan.<\/p>\n<p>T\u00e4m\u00e4 ominaisuus tekee EuroMillionsin pelaamisesta erityisen houkuttelevaa Yhdistyneess\u00e4 kuningaskunnassa, sill\u00e4 se tarjoaa lis\u00e4mahdollisuuden voittaa merkitt\u00e4v\u00e4 palkinto tavallisen j\u00e4ttipotin ja alemman tason palkintojen lis\u00e4ksi.<\/p>\n<h2>Voititko sin\u00e4?<\/h2>\n<p><img loading=\"lazy\" decoding=\"async\" class=\" wp-image alignright\" src=\"https:\/\/content.redfoxlotto.com\/uploads\/sites\/9\/1_winning_numbers_euromillions.jpg\" alt=\"euromillionsin voittonumerot \" width=\"208\" height=\"208\" \/><br \/>\nJos mietit, oletko voittanut, haluat tiet\u00e4\u00e4, mist\u00e4 voit tarkistaa tulokset. No, se on itse asiassa todella yksinkertaista, sill\u00e4 joitakin yleisimpi\u00e4 tapoja tarkistaa lottokuponkisi ovat sanomalehti, arvonnan katsominen suorana l\u00e4hetyksen\u00e4 tai nettisivustojen katsominen. Verkkosivustot voivat kuitenkin olla jopa parempia kuin jotkin muut vaihtoehdot, varsinkin jos tarkistat numerot samalta verkkosivustolta, jolta ostit arvan. Syy t\u00e4h\u00e4n on se, ett\u00e4 ne kertovat usein juuri ne numerot, jotka ovat voittaneet, ja ne numerot, joihin vastasit. N\u00e4in RedFoxLotto.com ainakin tekee.<\/p>\n<p>Kun voit katsoa voittonumeroita ja n\u00e4hd\u00e4 samalla helposti omat numerosi, voit vertailla niit\u00e4 paremmin, ja se tekee voittosi selvitt\u00e4misest\u00e4 helppoa. Sivustoltamme l\u00f6yd\u00e4t my\u00f6s muita lottoja, eli voit tarkistaa Powerballin tai Mega Millionsin voittonumerot sek\u00e4 Euromillionsin ja muiden lottojen tulokset.<\/p>\n<p>Haluat silti, ett\u00e4 my\u00f6s voittojen lunastaminen on mahdollisimman yksinkertaista. Tutustu hetkeksi tarjolla oleviin verkkopalveluihin, niin huomaat, ett\u00e4 voiton lunastaminen voi olla eritt\u00e4in helppoa. Sinun ei my\u00f6sk\u00e4\u00e4n tarvitse huolehtia siit\u00e4, ett\u00e4 olet t\u00e4ysin eri maasta etk\u00e4 voi vain k\u00e4vell\u00e4 kauppaan tai lottokeskukseen lunastamaan voittoa.<\/p>\n<h2>Voittojen lunastaminen<\/h2>\n<p>Jos voitat netiss\u00e4 pelaamasi lottovoiton, voiton lunastaminen on aivan yht\u00e4 helppoa kuin jos asuisit samassa maassa. Voit k\u00e4yd\u00e4 prosessin l\u00e4pi sen verkkosivuston kanssa, jolta ostit arpasi. He tarkistavat lipun, henkil\u00f6llisyytesi ja voittosi ja maksavat voiton sinulle. N\u00e4in voit palata nauttimaan el\u00e4m\u00e4st\u00e4si ja tehd\u00e4 voittamillasi rahoilla mit\u00e4 haluat. Mik\u00e4 voisi olla sen parempaa?<\/p>\n<p>Pienet voitot voivat riitt\u00e4\u00e4 siihen, ett\u00e4 voit ostaa seuraavan lippusi. Suuremmat voitot voivat riitt\u00e4\u00e4 ostamaan sen erikoisesineen, jota olet todella halunnut. Riippumatta siit\u00e4, mist\u00e4 sin\u00e4 todella pid\u00e4t, sinulla on varmasti hauskaa pelien pelaamisessa, ja voit my\u00f6s kokeilla erilaisia pelej\u00e4. Itse asiassa verkossa on pelattavissa koko joukko erilaisia arpajaisia. Riippumatta siit\u00e4, miss\u00e4 itse asiassa asut, sinulla on siis mahdollisuus pelata pelej\u00e4, jotka tulevat aivan eri maista.<\/p>\n<p><img loading=\"lazy\" decoding=\"async\" class=\"alignright wp-image\" src=\"https:\/\/content.redfoxlotto.com\/uploads\/sites\/9\/5_Euromillions_tiers_odds.jpg\" alt=\"EuroMillions-tulokset\" width=\"220\" height=\"190\" \/><br \/>\nJos etsit EuroMillionsin viimeisimpi\u00e4 tuloksia, sinun kannattaa vilkaista virallisia verkkosivuja tai tarkistaa paikallislehdist\u00e4 alueilta, joilla peli\u00e4 pelataan. Voit my\u00f6s vilkaista verkkosivustoa, jota k\u00e4ytit lipun ostamiseen (jos ostit lipun verkossa), tai voit vilkaista RedFoxLotto.com-sivustoa. Sielt\u00e4 l\u00f6yd\u00e4t tulokset, ja jos ostit lippusi heid\u00e4n palvelunsa kautta, voit verrata lippusi numeroita voittonumeroihin ja n\u00e4hd\u00e4, oletko voittanut jotain.<\/p>\n<p>Kun olet valmis pelaamaan seuraavan kierroksen, sinun tarvitsee vain selvitt\u00e4\u00e4 haluamasi numerot, eik\u00e4 sinulla ole ongelmia saada lippua ja hyp\u00e4t\u00e4 suoraan suosikkipeliin. EuroMillions ei ole ainoa peli, mutta se on yksi, joka varmasti antaa sinulle mahdollisuuden suureen j\u00e4ttipottiin.<\/p>\n","protected":false},"excerpt":{"rendered":"<p>T\u00e4ll\u00e4 sivulla luetellaan EuroMillions-arvonnan tulokset. Voittiinko sinun lippusi? Onnittelut! Hy\u00f6dynn\u00e4 tulosarkistoamme, josta saat tietoa siit\u00e4, mitk\u00e4 numerot eiv\u00e4t ole voittaneet pitk\u00e4\u00e4n aikaan. Oletko pelannut EuroMillions-peli\u00e4? Ehk\u00e4 et ole koskaan ostanut lippua ennen t\u00e4t\u00e4 viimeist\u00e4 kertaa tai ehk\u00e4 pelaat koko ajan. No, riippumatta siit\u00e4, kuinka usein pelaat, haluat varmasti tiet\u00e4\u00e4 EuroMillions-tulokset, eik\u00f6 niin? Haluat varmasti tiet\u00e4\u00e4, [&hellip;]<\/p>\n","protected":false},"author":1,"featured_media":0,"parent":30931,"menu_order":3,"comment_status":"closed","ping_status":"closed","template":"euromillions-results.php","meta":{"_et_pb_use_builder":"","_et_pb_old_content":"","_et_gb_content_width":"","exclude_from_search":false,"footnotes":""},"class_list":["post-30935","page","type-page","status-publish","hentry"],"yoast_head":"<!-- This site is optimized with the Yoast SEO plugin v23.8 - https:\/\/yoast.com\/wordpress\/plugins\/seo\/ -->\n<title>EuroMillions lottotulokset<\/title>\n<meta name=\"description\" content=\"Euromillionsin viimeisen ja aiempien arvontojen tulokset yhdell\u00e4 sivulla.\" \/>\n<meta name=\"robots\" content=\"index, follow, max-snippet:-1, max-image-preview:large, max-video-preview:-1\" \/>\n<link rel=\"canonical\" href=\"https:\/\/redfoxlotto.com\/fi\/lottotulokset-voittonumerot\/euromillions\/\" \/>\n<meta property=\"og:locale\" content=\"fi_FI\" \/>\n<meta property=\"og:type\" content=\"article\" \/>\n<meta property=\"og:title\" content=\"EuroMillions lottotulokset\" \/>\n<meta property=\"og:description\" content=\"Euromillionsin viimeisen ja aiempien arvontojen tulokset yhdell\u00e4 sivulla.\" \/>\n<meta property=\"og:url\" content=\"https:\/\/redfoxlotto.com\/fi\/lottotulokset-voittonumerot\/euromillions\/\" \/>\n<meta property=\"og:site_name\" content=\"Get Tickets for the World\u2019s largest jackpots\" \/>\n<meta property=\"article:modified_time\" content=\"2025-12-17T14:46:14+00:00\" \/>\n<meta property=\"og:image\" content=\"https:\/\/content.redfoxlotto.com\/uploads\/sites\/9\/1_winning_numbers_euromillions.jpg\" \/>\n<meta name=\"twitter:card\" content=\"summary_large_image\" \/>\n<meta name=\"twitter:label1\" content=\"Arvioitu lukuaika\" \/>\n\t<meta name=\"twitter:data1\" content=\"3 minuuttia\" \/>\n<script type=\"application\/ld+json\" class=\"yoast-schema-graph\">{\"@context\":\"https:\/\/schema.org\",\"@graph\":[{\"@type\":\"WebPage\",\"@id\":\"https:\/\/redfoxlotto.com\/fi\/lottotulokset-voittonumerot\/euromillions\/\",\"url\":\"https:\/\/redfoxlotto.com\/fi\/lottotulokset-voittonumerot\/euromillions\/\",\"name\":\"EuroMillions lottotulokset\",\"isPartOf\":{\"@id\":\"https:\/\/redfoxlotto.com\/fi\/#website\"},\"primaryImageOfPage\":{\"@id\":\"https:\/\/redfoxlotto.com\/fi\/lottotulokset-voittonumerot\/euromillions\/#primaryimage\"},\"image\":{\"@id\":\"https:\/\/redfoxlotto.com\/fi\/lottotulokset-voittonumerot\/euromillions\/#primaryimage\"},\"thumbnailUrl\":\"https:\/\/content.redfoxlotto.com\/uploads\/sites\/9\/1_winning_numbers_euromillions.jpg\",\"datePublished\":\"2018-11-18T08:54:25+00:00\",\"dateModified\":\"2025-12-17T14:46:14+00:00\",\"description\":\"Euromillionsin viimeisen ja aiempien arvontojen tulokset yhdell\u00e4 sivulla.\",\"breadcrumb\":{\"@id\":\"https:\/\/redfoxlotto.com\/fi\/lottotulokset-voittonumerot\/euromillions\/#breadcrumb\"},\"inLanguage\":\"fi\",\"potentialAction\":[{\"@type\":\"ReadAction\",\"target\":[\"https:\/\/redfoxlotto.com\/fi\/lottotulokset-voittonumerot\/euromillions\/\"]}]},{\"@type\":\"ImageObject\",\"inLanguage\":\"fi\",\"@id\":\"https:\/\/redfoxlotto.com\/fi\/lottotulokset-voittonumerot\/euromillions\/#primaryimage\",\"url\":\"https:\/\/content.redfoxlotto.com\/uploads\/sites\/9\/1_winning_numbers_euromillions.jpg\",\"contentUrl\":\"https:\/\/content.redfoxlotto.com\/uploads\/sites\/9\/1_winning_numbers_euromillions.jpg\"},{\"@type\":\"BreadcrumbList\",\"@id\":\"https:\/\/redfoxlotto.com\/fi\/lottotulokset-voittonumerot\/euromillions\/#breadcrumb\",\"itemListElement\":[{\"@type\":\"ListItem\",\"position\":1,\"name\":\"Home\",\"item\":\"https:\/\/redfoxlotto.com\/fi\/\"},{\"@type\":\"ListItem\",\"position\":2,\"name\":\"Kansainv\u00e4linen arpajaiset Tulokset\",\"item\":\"https:\/\/redfoxlotto.com\/fi\/lottotulokset-voittonumerot\/\"},{\"@type\":\"ListItem\",\"position\":3,\"name\":\"EuroMillions tulokset\"}]},{\"@type\":\"WebSite\",\"@id\":\"https:\/\/redfoxlotto.com\/fi\/#website\",\"url\":\"https:\/\/redfoxlotto.com\/fi\/\",\"name\":\"Get Tickets for the World\u2019s largest jackpots\",\"description\":\"Participate in worldwide lottery jackpots from any country\",\"publisher\":{\"@id\":\"https:\/\/redfoxlotto.com\/fi\/#organization\"},\"potentialAction\":[{\"@type\":\"SearchAction\",\"target\":{\"@type\":\"EntryPoint\",\"urlTemplate\":\"https:\/\/redfoxlotto.com\/fi\/?s={search_term_string}\"},\"query-input\":{\"@type\":\"PropertyValueSpecification\",\"valueRequired\":true,\"valueName\":\"search_term_string\"}}],\"inLanguage\":\"fi\"},{\"@type\":\"Organization\",\"@id\":\"https:\/\/redfoxlotto.com\/fi\/#organization\",\"name\":\"Get Tickets for the World\u2019s largest jackpots\",\"url\":\"https:\/\/redfoxlotto.com\/fi\/\",\"logo\":{\"@type\":\"ImageObject\",\"inLanguage\":\"fi\",\"@id\":\"https:\/\/redfoxlotto.com\/fi\/#\/schema\/logo\/image\/\",\"url\":\"https:\/\/redfoxlotto.com\/wp-content\/uploads\/2023\/04\/logo.png\",\"contentUrl\":\"https:\/\/redfoxlotto.com\/wp-content\/uploads\/2023\/04\/logo.png\",\"width\":269,\"height\":53,\"caption\":\"Get Tickets for the World\u2019s largest jackpots\"},\"image\":{\"@id\":\"https:\/\/redfoxlotto.com\/fi\/#\/schema\/logo\/image\/\"}}]}<\/script>\n<!-- \/ Yoast SEO plugin. -->","yoast_head_json":{"title":"EuroMillions lottotulokset","description":"Euromillionsin viimeisen ja aiempien arvontojen tulokset yhdell\u00e4 sivulla.","robots":{"index":"index","follow":"follow","max-snippet":"max-snippet:-1","max-image-preview":"max-image-preview:large","max-video-preview":"max-video-preview:-1"},"canonical":"https:\/\/redfoxlotto.com\/fi\/lottotulokset-voittonumerot\/euromillions\/","og_locale":"fi_FI","og_type":"article","og_title":"EuroMillions lottotulokset","og_description":"Euromillionsin viimeisen ja aiempien arvontojen tulokset yhdell\u00e4 sivulla.","og_url":"https:\/\/redfoxlotto.com\/fi\/lottotulokset-voittonumerot\/euromillions\/","og_site_name":"Get Tickets for the World\u2019s largest jackpots","article_modified_time":"2025-12-17T14:46:14+00:00","og_image":[{"url":"https:\/\/content.redfoxlotto.com\/uploads\/sites\/9\/1_winning_numbers_euromillions.jpg"}],"twitter_card":"summary_large_image","twitter_misc":{"Arvioitu lukuaika":"3 minuuttia"},"schema":{"@context":"https:\/\/schema.org","@graph":[{"@type":"WebPage","@id":"https:\/\/redfoxlotto.com\/fi\/lottotulokset-voittonumerot\/euromillions\/","url":"https:\/\/redfoxlotto.com\/fi\/lottotulokset-voittonumerot\/euromillions\/","name":"EuroMillions lottotulokset","isPartOf":{"@id":"https:\/\/redfoxlotto.com\/fi\/#website"},"primaryImageOfPage":{"@id":"https:\/\/redfoxlotto.com\/fi\/lottotulokset-voittonumerot\/euromillions\/#primaryimage"},"image":{"@id":"https:\/\/redfoxlotto.com\/fi\/lottotulokset-voittonumerot\/euromillions\/#primaryimage"},"thumbnailUrl":"https:\/\/content.redfoxlotto.com\/uploads\/sites\/9\/1_winning_numbers_euromillions.jpg","datePublished":"2018-11-18T08:54:25+00:00","dateModified":"2025-12-17T14:46:14+00:00","description":"Euromillionsin viimeisen ja aiempien arvontojen tulokset yhdell\u00e4 sivulla.","breadcrumb":{"@id":"https:\/\/redfoxlotto.com\/fi\/lottotulokset-voittonumerot\/euromillions\/#breadcrumb"},"inLanguage":"fi","potentialAction":[{"@type":"ReadAction","target":["https:\/\/redfoxlotto.com\/fi\/lottotulokset-voittonumerot\/euromillions\/"]}]},{"@type":"ImageObject","inLanguage":"fi","@id":"https:\/\/redfoxlotto.com\/fi\/lottotulokset-voittonumerot\/euromillions\/#primaryimage","url":"https:\/\/content.redfoxlotto.com\/uploads\/sites\/9\/1_winning_numbers_euromillions.jpg","contentUrl":"https:\/\/content.redfoxlotto.com\/uploads\/sites\/9\/1_winning_numbers_euromillions.jpg"},{"@type":"BreadcrumbList","@id":"https:\/\/redfoxlotto.com\/fi\/lottotulokset-voittonumerot\/euromillions\/#breadcrumb","itemListElement":[{"@type":"ListItem","position":1,"name":"Home","item":"https:\/\/redfoxlotto.com\/fi\/"},{"@type":"ListItem","position":2,"name":"Kansainv\u00e4linen arpajaiset Tulokset","item":"https:\/\/redfoxlotto.com\/fi\/lottotulokset-voittonumerot\/"},{"@type":"ListItem","position":3,"name":"EuroMillions tulokset"}]},{"@type":"WebSite","@id":"https:\/\/redfoxlotto.com\/fi\/#website","url":"https:\/\/redfoxlotto.com\/fi\/","name":"Get Tickets for the World\u2019s largest jackpots","description":"Participate in worldwide lottery jackpots from any country","publisher":{"@id":"https:\/\/redfoxlotto.com\/fi\/#organization"},"potentialAction":[{"@type":"SearchAction","target":{"@type":"EntryPoint","urlTemplate":"https:\/\/redfoxlotto.com\/fi\/?s={search_term_string}"},"query-input":{"@type":"PropertyValueSpecification","valueRequired":true,"valueName":"search_term_string"}}],"inLanguage":"fi"},{"@type":"Organization","@id":"https:\/\/redfoxlotto.com\/fi\/#organization","name":"Get Tickets for the World\u2019s largest jackpots","url":"https:\/\/redfoxlotto.com\/fi\/","logo":{"@type":"ImageObject","inLanguage":"fi","@id":"https:\/\/redfoxlotto.com\/fi\/#\/schema\/logo\/image\/","url":"https:\/\/redfoxlotto.com\/wp-content\/uploads\/2023\/04\/logo.png","contentUrl":"https:\/\/redfoxlotto.com\/wp-content\/uploads\/2023\/04\/logo.png","width":269,"height":53,"caption":"Get Tickets for the World\u2019s largest jackpots"},"image":{"@id":"https:\/\/redfoxlotto.com\/fi\/#\/schema\/logo\/image\/"}}]}},"_links":{"self":[{"href":"https:\/\/redfoxlotto.com\/fi\/wp-json\/wp\/v2\/pages\/30935","targetHints":{"allow":["GET"]}}],"collection":[{"href":"https:\/\/redfoxlotto.com\/fi\/wp-json\/wp\/v2\/pages"}],"about":[{"href":"https:\/\/redfoxlotto.com\/fi\/wp-json\/wp\/v2\/types\/page"}],"author":[{"embeddable":true,"href":"https:\/\/redfoxlotto.com\/fi\/wp-json\/wp\/v2\/users\/1"}],"replies":[{"embeddable":true,"href":"https:\/\/redfoxlotto.com\/fi\/wp-json\/wp\/v2\/comments?post=30935"}],"version-history":[{"count":0,"href":"https:\/\/redfoxlotto.com\/fi\/wp-json\/wp\/v2\/pages\/30935\/revisions"}],"up":[{"embeddable":true,"href":"https:\/\/redfoxlotto.com\/fi\/wp-json\/wp\/v2\/pages\/30931"}],"wp:attachment":[{"href":"https:\/\/redfoxlotto.com\/fi\/wp-json\/wp\/v2\/media?parent=30935"}],"curies":[{"name":"wp","href":"https:\/\/api.w.org\/{rel}","templated":true}]}}