{"id":30934,"date":"2018-11-18T08:54:25","date_gmt":"2018-11-18T08:54:25","guid":{"rendered":"https:\/\/redfoxlotto.com\/?page_id=19717"},"modified":"2025-12-17T13:10:07","modified_gmt":"2025-12-17T13:10:07","slug":"eurojackpot","status":"publish","type":"page","link":"https:\/\/redfoxlotto.com\/fi\/lottotulokset-voittonumerot\/eurojackpot\/","title":{"rendered":"Eurojackpot tulokset"},"content":{"rendered":"<p><script type=\"application\/ld+json\">\n{\n  \"@context\": \"https:\/\/schema.org\",\n  \"@type\": \"Service\",\n  \"name\": \"Tarkista Eurojackpot-arvonnan tulokset verkossa\",\n  \"url\": \"https:\/\/redfoxlotto.com\/fi\/lottotulokset-voittonumerot\/eurojackpot\/\",\n  \"description\": \"Vieraile RedFoxLotto-sivustolla n\u00e4hd\u00e4ksesi uusimmat Eurojackpot-tulokset ja loteriatulosten arkistomme.\",\n  \"serviceType\": \"Maailmanlaajuinen loteriatulosten arkisto\",\n  \"provider\": {\n    \"@type\": \"Organization\",\n    \"name\": \"RedFoxLotto\",\n    \"url\": \"https:\/\/redfoxlotto.com\/fi\/lottotulokset-voittonumerot\/eurojackpot\/\",\n    \"image\": \"https:\/\/redfoxlotto.com\/wp-content\/uploads\/2025\/12\/ticket_scans.jpg\",\n    \"sameAs\": []\n  },\n  \"areaServed\": \"Worldwide\",\n  \"termsOfService\": \"https:\/\/redfoxlotto.com\/terms-and-conditions\",\n  \"additionalProperty\": {\n    \"@type\": \"PropertyValue\",\n    \"name\": \"FAQ\",\n    \"value\": \"https:\/\/redfoxlotto.com\/fi\/faq\/\"\n  },\n  \"hasOfferCatalog\": {\n    \"@type\": \"OfferCatalog\",\n    \"name\": \"Eurojackpot-lotton tulokset\",\n    \"itemListElement\": [\n      {\n        \"@type\": \"Offer\",\n        \"name\": \"Eurojackpot-tulokset\",\n        \"url\": \"https:\/\/redfoxlotto.com\/fi\/lottotulokset-voittonumerot\/eurojackpot\/\",\n        \"description\": \"T\u00e4\u00e4lt\u00e4 l\u00f6yd\u00e4t uusimmat ja historialliset Eurojackpot-tulokset ja muut suuret lotot.\",\n        \"itemOffered\": {\n          \"@type\": \"Service\",\n          \"name\": \"Eurojackpot-tulokset\",\n          \"description\": \"Eurojackpot-arvottujen numeroiden tulokset verkossa, viimeisimm\u00e4t ja vanhemmat tulokset.\"\n        }\n      }\n    ]\n  },\n  \"mainEntityOfPage\": {\n    \"@type\": \"WebPage\",\n    \"@id\": \"https:\/\/redfoxlotto.com\/fi\/lottotulokset-voittonumerot\/eurojackpot\/\"\n  }\n}\n<\/script><br \/>\nJos pelasit EuroJackpotia, haluat varmasti n\u00e4hd\u00e4 EuroJackpotin tulokset, eik\u00f6 niin? Haluat varmistaa, ett\u00e4 saat oikeat numerot ja ett\u00e4 saat ne mahdollisimman pian. Onneksi tulosten l\u00f6yt\u00e4minen on eritt\u00e4in helppoa, ja me kerromme sinulle kaiken eri vaihtoehdoista, joita sinulla on k\u00e4ytett\u00e4viss\u00e4si juuri t\u00e4ss\u00e4.<br \/>\n<img loading=\"lazy\" decoding=\"async\" class=\"wp-image alignright\" src=\"https:\/\/content.redfoxlotto.com\/uploads\/sites\/9\/results_eurojackpot.jpg\" alt=\"voittonumerot.\" width=\"220\" height=\"170\"><\/p>\n<ul>\n<li>Sanomalehti &#8211; Jos asut alueella, jossa EuroJackpotia todella pelataan, voit l\u00f6yt\u00e4\u00e4 tulokset seuraavasta sanomalehdest\u00e4, joka painetaan arvonnan j\u00e4lkeen. Numerot ovat yleens\u00e4 alueen suurissa sanomalehdiss\u00e4, ja ne saatetaan painaa my\u00f6s joissakin pienemmiss\u00e4 lehdiss\u00e4, ja ne ovat yleens\u00e4 saatavilla my\u00f6s verkkoversioiden kautta. T\u00e4m\u00e4 on hyv\u00e4 tapa l\u00f6yt\u00e4\u00e4 voittonumerot, jos et ole huolissasi siit\u00e4, ett\u00e4 saat ne heti arvonnan j\u00e4lkeen.<\/li>\n<p>T\u00e4m\u00e4 on hyv\u00e4 tapa l\u00f6yt\u00e4\u00e4 voittonumerot, jos et halua saada niit\u00e4 heti arvonnan j\u00e4lkeen.<\/p>\n<li>Katsele liven\u00e4 &#8211; Jos todella haluat tiet\u00e4\u00e4 numerot heti, paras tapa on katsoa liven\u00e4 ja n\u00e4hd\u00e4 numerot, kun ne arvotaan. EuroJackpot-tulokset voidaan n\u00e4ytt\u00e4\u00e4 v\u00e4litt\u00f6m\u00e4sti, ja sinulla voi olla lippusi valmiina, jotta voit katsella jokaista numeroa ja n\u00e4hd\u00e4, t\u00e4sm\u00e4\u00e4v\u00e4tk\u00f6 ne niihin numeroihin, jotka sinulla on lipussa. Jos ne t\u00e4sm\u00e4\u00e4v\u00e4t, olet yksi ensimm\u00e4isist\u00e4 ihmisist\u00e4, jotka saavat tiet\u00e4\u00e4 siit\u00e4, ja voit heti l\u00e4hte\u00e4 katsomaan, mit\u00e4 sinun on teht\u00e4v\u00e4 lunastaaksesi palkintosi, oli se sitten suuri tai pieni.<\/li>\n<li>Tarkista netist\u00e4 &#8211; On olemassa lukuisia eri lottosivustoja, joista voit l\u00f6yt\u00e4\u00e4 my\u00f6s voittonumerot. Jotkut n\u00e4ist\u00e4 julkaisevat numerot heti arvonnan j\u00e4lkeen. Jotkin saattavat julkaista ne muutaman tunnin tai jopa p\u00e4iv\u00e4n tai enemm\u00e4n arvonnan j\u00e4lkeen. Jos haluat saada sen nopeasti selville, on t\u00e4rke\u00e4\u00e4, ett\u00e4 kiinnit\u00e4t huomiota siihen, milloin valitsemasi verkkosivusto julkaisee tulokset, ja k\u00e4yt sitten niill\u00e4, joilla tulokset ovat saatavilla silloin, kun haluat ne. Jos etsit keinoja saada tuloksia mahdollisimman nopeasti, kannattaa etsi\u00e4 sivustoja, jotka todella myyv\u00e4t lippuja.<\/li>\n<li>Viralliset verkkosivustot &#8211; Yksi paikka, josta voit tarkistaa numerot verkossa, on my\u00f6s pelaamasi pelin virallinen verkkosivusto. Euromillions-tulokset ovat siis saatavilla suoraan verkkosivuston kautta. Sinun tarvitsee vain tarkistaa se. Ja ne numerot julkaistaan yleens\u00e4 heti, kun voittonumerot on arvottu. Se tarkoittaa, ett\u00e4 sinun ei tarvitse odottaa tuloksia ja n\u00e4hd\u00e4, oletko voittanut jotain vai et. Sinulla on my\u00f6s viel\u00e4 helpompi lunastusprosessi, kun tarkistat voittonumerot t\u00e4\u00e4lt\u00e4 verrattuna siihen, ett\u00e4 tarkistaisit ne sanomalehdest\u00e4 tai katsoisit niit\u00e4 suorana l\u00e4hetyksen\u00e4.<\/li>\n<li>Yksi paikka, josta voit saada lottotulokset heti, on RedFoxLotto.com. Viel\u00e4 parempaa on, ett\u00e4 voit itse asiassa ostaa lippusi suoraan alustan kautta, ja sitten voit n\u00e4hd\u00e4, mitk\u00e4 ovat voittonumerot ja mitk\u00e4 numerosi vastaavat n\u00e4it\u00e4 voittonumeroita. N\u00e4in saat ansaitsemasi voitot hieman nopeammin. Lis\u00e4ksi sinun ei tarvitse yritt\u00e4\u00e4 etsi\u00e4 numeroiden vastaavuutta. Nuo numerot sovitetaan t\u00e4ysin puolestasi, joten olet valmis lunastamaan voittosi.<\/li>\n<\/ul>\n<p>Oletko valmis pelaamaan EuroJackpotia netiss\u00e4 ja haluat varmistaa, ett\u00e4 saat lippusi oikealla tavalla? No, se ei tule olemaan lainkaan vaikeaa, koska voit vain rekister\u00f6ity\u00e4 RedFoxLotto.com-sivustolle ja voit ostaa haluamasi liput ja n\u00e4hd\u00e4, miten valitset haluamasi numerot. Koko prosessi on helppo, ja ennen kuin huomaatkaan, voit voittaa palkinnon aivan toisessa maassa. Eik\u00f6 se olisikin hauskaa ja hieno tapa nauttia lottopelaamisesta?<\/p>\n","protected":false},"excerpt":{"rendered":"<p>Jos pelasit EuroJackpotia, haluat varmasti n\u00e4hd\u00e4 EuroJackpotin tulokset, eik\u00f6 niin? Haluat varmistaa, ett\u00e4 saat oikeat numerot ja ett\u00e4 saat ne mahdollisimman pian. Onneksi tulosten l\u00f6yt\u00e4minen on eritt\u00e4in helppoa, ja me kerromme sinulle kaiken eri vaihtoehdoista, joita sinulla on k\u00e4ytett\u00e4viss\u00e4si juuri t\u00e4ss\u00e4. Sanomalehti &#8211; Jos asut alueella, jossa EuroJackpotia todella pelataan, voit l\u00f6yt\u00e4\u00e4 tulokset seuraavasta sanomalehdest\u00e4, [&hellip;]<\/p>\n","protected":false},"author":1,"featured_media":0,"parent":30931,"menu_order":4,"comment_status":"closed","ping_status":"closed","template":"eurojackpot-results.php","meta":{"_et_pb_use_builder":"","_et_pb_old_content":"","_et_gb_content_width":"","exclude_from_search":false,"footnotes":""},"class_list":["post-30934","page","type-page","status-publish","hentry"],"yoast_head":"<!-- This site is optimized with the Yoast SEO plugin v23.8 - https:\/\/yoast.com\/wordpress\/plugins\/seo\/ -->\n<title>Eurojackpot lottotulokset<\/title>\n<meta name=\"description\" content=\"Hanki uusimmat tulokset Eurojackpot-arvontaan t\u00e4\u00e4ll\u00e4 sivustollamme.\" \/>\n<meta name=\"robots\" content=\"index, follow, max-snippet:-1, max-image-preview:large, max-video-preview:-1\" \/>\n<link rel=\"canonical\" href=\"https:\/\/redfoxlotto.com\/fi\/lottotulokset-voittonumerot\/eurojackpot\/\" \/>\n<meta property=\"og:locale\" content=\"fi_FI\" \/>\n<meta property=\"og:type\" content=\"article\" \/>\n<meta property=\"og:title\" content=\"Eurojackpot lottotulokset\" \/>\n<meta property=\"og:description\" content=\"Hanki uusimmat tulokset Eurojackpot-arvontaan t\u00e4\u00e4ll\u00e4 sivustollamme.\" \/>\n<meta property=\"og:url\" content=\"https:\/\/redfoxlotto.com\/fi\/lottotulokset-voittonumerot\/eurojackpot\/\" \/>\n<meta property=\"og:site_name\" content=\"Get Tickets for the World\u2019s largest jackpots\" \/>\n<meta property=\"article:modified_time\" content=\"2025-12-17T13:10:07+00:00\" \/>\n<meta property=\"og:image\" content=\"https:\/\/content.redfoxlotto.com\/uploads\/sites\/9\/results_eurojackpot.jpg\" \/>\n<meta name=\"twitter:card\" content=\"summary_large_image\" \/>\n<meta name=\"twitter:label1\" content=\"Arvioitu lukuaika\" \/>\n\t<meta name=\"twitter:data1\" content=\"3 minuuttia\" \/>\n<script type=\"application\/ld+json\" class=\"yoast-schema-graph\">{\"@context\":\"https:\/\/schema.org\",\"@graph\":[{\"@type\":\"WebPage\",\"@id\":\"https:\/\/redfoxlotto.com\/fi\/lottotulokset-voittonumerot\/eurojackpot\/\",\"url\":\"https:\/\/redfoxlotto.com\/fi\/lottotulokset-voittonumerot\/eurojackpot\/\",\"name\":\"Eurojackpot lottotulokset\",\"isPartOf\":{\"@id\":\"https:\/\/redfoxlotto.com\/fi\/#website\"},\"primaryImageOfPage\":{\"@id\":\"https:\/\/redfoxlotto.com\/fi\/lottotulokset-voittonumerot\/eurojackpot\/#primaryimage\"},\"image\":{\"@id\":\"https:\/\/redfoxlotto.com\/fi\/lottotulokset-voittonumerot\/eurojackpot\/#primaryimage\"},\"thumbnailUrl\":\"https:\/\/content.redfoxlotto.com\/uploads\/sites\/9\/results_eurojackpot.jpg\",\"datePublished\":\"2018-11-18T08:54:25+00:00\",\"dateModified\":\"2025-12-17T13:10:07+00:00\",\"description\":\"Hanki uusimmat tulokset Eurojackpot-arvontaan t\u00e4\u00e4ll\u00e4 sivustollamme.\",\"breadcrumb\":{\"@id\":\"https:\/\/redfoxlotto.com\/fi\/lottotulokset-voittonumerot\/eurojackpot\/#breadcrumb\"},\"inLanguage\":\"fi\",\"potentialAction\":[{\"@type\":\"ReadAction\",\"target\":[\"https:\/\/redfoxlotto.com\/fi\/lottotulokset-voittonumerot\/eurojackpot\/\"]}]},{\"@type\":\"ImageObject\",\"inLanguage\":\"fi\",\"@id\":\"https:\/\/redfoxlotto.com\/fi\/lottotulokset-voittonumerot\/eurojackpot\/#primaryimage\",\"url\":\"https:\/\/content.redfoxlotto.com\/uploads\/sites\/9\/results_eurojackpot.jpg\",\"contentUrl\":\"https:\/\/content.redfoxlotto.com\/uploads\/sites\/9\/results_eurojackpot.jpg\"},{\"@type\":\"BreadcrumbList\",\"@id\":\"https:\/\/redfoxlotto.com\/fi\/lottotulokset-voittonumerot\/eurojackpot\/#breadcrumb\",\"itemListElement\":[{\"@type\":\"ListItem\",\"position\":1,\"name\":\"Home\",\"item\":\"https:\/\/redfoxlotto.com\/fi\/\"},{\"@type\":\"ListItem\",\"position\":2,\"name\":\"Kansainv\u00e4linen arpajaiset Tulokset\",\"item\":\"https:\/\/redfoxlotto.com\/fi\/lottotulokset-voittonumerot\/\"},{\"@type\":\"ListItem\",\"position\":3,\"name\":\"Eurojackpot tulokset\"}]},{\"@type\":\"WebSite\",\"@id\":\"https:\/\/redfoxlotto.com\/fi\/#website\",\"url\":\"https:\/\/redfoxlotto.com\/fi\/\",\"name\":\"Get Tickets for the World\u2019s largest jackpots\",\"description\":\"Participate in worldwide lottery jackpots from any country\",\"publisher\":{\"@id\":\"https:\/\/redfoxlotto.com\/fi\/#organization\"},\"potentialAction\":[{\"@type\":\"SearchAction\",\"target\":{\"@type\":\"EntryPoint\",\"urlTemplate\":\"https:\/\/redfoxlotto.com\/fi\/?s={search_term_string}\"},\"query-input\":{\"@type\":\"PropertyValueSpecification\",\"valueRequired\":true,\"valueName\":\"search_term_string\"}}],\"inLanguage\":\"fi\"},{\"@type\":\"Organization\",\"@id\":\"https:\/\/redfoxlotto.com\/fi\/#organization\",\"name\":\"Get Tickets for the World\u2019s largest jackpots\",\"url\":\"https:\/\/redfoxlotto.com\/fi\/\",\"logo\":{\"@type\":\"ImageObject\",\"inLanguage\":\"fi\",\"@id\":\"https:\/\/redfoxlotto.com\/fi\/#\/schema\/logo\/image\/\",\"url\":\"https:\/\/redfoxlotto.com\/wp-content\/uploads\/2023\/04\/logo.png\",\"contentUrl\":\"https:\/\/redfoxlotto.com\/wp-content\/uploads\/2023\/04\/logo.png\",\"width\":269,\"height\":53,\"caption\":\"Get Tickets for the World\u2019s largest jackpots\"},\"image\":{\"@id\":\"https:\/\/redfoxlotto.com\/fi\/#\/schema\/logo\/image\/\"}}]}<\/script>\n<!-- \/ Yoast SEO plugin. -->","yoast_head_json":{"title":"Eurojackpot lottotulokset","description":"Hanki uusimmat tulokset Eurojackpot-arvontaan t\u00e4\u00e4ll\u00e4 sivustollamme.","robots":{"index":"index","follow":"follow","max-snippet":"max-snippet:-1","max-image-preview":"max-image-preview:large","max-video-preview":"max-video-preview:-1"},"canonical":"https:\/\/redfoxlotto.com\/fi\/lottotulokset-voittonumerot\/eurojackpot\/","og_locale":"fi_FI","og_type":"article","og_title":"Eurojackpot lottotulokset","og_description":"Hanki uusimmat tulokset Eurojackpot-arvontaan t\u00e4\u00e4ll\u00e4 sivustollamme.","og_url":"https:\/\/redfoxlotto.com\/fi\/lottotulokset-voittonumerot\/eurojackpot\/","og_site_name":"Get Tickets for the World\u2019s largest jackpots","article_modified_time":"2025-12-17T13:10:07+00:00","og_image":[{"url":"https:\/\/content.redfoxlotto.com\/uploads\/sites\/9\/results_eurojackpot.jpg"}],"twitter_card":"summary_large_image","twitter_misc":{"Arvioitu lukuaika":"3 minuuttia"},"schema":{"@context":"https:\/\/schema.org","@graph":[{"@type":"WebPage","@id":"https:\/\/redfoxlotto.com\/fi\/lottotulokset-voittonumerot\/eurojackpot\/","url":"https:\/\/redfoxlotto.com\/fi\/lottotulokset-voittonumerot\/eurojackpot\/","name":"Eurojackpot lottotulokset","isPartOf":{"@id":"https:\/\/redfoxlotto.com\/fi\/#website"},"primaryImageOfPage":{"@id":"https:\/\/redfoxlotto.com\/fi\/lottotulokset-voittonumerot\/eurojackpot\/#primaryimage"},"image":{"@id":"https:\/\/redfoxlotto.com\/fi\/lottotulokset-voittonumerot\/eurojackpot\/#primaryimage"},"thumbnailUrl":"https:\/\/content.redfoxlotto.com\/uploads\/sites\/9\/results_eurojackpot.jpg","datePublished":"2018-11-18T08:54:25+00:00","dateModified":"2025-12-17T13:10:07+00:00","description":"Hanki uusimmat tulokset Eurojackpot-arvontaan t\u00e4\u00e4ll\u00e4 sivustollamme.","breadcrumb":{"@id":"https:\/\/redfoxlotto.com\/fi\/lottotulokset-voittonumerot\/eurojackpot\/#breadcrumb"},"inLanguage":"fi","potentialAction":[{"@type":"ReadAction","target":["https:\/\/redfoxlotto.com\/fi\/lottotulokset-voittonumerot\/eurojackpot\/"]}]},{"@type":"ImageObject","inLanguage":"fi","@id":"https:\/\/redfoxlotto.com\/fi\/lottotulokset-voittonumerot\/eurojackpot\/#primaryimage","url":"https:\/\/content.redfoxlotto.com\/uploads\/sites\/9\/results_eurojackpot.jpg","contentUrl":"https:\/\/content.redfoxlotto.com\/uploads\/sites\/9\/results_eurojackpot.jpg"},{"@type":"BreadcrumbList","@id":"https:\/\/redfoxlotto.com\/fi\/lottotulokset-voittonumerot\/eurojackpot\/#breadcrumb","itemListElement":[{"@type":"ListItem","position":1,"name":"Home","item":"https:\/\/redfoxlotto.com\/fi\/"},{"@type":"ListItem","position":2,"name":"Kansainv\u00e4linen arpajaiset Tulokset","item":"https:\/\/redfoxlotto.com\/fi\/lottotulokset-voittonumerot\/"},{"@type":"ListItem","position":3,"name":"Eurojackpot tulokset"}]},{"@type":"WebSite","@id":"https:\/\/redfoxlotto.com\/fi\/#website","url":"https:\/\/redfoxlotto.com\/fi\/","name":"Get Tickets for the World\u2019s largest jackpots","description":"Participate in worldwide lottery jackpots from any country","publisher":{"@id":"https:\/\/redfoxlotto.com\/fi\/#organization"},"potentialAction":[{"@type":"SearchAction","target":{"@type":"EntryPoint","urlTemplate":"https:\/\/redfoxlotto.com\/fi\/?s={search_term_string}"},"query-input":{"@type":"PropertyValueSpecification","valueRequired":true,"valueName":"search_term_string"}}],"inLanguage":"fi"},{"@type":"Organization","@id":"https:\/\/redfoxlotto.com\/fi\/#organization","name":"Get Tickets for the World\u2019s largest jackpots","url":"https:\/\/redfoxlotto.com\/fi\/","logo":{"@type":"ImageObject","inLanguage":"fi","@id":"https:\/\/redfoxlotto.com\/fi\/#\/schema\/logo\/image\/","url":"https:\/\/redfoxlotto.com\/wp-content\/uploads\/2023\/04\/logo.png","contentUrl":"https:\/\/redfoxlotto.com\/wp-content\/uploads\/2023\/04\/logo.png","width":269,"height":53,"caption":"Get Tickets for the World\u2019s largest jackpots"},"image":{"@id":"https:\/\/redfoxlotto.com\/fi\/#\/schema\/logo\/image\/"}}]}},"_links":{"self":[{"href":"https:\/\/redfoxlotto.com\/fi\/wp-json\/wp\/v2\/pages\/30934","targetHints":{"allow":["GET"]}}],"collection":[{"href":"https:\/\/redfoxlotto.com\/fi\/wp-json\/wp\/v2\/pages"}],"about":[{"href":"https:\/\/redfoxlotto.com\/fi\/wp-json\/wp\/v2\/types\/page"}],"author":[{"embeddable":true,"href":"https:\/\/redfoxlotto.com\/fi\/wp-json\/wp\/v2\/users\/1"}],"replies":[{"embeddable":true,"href":"https:\/\/redfoxlotto.com\/fi\/wp-json\/wp\/v2\/comments?post=30934"}],"version-history":[{"count":0,"href":"https:\/\/redfoxlotto.com\/fi\/wp-json\/wp\/v2\/pages\/30934\/revisions"}],"up":[{"embeddable":true,"href":"https:\/\/redfoxlotto.com\/fi\/wp-json\/wp\/v2\/pages\/30931"}],"wp:attachment":[{"href":"https:\/\/redfoxlotto.com\/fi\/wp-json\/wp\/v2\/media?parent=30934"}],"curies":[{"name":"wp","href":"https:\/\/api.w.org\/{rel}","templated":true}]}}