{"id":30931,"date":"2023-04-24T14:13:24","date_gmt":"2023-04-24T14:13:24","guid":{"rendered":"https:\/\/redfoxlotto.com\/?page_id=19710"},"modified":"2025-12-18T08:31:37","modified_gmt":"2025-12-18T08:31:37","slug":"lottotulokset-voittonumerot","status":"publish","type":"page","link":"https:\/\/redfoxlotto.com\/fi\/lottotulokset-voittonumerot\/","title":{"rendered":"Kansainv\u00e4linen arpajaiset Tulokset"},"content":{"rendered":"<p><script type=\"application\/ld+json\">\n{\n  \"@context\": \"https:\/\/schema.org\",\n  \"@type\": \"Service\",\n  \"name\": \"Tarkista kansainv\u00e4listen lottoarvontojen tulokset verkossa\",\n  \"url\": \"https:\/\/redfoxlotto.com\/fi\/lottotulokset-voittonumerot\/powerball\",\n  \"description\": \"Vieraile RedFoxLottossa ja tarkista maailman suurimpien lottojen uusimmat tulokset.\",\n  \"serviceType\": \"Maailmanlaajuinen lottotulosten arkisto\",<\/p>\n<p>  \"provider\": {\n    \"@type\": \"Organization\",\n    \"name\": \"RedFoxLotto\",\n    \"url\": \"https:\/\/redfoxlotto.com\/fi\/\",\n    \"image\": \"https:\/\/redfoxlotto.com\/wp-content\/uploads\/2025\/12\/ticket_scans.jpg\",\n    \"sameAs\": []\n  },<\/p>\n<p>  \"areaServed\": \"Worldwide\",\n  \"termsOfService\": \"https:\/\/redfoxlotto.com\/terms-and-conditions\",<\/p>\n<p>  \"additionalProperty\": {\n    \"@type\": \"PropertyValue\",\n    \"name\": \"UKK\",\n    \"value\": \"https:\/\/redfoxlotto.com\/fi\/faq\/\"\n  },<\/p>\n<p>  \"hasOfferCatalog\": {\n    \"@type\": \"OfferCatalog\",\n    \"name\": \"Maailman lottotulokset\",\n    \"itemListElement\": [\n      {\n        \"@type\": \"Offer\",\n        \"name\": \"Powerball-kuponki\",\n        \"url\": \"https:\/\/redfoxlotto.com\/fi\/lottotulokset-voittonumerot\/\",\n        \"description\": \"L\u00f6yd\u00e4 t\u00e4\u00e4lt\u00e4 maailman suurimpien lottojen uusimmat ja aiemmat tulokset\",\n        \"itemOffered\": {\n          \"@type\": \"Service\",\n          \"name\": \"Kansainv\u00e4liset lottotulokset\",\n          \"description\": \"Arvotut numerot verkossa suurimmille lotoille, uudet ja vanhemmat tulokset.\"\n        }\n      }\n    ]\n  },<\/p>\n<p>  \"mainEntityOfPage\": {\n    \"@type\": \"WebPage\",\n    \"@id\": \"https:\/\/redfoxlotto.com\/fi\/lottotulokset-voittonumerot\/\"\n  }\n}\n<\/script><\/p>\n<p>Julkaisemme t\u00e4\u00e4ll\u00e4 viikko kerrallaan viimeisimm\u00e4t voittonumerot ja tulokset kaikista kansainv\u00e4lisist\u00e4 arpajaisista, joihin voit ostaa meilt\u00e4 lippuja.<br \/>\n<img loading=\"lazy\" decoding=\"async\" class=\" wp-image alignright\" src=\"https:\/\/content.redfoxlotto.com\/uploads\/sites\/9\/1_winning_lottery_numbers.jpg\" alt=\"winning numbers international lotteries\" width=\"211\" height=\"211\" \/><br \/>\nTulokset tulevat virallisilta lotto-operaattoreilta. Ne julkaistaan t\u00e4\u00e4ll\u00e4 heti arvonnan j\u00e4lkeen. N\u00e4in voit nopeasti verrata lippujasi voittonumeroihin ja n\u00e4hd\u00e4, oletko voittanut. Voit my\u00f6s n\u00e4hd\u00e4 voittosummat, jotka vastaavat kyseisi\u00e4 palkintotasoja, klikkaamalla arvonnan nime\u00e4. T\u00e4m\u00e4 kertoo my\u00f6s, voititko viimeisimm\u00e4n j\u00e4ttipotin vai et.<\/p>\n<p>Aiemmat tulokset ja voittonumerot<\/p>\n<p>N\u00e4yt\u00e4mme my\u00f6s viime viikkojen arvontanumerot ja tulokset. Voit tietysti halutessasi k\u00e4ytt\u00e4\u00e4 n\u00e4it\u00e4 kansainv\u00e4lisi\u00e4 lottoja koskevia tietoja valitaksesi numerot seuraaviin lottokuponkeihisi.<\/p>\n<p>Kuumat ja kylm\u00e4t numerot<br \/>\n<img loading=\"lazy\" decoding=\"async\" class=\" wp-image alignright\" src=\"https:\/\/content.redfoxlotto.com\/uploads\/sites\/9\/1_lotto_draw_results.jpg\" alt=\"results lottery\" width=\"248\" height=\"165\" \/><br \/>\nKun tarkistat kansainv\u00e4listen arpajaisten aiemmat tulokset, n\u00e4et my\u00f6s, mitk\u00e4 numerot on arvottu paljon eri arpajaisissa. Samalla voit etsi\u00e4 numeroita, jotka eiv\u00e4t n\u00e4y tuloksissa. N\u00e4in voit m\u00e4\u00e4ritell\u00e4 kuumia ja kylmi\u00e4 numeroita menneist\u00e4 lottotuloksista. Monet pelaajat k\u00e4ytt\u00e4v\u00e4t t\u00e4t\u00e4 tietoa valitessaan voittonumeroita. T\u00e4m\u00e4 on strategia, joka lupaa menestyst\u00e4.<\/p>\n<p>Samoin voit k\u00e4ytt\u00e4\u00e4 viime viikon tai viikkojen voittonumeroita luodaksesi uusia yhdistelmi\u00e4 seuraavaa arpalippuasi varten. Esimerkkin\u00e4 voidaan k\u00e4ytt\u00e4\u00e4 Powerball-lippuun viimeisimm\u00e4n Megamillions-arvonnan ensimm\u00e4ist\u00e4 numeroa. Tai voit k\u00e4ytt\u00e4\u00e4 Euromillionsin tulosten toista numeroa ja Eurojackpotin kolmatta numeroa ja niin edelleen.<\/p>\n","protected":false},"excerpt":{"rendered":"<p>Julkaisemme t\u00e4\u00e4ll\u00e4 viikko kerrallaan viimeisimm\u00e4t voittonumerot ja tulokset kaikista kansainv\u00e4lisist\u00e4 arpajaisista, joihin voit ostaa meilt\u00e4 lippuja. Tulokset tulevat virallisilta lotto-operaattoreilta. Ne julkaistaan t\u00e4\u00e4ll\u00e4 heti arvonnan j\u00e4lkeen. N\u00e4in voit nopeasti verrata lippujasi voittonumeroihin ja n\u00e4hd\u00e4, oletko voittanut. Voit my\u00f6s n\u00e4hd\u00e4 voittosummat, jotka vastaavat kyseisi\u00e4 palkintotasoja, klikkaamalla arvonnan nime\u00e4. T\u00e4m\u00e4 kertoo my\u00f6s, voititko viimeisimm\u00e4n j\u00e4ttipotin vai et. [&hellip;]<\/p>\n","protected":false},"author":1,"featured_media":0,"parent":0,"menu_order":4,"comment_status":"closed","ping_status":"closed","template":"Results.php","meta":{"_et_pb_use_builder":"","_et_pb_old_content":"","_et_gb_content_width":"","exclude_from_search":false,"footnotes":""},"class_list":["post-30931","page","type-page","status-publish","hentry"],"yoast_head":"<!-- This site is optimized with the Yoast SEO plugin v27.4 - https:\/\/yoast.com\/product\/yoast-seo-wordpress\/ -->\n<title>Kansainv\u00e4listen lottojen voittonumerot ja tulokset<\/title>\n<meta name=\"description\" content=\"Voittiinko lottokuponkisi? L\u00f6yd\u00e4 kansainv\u00e4listen lottojen tulokset ja voittonumerot t\u00e4\u00e4lt\u00e4\" \/>\n<meta name=\"robots\" content=\"index, follow, max-snippet:-1, max-image-preview:large, max-video-preview:-1\" \/>\n<link rel=\"canonical\" href=\"https:\/\/redfoxlotto.com\/fi\/lottotulokset-voittonumerot\/\" \/>\n<meta property=\"og:locale\" content=\"fi_FI\" \/>\n<meta property=\"og:type\" content=\"article\" \/>\n<meta property=\"og:title\" content=\"Kansainv\u00e4listen lottojen voittonumerot ja tulokset\" \/>\n<meta property=\"og:description\" content=\"Voittiinko lottokuponkisi? L\u00f6yd\u00e4 kansainv\u00e4listen lottojen tulokset ja voittonumerot t\u00e4\u00e4lt\u00e4\" \/>\n<meta property=\"og:url\" content=\"https:\/\/redfoxlotto.com\/fi\/lottotulokset-voittonumerot\/\" \/>\n<meta property=\"og:site_name\" content=\"Get Tickets for the World\u2019s largest jackpots\" \/>\n<meta property=\"article:modified_time\" content=\"2025-12-18T08:31:37+00:00\" \/>\n<meta property=\"og:image\" content=\"https:\/\/content.redfoxlotto.com\/uploads\/sites\/9\/1_winning_lottery_numbers.jpg\" \/>\n<meta name=\"twitter:card\" content=\"summary_large_image\" \/>\n<meta name=\"twitter:label1\" content=\"Arvioitu lukuaika\" \/>\n\t<meta name=\"twitter:data1\" content=\"2 minuuttia\" \/>\n<script type=\"application\/ld+json\" class=\"yoast-schema-graph\">{\"@context\":\"https:\\\/\\\/schema.org\",\"@graph\":[{\"@type\":\"WebPage\",\"@id\":\"https:\\\/\\\/redfoxlotto.com\\\/fi\\\/lottotulokset-voittonumerot\\\/\",\"url\":\"https:\\\/\\\/redfoxlotto.com\\\/fi\\\/lottotulokset-voittonumerot\\\/\",\"name\":\"Kansainv\u00e4listen lottojen voittonumerot ja tulokset\",\"isPartOf\":{\"@id\":\"https:\\\/\\\/redfoxlotto.com\\\/fi\\\/#website\"},\"primaryImageOfPage\":{\"@id\":\"https:\\\/\\\/redfoxlotto.com\\\/fi\\\/lottotulokset-voittonumerot\\\/#primaryimage\"},\"image\":{\"@id\":\"https:\\\/\\\/redfoxlotto.com\\\/fi\\\/lottotulokset-voittonumerot\\\/#primaryimage\"},\"thumbnailUrl\":\"https:\\\/\\\/content.redfoxlotto.com\\\/uploads\\\/sites\\\/9\\\/1_winning_lottery_numbers.jpg\",\"datePublished\":\"2023-04-24T14:13:24+00:00\",\"dateModified\":\"2025-12-18T08:31:37+00:00\",\"description\":\"Voittiinko lottokuponkisi? L\u00f6yd\u00e4 kansainv\u00e4listen lottojen tulokset ja voittonumerot t\u00e4\u00e4lt\u00e4\",\"breadcrumb\":{\"@id\":\"https:\\\/\\\/redfoxlotto.com\\\/fi\\\/lottotulokset-voittonumerot\\\/#breadcrumb\"},\"inLanguage\":\"fi\",\"potentialAction\":[{\"@type\":\"ReadAction\",\"target\":[\"https:\\\/\\\/redfoxlotto.com\\\/fi\\\/lottotulokset-voittonumerot\\\/\"]}]},{\"@type\":\"ImageObject\",\"inLanguage\":\"fi\",\"@id\":\"https:\\\/\\\/redfoxlotto.com\\\/fi\\\/lottotulokset-voittonumerot\\\/#primaryimage\",\"url\":\"https:\\\/\\\/content.redfoxlotto.com\\\/uploads\\\/sites\\\/9\\\/1_winning_lottery_numbers.jpg\",\"contentUrl\":\"https:\\\/\\\/content.redfoxlotto.com\\\/uploads\\\/sites\\\/9\\\/1_winning_lottery_numbers.jpg\"},{\"@type\":\"BreadcrumbList\",\"@id\":\"https:\\\/\\\/redfoxlotto.com\\\/fi\\\/lottotulokset-voittonumerot\\\/#breadcrumb\",\"itemListElement\":[{\"@type\":\"ListItem\",\"position\":1,\"name\":\"Home\",\"item\":\"https:\\\/\\\/redfoxlotto.com\\\/fi\\\/\"},{\"@type\":\"ListItem\",\"position\":2,\"name\":\"Kansainv\u00e4linen arpajaiset Tulokset\"}]},{\"@type\":\"WebSite\",\"@id\":\"https:\\\/\\\/redfoxlotto.com\\\/fi\\\/#website\",\"url\":\"https:\\\/\\\/redfoxlotto.com\\\/fi\\\/\",\"name\":\"Get Tickets for the World\u2019s largest jackpots\",\"description\":\"Participate in worldwide lottery jackpots from any country\",\"publisher\":{\"@id\":\"https:\\\/\\\/redfoxlotto.com\\\/fi\\\/#organization\"},\"potentialAction\":[{\"@type\":\"SearchAction\",\"target\":{\"@type\":\"EntryPoint\",\"urlTemplate\":\"https:\\\/\\\/redfoxlotto.com\\\/fi\\\/?s={search_term_string}\"},\"query-input\":{\"@type\":\"PropertyValueSpecification\",\"valueRequired\":true,\"valueName\":\"search_term_string\"}}],\"inLanguage\":\"fi\"},{\"@type\":\"Organization\",\"@id\":\"https:\\\/\\\/redfoxlotto.com\\\/fi\\\/#organization\",\"name\":\"Get Tickets for the World\u2019s largest jackpots\",\"url\":\"https:\\\/\\\/redfoxlotto.com\\\/fi\\\/\",\"logo\":{\"@type\":\"ImageObject\",\"inLanguage\":\"fi\",\"@id\":\"https:\\\/\\\/redfoxlotto.com\\\/fi\\\/#\\\/schema\\\/logo\\\/image\\\/\",\"url\":\"https:\\\/\\\/redfoxlotto.com\\\/wp-content\\\/uploads\\\/2023\\\/04\\\/logo.png\",\"contentUrl\":\"https:\\\/\\\/redfoxlotto.com\\\/wp-content\\\/uploads\\\/2023\\\/04\\\/logo.png\",\"width\":269,\"height\":53,\"caption\":\"Get Tickets for the World\u2019s largest jackpots\"},\"image\":{\"@id\":\"https:\\\/\\\/redfoxlotto.com\\\/fi\\\/#\\\/schema\\\/logo\\\/image\\\/\"}}]}<\/script>\n<!-- \/ Yoast SEO plugin. -->","yoast_head_json":{"title":"Kansainv\u00e4listen lottojen voittonumerot ja tulokset","description":"Voittiinko lottokuponkisi? L\u00f6yd\u00e4 kansainv\u00e4listen lottojen tulokset ja voittonumerot t\u00e4\u00e4lt\u00e4","robots":{"index":"index","follow":"follow","max-snippet":"max-snippet:-1","max-image-preview":"max-image-preview:large","max-video-preview":"max-video-preview:-1"},"canonical":"https:\/\/redfoxlotto.com\/fi\/lottotulokset-voittonumerot\/","og_locale":"fi_FI","og_type":"article","og_title":"Kansainv\u00e4listen lottojen voittonumerot ja tulokset","og_description":"Voittiinko lottokuponkisi? L\u00f6yd\u00e4 kansainv\u00e4listen lottojen tulokset ja voittonumerot t\u00e4\u00e4lt\u00e4","og_url":"https:\/\/redfoxlotto.com\/fi\/lottotulokset-voittonumerot\/","og_site_name":"Get Tickets for the World\u2019s largest jackpots","article_modified_time":"2025-12-18T08:31:37+00:00","og_image":[{"url":"https:\/\/content.redfoxlotto.com\/uploads\/sites\/9\/1_winning_lottery_numbers.jpg","type":"","width":"","height":""}],"twitter_card":"summary_large_image","twitter_misc":{"Arvioitu lukuaika":"2 minuuttia"},"schema":{"@context":"https:\/\/schema.org","@graph":[{"@type":"WebPage","@id":"https:\/\/redfoxlotto.com\/fi\/lottotulokset-voittonumerot\/","url":"https:\/\/redfoxlotto.com\/fi\/lottotulokset-voittonumerot\/","name":"Kansainv\u00e4listen lottojen voittonumerot ja tulokset","isPartOf":{"@id":"https:\/\/redfoxlotto.com\/fi\/#website"},"primaryImageOfPage":{"@id":"https:\/\/redfoxlotto.com\/fi\/lottotulokset-voittonumerot\/#primaryimage"},"image":{"@id":"https:\/\/redfoxlotto.com\/fi\/lottotulokset-voittonumerot\/#primaryimage"},"thumbnailUrl":"https:\/\/content.redfoxlotto.com\/uploads\/sites\/9\/1_winning_lottery_numbers.jpg","datePublished":"2023-04-24T14:13:24+00:00","dateModified":"2025-12-18T08:31:37+00:00","description":"Voittiinko lottokuponkisi? L\u00f6yd\u00e4 kansainv\u00e4listen lottojen tulokset ja voittonumerot t\u00e4\u00e4lt\u00e4","breadcrumb":{"@id":"https:\/\/redfoxlotto.com\/fi\/lottotulokset-voittonumerot\/#breadcrumb"},"inLanguage":"fi","potentialAction":[{"@type":"ReadAction","target":["https:\/\/redfoxlotto.com\/fi\/lottotulokset-voittonumerot\/"]}]},{"@type":"ImageObject","inLanguage":"fi","@id":"https:\/\/redfoxlotto.com\/fi\/lottotulokset-voittonumerot\/#primaryimage","url":"https:\/\/content.redfoxlotto.com\/uploads\/sites\/9\/1_winning_lottery_numbers.jpg","contentUrl":"https:\/\/content.redfoxlotto.com\/uploads\/sites\/9\/1_winning_lottery_numbers.jpg"},{"@type":"BreadcrumbList","@id":"https:\/\/redfoxlotto.com\/fi\/lottotulokset-voittonumerot\/#breadcrumb","itemListElement":[{"@type":"ListItem","position":1,"name":"Home","item":"https:\/\/redfoxlotto.com\/fi\/"},{"@type":"ListItem","position":2,"name":"Kansainv\u00e4linen arpajaiset Tulokset"}]},{"@type":"WebSite","@id":"https:\/\/redfoxlotto.com\/fi\/#website","url":"https:\/\/redfoxlotto.com\/fi\/","name":"Get Tickets for the World\u2019s largest jackpots","description":"Participate in worldwide lottery jackpots from any country","publisher":{"@id":"https:\/\/redfoxlotto.com\/fi\/#organization"},"potentialAction":[{"@type":"SearchAction","target":{"@type":"EntryPoint","urlTemplate":"https:\/\/redfoxlotto.com\/fi\/?s={search_term_string}"},"query-input":{"@type":"PropertyValueSpecification","valueRequired":true,"valueName":"search_term_string"}}],"inLanguage":"fi"},{"@type":"Organization","@id":"https:\/\/redfoxlotto.com\/fi\/#organization","name":"Get Tickets for the World\u2019s largest jackpots","url":"https:\/\/redfoxlotto.com\/fi\/","logo":{"@type":"ImageObject","inLanguage":"fi","@id":"https:\/\/redfoxlotto.com\/fi\/#\/schema\/logo\/image\/","url":"https:\/\/redfoxlotto.com\/wp-content\/uploads\/2023\/04\/logo.png","contentUrl":"https:\/\/redfoxlotto.com\/wp-content\/uploads\/2023\/04\/logo.png","width":269,"height":53,"caption":"Get Tickets for the World\u2019s largest jackpots"},"image":{"@id":"https:\/\/redfoxlotto.com\/fi\/#\/schema\/logo\/image\/"}}]}},"_links":{"self":[{"href":"https:\/\/redfoxlotto.com\/fi\/wp-json\/wp\/v2\/pages\/30931","targetHints":{"allow":["GET"]}}],"collection":[{"href":"https:\/\/redfoxlotto.com\/fi\/wp-json\/wp\/v2\/pages"}],"about":[{"href":"https:\/\/redfoxlotto.com\/fi\/wp-json\/wp\/v2\/types\/page"}],"author":[{"embeddable":true,"href":"https:\/\/redfoxlotto.com\/fi\/wp-json\/wp\/v2\/users\/1"}],"replies":[{"embeddable":true,"href":"https:\/\/redfoxlotto.com\/fi\/wp-json\/wp\/v2\/comments?post=30931"}],"version-history":[{"count":0,"href":"https:\/\/redfoxlotto.com\/fi\/wp-json\/wp\/v2\/pages\/30931\/revisions"}],"wp:attachment":[{"href":"https:\/\/redfoxlotto.com\/fi\/wp-json\/wp\/v2\/media?parent=30931"}],"curies":[{"name":"wp","href":"https:\/\/api.w.org\/{rel}","templated":true}]}}