{"id":30926,"date":"2023-04-24T17:47:11","date_gmt":"2023-04-24T17:47:11","guid":{"rendered":"https:\/\/redfoxlotto.com\/?page_id=19699"},"modified":"2026-01-11T09:21:44","modified_gmt":"2026-01-11T09:21:44","slug":"superenalotto","status":"publish","type":"page","link":"https:\/\/redfoxlotto.com\/fi\/pelaa-lottoa-netissa\/superenalotto\/","title":{"rendered":"Pelaa SuperEnalotto netiss\u00e4"},"content":{"rendered":"<h2>Kuinka pelata SuperEnalottoa<\/h2>\n<p><img decoding=\"async\" class=\" wp-image alignright\" src=\"https:\/\/content.redfoxlotto.com\/uploads\/sites\/9\/1_play_superenalotto.jpg\" alt=\"Superenalotto pelaa verkossa\" width=\"250&quot;\" height=\"125\" \/><\/p>\n<p>T\u00e4m\u00e4n italialaisen loton peruss\u00e4\u00e4nn\u00f6t ovat melko yksinkertaiset. Valitset vain 6 numeroa v\u00e4lilt\u00e4 1\u201390, saat kuponkisi ja sitten sinun tarvitsee vain odottaa ja tarkistaa arvotut numerot. Se, ett\u00e4 sinulla on yhteens\u00e4 90 numeroa valittavana, tarkoittaa, ett\u00e4 todenn\u00e4k\u00f6isyys saada ne kaikki oikein on melko pieni. Itse asiassa todenn\u00e4k\u00f6isyys on 1:622 miljoonaa.<\/p>\n<p>T\u00e4m\u00e4 on my\u00f6s syy siihen, miksi j\u00e4ttipotti usein kest\u00e4\u00e4 viikkoja, ellei kuukausia, ennen kuin se on murrettu. Mutta sen ei pit\u00e4isi est\u00e4\u00e4 sinua pelaamasta. Kuponkien hinnat ovat suhteellisen alhaiset, ja arvatkaa mit\u00e4? Joku on aina onnekas, joten miksi et sin\u00e4kin? Muista, ett\u00e4 kun <a href=\"https:\/\/redfoxlotto.com\/fi\/lotteries\/superenalotto\/\">pelaat Superenalottoa<\/a> RedFoxLottossa, sinun ei tarvitse olla Italiassa tai olla Italian kansalainen. Verkkolippusi osallistuvat arvontaan asuinmaastasi tai kansalaisuudestasi riippumatta. Juuri siin\u00e4 piilee <a href=\"https:\/\/redfoxlotto.com\/fi\/pelaa-lottoa-netissa\/\">kansainv\u00e4listen lottojen pelaamisen kauneus verkossa<\/a> palvelumme kautta.<\/p>\n<h2>Paranna voittomahdollisuuksiasi<\/h2>\n<p><img decoding=\"async\" class=\" wp-image alignright\" src=\"https:\/\/content.redfoxlotto.com\/uploads\/sites\/9\/2_ticket_superenalotto.jpg\" alt=\"voita Superenalotto\" width=\"250&quot;\" height=\"125\" \/><\/p>\n<p>Tilastollisesti yli 70 % lottovoitoista on <a href=\"https:\/\/redfoxlotto.com\/fi\/lottotulokset-voittonumerot\/superenalotto\/\">voitettu suuremmilla numeroilla<\/a>. Kaikki k\u00e4ytt\u00e4v\u00e4t syntym\u00e4p\u00e4ivi\u00e4, joten kun arvonnan tuloksena on kaikki pienemm\u00e4t numerot, voittajia on enemm\u00e4n ja voitot ovat pienemm\u00e4t. Joten jos haluat varmistaa, ettet joudu jakamaan Superenalotto-j\u00e4ttipottiasi, valitse kuponkiisi numerot, jotka ovat yli 31!<\/p>\n<p>Muuten voit k\u00e4ytt\u00e4\u00e4 mit\u00e4 tahansa lottonumeroj\u00e4rjestelm\u00e4\u00e4. Voit my\u00f6s k\u00e4ytt\u00e4\u00e4 omia onnennumeroitasi. Jos ne ovat kaikki pienempi\u00e4 numeroita, miksi et vain kertoisi niit\u00e4 2:lla, 3:lla, 4:ll\u00e4 tai 5:ll\u00e4? T\u00e4ll\u00e4 tavoin v\u00e4lt\u00e4t numerot, jotka kaikilla muilla on.<\/p>\n<section class=\"layout\" style=\"border: solid 1px; width: 100%;\">\n<div class=\"img-div\" style=\"margin-top: 5px;\"><img decoding=\"async\" class=\"wp-image-17212 alignleft\" style=\"height: 45px; margin: 8px 8px0px;\" src=\"https:\/\/redfoxlotto.com\/wp-content\/uploads\/sites\/9\/read1.jpg\" alt=\"osta lotto netist\u00e4\" width=\"\" height=\"\" \/><\/div>\n<div style=\"padding-left: 5px;\">\n<div style=\"font-size: 1.1em;\">\n<p><strong>Katso listamme lottopeleist\u00e4 \u2013 mik\u00e4 on maailman suurin lotto?<\/strong><\/p>\n<p style=\"font-size: 0.8em; margin-top: -1.5em;\">\u00c4l\u00e4 tyydy vain selvitt\u00e4m\u00e4\u00e4n tietoa maailman suurimmasta lottopelist\u00e4 \u2013 t\u00e4\u00e4ll\u00e4 voit osallistua kaikkiin niihin! <a href=\"https:\/\/redfoxlotto.com\/fi\/tutustu-top-5-lottorivi-naissa-arpajaisissa\/\">Lue lis\u00e4\u00e4<\/a><\/p>\n<\/div>\n<\/div>\n<\/section>\n","protected":false},"excerpt":{"rendered":"<p>Kuinka pelata SuperEnalottoa T\u00e4m\u00e4n italialaisen loton peruss\u00e4\u00e4nn\u00f6t ovat melko yksinkertaiset. Valitset vain 6 numeroa v\u00e4lilt\u00e4 1\u201390, saat kuponkisi ja sitten sinun tarvitsee vain odottaa ja tarkistaa arvotut numerot. Se, ett\u00e4 sinulla on yhteens\u00e4 90 numeroa valittavana, tarkoittaa, ett\u00e4 todenn\u00e4k\u00f6isyys saada ne kaikki oikein on melko pieni. Itse asiassa todenn\u00e4k\u00f6isyys on 1:622 miljoonaa. T\u00e4m\u00e4 on my\u00f6s [&hellip;]<\/p>\n","protected":false},"author":1,"featured_media":0,"parent":30900,"menu_order":5,"comment_status":"closed","ping_status":"closed","template":"superenalotto.php","meta":{"_et_pb_use_builder":"","_et_pb_old_content":"","_et_gb_content_width":"","exclude_from_search":false,"footnotes":""},"class_list":["post-30926","page","type-page","status-publish","hentry"],"yoast_head":"<!-- This site is optimized with the Yoast SEO plugin v23.8 - https:\/\/yoast.com\/wordpress\/plugins\/seo\/ -->\n<title>Pelaa SuperEnalotto netiss\u00e4 - Get Tickets for the World\u2019s largest jackpots<\/title>\n<meta name=\"robots\" content=\"index, follow, max-snippet:-1, max-image-preview:large, max-video-preview:-1\" \/>\n<link rel=\"canonical\" href=\"https:\/\/redfoxlotto.com\/fi\/pelaa-lottoa-netissa\/superenalotto\/\" \/>\n<meta property=\"og:locale\" content=\"fi_FI\" \/>\n<meta property=\"og:type\" content=\"article\" \/>\n<meta property=\"og:title\" content=\"Pelaa SuperEnalotto netiss\u00e4 - Get Tickets for the World\u2019s largest jackpots\" \/>\n<meta property=\"og:description\" content=\"Kuinka pelata SuperEnalottoa T\u00e4m\u00e4n italialaisen loton peruss\u00e4\u00e4nn\u00f6t ovat melko yksinkertaiset. Valitset vain 6 numeroa v\u00e4lilt\u00e4 1\u201390, saat kuponkisi ja sitten sinun tarvitsee vain odottaa ja tarkistaa arvotut numerot. Se, ett\u00e4 sinulla on yhteens\u00e4 90 numeroa valittavana, tarkoittaa, ett\u00e4 todenn\u00e4k\u00f6isyys saada ne kaikki oikein on melko pieni. Itse asiassa todenn\u00e4k\u00f6isyys on 1:622 miljoonaa. T\u00e4m\u00e4 on my\u00f6s [&hellip;]\" \/>\n<meta property=\"og:url\" content=\"https:\/\/redfoxlotto.com\/fi\/pelaa-lottoa-netissa\/superenalotto\/\" \/>\n<meta property=\"og:site_name\" content=\"Get Tickets for the World\u2019s largest jackpots\" \/>\n<meta property=\"article:modified_time\" content=\"2026-01-11T09:21:44+00:00\" \/>\n<meta property=\"og:image\" content=\"https:\/\/content.redfoxlotto.com\/uploads\/sites\/9\/1_play_superenalotto.jpg\" \/>\n<meta name=\"twitter:card\" content=\"summary_large_image\" \/>\n<script type=\"application\/ld+json\" class=\"yoast-schema-graph\">{\"@context\":\"https:\/\/schema.org\",\"@graph\":[{\"@type\":\"WebPage\",\"@id\":\"https:\/\/redfoxlotto.com\/fi\/pelaa-lottoa-netissa\/superenalotto\/\",\"url\":\"https:\/\/redfoxlotto.com\/fi\/pelaa-lottoa-netissa\/superenalotto\/\",\"name\":\"Pelaa SuperEnalotto netiss\u00e4 - Get Tickets for the World\u2019s largest jackpots\",\"isPartOf\":{\"@id\":\"https:\/\/redfoxlotto.com\/fi\/#website\"},\"primaryImageOfPage\":{\"@id\":\"https:\/\/redfoxlotto.com\/fi\/pelaa-lottoa-netissa\/superenalotto\/#primaryimage\"},\"image\":{\"@id\":\"https:\/\/redfoxlotto.com\/fi\/pelaa-lottoa-netissa\/superenalotto\/#primaryimage\"},\"thumbnailUrl\":\"https:\/\/content.redfoxlotto.com\/uploads\/sites\/9\/1_play_superenalotto.jpg\",\"datePublished\":\"2023-04-24T17:47:11+00:00\",\"dateModified\":\"2026-01-11T09:21:44+00:00\",\"breadcrumb\":{\"@id\":\"https:\/\/redfoxlotto.com\/fi\/pelaa-lottoa-netissa\/superenalotto\/#breadcrumb\"},\"inLanguage\":\"fi\",\"potentialAction\":[{\"@type\":\"ReadAction\",\"target\":[\"https:\/\/redfoxlotto.com\/fi\/pelaa-lottoa-netissa\/superenalotto\/\"]}]},{\"@type\":\"ImageObject\",\"inLanguage\":\"fi\",\"@id\":\"https:\/\/redfoxlotto.com\/fi\/pelaa-lottoa-netissa\/superenalotto\/#primaryimage\",\"url\":\"https:\/\/content.redfoxlotto.com\/uploads\/sites\/9\/1_play_superenalotto.jpg\",\"contentUrl\":\"https:\/\/content.redfoxlotto.com\/uploads\/sites\/9\/1_play_superenalotto.jpg\"},{\"@type\":\"BreadcrumbList\",\"@id\":\"https:\/\/redfoxlotto.com\/fi\/pelaa-lottoa-netissa\/superenalotto\/#breadcrumb\",\"itemListElement\":[{\"@type\":\"ListItem\",\"position\":1,\"name\":\"Home\",\"item\":\"https:\/\/redfoxlotto.com\/fi\/\"},{\"@type\":\"ListItem\",\"position\":2,\"name\":\"Kuinka pelata muiden maiden lottoja\",\"item\":\"https:\/\/redfoxlotto.com\/fi\/pelaa-lottoa-netissa\/\"},{\"@type\":\"ListItem\",\"position\":3,\"name\":\"Pelaa SuperEnalotto netiss\u00e4\"}]},{\"@type\":\"WebSite\",\"@id\":\"https:\/\/redfoxlotto.com\/fi\/#website\",\"url\":\"https:\/\/redfoxlotto.com\/fi\/\",\"name\":\"Get Tickets for the World\u2019s largest jackpots\",\"description\":\"Participate in worldwide lottery jackpots from any country\",\"publisher\":{\"@id\":\"https:\/\/redfoxlotto.com\/fi\/#organization\"},\"potentialAction\":[{\"@type\":\"SearchAction\",\"target\":{\"@type\":\"EntryPoint\",\"urlTemplate\":\"https:\/\/redfoxlotto.com\/fi\/?s={search_term_string}\"},\"query-input\":{\"@type\":\"PropertyValueSpecification\",\"valueRequired\":true,\"valueName\":\"search_term_string\"}}],\"inLanguage\":\"fi\"},{\"@type\":\"Organization\",\"@id\":\"https:\/\/redfoxlotto.com\/fi\/#organization\",\"name\":\"Get Tickets for the World\u2019s largest jackpots\",\"url\":\"https:\/\/redfoxlotto.com\/fi\/\",\"logo\":{\"@type\":\"ImageObject\",\"inLanguage\":\"fi\",\"@id\":\"https:\/\/redfoxlotto.com\/fi\/#\/schema\/logo\/image\/\",\"url\":\"https:\/\/redfoxlotto.com\/wp-content\/uploads\/2023\/04\/logo.png\",\"contentUrl\":\"https:\/\/redfoxlotto.com\/wp-content\/uploads\/2023\/04\/logo.png\",\"width\":269,\"height\":53,\"caption\":\"Get Tickets for the World\u2019s largest jackpots\"},\"image\":{\"@id\":\"https:\/\/redfoxlotto.com\/fi\/#\/schema\/logo\/image\/\"}}]}<\/script>\n<!-- \/ Yoast SEO plugin. -->","yoast_head_json":{"title":"Pelaa SuperEnalotto netiss\u00e4 - Get Tickets for the World\u2019s largest jackpots","robots":{"index":"index","follow":"follow","max-snippet":"max-snippet:-1","max-image-preview":"max-image-preview:large","max-video-preview":"max-video-preview:-1"},"canonical":"https:\/\/redfoxlotto.com\/fi\/pelaa-lottoa-netissa\/superenalotto\/","og_locale":"fi_FI","og_type":"article","og_title":"Pelaa SuperEnalotto netiss\u00e4 - Get Tickets for the World\u2019s largest jackpots","og_description":"Kuinka pelata SuperEnalottoa T\u00e4m\u00e4n italialaisen loton peruss\u00e4\u00e4nn\u00f6t ovat melko yksinkertaiset. Valitset vain 6 numeroa v\u00e4lilt\u00e4 1\u201390, saat kuponkisi ja sitten sinun tarvitsee vain odottaa ja tarkistaa arvotut numerot. Se, ett\u00e4 sinulla on yhteens\u00e4 90 numeroa valittavana, tarkoittaa, ett\u00e4 todenn\u00e4k\u00f6isyys saada ne kaikki oikein on melko pieni. Itse asiassa todenn\u00e4k\u00f6isyys on 1:622 miljoonaa. T\u00e4m\u00e4 on my\u00f6s [&hellip;]","og_url":"https:\/\/redfoxlotto.com\/fi\/pelaa-lottoa-netissa\/superenalotto\/","og_site_name":"Get Tickets for the World\u2019s largest jackpots","article_modified_time":"2026-01-11T09:21:44+00:00","og_image":[{"url":"https:\/\/content.redfoxlotto.com\/uploads\/sites\/9\/1_play_superenalotto.jpg"}],"twitter_card":"summary_large_image","schema":{"@context":"https:\/\/schema.org","@graph":[{"@type":"WebPage","@id":"https:\/\/redfoxlotto.com\/fi\/pelaa-lottoa-netissa\/superenalotto\/","url":"https:\/\/redfoxlotto.com\/fi\/pelaa-lottoa-netissa\/superenalotto\/","name":"Pelaa SuperEnalotto netiss\u00e4 - Get Tickets for the World\u2019s largest jackpots","isPartOf":{"@id":"https:\/\/redfoxlotto.com\/fi\/#website"},"primaryImageOfPage":{"@id":"https:\/\/redfoxlotto.com\/fi\/pelaa-lottoa-netissa\/superenalotto\/#primaryimage"},"image":{"@id":"https:\/\/redfoxlotto.com\/fi\/pelaa-lottoa-netissa\/superenalotto\/#primaryimage"},"thumbnailUrl":"https:\/\/content.redfoxlotto.com\/uploads\/sites\/9\/1_play_superenalotto.jpg","datePublished":"2023-04-24T17:47:11+00:00","dateModified":"2026-01-11T09:21:44+00:00","breadcrumb":{"@id":"https:\/\/redfoxlotto.com\/fi\/pelaa-lottoa-netissa\/superenalotto\/#breadcrumb"},"inLanguage":"fi","potentialAction":[{"@type":"ReadAction","target":["https:\/\/redfoxlotto.com\/fi\/pelaa-lottoa-netissa\/superenalotto\/"]}]},{"@type":"ImageObject","inLanguage":"fi","@id":"https:\/\/redfoxlotto.com\/fi\/pelaa-lottoa-netissa\/superenalotto\/#primaryimage","url":"https:\/\/content.redfoxlotto.com\/uploads\/sites\/9\/1_play_superenalotto.jpg","contentUrl":"https:\/\/content.redfoxlotto.com\/uploads\/sites\/9\/1_play_superenalotto.jpg"},{"@type":"BreadcrumbList","@id":"https:\/\/redfoxlotto.com\/fi\/pelaa-lottoa-netissa\/superenalotto\/#breadcrumb","itemListElement":[{"@type":"ListItem","position":1,"name":"Home","item":"https:\/\/redfoxlotto.com\/fi\/"},{"@type":"ListItem","position":2,"name":"Kuinka pelata muiden maiden lottoja","item":"https:\/\/redfoxlotto.com\/fi\/pelaa-lottoa-netissa\/"},{"@type":"ListItem","position":3,"name":"Pelaa SuperEnalotto netiss\u00e4"}]},{"@type":"WebSite","@id":"https:\/\/redfoxlotto.com\/fi\/#website","url":"https:\/\/redfoxlotto.com\/fi\/","name":"Get Tickets for the World\u2019s largest jackpots","description":"Participate in worldwide lottery jackpots from any country","publisher":{"@id":"https:\/\/redfoxlotto.com\/fi\/#organization"},"potentialAction":[{"@type":"SearchAction","target":{"@type":"EntryPoint","urlTemplate":"https:\/\/redfoxlotto.com\/fi\/?s={search_term_string}"},"query-input":{"@type":"PropertyValueSpecification","valueRequired":true,"valueName":"search_term_string"}}],"inLanguage":"fi"},{"@type":"Organization","@id":"https:\/\/redfoxlotto.com\/fi\/#organization","name":"Get Tickets for the World\u2019s largest jackpots","url":"https:\/\/redfoxlotto.com\/fi\/","logo":{"@type":"ImageObject","inLanguage":"fi","@id":"https:\/\/redfoxlotto.com\/fi\/#\/schema\/logo\/image\/","url":"https:\/\/redfoxlotto.com\/wp-content\/uploads\/2023\/04\/logo.png","contentUrl":"https:\/\/redfoxlotto.com\/wp-content\/uploads\/2023\/04\/logo.png","width":269,"height":53,"caption":"Get Tickets for the World\u2019s largest jackpots"},"image":{"@id":"https:\/\/redfoxlotto.com\/fi\/#\/schema\/logo\/image\/"}}]}},"_links":{"self":[{"href":"https:\/\/redfoxlotto.com\/fi\/wp-json\/wp\/v2\/pages\/30926","targetHints":{"allow":["GET"]}}],"collection":[{"href":"https:\/\/redfoxlotto.com\/fi\/wp-json\/wp\/v2\/pages"}],"about":[{"href":"https:\/\/redfoxlotto.com\/fi\/wp-json\/wp\/v2\/types\/page"}],"author":[{"embeddable":true,"href":"https:\/\/redfoxlotto.com\/fi\/wp-json\/wp\/v2\/users\/1"}],"replies":[{"embeddable":true,"href":"https:\/\/redfoxlotto.com\/fi\/wp-json\/wp\/v2\/comments?post=30926"}],"version-history":[{"count":0,"href":"https:\/\/redfoxlotto.com\/fi\/wp-json\/wp\/v2\/pages\/30926\/revisions"}],"up":[{"embeddable":true,"href":"https:\/\/redfoxlotto.com\/fi\/wp-json\/wp\/v2\/pages\/30900"}],"wp:attachment":[{"href":"https:\/\/redfoxlotto.com\/fi\/wp-json\/wp\/v2\/media?parent=30926"}],"curies":[{"name":"wp","href":"https:\/\/api.w.org\/{rel}","templated":true}]}}