{"id":30925,"date":"2023-04-24T17:59:25","date_gmt":"2023-04-24T17:59:25","guid":{"rendered":"https:\/\/redfoxlotto.com\/?page_id=19697"},"modified":"2022-09-26T12:36:30","modified_gmt":"2022-09-26T12:36:30","slug":"set-for-life-uk","status":"publish","type":"page","link":"https:\/\/redfoxlotto.com\/fi\/pelaa-lottoa-netissa\/set-for-life-uk\/","title":{"rendered":"Osallistu Set for life lotto verkossa"},"content":{"rendered":"<p>Brittil\u00e4inen &#8221;Set for life&#8221; -arpajaiset eroavat useimmista muista arpajaisista. Jos voitat ykk\u00f6s- tai kakkospalkinnon, saat kiinte\u00e4n summan sijasta kuukausittaisia maksuja.<\/p>\n<p>Ensimm\u00e4inen palkinto tarkoittaa, ett\u00e4 saat 10 000 punnan kuukausimaksun seuraavien 30 vuoden ajan, toinen palkinto tarkoittaa, ett\u00e4 saat saman 10 000 punnan kuukausimaksun yhden vuoden ajan.<\/p>\n<h2>Kuinka pelata &#8221;Set for life&#8221; -nettipokeria<\/h2>\n<p><img decoding=\"async\" class=\"size-full wp-image alignright\" src=\"https:\/\/content.redfoxlotto.com\/uploads\/sites\/9\/1_play_online_jackpot.jpg\" alt=\" Set for life verkossa \"><\/p>\n<p>Kun olet luonut tilisi sivustollamme, mene vain arpajaisiin ja valitse 5 numeroa v\u00e4lilt\u00e4 1-47, sitten yksi &#8221;life ball&#8221; -numero v\u00e4lilt\u00e4 1-10.<\/p>\n<p>Jos haluat, voit k\u00e4ytt\u00e4\u00e4 &#8221;quick pick&#8221; -toimintoa ja antaa numerogeneraattorin tehd\u00e4 ty\u00f6ns\u00e4 t\u00e4ytt\u00e4\u00e4kseen lippusi satunnaisnumeroilla.<\/p>\n<h2>Miten saan tiet\u00e4\u00e4, olenko voittanut?<\/h2>\n<p>Jos lippusi voittaa, l\u00e4het\u00e4mme sinulle s\u00e4hk\u00f6posti-ilmoituksen. Varmista, ett\u00e4 s\u00e4hk\u00f6postiviestimme eiv\u00e4t p\u00e4\u00e4dy roskapostilaatikkoosi. Arvonnan j\u00e4lkeen voit kirjautua tilillesi ja tarkistaa lippusi. Voittonumerot on merkitty.<\/p>\n","protected":false},"excerpt":{"rendered":"<p>Brittil\u00e4inen &#8221;Set for life&#8221; -arpajaiset eroavat useimmista muista arpajaisista. Jos voitat ykk\u00f6s- tai kakkospalkinnon, saat kiinte\u00e4n summan sijasta kuukausittaisia maksuja. Ensimm\u00e4inen palkinto tarkoittaa, ett\u00e4 saat 10 000 punnan kuukausimaksun seuraavien 30 vuoden ajan, toinen palkinto tarkoittaa, ett\u00e4 saat saman 10 000 punnan kuukausimaksun yhden vuoden ajan. Kuinka pelata &#8221;Set for life&#8221; -nettipokeria Kun olet luonut [&hellip;]<\/p>\n","protected":false},"author":1,"featured_media":0,"parent":30900,"menu_order":10,"comment_status":"closed","ping_status":"closed","template":"set-for-life.php","meta":{"_et_pb_use_builder":"","_et_pb_old_content":"","_et_gb_content_width":"","exclude_from_search":false,"footnotes":""},"class_list":["post-30925","page","type-page","status-publish","hentry"],"yoast_head":"<!-- This site is optimized with the Yoast SEO plugin v23.8 - https:\/\/yoast.com\/wordpress\/plugins\/seo\/ -->\n<title>Pelaa Set for life Lotto verkossa<\/title>\n<meta name=\"description\" content=\"Nyt sin\u00e4kin voit pelata Ison-Britannian Set for life -arpajaisia netiss\u00e4\" \/>\n<meta name=\"robots\" content=\"index, follow, max-snippet:-1, max-image-preview:large, max-video-preview:-1\" \/>\n<link rel=\"canonical\" href=\"https:\/\/redfoxlotto.com\/fi\/pelaa-lottoa-netissa\/set-for-life-uk\/\" \/>\n<meta property=\"og:locale\" content=\"fi_FI\" \/>\n<meta property=\"og:type\" content=\"article\" \/>\n<meta property=\"og:title\" content=\"Pelaa Set for life Lotto verkossa\" \/>\n<meta property=\"og:description\" content=\"Nyt sin\u00e4kin voit pelata Ison-Britannian Set for life -arpajaisia netiss\u00e4\" \/>\n<meta property=\"og:url\" content=\"https:\/\/redfoxlotto.com\/fi\/pelaa-lottoa-netissa\/set-for-life-uk\/\" \/>\n<meta property=\"og:site_name\" content=\"Get Tickets for the World\u2019s largest jackpots\" \/>\n<meta property=\"article:modified_time\" content=\"2022-09-26T12:36:30+00:00\" \/>\n<meta property=\"og:image\" content=\"https:\/\/content.redfoxlotto.com\/uploads\/sites\/9\/1_play_online_jackpot.jpg\" \/>\n<meta name=\"twitter:card\" content=\"summary_large_image\" \/>\n<meta name=\"twitter:label1\" content=\"Arvioitu lukuaika\" \/>\n\t<meta name=\"twitter:data1\" content=\"1 minuutti\" \/>\n<script type=\"application\/ld+json\" class=\"yoast-schema-graph\">{\"@context\":\"https:\/\/schema.org\",\"@graph\":[{\"@type\":\"WebPage\",\"@id\":\"https:\/\/redfoxlotto.com\/fi\/pelaa-lottoa-netissa\/set-for-life-uk\/\",\"url\":\"https:\/\/redfoxlotto.com\/fi\/pelaa-lottoa-netissa\/set-for-life-uk\/\",\"name\":\"Pelaa Set for life Lotto verkossa\",\"isPartOf\":{\"@id\":\"https:\/\/redfoxlotto.com\/fi\/#website\"},\"primaryImageOfPage\":{\"@id\":\"https:\/\/redfoxlotto.com\/fi\/pelaa-lottoa-netissa\/set-for-life-uk\/#primaryimage\"},\"image\":{\"@id\":\"https:\/\/redfoxlotto.com\/fi\/pelaa-lottoa-netissa\/set-for-life-uk\/#primaryimage\"},\"thumbnailUrl\":\"https:\/\/content.redfoxlotto.com\/uploads\/sites\/9\/1_play_online_jackpot.jpg\",\"datePublished\":\"2023-04-24T17:59:25+00:00\",\"dateModified\":\"2022-09-26T12:36:30+00:00\",\"description\":\"Nyt sin\u00e4kin voit pelata Ison-Britannian Set for life -arpajaisia netiss\u00e4\",\"breadcrumb\":{\"@id\":\"https:\/\/redfoxlotto.com\/fi\/pelaa-lottoa-netissa\/set-for-life-uk\/#breadcrumb\"},\"inLanguage\":\"fi\",\"potentialAction\":[{\"@type\":\"ReadAction\",\"target\":[\"https:\/\/redfoxlotto.com\/fi\/pelaa-lottoa-netissa\/set-for-life-uk\/\"]}]},{\"@type\":\"ImageObject\",\"inLanguage\":\"fi\",\"@id\":\"https:\/\/redfoxlotto.com\/fi\/pelaa-lottoa-netissa\/set-for-life-uk\/#primaryimage\",\"url\":\"https:\/\/content.redfoxlotto.com\/uploads\/sites\/9\/1_play_online_jackpot.jpg\",\"contentUrl\":\"https:\/\/content.redfoxlotto.com\/uploads\/sites\/9\/1_play_online_jackpot.jpg\"},{\"@type\":\"BreadcrumbList\",\"@id\":\"https:\/\/redfoxlotto.com\/fi\/pelaa-lottoa-netissa\/set-for-life-uk\/#breadcrumb\",\"itemListElement\":[{\"@type\":\"ListItem\",\"position\":1,\"name\":\"Home\",\"item\":\"https:\/\/redfoxlotto.com\/fi\/\"},{\"@type\":\"ListItem\",\"position\":2,\"name\":\"Kuinka pelata muiden maiden lottoja\",\"item\":\"https:\/\/redfoxlotto.com\/fi\/pelaa-lottoa-netissa\/\"},{\"@type\":\"ListItem\",\"position\":3,\"name\":\"Osallistu Set for life lotto verkossa\"}]},{\"@type\":\"WebSite\",\"@id\":\"https:\/\/redfoxlotto.com\/fi\/#website\",\"url\":\"https:\/\/redfoxlotto.com\/fi\/\",\"name\":\"Get Tickets for the World\u2019s largest jackpots\",\"description\":\"Participate in worldwide lottery jackpots from any country\",\"publisher\":{\"@id\":\"https:\/\/redfoxlotto.com\/fi\/#organization\"},\"potentialAction\":[{\"@type\":\"SearchAction\",\"target\":{\"@type\":\"EntryPoint\",\"urlTemplate\":\"https:\/\/redfoxlotto.com\/fi\/?s={search_term_string}\"},\"query-input\":{\"@type\":\"PropertyValueSpecification\",\"valueRequired\":true,\"valueName\":\"search_term_string\"}}],\"inLanguage\":\"fi\"},{\"@type\":\"Organization\",\"@id\":\"https:\/\/redfoxlotto.com\/fi\/#organization\",\"name\":\"Get Tickets for the World\u2019s largest jackpots\",\"url\":\"https:\/\/redfoxlotto.com\/fi\/\",\"logo\":{\"@type\":\"ImageObject\",\"inLanguage\":\"fi\",\"@id\":\"https:\/\/redfoxlotto.com\/fi\/#\/schema\/logo\/image\/\",\"url\":\"https:\/\/redfoxlotto.com\/wp-content\/uploads\/2023\/04\/logo.png\",\"contentUrl\":\"https:\/\/redfoxlotto.com\/wp-content\/uploads\/2023\/04\/logo.png\",\"width\":269,\"height\":53,\"caption\":\"Get Tickets for the World\u2019s largest jackpots\"},\"image\":{\"@id\":\"https:\/\/redfoxlotto.com\/fi\/#\/schema\/logo\/image\/\"}}]}<\/script>\n<!-- \/ Yoast SEO plugin. -->","yoast_head_json":{"title":"Pelaa Set for life Lotto verkossa","description":"Nyt sin\u00e4kin voit pelata Ison-Britannian Set for life -arpajaisia netiss\u00e4","robots":{"index":"index","follow":"follow","max-snippet":"max-snippet:-1","max-image-preview":"max-image-preview:large","max-video-preview":"max-video-preview:-1"},"canonical":"https:\/\/redfoxlotto.com\/fi\/pelaa-lottoa-netissa\/set-for-life-uk\/","og_locale":"fi_FI","og_type":"article","og_title":"Pelaa Set for life Lotto verkossa","og_description":"Nyt sin\u00e4kin voit pelata Ison-Britannian Set for life -arpajaisia netiss\u00e4","og_url":"https:\/\/redfoxlotto.com\/fi\/pelaa-lottoa-netissa\/set-for-life-uk\/","og_site_name":"Get Tickets for the World\u2019s largest jackpots","article_modified_time":"2022-09-26T12:36:30+00:00","og_image":[{"url":"https:\/\/content.redfoxlotto.com\/uploads\/sites\/9\/1_play_online_jackpot.jpg"}],"twitter_card":"summary_large_image","twitter_misc":{"Arvioitu lukuaika":"1 minuutti"},"schema":{"@context":"https:\/\/schema.org","@graph":[{"@type":"WebPage","@id":"https:\/\/redfoxlotto.com\/fi\/pelaa-lottoa-netissa\/set-for-life-uk\/","url":"https:\/\/redfoxlotto.com\/fi\/pelaa-lottoa-netissa\/set-for-life-uk\/","name":"Pelaa Set for life Lotto verkossa","isPartOf":{"@id":"https:\/\/redfoxlotto.com\/fi\/#website"},"primaryImageOfPage":{"@id":"https:\/\/redfoxlotto.com\/fi\/pelaa-lottoa-netissa\/set-for-life-uk\/#primaryimage"},"image":{"@id":"https:\/\/redfoxlotto.com\/fi\/pelaa-lottoa-netissa\/set-for-life-uk\/#primaryimage"},"thumbnailUrl":"https:\/\/content.redfoxlotto.com\/uploads\/sites\/9\/1_play_online_jackpot.jpg","datePublished":"2023-04-24T17:59:25+00:00","dateModified":"2022-09-26T12:36:30+00:00","description":"Nyt sin\u00e4kin voit pelata Ison-Britannian Set for life -arpajaisia netiss\u00e4","breadcrumb":{"@id":"https:\/\/redfoxlotto.com\/fi\/pelaa-lottoa-netissa\/set-for-life-uk\/#breadcrumb"},"inLanguage":"fi","potentialAction":[{"@type":"ReadAction","target":["https:\/\/redfoxlotto.com\/fi\/pelaa-lottoa-netissa\/set-for-life-uk\/"]}]},{"@type":"ImageObject","inLanguage":"fi","@id":"https:\/\/redfoxlotto.com\/fi\/pelaa-lottoa-netissa\/set-for-life-uk\/#primaryimage","url":"https:\/\/content.redfoxlotto.com\/uploads\/sites\/9\/1_play_online_jackpot.jpg","contentUrl":"https:\/\/content.redfoxlotto.com\/uploads\/sites\/9\/1_play_online_jackpot.jpg"},{"@type":"BreadcrumbList","@id":"https:\/\/redfoxlotto.com\/fi\/pelaa-lottoa-netissa\/set-for-life-uk\/#breadcrumb","itemListElement":[{"@type":"ListItem","position":1,"name":"Home","item":"https:\/\/redfoxlotto.com\/fi\/"},{"@type":"ListItem","position":2,"name":"Kuinka pelata muiden maiden lottoja","item":"https:\/\/redfoxlotto.com\/fi\/pelaa-lottoa-netissa\/"},{"@type":"ListItem","position":3,"name":"Osallistu Set for life lotto verkossa"}]},{"@type":"WebSite","@id":"https:\/\/redfoxlotto.com\/fi\/#website","url":"https:\/\/redfoxlotto.com\/fi\/","name":"Get Tickets for the World\u2019s largest jackpots","description":"Participate in worldwide lottery jackpots from any country","publisher":{"@id":"https:\/\/redfoxlotto.com\/fi\/#organization"},"potentialAction":[{"@type":"SearchAction","target":{"@type":"EntryPoint","urlTemplate":"https:\/\/redfoxlotto.com\/fi\/?s={search_term_string}"},"query-input":{"@type":"PropertyValueSpecification","valueRequired":true,"valueName":"search_term_string"}}],"inLanguage":"fi"},{"@type":"Organization","@id":"https:\/\/redfoxlotto.com\/fi\/#organization","name":"Get Tickets for the World\u2019s largest jackpots","url":"https:\/\/redfoxlotto.com\/fi\/","logo":{"@type":"ImageObject","inLanguage":"fi","@id":"https:\/\/redfoxlotto.com\/fi\/#\/schema\/logo\/image\/","url":"https:\/\/redfoxlotto.com\/wp-content\/uploads\/2023\/04\/logo.png","contentUrl":"https:\/\/redfoxlotto.com\/wp-content\/uploads\/2023\/04\/logo.png","width":269,"height":53,"caption":"Get Tickets for the World\u2019s largest jackpots"},"image":{"@id":"https:\/\/redfoxlotto.com\/fi\/#\/schema\/logo\/image\/"}}]}},"_links":{"self":[{"href":"https:\/\/redfoxlotto.com\/fi\/wp-json\/wp\/v2\/pages\/30925","targetHints":{"allow":["GET"]}}],"collection":[{"href":"https:\/\/redfoxlotto.com\/fi\/wp-json\/wp\/v2\/pages"}],"about":[{"href":"https:\/\/redfoxlotto.com\/fi\/wp-json\/wp\/v2\/types\/page"}],"author":[{"embeddable":true,"href":"https:\/\/redfoxlotto.com\/fi\/wp-json\/wp\/v2\/users\/1"}],"replies":[{"embeddable":true,"href":"https:\/\/redfoxlotto.com\/fi\/wp-json\/wp\/v2\/comments?post=30925"}],"version-history":[{"count":0,"href":"https:\/\/redfoxlotto.com\/fi\/wp-json\/wp\/v2\/pages\/30925\/revisions"}],"up":[{"embeddable":true,"href":"https:\/\/redfoxlotto.com\/fi\/wp-json\/wp\/v2\/pages\/30900"}],"wp:attachment":[{"href":"https:\/\/redfoxlotto.com\/fi\/wp-json\/wp\/v2\/media?parent=30925"}],"curies":[{"name":"wp","href":"https:\/\/api.w.org\/{rel}","templated":true}]}}