{"id":30924,"date":"2023-04-24T18:24:48","date_gmt":"2023-04-24T18:24:48","guid":{"rendered":"https:\/\/redfoxlotto.com\/?page_id=19695"},"modified":"2025-12-11T08:14:57","modified_gmt":"2025-12-11T08:14:57","slug":"saturday-lotto-au","status":"publish","type":"page","link":"https:\/\/redfoxlotto.com\/fi\/pelaa-lottoa-netissa\/saturday-lotto-au\/","title":{"rendered":"Kokeile lauantai Lotto Australia"},"content":{"rendered":"<p><script type=\"application\/ld+json\">\n{\n  \"@context\": \"https:\/\/schema.org\",\n  \"@type\": \"Service\",\n  \"name\": \"Saturday Lotto Australia online\",\n  \"url\": \"https:\/\/redfoxlotto.com\/fi\/pelaa-lottoa-netissa\/saturday-lotto-au\/\",\n  \"description\": \"Osta viralliset Saturday Lotto Australia -arvontaliput verkossa RedFoxLotto:n kautta. Valitse numerosi ja osallistu seuraavaan arvontaan.\",\n  \"serviceType\": \"Online lottery ticket purchase\",<\/p>\n<p>  \"provider\": {\n    \"@type\": \"Organization\",\n    \"name\": \"RedFoxLotto\",\n    \"url\": \"https:\/\/redfoxlotto.com\",\n    \"logo\": \"https:\/\/redfoxlotto.com\/wp-content\/uploads\/logo.png\"\n  },<\/p>\n<p>  \"areaServed\": \"Worldwide\",\n  \"termsOfService\": \"https:\/\/redfoxlotto.com\/terms-and-conditions\",<\/p>\n<p>  \"hasOfferCatalog\": {\n    \"@type\": \"OfferCatalog\",\n    \"name\": \"Saturday Lotto Australia Offers\",\n    \"itemListElement\": [\n      {\n        \"@type\": \"Offer\",\n        \"name\": \"Lotto Saturday Lotto Australia Ticket\",\n        \"url\": \"https:\/\/redfoxlotto.com\/fi\/pelaa-lottoa-netissa\/saturday-lotto-au\/\",\n        \"description\": \"Yksi osallistuminen seuraavaan Saturday Lotto Australia -arvontaan.\",\n        \"price\": \"1.50\",\n        \"priceCurrency\": \"EUR\",\n        \"availability\": \"https:\/\/schema.org\/InStock\",<\/p>\n<p>        \"itemOffered\": {\n          \"@type\": \"Service\",\n          \"name\": \"Saturday Lotto Australia Entry\",\n          \"description\": \"Osallistuminen seuraavaan Saturday Lotto Australia -arvontaan RedFoxLotto:n kautta.\"\n        }\n      }\n    ]\n  },<\/p>\n<p>  \"mainEntityOfPage\": {\n    \"@type\": \"WebPage\",\n    \"@id\": \"https:\/\/redfoxlotto.com\/fi\/pelaa-lottoa-netissa\/saturday-lotto-au\/\"\n  }\n}\n<\/script><\/p>\n<p>Joka lauantai kaikille tarjoutuu mahdollisuus osallistua ja saada mahdollisuus voittaa valtava m\u00e4\u00e4r\u00e4 rahaa. Internet on tehnyt mahdolliseksi sen, ettei t\u00e4m\u00e4nkaltaisia el\u00e4m\u00e4\u00e4 mullistavia tilaisuuksia voi j\u00e4tt\u00e4\u00e4 k\u00e4ytt\u00e4m\u00e4tt\u00e4, sill\u00e4 kuka tahansa maailmassa voi osallistua t\u00e4h\u00e4n tilaisuuteen varaamalla lipun Australian lauantailottoon verkossa.<\/p>\n<p>Et\u00e4isyys ei en\u00e4\u00e4 ole este lauantailoton pelaamiselle, sill\u00e4 Australiassa asuvien lis\u00e4ksi kuka tahansa voi osallistua lottoon. Tarvitset vain mink\u00e4 tahansa laitteen, jolla on p\u00e4\u00e4sy internetiin, ja sinusta voi tulla Australian lauantailoton seuraava j\u00e4ttipotin voittaja. Joten milloin tahansa, kun tunnet itsesi onnekkaaksi, \u00e4l\u00e4 ep\u00e4r\u00f6i varata lauantailottokuponkia verkossa, ja el\u00e4m\u00e4si voi muuttua huomattavasti parempaan suuntaan.<\/p>\n<p><img decoding=\"async\" class=\" wp-image alignright\" src=\"https:\/\/content.redfoxlotto.com\/uploads\/sites\/9\/2_ticket_saturday_lotto_au.jpg\" alt=\"Pelaa lauantailottoa Australiassa verkossa\"><\/p>\n<p>Lauantailoton lipun varaaminen on helppoa, sill\u00e4 sinun tarvitsee vain avata tili RedFoxLottoon, valita 6 suosikkinumeroasi 45:st\u00e4 tai k\u00e4ytt\u00e4\u00e4 pikavalintavaihtoehtoa, jossa numerot valitaan sattumanvaraisesti puolestasi, mink\u00e4 j\u00e4lkeen lippusi varataan ja tallennetaan, ja saat my\u00f6s s\u00e4hk\u00f6posti-ilmoituksen, jossa vahvistetaan varattu lippusi. Lippujen maksaminen on aivan yht\u00e4 helppoa kuin numeroiden valitseminen, sill\u00e4 k\u00e4ytt\u00e4jille on tarjolla useita maksuvaihtoehtoja, ja RedFoxLotto tarjoaa suojatun ja yksityisen maksuportaalin, joten sinun ei tarvitse pel\u00e4t\u00e4, ett\u00e4 pankkitietosi vaarantuvat.<\/p>\n<p>Lauantailoton arvonta suoritetaan joka lauantai-ilta, ja siin\u00e4 arvotaan 8 numeroa. Ensimm\u00e4iset 6 numeroa ovat p\u00e4\u00e4numeroita, ja niit\u00e4 k\u00e4ytet\u00e4\u00e4n p\u00e4\u00e4palkinnon voittajien m\u00e4\u00e4ritt\u00e4misess\u00e4. Loput 2 numeroa ovat lis\u00e4numeroita, ja niit\u00e4 k\u00e4ytet\u00e4\u00e4n muiden pienempien voittoluokkien m\u00e4\u00e4ritt\u00e4miseen. Jos 6 numeroa, jotka valitsit lippua varatessasi, t\u00e4sm\u00e4\u00e4v\u00e4t 6 arvottuun p\u00e4\u00e4numeroon, olet voittanut p\u00e4\u00e4palkinnon. Se on noin 4 miljoonaa Australian dollaria, joka voidaan jakaa enint\u00e4\u00e4n nelj\u00e4n voittajan kesken. Palkintoja on tarjolla my\u00f6s lipuille, joissa on v\u00e4hemm\u00e4n kuin 6 numeroa, jotka vastaavat 6 arvottua numeroa.<\/p>\n<p><img loading=\"lazy\" decoding=\"async\" class=\" wp-image-5380 alignright\" src=\"https:\/\/content.redfoxlotto.com\/uploads\/sites\/9\/1_lotto_jackpot_online.jpg\" alt=\"Australia arpajaiset lauantai\" width=\"246\" height=\"286\"><\/p>\n<p>Jos olet onnekas voittaja, sinulle ilmoitetaan voitoistasi. RedFoxLotto huolehtii siit\u00e4, ett\u00e4 sinulle ilmoitetaan voitostasi, ja n\u00e4in et j\u00e4\u00e4 paitsi voitoistasi, sill\u00e4 he auttavat my\u00f6s maksujen k\u00e4sittelyss\u00e4 varmistaakseen, ett\u00e4 saat ne. Jos voittosi ovat pieni\u00e4, ne l\u00e4hetet\u00e4\u00e4n asiakastiliisi alueelle. Sielt\u00e4 voit nostaa ne pankkitilillesi tai k\u00e4ytt\u00e4\u00e4 ne uusien lippujen ostamiseen. Jos voittosi ovat suuria, asiakaspalvelun edustaja ottaa sinuun yhteytt\u00e4 sopiakseen, miten saat voittosi.<\/p>\n","protected":false},"excerpt":{"rendered":"<p>Joka lauantai kaikille tarjoutuu mahdollisuus osallistua ja saada mahdollisuus voittaa valtava m\u00e4\u00e4r\u00e4 rahaa. Internet on tehnyt mahdolliseksi sen, ettei t\u00e4m\u00e4nkaltaisia el\u00e4m\u00e4\u00e4 mullistavia tilaisuuksia voi j\u00e4tt\u00e4\u00e4 k\u00e4ytt\u00e4m\u00e4tt\u00e4, sill\u00e4 kuka tahansa maailmassa voi osallistua t\u00e4h\u00e4n tilaisuuteen varaamalla lipun Australian lauantailottoon verkossa. Et\u00e4isyys ei en\u00e4\u00e4 ole este lauantailoton pelaamiselle, sill\u00e4 Australiassa asuvien lis\u00e4ksi kuka tahansa voi osallistua lottoon. [&hellip;]<\/p>\n","protected":false},"author":1,"featured_media":0,"parent":30900,"menu_order":20,"comment_status":"closed","ping_status":"closed","template":"saturday-lotto.php","meta":{"_et_pb_use_builder":"","_et_pb_old_content":"","_et_gb_content_width":"","exclude_from_search":false,"footnotes":""},"class_list":["post-30924","page","type-page","status-publish","hentry"],"yoast_head":"<!-- This site is optimized with the Yoast SEO plugin v23.8 - https:\/\/yoast.com\/wordpress\/plugins\/seo\/ -->\n<title>Pelaa Saturday Lotto verkossa | Yksi Australian suurimmista arpajaisista<\/title>\n<meta name=\"description\" content=\"Varaa liput verkossa ja pelata lauantaina arpajaiset Australiassa\" \/>\n<meta name=\"robots\" content=\"index, follow, max-snippet:-1, max-image-preview:large, max-video-preview:-1\" \/>\n<link rel=\"canonical\" href=\"https:\/\/redfoxlotto.com\/fi\/pelaa-lottoa-netissa\/saturday-lotto-au\/\" \/>\n<meta property=\"og:locale\" content=\"fi_FI\" \/>\n<meta property=\"og:type\" content=\"article\" \/>\n<meta property=\"og:title\" content=\"Pelaa Saturday Lotto verkossa | Yksi Australian suurimmista arpajaisista\" \/>\n<meta property=\"og:description\" content=\"Varaa liput verkossa ja pelata lauantaina arpajaiset Australiassa\" \/>\n<meta property=\"og:url\" content=\"https:\/\/redfoxlotto.com\/fi\/pelaa-lottoa-netissa\/saturday-lotto-au\/\" \/>\n<meta property=\"og:site_name\" content=\"Get Tickets for the World\u2019s largest jackpots\" \/>\n<meta property=\"article:modified_time\" content=\"2025-12-11T08:14:57+00:00\" \/>\n<meta property=\"og:image\" content=\"https:\/\/content.redfoxlotto.com\/uploads\/sites\/9\/2_ticket_saturday_lotto_au.jpg\" \/>\n<meta name=\"twitter:card\" content=\"summary_large_image\" \/>\n<meta name=\"twitter:label1\" content=\"Arvioitu lukuaika\" \/>\n\t<meta name=\"twitter:data1\" content=\"2 minuuttia\" \/>\n<script type=\"application\/ld+json\" class=\"yoast-schema-graph\">{\"@context\":\"https:\/\/schema.org\",\"@graph\":[{\"@type\":\"WebPage\",\"@id\":\"https:\/\/redfoxlotto.com\/fi\/pelaa-lottoa-netissa\/saturday-lotto-au\/\",\"url\":\"https:\/\/redfoxlotto.com\/fi\/pelaa-lottoa-netissa\/saturday-lotto-au\/\",\"name\":\"Pelaa Saturday Lotto verkossa | Yksi Australian suurimmista arpajaisista\",\"isPartOf\":{\"@id\":\"https:\/\/redfoxlotto.com\/fi\/#website\"},\"primaryImageOfPage\":{\"@id\":\"https:\/\/redfoxlotto.com\/fi\/pelaa-lottoa-netissa\/saturday-lotto-au\/#primaryimage\"},\"image\":{\"@id\":\"https:\/\/redfoxlotto.com\/fi\/pelaa-lottoa-netissa\/saturday-lotto-au\/#primaryimage\"},\"thumbnailUrl\":\"https:\/\/content.redfoxlotto.com\/uploads\/sites\/9\/2_ticket_saturday_lotto_au.jpg\",\"datePublished\":\"2023-04-24T18:24:48+00:00\",\"dateModified\":\"2025-12-11T08:14:57+00:00\",\"description\":\"Varaa liput verkossa ja pelata lauantaina arpajaiset Australiassa\",\"breadcrumb\":{\"@id\":\"https:\/\/redfoxlotto.com\/fi\/pelaa-lottoa-netissa\/saturday-lotto-au\/#breadcrumb\"},\"inLanguage\":\"fi\",\"potentialAction\":[{\"@type\":\"ReadAction\",\"target\":[\"https:\/\/redfoxlotto.com\/fi\/pelaa-lottoa-netissa\/saturday-lotto-au\/\"]}]},{\"@type\":\"ImageObject\",\"inLanguage\":\"fi\",\"@id\":\"https:\/\/redfoxlotto.com\/fi\/pelaa-lottoa-netissa\/saturday-lotto-au\/#primaryimage\",\"url\":\"https:\/\/content.redfoxlotto.com\/uploads\/sites\/9\/2_ticket_saturday_lotto_au.jpg\",\"contentUrl\":\"https:\/\/content.redfoxlotto.com\/uploads\/sites\/9\/2_ticket_saturday_lotto_au.jpg\"},{\"@type\":\"BreadcrumbList\",\"@id\":\"https:\/\/redfoxlotto.com\/fi\/pelaa-lottoa-netissa\/saturday-lotto-au\/#breadcrumb\",\"itemListElement\":[{\"@type\":\"ListItem\",\"position\":1,\"name\":\"Home\",\"item\":\"https:\/\/redfoxlotto.com\/fi\/\"},{\"@type\":\"ListItem\",\"position\":2,\"name\":\"Kuinka pelata muiden maiden lottoja\",\"item\":\"https:\/\/redfoxlotto.com\/fi\/pelaa-lottoa-netissa\/\"},{\"@type\":\"ListItem\",\"position\":3,\"name\":\"Kokeile lauantai Lotto Australia\"}]},{\"@type\":\"WebSite\",\"@id\":\"https:\/\/redfoxlotto.com\/fi\/#website\",\"url\":\"https:\/\/redfoxlotto.com\/fi\/\",\"name\":\"Get Tickets for the World\u2019s largest jackpots\",\"description\":\"Participate in worldwide lottery jackpots from any country\",\"publisher\":{\"@id\":\"https:\/\/redfoxlotto.com\/fi\/#organization\"},\"potentialAction\":[{\"@type\":\"SearchAction\",\"target\":{\"@type\":\"EntryPoint\",\"urlTemplate\":\"https:\/\/redfoxlotto.com\/fi\/?s={search_term_string}\"},\"query-input\":{\"@type\":\"PropertyValueSpecification\",\"valueRequired\":true,\"valueName\":\"search_term_string\"}}],\"inLanguage\":\"fi\"},{\"@type\":\"Organization\",\"@id\":\"https:\/\/redfoxlotto.com\/fi\/#organization\",\"name\":\"Get Tickets for the World\u2019s largest jackpots\",\"url\":\"https:\/\/redfoxlotto.com\/fi\/\",\"logo\":{\"@type\":\"ImageObject\",\"inLanguage\":\"fi\",\"@id\":\"https:\/\/redfoxlotto.com\/fi\/#\/schema\/logo\/image\/\",\"url\":\"https:\/\/redfoxlotto.com\/wp-content\/uploads\/2023\/04\/logo.png\",\"contentUrl\":\"https:\/\/redfoxlotto.com\/wp-content\/uploads\/2023\/04\/logo.png\",\"width\":269,\"height\":53,\"caption\":\"Get Tickets for the World\u2019s largest jackpots\"},\"image\":{\"@id\":\"https:\/\/redfoxlotto.com\/fi\/#\/schema\/logo\/image\/\"}}]}<\/script>\n<!-- \/ Yoast SEO plugin. -->","yoast_head_json":{"title":"Pelaa Saturday Lotto verkossa | Yksi Australian suurimmista arpajaisista","description":"Varaa liput verkossa ja pelata lauantaina arpajaiset Australiassa","robots":{"index":"index","follow":"follow","max-snippet":"max-snippet:-1","max-image-preview":"max-image-preview:large","max-video-preview":"max-video-preview:-1"},"canonical":"https:\/\/redfoxlotto.com\/fi\/pelaa-lottoa-netissa\/saturday-lotto-au\/","og_locale":"fi_FI","og_type":"article","og_title":"Pelaa Saturday Lotto verkossa | Yksi Australian suurimmista arpajaisista","og_description":"Varaa liput verkossa ja pelata lauantaina arpajaiset Australiassa","og_url":"https:\/\/redfoxlotto.com\/fi\/pelaa-lottoa-netissa\/saturday-lotto-au\/","og_site_name":"Get Tickets for the World\u2019s largest jackpots","article_modified_time":"2025-12-11T08:14:57+00:00","og_image":[{"url":"https:\/\/content.redfoxlotto.com\/uploads\/sites\/9\/2_ticket_saturday_lotto_au.jpg"}],"twitter_card":"summary_large_image","twitter_misc":{"Arvioitu lukuaika":"2 minuuttia"},"schema":{"@context":"https:\/\/schema.org","@graph":[{"@type":"WebPage","@id":"https:\/\/redfoxlotto.com\/fi\/pelaa-lottoa-netissa\/saturday-lotto-au\/","url":"https:\/\/redfoxlotto.com\/fi\/pelaa-lottoa-netissa\/saturday-lotto-au\/","name":"Pelaa Saturday Lotto verkossa | Yksi Australian suurimmista arpajaisista","isPartOf":{"@id":"https:\/\/redfoxlotto.com\/fi\/#website"},"primaryImageOfPage":{"@id":"https:\/\/redfoxlotto.com\/fi\/pelaa-lottoa-netissa\/saturday-lotto-au\/#primaryimage"},"image":{"@id":"https:\/\/redfoxlotto.com\/fi\/pelaa-lottoa-netissa\/saturday-lotto-au\/#primaryimage"},"thumbnailUrl":"https:\/\/content.redfoxlotto.com\/uploads\/sites\/9\/2_ticket_saturday_lotto_au.jpg","datePublished":"2023-04-24T18:24:48+00:00","dateModified":"2025-12-11T08:14:57+00:00","description":"Varaa liput verkossa ja pelata lauantaina arpajaiset Australiassa","breadcrumb":{"@id":"https:\/\/redfoxlotto.com\/fi\/pelaa-lottoa-netissa\/saturday-lotto-au\/#breadcrumb"},"inLanguage":"fi","potentialAction":[{"@type":"ReadAction","target":["https:\/\/redfoxlotto.com\/fi\/pelaa-lottoa-netissa\/saturday-lotto-au\/"]}]},{"@type":"ImageObject","inLanguage":"fi","@id":"https:\/\/redfoxlotto.com\/fi\/pelaa-lottoa-netissa\/saturday-lotto-au\/#primaryimage","url":"https:\/\/content.redfoxlotto.com\/uploads\/sites\/9\/2_ticket_saturday_lotto_au.jpg","contentUrl":"https:\/\/content.redfoxlotto.com\/uploads\/sites\/9\/2_ticket_saturday_lotto_au.jpg"},{"@type":"BreadcrumbList","@id":"https:\/\/redfoxlotto.com\/fi\/pelaa-lottoa-netissa\/saturday-lotto-au\/#breadcrumb","itemListElement":[{"@type":"ListItem","position":1,"name":"Home","item":"https:\/\/redfoxlotto.com\/fi\/"},{"@type":"ListItem","position":2,"name":"Kuinka pelata muiden maiden lottoja","item":"https:\/\/redfoxlotto.com\/fi\/pelaa-lottoa-netissa\/"},{"@type":"ListItem","position":3,"name":"Kokeile lauantai Lotto Australia"}]},{"@type":"WebSite","@id":"https:\/\/redfoxlotto.com\/fi\/#website","url":"https:\/\/redfoxlotto.com\/fi\/","name":"Get Tickets for the World\u2019s largest jackpots","description":"Participate in worldwide lottery jackpots from any country","publisher":{"@id":"https:\/\/redfoxlotto.com\/fi\/#organization"},"potentialAction":[{"@type":"SearchAction","target":{"@type":"EntryPoint","urlTemplate":"https:\/\/redfoxlotto.com\/fi\/?s={search_term_string}"},"query-input":{"@type":"PropertyValueSpecification","valueRequired":true,"valueName":"search_term_string"}}],"inLanguage":"fi"},{"@type":"Organization","@id":"https:\/\/redfoxlotto.com\/fi\/#organization","name":"Get Tickets for the World\u2019s largest jackpots","url":"https:\/\/redfoxlotto.com\/fi\/","logo":{"@type":"ImageObject","inLanguage":"fi","@id":"https:\/\/redfoxlotto.com\/fi\/#\/schema\/logo\/image\/","url":"https:\/\/redfoxlotto.com\/wp-content\/uploads\/2023\/04\/logo.png","contentUrl":"https:\/\/redfoxlotto.com\/wp-content\/uploads\/2023\/04\/logo.png","width":269,"height":53,"caption":"Get Tickets for the World\u2019s largest jackpots"},"image":{"@id":"https:\/\/redfoxlotto.com\/fi\/#\/schema\/logo\/image\/"}}]}},"_links":{"self":[{"href":"https:\/\/redfoxlotto.com\/fi\/wp-json\/wp\/v2\/pages\/30924","targetHints":{"allow":["GET"]}}],"collection":[{"href":"https:\/\/redfoxlotto.com\/fi\/wp-json\/wp\/v2\/pages"}],"about":[{"href":"https:\/\/redfoxlotto.com\/fi\/wp-json\/wp\/v2\/types\/page"}],"author":[{"embeddable":true,"href":"https:\/\/redfoxlotto.com\/fi\/wp-json\/wp\/v2\/users\/1"}],"replies":[{"embeddable":true,"href":"https:\/\/redfoxlotto.com\/fi\/wp-json\/wp\/v2\/comments?post=30924"}],"version-history":[{"count":0,"href":"https:\/\/redfoxlotto.com\/fi\/wp-json\/wp\/v2\/pages\/30924\/revisions"}],"up":[{"embeddable":true,"href":"https:\/\/redfoxlotto.com\/fi\/wp-json\/wp\/v2\/pages\/30900"}],"wp:attachment":[{"href":"https:\/\/redfoxlotto.com\/fi\/wp-json\/wp\/v2\/media?parent=30924"}],"curies":[{"name":"wp","href":"https:\/\/api.w.org\/{rel}","templated":true}]}}