{"id":30922,"date":"2023-04-24T18:19:55","date_gmt":"2023-04-24T18:19:55","guid":{"rendered":"https:\/\/redfoxlotto.com\/?page_id=19691"},"modified":"2022-09-26T12:36:30","modified_gmt":"2022-09-26T12:36:30","slug":"powerball-au","status":"publish","type":"page","link":"https:\/\/redfoxlotto.com\/fi\/pelaa-lottoa-netissa\/powerball-au\/","title":{"rendered":"Powerball Down Underista &#8211; miten pelata"},"content":{"rendered":"<p>Joka viikko torstai-iltana Powerball Australia j\u00e4nnitt\u00e4\u00e4 kansaa. Se heitt\u00e4\u00e4 kaksi numerosarjaa, jotka sis\u00e4ltyv\u00e4t pariin tynnyriin. Ensimm\u00e4isess\u00e4 tynnyriss\u00e4 on 35 erilaista numeroa, jotka vaihtelevat v\u00e4lill\u00e4 1-35. Toisessa tynnyriss\u00e4 on numerot v\u00e4lilt\u00e4 1-20.<\/p>\n<p><img decoding=\"async\" class=\" wp-image alignright\" src=\"https:\/\/content.redfoxlotto.com\/uploads\/sites\/9\/2_ticket_powerball_au.jpg\" alt=\"Powerball Australia verkossa\"><\/p>\n<p>Ensimm\u00e4inen tynnyri poimii seitsem\u00e4n numeroa, mutta toinen tynnyri valitsee vain yhden ainoan numeron. T\u00e4m\u00e4 yksi numero (v\u00e4lill\u00e4 1-20) on Powerball. P\u00e4\u00e4palkinto annetaan pelaajalle, joka valitsee oikein kaikki seitsem\u00e4n numeroa ja jolla on Powerball.<\/p>\n<h2>Miten p\u00e4\u00e4sen alkuun?<\/h2>\n<p>Australialainen pelaa normaalisti k\u00e4ytt\u00e4m\u00e4ll\u00e4 2,20 Australian dollaria miss\u00e4 tahansa lottokauppiaassa. Mutta rekister\u00f6ityminen RedFoxLottoon ja t\u00e4m\u00e4n pelin pelaaminen verkossa on yksinkertaista, nopeaa ja helppoa. Lis\u00e4ksi voit tehd\u00e4 sen mist\u00e4 p\u00e4in maailmaa tahansa.<\/p>\n<p><img loading=\"lazy\" decoding=\"async\" class=\" wp-image alignright\" src=\"https:\/\/content.redfoxlotto.com\/uploads\/sites\/9\/1_lottery_win_luxury_house.jpg\" alt=\"Pelaa Australian Powerballia\" width=\"250\" height=\"125\"><\/p>\n<p>Muista vain, ett\u00e4 arvonta suoritetaan klo 20.30 Australian it\u00e4ist\u00e4 aikaa. Jos haluat pelata Australian Powerball-lottoa mist\u00e4 p\u00e4in maailmaa tahansa RedFoxLoton kautta, valitse numerosi t\u00e4\u00e4lt\u00e4.<br \/>\nSydneyss\u00e4 asuva voittaja voitti hiljattain 107 miljoonaa Australian dollaria juuri t\u00e4ll\u00e4 Powerball-pelill\u00e4. Voittajia voi kuitenkin tulla monista eri yhdistelmist\u00e4. Jos kaikki seitsem\u00e4n numeroa t\u00e4sm\u00e4\u00e4v\u00e4t tynnyrist\u00e4 yksi &#8211; mutta ei Powerball, voit silti saada suuren osan palkinnosta. T\u00e4m\u00e4 luku vaihtelee, mutta se on helposti kuusinumeroinen.<\/p>\n<h2>Pelaa verkossa Powerball Australia lottoa<\/h2>\n<p>Toisin kuin monissa arpajaisissa, joissa numerot ovat v\u00e4lill\u00e4 1-49 tai 1-59, Powerball Australia -lotto on paljon suppeampi. On vain 35 numeroa, joista voit valita voittajat. T\u00e4m\u00e4 lis\u00e4\u00e4 voittomahdollisuuksia huomattavasti.<\/p>\n<p>Kuuden numeron eik\u00e4 Powerball-voittoon osumisen mahdollisuus on noin 1:36 000:sta. T\u00e4m\u00e4nkin voiton suuruus vaihtelee, mutta se on usein yli 500 Australian dollaria. Tuhannet pelaajat odottavat torstai-iltaa ja odottavat Powerball Australia Lottery -lottoa.<\/p>\n<h2>Miten rahoitan verkkotilini?<\/h2>\n<p>On olemassa useita eri tapoja laittaa rahaa tilillesi RedFoxLottoon ja pelata Australian Powerballia verkossa. Kun olet yksinkertaisesti varmistanut, ett\u00e4 olet yli 18-vuotias, ja antanut muutaman henkil\u00f6kohtaisen tiedon, tilille voi laittaa rahaa useilla eri tavoilla.<\/p>\n<p>RedFoxLotto hyv\u00e4ksyy MasterCardin, Visan, PayPalin, NETELLERin, Skrillin (entinen Money Bookers) ja jopa Bitcoineja.<\/p>\n","protected":false},"excerpt":{"rendered":"<p>Joka viikko torstai-iltana Powerball Australia j\u00e4nnitt\u00e4\u00e4 kansaa. Se heitt\u00e4\u00e4 kaksi numerosarjaa, jotka sis\u00e4ltyv\u00e4t pariin tynnyriin. Ensimm\u00e4isess\u00e4 tynnyriss\u00e4 on 35 erilaista numeroa, jotka vaihtelevat v\u00e4lill\u00e4 1-35. Toisessa tynnyriss\u00e4 on numerot v\u00e4lilt\u00e4 1-20. Ensimm\u00e4inen tynnyri poimii seitsem\u00e4n numeroa, mutta toinen tynnyri valitsee vain yhden ainoan numeron. T\u00e4m\u00e4 yksi numero (v\u00e4lill\u00e4 1-20) on Powerball. P\u00e4\u00e4palkinto annetaan pelaajalle, joka [&hellip;]<\/p>\n","protected":false},"author":1,"featured_media":0,"parent":30900,"menu_order":17,"comment_status":"closed","ping_status":"closed","template":"powerball-au.php","meta":{"_et_pb_use_builder":"","_et_pb_old_content":"","_et_gb_content_width":"","exclude_from_search":false,"footnotes":""},"class_list":["post-30922","page","type-page","status-publish","hentry"],"yoast_head":"<!-- This site is optimized with the Yoast SEO plugin v23.8 - https:\/\/yoast.com\/wordpress\/plugins\/seo\/ -->\n<title>Pelaa Powerball Australia arpajaiset verkossa<\/title>\n<meta name=\"description\" content=\"Australian Suosikki Lottery Nyt saatavilla verkossa maailmanlaajuisesti\" \/>\n<meta name=\"robots\" content=\"index, follow, max-snippet:-1, max-image-preview:large, max-video-preview:-1\" \/>\n<link rel=\"canonical\" href=\"https:\/\/redfoxlotto.com\/fi\/pelaa-lottoa-netissa\/powerball-au\/\" \/>\n<meta property=\"og:locale\" content=\"fi_FI\" \/>\n<meta property=\"og:type\" content=\"article\" \/>\n<meta property=\"og:title\" content=\"Pelaa Powerball Australia arpajaiset verkossa\" \/>\n<meta property=\"og:description\" content=\"Australian Suosikki Lottery Nyt saatavilla verkossa maailmanlaajuisesti\" \/>\n<meta property=\"og:url\" content=\"https:\/\/redfoxlotto.com\/fi\/pelaa-lottoa-netissa\/powerball-au\/\" \/>\n<meta property=\"og:site_name\" content=\"Get Tickets for the World\u2019s largest jackpots\" \/>\n<meta property=\"article:modified_time\" content=\"2022-09-26T12:36:30+00:00\" \/>\n<meta property=\"og:image\" content=\"https:\/\/content.redfoxlotto.com\/uploads\/sites\/9\/2_ticket_powerball_au.jpg\" \/>\n<meta name=\"twitter:card\" content=\"summary_large_image\" \/>\n<script type=\"application\/ld+json\" class=\"yoast-schema-graph\">{\"@context\":\"https:\/\/schema.org\",\"@graph\":[{\"@type\":\"WebPage\",\"@id\":\"https:\/\/redfoxlotto.com\/fi\/pelaa-lottoa-netissa\/powerball-au\/\",\"url\":\"https:\/\/redfoxlotto.com\/fi\/pelaa-lottoa-netissa\/powerball-au\/\",\"name\":\"Pelaa Powerball Australia arpajaiset verkossa\",\"isPartOf\":{\"@id\":\"https:\/\/redfoxlotto.com\/fi\/#website\"},\"primaryImageOfPage\":{\"@id\":\"https:\/\/redfoxlotto.com\/fi\/pelaa-lottoa-netissa\/powerball-au\/#primaryimage\"},\"image\":{\"@id\":\"https:\/\/redfoxlotto.com\/fi\/pelaa-lottoa-netissa\/powerball-au\/#primaryimage\"},\"thumbnailUrl\":\"https:\/\/content.redfoxlotto.com\/uploads\/sites\/9\/2_ticket_powerball_au.jpg\",\"datePublished\":\"2023-04-24T18:19:55+00:00\",\"dateModified\":\"2022-09-26T12:36:30+00:00\",\"description\":\"Australian Suosikki Lottery Nyt saatavilla verkossa maailmanlaajuisesti\",\"breadcrumb\":{\"@id\":\"https:\/\/redfoxlotto.com\/fi\/pelaa-lottoa-netissa\/powerball-au\/#breadcrumb\"},\"inLanguage\":\"fi\",\"potentialAction\":[{\"@type\":\"ReadAction\",\"target\":[\"https:\/\/redfoxlotto.com\/fi\/pelaa-lottoa-netissa\/powerball-au\/\"]}]},{\"@type\":\"ImageObject\",\"inLanguage\":\"fi\",\"@id\":\"https:\/\/redfoxlotto.com\/fi\/pelaa-lottoa-netissa\/powerball-au\/#primaryimage\",\"url\":\"https:\/\/content.redfoxlotto.com\/uploads\/sites\/9\/2_ticket_powerball_au.jpg\",\"contentUrl\":\"https:\/\/content.redfoxlotto.com\/uploads\/sites\/9\/2_ticket_powerball_au.jpg\"},{\"@type\":\"BreadcrumbList\",\"@id\":\"https:\/\/redfoxlotto.com\/fi\/pelaa-lottoa-netissa\/powerball-au\/#breadcrumb\",\"itemListElement\":[{\"@type\":\"ListItem\",\"position\":1,\"name\":\"Home\",\"item\":\"https:\/\/redfoxlotto.com\/fi\/\"},{\"@type\":\"ListItem\",\"position\":2,\"name\":\"Kuinka pelata muiden maiden lottoja\",\"item\":\"https:\/\/redfoxlotto.com\/fi\/pelaa-lottoa-netissa\/\"},{\"@type\":\"ListItem\",\"position\":3,\"name\":\"Powerball Down Underista &#8211; miten pelata\"}]},{\"@type\":\"WebSite\",\"@id\":\"https:\/\/redfoxlotto.com\/fi\/#website\",\"url\":\"https:\/\/redfoxlotto.com\/fi\/\",\"name\":\"Get Tickets for the World\u2019s largest jackpots\",\"description\":\"Participate in worldwide lottery jackpots from any country\",\"publisher\":{\"@id\":\"https:\/\/redfoxlotto.com\/fi\/#organization\"},\"potentialAction\":[{\"@type\":\"SearchAction\",\"target\":{\"@type\":\"EntryPoint\",\"urlTemplate\":\"https:\/\/redfoxlotto.com\/fi\/?s={search_term_string}\"},\"query-input\":{\"@type\":\"PropertyValueSpecification\",\"valueRequired\":true,\"valueName\":\"search_term_string\"}}],\"inLanguage\":\"fi\"},{\"@type\":\"Organization\",\"@id\":\"https:\/\/redfoxlotto.com\/fi\/#organization\",\"name\":\"Get Tickets for the World\u2019s largest jackpots\",\"url\":\"https:\/\/redfoxlotto.com\/fi\/\",\"logo\":{\"@type\":\"ImageObject\",\"inLanguage\":\"fi\",\"@id\":\"https:\/\/redfoxlotto.com\/fi\/#\/schema\/logo\/image\/\",\"url\":\"https:\/\/redfoxlotto.com\/wp-content\/uploads\/2023\/04\/logo.png\",\"contentUrl\":\"https:\/\/redfoxlotto.com\/wp-content\/uploads\/2023\/04\/logo.png\",\"width\":269,\"height\":53,\"caption\":\"Get Tickets for the World\u2019s largest jackpots\"},\"image\":{\"@id\":\"https:\/\/redfoxlotto.com\/fi\/#\/schema\/logo\/image\/\"}}]}<\/script>\n<!-- \/ Yoast SEO plugin. -->","yoast_head_json":{"title":"Pelaa Powerball Australia arpajaiset verkossa","description":"Australian Suosikki Lottery Nyt saatavilla verkossa maailmanlaajuisesti","robots":{"index":"index","follow":"follow","max-snippet":"max-snippet:-1","max-image-preview":"max-image-preview:large","max-video-preview":"max-video-preview:-1"},"canonical":"https:\/\/redfoxlotto.com\/fi\/pelaa-lottoa-netissa\/powerball-au\/","og_locale":"fi_FI","og_type":"article","og_title":"Pelaa Powerball Australia arpajaiset verkossa","og_description":"Australian Suosikki Lottery Nyt saatavilla verkossa maailmanlaajuisesti","og_url":"https:\/\/redfoxlotto.com\/fi\/pelaa-lottoa-netissa\/powerball-au\/","og_site_name":"Get Tickets for the World\u2019s largest jackpots","article_modified_time":"2022-09-26T12:36:30+00:00","og_image":[{"url":"https:\/\/content.redfoxlotto.com\/uploads\/sites\/9\/2_ticket_powerball_au.jpg"}],"twitter_card":"summary_large_image","schema":{"@context":"https:\/\/schema.org","@graph":[{"@type":"WebPage","@id":"https:\/\/redfoxlotto.com\/fi\/pelaa-lottoa-netissa\/powerball-au\/","url":"https:\/\/redfoxlotto.com\/fi\/pelaa-lottoa-netissa\/powerball-au\/","name":"Pelaa Powerball Australia arpajaiset verkossa","isPartOf":{"@id":"https:\/\/redfoxlotto.com\/fi\/#website"},"primaryImageOfPage":{"@id":"https:\/\/redfoxlotto.com\/fi\/pelaa-lottoa-netissa\/powerball-au\/#primaryimage"},"image":{"@id":"https:\/\/redfoxlotto.com\/fi\/pelaa-lottoa-netissa\/powerball-au\/#primaryimage"},"thumbnailUrl":"https:\/\/content.redfoxlotto.com\/uploads\/sites\/9\/2_ticket_powerball_au.jpg","datePublished":"2023-04-24T18:19:55+00:00","dateModified":"2022-09-26T12:36:30+00:00","description":"Australian Suosikki Lottery Nyt saatavilla verkossa maailmanlaajuisesti","breadcrumb":{"@id":"https:\/\/redfoxlotto.com\/fi\/pelaa-lottoa-netissa\/powerball-au\/#breadcrumb"},"inLanguage":"fi","potentialAction":[{"@type":"ReadAction","target":["https:\/\/redfoxlotto.com\/fi\/pelaa-lottoa-netissa\/powerball-au\/"]}]},{"@type":"ImageObject","inLanguage":"fi","@id":"https:\/\/redfoxlotto.com\/fi\/pelaa-lottoa-netissa\/powerball-au\/#primaryimage","url":"https:\/\/content.redfoxlotto.com\/uploads\/sites\/9\/2_ticket_powerball_au.jpg","contentUrl":"https:\/\/content.redfoxlotto.com\/uploads\/sites\/9\/2_ticket_powerball_au.jpg"},{"@type":"BreadcrumbList","@id":"https:\/\/redfoxlotto.com\/fi\/pelaa-lottoa-netissa\/powerball-au\/#breadcrumb","itemListElement":[{"@type":"ListItem","position":1,"name":"Home","item":"https:\/\/redfoxlotto.com\/fi\/"},{"@type":"ListItem","position":2,"name":"Kuinka pelata muiden maiden lottoja","item":"https:\/\/redfoxlotto.com\/fi\/pelaa-lottoa-netissa\/"},{"@type":"ListItem","position":3,"name":"Powerball Down Underista &#8211; miten pelata"}]},{"@type":"WebSite","@id":"https:\/\/redfoxlotto.com\/fi\/#website","url":"https:\/\/redfoxlotto.com\/fi\/","name":"Get Tickets for the World\u2019s largest jackpots","description":"Participate in worldwide lottery jackpots from any country","publisher":{"@id":"https:\/\/redfoxlotto.com\/fi\/#organization"},"potentialAction":[{"@type":"SearchAction","target":{"@type":"EntryPoint","urlTemplate":"https:\/\/redfoxlotto.com\/fi\/?s={search_term_string}"},"query-input":{"@type":"PropertyValueSpecification","valueRequired":true,"valueName":"search_term_string"}}],"inLanguage":"fi"},{"@type":"Organization","@id":"https:\/\/redfoxlotto.com\/fi\/#organization","name":"Get Tickets for the World\u2019s largest jackpots","url":"https:\/\/redfoxlotto.com\/fi\/","logo":{"@type":"ImageObject","inLanguage":"fi","@id":"https:\/\/redfoxlotto.com\/fi\/#\/schema\/logo\/image\/","url":"https:\/\/redfoxlotto.com\/wp-content\/uploads\/2023\/04\/logo.png","contentUrl":"https:\/\/redfoxlotto.com\/wp-content\/uploads\/2023\/04\/logo.png","width":269,"height":53,"caption":"Get Tickets for the World\u2019s largest jackpots"},"image":{"@id":"https:\/\/redfoxlotto.com\/fi\/#\/schema\/logo\/image\/"}}]}},"_links":{"self":[{"href":"https:\/\/redfoxlotto.com\/fi\/wp-json\/wp\/v2\/pages\/30922","targetHints":{"allow":["GET"]}}],"collection":[{"href":"https:\/\/redfoxlotto.com\/fi\/wp-json\/wp\/v2\/pages"}],"about":[{"href":"https:\/\/redfoxlotto.com\/fi\/wp-json\/wp\/v2\/types\/page"}],"author":[{"embeddable":true,"href":"https:\/\/redfoxlotto.com\/fi\/wp-json\/wp\/v2\/users\/1"}],"replies":[{"embeddable":true,"href":"https:\/\/redfoxlotto.com\/fi\/wp-json\/wp\/v2\/comments?post=30922"}],"version-history":[{"count":0,"href":"https:\/\/redfoxlotto.com\/fi\/wp-json\/wp\/v2\/pages\/30922\/revisions"}],"up":[{"embeddable":true,"href":"https:\/\/redfoxlotto.com\/fi\/wp-json\/wp\/v2\/pages\/30900"}],"wp:attachment":[{"href":"https:\/\/redfoxlotto.com\/fi\/wp-json\/wp\/v2\/media?parent=30922"}],"curies":[{"name":"wp","href":"https:\/\/api.w.org\/{rel}","templated":true}]}}