{"id":30921,"date":"2018-11-18T08:54:25","date_gmt":"2018-11-18T08:54:25","guid":{"rendered":"https:\/\/redfoxlotto.com\/?page_id=19689"},"modified":"2024-10-03T11:33:45","modified_gmt":"2024-10-03T11:33:45","slug":"powerball-au","status":"publish","type":"page","link":"https:\/\/redfoxlotto.com\/fi\/lotteries\/powerball-au\/","title":{"rendered":"Tietoja Powerball Australia"},"content":{"rendered":"<p>Australian Powerball on Australiassa j\u00e4rjestett\u00e4v\u00e4 arpajaiset. Powerballin toiminnasta vastaa Tatts-ryhm\u00e4. Lott on Tatts-konserniin kuuluva tuotemerkki, jolla on lupa hallinnoida lottoa kaikissa Australian osavaltioissa lukuun ottamatta L\u00e4nsi-Australian Lotterywesti\u00e4, joka on valtion omistuksessa ja valvoo lottoa.<\/p><p><img decoding=\"async\" class=\" wp-image alignright\" src=\"https:\/\/content.redfoxlotto.com\/uploads\/sites\/9\/2_ticket_powerball_au2.jpg\" alt=\"Powerball Australia\"><\/p><p>Powerball arvotaan joka torstai klo 21:00 AEST. Seitsem\u00e4n numeroa arvotaan yhdest\u00e4 poolista, joka sis\u00e4lt\u00e4\u00e4 numerot 1-35, ja yksi Powerball-numero arvotaan toisesta poolista, joka sis\u00e4lt\u00e4\u00e4 numerot 1-20. Voidakseen voittaa j\u00e4ttipotin pelaajien on vastattava ensimm\u00e4isest\u00e4 poolista saatuja seitsem\u00e4\u00e4 numeroa ja toisesta poolista saatua Powerball-numeroa.<\/p><p>Australian Powerball-lippuja voi hankkia joko fyysisesti tai verkossa, joten arpajaisiin osallistumiselle ei ole rajoituksia, sill\u00e4 voit hankkia liput mist\u00e4 p\u00e4in maailmaa tahansa. Pelaajien on oltava v\u00e4hint\u00e4\u00e4n 18-vuotiaita voidakseen osallistua arvontaan.<\/p><p><img loading=\"lazy\" decoding=\"async\" class=\" wp-image-5380 alignright\" src=\"https:\/\/content.redfoxlotto.com\/uploads\/sites\/9\/1_buy_ticket_online.jpg\" alt=\"osta Powerball Australia\" width=\"251\" height=\"188\"><\/p><p>Australian Powerball-arvonnassa tehtiin hiljattain historiaa, kun Sydneyst\u00e4 kotoisin oleva \u00e4iti voitti Powerballin historian suurimman yksitt\u00e4isen hinnan. H\u00e4n voitti 107 miljoonaa Australian dollaria. H\u00e4n on todellakin se, mit\u00e4 voidaan kutsua t\u00e4ydelliseksi onnen m\u00e4\u00e4ritelm\u00e4ksi, sill\u00e4 todenn\u00e4k\u00f6isyys voittaa Powerballin j\u00e4ttipotti on 1:134,4 miljoonaa.<\/p>","protected":false},"excerpt":{"rendered":"<p>Australian Powerball on Australiassa j\u00e4rjestett\u00e4v\u00e4 arpajaiset. Powerballin toiminnasta vastaa Tatts-ryhm\u00e4. Lott on Tatts-konserniin kuuluva tuotemerkki, jolla on lupa hallinnoida lottoa kaikissa Australian osavaltioissa lukuun ottamatta L\u00e4nsi-Australian Lotterywesti\u00e4, joka on valtion omistuksessa ja valvoo lottoa. Powerball arvotaan joka torstai klo 21:00 AEST. Seitsem\u00e4n numeroa arvotaan yhdest\u00e4 poolista, joka sis\u00e4lt\u00e4\u00e4 numerot 1-35, ja yksi Powerball-numero arvotaan toisesta [&hellip;]<\/p>\n","protected":false},"author":1,"featured_media":0,"parent":30960,"menu_order":20,"comment_status":"closed","ping_status":"closed","template":"powerball-au-info.php","meta":{"_et_pb_use_builder":"","_et_pb_old_content":"","_et_gb_content_width":"","exclude_from_search":false,"footnotes":""},"class_list":["post-30921","page","type-page","status-publish","hentry"],"yoast_head":"<!-- This site is optimized with the Yoast SEO plugin v23.8 - https:\/\/yoast.com\/wordpress\/plugins\/seo\/ -->\n<title>Mit\u00e4 sinun on tiedett\u00e4v\u00e4 pelataksesi Australian Powerball<\/title>\n<meta name=\"description\" content=\"Australian Powerball ylpeilee joillakin Australian suurimmista j\u00e4ttipotista, ja t\u00e4m\u00e4 tieto voi vied\u00e4 sinut askeleen l\u00e4hemm\u00e4s j\u00e4ttipotin voittamista.\" \/>\n<meta name=\"robots\" content=\"index, follow, max-snippet:-1, max-image-preview:large, max-video-preview:-1\" \/>\n<link rel=\"canonical\" href=\"https:\/\/redfoxlotto.com\/fi\/lotteries\/powerball-au\/\" \/>\n<meta property=\"og:locale\" content=\"fi_FI\" \/>\n<meta property=\"og:type\" content=\"article\" \/>\n<meta property=\"og:title\" content=\"Mit\u00e4 sinun on tiedett\u00e4v\u00e4 pelataksesi Australian Powerball\" \/>\n<meta property=\"og:description\" content=\"Australian Powerball ylpeilee joillakin Australian suurimmista j\u00e4ttipotista, ja t\u00e4m\u00e4 tieto voi vied\u00e4 sinut askeleen l\u00e4hemm\u00e4s j\u00e4ttipotin voittamista.\" \/>\n<meta property=\"og:url\" content=\"https:\/\/redfoxlotto.com\/fi\/lotteries\/powerball-au\/\" \/>\n<meta property=\"og:site_name\" content=\"Get Tickets for the World\u2019s largest jackpots\" \/>\n<meta property=\"article:modified_time\" content=\"2024-10-03T11:33:45+00:00\" \/>\n<meta property=\"og:image\" content=\"https:\/\/content.redfoxlotto.com\/uploads\/sites\/9\/2_ticket_powerball_au2.jpg\" \/>\n<meta name=\"twitter:card\" content=\"summary_large_image\" \/>\n<meta name=\"twitter:label1\" content=\"Arvioitu lukuaika\" \/>\n\t<meta name=\"twitter:data1\" content=\"2 minuuttia\" \/>\n<script type=\"application\/ld+json\" class=\"yoast-schema-graph\">{\"@context\":\"https:\/\/schema.org\",\"@graph\":[{\"@type\":\"WebPage\",\"@id\":\"https:\/\/redfoxlotto.com\/fi\/lotteries\/powerball-au\/\",\"url\":\"https:\/\/redfoxlotto.com\/fi\/lotteries\/powerball-au\/\",\"name\":\"Mit\u00e4 sinun on tiedett\u00e4v\u00e4 pelataksesi Australian Powerball\",\"isPartOf\":{\"@id\":\"https:\/\/redfoxlotto.com\/fi\/#website\"},\"primaryImageOfPage\":{\"@id\":\"https:\/\/redfoxlotto.com\/fi\/lotteries\/powerball-au\/#primaryimage\"},\"image\":{\"@id\":\"https:\/\/redfoxlotto.com\/fi\/lotteries\/powerball-au\/#primaryimage\"},\"thumbnailUrl\":\"https:\/\/content.redfoxlotto.com\/uploads\/sites\/9\/2_ticket_powerball_au2.jpg\",\"datePublished\":\"2018-11-18T08:54:25+00:00\",\"dateModified\":\"2024-10-03T11:33:45+00:00\",\"description\":\"Australian Powerball ylpeilee joillakin Australian suurimmista j\u00e4ttipotista, ja t\u00e4m\u00e4 tieto voi vied\u00e4 sinut askeleen l\u00e4hemm\u00e4s j\u00e4ttipotin voittamista.\",\"breadcrumb\":{\"@id\":\"https:\/\/redfoxlotto.com\/fi\/lotteries\/powerball-au\/#breadcrumb\"},\"inLanguage\":\"fi\",\"potentialAction\":[{\"@type\":\"ReadAction\",\"target\":[\"https:\/\/redfoxlotto.com\/fi\/lotteries\/powerball-au\/\"]}]},{\"@type\":\"ImageObject\",\"inLanguage\":\"fi\",\"@id\":\"https:\/\/redfoxlotto.com\/fi\/lotteries\/powerball-au\/#primaryimage\",\"url\":\"https:\/\/content.redfoxlotto.com\/uploads\/sites\/9\/2_ticket_powerball_au2.jpg\",\"contentUrl\":\"https:\/\/content.redfoxlotto.com\/uploads\/sites\/9\/2_ticket_powerball_au2.jpg\"},{\"@type\":\"BreadcrumbList\",\"@id\":\"https:\/\/redfoxlotto.com\/fi\/lotteries\/powerball-au\/#breadcrumb\",\"itemListElement\":[{\"@type\":\"ListItem\",\"position\":1,\"name\":\"Home\",\"item\":\"https:\/\/redfoxlotto.com\/fi\/\"},{\"@type\":\"ListItem\",\"position\":2,\"name\":\"Miten ostaa online arpoja &#8211; ostoprosessi\",\"item\":\"https:\/\/redfoxlotto.com\/fi\/lotteries\/\"},{\"@type\":\"ListItem\",\"position\":3,\"name\":\"Tietoja Powerball Australia\"}]},{\"@type\":\"WebSite\",\"@id\":\"https:\/\/redfoxlotto.com\/fi\/#website\",\"url\":\"https:\/\/redfoxlotto.com\/fi\/\",\"name\":\"Get Tickets for the World\u2019s largest jackpots\",\"description\":\"Participate in worldwide lottery jackpots from any country\",\"publisher\":{\"@id\":\"https:\/\/redfoxlotto.com\/fi\/#organization\"},\"potentialAction\":[{\"@type\":\"SearchAction\",\"target\":{\"@type\":\"EntryPoint\",\"urlTemplate\":\"https:\/\/redfoxlotto.com\/fi\/?s={search_term_string}\"},\"query-input\":{\"@type\":\"PropertyValueSpecification\",\"valueRequired\":true,\"valueName\":\"search_term_string\"}}],\"inLanguage\":\"fi\"},{\"@type\":\"Organization\",\"@id\":\"https:\/\/redfoxlotto.com\/fi\/#organization\",\"name\":\"Get Tickets for the World\u2019s largest jackpots\",\"url\":\"https:\/\/redfoxlotto.com\/fi\/\",\"logo\":{\"@type\":\"ImageObject\",\"inLanguage\":\"fi\",\"@id\":\"https:\/\/redfoxlotto.com\/fi\/#\/schema\/logo\/image\/\",\"url\":\"https:\/\/redfoxlotto.com\/wp-content\/uploads\/2023\/04\/logo.png\",\"contentUrl\":\"https:\/\/redfoxlotto.com\/wp-content\/uploads\/2023\/04\/logo.png\",\"width\":269,\"height\":53,\"caption\":\"Get Tickets for the World\u2019s largest jackpots\"},\"image\":{\"@id\":\"https:\/\/redfoxlotto.com\/fi\/#\/schema\/logo\/image\/\"}}]}<\/script>\n<!-- \/ Yoast SEO plugin. -->","yoast_head_json":{"title":"Mit\u00e4 sinun on tiedett\u00e4v\u00e4 pelataksesi Australian Powerball","description":"Australian Powerball ylpeilee joillakin Australian suurimmista j\u00e4ttipotista, ja t\u00e4m\u00e4 tieto voi vied\u00e4 sinut askeleen l\u00e4hemm\u00e4s j\u00e4ttipotin voittamista.","robots":{"index":"index","follow":"follow","max-snippet":"max-snippet:-1","max-image-preview":"max-image-preview:large","max-video-preview":"max-video-preview:-1"},"canonical":"https:\/\/redfoxlotto.com\/fi\/lotteries\/powerball-au\/","og_locale":"fi_FI","og_type":"article","og_title":"Mit\u00e4 sinun on tiedett\u00e4v\u00e4 pelataksesi Australian Powerball","og_description":"Australian Powerball ylpeilee joillakin Australian suurimmista j\u00e4ttipotista, ja t\u00e4m\u00e4 tieto voi vied\u00e4 sinut askeleen l\u00e4hemm\u00e4s j\u00e4ttipotin voittamista.","og_url":"https:\/\/redfoxlotto.com\/fi\/lotteries\/powerball-au\/","og_site_name":"Get Tickets for the World\u2019s largest jackpots","article_modified_time":"2024-10-03T11:33:45+00:00","og_image":[{"url":"https:\/\/content.redfoxlotto.com\/uploads\/sites\/9\/2_ticket_powerball_au2.jpg"}],"twitter_card":"summary_large_image","twitter_misc":{"Arvioitu lukuaika":"2 minuuttia"},"schema":{"@context":"https:\/\/schema.org","@graph":[{"@type":"WebPage","@id":"https:\/\/redfoxlotto.com\/fi\/lotteries\/powerball-au\/","url":"https:\/\/redfoxlotto.com\/fi\/lotteries\/powerball-au\/","name":"Mit\u00e4 sinun on tiedett\u00e4v\u00e4 pelataksesi Australian Powerball","isPartOf":{"@id":"https:\/\/redfoxlotto.com\/fi\/#website"},"primaryImageOfPage":{"@id":"https:\/\/redfoxlotto.com\/fi\/lotteries\/powerball-au\/#primaryimage"},"image":{"@id":"https:\/\/redfoxlotto.com\/fi\/lotteries\/powerball-au\/#primaryimage"},"thumbnailUrl":"https:\/\/content.redfoxlotto.com\/uploads\/sites\/9\/2_ticket_powerball_au2.jpg","datePublished":"2018-11-18T08:54:25+00:00","dateModified":"2024-10-03T11:33:45+00:00","description":"Australian Powerball ylpeilee joillakin Australian suurimmista j\u00e4ttipotista, ja t\u00e4m\u00e4 tieto voi vied\u00e4 sinut askeleen l\u00e4hemm\u00e4s j\u00e4ttipotin voittamista.","breadcrumb":{"@id":"https:\/\/redfoxlotto.com\/fi\/lotteries\/powerball-au\/#breadcrumb"},"inLanguage":"fi","potentialAction":[{"@type":"ReadAction","target":["https:\/\/redfoxlotto.com\/fi\/lotteries\/powerball-au\/"]}]},{"@type":"ImageObject","inLanguage":"fi","@id":"https:\/\/redfoxlotto.com\/fi\/lotteries\/powerball-au\/#primaryimage","url":"https:\/\/content.redfoxlotto.com\/uploads\/sites\/9\/2_ticket_powerball_au2.jpg","contentUrl":"https:\/\/content.redfoxlotto.com\/uploads\/sites\/9\/2_ticket_powerball_au2.jpg"},{"@type":"BreadcrumbList","@id":"https:\/\/redfoxlotto.com\/fi\/lotteries\/powerball-au\/#breadcrumb","itemListElement":[{"@type":"ListItem","position":1,"name":"Home","item":"https:\/\/redfoxlotto.com\/fi\/"},{"@type":"ListItem","position":2,"name":"Miten ostaa online arpoja &#8211; ostoprosessi","item":"https:\/\/redfoxlotto.com\/fi\/lotteries\/"},{"@type":"ListItem","position":3,"name":"Tietoja Powerball Australia"}]},{"@type":"WebSite","@id":"https:\/\/redfoxlotto.com\/fi\/#website","url":"https:\/\/redfoxlotto.com\/fi\/","name":"Get Tickets for the World\u2019s largest jackpots","description":"Participate in worldwide lottery jackpots from any country","publisher":{"@id":"https:\/\/redfoxlotto.com\/fi\/#organization"},"potentialAction":[{"@type":"SearchAction","target":{"@type":"EntryPoint","urlTemplate":"https:\/\/redfoxlotto.com\/fi\/?s={search_term_string}"},"query-input":{"@type":"PropertyValueSpecification","valueRequired":true,"valueName":"search_term_string"}}],"inLanguage":"fi"},{"@type":"Organization","@id":"https:\/\/redfoxlotto.com\/fi\/#organization","name":"Get Tickets for the World\u2019s largest jackpots","url":"https:\/\/redfoxlotto.com\/fi\/","logo":{"@type":"ImageObject","inLanguage":"fi","@id":"https:\/\/redfoxlotto.com\/fi\/#\/schema\/logo\/image\/","url":"https:\/\/redfoxlotto.com\/wp-content\/uploads\/2023\/04\/logo.png","contentUrl":"https:\/\/redfoxlotto.com\/wp-content\/uploads\/2023\/04\/logo.png","width":269,"height":53,"caption":"Get Tickets for the World\u2019s largest jackpots"},"image":{"@id":"https:\/\/redfoxlotto.com\/fi\/#\/schema\/logo\/image\/"}}]}},"_links":{"self":[{"href":"https:\/\/redfoxlotto.com\/fi\/wp-json\/wp\/v2\/pages\/30921","targetHints":{"allow":["GET"]}}],"collection":[{"href":"https:\/\/redfoxlotto.com\/fi\/wp-json\/wp\/v2\/pages"}],"about":[{"href":"https:\/\/redfoxlotto.com\/fi\/wp-json\/wp\/v2\/types\/page"}],"author":[{"embeddable":true,"href":"https:\/\/redfoxlotto.com\/fi\/wp-json\/wp\/v2\/users\/1"}],"replies":[{"embeddable":true,"href":"https:\/\/redfoxlotto.com\/fi\/wp-json\/wp\/v2\/comments?post=30921"}],"version-history":[{"count":0,"href":"https:\/\/redfoxlotto.com\/fi\/wp-json\/wp\/v2\/pages\/30921\/revisions"}],"up":[{"embeddable":true,"href":"https:\/\/redfoxlotto.com\/fi\/wp-json\/wp\/v2\/pages\/30960"}],"wp:attachment":[{"href":"https:\/\/redfoxlotto.com\/fi\/wp-json\/wp\/v2\/media?parent=30921"}],"curies":[{"name":"wp","href":"https:\/\/api.w.org\/{rel}","templated":true}]}}