{"id":30914,"date":"2023-04-24T18:09:15","date_gmt":"2023-04-24T18:09:15","guid":{"rendered":"https:\/\/redfoxlotto.com\/?page_id=19674"},"modified":"2025-12-10T12:54:48","modified_gmt":"2025-12-10T12:54:48","slug":"lotto-amerika","status":"publish","type":"page","link":"https:\/\/redfoxlotto.com\/fi\/pelaa-lottoa-netissa\/lotto-amerika\/","title":{"rendered":"Kuinka pelata Lotto America verkossa"},"content":{"rendered":"<p><script type=\"application\/ld+json\">\n{\n\"@context\": \"https:\/\/schema.org\",\n\"@type\": \"Service\",\n\"name\": \" Lotto America online\",\n\"url\": \"https:\/\/redfoxlotto.com\/fi\/pelaa-lottoa-netissa\/lotto-amerika\/\",\n\"description\": \"Osta virallisia Lotto American nettilippuja verkosta RedFoxLottosta. Valitse numerosi ja osallistu seuraavaan arvontaan.\",\n\"serviceType\": \"Online lottery ticket purchase\",<\/p>\n<p>\"provider\": {\n\"@type\": \"Organization\",\n\"name\": \"RedFoxLotto\",\n\"url\": \"https:\/\/redfoxlotto.com\",\n\"logo\": \"https:\/\/redfoxlotto.com\/wp-content\/uploads\/logo.png\"\n},<\/p>\n<p>\"areaServed\": \"Worldwide\",\n\"termsOfService\": \"https:\/\/redfoxlotto.com\/terms-and-conditions\",<\/p>\n<p>\"hasOfferCatalog\": {\n\"@type\": \"OfferCatalog\",\n\"name\": \"Lotto America Offers\",\n\"itemListElement\": [\n{\n\"@type\": \"Offer\",\n\"name\": \"Lotto America Lottery Ticket\",\n\"url\": \"https:\/\/redfoxlotto.com\/fi\/pelaa-lottoa-netissa\/lotto-amerika\/\",\n\"description\": \"Yksi lippu seuraavaan Lotto America -lottoarvontaan.\",\n\"price\": \"2.75\",\n\"priceCurrency\": \"EUR\",\n\"availability\": \"https:\/\/schema.org\/InStock\",<\/p>\n<p>\"itemOffered\": {\n\"@type\": \"Service\",\n\"name\": \"Lotto America Lottery Entry\",\n\"description\": \"Osallistu seuraavaan Lotto American arvontaan RedFoxLoton kautta.\"\n}\n}\n]\n},<\/p>\n<p>\"mainEntityOfPage\": {\n\"@type\": \"WebPage\",\n\"@id\": \"https:\/\/redfoxlotto.com\/fi\/pelaa-lottoa-netissa\/lotto-amerika\/\"\n}\n}\n<\/script><\/p>\n<h2>Pelaa Lotto America verkossa<\/h2>\n<p>Kun haluat pelata nettilottoa, saatat etsi\u00e4 jotain uutta. Loppujen lopuksi samojen pelien pelaaminen kerta toisensa j\u00e4lkeen voi kyll\u00e4stytt\u00e4\u00e4, eik\u00f6 niin? Luultavasti juuri siksi siirryit alun perin pelaamaan nettipelej\u00e4. No, siit\u00e4 tulee pian paljon hauskempaa, koska et ole viel\u00e4 n\u00e4hnyt Lotto Americaa.<\/p>\n<h2>Mik\u00e4 on Lotto America?<\/h2>\n<p><img decoding=\"async\" class=\"size-full wp-image alignright\" src=\"https:\/\/content.redfoxlotto.com\/uploads\/sites\/9\/1_play_lottery_online5.jpg\" alt=\"pelaa lotto amerikkaa netiss\u00e4\"><\/p>\n<p>Lotto America on usean osavaltion lottopeli, joka antaa sinulle mahdollisuuden suureen j\u00e4ttipottiin ja antaa siihen lis\u00e4ksi hyv\u00e4t kertoimet. Sen lis\u00e4ksi liput ovat edullisia, ja t\u00e4m\u00e4 peli antaa sinulle paljon tapoja, joilla voit voittaa pienempi\u00e4 palkintoja samalla, kun pelaat. Se tarkoittaa, ett\u00e4 sinulla on hauskaa, vaikka et voittaisikaan j\u00e4ttipottia.<\/p>\n<h2>Mit\u00e4 pelist\u00e4 on tiedett\u00e4v\u00e4<\/h2>\n<p>T\u00e4m\u00e4 peli arvotaan kaksi kertaa viikossa, keskiviikkona ja lauantaina. Siin\u00e4 arvotaan my\u00f6s yhteens\u00e4 kuusi eri palloa. Niist\u00e4 viisi on tavallisia, valkoisia palloja, jotka ovat tavallisia numeroita. Yksi on punainen pallo, joka on bonusnumero. Lis\u00e4ksi tarjolla on All-Star-bonus, jos haluat kasvattaa muiden kuin jackpot-voittajien voittoja.<\/p>\n<h2>Kuka pelaa?<\/h2>\n<p>Kun on kyse t\u00e4m\u00e4n pelin pelaamisesta, haluat luultavasti tiet\u00e4\u00e4, mihin olet p\u00e4\u00e4sem\u00e4ss\u00e4 mukaan, eik\u00f6 niin? No, t\u00e4t\u00e4 peli\u00e4 pelaa t\u00e4ll\u00e4 hetkell\u00e4 yhteens\u00e4 13 eri osavaltiossa, mukaan lukien Maine, Idaho, Montana, Pohjois- ja Etel\u00e4-Dakota, Minnesota, Iowa, Kansas, New Mexico, Oklahoma, Tennesee, L\u00e4nsi-Virginia ja Delaware.<br \/>\nSinun ei kuitenkaan tarvitse asua miss\u00e4\u00e4n n\u00e4ist\u00e4 osavaltioista tai edes Yhdysvalloissa, jotta voit pelata t\u00e4t\u00e4 peli\u00e4. On paljon vaihtoehtoja ja tapoja, joilla voit aloittaa t\u00e4m\u00e4n pelin pelaamisen miss\u00e4 tahansa oletkin. Sinun on vain osattava pelata.<\/p>\n<h2>Pelaaminen itsellesi<\/h2>\n<p>Kun olet valmis aloittamaan Lotto America -pelin pelaamisen, sinun tarvitsee vain luoda tili verkossa RedFoxLottoon. Sielt\u00e4 voit tutustua kaikkiin heid\u00e4n eri peleihins\u00e4, joihin kuuluu lottovaihtoehtoja ymp\u00e4ri maailmaa. Lotto America on vain yksi monista peleist\u00e4, joista saat valita, mutta siit\u00e4 tulee hauskaa.<\/p>\n<p>Kun olet valinnut pelin, p\u00e4\u00e4set n\u00e4kem\u00e4\u00e4n, mik\u00e4 on j\u00e4ttipotti ja milloin arvonta suoritetaan, ennen kuin ostat lipun. N\u00e4in tied\u00e4t, haluatko todella kokeilla sit\u00e4 vai haluatko t\u00e4ll\u00e4 kertaa kokeilla eri peli\u00e4 (tai haluatko useita lippuja).<br \/>\nKun olet p\u00e4\u00e4tt\u00e4nyt ostaa lipun, voit vain valita haluamasi numerot. Voit valita kaikki numerot itse, jos haluat, tai voit valita vain muutaman numeron, jolloin loput numerot luodaan satunnaisesti. Tai voit valita kaikki numerot satunnaisesti. Se on t\u00e4ysin sinusta kiinni.<br \/>\nKun sinulla on kaikki numerot, sinun tarvitsee vain valita, haluatko pelata All-Star-bonusta vai et, ja rahoittaa ostoksesi. Olet valmis hetkess\u00e4, ja sitten vain odotat arvonnan suorittamista, jotta n\u00e4et, oletko voittaja.<\/p>\n<h2>Voititko sin\u00e4?<\/h2>\n<p>Kun peli on arvottu ja odotat, ett\u00e4 n\u00e4et, ovatko numerosi ne, jotka tulevat esiin, se on jopa helpompaa kuin luuletkaan. Sinun tarvitsee vain katsoa netist\u00e4. RedFoxLotto tarjoaa kaikki voittonumerot, ja erityisesti silloin, kun ostat arvan, koska me t\u00e4sm\u00e4\u00e4mme numerot puolestasi.<\/p>\n<p>Jos voitat pienen palkinnon, se talletetaan automaattisesti tilillesi. Jos voitat suuren palkinnon, autamme sinua ja k\u00e4ymme l\u00e4pi palkinnon lunastusprosessin. Mutta riippumatta siit\u00e4, mit\u00e4 voitat, tied\u00e4t sen heti tilill\u00e4si, koska n\u00e4yt\u00e4mme sinulle numerosi ja voittonumerot.<\/p>\n<p>Joten miksi et kokeilisi ja tutustu Lotto Amerikkaan? Et ehk\u00e4 viel\u00e4 edes tajua, mit\u00e4 menet\u00e4t. Kunnes kokeilet sit\u00e4 itse.<\/p>\n","protected":false},"excerpt":{"rendered":"<p>Pelaa Lotto America verkossa Kun haluat pelata nettilottoa, saatat etsi\u00e4 jotain uutta. Loppujen lopuksi samojen pelien pelaaminen kerta toisensa j\u00e4lkeen voi kyll\u00e4stytt\u00e4\u00e4, eik\u00f6 niin? Luultavasti juuri siksi siirryit alun perin pelaamaan nettipelej\u00e4. No, siit\u00e4 tulee pian paljon hauskempaa, koska et ole viel\u00e4 n\u00e4hnyt Lotto Americaa. Mik\u00e4 on Lotto America? Lotto America on usean osavaltion lottopeli, [&hellip;]<\/p>\n","protected":false},"author":1,"featured_media":0,"parent":30900,"menu_order":12,"comment_status":"closed","ping_status":"closed","template":"lotto-america.php","meta":{"_et_pb_use_builder":"","_et_pb_old_content":"","_et_gb_content_width":"","exclude_from_search":false,"footnotes":""},"class_list":["post-30914","page","type-page","status-publish","hentry"],"yoast_head":"<!-- This site is optimized with the Yoast SEO plugin v27.3 - https:\/\/yoast.com\/product\/yoast-seo-wordpress\/ -->\n<title>Pelaa Lotto America verkossa<\/title>\n<meta name=\"description\" content=\"Pelaajat mist\u00e4 tahansa maasta voivat nyt liitty\u00e4 ja pelata t\u00e4t\u00e4 monen osavaltion lottoa USA:sta verkossa.\" \/>\n<meta name=\"robots\" content=\"index, follow, max-snippet:-1, max-image-preview:large, max-video-preview:-1\" \/>\n<link rel=\"canonical\" href=\"https:\/\/redfoxlotto.com\/fi\/pelaa-lottoa-netissa\/lotto-amerika\/\" \/>\n<meta property=\"og:locale\" content=\"fi_FI\" \/>\n<meta property=\"og:type\" content=\"article\" \/>\n<meta property=\"og:title\" content=\"Pelaa Lotto America verkossa\" \/>\n<meta property=\"og:description\" content=\"Pelaajat mist\u00e4 tahansa maasta voivat nyt liitty\u00e4 ja pelata t\u00e4t\u00e4 monen osavaltion lottoa USA:sta verkossa.\" \/>\n<meta property=\"og:url\" content=\"https:\/\/redfoxlotto.com\/fi\/pelaa-lottoa-netissa\/lotto-amerika\/\" \/>\n<meta property=\"og:site_name\" content=\"Get Tickets for the World\u2019s largest jackpots\" \/>\n<meta property=\"article:modified_time\" content=\"2025-12-10T12:54:48+00:00\" \/>\n<meta property=\"og:image\" content=\"https:\/\/content.redfoxlotto.com\/uploads\/sites\/9\/1_play_lottery_online5.jpg\" \/>\n<meta name=\"twitter:card\" content=\"summary_large_image\" \/>\n<meta name=\"twitter:label1\" content=\"Arvioitu lukuaika\" \/>\n\t<meta name=\"twitter:data1\" content=\"3 minuuttia\" \/>\n<script type=\"application\/ld+json\" class=\"yoast-schema-graph\">{\"@context\":\"https:\\\/\\\/schema.org\",\"@graph\":[{\"@type\":\"WebPage\",\"@id\":\"https:\\\/\\\/redfoxlotto.com\\\/fi\\\/pelaa-lottoa-netissa\\\/lotto-amerika\\\/\",\"url\":\"https:\\\/\\\/redfoxlotto.com\\\/fi\\\/pelaa-lottoa-netissa\\\/lotto-amerika\\\/\",\"name\":\"Pelaa Lotto America verkossa\",\"isPartOf\":{\"@id\":\"https:\\\/\\\/redfoxlotto.com\\\/fi\\\/#website\"},\"primaryImageOfPage\":{\"@id\":\"https:\\\/\\\/redfoxlotto.com\\\/fi\\\/pelaa-lottoa-netissa\\\/lotto-amerika\\\/#primaryimage\"},\"image\":{\"@id\":\"https:\\\/\\\/redfoxlotto.com\\\/fi\\\/pelaa-lottoa-netissa\\\/lotto-amerika\\\/#primaryimage\"},\"thumbnailUrl\":\"https:\\\/\\\/content.redfoxlotto.com\\\/uploads\\\/sites\\\/9\\\/1_play_lottery_online5.jpg\",\"datePublished\":\"2023-04-24T18:09:15+00:00\",\"dateModified\":\"2025-12-10T12:54:48+00:00\",\"description\":\"Pelaajat mist\u00e4 tahansa maasta voivat nyt liitty\u00e4 ja pelata t\u00e4t\u00e4 monen osavaltion lottoa USA:sta verkossa.\",\"breadcrumb\":{\"@id\":\"https:\\\/\\\/redfoxlotto.com\\\/fi\\\/pelaa-lottoa-netissa\\\/lotto-amerika\\\/#breadcrumb\"},\"inLanguage\":\"fi\",\"potentialAction\":[{\"@type\":\"ReadAction\",\"target\":[\"https:\\\/\\\/redfoxlotto.com\\\/fi\\\/pelaa-lottoa-netissa\\\/lotto-amerika\\\/\"]}]},{\"@type\":\"ImageObject\",\"inLanguage\":\"fi\",\"@id\":\"https:\\\/\\\/redfoxlotto.com\\\/fi\\\/pelaa-lottoa-netissa\\\/lotto-amerika\\\/#primaryimage\",\"url\":\"https:\\\/\\\/content.redfoxlotto.com\\\/uploads\\\/sites\\\/9\\\/1_play_lottery_online5.jpg\",\"contentUrl\":\"https:\\\/\\\/content.redfoxlotto.com\\\/uploads\\\/sites\\\/9\\\/1_play_lottery_online5.jpg\"},{\"@type\":\"BreadcrumbList\",\"@id\":\"https:\\\/\\\/redfoxlotto.com\\\/fi\\\/pelaa-lottoa-netissa\\\/lotto-amerika\\\/#breadcrumb\",\"itemListElement\":[{\"@type\":\"ListItem\",\"position\":1,\"name\":\"Home\",\"item\":\"https:\\\/\\\/redfoxlotto.com\\\/fi\\\/\"},{\"@type\":\"ListItem\",\"position\":2,\"name\":\"Kuinka pelata muiden maiden lottoja\",\"item\":\"https:\\\/\\\/redfoxlotto.com\\\/fi\\\/pelaa-lottoa-netissa\\\/\"},{\"@type\":\"ListItem\",\"position\":3,\"name\":\"Kuinka pelata Lotto America verkossa\"}]},{\"@type\":\"WebSite\",\"@id\":\"https:\\\/\\\/redfoxlotto.com\\\/fi\\\/#website\",\"url\":\"https:\\\/\\\/redfoxlotto.com\\\/fi\\\/\",\"name\":\"Get Tickets for the World\u2019s largest jackpots\",\"description\":\"Participate in worldwide lottery jackpots from any country\",\"publisher\":{\"@id\":\"https:\\\/\\\/redfoxlotto.com\\\/fi\\\/#organization\"},\"potentialAction\":[{\"@type\":\"SearchAction\",\"target\":{\"@type\":\"EntryPoint\",\"urlTemplate\":\"https:\\\/\\\/redfoxlotto.com\\\/fi\\\/?s={search_term_string}\"},\"query-input\":{\"@type\":\"PropertyValueSpecification\",\"valueRequired\":true,\"valueName\":\"search_term_string\"}}],\"inLanguage\":\"fi\"},{\"@type\":\"Organization\",\"@id\":\"https:\\\/\\\/redfoxlotto.com\\\/fi\\\/#organization\",\"name\":\"Get Tickets for the World\u2019s largest jackpots\",\"url\":\"https:\\\/\\\/redfoxlotto.com\\\/fi\\\/\",\"logo\":{\"@type\":\"ImageObject\",\"inLanguage\":\"fi\",\"@id\":\"https:\\\/\\\/redfoxlotto.com\\\/fi\\\/#\\\/schema\\\/logo\\\/image\\\/\",\"url\":\"https:\\\/\\\/redfoxlotto.com\\\/wp-content\\\/uploads\\\/2023\\\/04\\\/logo.png\",\"contentUrl\":\"https:\\\/\\\/redfoxlotto.com\\\/wp-content\\\/uploads\\\/2023\\\/04\\\/logo.png\",\"width\":269,\"height\":53,\"caption\":\"Get Tickets for the World\u2019s largest jackpots\"},\"image\":{\"@id\":\"https:\\\/\\\/redfoxlotto.com\\\/fi\\\/#\\\/schema\\\/logo\\\/image\\\/\"}}]}<\/script>\n<!-- \/ Yoast SEO plugin. -->","yoast_head_json":{"title":"Pelaa Lotto America verkossa","description":"Pelaajat mist\u00e4 tahansa maasta voivat nyt liitty\u00e4 ja pelata t\u00e4t\u00e4 monen osavaltion lottoa USA:sta verkossa.","robots":{"index":"index","follow":"follow","max-snippet":"max-snippet:-1","max-image-preview":"max-image-preview:large","max-video-preview":"max-video-preview:-1"},"canonical":"https:\/\/redfoxlotto.com\/fi\/pelaa-lottoa-netissa\/lotto-amerika\/","og_locale":"fi_FI","og_type":"article","og_title":"Pelaa Lotto America verkossa","og_description":"Pelaajat mist\u00e4 tahansa maasta voivat nyt liitty\u00e4 ja pelata t\u00e4t\u00e4 monen osavaltion lottoa USA:sta verkossa.","og_url":"https:\/\/redfoxlotto.com\/fi\/pelaa-lottoa-netissa\/lotto-amerika\/","og_site_name":"Get Tickets for the World\u2019s largest jackpots","article_modified_time":"2025-12-10T12:54:48+00:00","og_image":[{"url":"https:\/\/content.redfoxlotto.com\/uploads\/sites\/9\/1_play_lottery_online5.jpg","type":"","width":"","height":""}],"twitter_card":"summary_large_image","twitter_misc":{"Arvioitu lukuaika":"3 minuuttia"},"schema":{"@context":"https:\/\/schema.org","@graph":[{"@type":"WebPage","@id":"https:\/\/redfoxlotto.com\/fi\/pelaa-lottoa-netissa\/lotto-amerika\/","url":"https:\/\/redfoxlotto.com\/fi\/pelaa-lottoa-netissa\/lotto-amerika\/","name":"Pelaa Lotto America verkossa","isPartOf":{"@id":"https:\/\/redfoxlotto.com\/fi\/#website"},"primaryImageOfPage":{"@id":"https:\/\/redfoxlotto.com\/fi\/pelaa-lottoa-netissa\/lotto-amerika\/#primaryimage"},"image":{"@id":"https:\/\/redfoxlotto.com\/fi\/pelaa-lottoa-netissa\/lotto-amerika\/#primaryimage"},"thumbnailUrl":"https:\/\/content.redfoxlotto.com\/uploads\/sites\/9\/1_play_lottery_online5.jpg","datePublished":"2023-04-24T18:09:15+00:00","dateModified":"2025-12-10T12:54:48+00:00","description":"Pelaajat mist\u00e4 tahansa maasta voivat nyt liitty\u00e4 ja pelata t\u00e4t\u00e4 monen osavaltion lottoa USA:sta verkossa.","breadcrumb":{"@id":"https:\/\/redfoxlotto.com\/fi\/pelaa-lottoa-netissa\/lotto-amerika\/#breadcrumb"},"inLanguage":"fi","potentialAction":[{"@type":"ReadAction","target":["https:\/\/redfoxlotto.com\/fi\/pelaa-lottoa-netissa\/lotto-amerika\/"]}]},{"@type":"ImageObject","inLanguage":"fi","@id":"https:\/\/redfoxlotto.com\/fi\/pelaa-lottoa-netissa\/lotto-amerika\/#primaryimage","url":"https:\/\/content.redfoxlotto.com\/uploads\/sites\/9\/1_play_lottery_online5.jpg","contentUrl":"https:\/\/content.redfoxlotto.com\/uploads\/sites\/9\/1_play_lottery_online5.jpg"},{"@type":"BreadcrumbList","@id":"https:\/\/redfoxlotto.com\/fi\/pelaa-lottoa-netissa\/lotto-amerika\/#breadcrumb","itemListElement":[{"@type":"ListItem","position":1,"name":"Home","item":"https:\/\/redfoxlotto.com\/fi\/"},{"@type":"ListItem","position":2,"name":"Kuinka pelata muiden maiden lottoja","item":"https:\/\/redfoxlotto.com\/fi\/pelaa-lottoa-netissa\/"},{"@type":"ListItem","position":3,"name":"Kuinka pelata Lotto America verkossa"}]},{"@type":"WebSite","@id":"https:\/\/redfoxlotto.com\/fi\/#website","url":"https:\/\/redfoxlotto.com\/fi\/","name":"Get Tickets for the World\u2019s largest jackpots","description":"Participate in worldwide lottery jackpots from any country","publisher":{"@id":"https:\/\/redfoxlotto.com\/fi\/#organization"},"potentialAction":[{"@type":"SearchAction","target":{"@type":"EntryPoint","urlTemplate":"https:\/\/redfoxlotto.com\/fi\/?s={search_term_string}"},"query-input":{"@type":"PropertyValueSpecification","valueRequired":true,"valueName":"search_term_string"}}],"inLanguage":"fi"},{"@type":"Organization","@id":"https:\/\/redfoxlotto.com\/fi\/#organization","name":"Get Tickets for the World\u2019s largest jackpots","url":"https:\/\/redfoxlotto.com\/fi\/","logo":{"@type":"ImageObject","inLanguage":"fi","@id":"https:\/\/redfoxlotto.com\/fi\/#\/schema\/logo\/image\/","url":"https:\/\/redfoxlotto.com\/wp-content\/uploads\/2023\/04\/logo.png","contentUrl":"https:\/\/redfoxlotto.com\/wp-content\/uploads\/2023\/04\/logo.png","width":269,"height":53,"caption":"Get Tickets for the World\u2019s largest jackpots"},"image":{"@id":"https:\/\/redfoxlotto.com\/fi\/#\/schema\/logo\/image\/"}}]}},"_links":{"self":[{"href":"https:\/\/redfoxlotto.com\/fi\/wp-json\/wp\/v2\/pages\/30914","targetHints":{"allow":["GET"]}}],"collection":[{"href":"https:\/\/redfoxlotto.com\/fi\/wp-json\/wp\/v2\/pages"}],"about":[{"href":"https:\/\/redfoxlotto.com\/fi\/wp-json\/wp\/v2\/types\/page"}],"author":[{"embeddable":true,"href":"https:\/\/redfoxlotto.com\/fi\/wp-json\/wp\/v2\/users\/1"}],"replies":[{"embeddable":true,"href":"https:\/\/redfoxlotto.com\/fi\/wp-json\/wp\/v2\/comments?post=30914"}],"version-history":[{"count":0,"href":"https:\/\/redfoxlotto.com\/fi\/wp-json\/wp\/v2\/pages\/30914\/revisions"}],"up":[{"embeddable":true,"href":"https:\/\/redfoxlotto.com\/fi\/wp-json\/wp\/v2\/pages\/30900"}],"wp:attachment":[{"href":"https:\/\/redfoxlotto.com\/fi\/wp-json\/wp\/v2\/media?parent=30914"}],"curies":[{"name":"wp","href":"https:\/\/api.w.org\/{rel}","templated":true}]}}