{"id":30912,"date":"2023-04-24T17:52:16","date_gmt":"2023-04-24T17:52:16","guid":{"rendered":"https:\/\/redfoxlotto.com\/?page_id=19670"},"modified":"2022-09-26T12:36:30","modified_gmt":"2022-09-26T12:36:30","slug":"la-primitiva","status":"publish","type":"page","link":"https:\/\/redfoxlotto.com\/fi\/pelaa-lottoa-netissa\/la-primitiva\/","title":{"rendered":"Miten osallistua La Primitivaan"},"content":{"rendered":"<h2>Espanjan viikoittainen arpajaislehti La Primitiva<\/h2>\n<p>La Primitiva on espanjalainen arpajaiset, joka sekoitetaan usein El Gordoon. Molemmat ovat saman yrityksen j\u00e4rjest\u00e4mi\u00e4. La Primitiva on viikoittainen espanjalainen arpajaiset, jotka arvotaan joka torstai ja lauantai. Sinun on valittava 6 numeroa 49:st\u00e4 saadaksesi lippusi valmiiksi.<\/p>\n<p>&#8221;Reintegro&#8221;-numerolla saat uuden lipun seuraavaa arvontakierrosta varten. Se m\u00e4\u00e4ritt\u00e4\u00e4 my\u00f6s, oletko voittanut ensimm\u00e4isen tason palkinnon, jota varten tarvitset 6 p\u00e4\u00e4numeroa ja &#8221;Reintegro&#8221;-numeron.<\/p>\n<p>T\u00e4m\u00e4 numero valitaan automaattisesti, kun ostat uuden lipun. Jos ostaisit lipun netist\u00e4 (mik\u00e4 on mahdollista vain Espanjasta k\u00e4sin!), voisit valita R-numerosi itse, mutta koska ostamme lippumme paikallisen lottoagentin kautta, R-numeroa ei voi valita manuaalisesti verkkosivuillamme. R-numerosi on kuitenkin lipussa.<\/p>\n<p>C-numero on lis\u00e4numero, joka arvotaan kolmannen tason hinnasta. Vain jos sinulla on 5 numeroa oikein, C-numero tulee mukaan. Jos kuudes numerosi vastaa C-numeroa, voitat korkeamman palkinnon.<\/p>\n<p><img decoding=\"async\" class=\" wp-image alignright\" src=\"https:\/\/content.redfoxlotto.com\/uploads\/sites\/9\/1_play_lotto_to_win.jpg\" alt=\"La Primitiva pelata verkossa\" width=\"250&quot;\" height=\"125\"><\/p>\n<p>El Gordo taas on jouluversio t\u00e4st\u00e4 samasta arvonnasta. T\u00e4m\u00e4 arpajaiset toimivat t\u00e4ysin eri tavalla, ja niit\u00e4 arvotaan vain kerran vuodessa.<\/p>\n<p>Jos haluat ostaa lipun La Primitivaan Suomesta, voit tehd\u00e4 sen t\u00e4\u00e4ll\u00e4 sivustollamme. K\u00e4yt\u00e4 satunnaislukugeneraattoriamme tai valitse numerot itse.<\/p>\n<p><img loading=\"lazy\" decoding=\"async\" class=\" wp-image alignright\" src=\"https:\/\/content.redfoxlotto.com\/uploads\/sites\/9\/2_ticket_la_primitiva4.jpg\" alt=\"voittaa La Primitiva\" width=\"250\" height=\"125\"><\/p>\n<p>Kun olet tehnyt lipputilauksesi (voit vapaasti lis\u00e4t\u00e4 lippuja my\u00f6s muihin arpajaisiin), sinun on luotava meille asiakastili ja maksettava verkossa. Muista tarkistaa s\u00e4hk\u00f6postilaatikkoosi viesti, joka sis\u00e4lt\u00e4\u00e4 linkin rekister\u00f6itymisesi vahvistamiseksi. Ota kirjautumistietosi muistiin. N\u00e4ill\u00e4 kirjautumistiedoilla voit tarkistaa voittosi milloin tahansa.<\/p>\n<p>Voit tietysti aina palata pelaamaan lis\u00e4\u00e4 arpajaisia. Suosittelemme, ett\u00e4 palaat takaisin s\u00e4\u00e4nn\u00f6llisesti ja katsot t\u00e4m\u00e4nhetkiset j\u00e4ttipottien koot.<\/p>\n","protected":false},"excerpt":{"rendered":"<p>Espanjan viikoittainen arpajaislehti La Primitiva La Primitiva on espanjalainen arpajaiset, joka sekoitetaan usein El Gordoon. Molemmat ovat saman yrityksen j\u00e4rjest\u00e4mi\u00e4. La Primitiva on viikoittainen espanjalainen arpajaiset, jotka arvotaan joka torstai ja lauantai. Sinun on valittava 6 numeroa 49:st\u00e4 saadaksesi lippusi valmiiksi. &#8221;Reintegro&#8221;-numerolla saat uuden lipun seuraavaa arvontakierrosta varten. Se m\u00e4\u00e4ritt\u00e4\u00e4 my\u00f6s, oletko voittanut ensimm\u00e4isen tason [&hellip;]<\/p>\n","protected":false},"author":1,"featured_media":0,"parent":30900,"menu_order":7,"comment_status":"closed","ping_status":"closed","template":"la-primitiva.php","meta":{"_et_pb_use_builder":"","_et_pb_old_content":"","_et_gb_content_width":"","exclude_from_search":false,"footnotes":""},"class_list":["post-30912","page","type-page","status-publish","hentry"],"yoast_head":"<!-- This site is optimized with the Yoast SEO plugin v23.8 - https:\/\/yoast.com\/wordpress\/plugins\/seo\/ -->\n<title>Pelaa La Primitiva Suomi<\/title>\n<meta name=\"description\" content=\"Anna meid\u00e4n n\u00e4ytt\u00e4\u00e4 sinulle, miten voit pelata La Primitiva Lottery Espanjassa Yhdistyneest\u00e4 kuningaskunnasta\" \/>\n<meta name=\"robots\" content=\"index, follow, max-snippet:-1, max-image-preview:large, max-video-preview:-1\" \/>\n<link rel=\"canonical\" href=\"https:\/\/redfoxlotto.com\/fi\/pelaa-lottoa-netissa\/la-primitiva\/\" \/>\n<meta property=\"og:locale\" content=\"fi_FI\" \/>\n<meta property=\"og:type\" content=\"article\" \/>\n<meta property=\"og:title\" content=\"Pelaa La Primitiva Suomi\" \/>\n<meta property=\"og:description\" content=\"Anna meid\u00e4n n\u00e4ytt\u00e4\u00e4 sinulle, miten voit pelata La Primitiva Lottery Espanjassa Yhdistyneest\u00e4 kuningaskunnasta\" \/>\n<meta property=\"og:url\" content=\"https:\/\/redfoxlotto.com\/fi\/pelaa-lottoa-netissa\/la-primitiva\/\" \/>\n<meta property=\"og:site_name\" content=\"Get Tickets for the World\u2019s largest jackpots\" \/>\n<meta property=\"article:modified_time\" content=\"2022-09-26T12:36:30+00:00\" \/>\n<meta property=\"og:image\" content=\"https:\/\/content.redfoxlotto.com\/uploads\/sites\/9\/1_play_lotto_to_win.jpg\" \/>\n<meta name=\"twitter:card\" content=\"summary_large_image\" \/>\n<meta name=\"twitter:label1\" content=\"Arvioitu lukuaika\" \/>\n\t<meta name=\"twitter:data1\" content=\"2 minuuttia\" \/>\n<script type=\"application\/ld+json\" class=\"yoast-schema-graph\">{\"@context\":\"https:\/\/schema.org\",\"@graph\":[{\"@type\":\"WebPage\",\"@id\":\"https:\/\/redfoxlotto.com\/fi\/pelaa-lottoa-netissa\/la-primitiva\/\",\"url\":\"https:\/\/redfoxlotto.com\/fi\/pelaa-lottoa-netissa\/la-primitiva\/\",\"name\":\"Pelaa La Primitiva Suomi\",\"isPartOf\":{\"@id\":\"https:\/\/redfoxlotto.com\/fi\/#website\"},\"primaryImageOfPage\":{\"@id\":\"https:\/\/redfoxlotto.com\/fi\/pelaa-lottoa-netissa\/la-primitiva\/#primaryimage\"},\"image\":{\"@id\":\"https:\/\/redfoxlotto.com\/fi\/pelaa-lottoa-netissa\/la-primitiva\/#primaryimage\"},\"thumbnailUrl\":\"https:\/\/content.redfoxlotto.com\/uploads\/sites\/9\/1_play_lotto_to_win.jpg\",\"datePublished\":\"2023-04-24T17:52:16+00:00\",\"dateModified\":\"2022-09-26T12:36:30+00:00\",\"description\":\"Anna meid\u00e4n n\u00e4ytt\u00e4\u00e4 sinulle, miten voit pelata La Primitiva Lottery Espanjassa Yhdistyneest\u00e4 kuningaskunnasta\",\"breadcrumb\":{\"@id\":\"https:\/\/redfoxlotto.com\/fi\/pelaa-lottoa-netissa\/la-primitiva\/#breadcrumb\"},\"inLanguage\":\"fi\",\"potentialAction\":[{\"@type\":\"ReadAction\",\"target\":[\"https:\/\/redfoxlotto.com\/fi\/pelaa-lottoa-netissa\/la-primitiva\/\"]}]},{\"@type\":\"ImageObject\",\"inLanguage\":\"fi\",\"@id\":\"https:\/\/redfoxlotto.com\/fi\/pelaa-lottoa-netissa\/la-primitiva\/#primaryimage\",\"url\":\"https:\/\/content.redfoxlotto.com\/uploads\/sites\/9\/1_play_lotto_to_win.jpg\",\"contentUrl\":\"https:\/\/content.redfoxlotto.com\/uploads\/sites\/9\/1_play_lotto_to_win.jpg\"},{\"@type\":\"BreadcrumbList\",\"@id\":\"https:\/\/redfoxlotto.com\/fi\/pelaa-lottoa-netissa\/la-primitiva\/#breadcrumb\",\"itemListElement\":[{\"@type\":\"ListItem\",\"position\":1,\"name\":\"Home\",\"item\":\"https:\/\/redfoxlotto.com\/fi\/\"},{\"@type\":\"ListItem\",\"position\":2,\"name\":\"Kuinka pelata muiden maiden lottoja\",\"item\":\"https:\/\/redfoxlotto.com\/fi\/pelaa-lottoa-netissa\/\"},{\"@type\":\"ListItem\",\"position\":3,\"name\":\"Miten osallistua La Primitivaan\"}]},{\"@type\":\"WebSite\",\"@id\":\"https:\/\/redfoxlotto.com\/fi\/#website\",\"url\":\"https:\/\/redfoxlotto.com\/fi\/\",\"name\":\"Get Tickets for the World\u2019s largest jackpots\",\"description\":\"Participate in worldwide lottery jackpots from any country\",\"publisher\":{\"@id\":\"https:\/\/redfoxlotto.com\/fi\/#organization\"},\"potentialAction\":[{\"@type\":\"SearchAction\",\"target\":{\"@type\":\"EntryPoint\",\"urlTemplate\":\"https:\/\/redfoxlotto.com\/fi\/?s={search_term_string}\"},\"query-input\":{\"@type\":\"PropertyValueSpecification\",\"valueRequired\":true,\"valueName\":\"search_term_string\"}}],\"inLanguage\":\"fi\"},{\"@type\":\"Organization\",\"@id\":\"https:\/\/redfoxlotto.com\/fi\/#organization\",\"name\":\"Get Tickets for the World\u2019s largest jackpots\",\"url\":\"https:\/\/redfoxlotto.com\/fi\/\",\"logo\":{\"@type\":\"ImageObject\",\"inLanguage\":\"fi\",\"@id\":\"https:\/\/redfoxlotto.com\/fi\/#\/schema\/logo\/image\/\",\"url\":\"https:\/\/redfoxlotto.com\/wp-content\/uploads\/2023\/04\/logo.png\",\"contentUrl\":\"https:\/\/redfoxlotto.com\/wp-content\/uploads\/2023\/04\/logo.png\",\"width\":269,\"height\":53,\"caption\":\"Get Tickets for the World\u2019s largest jackpots\"},\"image\":{\"@id\":\"https:\/\/redfoxlotto.com\/fi\/#\/schema\/logo\/image\/\"}}]}<\/script>\n<!-- \/ Yoast SEO plugin. -->","yoast_head_json":{"title":"Pelaa La Primitiva Suomi","description":"Anna meid\u00e4n n\u00e4ytt\u00e4\u00e4 sinulle, miten voit pelata La Primitiva Lottery Espanjassa Yhdistyneest\u00e4 kuningaskunnasta","robots":{"index":"index","follow":"follow","max-snippet":"max-snippet:-1","max-image-preview":"max-image-preview:large","max-video-preview":"max-video-preview:-1"},"canonical":"https:\/\/redfoxlotto.com\/fi\/pelaa-lottoa-netissa\/la-primitiva\/","og_locale":"fi_FI","og_type":"article","og_title":"Pelaa La Primitiva Suomi","og_description":"Anna meid\u00e4n n\u00e4ytt\u00e4\u00e4 sinulle, miten voit pelata La Primitiva Lottery Espanjassa Yhdistyneest\u00e4 kuningaskunnasta","og_url":"https:\/\/redfoxlotto.com\/fi\/pelaa-lottoa-netissa\/la-primitiva\/","og_site_name":"Get Tickets for the World\u2019s largest jackpots","article_modified_time":"2022-09-26T12:36:30+00:00","og_image":[{"url":"https:\/\/content.redfoxlotto.com\/uploads\/sites\/9\/1_play_lotto_to_win.jpg"}],"twitter_card":"summary_large_image","twitter_misc":{"Arvioitu lukuaika":"2 minuuttia"},"schema":{"@context":"https:\/\/schema.org","@graph":[{"@type":"WebPage","@id":"https:\/\/redfoxlotto.com\/fi\/pelaa-lottoa-netissa\/la-primitiva\/","url":"https:\/\/redfoxlotto.com\/fi\/pelaa-lottoa-netissa\/la-primitiva\/","name":"Pelaa La Primitiva Suomi","isPartOf":{"@id":"https:\/\/redfoxlotto.com\/fi\/#website"},"primaryImageOfPage":{"@id":"https:\/\/redfoxlotto.com\/fi\/pelaa-lottoa-netissa\/la-primitiva\/#primaryimage"},"image":{"@id":"https:\/\/redfoxlotto.com\/fi\/pelaa-lottoa-netissa\/la-primitiva\/#primaryimage"},"thumbnailUrl":"https:\/\/content.redfoxlotto.com\/uploads\/sites\/9\/1_play_lotto_to_win.jpg","datePublished":"2023-04-24T17:52:16+00:00","dateModified":"2022-09-26T12:36:30+00:00","description":"Anna meid\u00e4n n\u00e4ytt\u00e4\u00e4 sinulle, miten voit pelata La Primitiva Lottery Espanjassa Yhdistyneest\u00e4 kuningaskunnasta","breadcrumb":{"@id":"https:\/\/redfoxlotto.com\/fi\/pelaa-lottoa-netissa\/la-primitiva\/#breadcrumb"},"inLanguage":"fi","potentialAction":[{"@type":"ReadAction","target":["https:\/\/redfoxlotto.com\/fi\/pelaa-lottoa-netissa\/la-primitiva\/"]}]},{"@type":"ImageObject","inLanguage":"fi","@id":"https:\/\/redfoxlotto.com\/fi\/pelaa-lottoa-netissa\/la-primitiva\/#primaryimage","url":"https:\/\/content.redfoxlotto.com\/uploads\/sites\/9\/1_play_lotto_to_win.jpg","contentUrl":"https:\/\/content.redfoxlotto.com\/uploads\/sites\/9\/1_play_lotto_to_win.jpg"},{"@type":"BreadcrumbList","@id":"https:\/\/redfoxlotto.com\/fi\/pelaa-lottoa-netissa\/la-primitiva\/#breadcrumb","itemListElement":[{"@type":"ListItem","position":1,"name":"Home","item":"https:\/\/redfoxlotto.com\/fi\/"},{"@type":"ListItem","position":2,"name":"Kuinka pelata muiden maiden lottoja","item":"https:\/\/redfoxlotto.com\/fi\/pelaa-lottoa-netissa\/"},{"@type":"ListItem","position":3,"name":"Miten osallistua La Primitivaan"}]},{"@type":"WebSite","@id":"https:\/\/redfoxlotto.com\/fi\/#website","url":"https:\/\/redfoxlotto.com\/fi\/","name":"Get Tickets for the World\u2019s largest jackpots","description":"Participate in worldwide lottery jackpots from any country","publisher":{"@id":"https:\/\/redfoxlotto.com\/fi\/#organization"},"potentialAction":[{"@type":"SearchAction","target":{"@type":"EntryPoint","urlTemplate":"https:\/\/redfoxlotto.com\/fi\/?s={search_term_string}"},"query-input":{"@type":"PropertyValueSpecification","valueRequired":true,"valueName":"search_term_string"}}],"inLanguage":"fi"},{"@type":"Organization","@id":"https:\/\/redfoxlotto.com\/fi\/#organization","name":"Get Tickets for the World\u2019s largest jackpots","url":"https:\/\/redfoxlotto.com\/fi\/","logo":{"@type":"ImageObject","inLanguage":"fi","@id":"https:\/\/redfoxlotto.com\/fi\/#\/schema\/logo\/image\/","url":"https:\/\/redfoxlotto.com\/wp-content\/uploads\/2023\/04\/logo.png","contentUrl":"https:\/\/redfoxlotto.com\/wp-content\/uploads\/2023\/04\/logo.png","width":269,"height":53,"caption":"Get Tickets for the World\u2019s largest jackpots"},"image":{"@id":"https:\/\/redfoxlotto.com\/fi\/#\/schema\/logo\/image\/"}}]}},"_links":{"self":[{"href":"https:\/\/redfoxlotto.com\/fi\/wp-json\/wp\/v2\/pages\/30912","targetHints":{"allow":["GET"]}}],"collection":[{"href":"https:\/\/redfoxlotto.com\/fi\/wp-json\/wp\/v2\/pages"}],"about":[{"href":"https:\/\/redfoxlotto.com\/fi\/wp-json\/wp\/v2\/types\/page"}],"author":[{"embeddable":true,"href":"https:\/\/redfoxlotto.com\/fi\/wp-json\/wp\/v2\/users\/1"}],"replies":[{"embeddable":true,"href":"https:\/\/redfoxlotto.com\/fi\/wp-json\/wp\/v2\/comments?post=30912"}],"version-history":[{"count":0,"href":"https:\/\/redfoxlotto.com\/fi\/wp-json\/wp\/v2\/pages\/30912\/revisions"}],"up":[{"embeddable":true,"href":"https:\/\/redfoxlotto.com\/fi\/wp-json\/wp\/v2\/pages\/30900"}],"wp:attachment":[{"href":"https:\/\/redfoxlotto.com\/fi\/wp-json\/wp\/v2\/media?parent=30912"}],"curies":[{"name":"wp","href":"https:\/\/api.w.org\/{rel}","templated":true}]}}