{"id":30906,"date":"2019-08-09T14:24:22","date_gmt":"2019-08-09T14:24:22","guid":{"rendered":"https:\/\/redfoxlotto.com\/?page_id=19658"},"modified":"2025-12-10T23:17:10","modified_gmt":"2025-12-10T23:17:10","slug":"lotto-fr","status":"publish","type":"page","link":"https:\/\/redfoxlotto.com\/fi\/pelaa-lottoa-netissa\/lotto-fr\/","title":{"rendered":"Pelaa Ranskan Lotto"},"content":{"rendered":"<p><script type=\"application\/ld+json\">\n{\n\"@context\": \"https:\/\/schema.org\",\n\"@type\": \"Service\",\n\"name\": \"French Lotto online\",\n\"url\": \"https:\/\/redfoxlotto.com\/fi\/pelaa-lottoa-netissa\/lotto-fr\/\",\n\"description\": \"Osta viralliset Ranskan lotto -liput verkossa RedFoxLoton kautta. Valitse numerosi ja osallistu seuraavaan arvontaan.\",\n\"serviceType\": \"Online lottery ticket purchase\",<\/p>\n<p>\"provider\": {\n\"@type\": \"Organization\",\n\"name\": \"RedFoxLotto\",\n\"url\": \"https:\/\/redfoxlotto.com\",\n\"logo\": \"https:\/\/redfoxlotto.com\/wp-content\/uploads\/logo.png\"\n},<\/p>\n<p>\"areaServed\": \"Worldwide\",\n\"termsOfService\": \"https:\/\/redfoxlotto.com\/terms-and-conditions\",<\/p>\n<p>\"hasOfferCatalog\": {\n\"@type\": \"OfferCatalog\",\n\"name\": \"French Lotto Offers\",\n\"itemListElement\": [\n{\n\"@type\": \"Offer\",\n\"name\": \"Lotto French Lotto Ticket\",\n\"url\": \"https:\/\/redfoxlotto.com\/fi\/pelaa-lottoa-netissa\/lotto-fr\/\",\n\"description\": \"Yksi osallistuminen seuraavaan Ranskan lottoarvontaan.\",\n\"price\": \"6.00\",\n\"priceCurrency\": \"EUR\",\n\"availability\": \"https:\/\/schema.org\/InStock\",<\/p>\n<p>\"itemOffered\": {\n\"@type\": \"Service\",\n\"name\": \"French Lotto Lottery Entry\",\n\"description\": \"Osallistuminen seuraavaan Ranskan lottoarvontaan RedFoxLoton kautta.\"\n}\n}\n]\n},<\/p>\n<p>\"mainEntityOfPage\": {\n\"@type\": \"WebPage\",\n\"@id\": \"https:\/\/redfoxlotto.com\/fi\/pelaa-lottoa-netissa\/lotto-fr\/\"\n}\n}\n<\/script><\/p>\n<p>Oletko valmis pelaamaan aivan uutta peli\u00e4? Jos olet, sinun kannattaa ehdottomasti tutustua tarkemmin ranskalaiseen lottoon. Jos et ole pelannut sit\u00e4 aiemmin, saatat yll\u00e4tty\u00e4 siit\u00e4, kuinka samanlainen se on kuin aiemmin pelaamasi pelit. Loppujen lopuksi kyse on hauskanpidosta ja siit\u00e4, ett\u00e4 saat uuden mahdollisuuden voittaa suuren palkinnon. Ja ranskalaisessa lotossa sinulla on sit\u00e4 paljon, sill\u00e4 hinnat ovat varmasti niin korkeat, ett\u00e4 ne ovat aikasi arvoisia.<\/p>\n<h2>Kuinka pelata Ranskan lottoa verkossa<\/h2>\n<p>Oletko koskaan pelannut erilaista lottoa verkossa? Tai ehk\u00e4 olet ennenkin k\u00e4ynyt paikallisessa l\u00e4hikaupassa hakemassa lippuja. Emme puhu raaputusarpajaisista, joissa voitat heti. Tarkoitamme t\u00e4ss\u00e4 sellaisia arpoja, joissa saat valita numerot, etk\u00e4 tied\u00e4, oletko voittanut vai et, ennen kuin tunteja tai jopa p\u00e4ivi\u00e4 my\u00f6hemmin. N\u00e4m\u00e4 ovat pelej\u00e4, jotka ovat viel\u00e4 hauskempia ja antavat sinulle viel\u00e4 enemm\u00e4n mahdollisuuksia voittaa suuri palkinto. Joissakin n\u00e4ist\u00e4 voit nimitt\u00e4in voittaa miljoonia dollareita.<\/p>\n<p>Ranskan lotossa sinun on vain ostettava lippu netist\u00e4, jotta voit aloittaa pelaamisen, ja lipun ostaminen on eritt\u00e4in helppoa. Sinun on tietenkin l\u00f6ydett\u00e4v\u00e4 oikea verkkopalvelu, joka yhdist\u00e4\u00e4 sinut Ranskan lottoon. Sitten sinun on valittava numerot, jotka saattavat tehd\u00e4 sinusta miljon\u00e4\u00e4rin. T\u00e4ss\u00e4 peliss\u00e4 sinulla on mahdollisuus valita viisi numeroa ja yksi bonusnumero. Sill\u00e4, miss\u00e4 j\u00e4rjestyksess\u00e4 valitset alkuper\u00e4iset viisi numeroa, ei ole v\u00e4li\u00e4, mutta varmista, ett\u00e4 olet huolellinen sen suhteen, mink\u00e4 numeron haluat bonusnumeroksesi. Sen on oltava oikea.<\/p>\n<h2>Kuinka voittaa Ranskan lottovoitto verkossa<\/h2>\n<p>Kun olet valinnut numerot, on aika odottaa, mik\u00e4 voi usein olla pahin osa. Et todellakaan halua vain odottaa ja katsoa, mit\u00e4 tapahtuu, mutta muuta vaihtoehtoa ei oikeastaan ole. Peli arvotaan parin p\u00e4iv\u00e4n v\u00e4lein maanantaisin, keskiviikkoisin ja lauantaisin, joten et joudu odottamaan kauan, mutta sinun on oltava hieman k\u00e4rsiv\u00e4llinen, varsinkin kun tulosten seuraaminen suorana l\u00e4hetyksen\u00e4 ei ole vaihtoehto. Sen sijaan sinun on odotettava hieman, mit\u00e4 tapahtuu.<\/p>\n<p>Kun numerot on arvottu, on aika tarkistaa ne. Voit palata heti takaisin paikkaan, josta ostit lippusi, l\u00f6yt\u00e4\u00e4ksesi voittonumerot ja n\u00e4hd\u00e4ksesi, oletko voittanut j\u00e4ttipotin tai ainakin yhden pienist\u00e4 palkinnoista, mik\u00e4 tekee pelaamisen jatkamisen helpoksi. Pienempi\u00e4 palkintoja jaetaan, jos osuu yhteen bonusnumero, kaksi muuta numeroa kuin bonusnumero, kaksi numeroa plus bonuspallo tai mik\u00e4 tahansa t\u00e4t\u00e4 suurempi yhdistelm\u00e4. Voit voittaa pienen summan, joka kattaa vain lipun hinnan, tai voit voittaa tuhansia tai jopa miljoonia.<\/p>\n<h2>Seuraavan lippusi valitseminen<\/h2>\n<p>Kun tied\u00e4t, oletko voittanut vai et, on ehdottomasti aika pelata uudelleen, eik\u00f6 totta? Jos olet voittanut jotain, on eritt\u00e4in helppoa lunastaa lippusi suoraan verkossa tai voit siirt\u00e4\u00e4 rahat seuraavaan lippuun, jonka haluat ostaa. Riippumatta siit\u00e4, valitsetko ranskalaisen lottopelin vai jonkun muun pelin, on itse asiassa todella helppoa valita seuraava sarja ja saada kaikki valmiiksi uutta arvontakierrosta varten.<\/p>\n<p>Varmista, ett\u00e4 kiinnit\u00e4t huomiota kaikkiin s\u00e4\u00e4nt\u00f6ihin ja m\u00e4\u00e4r\u00e4yksiin. Varmista, ett\u00e4 tied\u00e4t, mitk\u00e4 numerot valitset ja miten niiden on tultava. Varmista my\u00f6s, ett\u00e4 kiinnit\u00e4t huomiota siihen, milloin arvonta suoritetaan. Haluat varmistaa, ett\u00e4 olet valmis, ja haluat ehdottomasti tiet\u00e4\u00e4, oletko voittanut jotain, eik\u00f6 niin? Varmista siis, ett\u00e4 katsot oikeita verkkosivustoja, \u00e4l\u00e4k\u00e4 tee sit\u00e4 virhett\u00e4, ett\u00e4 j\u00e4\u00e4t paitsi seuraavasta arvonnasta.<\/p>\n<p><strong>Voit pelata Ranskan lottoa netiss\u00e4 monin eri tavoin, etk\u00e4 varmasti halua j\u00e4\u00e4d\u00e4 paitsi.<\/strong><\/p>\n","protected":false},"excerpt":{"rendered":"<p>Oletko valmis pelaamaan aivan uutta peli\u00e4? Jos olet, sinun kannattaa ehdottomasti tutustua tarkemmin ranskalaiseen lottoon. Jos et ole pelannut sit\u00e4 aiemmin, saatat yll\u00e4tty\u00e4 siit\u00e4, kuinka samanlainen se on kuin aiemmin pelaamasi pelit. Loppujen lopuksi kyse on hauskanpidosta ja siit\u00e4, ett\u00e4 saat uuden mahdollisuuden voittaa suuren palkinnon. Ja ranskalaisessa lotossa sinulla on sit\u00e4 paljon, sill\u00e4 hinnat [&hellip;]<\/p>\n","protected":false},"author":1,"featured_media":0,"parent":30900,"menu_order":33,"comment_status":"closed","ping_status":"closed","template":"lotto-fr.php","meta":{"_et_pb_use_builder":"","_et_pb_old_content":"","_et_gb_content_width":"","exclude_from_search":false,"footnotes":""},"class_list":["post-30906","page","type-page","status-publish","hentry"],"yoast_head":"<!-- This site is optimized with the Yoast SEO plugin v23.8 - https:\/\/yoast.com\/wordpress\/plugins\/seo\/ -->\n<title>Miten pelata Ranskan Lottery Online<\/title>\n<meta name=\"description\" content=\"Kun olet valmis pelaamaan ranskalaista lottoa, t\u00e4m\u00e4 on oikea paikka aloittaa.\" \/>\n<meta name=\"robots\" content=\"index, follow, max-snippet:-1, max-image-preview:large, max-video-preview:-1\" \/>\n<link rel=\"canonical\" href=\"https:\/\/redfoxlotto.com\/fi\/pelaa-lottoa-netissa\/lotto-fr\/\" \/>\n<meta property=\"og:locale\" content=\"fi_FI\" \/>\n<meta property=\"og:type\" content=\"article\" \/>\n<meta property=\"og:title\" content=\"Miten pelata Ranskan Lottery Online\" \/>\n<meta property=\"og:description\" content=\"Kun olet valmis pelaamaan ranskalaista lottoa, t\u00e4m\u00e4 on oikea paikka aloittaa.\" \/>\n<meta property=\"og:url\" content=\"https:\/\/redfoxlotto.com\/fi\/pelaa-lottoa-netissa\/lotto-fr\/\" \/>\n<meta property=\"og:site_name\" content=\"Get Tickets for the World\u2019s largest jackpots\" \/>\n<meta property=\"article:modified_time\" content=\"2025-12-10T23:17:10+00:00\" \/>\n<meta name=\"twitter:card\" content=\"summary_large_image\" \/>\n<meta name=\"twitter:label1\" content=\"Arvioitu lukuaika\" \/>\n\t<meta name=\"twitter:data1\" content=\"3 minuuttia\" \/>\n<script type=\"application\/ld+json\" class=\"yoast-schema-graph\">{\"@context\":\"https:\/\/schema.org\",\"@graph\":[{\"@type\":\"WebPage\",\"@id\":\"https:\/\/redfoxlotto.com\/fi\/pelaa-lottoa-netissa\/lotto-fr\/\",\"url\":\"https:\/\/redfoxlotto.com\/fi\/pelaa-lottoa-netissa\/lotto-fr\/\",\"name\":\"Miten pelata Ranskan Lottery Online\",\"isPartOf\":{\"@id\":\"https:\/\/redfoxlotto.com\/fi\/#website\"},\"datePublished\":\"2019-08-09T14:24:22+00:00\",\"dateModified\":\"2025-12-10T23:17:10+00:00\",\"description\":\"Kun olet valmis pelaamaan ranskalaista lottoa, t\u00e4m\u00e4 on oikea paikka aloittaa.\",\"breadcrumb\":{\"@id\":\"https:\/\/redfoxlotto.com\/fi\/pelaa-lottoa-netissa\/lotto-fr\/#breadcrumb\"},\"inLanguage\":\"fi\",\"potentialAction\":[{\"@type\":\"ReadAction\",\"target\":[\"https:\/\/redfoxlotto.com\/fi\/pelaa-lottoa-netissa\/lotto-fr\/\"]}]},{\"@type\":\"BreadcrumbList\",\"@id\":\"https:\/\/redfoxlotto.com\/fi\/pelaa-lottoa-netissa\/lotto-fr\/#breadcrumb\",\"itemListElement\":[{\"@type\":\"ListItem\",\"position\":1,\"name\":\"Home\",\"item\":\"https:\/\/redfoxlotto.com\/fi\/\"},{\"@type\":\"ListItem\",\"position\":2,\"name\":\"Kuinka pelata muiden maiden lottoja\",\"item\":\"https:\/\/redfoxlotto.com\/fi\/pelaa-lottoa-netissa\/\"},{\"@type\":\"ListItem\",\"position\":3,\"name\":\"Pelaa Ranskan Lotto\"}]},{\"@type\":\"WebSite\",\"@id\":\"https:\/\/redfoxlotto.com\/fi\/#website\",\"url\":\"https:\/\/redfoxlotto.com\/fi\/\",\"name\":\"Get Tickets for the World\u2019s largest jackpots\",\"description\":\"Participate in worldwide lottery jackpots from any country\",\"publisher\":{\"@id\":\"https:\/\/redfoxlotto.com\/fi\/#organization\"},\"potentialAction\":[{\"@type\":\"SearchAction\",\"target\":{\"@type\":\"EntryPoint\",\"urlTemplate\":\"https:\/\/redfoxlotto.com\/fi\/?s={search_term_string}\"},\"query-input\":{\"@type\":\"PropertyValueSpecification\",\"valueRequired\":true,\"valueName\":\"search_term_string\"}}],\"inLanguage\":\"fi\"},{\"@type\":\"Organization\",\"@id\":\"https:\/\/redfoxlotto.com\/fi\/#organization\",\"name\":\"Get Tickets for the World\u2019s largest jackpots\",\"url\":\"https:\/\/redfoxlotto.com\/fi\/\",\"logo\":{\"@type\":\"ImageObject\",\"inLanguage\":\"fi\",\"@id\":\"https:\/\/redfoxlotto.com\/fi\/#\/schema\/logo\/image\/\",\"url\":\"https:\/\/redfoxlotto.com\/wp-content\/uploads\/2023\/04\/logo.png\",\"contentUrl\":\"https:\/\/redfoxlotto.com\/wp-content\/uploads\/2023\/04\/logo.png\",\"width\":269,\"height\":53,\"caption\":\"Get Tickets for the World\u2019s largest jackpots\"},\"image\":{\"@id\":\"https:\/\/redfoxlotto.com\/fi\/#\/schema\/logo\/image\/\"}}]}<\/script>\n<!-- \/ Yoast SEO plugin. -->","yoast_head_json":{"title":"Miten pelata Ranskan Lottery Online","description":"Kun olet valmis pelaamaan ranskalaista lottoa, t\u00e4m\u00e4 on oikea paikka aloittaa.","robots":{"index":"index","follow":"follow","max-snippet":"max-snippet:-1","max-image-preview":"max-image-preview:large","max-video-preview":"max-video-preview:-1"},"canonical":"https:\/\/redfoxlotto.com\/fi\/pelaa-lottoa-netissa\/lotto-fr\/","og_locale":"fi_FI","og_type":"article","og_title":"Miten pelata Ranskan Lottery Online","og_description":"Kun olet valmis pelaamaan ranskalaista lottoa, t\u00e4m\u00e4 on oikea paikka aloittaa.","og_url":"https:\/\/redfoxlotto.com\/fi\/pelaa-lottoa-netissa\/lotto-fr\/","og_site_name":"Get Tickets for the World\u2019s largest jackpots","article_modified_time":"2025-12-10T23:17:10+00:00","twitter_card":"summary_large_image","twitter_misc":{"Arvioitu lukuaika":"3 minuuttia"},"schema":{"@context":"https:\/\/schema.org","@graph":[{"@type":"WebPage","@id":"https:\/\/redfoxlotto.com\/fi\/pelaa-lottoa-netissa\/lotto-fr\/","url":"https:\/\/redfoxlotto.com\/fi\/pelaa-lottoa-netissa\/lotto-fr\/","name":"Miten pelata Ranskan Lottery Online","isPartOf":{"@id":"https:\/\/redfoxlotto.com\/fi\/#website"},"datePublished":"2019-08-09T14:24:22+00:00","dateModified":"2025-12-10T23:17:10+00:00","description":"Kun olet valmis pelaamaan ranskalaista lottoa, t\u00e4m\u00e4 on oikea paikka aloittaa.","breadcrumb":{"@id":"https:\/\/redfoxlotto.com\/fi\/pelaa-lottoa-netissa\/lotto-fr\/#breadcrumb"},"inLanguage":"fi","potentialAction":[{"@type":"ReadAction","target":["https:\/\/redfoxlotto.com\/fi\/pelaa-lottoa-netissa\/lotto-fr\/"]}]},{"@type":"BreadcrumbList","@id":"https:\/\/redfoxlotto.com\/fi\/pelaa-lottoa-netissa\/lotto-fr\/#breadcrumb","itemListElement":[{"@type":"ListItem","position":1,"name":"Home","item":"https:\/\/redfoxlotto.com\/fi\/"},{"@type":"ListItem","position":2,"name":"Kuinka pelata muiden maiden lottoja","item":"https:\/\/redfoxlotto.com\/fi\/pelaa-lottoa-netissa\/"},{"@type":"ListItem","position":3,"name":"Pelaa Ranskan Lotto"}]},{"@type":"WebSite","@id":"https:\/\/redfoxlotto.com\/fi\/#website","url":"https:\/\/redfoxlotto.com\/fi\/","name":"Get Tickets for the World\u2019s largest jackpots","description":"Participate in worldwide lottery jackpots from any country","publisher":{"@id":"https:\/\/redfoxlotto.com\/fi\/#organization"},"potentialAction":[{"@type":"SearchAction","target":{"@type":"EntryPoint","urlTemplate":"https:\/\/redfoxlotto.com\/fi\/?s={search_term_string}"},"query-input":{"@type":"PropertyValueSpecification","valueRequired":true,"valueName":"search_term_string"}}],"inLanguage":"fi"},{"@type":"Organization","@id":"https:\/\/redfoxlotto.com\/fi\/#organization","name":"Get Tickets for the World\u2019s largest jackpots","url":"https:\/\/redfoxlotto.com\/fi\/","logo":{"@type":"ImageObject","inLanguage":"fi","@id":"https:\/\/redfoxlotto.com\/fi\/#\/schema\/logo\/image\/","url":"https:\/\/redfoxlotto.com\/wp-content\/uploads\/2023\/04\/logo.png","contentUrl":"https:\/\/redfoxlotto.com\/wp-content\/uploads\/2023\/04\/logo.png","width":269,"height":53,"caption":"Get Tickets for the World\u2019s largest jackpots"},"image":{"@id":"https:\/\/redfoxlotto.com\/fi\/#\/schema\/logo\/image\/"}}]}},"_links":{"self":[{"href":"https:\/\/redfoxlotto.com\/fi\/wp-json\/wp\/v2\/pages\/30906","targetHints":{"allow":["GET"]}}],"collection":[{"href":"https:\/\/redfoxlotto.com\/fi\/wp-json\/wp\/v2\/pages"}],"about":[{"href":"https:\/\/redfoxlotto.com\/fi\/wp-json\/wp\/v2\/types\/page"}],"author":[{"embeddable":true,"href":"https:\/\/redfoxlotto.com\/fi\/wp-json\/wp\/v2\/users\/1"}],"replies":[{"embeddable":true,"href":"https:\/\/redfoxlotto.com\/fi\/wp-json\/wp\/v2\/comments?post=30906"}],"version-history":[{"count":0,"href":"https:\/\/redfoxlotto.com\/fi\/wp-json\/wp\/v2\/pages\/30906\/revisions"}],"up":[{"embeddable":true,"href":"https:\/\/redfoxlotto.com\/fi\/wp-json\/wp\/v2\/pages\/30900"}],"wp:attachment":[{"href":"https:\/\/redfoxlotto.com\/fi\/wp-json\/wp\/v2\/media?parent=30906"}],"curies":[{"name":"wp","href":"https:\/\/api.w.org\/{rel}","templated":true}]}}