{"id":30904,"date":"2022-10-26T09:30:02","date_gmt":"2022-10-26T09:30:02","guid":{"rendered":"https:\/\/redfoxlotto.com\/?page_id=19654"},"modified":"2025-12-17T07:25:14","modified_gmt":"2025-12-17T07:25:14","slug":"euromillions","status":"publish","type":"page","link":"https:\/\/redfoxlotto.com\/fi\/pelaa-lottoa-netissa\/euromillions\/","title":{"rendered":"Kuinka pelata Euromillionsia Suomesta k\u00e4sin"},"content":{"rendered":"<p><script type=\"application\/ld+json\">\n{\n  \"@context\": \"https:\/\/schema.org\",\n  \"@type\": \"Service\",\n  \"name\": \"Pelaa Euromillions Verkossa\",\n  \"url\": \"https:\/\/redfoxlotto.com\/fi\/pelaa-lottoa-netissa\/euromillions\/\",\n  \"description\": \"Pelaa Euromillions-lottoa verkossa mist\u00e4 tahansa maasta. Vieraile RedFoxLotto-sivustolla, valitse numerosi ja hanki lippusi.\",\n  \"serviceType\": \"Online lottery ticket messenger service\",\n  \"provider\": {\n    \"@type\": \"Organization\",\n    \"name\": \"RedFoxLotto\",\n    \"url\": \"https:\/\/redfoxlotto.com\/fi\/\",\n    \"image\": \"https:\/\/redfoxlotto.com\/wp-content\/uploads\/2025\/12\/ticket_scans.jpg\",\n    \"sameAs\": []\n  },\n  \"areaServed\": \"Worldwide\",\n  \"termsOfService\": \"https:\/\/redfoxlotto.com\/terms-and-conditions\",\n  \"additionalProperty\": {\n    \"@type\": \"PropertyValue\",\n    \"name\": \"FAQ\",\n    \"value\": \"https:\/\/redfoxlotto.com\/fi\/faq\/\"\n  },\n  \"hasOfferCatalog\": {\n    \"@type\": \"OfferCatalog\",\n    \"name\": \"Euromillions-lottoniput\",\n    \"itemListElement\": [\n      {\n        \"@type\": \"Offer\",\n        \"name\": \"Euromillions-liput\",\n        \"url\": \"https:\/\/redfoxlotto.com\/fi\/pelaa-lottoa-netissa\/euromillions\/\",\n        \"description\": \"Klikkaa t\u00e4st\u00e4 valitaksesi numerosi seuraavaan Euromillions-arvontaan \u2013 tilaa liput verkossa.\",\n        \"price\": \"7.00\",\n        \"priceCurrency\": \"EUR\",\n        \"availability\": \"https:\/\/schema.org\/InStock\",\n        \"itemOffered\": {\n          \"@type\": \"Service\",\n          \"name\": \"Euromillions-liput\",\n          \"description\": \"Pelaa seuraavassa Euromillions-arvonnassa RedFoxLotto kautta.\"\n        }\n      }\n    ]\n  },\n  \"mainEntityOfPage\": {\n    \"@type\": \"WebPage\",\n    \"@id\": \"https:\/\/redfoxlotto.com\/fi\/pelaa-lottoa-netissa\/euromillions\/\"\n  }\n}\n<\/script><\/p>\n<p>Oletko oikeastaan koskaan kuullut EuroMillionsista? Jos asut jossakin Euroopan maassa, olet varmasti kuullut. Mutta jos asut Suomessa, et ehk\u00e4 ole. Katsotaanpa siis hieman tarkemmin, miten EuroMillionsia voi pelata netiss\u00e4.<\/p>\n<p>EuroMillions on kansainv\u00e4linen lotto, jota voi pelata yhdeks\u00e4ss\u00e4 Euroopan maassa. Se tarkoittaa, ett\u00e4 saatat jo asua maassa, josta voit ostaa arvan. EuroMillions-arpajaisten lippuja ei kuitenkaan voi ostaa muiden maiden kaupoista, ja t\u00e4m\u00e4 koskee my\u00f6s Suomea.<\/p>\n<p>Nyt haluat varmasti tehd\u00e4 asialle jotain, sill\u00e4 Eurojackpotin lis\u00e4ksi EuroMillions on Euroopan suurin lotto. Arpajaiset perustettiin vuonna 2004, ja t\u00e4h\u00e4n menness\u00e4 enn\u00e4tysj\u00e4ttipotti on 190 miljoonaa euroa. Sen voitti yksi tuntematon pelaaja lokakuussa 2014. Se on varmasti jotain, johon haluat ainakin yritt\u00e4\u00e4, eik\u00f6 niin?<img loading=\"lazy\" decoding=\"async\" class=\"wp-image-4203 alignright\" src=\"https:\/\/content.redfoxlotto.com\/uploads\/sites\/9\/2_ticket_euromillions.jpg\" alt=\"euromillions online\" width=\"156\" height=\"416\" \/><\/p>\n<p>Haluatko sanoa, ett\u00e4 melkein voitit EuroMillionsin? No, siksi sinun on tiedett\u00e4v\u00e4 lis\u00e4\u00e4 niiden lipuista.<\/p>\n<p>EuroMillions-lottoarvonnat j\u00e4rjestet\u00e4\u00e4n Pariisissa tiistaisin ja perjantaisin. Voidaksesi voittaa j\u00e4ttipotin, lipulla on oltava oikein viisi numeroa 1-50 sek\u00e4 &#8221;onnen t\u00e4hti&#8221;, numero 1-12. Voittotasoja on tietenkin muitakin. Pienimm\u00e4n voiton saadaksesi sinun on rastitettava 2 numeroa 5 p\u00e4\u00e4numerosta oikein.<\/p>\n<p>Kaikki t\u00e4m\u00e4 tarkoittaa, ett\u00e4 sinulla on todella hyv\u00e4t mahdollisuudet voittaa jotain, koska sinun tarvitsee vain vastata kahteen numeroon voittaaksesi palkinnon. Ja kun voitat pienemm\u00e4nkin palkinnon, sinulla on rahaa, jota tarvitset uuden lipun ostamiseen ja seuraavan arvonnan uusimiseen.<\/p>\n<h2>Miten lippujen ostaminen netist\u00e4 Suomesta toimii?<\/h2>\n<p>Ostaaksesi lippusi ja pelataksesi EuroMillionsia netiss\u00e4 Suomesta sinun tarvitsee vain klikata EuroMillionsia verkkosivuillamme. Sielt\u00e4 sinut ohjataan suoraan vaiheiden l\u00e4pi, mit\u00e4 sinun t\u00e4ytyy tehd\u00e4 saadaksesi lipun. Valitset numerosi, mink\u00e4 tahansa numeron, jonka haluat (kunhan ne sopivat s\u00e4\u00e4nt\u00f6ihin). K\u00e4ytett\u00e4viss\u00e4 on my\u00f6s &#8221;Quick Pick&#8221; -toiminto.<\/p>\n<p>Yhdell\u00e4 hiiren napsautuksella voit antaa satunnaislukugeneraattorin m\u00e4\u00e4ritt\u00e4\u00e4 numerosi. Voit silti halutessasi muuttaa valittuja numeroita manuaalisesti, jotta saat yhdistelm\u00e4n itse valitsemistasi numeroista ja satunnaisesti valituista numeroista. Lis\u00e4\u00e4 sitten ostoskoriin niin monta lippua kuin haluat, jotta olet valmis ostamaan.<img loading=\"lazy\" decoding=\"async\" class=\"alignright size-full wp-image-4215\" src=\"https:\/\/content.redfoxlotto.com\/uploads\/sites\/9\/1_play_onlinelottery4.jpg\" alt=\"m\u00e4ngi online\" width=\"231\" height=\"130\" \/><\/p>\n<p>Voit halutessasi lis\u00e4t\u00e4 tilaukseesi lis\u00e4\u00e4 lippuja. Tilaukseesi voi sis\u00e4lty\u00e4 my\u00f6s muiden arpajaisten lippuja. Monet asiakkaamme pelaavat useita kansainv\u00e4lisi\u00e4 lottotapahtumia samanaikaisesti. Useimmat valitsevat arpajaiset senhetkisen j\u00e4ttipotin koon perusteella, ja sielt\u00e4 l\u00f6yd\u00e4t todenn\u00e4k\u00f6isesti my\u00f6s EuroMillionsin. J\u00e4ttipotilla menee varmasti yleens\u00e4 todella hyvin, ja se on sellainen, jonka haluat n\u00e4hd\u00e4 itse (ja p\u00e4\u00e4st\u00e4 osalliseksi).<\/p>\n<p>J\u00e4rgnevalt j\u00e4rgige meie veebisaidil olevaid juhiseid, et ostu l\u00f5pule viia ja internetis maksta. Saate oma pileti k\u00e4tte vaid m\u00f5ne minutiga, isegi kui teil ei ole veel meie juures kontot. Me t\u00f5esti teeme selle nii lihtsaks.<\/p>\n<h2>Rahvusvaheliste loteriide, nagu Euromillions, online m\u00e4ngimise eelised<\/h2>\n<p>Mugavus k\u00f5rvale j\u00e4ttes on siin \u00fcks peamisi rahvusvaheliste loteriide jackpotide m\u00e4ngimise eeliseid. Saate kasutada oma loteriiraha kasumlikumalt, ostes ainult nende loteriide pileteid, mille jackpotid on hetkel piisavalt suured. Te ei pea n\u00e4dalaid ootama, kuni riiklik loterii jackpot on teie riigis piisavalt k\u00f5rge. V\u00f5ite valida palju suurema jackpoti internetis p\u00f5him\u00f5tteliselt igal ajal. Tegelikult on enamikus maailma riikides loteriid, mis ei j\u00f5ua kunagi jackpotini, mis on isegi murdosa sellest, mis on maailma suurimatel loteriidel.<\/p>\n<p>Neile, kes t\u00f5esti tahavad saada m\u00f5ned suurimad auhinnad, mis on kindlasti parim osa k\u00f5igist. Sa tahad pigem v\u00f5imalust saada miljonid kui lihtsalt m\u00f5ned v\u00e4ikesed summad, millest paljud Soome loteriid algavad. Muidugi, v\u00f5ita on tore. Aga veelgi toredam on v\u00f5ita, kui sa saad midagi, mis t\u00f5esti muudab sinu elu, selle asemel et v\u00f5ita midagi, millega sa lihtsalt ostad endale j\u00e4rgmise pileti, mida sa tahad.<\/p>\n<p>T\u00e4nu sellele, et iga n\u00e4dal toimub kaks loosimist, suureneb EuroMillions&#8217;i jackpot \u00fcsna kiiresti. Seet\u00f5ttu v\u00f5iksite kaaluda v\u00f5imaluse aktiveerimist, et teie piletid osaleksid mitmes j\u00e4rjestikuses loosimises. Seda saab teha veebip\u00f5hise ostu sooritamise k\u00e4igus.<\/p>\n<p>See v\u00f5imalus on teile k\u00e4ttesaadav enne tellimuse l\u00f5petamist. Nii j\u00e4\u00e4te alati m\u00e4ngima j\u00e4rgmises loosimises j\u00e4rgmise k\u00f5rgeima jackpotiga. J\u00e4rgmisel loosimisel ei pruugi olla peaauhinna v\u00f5itjat, kuid v\u00f5ib-olla on \u00fclej\u00e4rgmine loosimine teie \u00f5nnelik juhus.<\/p>\n<p>Kui ostate \u00fche pileti eest lisaloosimisi, t\u00e4hendab see ka seda, et te ei pea veidi kauem muretsema, kas te saate veel pileteid. Sa v\u00f5id lihtsalt oodata ja vaadata, mida su praegune pilet teeb ja kuidas see sulle suure v\u00f5idu teeb. See on super lihtne ja see saab sind rohkem kui \u00f5nnelikuks, kui n\u00e4ed v\u00f5imalikku v\u00e4ljamakseid.<\/p>\n<p>Pelaajat maksavat hieman enemm\u00e4n, koska EuroMillions-liput ostetaan Yhdistyneest\u00e4 kuningaskunnasta. T\u00e4m\u00e4 johtuu siit\u00e4, ett\u00e4 Yhdistyneen kuningaskunnan lipuilla p\u00e4\u00e4see automaattisesti Millionaire Maker -arvontaan, joka tarjoaa lis\u00e4mahdollisuuden voittaa miljoonan punnan palkinto.<\/p>\n<p>Millionaire Maker toimii siten, ett\u00e4 jokaiselle ostetulle lipulle luodaan yksil\u00f6llinen koodi. Koodi koostuu nelj\u00e4st\u00e4 kirjaimesta ja viidest\u00e4 numerosta (esim. ABCD12345). Jokaisessa arvonnassa yksi tai useampi n\u00e4ist\u00e4 koodeista valitaan satunnaisesti, ja se lipun haltija, jolla on vastaava koodi, voittaa v\u00e4litt\u00f6m\u00e4sti 1 miljoonaa puntaa riippumatta siit\u00e4, mitk\u00e4 EuroMillionsin p\u00e4\u00e4numerot arvotaan.<\/p>\n<p>T\u00e4m\u00e4 ominaisuus tekee EuroMillionsin pelaamisesta erityisen houkuttelevaa Yhdistyneess\u00e4 kuningaskunnassa, sill\u00e4 se tarjoaa lis\u00e4mahdollisuuden voittaa merkitt\u00e4v\u00e4 palkinto tavallisen j\u00e4ttipotin ja alemman tason palkintojen lis\u00e4ksi.<\/p>\n<p>Nii et kui teie kohaliku Soome loterii jackpot ei ole praegu nii atraktiivne, miks mitte proovida oma \u00f5nne ja m\u00e4ngida EuroMillions&#8217;i internetis? Kunagi ei tea, mille nimel v\u00f5id v\u00f5istelda v\u00f5i mida v\u00f5id v\u00f5ita. Ja kogu protsess on super lihtne alustada. Mida sul on kaotada, kui sa proovid t\u00e4iesti uut m\u00e4ngu, mille jackpotid on \u00fcle 100 miljoni? Absoluutselt mitte midagi! Ja sa v\u00f5id j\u00e4rgmisel loosimisel v\u00f5ita midagi tohutut.<\/p>\n<section class=\"layout\" style=\"border: solid 1px; width: 100%;\">\n<div class=\"img-div\" style=\"margin-top: 5px;\"><img decoding=\"async\" class=\"wp-image-17212 alignleft\" style=\"height: 45px; margin: 8px 8px 0px;\" src=\"https:\/\/redfoxlotto.com\/wp-content\/uploads\/sites\/9\/read1.jpg\" alt=\"osta loterii online\" width=\"\" height=\"\" \/><\/div>\n<div style=\"padding-left: 5px;\">\n<div style=\"font-size: 1.1em;\">\n<p><strong>Suurimad loterii jackpotid, mis tegid ajalugu<\/strong><\/p>\n<p style=\"font-size: 0.8em; margin-top: -1.5em;\">Tea m\u00f5nedest ajaloo suurimatest loteriiv\u00f5itudest, mis muutsid v\u00f5itjate elu \u00fcle\u00f6\u00f6.<br \/>\n<a href=\"https:\/\/redfoxlotto.com\/fi\/largest-lottery-jackpots\/\">Loe edasi<\/a><\/p>\n<\/div>\n<\/div>\n<\/section>\n","protected":false},"excerpt":{"rendered":"<p>Oletko oikeastaan koskaan kuullut EuroMillionsista? Jos asut jossakin Euroopan maassa, olet varmasti kuullut. Mutta jos asut Suomessa, et ehk\u00e4 ole. Katsotaanpa siis hieman tarkemmin, miten EuroMillionsia voi pelata netiss\u00e4. EuroMillions on kansainv\u00e4linen lotto, jota voi pelata yhdeks\u00e4ss\u00e4 Euroopan maassa. Se tarkoittaa, ett\u00e4 saatat jo asua maassa, josta voit ostaa arvan. EuroMillions-arpajaisten lippuja ei kuitenkaan voi [&hellip;]<\/p>\n","protected":false},"author":1,"featured_media":0,"parent":30900,"menu_order":3,"comment_status":"closed","ping_status":"closed","template":"euromillions.php","meta":{"_et_pb_use_builder":"","_et_pb_old_content":"","_et_gb_content_width":"","exclude_from_search":false,"footnotes":""},"class_list":["post-30904","page","type-page","status-publish","hentry"],"yoast_head":"<!-- This site is optimized with the Yoast SEO plugin v23.8 - https:\/\/yoast.com\/wordpress\/plugins\/seo\/ -->\n<title>M\u00e4ngi Euromillions online Soomest | Euroopa suurim loterii.<\/title>\n<meta name=\"description\" content=\"Lotto f\u00e4nnid Soomest saavad n\u00fc\u00fcd Euromillions online m\u00e4ngida - vaadake meie teenust Euromillions pileti jaoks\" \/>\n<meta name=\"robots\" content=\"index, follow, max-snippet:-1, max-image-preview:large, max-video-preview:-1\" \/>\n<link rel=\"canonical\" href=\"https:\/\/redfoxlotto.com\/fi\/pelaa-lottoa-netissa\/euromillions\/\" \/>\n<meta property=\"og:locale\" content=\"fi_FI\" \/>\n<meta property=\"og:type\" content=\"article\" \/>\n<meta property=\"og:title\" content=\"M\u00e4ngi Euromillions online Soomest | Euroopa suurim loterii.\" \/>\n<meta property=\"og:description\" content=\"Lotto f\u00e4nnid Soomest saavad n\u00fc\u00fcd Euromillions online m\u00e4ngida - vaadake meie teenust Euromillions pileti jaoks\" \/>\n<meta property=\"og:url\" content=\"https:\/\/redfoxlotto.com\/fi\/pelaa-lottoa-netissa\/euromillions\/\" \/>\n<meta property=\"og:site_name\" content=\"Get Tickets for the World\u2019s largest jackpots\" \/>\n<meta property=\"article:modified_time\" content=\"2025-12-17T07:25:14+00:00\" \/>\n<meta property=\"og:image\" content=\"https:\/\/content.redfoxlotto.com\/uploads\/sites\/9\/2_ticket_euromillions.jpg\" \/>\n<meta name=\"twitter:card\" content=\"summary_large_image\" \/>\n<meta name=\"twitter:label1\" content=\"Arvioitu lukuaika\" \/>\n\t<meta name=\"twitter:data1\" content=\"5 minuuttia\" \/>\n<script type=\"application\/ld+json\" class=\"yoast-schema-graph\">{\"@context\":\"https:\/\/schema.org\",\"@graph\":[{\"@type\":\"WebPage\",\"@id\":\"https:\/\/redfoxlotto.com\/fi\/pelaa-lottoa-netissa\/euromillions\/\",\"url\":\"https:\/\/redfoxlotto.com\/fi\/pelaa-lottoa-netissa\/euromillions\/\",\"name\":\"M\u00e4ngi Euromillions online Soomest | Euroopa suurim loterii.\",\"isPartOf\":{\"@id\":\"https:\/\/redfoxlotto.com\/fi\/#website\"},\"primaryImageOfPage\":{\"@id\":\"https:\/\/redfoxlotto.com\/fi\/pelaa-lottoa-netissa\/euromillions\/#primaryimage\"},\"image\":{\"@id\":\"https:\/\/redfoxlotto.com\/fi\/pelaa-lottoa-netissa\/euromillions\/#primaryimage\"},\"thumbnailUrl\":\"https:\/\/content.redfoxlotto.com\/uploads\/sites\/9\/2_ticket_euromillions.jpg\",\"datePublished\":\"2022-10-26T09:30:02+00:00\",\"dateModified\":\"2025-12-17T07:25:14+00:00\",\"description\":\"Lotto f\u00e4nnid Soomest saavad n\u00fc\u00fcd Euromillions online m\u00e4ngida - vaadake meie teenust Euromillions pileti jaoks\",\"breadcrumb\":{\"@id\":\"https:\/\/redfoxlotto.com\/fi\/pelaa-lottoa-netissa\/euromillions\/#breadcrumb\"},\"inLanguage\":\"fi\",\"potentialAction\":[{\"@type\":\"ReadAction\",\"target\":[\"https:\/\/redfoxlotto.com\/fi\/pelaa-lottoa-netissa\/euromillions\/\"]}]},{\"@type\":\"ImageObject\",\"inLanguage\":\"fi\",\"@id\":\"https:\/\/redfoxlotto.com\/fi\/pelaa-lottoa-netissa\/euromillions\/#primaryimage\",\"url\":\"https:\/\/content.redfoxlotto.com\/uploads\/sites\/9\/2_ticket_euromillions.jpg\",\"contentUrl\":\"https:\/\/content.redfoxlotto.com\/uploads\/sites\/9\/2_ticket_euromillions.jpg\"},{\"@type\":\"BreadcrumbList\",\"@id\":\"https:\/\/redfoxlotto.com\/fi\/pelaa-lottoa-netissa\/euromillions\/#breadcrumb\",\"itemListElement\":[{\"@type\":\"ListItem\",\"position\":1,\"name\":\"Home\",\"item\":\"https:\/\/redfoxlotto.com\/fi\/\"},{\"@type\":\"ListItem\",\"position\":2,\"name\":\"Kuinka pelata muiden maiden lottoja\",\"item\":\"https:\/\/redfoxlotto.com\/fi\/pelaa-lottoa-netissa\/\"},{\"@type\":\"ListItem\",\"position\":3,\"name\":\"Kuinka pelata Euromillionsia Suomesta k\u00e4sin\"}]},{\"@type\":\"WebSite\",\"@id\":\"https:\/\/redfoxlotto.com\/fi\/#website\",\"url\":\"https:\/\/redfoxlotto.com\/fi\/\",\"name\":\"Get Tickets for the World\u2019s largest jackpots\",\"description\":\"Participate in worldwide lottery jackpots from any country\",\"publisher\":{\"@id\":\"https:\/\/redfoxlotto.com\/fi\/#organization\"},\"potentialAction\":[{\"@type\":\"SearchAction\",\"target\":{\"@type\":\"EntryPoint\",\"urlTemplate\":\"https:\/\/redfoxlotto.com\/fi\/?s={search_term_string}\"},\"query-input\":{\"@type\":\"PropertyValueSpecification\",\"valueRequired\":true,\"valueName\":\"search_term_string\"}}],\"inLanguage\":\"fi\"},{\"@type\":\"Organization\",\"@id\":\"https:\/\/redfoxlotto.com\/fi\/#organization\",\"name\":\"Get Tickets for the World\u2019s largest jackpots\",\"url\":\"https:\/\/redfoxlotto.com\/fi\/\",\"logo\":{\"@type\":\"ImageObject\",\"inLanguage\":\"fi\",\"@id\":\"https:\/\/redfoxlotto.com\/fi\/#\/schema\/logo\/image\/\",\"url\":\"https:\/\/redfoxlotto.com\/wp-content\/uploads\/2023\/04\/logo.png\",\"contentUrl\":\"https:\/\/redfoxlotto.com\/wp-content\/uploads\/2023\/04\/logo.png\",\"width\":269,\"height\":53,\"caption\":\"Get Tickets for the World\u2019s largest jackpots\"},\"image\":{\"@id\":\"https:\/\/redfoxlotto.com\/fi\/#\/schema\/logo\/image\/\"}}]}<\/script>\n<!-- \/ Yoast SEO plugin. -->","yoast_head_json":{"title":"M\u00e4ngi Euromillions online Soomest | Euroopa suurim loterii.","description":"Lotto f\u00e4nnid Soomest saavad n\u00fc\u00fcd Euromillions online m\u00e4ngida - vaadake meie teenust Euromillions pileti jaoks","robots":{"index":"index","follow":"follow","max-snippet":"max-snippet:-1","max-image-preview":"max-image-preview:large","max-video-preview":"max-video-preview:-1"},"canonical":"https:\/\/redfoxlotto.com\/fi\/pelaa-lottoa-netissa\/euromillions\/","og_locale":"fi_FI","og_type":"article","og_title":"M\u00e4ngi Euromillions online Soomest | Euroopa suurim loterii.","og_description":"Lotto f\u00e4nnid Soomest saavad n\u00fc\u00fcd Euromillions online m\u00e4ngida - vaadake meie teenust Euromillions pileti jaoks","og_url":"https:\/\/redfoxlotto.com\/fi\/pelaa-lottoa-netissa\/euromillions\/","og_site_name":"Get Tickets for the World\u2019s largest jackpots","article_modified_time":"2025-12-17T07:25:14+00:00","og_image":[{"url":"https:\/\/content.redfoxlotto.com\/uploads\/sites\/9\/2_ticket_euromillions.jpg"}],"twitter_card":"summary_large_image","twitter_misc":{"Arvioitu lukuaika":"5 minuuttia"},"schema":{"@context":"https:\/\/schema.org","@graph":[{"@type":"WebPage","@id":"https:\/\/redfoxlotto.com\/fi\/pelaa-lottoa-netissa\/euromillions\/","url":"https:\/\/redfoxlotto.com\/fi\/pelaa-lottoa-netissa\/euromillions\/","name":"M\u00e4ngi Euromillions online Soomest | Euroopa suurim loterii.","isPartOf":{"@id":"https:\/\/redfoxlotto.com\/fi\/#website"},"primaryImageOfPage":{"@id":"https:\/\/redfoxlotto.com\/fi\/pelaa-lottoa-netissa\/euromillions\/#primaryimage"},"image":{"@id":"https:\/\/redfoxlotto.com\/fi\/pelaa-lottoa-netissa\/euromillions\/#primaryimage"},"thumbnailUrl":"https:\/\/content.redfoxlotto.com\/uploads\/sites\/9\/2_ticket_euromillions.jpg","datePublished":"2022-10-26T09:30:02+00:00","dateModified":"2025-12-17T07:25:14+00:00","description":"Lotto f\u00e4nnid Soomest saavad n\u00fc\u00fcd Euromillions online m\u00e4ngida - vaadake meie teenust Euromillions pileti jaoks","breadcrumb":{"@id":"https:\/\/redfoxlotto.com\/fi\/pelaa-lottoa-netissa\/euromillions\/#breadcrumb"},"inLanguage":"fi","potentialAction":[{"@type":"ReadAction","target":["https:\/\/redfoxlotto.com\/fi\/pelaa-lottoa-netissa\/euromillions\/"]}]},{"@type":"ImageObject","inLanguage":"fi","@id":"https:\/\/redfoxlotto.com\/fi\/pelaa-lottoa-netissa\/euromillions\/#primaryimage","url":"https:\/\/content.redfoxlotto.com\/uploads\/sites\/9\/2_ticket_euromillions.jpg","contentUrl":"https:\/\/content.redfoxlotto.com\/uploads\/sites\/9\/2_ticket_euromillions.jpg"},{"@type":"BreadcrumbList","@id":"https:\/\/redfoxlotto.com\/fi\/pelaa-lottoa-netissa\/euromillions\/#breadcrumb","itemListElement":[{"@type":"ListItem","position":1,"name":"Home","item":"https:\/\/redfoxlotto.com\/fi\/"},{"@type":"ListItem","position":2,"name":"Kuinka pelata muiden maiden lottoja","item":"https:\/\/redfoxlotto.com\/fi\/pelaa-lottoa-netissa\/"},{"@type":"ListItem","position":3,"name":"Kuinka pelata Euromillionsia Suomesta k\u00e4sin"}]},{"@type":"WebSite","@id":"https:\/\/redfoxlotto.com\/fi\/#website","url":"https:\/\/redfoxlotto.com\/fi\/","name":"Get Tickets for the World\u2019s largest jackpots","description":"Participate in worldwide lottery jackpots from any country","publisher":{"@id":"https:\/\/redfoxlotto.com\/fi\/#organization"},"potentialAction":[{"@type":"SearchAction","target":{"@type":"EntryPoint","urlTemplate":"https:\/\/redfoxlotto.com\/fi\/?s={search_term_string}"},"query-input":{"@type":"PropertyValueSpecification","valueRequired":true,"valueName":"search_term_string"}}],"inLanguage":"fi"},{"@type":"Organization","@id":"https:\/\/redfoxlotto.com\/fi\/#organization","name":"Get Tickets for the World\u2019s largest jackpots","url":"https:\/\/redfoxlotto.com\/fi\/","logo":{"@type":"ImageObject","inLanguage":"fi","@id":"https:\/\/redfoxlotto.com\/fi\/#\/schema\/logo\/image\/","url":"https:\/\/redfoxlotto.com\/wp-content\/uploads\/2023\/04\/logo.png","contentUrl":"https:\/\/redfoxlotto.com\/wp-content\/uploads\/2023\/04\/logo.png","width":269,"height":53,"caption":"Get Tickets for the World\u2019s largest jackpots"},"image":{"@id":"https:\/\/redfoxlotto.com\/fi\/#\/schema\/logo\/image\/"}}]}},"_links":{"self":[{"href":"https:\/\/redfoxlotto.com\/fi\/wp-json\/wp\/v2\/pages\/30904","targetHints":{"allow":["GET"]}}],"collection":[{"href":"https:\/\/redfoxlotto.com\/fi\/wp-json\/wp\/v2\/pages"}],"about":[{"href":"https:\/\/redfoxlotto.com\/fi\/wp-json\/wp\/v2\/types\/page"}],"author":[{"embeddable":true,"href":"https:\/\/redfoxlotto.com\/fi\/wp-json\/wp\/v2\/users\/1"}],"replies":[{"embeddable":true,"href":"https:\/\/redfoxlotto.com\/fi\/wp-json\/wp\/v2\/comments?post=30904"}],"version-history":[{"count":0,"href":"https:\/\/redfoxlotto.com\/fi\/wp-json\/wp\/v2\/pages\/30904\/revisions"}],"up":[{"embeddable":true,"href":"https:\/\/redfoxlotto.com\/fi\/wp-json\/wp\/v2\/pages\/30900"}],"wp:attachment":[{"href":"https:\/\/redfoxlotto.com\/fi\/wp-json\/wp\/v2\/media?parent=30904"}],"curies":[{"name":"wp","href":"https:\/\/api.w.org\/{rel}","templated":true}]}}