{"id":30900,"date":"2023-04-24T14:10:57","date_gmt":"2023-04-24T14:10:57","guid":{"rendered":"https:\/\/redfoxlotto.com\/?page_id=19645"},"modified":"2025-12-15T18:26:55","modified_gmt":"2025-12-15T18:26:55","slug":"pelaa-lottoa-netissa","status":"publish","type":"page","link":"https:\/\/redfoxlotto.com\/fi\/pelaa-lottoa-netissa\/","title":{"rendered":"Kuinka pelata muiden maiden lottoja"},"content":{"rendered":"<p><script type=\"application\/ld+json\">\n{\n  \"@context\": \"https:\/\/schema.org\",\n  \"@type\": \"Service\",\n  \"name\": \"Pelaa kansainv\u00e4lisi\u00e4 lottoja verkossa\",\n  \"url\": \"https:\/\/redfoxlotto.com\/fi\/pelaa-lottoa-netissa\/\",\n  \"description\": \"Pelaa lottoa verkossa ja voita kansainv\u00e4lisi\u00e4 lottopotteja.\",\n  \"serviceType\": \"Verkkopohjainen lottokuponkien v\u00e4lityspalvelu\",\n  \"provider\": {\n    \"@type\": \"Organization\",\n    \"name\": \"RedFoxLotto\",\n    \"url\": \"https:\/\/redfoxlotto.com\/fi\/pelaa-lottoa-netissa\/\",\n    \"image\": \"https:\/\/redfoxlotto.com\/wp-content\/uploads\/2025\/12\/ticket_scans.jpg\"\n  },\n  \"areaServed\": \"Maailmanlaajuisesti\",\n  \"termsOfService\": \"https:\/\/redfoxlotto.com\/terms-and-conditions\",\n  \"additionalProperty\": {\n    \"@type\": \"PropertyValue\",\n    \"name\": \"UKK\",\n    \"value\": \"https:\/\/redfoxlotto.com\/fi\/faq\/\"\n  },\n  \"hasOfferCatalog\": {\n    \"@type\": \"OfferCatalog\",\n    \"name\": \"Kansainv\u00e4liset lottokupongit\",\n    \"itemListElement\": [\n      {\n        \"@type\": \"Offer\",\n        \"name\": \"Kansainv\u00e4liset lottokupongit\",\n        \"url\": \"https:\/\/redfoxlotto.com\/fi\/pelaa-lottoa-netissa\/\",\n        \"description\": \"Pelaa kansainv\u00e4lisi\u00e4 lottoja verkossa. Jackpotit kuten Powerball, Mega Millions ja Euromillions \u2014 voita mist\u00e4 tahansa.\",\n        \"availability\": \"https:\/\/schema.org\/InStock\",\n        \"itemOffered\": {\n          \"@type\": \"Service\",\n          \"name\": \"Kansainv\u00e4liset lottokupongit\",\n          \"description\": \"Kansainv\u00e4listen lottojen pelaaminen verkossa tarjoaa enemm\u00e4n vaihtoehtoja ja paremmat voittomahdollisuudet.\"\n        }\n      }\n    ]\n  },\n  \"mainEntityOfPage\": {\n    \"@type\": \"WebPage\",\n    \"@id\": \"https:\/\/redfoxlotto.com\/fi\/pelaa-lottoa-netissa\/\"\n  }\n}\n<\/script><\/p>\n<h2>Lis\u00e4\u00e4 lottoja ja j\u00e4ttipotteja kaikkien pelattavaksi!<\/h2>\n<p>Hienoja uutisia kaikille lottofaneille ymp\u00e4ri maailmaa! Et ole en\u00e4\u00e4 rajoittunut vain omaan kansalliseen lottoosi!<\/p>\n<p>Muistatko, kun lotto alkoi ensimm\u00e4isen kerran kasvattaa suosiotaan? Siit\u00e4 ei todellakaan ole kovin kauan, kun kaikki alkoivat pelata paikallisia ja kansallisia lottojaan. Mutta muuta et saanut tehd\u00e4. Kaikki, mit\u00e4 sait edes katsoa, olivat kansalliset vaihtoehdot.<\/p>\n<p>Aikaisemmin et saanut osallistua kansainv\u00e4lisiin arpajaisiin. Et voinut ostaa lippuja n\u00e4ihin lottojen j\u00e4ttipotteihin omassa maassasi. Internet on kuitenkin ratkaissut t\u00e4m\u00e4n ongelman. <strong>T\u00e4\u00e4ll\u00e4 RedFoxLotto.com-sivustolla voit nyt pelata useita kansainv\u00e4lisi\u00e4 lottoja verkossa<\/strong>. Mutta miten lottoa pelataan verkossa?<\/p>\n<h2>Lottokuponkien ostaminen<\/h2>\n<p>RedFoxLotto.com on kuriiripalvelusi lottokuponkeja varten riippumatta siit\u00e4, mist\u00e4 haluat hankkia ne. Itse asiassa meill\u00e4 on edustajia monissa eri maissa, joissa suuria lottoja j\u00e4rjestet\u00e4\u00e4n, ja he huolehtivat haluamiesi lippujen ostamisesta t\u00e4ysin paikallisesti.<\/p>\n<p>Sielt\u00e4 k\u00e4sin sin\u00e4, asiakas, voit tilata lippusi meilt\u00e4 verkossa. Menet vain verkkosivustolle, ja me annamme sinulle kaikki vaihtoehdot, aivan kuin pelaisit n\u00e4it\u00e4 kansainv\u00e4lisi\u00e4 lottoja suoraan itse.<\/p>\n<p>Voit tietenkin valita omat numerosi. Voit my\u00f6s m\u00e4\u00e4ritt\u00e4\u00e4, kuinka monta numeroyhdistelm\u00e4\u00e4 haluat pelata ja kuinka monta arvontakertaa lippusi on voimassa. Maksaminen tapahtuu verkossa esimerkiksi luottokortilla. Jos siis olet valmis valitsemaan omat numerosi kokonaan, klikkaat vain laatikoita valitaksesi ne. Jos haluat meid\u00e4n valitsevan numerot, valitse vain &#8221;Quick Pick&#8221; -vaihtoehto, niin annamme sinulle satunnaiset numerot.<\/p>\n<h2>Mit\u00e4 pelej\u00e4 pelata<\/h2>\n<p>Voit tietysti osallistua useampaan kuin yhteen kansainv\u00e4liseen lottoon samanaikaisesti, jos pelaat lottoa verkossa. Jos siis selaat tarjolla olevia vaihtoehtoja ja l\u00f6yd\u00e4t useita, jotka kiinnostavat sinua, se on hienoa. Suosittelemme, ett\u00e4 valitset kulloinkin suurimman j\u00e4ttipotin tai kaksi suurinta tai jopa useamman.<\/p>\n<p>Esimerkiksi melko usein sek\u00e4 Powerball US:ssa ett\u00e4 Mega Millions US:ssa on samaan aikaan j\u00e4ttim\u00e4isi\u00e4 j\u00e4ttipotteja. Jackpotit nousevat Yhdysvalloissa s\u00e4\u00e4nn\u00f6llisesti 500 miljoonaan dollariin. Aiemmin on ollut jopa yli 1,5 miljardin j\u00e4ttipotteja.<\/p>\n<p>Itse asiassa n\u00e4m\u00e4 kaksi lottoa ovat maailman suurimpia. Miksi et siis haluaisi kokeilla niit\u00e4 ja n\u00e4hd\u00e4, onko sinulla onnea ja voit voittaa suuria summia? Jotain muuta huomioitavaa: Eritt\u00e4in suosittu vaihtoehto on pelata samoja numeroita useissa arpajaisissa samalla viikolla.<\/p>\n<p>Jos et voita yhdess\u00e4 lotossa, ehk\u00e4 numerosi ovat onnekkaat toisessa lotossa? T\u00e4m\u00e4 on fiksu tapa lis\u00e4t\u00e4 suosikkinumeroiden voittomahdollisuuksia. T\u00e4m\u00e4 menetelm\u00e4 tekee lottopelaamisesta entist\u00e4kin j\u00e4nnitt\u00e4v\u00e4mp\u00e4\u00e4!<\/p>\n<h2>Miksi pelata lottoa kansainv\u00e4lisesti?<\/h2>\n<p><img decoding=\"async\" class=\"size-full wp-image alignright\" src=\"https:\/\/content.redfoxlotto.com\/uploads\/sites\/9\/1_playing_lottery_online.jpg\" alt=\"bermain dan menang secara online\" \/><\/p>\n<p>Jokainen, joka pelaa kansainv\u00e4list\u00e4 lottoa, k\u00e4ytt\u00e4\u00e4 varojaan fiksummin. Jotkut lottopelaajat ostavat lippuja kansalliseen lottoon viikko toisensa j\u00e4lkeen riippumatta siit\u00e4, kuinka pieni j\u00e4ttipotti on. Matematiikka ja logiikka kertovat, ett\u00e4 on parempi ostaa lottokuponki lottoon, jonka p\u00e4\u00e4voitto on 200 miljoonaa, kuin sellaiseen, jossa on 2 miljoonan voitto. T\u00e4m\u00e4 p\u00e4tee, vaikka nettilipun hinta olisi korkeampi kuin paikallisen loton lipun hinta.<\/p>\n<p>Sinulla on samanlaiset mahdollisuudet voittaa, mutta jos voitat, sinulla on mahdollisuus johonkin paljon suurempaan. Muista my\u00f6s valuuttakurssit, joita joudut k\u00e4ytt\u00e4m\u00e4\u00e4n pelatessasi kansainv\u00e4list\u00e4 lottoa. Haluat jotakin, joka todella vastaa suurta summaa omassa valuutassasi, koska kun nostat voittosi, nostat ne omassa valuutassasi.<\/p>\n<p>Meid\u00e4n on teht\u00e4v\u00e4 selv\u00e4ksi, mitk\u00e4 ovat standardimme ja miten lippujen hinta lasketaan. Tietenkin meid\u00e4n on veloitettava palvelustamme korkeampi hinta, koska meill\u00e4 on kuluja. Haluamme my\u00f6s ansaita rahaa. Oletetaan kuitenkin, ett\u00e4 online-arpajaislipun hinta on 4,50 &#8211; 5,00 \u20ac ja j\u00e4ttipotti 200 miljoonaa euroa. Kansallisesta lotosta maksetaan 2,00 \u20ac ja j\u00e4ttipotti on 10 miljoonaa. Kumpi on parempi ja j\u00e4rkev\u00e4mpi? No, vastaus t\u00e4h\u00e4n kysymykseen on luultavasti ilmeinen.<\/p>\n<p><strong>Kansainv\u00e4lisen lottopelin pelaaminen ja siten mahdollisuus pelata netiss\u00e4 suuremmista j\u00e4ttipotista on vain niin j\u00e4rkev\u00e4\u00e4!<\/strong><\/p>\n<h2>Miten saat maksun<\/h2>\n<p>RedFoxLotto.com huolehtii my\u00f6s siit\u00e4, ett\u00e4 saat voittosi. Emme muuten peri palkkiota, lukuun ottamatta pient\u00e4 maksua, joka veloitetaan pankkisiirron yhteydess\u00e4. Sinun ei siis tarvitse huolehtia siit\u00e4, ett\u00e4 otamme osuuden voittamistasi rahoista.<\/p>\n<p><img loading=\"lazy\" decoding=\"async\" class=\" wp-image alignright\" src=\"https:\/\/content.redfoxlotto.com\/uploads\/sites\/9\/1_mega_lotto_jackpot.jpg\" alt=\"pembayaran lotere online\" width=\"221\" height=\"192\" \/><\/p>\n<p>Kun olet maksanut lipun, kaikki voittamasi on sinun omaisuuttasi. Ainoa tapa, jolla me otamme siit\u00e4 mit\u00e4\u00e4n, on jos p\u00e4\u00e4t\u00e4t siirt\u00e4\u00e4 rahat pankkiisi. Siin\u00e4 vaiheessa veloitamme sinulta pienen kiinte\u00e4n maksun pankkisiirron kustannuksista. Loput rahoista saat suoraan sinulle.<\/p>\n<p>Monet asiakkaamme ovat jo voittaneet palkintoja kauttamme. Joidenkin heist\u00e4 el\u00e4m\u00e4 on muuttunut voitetun summan my\u00f6t\u00e4! Tied\u00e4mme, ett\u00e4 sinulla on hyv\u00e4t mahdollisuudet voittaa suuri palkinto tai ainakin saada voitto, jota et olisi saanut, jos olisit pit\u00e4ytynyt vain niiss\u00e4 lottopeleiss\u00e4, joita voit pelata kotimaassasi.<\/p>\n<p>N\u00e4m\u00e4 ovat syit\u00e4 siihen, miksi lottopelien pelaamine verkossa on yh\u00e4 suositumpaa. Ja nyt on sinun vuorosi ratkaista yksi megaj\u00e4ttipotti &#8211; mit\u00e4 sin\u00e4 odotat? Sinusta voi tulla suuri voittaja hetkess\u00e4, ja se on vasta alkua.<\/p>\n","protected":false},"excerpt":{"rendered":"<p>Lis\u00e4\u00e4 lottoja ja j\u00e4ttipotteja kaikkien pelattavaksi! Hienoja uutisia kaikille lottofaneille ymp\u00e4ri maailmaa! Et ole en\u00e4\u00e4 rajoittunut vain omaan kansalliseen lottoosi! Muistatko, kun lotto alkoi ensimm\u00e4isen kerran kasvattaa suosiotaan? Siit\u00e4 ei todellakaan ole kovin kauan, kun kaikki alkoivat pelata paikallisia ja kansallisia lottojaan. Mutta muuta et saanut tehd\u00e4. Kaikki, mit\u00e4 sait edes katsoa, olivat kansalliset vaihtoehdot. [&hellip;]<\/p>\n","protected":false},"author":1,"featured_media":0,"parent":0,"menu_order":2,"comment_status":"closed","ping_status":"closed","template":"Play-all.php","meta":{"_et_pb_use_builder":"","_et_pb_old_content":"","_et_gb_content_width":"","exclude_from_search":false,"footnotes":""},"class_list":["post-30900","page","type-page","status-publish","hentry"],"yoast_head":"<!-- This site is optimized with the Yoast SEO plugin v23.8 - https:\/\/yoast.com\/wordpress\/plugins\/seo\/ -->\n<title>Pelaa lottoa netiss\u00e4 | Voita kansainv\u00e4lisi\u00e4 lottoj\u00e4ttipotteja<\/title>\n<meta name=\"description\" content=\"Kansainv\u00e4listen lottojen pelaaminen netiss\u00e4 antaa sinulle enemm\u00e4n vaihtoehtoja ja paremmat mahdollisuudet voittaa - tutustu maailman parhaisiin lottopeleihin.\" \/>\n<meta name=\"robots\" content=\"index, follow, max-snippet:-1, max-image-preview:large, max-video-preview:-1\" \/>\n<link rel=\"canonical\" href=\"https:\/\/redfoxlotto.com\/fi\/pelaa-lottoa-netissa\/\" \/>\n<meta property=\"og:locale\" content=\"fi_FI\" \/>\n<meta property=\"og:type\" content=\"article\" \/>\n<meta property=\"og:title\" content=\"Pelaa lottoa netiss\u00e4 | Voita kansainv\u00e4lisi\u00e4 lottoj\u00e4ttipotteja\" \/>\n<meta property=\"og:description\" content=\"Kansainv\u00e4listen lottojen pelaaminen netiss\u00e4 antaa sinulle enemm\u00e4n vaihtoehtoja ja paremmat mahdollisuudet voittaa - tutustu maailman parhaisiin lottopeleihin.\" \/>\n<meta property=\"og:url\" content=\"https:\/\/redfoxlotto.com\/fi\/pelaa-lottoa-netissa\/\" \/>\n<meta property=\"og:site_name\" content=\"Get Tickets for the World\u2019s largest jackpots\" \/>\n<meta property=\"article:modified_time\" content=\"2025-12-15T18:26:55+00:00\" \/>\n<meta property=\"og:image\" content=\"https:\/\/content.redfoxlotto.com\/uploads\/sites\/9\/1_playing_lottery_online.jpg\" \/>\n<meta name=\"twitter:card\" content=\"summary_large_image\" \/>\n<meta name=\"twitter:label1\" content=\"Arvioitu lukuaika\" \/>\n\t<meta name=\"twitter:data1\" content=\"4 minuuttia\" \/>\n<script type=\"application\/ld+json\" class=\"yoast-schema-graph\">{\"@context\":\"https:\/\/schema.org\",\"@graph\":[{\"@type\":\"WebPage\",\"@id\":\"https:\/\/redfoxlotto.com\/fi\/pelaa-lottoa-netissa\/\",\"url\":\"https:\/\/redfoxlotto.com\/fi\/pelaa-lottoa-netissa\/\",\"name\":\"Pelaa lottoa netiss\u00e4 | Voita kansainv\u00e4lisi\u00e4 lottoj\u00e4ttipotteja\",\"isPartOf\":{\"@id\":\"https:\/\/redfoxlotto.com\/fi\/#website\"},\"primaryImageOfPage\":{\"@id\":\"https:\/\/redfoxlotto.com\/fi\/pelaa-lottoa-netissa\/#primaryimage\"},\"image\":{\"@id\":\"https:\/\/redfoxlotto.com\/fi\/pelaa-lottoa-netissa\/#primaryimage\"},\"thumbnailUrl\":\"https:\/\/content.redfoxlotto.com\/uploads\/sites\/9\/1_playing_lottery_online.jpg\",\"datePublished\":\"2023-04-24T14:10:57+00:00\",\"dateModified\":\"2025-12-15T18:26:55+00:00\",\"description\":\"Kansainv\u00e4listen lottojen pelaaminen netiss\u00e4 antaa sinulle enemm\u00e4n vaihtoehtoja ja paremmat mahdollisuudet voittaa - tutustu maailman parhaisiin lottopeleihin.\",\"breadcrumb\":{\"@id\":\"https:\/\/redfoxlotto.com\/fi\/pelaa-lottoa-netissa\/#breadcrumb\"},\"inLanguage\":\"fi\",\"potentialAction\":[{\"@type\":\"ReadAction\",\"target\":[\"https:\/\/redfoxlotto.com\/fi\/pelaa-lottoa-netissa\/\"]}]},{\"@type\":\"ImageObject\",\"inLanguage\":\"fi\",\"@id\":\"https:\/\/redfoxlotto.com\/fi\/pelaa-lottoa-netissa\/#primaryimage\",\"url\":\"https:\/\/content.redfoxlotto.com\/uploads\/sites\/9\/1_playing_lottery_online.jpg\",\"contentUrl\":\"https:\/\/content.redfoxlotto.com\/uploads\/sites\/9\/1_playing_lottery_online.jpg\"},{\"@type\":\"BreadcrumbList\",\"@id\":\"https:\/\/redfoxlotto.com\/fi\/pelaa-lottoa-netissa\/#breadcrumb\",\"itemListElement\":[{\"@type\":\"ListItem\",\"position\":1,\"name\":\"Home\",\"item\":\"https:\/\/redfoxlotto.com\/fi\/\"},{\"@type\":\"ListItem\",\"position\":2,\"name\":\"Kuinka pelata muiden maiden lottoja\"}]},{\"@type\":\"WebSite\",\"@id\":\"https:\/\/redfoxlotto.com\/fi\/#website\",\"url\":\"https:\/\/redfoxlotto.com\/fi\/\",\"name\":\"Get Tickets for the World\u2019s largest jackpots\",\"description\":\"Participate in worldwide lottery jackpots from any country\",\"publisher\":{\"@id\":\"https:\/\/redfoxlotto.com\/fi\/#organization\"},\"potentialAction\":[{\"@type\":\"SearchAction\",\"target\":{\"@type\":\"EntryPoint\",\"urlTemplate\":\"https:\/\/redfoxlotto.com\/fi\/?s={search_term_string}\"},\"query-input\":{\"@type\":\"PropertyValueSpecification\",\"valueRequired\":true,\"valueName\":\"search_term_string\"}}],\"inLanguage\":\"fi\"},{\"@type\":\"Organization\",\"@id\":\"https:\/\/redfoxlotto.com\/fi\/#organization\",\"name\":\"Get Tickets for the World\u2019s largest jackpots\",\"url\":\"https:\/\/redfoxlotto.com\/fi\/\",\"logo\":{\"@type\":\"ImageObject\",\"inLanguage\":\"fi\",\"@id\":\"https:\/\/redfoxlotto.com\/fi\/#\/schema\/logo\/image\/\",\"url\":\"https:\/\/redfoxlotto.com\/wp-content\/uploads\/2023\/04\/logo.png\",\"contentUrl\":\"https:\/\/redfoxlotto.com\/wp-content\/uploads\/2023\/04\/logo.png\",\"width\":269,\"height\":53,\"caption\":\"Get Tickets for the World\u2019s largest jackpots\"},\"image\":{\"@id\":\"https:\/\/redfoxlotto.com\/fi\/#\/schema\/logo\/image\/\"}}]}<\/script>\n<!-- \/ Yoast SEO plugin. -->","yoast_head_json":{"title":"Pelaa lottoa netiss\u00e4 | Voita kansainv\u00e4lisi\u00e4 lottoj\u00e4ttipotteja","description":"Kansainv\u00e4listen lottojen pelaaminen netiss\u00e4 antaa sinulle enemm\u00e4n vaihtoehtoja ja paremmat mahdollisuudet voittaa - tutustu maailman parhaisiin lottopeleihin.","robots":{"index":"index","follow":"follow","max-snippet":"max-snippet:-1","max-image-preview":"max-image-preview:large","max-video-preview":"max-video-preview:-1"},"canonical":"https:\/\/redfoxlotto.com\/fi\/pelaa-lottoa-netissa\/","og_locale":"fi_FI","og_type":"article","og_title":"Pelaa lottoa netiss\u00e4 | Voita kansainv\u00e4lisi\u00e4 lottoj\u00e4ttipotteja","og_description":"Kansainv\u00e4listen lottojen pelaaminen netiss\u00e4 antaa sinulle enemm\u00e4n vaihtoehtoja ja paremmat mahdollisuudet voittaa - tutustu maailman parhaisiin lottopeleihin.","og_url":"https:\/\/redfoxlotto.com\/fi\/pelaa-lottoa-netissa\/","og_site_name":"Get Tickets for the World\u2019s largest jackpots","article_modified_time":"2025-12-15T18:26:55+00:00","og_image":[{"url":"https:\/\/content.redfoxlotto.com\/uploads\/sites\/9\/1_playing_lottery_online.jpg"}],"twitter_card":"summary_large_image","twitter_misc":{"Arvioitu lukuaika":"4 minuuttia"},"schema":{"@context":"https:\/\/schema.org","@graph":[{"@type":"WebPage","@id":"https:\/\/redfoxlotto.com\/fi\/pelaa-lottoa-netissa\/","url":"https:\/\/redfoxlotto.com\/fi\/pelaa-lottoa-netissa\/","name":"Pelaa lottoa netiss\u00e4 | Voita kansainv\u00e4lisi\u00e4 lottoj\u00e4ttipotteja","isPartOf":{"@id":"https:\/\/redfoxlotto.com\/fi\/#website"},"primaryImageOfPage":{"@id":"https:\/\/redfoxlotto.com\/fi\/pelaa-lottoa-netissa\/#primaryimage"},"image":{"@id":"https:\/\/redfoxlotto.com\/fi\/pelaa-lottoa-netissa\/#primaryimage"},"thumbnailUrl":"https:\/\/content.redfoxlotto.com\/uploads\/sites\/9\/1_playing_lottery_online.jpg","datePublished":"2023-04-24T14:10:57+00:00","dateModified":"2025-12-15T18:26:55+00:00","description":"Kansainv\u00e4listen lottojen pelaaminen netiss\u00e4 antaa sinulle enemm\u00e4n vaihtoehtoja ja paremmat mahdollisuudet voittaa - tutustu maailman parhaisiin lottopeleihin.","breadcrumb":{"@id":"https:\/\/redfoxlotto.com\/fi\/pelaa-lottoa-netissa\/#breadcrumb"},"inLanguage":"fi","potentialAction":[{"@type":"ReadAction","target":["https:\/\/redfoxlotto.com\/fi\/pelaa-lottoa-netissa\/"]}]},{"@type":"ImageObject","inLanguage":"fi","@id":"https:\/\/redfoxlotto.com\/fi\/pelaa-lottoa-netissa\/#primaryimage","url":"https:\/\/content.redfoxlotto.com\/uploads\/sites\/9\/1_playing_lottery_online.jpg","contentUrl":"https:\/\/content.redfoxlotto.com\/uploads\/sites\/9\/1_playing_lottery_online.jpg"},{"@type":"BreadcrumbList","@id":"https:\/\/redfoxlotto.com\/fi\/pelaa-lottoa-netissa\/#breadcrumb","itemListElement":[{"@type":"ListItem","position":1,"name":"Home","item":"https:\/\/redfoxlotto.com\/fi\/"},{"@type":"ListItem","position":2,"name":"Kuinka pelata muiden maiden lottoja"}]},{"@type":"WebSite","@id":"https:\/\/redfoxlotto.com\/fi\/#website","url":"https:\/\/redfoxlotto.com\/fi\/","name":"Get Tickets for the World\u2019s largest jackpots","description":"Participate in worldwide lottery jackpots from any country","publisher":{"@id":"https:\/\/redfoxlotto.com\/fi\/#organization"},"potentialAction":[{"@type":"SearchAction","target":{"@type":"EntryPoint","urlTemplate":"https:\/\/redfoxlotto.com\/fi\/?s={search_term_string}"},"query-input":{"@type":"PropertyValueSpecification","valueRequired":true,"valueName":"search_term_string"}}],"inLanguage":"fi"},{"@type":"Organization","@id":"https:\/\/redfoxlotto.com\/fi\/#organization","name":"Get Tickets for the World\u2019s largest jackpots","url":"https:\/\/redfoxlotto.com\/fi\/","logo":{"@type":"ImageObject","inLanguage":"fi","@id":"https:\/\/redfoxlotto.com\/fi\/#\/schema\/logo\/image\/","url":"https:\/\/redfoxlotto.com\/wp-content\/uploads\/2023\/04\/logo.png","contentUrl":"https:\/\/redfoxlotto.com\/wp-content\/uploads\/2023\/04\/logo.png","width":269,"height":53,"caption":"Get Tickets for the World\u2019s largest jackpots"},"image":{"@id":"https:\/\/redfoxlotto.com\/fi\/#\/schema\/logo\/image\/"}}]}},"_links":{"self":[{"href":"https:\/\/redfoxlotto.com\/fi\/wp-json\/wp\/v2\/pages\/30900","targetHints":{"allow":["GET"]}}],"collection":[{"href":"https:\/\/redfoxlotto.com\/fi\/wp-json\/wp\/v2\/pages"}],"about":[{"href":"https:\/\/redfoxlotto.com\/fi\/wp-json\/wp\/v2\/types\/page"}],"author":[{"embeddable":true,"href":"https:\/\/redfoxlotto.com\/fi\/wp-json\/wp\/v2\/users\/1"}],"replies":[{"embeddable":true,"href":"https:\/\/redfoxlotto.com\/fi\/wp-json\/wp\/v2\/comments?post=30900"}],"version-history":[{"count":0,"href":"https:\/\/redfoxlotto.com\/fi\/wp-json\/wp\/v2\/pages\/30900\/revisions"}],"wp:attachment":[{"href":"https:\/\/redfoxlotto.com\/fi\/wp-json\/wp\/v2\/media?parent=30900"}],"curies":[{"name":"wp","href":"https:\/\/api.w.org\/{rel}","templated":true}]}}