{"id":102325,"date":"2025-02-12T11:20:21","date_gmt":"2025-02-12T11:20:21","guid":{"rendered":"https:\/\/redfoxlotto.com\/?page_id=102325"},"modified":"2026-01-12T10:01:12","modified_gmt":"2026-01-12T10:01:12","slug":"kenon-voittomahdollisuudet","status":"publish","type":"page","link":"https:\/\/redfoxlotto.com\/fi\/keno\/kenon-voittomahdollisuudet\/","title":{"rendered":"Gold Kenon voittonumerot"},"content":{"rendered":"<h2>Gold Kenossa sinua odottaa 2 miljoonan euron jackpot.<\/h2>\n<p><img loading=\"lazy\" decoding=\"async\" class=\"size-medium wp-image-93652 alignright\" src=\"https:\/\/redfoxlotto.com\/wp-content\/uploads\/2025\/09\/gold-keno-win-2-300x300.jpg\" alt=\"gold keno\" width=\"300\" height=\"300\" \/><br \/>\nGold Keno on todella viihdytt\u00e4v\u00e4 online-arpajaispeli. Kuka tahansa pelaaja voi voittaa upean 2 miljoonan euron p\u00e4\u00e4palkinnon. On helppo ymm\u00e4rt\u00e4\u00e4, miksi Gold Keno on niin suosittu: jokainen arvonta antaa sinulle todellisen mahdollisuuden voittaa paljon rahaa, joka voi muuttaa el\u00e4m\u00e4si parempaan suuntaan. T\u00e4m\u00e4n pelin hauskuus johtuu siit\u00e4, ett\u00e4 arvonnat ovat nopeita, peli on reilua ja pelaajalla on mahdollisuus voittaa kahden miljoonan euron jackpot. T\u00e4m\u00e4 p\u00e4tee riippumatta siit\u00e4, pelaatko huvin vuoksi vai haluatko ansaita paljon rahaa.<\/p>\n<h2>Opas Gold Kenon pelin voittomahdollisuuksiin<\/h2>\n<p>Gold Kenossa valitaan satunnaisesti 20 numeroa kahdeksankymmenen numeron joukosta. Pelaajat valitsevat omat numeronsa, ja voittosumma riippuu siit\u00e4, kuinka monta kertaa heid\u00e4n valintansa vastaavat arvontaa. Kertoimen lis\u00e4\u00e4minen kasvattaa mahdollista voittoa. T\u00e4m\u00e4 tarkoittaa, ett\u00e4 kalliimmat liput voittavat suurempia voittoja.<\/p>\n<p>Kun sinulla on enemm\u00e4n vaihtoehtoja, sinulla on paremmat mahdollisuudet saada suurempi voitto, mutta kun sinulla on v\u00e4hemm\u00e4n vaihtoehtoja, sinulla on paremmat mahdollisuudet saada pienempi voitto. Keno-pelin voittokertoimet perustuvat t\u00e4h\u00e4n tasapainoon: enemm\u00e4n valintoja tarkoittaa suurempia voittoja, mutta vaikeampia voittokertoimia, kun taas v\u00e4hemm\u00e4n valintoja tekee voittamisesta helpompaa. Jos k\u00e4yt\u00e4t kertoimen, voit voittaa kahden miljoonan euron p\u00e4\u00e4palkinnon.<\/p>\n<h2>Avain suurempiin voittoihin on kertoimien k\u00e4ytt\u00f6.<\/h2>\n<p>Voit voittaa Gold Kenossa 2 miljoonan euron p\u00e4\u00e4palkinnon kertoimen ansiosta. Esimerkiksi:<\/p>\n<p>Jos suurin kerroin on asetettu 5x:ksi, lippu, jonka kerroin on 1x, antaa sinulle 20 % suurimmasta palkinnosta. Jos pelaajat panostavat suurimmalla kertoimella, he voivat saada t\u00e4yden p\u00e4\u00e4syn palkintopottiin, jonka arvo on yli 2 miljoonaa euroa.<\/p>\n<p>T\u00e4m\u00e4 tekniikka tarjoaa pelaajille toisen tavan muuttaa voittomahdollisuuksia kenossa. Se tarjoaa sek\u00e4 varovaisille pelaajille ett\u00e4 riskinottajille reilun tavan pelata.<\/p>\n<h2>Transaktioihin k\u00e4ytet\u00e4\u00e4n k\u00e4teist\u00e4 ja talletuksia.<\/h2>\n<p>Sinun on talletettava rahaa tilillesi ja ostettava lippuja verkosta, jotta voit pelata Gold Kenoa. Transaktiot ovat nopeita, turvallisia ja helppoja ymm\u00e4rt\u00e4\u00e4, joten voit osallistua mihin tahansa arvontaan heti.<\/p>\n<h2>Gold Kenossa j\u00e4rjestet\u00e4\u00e4n paljon arvonta<\/h2>\n<p>Sinun ei tarvitse odottaa Gold Kenon pelaamista kuten muiden arpajaisten kohdalla. Uusia arvontoja j\u00e4rjestet\u00e4\u00e4n muutaman minuutin v\u00e4lein, mik\u00e4 tekee 2 miljoonan euron p\u00e4\u00e4palkinnon tavoittelusta hauskan ja loputtoman seikkailun. Koska arvontoja on niin paljon, voittomahdollisuudet kenossa testataan yh\u00e4 uudelleen, mik\u00e4 pit\u00e4\u00e4 pelin viihdytt\u00e4v\u00e4n\u00e4.<\/p>\n<h2>Satunnaislukugeneraattori (RNG) reilun pelin takaamiseksi<\/h2>\n<p>Varmistaaksemme, ett\u00e4 jokainen Gold Keno -arvonta on reilu, k\u00e4yt\u00e4mme validoitua satunnaislukugeneraattoria (RNG). Koska jokainen lopputulos on t\u00e4ysin satunnainen, 2 miljoonan euron p\u00e4\u00e4palkinnon voittomahdollisuus ei perustu arvailuun vaan sattumaan. T\u00e4m\u00e4 takaa, ett\u00e4 kaikilla on samat mahdollisuudet voittaa kenossa.<\/p>\n<h2>Voittojen tarkistaminen ja niiden nostaminen<\/h2>\n<p>Pelaajat voivat n\u00e4hd\u00e4 tulokset heti osiossa \u201dOmat liput\u201d. Pienemm\u00e4t voitot siirret\u00e4\u00e4n v\u00e4litt\u00f6m\u00e4sti tilillesi, ja suuremmat voitot, jotka voivat olla jopa 2 500 euroa, siirret\u00e4\u00e4n my\u00f6s heti. Vakuutus takaa 2 miljoonan euron p\u00e4\u00e4voiton ja muut suuret voitot, ja viranomaiset tarkistavat, ett\u00e4 ne maksetaan.<\/p>\n<h2>Kaikilla voittajilla on oikeus saada rahansa takaisin<\/h2>\n<p>Toisin kuin useimmat arpajaiset, Gold Keno maksaa voittoja riippumatta siit\u00e4, kuinka monta lippua on myyty. Peli on paitsi turvallinen my\u00f6s kannattava, koska kaikki voitot, mukaan lukien 2 miljoonan euron arpajaisten p\u00e4\u00e4voitto, ovat t\u00e4ysin turvassa.<\/p>\n<h2>Paperisia lippuja ei ole, koska kaikki tapahtuu verkossa.<\/h2>\n<p>Et tarvitse paperisia lippuja, koska Gold Keno on t\u00e4ysin digitaalinen. T\u00e4m\u00e4 j\u00e4rjestelm\u00e4 pit\u00e4\u00e4 kirjaa kaikista l\u00e4hetetyist\u00e4 lipuista, jotta mik\u00e4\u00e4n ei voi kadota tai varastua.<\/p>\n<h2>Lopuksi: Mik\u00e4 erottaa Gold Kenon muista Keno-peleist\u00e4<\/h2>\n<p>Gold Keno on edelleen yksi j\u00e4nnitt\u00e4vimmist\u00e4 online-arpajaispeleist\u00e4, koska siin\u00e4 on arvontoja muutaman minuutin v\u00e4lein, reilut satunnaislukugeneraattorin tulokset, taatut palkinnot ja mahdollisuus voittaa 2 miljoonan euron jackpot. Ihmisille, jotka miettiv\u00e4t voittomahdollisuuksia Kenossa, t\u00e4m\u00e4 peli on sek\u00e4 j\u00e4nnitt\u00e4v\u00e4 ett\u00e4 rauhoittava, koska jokainen lippu voi muuttaa pelin kulun pelaajille, joilla on suuria tavoitteita.<\/p>\n","protected":false},"excerpt":{"rendered":"<p>Gold Kenossa sinua odottaa 2 miljoonan euron jackpot. Gold Keno on todella viihdytt\u00e4v\u00e4 online-arpajaispeli. Kuka tahansa pelaaja voi voittaa upean 2 miljoonan euron p\u00e4\u00e4palkinnon. On helppo ymm\u00e4rt\u00e4\u00e4, miksi Gold Keno on niin suosittu: jokainen arvonta antaa sinulle todellisen mahdollisuuden voittaa paljon rahaa, joka voi muuttaa el\u00e4m\u00e4si parempaan suuntaan. T\u00e4m\u00e4n pelin hauskuus johtuu siit\u00e4, ett\u00e4 arvonnat [&hellip;]<\/p>\n","protected":false},"author":8,"featured_media":0,"parent":84389,"menu_order":42,"comment_status":"closed","ping_status":"closed","template":"","meta":{"_et_pb_use_builder":"","_et_pb_old_content":"","_et_gb_content_width":"","exclude_from_search":false,"footnotes":""},"class_list":["post-102325","page","type-page","status-publish","hentry"],"yoast_head":"<!-- This site is optimized with the Yoast SEO plugin v23.8 - https:\/\/yoast.com\/wordpress\/plugins\/seo\/ -->\n<title>Keno-pelien voittomahdollisuudet | Keno-peleill\u00e4mme on erinomaiset voittomahdollisuudet ja palkinnot<\/title>\n<meta name=\"description\" content=\"Kun pelaat Kenoa verkossa, tarkista pelien voittomahdollisuudet. Gold Kenossa on 2 miljoonan euron p\u00e4\u00e4voitto ja parhaat voittomahdollisuudet, joita verkosta l\u00f6ytyy.\" \/>\n<meta name=\"robots\" content=\"index, follow, max-snippet:-1, max-image-preview:large, max-video-preview:-1\" \/>\n<link rel=\"canonical\" href=\"https:\/\/redfoxlotto.com\/fi\/keno\/kenon-voittomahdollisuudet\/\" \/>\n<meta property=\"og:locale\" content=\"fi_FI\" \/>\n<meta property=\"og:type\" content=\"article\" \/>\n<meta property=\"og:title\" content=\"Keno-pelien voittomahdollisuudet | Keno-peleill\u00e4mme on erinomaiset voittomahdollisuudet ja palkinnot\" \/>\n<meta property=\"og:description\" content=\"Kun pelaat Kenoa verkossa, tarkista pelien voittomahdollisuudet. Gold Kenossa on 2 miljoonan euron p\u00e4\u00e4voitto ja parhaat voittomahdollisuudet, joita verkosta l\u00f6ytyy.\" \/>\n<meta property=\"og:url\" content=\"https:\/\/redfoxlotto.com\/fi\/keno\/kenon-voittomahdollisuudet\/\" \/>\n<meta property=\"og:site_name\" content=\"Get Tickets for the World\u2019s largest jackpots\" \/>\n<meta property=\"article:modified_time\" content=\"2026-01-12T10:01:12+00:00\" \/>\n<meta property=\"og:image\" content=\"https:\/\/redfoxlotto.com\/wp-content\/uploads\/2025\/09\/gold-keno-win-2-300x300.jpg\" \/>\n<meta name=\"twitter:card\" content=\"summary_large_image\" \/>\n<meta name=\"twitter:label1\" content=\"Arvioitu lukuaika\" \/>\n\t<meta name=\"twitter:data1\" content=\"3 minuuttia\" \/>\n<script type=\"application\/ld+json\" class=\"yoast-schema-graph\">{\"@context\":\"https:\/\/schema.org\",\"@graph\":[{\"@type\":\"WebPage\",\"@id\":\"https:\/\/redfoxlotto.com\/fi\/keno\/kenon-voittomahdollisuudet\/\",\"url\":\"https:\/\/redfoxlotto.com\/fi\/keno\/kenon-voittomahdollisuudet\/\",\"name\":\"Keno-pelien voittomahdollisuudet | Keno-peleill\u00e4mme on erinomaiset voittomahdollisuudet ja palkinnot\",\"isPartOf\":{\"@id\":\"https:\/\/redfoxlotto.com\/fi\/#website\"},\"primaryImageOfPage\":{\"@id\":\"https:\/\/redfoxlotto.com\/fi\/keno\/kenon-voittomahdollisuudet\/#primaryimage\"},\"image\":{\"@id\":\"https:\/\/redfoxlotto.com\/fi\/keno\/kenon-voittomahdollisuudet\/#primaryimage\"},\"thumbnailUrl\":\"https:\/\/redfoxlotto.com\/wp-content\/uploads\/2025\/09\/gold-keno-win-2-300x300.jpg\",\"datePublished\":\"2025-02-12T11:20:21+00:00\",\"dateModified\":\"2026-01-12T10:01:12+00:00\",\"description\":\"Kun pelaat Kenoa verkossa, tarkista pelien voittomahdollisuudet. Gold Kenossa on 2 miljoonan euron p\u00e4\u00e4voitto ja parhaat voittomahdollisuudet, joita verkosta l\u00f6ytyy.\",\"breadcrumb\":{\"@id\":\"https:\/\/redfoxlotto.com\/fi\/keno\/kenon-voittomahdollisuudet\/#breadcrumb\"},\"inLanguage\":\"fi\",\"potentialAction\":[{\"@type\":\"ReadAction\",\"target\":[\"https:\/\/redfoxlotto.com\/fi\/keno\/kenon-voittomahdollisuudet\/\"]}]},{\"@type\":\"ImageObject\",\"inLanguage\":\"fi\",\"@id\":\"https:\/\/redfoxlotto.com\/fi\/keno\/kenon-voittomahdollisuudet\/#primaryimage\",\"url\":\"https:\/\/redfoxlotto.com\/wp-content\/uploads\/2025\/09\/gold-keno-win-2-300x300.jpg\",\"contentUrl\":\"https:\/\/redfoxlotto.com\/wp-content\/uploads\/2025\/09\/gold-keno-win-2-300x300.jpg\"},{\"@type\":\"BreadcrumbList\",\"@id\":\"https:\/\/redfoxlotto.com\/fi\/keno\/kenon-voittomahdollisuudet\/#breadcrumb\",\"itemListElement\":[{\"@type\":\"ListItem\",\"position\":1,\"name\":\"Home\",\"item\":\"https:\/\/redfoxlotto.com\/fi\/\"},{\"@type\":\"ListItem\",\"position\":2,\"name\":\"Keno\",\"item\":\"https:\/\/redfoxlotto.com\/fi\/keno\/\"},{\"@type\":\"ListItem\",\"position\":3,\"name\":\"Gold Kenon voittonumerot\"}]},{\"@type\":\"WebSite\",\"@id\":\"https:\/\/redfoxlotto.com\/fi\/#website\",\"url\":\"https:\/\/redfoxlotto.com\/fi\/\",\"name\":\"Get Tickets for the World\u2019s largest jackpots\",\"description\":\"Participate in worldwide lottery jackpots from any country\",\"publisher\":{\"@id\":\"https:\/\/redfoxlotto.com\/fi\/#organization\"},\"potentialAction\":[{\"@type\":\"SearchAction\",\"target\":{\"@type\":\"EntryPoint\",\"urlTemplate\":\"https:\/\/redfoxlotto.com\/fi\/?s={search_term_string}\"},\"query-input\":{\"@type\":\"PropertyValueSpecification\",\"valueRequired\":true,\"valueName\":\"search_term_string\"}}],\"inLanguage\":\"fi\"},{\"@type\":\"Organization\",\"@id\":\"https:\/\/redfoxlotto.com\/fi\/#organization\",\"name\":\"Get Tickets for the World\u2019s largest jackpots\",\"url\":\"https:\/\/redfoxlotto.com\/fi\/\",\"logo\":{\"@type\":\"ImageObject\",\"inLanguage\":\"fi\",\"@id\":\"https:\/\/redfoxlotto.com\/fi\/#\/schema\/logo\/image\/\",\"url\":\"https:\/\/redfoxlotto.com\/wp-content\/uploads\/2023\/04\/logo.png\",\"contentUrl\":\"https:\/\/redfoxlotto.com\/wp-content\/uploads\/2023\/04\/logo.png\",\"width\":269,\"height\":53,\"caption\":\"Get Tickets for the World\u2019s largest jackpots\"},\"image\":{\"@id\":\"https:\/\/redfoxlotto.com\/fi\/#\/schema\/logo\/image\/\"}}]}<\/script>\n<!-- \/ Yoast SEO plugin. -->","yoast_head_json":{"title":"Keno-pelien voittomahdollisuudet | Keno-peleill\u00e4mme on erinomaiset voittomahdollisuudet ja palkinnot","description":"Kun pelaat Kenoa verkossa, tarkista pelien voittomahdollisuudet. Gold Kenossa on 2 miljoonan euron p\u00e4\u00e4voitto ja parhaat voittomahdollisuudet, joita verkosta l\u00f6ytyy.","robots":{"index":"index","follow":"follow","max-snippet":"max-snippet:-1","max-image-preview":"max-image-preview:large","max-video-preview":"max-video-preview:-1"},"canonical":"https:\/\/redfoxlotto.com\/fi\/keno\/kenon-voittomahdollisuudet\/","og_locale":"fi_FI","og_type":"article","og_title":"Keno-pelien voittomahdollisuudet | Keno-peleill\u00e4mme on erinomaiset voittomahdollisuudet ja palkinnot","og_description":"Kun pelaat Kenoa verkossa, tarkista pelien voittomahdollisuudet. Gold Kenossa on 2 miljoonan euron p\u00e4\u00e4voitto ja parhaat voittomahdollisuudet, joita verkosta l\u00f6ytyy.","og_url":"https:\/\/redfoxlotto.com\/fi\/keno\/kenon-voittomahdollisuudet\/","og_site_name":"Get Tickets for the World\u2019s largest jackpots","article_modified_time":"2026-01-12T10:01:12+00:00","og_image":[{"url":"https:\/\/redfoxlotto.com\/wp-content\/uploads\/2025\/09\/gold-keno-win-2-300x300.jpg"}],"twitter_card":"summary_large_image","twitter_misc":{"Arvioitu lukuaika":"3 minuuttia"},"schema":{"@context":"https:\/\/schema.org","@graph":[{"@type":"WebPage","@id":"https:\/\/redfoxlotto.com\/fi\/keno\/kenon-voittomahdollisuudet\/","url":"https:\/\/redfoxlotto.com\/fi\/keno\/kenon-voittomahdollisuudet\/","name":"Keno-pelien voittomahdollisuudet | Keno-peleill\u00e4mme on erinomaiset voittomahdollisuudet ja palkinnot","isPartOf":{"@id":"https:\/\/redfoxlotto.com\/fi\/#website"},"primaryImageOfPage":{"@id":"https:\/\/redfoxlotto.com\/fi\/keno\/kenon-voittomahdollisuudet\/#primaryimage"},"image":{"@id":"https:\/\/redfoxlotto.com\/fi\/keno\/kenon-voittomahdollisuudet\/#primaryimage"},"thumbnailUrl":"https:\/\/redfoxlotto.com\/wp-content\/uploads\/2025\/09\/gold-keno-win-2-300x300.jpg","datePublished":"2025-02-12T11:20:21+00:00","dateModified":"2026-01-12T10:01:12+00:00","description":"Kun pelaat Kenoa verkossa, tarkista pelien voittomahdollisuudet. Gold Kenossa on 2 miljoonan euron p\u00e4\u00e4voitto ja parhaat voittomahdollisuudet, joita verkosta l\u00f6ytyy.","breadcrumb":{"@id":"https:\/\/redfoxlotto.com\/fi\/keno\/kenon-voittomahdollisuudet\/#breadcrumb"},"inLanguage":"fi","potentialAction":[{"@type":"ReadAction","target":["https:\/\/redfoxlotto.com\/fi\/keno\/kenon-voittomahdollisuudet\/"]}]},{"@type":"ImageObject","inLanguage":"fi","@id":"https:\/\/redfoxlotto.com\/fi\/keno\/kenon-voittomahdollisuudet\/#primaryimage","url":"https:\/\/redfoxlotto.com\/wp-content\/uploads\/2025\/09\/gold-keno-win-2-300x300.jpg","contentUrl":"https:\/\/redfoxlotto.com\/wp-content\/uploads\/2025\/09\/gold-keno-win-2-300x300.jpg"},{"@type":"BreadcrumbList","@id":"https:\/\/redfoxlotto.com\/fi\/keno\/kenon-voittomahdollisuudet\/#breadcrumb","itemListElement":[{"@type":"ListItem","position":1,"name":"Home","item":"https:\/\/redfoxlotto.com\/fi\/"},{"@type":"ListItem","position":2,"name":"Keno","item":"https:\/\/redfoxlotto.com\/fi\/keno\/"},{"@type":"ListItem","position":3,"name":"Gold Kenon voittonumerot"}]},{"@type":"WebSite","@id":"https:\/\/redfoxlotto.com\/fi\/#website","url":"https:\/\/redfoxlotto.com\/fi\/","name":"Get Tickets for the World\u2019s largest jackpots","description":"Participate in worldwide lottery jackpots from any country","publisher":{"@id":"https:\/\/redfoxlotto.com\/fi\/#organization"},"potentialAction":[{"@type":"SearchAction","target":{"@type":"EntryPoint","urlTemplate":"https:\/\/redfoxlotto.com\/fi\/?s={search_term_string}"},"query-input":{"@type":"PropertyValueSpecification","valueRequired":true,"valueName":"search_term_string"}}],"inLanguage":"fi"},{"@type":"Organization","@id":"https:\/\/redfoxlotto.com\/fi\/#organization","name":"Get Tickets for the World\u2019s largest jackpots","url":"https:\/\/redfoxlotto.com\/fi\/","logo":{"@type":"ImageObject","inLanguage":"fi","@id":"https:\/\/redfoxlotto.com\/fi\/#\/schema\/logo\/image\/","url":"https:\/\/redfoxlotto.com\/wp-content\/uploads\/2023\/04\/logo.png","contentUrl":"https:\/\/redfoxlotto.com\/wp-content\/uploads\/2023\/04\/logo.png","width":269,"height":53,"caption":"Get Tickets for the World\u2019s largest jackpots"},"image":{"@id":"https:\/\/redfoxlotto.com\/fi\/#\/schema\/logo\/image\/"}}]}},"_links":{"self":[{"href":"https:\/\/redfoxlotto.com\/fi\/wp-json\/wp\/v2\/pages\/102325","targetHints":{"allow":["GET"]}}],"collection":[{"href":"https:\/\/redfoxlotto.com\/fi\/wp-json\/wp\/v2\/pages"}],"about":[{"href":"https:\/\/redfoxlotto.com\/fi\/wp-json\/wp\/v2\/types\/page"}],"author":[{"embeddable":true,"href":"https:\/\/redfoxlotto.com\/fi\/wp-json\/wp\/v2\/users\/8"}],"replies":[{"embeddable":true,"href":"https:\/\/redfoxlotto.com\/fi\/wp-json\/wp\/v2\/comments?post=102325"}],"version-history":[{"count":0,"href":"https:\/\/redfoxlotto.com\/fi\/wp-json\/wp\/v2\/pages\/102325\/revisions"}],"up":[{"embeddable":true,"href":"https:\/\/redfoxlotto.com\/fi\/wp-json\/wp\/v2\/pages\/84389"}],"wp:attachment":[{"href":"https:\/\/redfoxlotto.com\/fi\/wp-json\/wp\/v2\/media?parent=102325"}],"curies":[{"name":"wp","href":"https:\/\/api.w.org\/{rel}","templated":true}]}}