{"id":102056,"date":"2025-05-22T08:53:38","date_gmt":"2025-05-22T08:53:38","guid":{"rendered":"https:\/\/redfoxlotto.com\/?page_id=102056"},"modified":"2026-01-10T05:52:00","modified_gmt":"2026-01-10T05:52:00","slug":"platinum-kenon-voittonumerot","status":"publish","type":"page","link":"https:\/\/redfoxlotto.com\/fi\/keno\/platinum-kenon-voittonumerot\/","title":{"rendered":"Platinum Kenon voittonumerot"},"content":{"rendered":"<h2>Kuinka kertoimet valitaan ja mist\u00e4 l\u00f6yd\u00e4t tulokset Platinum Kenossa<\/h2>\n<p><img loading=\"lazy\" decoding=\"async\" class=\"size-medium wp-image-83635 alignright\" src=\"https:\/\/redfoxlotto.com\/wp-content\/uploads\/2025\/03\/keno_card-300x300.jpg\" alt=\"platnum keno\" width=\"300\" height=\"300\" srcset=\"https:\/\/redfoxlotto.com\/wp-content\/uploads\/2025\/03\/keno_card-300x300.jpg 300w, https:\/\/redfoxlotto.com\/wp-content\/uploads\/2025\/03\/keno_card-150x150.jpg 150w, https:\/\/redfoxlotto.com\/wp-content\/uploads\/2025\/03\/keno_card-100x100.jpg 100w, https:\/\/redfoxlotto.com\/wp-content\/uploads\/2025\/03\/keno_card.jpg 307w\" sizes=\"auto, (max-width: 300px) 100vw, 300px\" \/><br \/>\nPlatinum Keno on tulossa yhdeksi suosituimmista arpajaispeleist\u00e4. Pian pelaajat voivat nauttia perinteisen Kenon hauskuudesta mukavasti omalta n\u00e4yt\u00f6lt\u00e4\u00e4n, kiitos nopeiden arvontojen, selkeiden s\u00e4\u00e4nt\u00f6jen ja helpon online-pelaamisen. Live-tuloksia ei ole viel\u00e4 saatavilla, mutta t\u00e4ss\u00e4 on kaikki, mit\u00e4 sinun tarvitsee tiet\u00e4\u00e4 numeroiden valinnasta, niiden l\u00f6yt\u00e4misest\u00e4 ja voittamisen tarkistamisesta pelin alkaessa.<\/p>\n<h2>Platinum Kenon numeroiden valintaprosessi<\/h2>\n<p>Platinum Keno perustuu ajatukseen, ett\u00e4 kaiken pit\u00e4isi olla reilua. Numerot valitsee tarkistettu satunnaislukugeneraattori (RNG). T\u00e4m\u00e4n ansiosta jokainen arvonta on t\u00e4ysin satunnainen. RNG varmistaa, ett\u00e4 jokaisella numerolla on yht\u00e4 suuri mahdollisuus tulla valituksi, aivan kuten kun ved\u00e4t numeroituja palloja koneesta.<\/p>\n<ul>\n<li>Pelaajat valitsevat numeroita v\u00e4lill\u00e4 1\u201380.<\/li>\n<li>Arvonnan koko: Jokaisella kierroksella valitaan satunnaisesti 20 numeroa.<\/li>\n<li>Yht\u00e4l\u00e4iset mahdollisuudet: Ei ole suosikkinumeroita, kaikki riippuu onnesta.<\/li>\n<li>T\u00e4ll\u00e4 menetelm\u00e4ll\u00e4 jokainen arvonta on selke\u00e4, tarkistettavissa ja perustuu luottamukseen.<\/li>\n<\/ul>\n<h2>Kuinka pelata peli\u00e4.<\/h2>\n<p>Platinum Keno on tarkoitettu sek\u00e4 s\u00e4\u00e4nn\u00f6llisille pelaajille ett\u00e4 ihmisille, jotka haluavat voittaa suuria jackpot-voittoja. Valitse numerot 80 numeron joukosta, joista 20 valitaan satunnaisesti. N\u00e4in peli\u00e4 pelataan. Haluat, ett\u00e4 mahdollisimman monta valintaasi osuu kohdalleen.<\/p>\n<h2>Numeroiden valitseminen.<\/h2>\n<p>Valitset pelattavien \u201dpaikkojen\u201d (numeroiden) m\u00e4\u00e4r\u00e4n. Eri ihmiset valitsevat eri m\u00e4\u00e4r\u00e4n kortteja. Valitsemasi paikkojen m\u00e4\u00e4r\u00e4 vaikuttaa suoraan voittomahdollisuuksiisi ja voittamasi raham\u00e4\u00e4r\u00e4\u00e4n.<\/p>\n<h2>Kerroimen valitseminen.<\/h2>\n<p>Platinum Kenossa on kerroin, joka muuttaa voittoja. T\u00e4ss\u00e4 tapauksessa, jos suurin kerroin on 5, pelaamalla 1x kertoimella saat 20 % 5x palkinnosta. Jos kymmenen on suurin. Jos p\u00e4\u00e4palkinto on 10, 1x lippu maksaa 10 % 10x voitosta. Suurempi kerroin nostaa sek\u00e4 lipun hintaa ett\u00e4 voittomahdollisuuksia.<\/p>\n<h2>Voittojen luettelon k\u00e4ytt\u00f6<\/h2>\n<p>Se kertoo tarkalleen, kuinka paljon voit voittaa valitsemiesi numeroiden ja bonuksen perusteella. Ajattele sit\u00e4 palkintokarttana; se kertoo, mit\u00e4 on peliss\u00e4, ennen kuin arvonta edes tapahtuu.<\/p>\n<h2>Kuinka valinnat vaikuttavat tapahtumiin<\/h2>\n<p>Jos valitset enemm\u00e4n numeroita, suurin voittopalkinto nousee, mutta mahdollisuutesi osua kaikkiin numeroihin laskee. Sit\u00e4 vastoin suurempi kerroin kasvattaa voittoa, jos voitat, mutta sinun on panostettava enemm\u00e4n rahaa alussa. Platinum Keno on sek\u00e4 j\u00e4nnitt\u00e4v\u00e4 ett\u00e4 riskialtis, koska sinun on tasapainotettava riski ja voitto.<\/p>\n<h2>Parhaat paikat l\u00f6yt\u00e4\u00e4 Platinum Kenon tulokset<\/h2>\n<p>Heti kun Platinum Keno alkaa, ajantasaisimmat tulokset ovat saatavilla RedFoxLotton tulossivulla. Sinun ei tarvitse poistua sovelluksesta, jotta voit seurata menneit\u00e4 ja nykyisi\u00e4 arvonta.<\/p>\n<p>Voit tehd\u00e4 seuraavaa:<\/p>\n<ul>\n<li>Tarkista jokaisen pelin valittujen numeroiden t\u00e4ydellinen luettelo.<\/li>\n<li>Katso menneit\u00e4 arvonta, jotta n\u00e4et teemat ja trendit.<\/li>\n<li>Pysy ajan tasalla uutisista ilman, ett\u00e4 sinun tarvitsee etsi\u00e4 niit\u00e4 muualta.<\/li>\n<\/ul>\n<h2>Kuinka selvitt\u00e4\u00e4, oletko voittanut<\/h2>\n<p>Paperilipukkeita ei en\u00e4\u00e4 tarvita \u2013 Platinum Keno on pelkk\u00e4 tietokonepeli. Numerosi tallennetaan RedFoxLotto-tilillesi heti jokaisen pelin j\u00e4lkeen. Voit tarkistaa tulokset heti jokaisen arvonnan j\u00e4lkeen:<\/p>\n<p>Napsauta \u201dOmat liput\u201d \u2013 T\u00e4ss\u00e4 osiossa on luettelo kaikista ostamistasi lipuista.<\/p>\n<p>Vertaa numeroitasi tuloksiin: Jos numerosi ovat samat kuin voittaneessa arvonnassa arvotut numerot, j\u00e4rjestelm\u00e4 n\u00e4ytt\u00e4\u00e4 sinulle v\u00e4litt\u00f6m\u00e4sti n\u00e4m\u00e4 vastaavuudet.<\/p>\n<p>Heti kun olet voittanut, sinulle n\u00e4ytet\u00e4\u00e4n voittamasi summa. Pienemm\u00e4t voitot talletetaan suoraan tilillesi, kun taas suuremmat voitot voivat olla tarkistuksen alaisia ennen siirtoa.<\/p>\n<h2>Talletusten tekeminen ja pelaaminen<\/h2>\n<p>Sinulla on oltava rahaa RedFoxLotto-tilill\u00e4si, jotta voit pelata Platinum Kenoa. Talletuksen tekeminen on helppoa ja turvallista, ja kun summa on lis\u00e4tty tilillesi, voit k\u00e4ytt\u00e4\u00e4 sit\u00e4 heti lippujen ostamiseen.<\/p>\n<h2>Miksi voit luottaa tuloksiin<\/h2>\n<p>Jokainen Platinum Kenon voitto on vakuutettu, joten saat rahasi takaisin riippumatta siit\u00e4, voitatko 5 euroa vai 500 000 euroa. RedFoxLotto varmistaa, ett\u00e4 saat voittosi, ja RNG varmistaa, ett\u00e4 kaikki on reilua.<\/p>\n<h2>Yhteenveto<\/h2>\n<p>Se on kuin sekoitus vanhanaikaista numeronvetoa ja tietokonepelien helppoutta. Vaikka lopulliset tulokset eiv\u00e4t ole viel\u00e4 selvill\u00e4, pelaajat voivat odottaa seuraavaa:<\/p>\n<ul>\n<li>RNG:n vahvistamat reilut arvonnat.<\/li>\n<li>Peli etenee nopeasti, ja saat tulokset muutaman minuutin v\u00e4lein.<\/li>\n<li>RedFoxLotto helpottaa tulosten saamista suoraan.<\/li>\n<li>Tilisi pit\u00e4\u00e4 automaattisesti kirjaa voitoista.<\/li>\n<li>Kun peli alkaa, sinun tarvitsee vain palata arvontaan j\u00e4lkeen katsomaan, oletko voittanut.<\/li>\n<\/ul>\n","protected":false},"excerpt":{"rendered":"<p>Kuinka kertoimet valitaan ja mist\u00e4 l\u00f6yd\u00e4t tulokset Platinum Kenossa Platinum Keno on tulossa yhdeksi suosituimmista arpajaispeleist\u00e4. Pian pelaajat voivat nauttia perinteisen Kenon hauskuudesta mukavasti omalta n\u00e4yt\u00f6lt\u00e4\u00e4n, kiitos nopeiden arvontojen, selkeiden s\u00e4\u00e4nt\u00f6jen ja helpon online-pelaamisen. Live-tuloksia ei ole viel\u00e4 saatavilla, mutta t\u00e4ss\u00e4 on kaikki, mit\u00e4 sinun tarvitsee tiet\u00e4\u00e4 numeroiden valinnasta, niiden l\u00f6yt\u00e4misest\u00e4 ja voittamisen tarkistamisesta pelin [&hellip;]<\/p>\n","protected":false},"author":8,"featured_media":0,"parent":84389,"menu_order":41,"comment_status":"closed","ping_status":"closed","template":"","meta":{"_et_pb_use_builder":"","_et_pb_old_content":"","_et_gb_content_width":"","exclude_from_search":false,"footnotes":""},"class_list":["post-102056","page","type-page","status-publish","hentry"],"yoast_head":"<!-- This site is optimized with the Yoast SEO plugin v23.8 - https:\/\/yoast.com\/wordpress\/plugins\/seo\/ -->\n<title>Keno-arpajaisten tulokset t\u00e4m\u00e4n p\u00e4ivitt\u00e4isen 5 miljoonan euron online-keno-arvonnan osalta<\/title>\n<meta name=\"description\" content=\"T\u00e4m\u00e4 keno-arpajaiset arvotaan p\u00e4ivitt\u00e4in 5 miljoonan euron p\u00e4\u00e4palkinnolla \u2013 katso keno-arvontojen tulokset t\u00e4\u00e4lt\u00e4. Meill\u00e4 on 5 miljoonan euron ja 10 miljoonan euron keno-peli\" \/>\n<meta name=\"robots\" content=\"index, follow, max-snippet:-1, max-image-preview:large, max-video-preview:-1\" \/>\n<link rel=\"canonical\" href=\"https:\/\/redfoxlotto.com\/fi\/keno\/platinum-kenon-voittonumerot\/\" \/>\n<meta property=\"og:locale\" content=\"fi_FI\" \/>\n<meta property=\"og:type\" content=\"article\" \/>\n<meta property=\"og:title\" content=\"Keno-arpajaisten tulokset t\u00e4m\u00e4n p\u00e4ivitt\u00e4isen 5 miljoonan euron online-keno-arvonnan osalta\" \/>\n<meta property=\"og:description\" content=\"T\u00e4m\u00e4 keno-arpajaiset arvotaan p\u00e4ivitt\u00e4in 5 miljoonan euron p\u00e4\u00e4palkinnolla \u2013 katso keno-arvontojen tulokset t\u00e4\u00e4lt\u00e4. Meill\u00e4 on 5 miljoonan euron ja 10 miljoonan euron keno-peli\" \/>\n<meta property=\"og:url\" content=\"https:\/\/redfoxlotto.com\/fi\/keno\/platinum-kenon-voittonumerot\/\" \/>\n<meta property=\"og:site_name\" content=\"Get Tickets for the World\u2019s largest jackpots\" \/>\n<meta property=\"article:modified_time\" content=\"2026-01-10T05:52:00+00:00\" \/>\n<meta property=\"og:image\" content=\"https:\/\/redfoxlotto.com\/wp-content\/uploads\/2025\/03\/keno_card-300x300.jpg\" \/>\n<meta name=\"twitter:card\" content=\"summary_large_image\" \/>\n<meta name=\"twitter:label1\" content=\"Arvioitu lukuaika\" \/>\n\t<meta name=\"twitter:data1\" content=\"3 minuuttia\" \/>\n<script type=\"application\/ld+json\" class=\"yoast-schema-graph\">{\"@context\":\"https:\/\/schema.org\",\"@graph\":[{\"@type\":\"WebPage\",\"@id\":\"https:\/\/redfoxlotto.com\/fi\/keno\/platinum-kenon-voittonumerot\/\",\"url\":\"https:\/\/redfoxlotto.com\/fi\/keno\/platinum-kenon-voittonumerot\/\",\"name\":\"Keno-arpajaisten tulokset t\u00e4m\u00e4n p\u00e4ivitt\u00e4isen 5 miljoonan euron online-keno-arvonnan osalta\",\"isPartOf\":{\"@id\":\"https:\/\/redfoxlotto.com\/fi\/#website\"},\"primaryImageOfPage\":{\"@id\":\"https:\/\/redfoxlotto.com\/fi\/keno\/platinum-kenon-voittonumerot\/#primaryimage\"},\"image\":{\"@id\":\"https:\/\/redfoxlotto.com\/fi\/keno\/platinum-kenon-voittonumerot\/#primaryimage\"},\"thumbnailUrl\":\"https:\/\/redfoxlotto.com\/wp-content\/uploads\/2025\/03\/keno_card-300x300.jpg\",\"datePublished\":\"2025-05-22T08:53:38+00:00\",\"dateModified\":\"2026-01-10T05:52:00+00:00\",\"description\":\"T\u00e4m\u00e4 keno-arpajaiset arvotaan p\u00e4ivitt\u00e4in 5 miljoonan euron p\u00e4\u00e4palkinnolla \u2013 katso keno-arvontojen tulokset t\u00e4\u00e4lt\u00e4. Meill\u00e4 on 5 miljoonan euron ja 10 miljoonan euron keno-peli\",\"breadcrumb\":{\"@id\":\"https:\/\/redfoxlotto.com\/fi\/keno\/platinum-kenon-voittonumerot\/#breadcrumb\"},\"inLanguage\":\"fi\",\"potentialAction\":[{\"@type\":\"ReadAction\",\"target\":[\"https:\/\/redfoxlotto.com\/fi\/keno\/platinum-kenon-voittonumerot\/\"]}]},{\"@type\":\"ImageObject\",\"inLanguage\":\"fi\",\"@id\":\"https:\/\/redfoxlotto.com\/fi\/keno\/platinum-kenon-voittonumerot\/#primaryimage\",\"url\":\"https:\/\/redfoxlotto.com\/wp-content\/uploads\/2025\/03\/keno_card-300x300.jpg\",\"contentUrl\":\"https:\/\/redfoxlotto.com\/wp-content\/uploads\/2025\/03\/keno_card-300x300.jpg\"},{\"@type\":\"BreadcrumbList\",\"@id\":\"https:\/\/redfoxlotto.com\/fi\/keno\/platinum-kenon-voittonumerot\/#breadcrumb\",\"itemListElement\":[{\"@type\":\"ListItem\",\"position\":1,\"name\":\"Home\",\"item\":\"https:\/\/redfoxlotto.com\/fi\/\"},{\"@type\":\"ListItem\",\"position\":2,\"name\":\"Keno\",\"item\":\"https:\/\/redfoxlotto.com\/fi\/keno\/\"},{\"@type\":\"ListItem\",\"position\":3,\"name\":\"Platinum Kenon voittonumerot\"}]},{\"@type\":\"WebSite\",\"@id\":\"https:\/\/redfoxlotto.com\/fi\/#website\",\"url\":\"https:\/\/redfoxlotto.com\/fi\/\",\"name\":\"Get Tickets for the World\u2019s largest jackpots\",\"description\":\"Participate in worldwide lottery jackpots from any country\",\"publisher\":{\"@id\":\"https:\/\/redfoxlotto.com\/fi\/#organization\"},\"potentialAction\":[{\"@type\":\"SearchAction\",\"target\":{\"@type\":\"EntryPoint\",\"urlTemplate\":\"https:\/\/redfoxlotto.com\/fi\/?s={search_term_string}\"},\"query-input\":{\"@type\":\"PropertyValueSpecification\",\"valueRequired\":true,\"valueName\":\"search_term_string\"}}],\"inLanguage\":\"fi\"},{\"@type\":\"Organization\",\"@id\":\"https:\/\/redfoxlotto.com\/fi\/#organization\",\"name\":\"Get Tickets for the World\u2019s largest jackpots\",\"url\":\"https:\/\/redfoxlotto.com\/fi\/\",\"logo\":{\"@type\":\"ImageObject\",\"inLanguage\":\"fi\",\"@id\":\"https:\/\/redfoxlotto.com\/fi\/#\/schema\/logo\/image\/\",\"url\":\"https:\/\/redfoxlotto.com\/wp-content\/uploads\/2023\/04\/logo.png\",\"contentUrl\":\"https:\/\/redfoxlotto.com\/wp-content\/uploads\/2023\/04\/logo.png\",\"width\":269,\"height\":53,\"caption\":\"Get Tickets for the World\u2019s largest jackpots\"},\"image\":{\"@id\":\"https:\/\/redfoxlotto.com\/fi\/#\/schema\/logo\/image\/\"}}]}<\/script>\n<!-- \/ Yoast SEO plugin. -->","yoast_head_json":{"title":"Keno-arpajaisten tulokset t\u00e4m\u00e4n p\u00e4ivitt\u00e4isen 5 miljoonan euron online-keno-arvonnan osalta","description":"T\u00e4m\u00e4 keno-arpajaiset arvotaan p\u00e4ivitt\u00e4in 5 miljoonan euron p\u00e4\u00e4palkinnolla \u2013 katso keno-arvontojen tulokset t\u00e4\u00e4lt\u00e4. Meill\u00e4 on 5 miljoonan euron ja 10 miljoonan euron keno-peli","robots":{"index":"index","follow":"follow","max-snippet":"max-snippet:-1","max-image-preview":"max-image-preview:large","max-video-preview":"max-video-preview:-1"},"canonical":"https:\/\/redfoxlotto.com\/fi\/keno\/platinum-kenon-voittonumerot\/","og_locale":"fi_FI","og_type":"article","og_title":"Keno-arpajaisten tulokset t\u00e4m\u00e4n p\u00e4ivitt\u00e4isen 5 miljoonan euron online-keno-arvonnan osalta","og_description":"T\u00e4m\u00e4 keno-arpajaiset arvotaan p\u00e4ivitt\u00e4in 5 miljoonan euron p\u00e4\u00e4palkinnolla \u2013 katso keno-arvontojen tulokset t\u00e4\u00e4lt\u00e4. Meill\u00e4 on 5 miljoonan euron ja 10 miljoonan euron keno-peli","og_url":"https:\/\/redfoxlotto.com\/fi\/keno\/platinum-kenon-voittonumerot\/","og_site_name":"Get Tickets for the World\u2019s largest jackpots","article_modified_time":"2026-01-10T05:52:00+00:00","og_image":[{"url":"https:\/\/redfoxlotto.com\/wp-content\/uploads\/2025\/03\/keno_card-300x300.jpg"}],"twitter_card":"summary_large_image","twitter_misc":{"Arvioitu lukuaika":"3 minuuttia"},"schema":{"@context":"https:\/\/schema.org","@graph":[{"@type":"WebPage","@id":"https:\/\/redfoxlotto.com\/fi\/keno\/platinum-kenon-voittonumerot\/","url":"https:\/\/redfoxlotto.com\/fi\/keno\/platinum-kenon-voittonumerot\/","name":"Keno-arpajaisten tulokset t\u00e4m\u00e4n p\u00e4ivitt\u00e4isen 5 miljoonan euron online-keno-arvonnan osalta","isPartOf":{"@id":"https:\/\/redfoxlotto.com\/fi\/#website"},"primaryImageOfPage":{"@id":"https:\/\/redfoxlotto.com\/fi\/keno\/platinum-kenon-voittonumerot\/#primaryimage"},"image":{"@id":"https:\/\/redfoxlotto.com\/fi\/keno\/platinum-kenon-voittonumerot\/#primaryimage"},"thumbnailUrl":"https:\/\/redfoxlotto.com\/wp-content\/uploads\/2025\/03\/keno_card-300x300.jpg","datePublished":"2025-05-22T08:53:38+00:00","dateModified":"2026-01-10T05:52:00+00:00","description":"T\u00e4m\u00e4 keno-arpajaiset arvotaan p\u00e4ivitt\u00e4in 5 miljoonan euron p\u00e4\u00e4palkinnolla \u2013 katso keno-arvontojen tulokset t\u00e4\u00e4lt\u00e4. Meill\u00e4 on 5 miljoonan euron ja 10 miljoonan euron keno-peli","breadcrumb":{"@id":"https:\/\/redfoxlotto.com\/fi\/keno\/platinum-kenon-voittonumerot\/#breadcrumb"},"inLanguage":"fi","potentialAction":[{"@type":"ReadAction","target":["https:\/\/redfoxlotto.com\/fi\/keno\/platinum-kenon-voittonumerot\/"]}]},{"@type":"ImageObject","inLanguage":"fi","@id":"https:\/\/redfoxlotto.com\/fi\/keno\/platinum-kenon-voittonumerot\/#primaryimage","url":"https:\/\/redfoxlotto.com\/wp-content\/uploads\/2025\/03\/keno_card-300x300.jpg","contentUrl":"https:\/\/redfoxlotto.com\/wp-content\/uploads\/2025\/03\/keno_card-300x300.jpg"},{"@type":"BreadcrumbList","@id":"https:\/\/redfoxlotto.com\/fi\/keno\/platinum-kenon-voittonumerot\/#breadcrumb","itemListElement":[{"@type":"ListItem","position":1,"name":"Home","item":"https:\/\/redfoxlotto.com\/fi\/"},{"@type":"ListItem","position":2,"name":"Keno","item":"https:\/\/redfoxlotto.com\/fi\/keno\/"},{"@type":"ListItem","position":3,"name":"Platinum Kenon voittonumerot"}]},{"@type":"WebSite","@id":"https:\/\/redfoxlotto.com\/fi\/#website","url":"https:\/\/redfoxlotto.com\/fi\/","name":"Get Tickets for the World\u2019s largest jackpots","description":"Participate in worldwide lottery jackpots from any country","publisher":{"@id":"https:\/\/redfoxlotto.com\/fi\/#organization"},"potentialAction":[{"@type":"SearchAction","target":{"@type":"EntryPoint","urlTemplate":"https:\/\/redfoxlotto.com\/fi\/?s={search_term_string}"},"query-input":{"@type":"PropertyValueSpecification","valueRequired":true,"valueName":"search_term_string"}}],"inLanguage":"fi"},{"@type":"Organization","@id":"https:\/\/redfoxlotto.com\/fi\/#organization","name":"Get Tickets for the World\u2019s largest jackpots","url":"https:\/\/redfoxlotto.com\/fi\/","logo":{"@type":"ImageObject","inLanguage":"fi","@id":"https:\/\/redfoxlotto.com\/fi\/#\/schema\/logo\/image\/","url":"https:\/\/redfoxlotto.com\/wp-content\/uploads\/2023\/04\/logo.png","contentUrl":"https:\/\/redfoxlotto.com\/wp-content\/uploads\/2023\/04\/logo.png","width":269,"height":53,"caption":"Get Tickets for the World\u2019s largest jackpots"},"image":{"@id":"https:\/\/redfoxlotto.com\/fi\/#\/schema\/logo\/image\/"}}]}},"_links":{"self":[{"href":"https:\/\/redfoxlotto.com\/fi\/wp-json\/wp\/v2\/pages\/102056","targetHints":{"allow":["GET"]}}],"collection":[{"href":"https:\/\/redfoxlotto.com\/fi\/wp-json\/wp\/v2\/pages"}],"about":[{"href":"https:\/\/redfoxlotto.com\/fi\/wp-json\/wp\/v2\/types\/page"}],"author":[{"embeddable":true,"href":"https:\/\/redfoxlotto.com\/fi\/wp-json\/wp\/v2\/users\/8"}],"replies":[{"embeddable":true,"href":"https:\/\/redfoxlotto.com\/fi\/wp-json\/wp\/v2\/comments?post=102056"}],"version-history":[{"count":0,"href":"https:\/\/redfoxlotto.com\/fi\/wp-json\/wp\/v2\/pages\/102056\/revisions"}],"up":[{"embeddable":true,"href":"https:\/\/redfoxlotto.com\/fi\/wp-json\/wp\/v2\/pages\/84389"}],"wp:attachment":[{"href":"https:\/\/redfoxlotto.com\/fi\/wp-json\/wp\/v2\/media?parent=102056"}],"curies":[{"name":"wp","href":"https:\/\/api.w.org\/{rel}","templated":true}]}}