{"id":87639,"date":"2025-05-19T09:08:38","date_gmt":"2025-05-19T09:08:38","guid":{"rendered":"https:\/\/redfoxlotto.com\/?page_id=87639"},"modified":"2025-05-28T06:41:20","modified_gmt":"2025-05-28T06:41:20","slug":"euromillions-eu","status":"publish","type":"page","link":"https:\/\/redfoxlotto.com\/et\/informatsioon\/euromillions-eu\/","title":{"rendered":"Euromillions EU kohta"},"content":{"rendered":"<p data-start=\"63\" data-end=\"611\">EuroMillions EU on \u00fcks Euroopa suurimaid ja populaarsemaid loteriisid, mis t\u00f5mbab igal n\u00e4dalal ligi miljoneid osalejaid t\u00e4nu oma elumuutva suurusega jackpottidele. Loterii, mis on ametlikult tuntud kui EuroMillionsi EL-i versioon, on v\u00e4ga populaarne mitmes Euroopa riigis, sealhulgas Prantsusmaal, Hispaanias, Austrias, Belgias, Iirimaal, Luksemburgis, Portugalis ja \u0160veitsis. EuroMillions k\u00e4ivitati esmakordselt 13. veebruaril 2004 Prantsusmaal, Hispaanias ja \u00dchendkuningriigis ning laienes kiiresti oktoobriks ka teistesse Euroopa riikidesse.<\/p>\n<p><img loading=\"lazy\" decoding=\"async\" class=\"size-full wp-image-48546 alignright\" src=\"https:\/\/redfoxlotto.com\/wp-content\/uploads\/2023\/04\/powerball-draw-youtube1-300x300-1.jpg\" alt=\"euromillions\" width=\"300\" height=\"300\" srcset=\"https:\/\/redfoxlotto.com\/wp-content\/uploads\/2023\/04\/powerball-draw-youtube1-300x300-1.jpg 300w, https:\/\/redfoxlotto.com\/wp-content\/uploads\/2023\/04\/powerball-draw-youtube1-300x300-1-100x100.jpg 100w, https:\/\/redfoxlotto.com\/wp-content\/uploads\/2023\/04\/powerball-draw-youtube1-300x300-1-150x150.jpg 150w\" sizes=\"auto, (max-width: 300px) 100vw, 300px\" \/><\/p>\n<p data-start=\"613\" data-end=\"918\">Igal osaleval riigil on oma riiklik loteriiasutus, kes vastutab piletim\u00fc\u00fcgi, auhinnamaksete ja m\u00e4ngijate teenindamise eest. Hoolimata sellest detsentraliseeritusest j\u00e4rgivad k\u00f5ik riigid \u00fchtset reeglistikku, auhinnaastmeid ja loosimiste ajakava, tagamaks \u00f5iglus ja v\u00f5rdsed tingimused k\u00f5ikidele osalejatele.<\/p>\n<p data-start=\"920\" data-end=\"1350\">EuroMillions EU loosimised toimuvad kaks korda n\u00e4dalas \u2014 teisip\u00e4eva ja reede \u00f5htuti. Loterii p\u00f5hineb kahematriksilisel s\u00fcsteemil: m\u00e4ngijad valivad viis p\u00f5hinumbrit vahemikus 1 kuni 50 ning kaks lisat\u00e4hte ehk \u00d5nnet\u00e4hte vahemikus 1 kuni 12. Jackpot\u2019i v\u00f5itmiseks tuleb \u00f5igesti \u00e4ra arvata k\u00f5ik seitse numbrit. Lisaks on olemas mitmeid teise taseme auhindu, mis pakuvad v\u00f5imalusi v\u00f5ita v\u00e4iksemaid, ent siiski m\u00e4rkimisv\u00e4\u00e4rseid summasid.<\/p>\n<p data-start=\"1352\" data-end=\"1797\">Oluline erinevus EL-i ja \u00dchendkuningriigi versioonide vahel on \u00dchendkuningriigis kasutatav lisaloos, nimega Millionaire Maker. See tagab, et iga EuroMillions loosimise ajal saab v\u00e4hemalt \u00fcks \u00dchendkuningriigi pilet automaatselt miljon\u00e4riks. See lisam\u00e4ng suurendab m\u00e4rkimisv\u00e4\u00e4rselt briti piletite hinda v\u00f5rreldes teiste Euroopa riikidega. K\u00f5ik, kes on huvitatud UK versioonist ja selle lisafunktsioonidest, saavad k\u00fclastada RedFoxLotto veebilehte.<\/p>\n<p data-start=\"1799\" data-end=\"2239\">V\u00e4ljaspool osalevaid riike v\u00f5i EL-i elavatele m\u00e4ngijatele v\u00f5ib EuroMillions EU-l osalemine tunduda keeruline. Rahvusvahelised loteriivahendusteenused on aga muutnud osalemise lihtsaks ja k\u00e4ttesaadavaks. V\u00e4lismaistele m\u00e4ngijatele ostetakse pileteid peamiselt Austrias. Austria h\u00e4sti korraldatud loteriis\u00fcsteem v\u00f5imaldab m\u00e4ngijatel kogu maailmast osaleda loosimistes legaalselt ja v\u00f5idelda jackpot\u2019i nimel s\u00f5ltumata geograafilisest asukohast.<\/p>\n<p data-start=\"2241\" data-end=\"2610\">Jackpottide osas pakub EuroMillions EU m\u00e4rkimisv\u00e4\u00e4rseid miinimum- ja maksimumsumma piirm\u00e4\u00e4rasid, mille eesm\u00e4rk on s\u00e4ilitada m\u00e4ngu p\u00f5nevus ja hoida m\u00e4ngijate huvi. Miinimumjackpot algab h\u00e4mmastavalt \u20ac17 miljonist, mis on juba iseenesest elumuutev summa. Aastate jooksul on jackpot\u2019i maksimumpiir kasvanud loterii populaarsuse kasvades \u2014 t\u00e4nane \u00fclempiir on \u20ac250 miljonit.<\/p>\n<p data-start=\"2612\" data-end=\"2850\">Kui jackpot j\u00f5uab \u20ac200 miljonini, rakendatakse erireegleid: see summa v\u00f5ib p\u00fcsida nelja j\u00e4rjestikuse loosimise jooksul. Kui selle aja jooksul ei ole v\u00f5itjat, jagatakse kogu jackpot j\u00e4rgmise k\u00f5rgeima auhinnataseme vahel mitme v\u00f5itja vahel.<\/p>\n<p data-start=\"2852\" data-end=\"3075\">Kui saavutatakse maksimaalne jackpot ehk \u20ac250 miljonit, rakenduvad need reeglid uuesti. Kui viie loosimise jooksul ei ole \u00fchtegi v\u00f5itjat, jagatakse kogu v\u00f5idusumma teise taseme v\u00f5itjatele, mis toob kaasa mitu uut miljon\u00e4ri.<\/p>\n<p data-start=\"3077\" data-end=\"3357\">Sellised jackpot\u2019i \u00fclekanded muudavad m\u00e4ngu strateegilisemaks ja p\u00f5nevamaks. Kui jackpot j\u00f5uab oma haripunkti l\u00e4hedale, kasvab piletim\u00fc\u00fck m\u00e4rkimisv\u00e4\u00e4rselt, peegeldades m\u00e4ngijate entusiasmi ja ootusi. Suured auhinnad k\u00f6idavad ka meedia t\u00e4helepanu ja suurendavad m\u00e4ngu populaarsust.<\/p>\n<p data-start=\"3359\" data-end=\"3579\">EuroMillions on ajalooliselt loonud suure hulga k\u00f5rge profiiliga v\u00f5itjaid \u00fcle kogu Euroopa \u2014 inimesed, kes on saanud \u00fcle\u00f6\u00f6 multimiljon\u00e4rideks. Eriti edukate riikide seas on Austria, kus on m\u00e4ngul palju f\u00e4nne ja v\u00f5itjaid.<\/p>\n<p data-start=\"3581\" data-end=\"3918\">\u00dclemaailmne ligip\u00e4\u00e4setavus koos l\u00e4bipaistva reeglistiku ja p\u00f5neva jackpot\u2019i struktuuriga muudab EuroMillions EU atraktiivseks v\u00f5imaluseks m\u00e4ngijatele kogu maailmast. Selle laiaulatuslik kohalolek Euroopa v\u00f5tmeriikides toob m\u00e4ngu kultuurilise mitmekesisuse, samal ajal kui tohutu jackpot\u2019i potentsiaal \u00e4ratab pidevalt rahvusvahelist huvi.<\/p>\n<p data-start=\"3920\" data-end=\"4258\">Euroopast v\u00e4ljaspool elavad m\u00e4ngijad saavad osaleda t\u00e4nu usaldusv\u00e4\u00e4rsetele loteriivahendusteenustele, mis tagavad turvalise ja seadusliku osaluse. Need teenused ostavad pileteid f\u00fc\u00fcsiliselt Austrias, skaneerivad need, laevad info m\u00e4ngijate kontodele ja maksavad v\u00f5idud otse v\u00e4lja \u2014 v\u00f5imaldades osaleda olenemata geograafilisest asukohast.<\/p>\n<p data-start=\"4260\" data-end=\"4590\">Kokkuv\u00f5ttes pakub EuroMillions EU oma kindla struktuuri, selgete reeglite ja m\u00e4rkimisv\u00e4\u00e4rsete auhindadega kogu maailmale atraktiivset loteriiv\u00f5imalust. \u20ac17 miljoni garanteeritud auhinnafond ja kuni \u20ac250 miljoni jackpot\u2019i lagi koos \u00fclekantereeglitega loovad j\u00e4tkuvalt p\u00f5nevust ja suurt kasu m\u00e4ngijatele kogu Euroopas ja kaugemalgi.<\/p>\n","protected":false},"excerpt":{"rendered":"<p>EuroMillions EU on \u00fcks Euroopa suurimaid ja populaarsemaid loteriisid, mis t\u00f5mbab igal n\u00e4dalal ligi miljoneid osalejaid t\u00e4nu oma elumuutva suurusega jackpottidele. Loterii, mis on ametlikult tuntud kui EuroMillionsi EL-i versioon, on v\u00e4ga populaarne mitmes Euroopa riigis, sealhulgas Prantsusmaal, Hispaanias, Austrias, Belgias, Iirimaal, Luksemburgis, Portugalis ja \u0160veitsis. EuroMillions k\u00e4ivitati esmakordselt 13. veebruaril 2004 Prantsusmaal, Hispaanias ja [&hellip;]<\/p>\n","protected":false},"author":8,"featured_media":0,"parent":16809,"menu_order":4,"comment_status":"closed","ping_status":"closed","template":"euromillions-at-info.php","meta":{"_et_pb_use_builder":"","_et_pb_old_content":"","_et_gb_content_width":"","exclude_from_search":false,"footnotes":""},"class_list":["post-87639","page","type-page","status-publish","hentry"],"yoast_head":"<!-- This site is optimized with the Yoast SEO plugin v23.8 - https:\/\/yoast.com\/wordpress\/plugins\/seo\/ -->\n<title>Osta Euromillions pileteid internetis v\u00e4ljastpoolt ELi<\/title>\n<meta name=\"description\" content=\"Kuidas osta Euromillions&#039;i pileteid internetis, \u00dchendkuningriigi ja ELi Euromillions&#039;i versiooni jaoks. Hankige pileteid k\u00f5ikjalt, isegi v\u00e4ljastpoolt ELi.\" \/>\n<meta name=\"robots\" content=\"index, follow, max-snippet:-1, max-image-preview:large, max-video-preview:-1\" \/>\n<link rel=\"canonical\" href=\"https:\/\/redfoxlotto.com\/et\/informatsioon\/euromillions-eu\/\" \/>\n<meta property=\"og:locale\" content=\"et_EE\" \/>\n<meta property=\"og:type\" content=\"article\" \/>\n<meta property=\"og:title\" content=\"Osta Euromillions pileteid internetis v\u00e4ljastpoolt ELi\" \/>\n<meta property=\"og:description\" content=\"Kuidas osta Euromillions&#039;i pileteid internetis, \u00dchendkuningriigi ja ELi Euromillions&#039;i versiooni jaoks. Hankige pileteid k\u00f5ikjalt, isegi v\u00e4ljastpoolt ELi.\" \/>\n<meta property=\"og:url\" content=\"https:\/\/redfoxlotto.com\/et\/informatsioon\/euromillions-eu\/\" \/>\n<meta property=\"og:site_name\" content=\"Get Tickets for the World\u2019s largest jackpots\" \/>\n<meta property=\"article:modified_time\" content=\"2025-05-28T06:41:20+00:00\" \/>\n<meta property=\"og:image\" content=\"https:\/\/redfoxlotto.com\/wp-content\/uploads\/2023\/04\/powerball-draw-youtube1-300x300-1.jpg\" \/>\n<meta name=\"twitter:card\" content=\"summary_large_image\" \/>\n<meta name=\"twitter:label1\" content=\"Est. reading time\" \/>\n\t<meta name=\"twitter:data1\" content=\"3 minutit\" \/>\n<script type=\"application\/ld+json\" class=\"yoast-schema-graph\">{\"@context\":\"https:\/\/schema.org\",\"@graph\":[{\"@type\":\"WebPage\",\"@id\":\"https:\/\/redfoxlotto.com\/et\/informatsioon\/euromillions-eu\/\",\"url\":\"https:\/\/redfoxlotto.com\/et\/informatsioon\/euromillions-eu\/\",\"name\":\"Osta Euromillions pileteid internetis v\u00e4ljastpoolt ELi\",\"isPartOf\":{\"@id\":\"https:\/\/redfoxlotto.com\/et\/#website\"},\"primaryImageOfPage\":{\"@id\":\"https:\/\/redfoxlotto.com\/et\/informatsioon\/euromillions-eu\/#primaryimage\"},\"image\":{\"@id\":\"https:\/\/redfoxlotto.com\/et\/informatsioon\/euromillions-eu\/#primaryimage\"},\"thumbnailUrl\":\"https:\/\/redfoxlotto.com\/wp-content\/uploads\/2023\/04\/powerball-draw-youtube1-300x300-1.jpg\",\"datePublished\":\"2025-05-19T09:08:38+00:00\",\"dateModified\":\"2025-05-28T06:41:20+00:00\",\"description\":\"Kuidas osta Euromillions'i pileteid internetis, \u00dchendkuningriigi ja ELi Euromillions'i versiooni jaoks. Hankige pileteid k\u00f5ikjalt, isegi v\u00e4ljastpoolt ELi.\",\"breadcrumb\":{\"@id\":\"https:\/\/redfoxlotto.com\/et\/informatsioon\/euromillions-eu\/#breadcrumb\"},\"inLanguage\":\"et\",\"potentialAction\":[{\"@type\":\"ReadAction\",\"target\":[\"https:\/\/redfoxlotto.com\/et\/informatsioon\/euromillions-eu\/\"]}]},{\"@type\":\"ImageObject\",\"inLanguage\":\"et\",\"@id\":\"https:\/\/redfoxlotto.com\/et\/informatsioon\/euromillions-eu\/#primaryimage\",\"url\":\"https:\/\/redfoxlotto.com\/wp-content\/uploads\/2023\/04\/powerball-draw-youtube1-300x300-1.jpg\",\"contentUrl\":\"https:\/\/redfoxlotto.com\/wp-content\/uploads\/2023\/04\/powerball-draw-youtube1-300x300-1.jpg\"},{\"@type\":\"BreadcrumbList\",\"@id\":\"https:\/\/redfoxlotto.com\/et\/informatsioon\/euromillions-eu\/#breadcrumb\",\"itemListElement\":[{\"@type\":\"ListItem\",\"position\":1,\"name\":\"Home\",\"item\":\"https:\/\/redfoxlotto.com\/et\/\"},{\"@type\":\"ListItem\",\"position\":2,\"name\":\"Osta loteriipileteid internetis\",\"item\":\"https:\/\/redfoxlotto.com\/et\/informatsioon\/\"},{\"@type\":\"ListItem\",\"position\":3,\"name\":\"Euromillions EU kohta\"}]},{\"@type\":\"WebSite\",\"@id\":\"https:\/\/redfoxlotto.com\/et\/#website\",\"url\":\"https:\/\/redfoxlotto.com\/et\/\",\"name\":\"Get Tickets for the World\u2019s largest jackpots\",\"description\":\"Participate in worldwide lottery jackpots from any country\",\"publisher\":{\"@id\":\"https:\/\/redfoxlotto.com\/et\/#organization\"},\"potentialAction\":[{\"@type\":\"SearchAction\",\"target\":{\"@type\":\"EntryPoint\",\"urlTemplate\":\"https:\/\/redfoxlotto.com\/et\/?s={search_term_string}\"},\"query-input\":{\"@type\":\"PropertyValueSpecification\",\"valueRequired\":true,\"valueName\":\"search_term_string\"}}],\"inLanguage\":\"et\"},{\"@type\":\"Organization\",\"@id\":\"https:\/\/redfoxlotto.com\/et\/#organization\",\"name\":\"Get Tickets for the World\u2019s largest jackpots\",\"url\":\"https:\/\/redfoxlotto.com\/et\/\",\"logo\":{\"@type\":\"ImageObject\",\"inLanguage\":\"et\",\"@id\":\"https:\/\/redfoxlotto.com\/et\/#\/schema\/logo\/image\/\",\"url\":\"https:\/\/redfoxlotto.com\/wp-content\/uploads\/2023\/04\/logo.png\",\"contentUrl\":\"https:\/\/redfoxlotto.com\/wp-content\/uploads\/2023\/04\/logo.png\",\"width\":269,\"height\":53,\"caption\":\"Get Tickets for the World\u2019s largest jackpots\"},\"image\":{\"@id\":\"https:\/\/redfoxlotto.com\/et\/#\/schema\/logo\/image\/\"}}]}<\/script>\n<!-- \/ Yoast SEO plugin. -->","yoast_head_json":{"title":"Osta Euromillions pileteid internetis v\u00e4ljastpoolt ELi","description":"Kuidas osta Euromillions'i pileteid internetis, \u00dchendkuningriigi ja ELi Euromillions'i versiooni jaoks. Hankige pileteid k\u00f5ikjalt, isegi v\u00e4ljastpoolt ELi.","robots":{"index":"index","follow":"follow","max-snippet":"max-snippet:-1","max-image-preview":"max-image-preview:large","max-video-preview":"max-video-preview:-1"},"canonical":"https:\/\/redfoxlotto.com\/et\/informatsioon\/euromillions-eu\/","og_locale":"et_EE","og_type":"article","og_title":"Osta Euromillions pileteid internetis v\u00e4ljastpoolt ELi","og_description":"Kuidas osta Euromillions'i pileteid internetis, \u00dchendkuningriigi ja ELi Euromillions'i versiooni jaoks. Hankige pileteid k\u00f5ikjalt, isegi v\u00e4ljastpoolt ELi.","og_url":"https:\/\/redfoxlotto.com\/et\/informatsioon\/euromillions-eu\/","og_site_name":"Get Tickets for the World\u2019s largest jackpots","article_modified_time":"2025-05-28T06:41:20+00:00","og_image":[{"url":"https:\/\/redfoxlotto.com\/wp-content\/uploads\/2023\/04\/powerball-draw-youtube1-300x300-1.jpg"}],"twitter_card":"summary_large_image","twitter_misc":{"Est. reading time":"3 minutit"},"schema":{"@context":"https:\/\/schema.org","@graph":[{"@type":"WebPage","@id":"https:\/\/redfoxlotto.com\/et\/informatsioon\/euromillions-eu\/","url":"https:\/\/redfoxlotto.com\/et\/informatsioon\/euromillions-eu\/","name":"Osta Euromillions pileteid internetis v\u00e4ljastpoolt ELi","isPartOf":{"@id":"https:\/\/redfoxlotto.com\/et\/#website"},"primaryImageOfPage":{"@id":"https:\/\/redfoxlotto.com\/et\/informatsioon\/euromillions-eu\/#primaryimage"},"image":{"@id":"https:\/\/redfoxlotto.com\/et\/informatsioon\/euromillions-eu\/#primaryimage"},"thumbnailUrl":"https:\/\/redfoxlotto.com\/wp-content\/uploads\/2023\/04\/powerball-draw-youtube1-300x300-1.jpg","datePublished":"2025-05-19T09:08:38+00:00","dateModified":"2025-05-28T06:41:20+00:00","description":"Kuidas osta Euromillions'i pileteid internetis, \u00dchendkuningriigi ja ELi Euromillions'i versiooni jaoks. Hankige pileteid k\u00f5ikjalt, isegi v\u00e4ljastpoolt ELi.","breadcrumb":{"@id":"https:\/\/redfoxlotto.com\/et\/informatsioon\/euromillions-eu\/#breadcrumb"},"inLanguage":"et","potentialAction":[{"@type":"ReadAction","target":["https:\/\/redfoxlotto.com\/et\/informatsioon\/euromillions-eu\/"]}]},{"@type":"ImageObject","inLanguage":"et","@id":"https:\/\/redfoxlotto.com\/et\/informatsioon\/euromillions-eu\/#primaryimage","url":"https:\/\/redfoxlotto.com\/wp-content\/uploads\/2023\/04\/powerball-draw-youtube1-300x300-1.jpg","contentUrl":"https:\/\/redfoxlotto.com\/wp-content\/uploads\/2023\/04\/powerball-draw-youtube1-300x300-1.jpg"},{"@type":"BreadcrumbList","@id":"https:\/\/redfoxlotto.com\/et\/informatsioon\/euromillions-eu\/#breadcrumb","itemListElement":[{"@type":"ListItem","position":1,"name":"Home","item":"https:\/\/redfoxlotto.com\/et\/"},{"@type":"ListItem","position":2,"name":"Osta loteriipileteid internetis","item":"https:\/\/redfoxlotto.com\/et\/informatsioon\/"},{"@type":"ListItem","position":3,"name":"Euromillions EU kohta"}]},{"@type":"WebSite","@id":"https:\/\/redfoxlotto.com\/et\/#website","url":"https:\/\/redfoxlotto.com\/et\/","name":"Get Tickets for the World\u2019s largest jackpots","description":"Participate in worldwide lottery jackpots from any country","publisher":{"@id":"https:\/\/redfoxlotto.com\/et\/#organization"},"potentialAction":[{"@type":"SearchAction","target":{"@type":"EntryPoint","urlTemplate":"https:\/\/redfoxlotto.com\/et\/?s={search_term_string}"},"query-input":{"@type":"PropertyValueSpecification","valueRequired":true,"valueName":"search_term_string"}}],"inLanguage":"et"},{"@type":"Organization","@id":"https:\/\/redfoxlotto.com\/et\/#organization","name":"Get Tickets for the World\u2019s largest jackpots","url":"https:\/\/redfoxlotto.com\/et\/","logo":{"@type":"ImageObject","inLanguage":"et","@id":"https:\/\/redfoxlotto.com\/et\/#\/schema\/logo\/image\/","url":"https:\/\/redfoxlotto.com\/wp-content\/uploads\/2023\/04\/logo.png","contentUrl":"https:\/\/redfoxlotto.com\/wp-content\/uploads\/2023\/04\/logo.png","width":269,"height":53,"caption":"Get Tickets for the World\u2019s largest jackpots"},"image":{"@id":"https:\/\/redfoxlotto.com\/et\/#\/schema\/logo\/image\/"}}]}},"_links":{"self":[{"href":"https:\/\/redfoxlotto.com\/et\/wp-json\/wp\/v2\/pages\/87639","targetHints":{"allow":["GET"]}}],"collection":[{"href":"https:\/\/redfoxlotto.com\/et\/wp-json\/wp\/v2\/pages"}],"about":[{"href":"https:\/\/redfoxlotto.com\/et\/wp-json\/wp\/v2\/types\/page"}],"author":[{"embeddable":true,"href":"https:\/\/redfoxlotto.com\/et\/wp-json\/wp\/v2\/users\/8"}],"replies":[{"embeddable":true,"href":"https:\/\/redfoxlotto.com\/et\/wp-json\/wp\/v2\/comments?post=87639"}],"version-history":[{"count":0,"href":"https:\/\/redfoxlotto.com\/et\/wp-json\/wp\/v2\/pages\/87639\/revisions"}],"up":[{"embeddable":true,"href":"https:\/\/redfoxlotto.com\/et\/wp-json\/wp\/v2\/pages\/16809"}],"wp:attachment":[{"href":"https:\/\/redfoxlotto.com\/et\/wp-json\/wp\/v2\/media?parent=87639"}],"curies":[{"name":"wp","href":"https:\/\/api.w.org\/{rel}","templated":true}]}}