{"id":87578,"date":"2025-05-19T09:07:38","date_gmt":"2025-05-19T09:07:38","guid":{"rendered":"https:\/\/redfoxlotto.com\/?page_id=87578"},"modified":"2025-12-17T06:37:22","modified_gmt":"2025-12-17T06:37:22","slug":"euromillions-eu","status":"publish","type":"page","link":"https:\/\/redfoxlotto.com\/et\/mangi\/euromillions-eu\/","title":{"rendered":"M\u00e4ngi Euromillions EU"},"content":{"rendered":"<p><script type=\"application\/ld+json\">\n{\n  \"@context\": \"https:\/\/schema.org\",\n  \"@type\": \"Service\",\n  \"name\": \"M\u00e4ngi Euromillions Internetis\",\n  \"url\": \"https:\/\/redfoxlotto.com\/et\/mangi\/euromillions\/\",\n  \"description\": \"M\u00e4ngi Euromillions loteriid veebis, \u00fcksk\u00f5ik kust riigist. K\u00fclasta RedFoxLotto, vali oma numbrid ja saa piletid.\",\n  \"serviceType\": \"Online lottery ticket messenger service\",\n  \"provider\": {\n    \"@type\": \"Organization\",\n    \"name\": \"RedFoxLotto\",\n    \"url\": \"https:\/\/redfoxlotto.com\/et\/\",\n    \"image\": \"https:\/\/redfoxlotto.com\/wp-content\/uploads\/2025\/12\/ticket_scans.jpg\",\n    \"sameAs\": []\n  },\n  \"areaServed\": \"Worldwide\",\n  \"termsOfService\": \"https:\/\/redfoxlotto.com\/terms-and-conditions\",\n  \"additionalProperty\": {\n    \"@type\": \"PropertyValue\",\n    \"name\": \"FAQ\",\n    \"value\": \"https:\/\/redfoxlotto.com\/et\/faq\/\"\n  },\n  \"hasOfferCatalog\": {\n    \"@type\": \"OfferCatalog\",\n    \"name\": \"Euromillions Lotopiletid\",\n    \"itemListElement\": [\n      {\n        \"@type\": \"Offer\",\n        \"name\": \"Euromillions Piletid\",\n        \"url\": \"https:\/\/redfoxlotto.com\/et\/mangi\/euromillions\/\",\n        \"description\": \"Kl\u00f5psake siin, et valida numbrid j\u00e4rgmise Euromillions loosimise jaoks \u2013 tellige piletid veebis.\",\n        \"price\": \"7.00\",\n        \"priceCurrency\": \"EUR\",\n        \"availability\": \"https:\/\/schema.org\/InStock\",\n        \"itemOffered\": {\n          \"@type\": \"Service\",\n          \"name\": \"Euromillions Lotopiletid\",\n          \"description\": \"M\u00e4ngi j\u00e4rgmises Euromillions loosimises RedFoxLotto kaudu.\"\n        }\n      }\n    ]\n  },\n  \"mainEntityOfPage\": {\n    \"@type\": \"WebPage\",\n    \"@id\": \"https:\/\/redfoxlotto.com\/et\/mangi\/euromillions\/\"\n  }\n}\n<\/script><\/p>\n<p><img loading=\"lazy\" decoding=\"async\" class=\" wp-image-67116 alignleft\" src=\"https:\/\/redfoxlotto.com\/wp-content\/uploads\/2024\/03\/Balls-300x300.png\" alt=\"euromillions austria\" width=\"244\" height=\"244\" \/><\/p>\n<h2 data-start=\"34\" data-end=\"85\">Sissejuhatus: Mis on EuroMillions EU (Austria)?<\/h2>\n<p data-start=\"87\" data-end=\"365\">EuroMillions EU (Austria) on \u00fcks Euroopa populaarsemaid ja suurima auhinnafondiga lotom\u00e4nge. See k\u00e4ivitati 2004. aastal ning seda m\u00e4ngitakse ametlikult \u00fcheksas Euroopa riigis: Prantsusmaal, Hispaanias, Austrias, Belgias, Iirimaal, Luksemburgis, Portugalis, \u0160veitsis ja Andorras.<\/p>\n<p data-start=\"367\" data-end=\"632\">Aga mis siis, kui sa ei ela Euroopas ega \u00fcheski EuroMillionsis osalevas riigis? Kas sa saad siiski osaleda ja v\u00f5ita elu muutva jackpoti? Vastus on jah \u2013 sa saad osta EuroMillions EU (Austria) pileteid internetis RedFoxLotto.com lehelt, s\u00f5ltumata oma elukohariigist.<\/p>\n<h2 data-start=\"634\" data-end=\"689\">Kuidas m\u00e4ngida EuroMillionsi veebis v\u00e4ljaspool EL-i<\/h2>\n<p data-start=\"691\" data-end=\"877\">Kui sinu riik ei kuulu osalejate hulka, ei saa sa piletit osta oma kohalikust poest. \u00d5nneks saad usaldusv\u00e4\u00e4rse vahendusteenuse, nagu RedFoxLotto, kaudu siiski osaleda. Kuidas see toimib:<\/p>\n<ol data-start=\"879\" data-end=\"1152\">\n<li data-start=\"879\" data-end=\"911\">\n<p data-start=\"882\" data-end=\"911\">K\u00fclasta <a class=\"\" href=\"http:\/\/www.RedFoxLotto.com\" target=\"_new\" rel=\"noopener\" data-start=\"890\" data-end=\"909\">www.RedFoxLotto.com<\/a><\/p>\n<\/li>\n<li data-start=\"912\" data-end=\"957\">\n<p data-start=\"915\" data-end=\"957\">Vali EuroMillions EU (Austria) loosimine<\/p>\n<\/li>\n<li data-start=\"958\" data-end=\"1002\">\n<p data-start=\"961\" data-end=\"1002\">Vali oma numbrid v\u00f5i kasuta juhuvalikut<\/p>\n<\/li>\n<li data-start=\"1003\" data-end=\"1080\">\n<p data-start=\"1006\" data-end=\"1080\">L\u00f5peta tellimus \u2013 kohalik Austria agent ostab sinu eest ehtsa lotopileti<\/p>\n<\/li>\n<li data-start=\"1081\" data-end=\"1152\">\n<p data-start=\"1084\" data-end=\"1152\">Pileti skaneeritud koopia lisatakse sinu kontole t\u00f5endina ostu kohta<\/p>\n<\/li>\n<\/ol>\n<p data-start=\"1154\" data-end=\"1321\">See on 100% seaduslik ning kindel viis osaleda ametlikus EuroMillions EU (Austria) loosimises, olenemata sellest, kas elad Aasias, Aafrikas, Ameerikas v\u00f5i Austraalias.<\/p>\n<h2 data-start=\"1323\" data-end=\"1399\">Erinevused EuroMillions EU (Austria) ja \u00dchendkuningriigi versiooni vahel<\/h2>\n<p data-start=\"1401\" data-end=\"1550\">On olemas kaks eraldi m\u00e4ngu: EuroMillions EU ja UK EuroMillions. M\u00f5lemad kuuluvad EuroMillionsi nime alla, kuid neil on erinevad reeglid ja omadused.<\/p>\n<p data-start=\"1552\" data-end=\"1739\">\u00dchendkuningriigi piletid on kallimad, kuna need sisaldavad lisafunktsiooni nimega \u201cMillionaire Maker\u201d \u2013 lisam\u00e4ng, mis tagab v\u00e4hemalt \u00fchele briti m\u00e4ngijale 1 miljoni naela iga loosimisega.<\/p>\n<p data-start=\"1741\" data-end=\"1843\">UK versioonil on ka erinev v\u00e4ljamakses\u00fcsteem ning seda m\u00f5jutavad regulatiivsed kulud ja valuutakursid.<\/p>\n<p data-start=\"1845\" data-end=\"2063\">Kui m\u00e4ngid RedFoxLotto kaudu, osaled sa EU versioonis (Austria), mitte UK loosimises. Austria versioonis pole Millionaire Maker funktsiooni, mis teeb piletid odavamaks ja m\u00e4ngu lihtsamaks. UK pileteid saab osta mujalt.<\/p>\n<h2 data-start=\"2065\" data-end=\"2093\">Kust pileteid ostetakse?<\/h2>\n<p data-start=\"2095\" data-end=\"2251\">K\u00f5ik RedFoxLotto kaudu ostetud EuroMillions EU piletid ostetakse f\u00fc\u00fcsiliselt Austrias \u2013 EL-i ametlikus osalejariigis ja praktilises asukohas piletite jaoks.<\/p>\n<h2 data-start=\"2253\" data-end=\"2275\">Miks just Austria?<\/h2>\n<p data-start=\"2277\" data-end=\"2423\">Austria on EL-i liige, mis v\u00f5imaldab juurdep\u00e4\u00e4su algsele EuroMillions EU loosimisele. Lotopiletid alluvad rangetele reeglitele ja l\u00e4bipaistvusele.<\/p>\n<p data-start=\"2425\" data-end=\"2616\">V\u00f5idud ei kuulu praegu Austrias maksustamisele \u2013 suur eelis v\u00e4lism\u00e4ngijatele. Kui sinu pilet on ostetud, lisatakse selle skaneeritud koopia sinu kontole \u2013 see tagab omandi\u00f5iguse ja meelerahu.<\/p>\n<h2 data-start=\"2618\" data-end=\"2664\">Jackpoti info: miinimum ja maksimum summad<\/h2>\n<p data-start=\"2666\" data-end=\"2770\">\u00dcks peamisi p\u00f5hjuseid, miks m\u00e4ngijad kogu maailmast tahavad EuroMillionsi m\u00e4ngida, on tohutud jackpotid.<\/p>\n<p data-start=\"2772\" data-end=\"2790\">Kuidas see toimib:<\/p>\n<ul data-start=\"2792\" data-end=\"2881\">\n<li data-start=\"2792\" data-end=\"2830\">\n<p data-start=\"2794\" data-end=\"2830\">Miinimumjackpot: 17 miljonit eurot<\/p>\n<\/li>\n<li data-start=\"2831\" data-end=\"2881\">\n<p data-start=\"2833\" data-end=\"2881\">Maksimaalne jackpot (lagi): 250 miljonit eurot<\/p>\n<\/li>\n<\/ul>\n<p data-start=\"2883\" data-end=\"2968\">Kui v\u00f5itjat ei ole, kantakse summa j\u00e4rgmisse loosimisse ning jackpot kasvab kiiresti.<\/p>\n<h2 data-start=\"2970\" data-end=\"3018\">Mis juhtub, kui jackpot j\u00f5uab 200 miljonini?<\/h2>\n<p data-start=\"3020\" data-end=\"3078\">Kui auhinnafond j\u00f5uab 200 miljoni euroni, juhtub j\u00e4rgmine:<\/p>\n<ul data-start=\"3080\" data-end=\"3165\">\n<li data-start=\"3080\" data-end=\"3120\">\n<p data-start=\"3082\" data-end=\"3120\">Jackpot kasvab 10 miljoni euro kaupa<\/p>\n<\/li>\n<li data-start=\"3121\" data-end=\"3165\">\n<p data-start=\"3123\" data-end=\"3165\">See j\u00e4tkub kuni maksimumi, 250 miljonini<\/p>\n<\/li>\n<\/ul>\n<h2 data-start=\"3167\" data-end=\"3205\">Mis juhtub 250 miljoni euro puhul?<\/h2>\n<p data-start=\"3207\" data-end=\"3389\">Kui jackpot j\u00f5uab 250 miljoni euroni, v\u00f5ib see seal p\u00fcsida veel kuni neli loosimist. Kui ikka pole v\u00f5itjat, jaotatakse summa j\u00e4rgmise v\u00f5idutaseme vahel \u2013 raha ei j\u00e4\u00e4 kunagi jagamata.<\/p>\n<p data-start=\"3391\" data-end=\"3510\">Need reeglid muudavad EuroMillions EU (Austria) loterii \u00fcheks maailma k\u00f5ige p\u00f5nevamaks ja m\u00e4ngijas\u00f5bralikumaks m\u00e4nguks.<\/p>\n<h2 data-start=\"3512\" data-end=\"3561\">Miks m\u00e4ngida EuroMillions EU (Austria) veebis<\/h2>\n<p data-start=\"3563\" data-end=\"3630\">Eriti kui sa elad v\u00e4ljaspool EL-i, on veebim\u00e4ngul mitmeid eeliseid:<\/p>\n<ul data-start=\"3632\" data-end=\"3869\">\n<li data-start=\"3632\" data-end=\"3687\">\n<p data-start=\"3634\" data-end=\"3687\">\u00dclemaailmne ligip\u00e4\u00e4s: Keegi pole piiratud asukohaga<\/p>\n<\/li>\n<li data-start=\"3688\" data-end=\"3737\">\n<p data-start=\"3690\" data-end=\"3737\">Mugavus: Osta pileteid igal ajal, igalt poolt<\/p>\n<\/li>\n<li data-start=\"3738\" data-end=\"3771\">\n<p data-start=\"3740\" data-end=\"3771\">Digitaalne t\u00f5end pileti kohta<\/p>\n<\/li>\n<li data-start=\"3772\" data-end=\"3823\">\n<p data-start=\"3774\" data-end=\"3823\">Maksusoodustused: Austrias on v\u00f5idud maksuvabad<\/p>\n<\/li>\n<li data-start=\"3824\" data-end=\"3869\">\n<p data-start=\"3826\" data-end=\"3869\">Suured jackpotid: kuni 250 miljonit eurot<\/p>\n<\/li>\n<\/ul>\n<h2 data-start=\"3871\" data-end=\"3883\">L\u00f5pus\u00f5na<\/h2>\n<p data-start=\"3885\" data-end=\"4087\">Sul ei ole vaja elada Prantsusmaal, Hispaanias v\u00f5i Portugalis, et m\u00e4ngida EuroMillions EU (Austria) loteriid. T\u00e4nap\u00e4eva internetiajastul saad sa osaleda ka v\u00e4ljaspool EL-i ja p\u00fc\u00fcda rekordilisi jackpote.<\/p>\n<p data-start=\"4089\" data-end=\"4289\">Kas tahad saada j\u00e4rgmiseks Euroopa miljon\u00e4riks v\u00f5i naudid lihtsalt m\u00e4ngu \u2013 RedFoxLotto.com kaudu osalemine on lihtne. Vali oma \u00f5nnenumbrid ja m\u00e4ngi juba t\u00e4na. J\u00e4rgmine suur v\u00f5itja v\u00f5id olla just sina!<\/p>\n","protected":false},"excerpt":{"rendered":"<p>Sissejuhatus: Mis on EuroMillions EU (Austria)? EuroMillions EU (Austria) on \u00fcks Euroopa populaarsemaid ja suurima auhinnafondiga lotom\u00e4nge. See k\u00e4ivitati 2004. aastal ning seda m\u00e4ngitakse ametlikult \u00fcheksas Euroopa riigis: Prantsusmaal, Hispaanias, Austrias, Belgias, Iirimaal, Luksemburgis, Portugalis, \u0160veitsis ja Andorras. Aga mis siis, kui sa ei ela Euroopas ega \u00fcheski EuroMillionsis osalevas riigis? Kas sa saad siiski [&hellip;]<\/p>\n","protected":false},"author":8,"featured_media":0,"parent":16827,"menu_order":4,"comment_status":"closed","ping_status":"closed","template":"euromillions-at.php","meta":{"_et_pb_use_builder":"","_et_pb_old_content":"","_et_gb_content_width":"","exclude_from_search":false,"footnotes":""},"class_list":["post-87578","page","type-page","status-publish","hentry"],"yoast_head":"<!-- This site is optimized with the Yoast SEO plugin v23.8 - https:\/\/yoast.com\/wordpress\/plugins\/seo\/ -->\n<title>M\u00e4ngi Euromillions&#039;i internetis v\u00e4ljastpoolt ELi<\/title>\n<meta name=\"description\" content=\"Kuidas m\u00e4ngida Euromillions&#039;i internetis v\u00e4ljastpoolt ELi v\u00f5i kui teie riik ei osale Euromillions&#039;is.\" \/>\n<meta name=\"robots\" content=\"index, follow, max-snippet:-1, max-image-preview:large, max-video-preview:-1\" \/>\n<link rel=\"canonical\" href=\"https:\/\/redfoxlotto.com\/et\/mangi\/euromillions-eu\/\" \/>\n<meta property=\"og:locale\" content=\"et_EE\" \/>\n<meta property=\"og:type\" content=\"article\" \/>\n<meta property=\"og:title\" content=\"M\u00e4ngi Euromillions&#039;i internetis v\u00e4ljastpoolt ELi\" \/>\n<meta property=\"og:description\" content=\"Kuidas m\u00e4ngida Euromillions&#039;i internetis v\u00e4ljastpoolt ELi v\u00f5i kui teie riik ei osale Euromillions&#039;is.\" \/>\n<meta property=\"og:url\" content=\"https:\/\/redfoxlotto.com\/et\/mangi\/euromillions-eu\/\" \/>\n<meta property=\"og:site_name\" content=\"Get Tickets for the World\u2019s largest jackpots\" \/>\n<meta property=\"article:modified_time\" content=\"2025-12-17T06:37:22+00:00\" \/>\n<meta property=\"og:image\" content=\"https:\/\/redfoxlotto.com\/wp-content\/uploads\/2024\/03\/Balls-300x300.png\" \/>\n<meta name=\"twitter:card\" content=\"summary_large_image\" \/>\n<meta name=\"twitter:label1\" content=\"Est. reading time\" \/>\n\t<meta name=\"twitter:data1\" content=\"3 minutit\" \/>\n<script type=\"application\/ld+json\" class=\"yoast-schema-graph\">{\"@context\":\"https:\/\/schema.org\",\"@graph\":[{\"@type\":\"WebPage\",\"@id\":\"https:\/\/redfoxlotto.com\/et\/mangi\/euromillions-eu\/\",\"url\":\"https:\/\/redfoxlotto.com\/et\/mangi\/euromillions-eu\/\",\"name\":\"M\u00e4ngi Euromillions'i internetis v\u00e4ljastpoolt ELi\",\"isPartOf\":{\"@id\":\"https:\/\/redfoxlotto.com\/et\/#website\"},\"primaryImageOfPage\":{\"@id\":\"https:\/\/redfoxlotto.com\/et\/mangi\/euromillions-eu\/#primaryimage\"},\"image\":{\"@id\":\"https:\/\/redfoxlotto.com\/et\/mangi\/euromillions-eu\/#primaryimage\"},\"thumbnailUrl\":\"https:\/\/redfoxlotto.com\/wp-content\/uploads\/2024\/03\/Balls-300x300.png\",\"datePublished\":\"2025-05-19T09:07:38+00:00\",\"dateModified\":\"2025-12-17T06:37:22+00:00\",\"description\":\"Kuidas m\u00e4ngida Euromillions'i internetis v\u00e4ljastpoolt ELi v\u00f5i kui teie riik ei osale Euromillions'is.\",\"breadcrumb\":{\"@id\":\"https:\/\/redfoxlotto.com\/et\/mangi\/euromillions-eu\/#breadcrumb\"},\"inLanguage\":\"et\",\"potentialAction\":[{\"@type\":\"ReadAction\",\"target\":[\"https:\/\/redfoxlotto.com\/et\/mangi\/euromillions-eu\/\"]}]},{\"@type\":\"ImageObject\",\"inLanguage\":\"et\",\"@id\":\"https:\/\/redfoxlotto.com\/et\/mangi\/euromillions-eu\/#primaryimage\",\"url\":\"https:\/\/redfoxlotto.com\/wp-content\/uploads\/2024\/03\/Balls-300x300.png\",\"contentUrl\":\"https:\/\/redfoxlotto.com\/wp-content\/uploads\/2024\/03\/Balls-300x300.png\"},{\"@type\":\"BreadcrumbList\",\"@id\":\"https:\/\/redfoxlotto.com\/et\/mangi\/euromillions-eu\/#breadcrumb\",\"itemListElement\":[{\"@type\":\"ListItem\",\"position\":1,\"name\":\"Home\",\"item\":\"https:\/\/redfoxlotto.com\/et\/\"},{\"@type\":\"ListItem\",\"position\":2,\"name\":\"Kuidas m\u00e4ngida teiste riikide loteriid\",\"item\":\"https:\/\/redfoxlotto.com\/et\/mangi\/\"},{\"@type\":\"ListItem\",\"position\":3,\"name\":\"M\u00e4ngi Euromillions EU\"}]},{\"@type\":\"WebSite\",\"@id\":\"https:\/\/redfoxlotto.com\/et\/#website\",\"url\":\"https:\/\/redfoxlotto.com\/et\/\",\"name\":\"Get Tickets for the World\u2019s largest jackpots\",\"description\":\"Participate in worldwide lottery jackpots from any country\",\"publisher\":{\"@id\":\"https:\/\/redfoxlotto.com\/et\/#organization\"},\"potentialAction\":[{\"@type\":\"SearchAction\",\"target\":{\"@type\":\"EntryPoint\",\"urlTemplate\":\"https:\/\/redfoxlotto.com\/et\/?s={search_term_string}\"},\"query-input\":{\"@type\":\"PropertyValueSpecification\",\"valueRequired\":true,\"valueName\":\"search_term_string\"}}],\"inLanguage\":\"et\"},{\"@type\":\"Organization\",\"@id\":\"https:\/\/redfoxlotto.com\/et\/#organization\",\"name\":\"Get Tickets for the World\u2019s largest jackpots\",\"url\":\"https:\/\/redfoxlotto.com\/et\/\",\"logo\":{\"@type\":\"ImageObject\",\"inLanguage\":\"et\",\"@id\":\"https:\/\/redfoxlotto.com\/et\/#\/schema\/logo\/image\/\",\"url\":\"https:\/\/redfoxlotto.com\/wp-content\/uploads\/2023\/04\/logo.png\",\"contentUrl\":\"https:\/\/redfoxlotto.com\/wp-content\/uploads\/2023\/04\/logo.png\",\"width\":269,\"height\":53,\"caption\":\"Get Tickets for the World\u2019s largest jackpots\"},\"image\":{\"@id\":\"https:\/\/redfoxlotto.com\/et\/#\/schema\/logo\/image\/\"}}]}<\/script>\n<!-- \/ Yoast SEO plugin. -->","yoast_head_json":{"title":"M\u00e4ngi Euromillions'i internetis v\u00e4ljastpoolt ELi","description":"Kuidas m\u00e4ngida Euromillions'i internetis v\u00e4ljastpoolt ELi v\u00f5i kui teie riik ei osale Euromillions'is.","robots":{"index":"index","follow":"follow","max-snippet":"max-snippet:-1","max-image-preview":"max-image-preview:large","max-video-preview":"max-video-preview:-1"},"canonical":"https:\/\/redfoxlotto.com\/et\/mangi\/euromillions-eu\/","og_locale":"et_EE","og_type":"article","og_title":"M\u00e4ngi Euromillions'i internetis v\u00e4ljastpoolt ELi","og_description":"Kuidas m\u00e4ngida Euromillions'i internetis v\u00e4ljastpoolt ELi v\u00f5i kui teie riik ei osale Euromillions'is.","og_url":"https:\/\/redfoxlotto.com\/et\/mangi\/euromillions-eu\/","og_site_name":"Get Tickets for the World\u2019s largest jackpots","article_modified_time":"2025-12-17T06:37:22+00:00","og_image":[{"url":"https:\/\/redfoxlotto.com\/wp-content\/uploads\/2024\/03\/Balls-300x300.png"}],"twitter_card":"summary_large_image","twitter_misc":{"Est. reading time":"3 minutit"},"schema":{"@context":"https:\/\/schema.org","@graph":[{"@type":"WebPage","@id":"https:\/\/redfoxlotto.com\/et\/mangi\/euromillions-eu\/","url":"https:\/\/redfoxlotto.com\/et\/mangi\/euromillions-eu\/","name":"M\u00e4ngi Euromillions'i internetis v\u00e4ljastpoolt ELi","isPartOf":{"@id":"https:\/\/redfoxlotto.com\/et\/#website"},"primaryImageOfPage":{"@id":"https:\/\/redfoxlotto.com\/et\/mangi\/euromillions-eu\/#primaryimage"},"image":{"@id":"https:\/\/redfoxlotto.com\/et\/mangi\/euromillions-eu\/#primaryimage"},"thumbnailUrl":"https:\/\/redfoxlotto.com\/wp-content\/uploads\/2024\/03\/Balls-300x300.png","datePublished":"2025-05-19T09:07:38+00:00","dateModified":"2025-12-17T06:37:22+00:00","description":"Kuidas m\u00e4ngida Euromillions'i internetis v\u00e4ljastpoolt ELi v\u00f5i kui teie riik ei osale Euromillions'is.","breadcrumb":{"@id":"https:\/\/redfoxlotto.com\/et\/mangi\/euromillions-eu\/#breadcrumb"},"inLanguage":"et","potentialAction":[{"@type":"ReadAction","target":["https:\/\/redfoxlotto.com\/et\/mangi\/euromillions-eu\/"]}]},{"@type":"ImageObject","inLanguage":"et","@id":"https:\/\/redfoxlotto.com\/et\/mangi\/euromillions-eu\/#primaryimage","url":"https:\/\/redfoxlotto.com\/wp-content\/uploads\/2024\/03\/Balls-300x300.png","contentUrl":"https:\/\/redfoxlotto.com\/wp-content\/uploads\/2024\/03\/Balls-300x300.png"},{"@type":"BreadcrumbList","@id":"https:\/\/redfoxlotto.com\/et\/mangi\/euromillions-eu\/#breadcrumb","itemListElement":[{"@type":"ListItem","position":1,"name":"Home","item":"https:\/\/redfoxlotto.com\/et\/"},{"@type":"ListItem","position":2,"name":"Kuidas m\u00e4ngida teiste riikide loteriid","item":"https:\/\/redfoxlotto.com\/et\/mangi\/"},{"@type":"ListItem","position":3,"name":"M\u00e4ngi Euromillions EU"}]},{"@type":"WebSite","@id":"https:\/\/redfoxlotto.com\/et\/#website","url":"https:\/\/redfoxlotto.com\/et\/","name":"Get Tickets for the World\u2019s largest jackpots","description":"Participate in worldwide lottery jackpots from any country","publisher":{"@id":"https:\/\/redfoxlotto.com\/et\/#organization"},"potentialAction":[{"@type":"SearchAction","target":{"@type":"EntryPoint","urlTemplate":"https:\/\/redfoxlotto.com\/et\/?s={search_term_string}"},"query-input":{"@type":"PropertyValueSpecification","valueRequired":true,"valueName":"search_term_string"}}],"inLanguage":"et"},{"@type":"Organization","@id":"https:\/\/redfoxlotto.com\/et\/#organization","name":"Get Tickets for the World\u2019s largest jackpots","url":"https:\/\/redfoxlotto.com\/et\/","logo":{"@type":"ImageObject","inLanguage":"et","@id":"https:\/\/redfoxlotto.com\/et\/#\/schema\/logo\/image\/","url":"https:\/\/redfoxlotto.com\/wp-content\/uploads\/2023\/04\/logo.png","contentUrl":"https:\/\/redfoxlotto.com\/wp-content\/uploads\/2023\/04\/logo.png","width":269,"height":53,"caption":"Get Tickets for the World\u2019s largest jackpots"},"image":{"@id":"https:\/\/redfoxlotto.com\/et\/#\/schema\/logo\/image\/"}}]}},"_links":{"self":[{"href":"https:\/\/redfoxlotto.com\/et\/wp-json\/wp\/v2\/pages\/87578","targetHints":{"allow":["GET"]}}],"collection":[{"href":"https:\/\/redfoxlotto.com\/et\/wp-json\/wp\/v2\/pages"}],"about":[{"href":"https:\/\/redfoxlotto.com\/et\/wp-json\/wp\/v2\/types\/page"}],"author":[{"embeddable":true,"href":"https:\/\/redfoxlotto.com\/et\/wp-json\/wp\/v2\/users\/8"}],"replies":[{"embeddable":true,"href":"https:\/\/redfoxlotto.com\/et\/wp-json\/wp\/v2\/comments?post=87578"}],"version-history":[{"count":0,"href":"https:\/\/redfoxlotto.com\/et\/wp-json\/wp\/v2\/pages\/87578\/revisions"}],"up":[{"embeddable":true,"href":"https:\/\/redfoxlotto.com\/et\/wp-json\/wp\/v2\/pages\/16827"}],"wp:attachment":[{"href":"https:\/\/redfoxlotto.com\/et\/wp-json\/wp\/v2\/media?parent=87578"}],"curies":[{"name":"wp","href":"https:\/\/api.w.org\/{rel}","templated":true}]}}