{"id":87431,"date":"2025-05-21T09:02:00","date_gmt":"2025-05-21T09:02:00","guid":{"rendered":"https:\/\/redfoxlotto.com\/?page_id=87431"},"modified":"2025-10-07T12:35:09","modified_gmt":"2025-10-07T12:35:09","slug":"platinum-keno-5-miljoni-euro-suurune-peaauhind","status":"publish","type":"page","link":"https:\/\/redfoxlotto.com\/et\/keno\/platinum-keno-5-miljoni-euro-suurune-peaauhind\/","title":{"rendered":"Platinum Keno 5 miljoni euro suurune peaauhind"},"content":{"rendered":"<p>See 5 miljoni euro suurune Keno m\u00e4ng loosib iga p\u00e4ev &#8211; vali oma numbrikombinatsioon kohe!<\/p>\n<div class=\"keno-banner-wrapper\">\n  <img decoding=\"async\" src=\"https:\/\/redfoxlotto.com\/wp-content\/uploads\/2025\/10\/1-scaled.png\" alt=\"Keno Banner\" class=\"keno-banner-image\"><br \/>\n  <div class=\"keno-banner-overlay\"><div class=\"keno-banner-text\">Peaauhind: \u20ac5,000,000<br>Loosimised iga 8 minuti j\u00e4rel<\/div><a href=\"https:\/\/keno.redfoxlotto.com\/play\/platinum-keno\" class=\"keno-banner-button\">M\u00e4ngi Platinum Kenot kohe<\/a><\/div>\n<\/div>\n","protected":false},"excerpt":{"rendered":"<p>See 5 miljoni euro suurune Keno m\u00e4ng loosib iga p\u00e4ev &#8211; vali oma numbrikombinatsioon kohe!<\/p>\n","protected":false},"author":8,"featured_media":0,"parent":84386,"menu_order":41,"comment_status":"closed","ping_status":"closed","template":"","meta":{"_et_pb_use_builder":"","_et_pb_old_content":"","_et_gb_content_width":"","exclude_from_search":false,"footnotes":""},"class_list":["post-87431","page","type-page","status-publish","hentry"],"yoast_head":"<!-- This site is optimized with the Yoast SEO plugin v23.8 - https:\/\/yoast.com\/wordpress\/plugins\/seo\/ -->\n<title>Parimad Keno numbrikombinatsioonid | Parimad numbrid, mida Kenos m\u00e4ngida<\/title>\n<meta name=\"description\" content=\"Vali parimad Keno numbrikombinatsioonid siin meie saidil ja m\u00e4ngi parimaid 5 miljoni euro ja 10 miljoni euro suuruseid Keno m\u00e4nge.\" \/>\n<meta name=\"robots\" content=\"index, follow, max-snippet:-1, max-image-preview:large, max-video-preview:-1\" \/>\n<link rel=\"canonical\" href=\"https:\/\/redfoxlotto.com\/et\/keno\/platinum-keno-5-miljoni-euro-suurune-peaauhind\/\" \/>\n<meta property=\"og:locale\" content=\"et_EE\" \/>\n<meta property=\"og:type\" content=\"article\" \/>\n<meta property=\"og:title\" content=\"Parimad Keno numbrikombinatsioonid | Parimad numbrid, mida Kenos m\u00e4ngida\" \/>\n<meta property=\"og:description\" content=\"Vali parimad Keno numbrikombinatsioonid siin meie saidil ja m\u00e4ngi parimaid 5 miljoni euro ja 10 miljoni euro suuruseid Keno m\u00e4nge.\" \/>\n<meta property=\"og:url\" content=\"https:\/\/redfoxlotto.com\/et\/keno\/platinum-keno-5-miljoni-euro-suurune-peaauhind\/\" \/>\n<meta property=\"og:site_name\" content=\"Get Tickets for the World\u2019s largest jackpots\" \/>\n<meta property=\"article:modified_time\" content=\"2025-10-07T12:35:09+00:00\" \/>\n<meta property=\"og:image\" content=\"https:\/\/redfoxlotto.com\/wp-content\/uploads\/2025\/10\/1-scaled.png\" \/>\n<meta name=\"twitter:card\" content=\"summary_large_image\" \/>\n<meta name=\"twitter:label1\" content=\"Est. reading time\" \/>\n\t<meta name=\"twitter:data1\" content=\"1 minut\" \/>\n<script type=\"application\/ld+json\" class=\"yoast-schema-graph\">{\"@context\":\"https:\/\/schema.org\",\"@graph\":[{\"@type\":\"WebPage\",\"@id\":\"https:\/\/redfoxlotto.com\/et\/keno\/platinum-keno-5-miljoni-euro-suurune-peaauhind\/\",\"url\":\"https:\/\/redfoxlotto.com\/et\/keno\/platinum-keno-5-miljoni-euro-suurune-peaauhind\/\",\"name\":\"Parimad Keno numbrikombinatsioonid | Parimad numbrid, mida Kenos m\u00e4ngida\",\"isPartOf\":{\"@id\":\"https:\/\/redfoxlotto.com\/et\/#website\"},\"primaryImageOfPage\":{\"@id\":\"https:\/\/redfoxlotto.com\/et\/keno\/platinum-keno-5-miljoni-euro-suurune-peaauhind\/#primaryimage\"},\"image\":{\"@id\":\"https:\/\/redfoxlotto.com\/et\/keno\/platinum-keno-5-miljoni-euro-suurune-peaauhind\/#primaryimage\"},\"thumbnailUrl\":\"https:\/\/redfoxlotto.com\/wp-content\/uploads\/2025\/10\/1-scaled.png\",\"datePublished\":\"2025-05-21T09:02:00+00:00\",\"dateModified\":\"2025-10-07T12:35:09+00:00\",\"description\":\"Vali parimad Keno numbrikombinatsioonid siin meie saidil ja m\u00e4ngi parimaid 5 miljoni euro ja 10 miljoni euro suuruseid Keno m\u00e4nge.\",\"breadcrumb\":{\"@id\":\"https:\/\/redfoxlotto.com\/et\/keno\/platinum-keno-5-miljoni-euro-suurune-peaauhind\/#breadcrumb\"},\"inLanguage\":\"et\",\"potentialAction\":[{\"@type\":\"ReadAction\",\"target\":[\"https:\/\/redfoxlotto.com\/et\/keno\/platinum-keno-5-miljoni-euro-suurune-peaauhind\/\"]}]},{\"@type\":\"ImageObject\",\"inLanguage\":\"et\",\"@id\":\"https:\/\/redfoxlotto.com\/et\/keno\/platinum-keno-5-miljoni-euro-suurune-peaauhind\/#primaryimage\",\"url\":\"https:\/\/redfoxlotto.com\/wp-content\/uploads\/2025\/10\/1-scaled.png\",\"contentUrl\":\"https:\/\/redfoxlotto.com\/wp-content\/uploads\/2025\/10\/1-scaled.png\"},{\"@type\":\"BreadcrumbList\",\"@id\":\"https:\/\/redfoxlotto.com\/et\/keno\/platinum-keno-5-miljoni-euro-suurune-peaauhind\/#breadcrumb\",\"itemListElement\":[{\"@type\":\"ListItem\",\"position\":1,\"name\":\"Home\",\"item\":\"https:\/\/redfoxlotto.com\/et\/\"},{\"@type\":\"ListItem\",\"position\":2,\"name\":\"Keno\",\"item\":\"https:\/\/redfoxlotto.com\/et\/keno\/\"},{\"@type\":\"ListItem\",\"position\":3,\"name\":\"Platinum Keno 5 miljoni euro suurune peaauhind\"}]},{\"@type\":\"WebSite\",\"@id\":\"https:\/\/redfoxlotto.com\/et\/#website\",\"url\":\"https:\/\/redfoxlotto.com\/et\/\",\"name\":\"Get Tickets for the World\u2019s largest jackpots\",\"description\":\"Participate in worldwide lottery jackpots from any country\",\"publisher\":{\"@id\":\"https:\/\/redfoxlotto.com\/et\/#organization\"},\"potentialAction\":[{\"@type\":\"SearchAction\",\"target\":{\"@type\":\"EntryPoint\",\"urlTemplate\":\"https:\/\/redfoxlotto.com\/et\/?s={search_term_string}\"},\"query-input\":{\"@type\":\"PropertyValueSpecification\",\"valueRequired\":true,\"valueName\":\"search_term_string\"}}],\"inLanguage\":\"et\"},{\"@type\":\"Organization\",\"@id\":\"https:\/\/redfoxlotto.com\/et\/#organization\",\"name\":\"Get Tickets for the World\u2019s largest jackpots\",\"url\":\"https:\/\/redfoxlotto.com\/et\/\",\"logo\":{\"@type\":\"ImageObject\",\"inLanguage\":\"et\",\"@id\":\"https:\/\/redfoxlotto.com\/et\/#\/schema\/logo\/image\/\",\"url\":\"https:\/\/redfoxlotto.com\/wp-content\/uploads\/2023\/04\/logo.png\",\"contentUrl\":\"https:\/\/redfoxlotto.com\/wp-content\/uploads\/2023\/04\/logo.png\",\"width\":269,\"height\":53,\"caption\":\"Get Tickets for the World\u2019s largest jackpots\"},\"image\":{\"@id\":\"https:\/\/redfoxlotto.com\/et\/#\/schema\/logo\/image\/\"}}]}<\/script>\n<!-- \/ Yoast SEO plugin. -->","yoast_head_json":{"title":"Parimad Keno numbrikombinatsioonid | Parimad numbrid, mida Kenos m\u00e4ngida","description":"Vali parimad Keno numbrikombinatsioonid siin meie saidil ja m\u00e4ngi parimaid 5 miljoni euro ja 10 miljoni euro suuruseid Keno m\u00e4nge.","robots":{"index":"index","follow":"follow","max-snippet":"max-snippet:-1","max-image-preview":"max-image-preview:large","max-video-preview":"max-video-preview:-1"},"canonical":"https:\/\/redfoxlotto.com\/et\/keno\/platinum-keno-5-miljoni-euro-suurune-peaauhind\/","og_locale":"et_EE","og_type":"article","og_title":"Parimad Keno numbrikombinatsioonid | Parimad numbrid, mida Kenos m\u00e4ngida","og_description":"Vali parimad Keno numbrikombinatsioonid siin meie saidil ja m\u00e4ngi parimaid 5 miljoni euro ja 10 miljoni euro suuruseid Keno m\u00e4nge.","og_url":"https:\/\/redfoxlotto.com\/et\/keno\/platinum-keno-5-miljoni-euro-suurune-peaauhind\/","og_site_name":"Get Tickets for the World\u2019s largest jackpots","article_modified_time":"2025-10-07T12:35:09+00:00","og_image":[{"url":"https:\/\/redfoxlotto.com\/wp-content\/uploads\/2025\/10\/1-scaled.png"}],"twitter_card":"summary_large_image","twitter_misc":{"Est. reading time":"1 minut"},"schema":{"@context":"https:\/\/schema.org","@graph":[{"@type":"WebPage","@id":"https:\/\/redfoxlotto.com\/et\/keno\/platinum-keno-5-miljoni-euro-suurune-peaauhind\/","url":"https:\/\/redfoxlotto.com\/et\/keno\/platinum-keno-5-miljoni-euro-suurune-peaauhind\/","name":"Parimad Keno numbrikombinatsioonid | Parimad numbrid, mida Kenos m\u00e4ngida","isPartOf":{"@id":"https:\/\/redfoxlotto.com\/et\/#website"},"primaryImageOfPage":{"@id":"https:\/\/redfoxlotto.com\/et\/keno\/platinum-keno-5-miljoni-euro-suurune-peaauhind\/#primaryimage"},"image":{"@id":"https:\/\/redfoxlotto.com\/et\/keno\/platinum-keno-5-miljoni-euro-suurune-peaauhind\/#primaryimage"},"thumbnailUrl":"https:\/\/redfoxlotto.com\/wp-content\/uploads\/2025\/10\/1-scaled.png","datePublished":"2025-05-21T09:02:00+00:00","dateModified":"2025-10-07T12:35:09+00:00","description":"Vali parimad Keno numbrikombinatsioonid siin meie saidil ja m\u00e4ngi parimaid 5 miljoni euro ja 10 miljoni euro suuruseid Keno m\u00e4nge.","breadcrumb":{"@id":"https:\/\/redfoxlotto.com\/et\/keno\/platinum-keno-5-miljoni-euro-suurune-peaauhind\/#breadcrumb"},"inLanguage":"et","potentialAction":[{"@type":"ReadAction","target":["https:\/\/redfoxlotto.com\/et\/keno\/platinum-keno-5-miljoni-euro-suurune-peaauhind\/"]}]},{"@type":"ImageObject","inLanguage":"et","@id":"https:\/\/redfoxlotto.com\/et\/keno\/platinum-keno-5-miljoni-euro-suurune-peaauhind\/#primaryimage","url":"https:\/\/redfoxlotto.com\/wp-content\/uploads\/2025\/10\/1-scaled.png","contentUrl":"https:\/\/redfoxlotto.com\/wp-content\/uploads\/2025\/10\/1-scaled.png"},{"@type":"BreadcrumbList","@id":"https:\/\/redfoxlotto.com\/et\/keno\/platinum-keno-5-miljoni-euro-suurune-peaauhind\/#breadcrumb","itemListElement":[{"@type":"ListItem","position":1,"name":"Home","item":"https:\/\/redfoxlotto.com\/et\/"},{"@type":"ListItem","position":2,"name":"Keno","item":"https:\/\/redfoxlotto.com\/et\/keno\/"},{"@type":"ListItem","position":3,"name":"Platinum Keno 5 miljoni euro suurune peaauhind"}]},{"@type":"WebSite","@id":"https:\/\/redfoxlotto.com\/et\/#website","url":"https:\/\/redfoxlotto.com\/et\/","name":"Get Tickets for the World\u2019s largest jackpots","description":"Participate in worldwide lottery jackpots from any country","publisher":{"@id":"https:\/\/redfoxlotto.com\/et\/#organization"},"potentialAction":[{"@type":"SearchAction","target":{"@type":"EntryPoint","urlTemplate":"https:\/\/redfoxlotto.com\/et\/?s={search_term_string}"},"query-input":{"@type":"PropertyValueSpecification","valueRequired":true,"valueName":"search_term_string"}}],"inLanguage":"et"},{"@type":"Organization","@id":"https:\/\/redfoxlotto.com\/et\/#organization","name":"Get Tickets for the World\u2019s largest jackpots","url":"https:\/\/redfoxlotto.com\/et\/","logo":{"@type":"ImageObject","inLanguage":"et","@id":"https:\/\/redfoxlotto.com\/et\/#\/schema\/logo\/image\/","url":"https:\/\/redfoxlotto.com\/wp-content\/uploads\/2023\/04\/logo.png","contentUrl":"https:\/\/redfoxlotto.com\/wp-content\/uploads\/2023\/04\/logo.png","width":269,"height":53,"caption":"Get Tickets for the World\u2019s largest jackpots"},"image":{"@id":"https:\/\/redfoxlotto.com\/et\/#\/schema\/logo\/image\/"}}]}},"_links":{"self":[{"href":"https:\/\/redfoxlotto.com\/et\/wp-json\/wp\/v2\/pages\/87431","targetHints":{"allow":["GET"]}}],"collection":[{"href":"https:\/\/redfoxlotto.com\/et\/wp-json\/wp\/v2\/pages"}],"about":[{"href":"https:\/\/redfoxlotto.com\/et\/wp-json\/wp\/v2\/types\/page"}],"author":[{"embeddable":true,"href":"https:\/\/redfoxlotto.com\/et\/wp-json\/wp\/v2\/users\/8"}],"replies":[{"embeddable":true,"href":"https:\/\/redfoxlotto.com\/et\/wp-json\/wp\/v2\/comments?post=87431"}],"version-history":[{"count":0,"href":"https:\/\/redfoxlotto.com\/et\/wp-json\/wp\/v2\/pages\/87431\/revisions"}],"up":[{"embeddable":true,"href":"https:\/\/redfoxlotto.com\/et\/wp-json\/wp\/v2\/pages\/84386"}],"wp:attachment":[{"href":"https:\/\/redfoxlotto.com\/et\/wp-json\/wp\/v2\/media?parent=87431"}],"curies":[{"name":"wp","href":"https:\/\/api.w.org\/{rel}","templated":true}]}}