{"id":86841,"date":"2025-02-12T11:18:17","date_gmt":"2025-02-12T11:18:17","guid":{"rendered":"https:\/\/redfoxlotto.com\/?page_id=86841"},"modified":"2025-05-15T05:29:54","modified_gmt":"2025-05-15T05:29:54","slug":"diamond-keno-10m","status":"publish","type":"page","link":"https:\/\/redfoxlotto.com\/et\/keno\/diamond-keno-10m\/","title":{"rendered":"Diamond Keno 10m"},"content":{"rendered":"<h2>Online Keno ei saa suuremaks ja paremaks kui see &#8211; m\u00e4ngi Kenot 10 miljoni euro suuruse v\u00e4ljamakse eest!<\/h2>\n<p>See on meie suurim ja populaarseim Keno lotom\u00e4ng. Kui otsite parimat Keno m\u00e4ngu, mida saab m\u00e4ngida internetis, siis olete j\u00f5udnud \u00f5igesse kohta. Selle Keno m\u00e4ngu loosimine toimub iga 20 minuti tagant, seega ei pea sa kaua ootama, et teada saada, kas sinu pilet on v\u00f5itnud.<\/p>\n","protected":false},"excerpt":{"rendered":"<p>Online Keno ei saa suuremaks ja paremaks kui see &#8211; m\u00e4ngi Kenot 10 miljoni euro suuruse v\u00e4ljamakse eest! See on meie suurim ja populaarseim Keno lotom\u00e4ng. Kui otsite parimat Keno m\u00e4ngu, mida saab m\u00e4ngida internetis, siis olete j\u00f5udnud \u00f5igesse kohta. Selle Keno m\u00e4ngu loosimine toimub iga 20 minuti tagant, seega ei pea sa kaua ootama, [&hellip;]<\/p>\n","protected":false},"author":8,"featured_media":0,"parent":84386,"menu_order":1,"comment_status":"closed","ping_status":"closed","template":"","meta":{"_et_pb_use_builder":"","_et_pb_old_content":"","_et_gb_content_width":"","exclude_from_search":false,"footnotes":""},"class_list":["post-86841","page","type-page","status-publish","hentry"],"yoast_head":"<!-- This site is optimized with the Yoast SEO plugin v23.8 - https:\/\/yoast.com\/wordpress\/plugins\/seo\/ -->\n<title>Parim online Keno m\u00e4ng - 10 miljoni euro suurune Keno<\/title>\n<meta name=\"description\" content=\"L\u00f5peta siin parimad Keno online-m\u00e4ngud, mille peaauhinnad ulatuvad kuni 10 miljoni euroni. \u00c4ra pea kunagi liiga kaua ootama j\u00e4rgmist online Keno loosimist!\" \/>\n<meta name=\"robots\" content=\"index, follow, max-snippet:-1, max-image-preview:large, max-video-preview:-1\" \/>\n<link rel=\"canonical\" href=\"https:\/\/redfoxlotto.com\/et\/keno\/diamond-keno-10m\/\" \/>\n<meta property=\"og:locale\" content=\"et_EE\" \/>\n<meta property=\"og:type\" content=\"article\" \/>\n<meta property=\"og:title\" content=\"Parim online Keno m\u00e4ng - 10 miljoni euro suurune Keno\" \/>\n<meta property=\"og:description\" content=\"L\u00f5peta siin parimad Keno online-m\u00e4ngud, mille peaauhinnad ulatuvad kuni 10 miljoni euroni. \u00c4ra pea kunagi liiga kaua ootama j\u00e4rgmist online Keno loosimist!\" \/>\n<meta property=\"og:url\" content=\"https:\/\/redfoxlotto.com\/et\/keno\/diamond-keno-10m\/\" \/>\n<meta property=\"og:site_name\" content=\"Get Tickets for the World\u2019s largest jackpots\" \/>\n<meta property=\"article:modified_time\" content=\"2025-05-15T05:29:54+00:00\" \/>\n<meta name=\"twitter:card\" content=\"summary_large_image\" \/>\n<meta name=\"twitter:label1\" content=\"Est. reading time\" \/>\n\t<meta name=\"twitter:data1\" content=\"1 minut\" \/>\n<script type=\"application\/ld+json\" class=\"yoast-schema-graph\">{\"@context\":\"https:\/\/schema.org\",\"@graph\":[{\"@type\":\"WebPage\",\"@id\":\"https:\/\/redfoxlotto.com\/et\/keno\/diamond-keno-10m\/\",\"url\":\"https:\/\/redfoxlotto.com\/et\/keno\/diamond-keno-10m\/\",\"name\":\"Parim online Keno m\u00e4ng - 10 miljoni euro suurune Keno\",\"isPartOf\":{\"@id\":\"https:\/\/redfoxlotto.com\/et\/#website\"},\"datePublished\":\"2025-02-12T11:18:17+00:00\",\"dateModified\":\"2025-05-15T05:29:54+00:00\",\"description\":\"L\u00f5peta siin parimad Keno online-m\u00e4ngud, mille peaauhinnad ulatuvad kuni 10 miljoni euroni. \u00c4ra pea kunagi liiga kaua ootama j\u00e4rgmist online Keno loosimist!\",\"breadcrumb\":{\"@id\":\"https:\/\/redfoxlotto.com\/et\/keno\/diamond-keno-10m\/#breadcrumb\"},\"inLanguage\":\"et\",\"potentialAction\":[{\"@type\":\"ReadAction\",\"target\":[\"https:\/\/redfoxlotto.com\/et\/keno\/diamond-keno-10m\/\"]}]},{\"@type\":\"BreadcrumbList\",\"@id\":\"https:\/\/redfoxlotto.com\/et\/keno\/diamond-keno-10m\/#breadcrumb\",\"itemListElement\":[{\"@type\":\"ListItem\",\"position\":1,\"name\":\"Home\",\"item\":\"https:\/\/redfoxlotto.com\/et\/\"},{\"@type\":\"ListItem\",\"position\":2,\"name\":\"Keno\",\"item\":\"https:\/\/redfoxlotto.com\/et\/keno\/\"},{\"@type\":\"ListItem\",\"position\":3,\"name\":\"Diamond Keno 10m\"}]},{\"@type\":\"WebSite\",\"@id\":\"https:\/\/redfoxlotto.com\/et\/#website\",\"url\":\"https:\/\/redfoxlotto.com\/et\/\",\"name\":\"Get Tickets for the World\u2019s largest jackpots\",\"description\":\"Participate in worldwide lottery jackpots from any country\",\"publisher\":{\"@id\":\"https:\/\/redfoxlotto.com\/et\/#organization\"},\"potentialAction\":[{\"@type\":\"SearchAction\",\"target\":{\"@type\":\"EntryPoint\",\"urlTemplate\":\"https:\/\/redfoxlotto.com\/et\/?s={search_term_string}\"},\"query-input\":{\"@type\":\"PropertyValueSpecification\",\"valueRequired\":true,\"valueName\":\"search_term_string\"}}],\"inLanguage\":\"et\"},{\"@type\":\"Organization\",\"@id\":\"https:\/\/redfoxlotto.com\/et\/#organization\",\"name\":\"Get Tickets for the World\u2019s largest jackpots\",\"url\":\"https:\/\/redfoxlotto.com\/et\/\",\"logo\":{\"@type\":\"ImageObject\",\"inLanguage\":\"et\",\"@id\":\"https:\/\/redfoxlotto.com\/et\/#\/schema\/logo\/image\/\",\"url\":\"https:\/\/redfoxlotto.com\/wp-content\/uploads\/2023\/04\/logo.png\",\"contentUrl\":\"https:\/\/redfoxlotto.com\/wp-content\/uploads\/2023\/04\/logo.png\",\"width\":269,\"height\":53,\"caption\":\"Get Tickets for the World\u2019s largest jackpots\"},\"image\":{\"@id\":\"https:\/\/redfoxlotto.com\/et\/#\/schema\/logo\/image\/\"}}]}<\/script>\n<!-- \/ Yoast SEO plugin. -->","yoast_head_json":{"title":"Parim online Keno m\u00e4ng - 10 miljoni euro suurune Keno","description":"L\u00f5peta siin parimad Keno online-m\u00e4ngud, mille peaauhinnad ulatuvad kuni 10 miljoni euroni. \u00c4ra pea kunagi liiga kaua ootama j\u00e4rgmist online Keno loosimist!","robots":{"index":"index","follow":"follow","max-snippet":"max-snippet:-1","max-image-preview":"max-image-preview:large","max-video-preview":"max-video-preview:-1"},"canonical":"https:\/\/redfoxlotto.com\/et\/keno\/diamond-keno-10m\/","og_locale":"et_EE","og_type":"article","og_title":"Parim online Keno m\u00e4ng - 10 miljoni euro suurune Keno","og_description":"L\u00f5peta siin parimad Keno online-m\u00e4ngud, mille peaauhinnad ulatuvad kuni 10 miljoni euroni. \u00c4ra pea kunagi liiga kaua ootama j\u00e4rgmist online Keno loosimist!","og_url":"https:\/\/redfoxlotto.com\/et\/keno\/diamond-keno-10m\/","og_site_name":"Get Tickets for the World\u2019s largest jackpots","article_modified_time":"2025-05-15T05:29:54+00:00","twitter_card":"summary_large_image","twitter_misc":{"Est. reading time":"1 minut"},"schema":{"@context":"https:\/\/schema.org","@graph":[{"@type":"WebPage","@id":"https:\/\/redfoxlotto.com\/et\/keno\/diamond-keno-10m\/","url":"https:\/\/redfoxlotto.com\/et\/keno\/diamond-keno-10m\/","name":"Parim online Keno m\u00e4ng - 10 miljoni euro suurune Keno","isPartOf":{"@id":"https:\/\/redfoxlotto.com\/et\/#website"},"datePublished":"2025-02-12T11:18:17+00:00","dateModified":"2025-05-15T05:29:54+00:00","description":"L\u00f5peta siin parimad Keno online-m\u00e4ngud, mille peaauhinnad ulatuvad kuni 10 miljoni euroni. \u00c4ra pea kunagi liiga kaua ootama j\u00e4rgmist online Keno loosimist!","breadcrumb":{"@id":"https:\/\/redfoxlotto.com\/et\/keno\/diamond-keno-10m\/#breadcrumb"},"inLanguage":"et","potentialAction":[{"@type":"ReadAction","target":["https:\/\/redfoxlotto.com\/et\/keno\/diamond-keno-10m\/"]}]},{"@type":"BreadcrumbList","@id":"https:\/\/redfoxlotto.com\/et\/keno\/diamond-keno-10m\/#breadcrumb","itemListElement":[{"@type":"ListItem","position":1,"name":"Home","item":"https:\/\/redfoxlotto.com\/et\/"},{"@type":"ListItem","position":2,"name":"Keno","item":"https:\/\/redfoxlotto.com\/et\/keno\/"},{"@type":"ListItem","position":3,"name":"Diamond Keno 10m"}]},{"@type":"WebSite","@id":"https:\/\/redfoxlotto.com\/et\/#website","url":"https:\/\/redfoxlotto.com\/et\/","name":"Get Tickets for the World\u2019s largest jackpots","description":"Participate in worldwide lottery jackpots from any country","publisher":{"@id":"https:\/\/redfoxlotto.com\/et\/#organization"},"potentialAction":[{"@type":"SearchAction","target":{"@type":"EntryPoint","urlTemplate":"https:\/\/redfoxlotto.com\/et\/?s={search_term_string}"},"query-input":{"@type":"PropertyValueSpecification","valueRequired":true,"valueName":"search_term_string"}}],"inLanguage":"et"},{"@type":"Organization","@id":"https:\/\/redfoxlotto.com\/et\/#organization","name":"Get Tickets for the World\u2019s largest jackpots","url":"https:\/\/redfoxlotto.com\/et\/","logo":{"@type":"ImageObject","inLanguage":"et","@id":"https:\/\/redfoxlotto.com\/et\/#\/schema\/logo\/image\/","url":"https:\/\/redfoxlotto.com\/wp-content\/uploads\/2023\/04\/logo.png","contentUrl":"https:\/\/redfoxlotto.com\/wp-content\/uploads\/2023\/04\/logo.png","width":269,"height":53,"caption":"Get Tickets for the World\u2019s largest jackpots"},"image":{"@id":"https:\/\/redfoxlotto.com\/et\/#\/schema\/logo\/image\/"}}]}},"_links":{"self":[{"href":"https:\/\/redfoxlotto.com\/et\/wp-json\/wp\/v2\/pages\/86841","targetHints":{"allow":["GET"]}}],"collection":[{"href":"https:\/\/redfoxlotto.com\/et\/wp-json\/wp\/v2\/pages"}],"about":[{"href":"https:\/\/redfoxlotto.com\/et\/wp-json\/wp\/v2\/types\/page"}],"author":[{"embeddable":true,"href":"https:\/\/redfoxlotto.com\/et\/wp-json\/wp\/v2\/users\/8"}],"replies":[{"embeddable":true,"href":"https:\/\/redfoxlotto.com\/et\/wp-json\/wp\/v2\/comments?post=86841"}],"version-history":[{"count":0,"href":"https:\/\/redfoxlotto.com\/et\/wp-json\/wp\/v2\/pages\/86841\/revisions"}],"up":[{"embeddable":true,"href":"https:\/\/redfoxlotto.com\/et\/wp-json\/wp\/v2\/pages\/84386"}],"wp:attachment":[{"href":"https:\/\/redfoxlotto.com\/et\/wp-json\/wp\/v2\/media?parent=86841"}],"curies":[{"name":"wp","href":"https:\/\/api.w.org\/{rel}","templated":true}]}}