{"id":85472,"date":"2025-02-25T17:25:31","date_gmt":"2025-02-25T17:25:31","guid":{"rendered":"https:\/\/redfoxlotto.com\/?page_id=85472"},"modified":"2025-04-21T06:39:34","modified_gmt":"2025-04-21T06:39:34","slug":"new-yorgi-loterii-kohta","status":"publish","type":"page","link":"https:\/\/redfoxlotto.com\/et\/informatsioon\/new-yorgi-loterii-kohta\/","title":{"rendered":"New Yorgi loterii kohta"},"content":{"rendered":"<h2>Kuidas osta New York loterii pileteid<\/h2>\n<p>Juhend ostes pileteid New York Lottery kohta RedFoxLotto:<\/p>\n<p>Kui te m\u00e4ngite New York Lottery, kas olete kunagi fantaseerinud v\u00f5ita jackpot, mis v\u00f5iks t\u00e4ielikult muuta teie elu? Osalemine rahvusvahelistes loteriides, nagu New York Lotto, ei ole kunagi olnud lihtsam kui RedFoxLotto, isegi kui asute v\u00e4ljaspool Ameerika \u00dchendriike.<\/p>\n<p>Selle postituse k\u00e4igus juhatame teid paari lihtsa sammuga l\u00e4bi New Yorgi loteriipiletite ostmise protsessi RedFoxLotto&#8217;st.<\/p>\n<h2>RedFoxLotto: mis see on?<\/h2>\n<p>Saate osaleda suurtes rahvusvahelistes loteriides RedFoxLotto abil, mis on mainekas online loteriiteenus. Nende loteriide hulka kuuluvad Powerball, Mega Millions, EuroMillions ja muidugi New York Lotto. Nad t\u00e4idavad piletikullerteenuse funktsiooni, mis t\u00e4hendab, et nad ostavad teie nimel ehtsa pileti ja seej\u00e4rel skaneerivad selle teie m\u00e4\u00e4ratud veebikontole.<\/p>\n<h3>RedFoxLotto: samm-sammult juhend piletite ostmiseks New Yorgi loteriiprogrammi jaoks<\/h3>\n<p>1. Registreeruge. Registreerimisprotsessi alustamiseks minge veebilehele RedFoxLotto.com. Sisestage oma p\u00f5hiteave, nagu nimi, e-posti aadress ja riik, kus te praegu elate, kl\u00f5psates nupule \u201eRegistreeru\u201c.<\/p>\n<p>2. Kinnitage, et teie konto on seaduslik.<\/p>\n<p>Kui olete registreerimisprotsessi l\u00f5petanud, leiate oma postkastist kinnituslingi. Sellele kl\u00f5psates saate oma konto kinnitada. Vaatamata sellele, et see on lihtne samm, on see oluline nii turvalisuse kui ka v\u00f5imalike tulevaste v\u00f5itude jaoks.<\/p>\n<p>3. Uurige loteriid<\/p>\n<p>Kui olete edukalt liitunud, navigeerige kodulehele ja otsige New York Lotto k\u00e4ttesaadavate loteriide nimekirjast v\u00e4lja. Sellele kl\u00f5psates saate teada j\u00e4rgmise loosimise, jackpoti suuruse ja piletite maksumuse kohta.<\/p>\n<p>4. Tehke oma numbrivalik<\/p>\n<p>Teie \u00fclesanne on valida kuus numbrit alates \u00fchest kuni kuuek\u00fcmne \u00fcheksani. Teil on v\u00f5imalus valida need k\u00e4sitsi v\u00f5i kasutada kiirvaliku v\u00f5imalust, et RedFoxLotto genereeriks teie jaoks juhuslikud numbrid nullist.<\/p>\n<h2>Lisa ostukorvi ja mine maksma<\/h2>\n<p>Kui olete numbrid v\u00e4lja valinud, lisage pilet ostukorvi. P\u00e4rast seda sisenege kassasse. RedFoxLotto toetab mitmeid maksev\u00f5imalusi, sealhulgas j\u00e4rgmisi:<\/p>\n<ul>\n<li>Krediidi- ja deebetkaardid<\/li>\n<li>Panga\u00fclekanne<\/li>\n<li>Elektroonilised rahakotid nagu Skrill<\/li>\n<li>M\u00f5nes valdkonnas kasutatakse laialdaselt kr\u00fcptoraha.<\/li>\n<\/ul>\n<h2>Kinnitus ja piletite skanner<\/h2>\n<p>Kohe p\u00e4rast teie raha t\u00f6\u00f6tlemist saadab RedFoxLotto \u00fche oma kohaliku agendi Ameerika \u00dchendriikidesse, kes ostab teile valitud numbritega ehtsa New Yorgi lotopileti. Ostu t\u00f5endamiseks saadetakse teie kontole pileti skaneering.<\/p>\n<h2>Mis juhtub, kui olete edukas?<\/h2>\n<h3>Kui teie sisestatud numbrid v\u00f5idavad auhinna:<\/h3>\n<p>Teie RedFoxLotto kontole kantakse koheselt k\u00f5ik v\u00e4iksemad kuni m\u00f5\u00f5dukad v\u00f5itjad. Kui olete v\u00f5itnud suure jackpoti, juhendab RedFoxLotto meeskond teid auhinna k\u00e4ttesaamiseks vajalike sammude kaudu. S\u00f5ltuvalt summast ja riigi eeskirjadest v\u00f5ib olla vajalik teie reis Ameerika \u00dchendriikidesse.<\/p>\n<h2>Milline on seadus?<\/h2>\n<p>T\u00f5epoolest. RedFoxLotto ei ole loterii tarnija, vaid haldab loteriipiletite jaotamist. Te ostate t\u00f5elise f\u00fc\u00fcsilise pileti volitatud agendi kaudu, mis tagab, et k\u00f5ik on seaduslik ja l\u00e4bipaistev, isegi kui m\u00e4ngite teisest riigist.<\/p>\n<h2>M\u00e4rkused kokkuv\u00f5tteks<\/h2>\n<p>Enam ei ole unistus, et New Yorgi loterii pileteid saab osta \u00fcksk\u00f5ik kust maailma paigast. See on tehtud lihtsaks, turvaliseks ja k\u00e4ttesaadavaks RedFoxLotto abil. Sa v\u00f5id olla m\u00e4ngus miljonite dollarite eest vaid paari klikiga ja sa ei pea isegi autost v\u00e4lja astuma, et minna New Yorki.<\/p>\n<p>Miks siis oodata? Registreeru kohe, vali oma \u00f5nnelikud numbrid ja ole valmis jackpotile j\u00e4rele minema!<\/p>\n","protected":false},"excerpt":{"rendered":"<p>Kuidas osta New York loterii pileteid Juhend ostes pileteid New York Lottery kohta RedFoxLotto: Kui te m\u00e4ngite New York Lottery, kas olete kunagi fantaseerinud v\u00f5ita jackpot, mis v\u00f5iks t\u00e4ielikult muuta teie elu? Osalemine rahvusvahelistes loteriides, nagu New York Lotto, ei ole kunagi olnud lihtsam kui RedFoxLotto, isegi kui asute v\u00e4ljaspool Ameerika \u00dchendriike. Selle postituse k\u00e4igus [&hellip;]<\/p>\n","protected":false},"author":8,"featured_media":0,"parent":16809,"menu_order":18,"comment_status":"closed","ping_status":"closed","template":"newyork-info.php","meta":{"_et_pb_use_builder":"","_et_pb_old_content":"","_et_gb_content_width":"","exclude_from_search":false,"footnotes":""},"class_list":["post-85472","page","type-page","status-publish","hentry"],"yoast_head":"<!-- This site is optimized with the Yoast SEO plugin v23.8 - https:\/\/yoast.com\/wordpress\/plugins\/seo\/ -->\n<title>Kuidas osta New Yorgi loteriipileteid internetist \u00dchendkuningriigist<\/title>\n<meta name=\"description\" content=\"Osta New Yorgi loteriipileteid siit - isegi \u00dchendkuningriigist saad New Yorgi loteriis internetis osaleda ja saada skaneeritud pilet m\u00f5ne minutiga.\" \/>\n<meta name=\"robots\" content=\"index, follow, max-snippet:-1, max-image-preview:large, max-video-preview:-1\" \/>\n<link rel=\"canonical\" href=\"https:\/\/redfoxlotto.com\/et\/informatsioon\/new-yorgi-loterii-kohta\/\" \/>\n<meta property=\"og:locale\" content=\"et_EE\" \/>\n<meta property=\"og:type\" content=\"article\" \/>\n<meta property=\"og:title\" content=\"Kuidas osta New Yorgi loteriipileteid internetist \u00dchendkuningriigist\" \/>\n<meta property=\"og:description\" content=\"Osta New Yorgi loteriipileteid siit - isegi \u00dchendkuningriigist saad New Yorgi loteriis internetis osaleda ja saada skaneeritud pilet m\u00f5ne minutiga.\" \/>\n<meta property=\"og:url\" content=\"https:\/\/redfoxlotto.com\/et\/informatsioon\/new-yorgi-loterii-kohta\/\" \/>\n<meta property=\"og:site_name\" content=\"Get Tickets for the World\u2019s largest jackpots\" \/>\n<meta property=\"article:modified_time\" content=\"2025-04-21T06:39:34+00:00\" \/>\n<meta name=\"twitter:card\" content=\"summary_large_image\" \/>\n<meta name=\"twitter:label1\" content=\"Est. reading time\" \/>\n\t<meta name=\"twitter:data1\" content=\"3 minutit\" \/>\n<script type=\"application\/ld+json\" class=\"yoast-schema-graph\">{\"@context\":\"https:\/\/schema.org\",\"@graph\":[{\"@type\":\"WebPage\",\"@id\":\"https:\/\/redfoxlotto.com\/et\/informatsioon\/new-yorgi-loterii-kohta\/\",\"url\":\"https:\/\/redfoxlotto.com\/et\/informatsioon\/new-yorgi-loterii-kohta\/\",\"name\":\"Kuidas osta New Yorgi loteriipileteid internetist \u00dchendkuningriigist\",\"isPartOf\":{\"@id\":\"https:\/\/redfoxlotto.com\/et\/#website\"},\"datePublished\":\"2025-02-25T17:25:31+00:00\",\"dateModified\":\"2025-04-21T06:39:34+00:00\",\"description\":\"Osta New Yorgi loteriipileteid siit - isegi \u00dchendkuningriigist saad New Yorgi loteriis internetis osaleda ja saada skaneeritud pilet m\u00f5ne minutiga.\",\"breadcrumb\":{\"@id\":\"https:\/\/redfoxlotto.com\/et\/informatsioon\/new-yorgi-loterii-kohta\/#breadcrumb\"},\"inLanguage\":\"et\",\"potentialAction\":[{\"@type\":\"ReadAction\",\"target\":[\"https:\/\/redfoxlotto.com\/et\/informatsioon\/new-yorgi-loterii-kohta\/\"]}]},{\"@type\":\"BreadcrumbList\",\"@id\":\"https:\/\/redfoxlotto.com\/et\/informatsioon\/new-yorgi-loterii-kohta\/#breadcrumb\",\"itemListElement\":[{\"@type\":\"ListItem\",\"position\":1,\"name\":\"Home\",\"item\":\"https:\/\/redfoxlotto.com\/et\/\"},{\"@type\":\"ListItem\",\"position\":2,\"name\":\"Osta loteriipileteid internetis\",\"item\":\"https:\/\/redfoxlotto.com\/et\/informatsioon\/\"},{\"@type\":\"ListItem\",\"position\":3,\"name\":\"New Yorgi loterii kohta\"}]},{\"@type\":\"WebSite\",\"@id\":\"https:\/\/redfoxlotto.com\/et\/#website\",\"url\":\"https:\/\/redfoxlotto.com\/et\/\",\"name\":\"Get Tickets for the World\u2019s largest jackpots\",\"description\":\"Participate in worldwide lottery jackpots from any country\",\"publisher\":{\"@id\":\"https:\/\/redfoxlotto.com\/et\/#organization\"},\"potentialAction\":[{\"@type\":\"SearchAction\",\"target\":{\"@type\":\"EntryPoint\",\"urlTemplate\":\"https:\/\/redfoxlotto.com\/et\/?s={search_term_string}\"},\"query-input\":{\"@type\":\"PropertyValueSpecification\",\"valueRequired\":true,\"valueName\":\"search_term_string\"}}],\"inLanguage\":\"et\"},{\"@type\":\"Organization\",\"@id\":\"https:\/\/redfoxlotto.com\/et\/#organization\",\"name\":\"Get Tickets for the World\u2019s largest jackpots\",\"url\":\"https:\/\/redfoxlotto.com\/et\/\",\"logo\":{\"@type\":\"ImageObject\",\"inLanguage\":\"et\",\"@id\":\"https:\/\/redfoxlotto.com\/et\/#\/schema\/logo\/image\/\",\"url\":\"https:\/\/redfoxlotto.com\/wp-content\/uploads\/2023\/04\/logo.png\",\"contentUrl\":\"https:\/\/redfoxlotto.com\/wp-content\/uploads\/2023\/04\/logo.png\",\"width\":269,\"height\":53,\"caption\":\"Get Tickets for the World\u2019s largest jackpots\"},\"image\":{\"@id\":\"https:\/\/redfoxlotto.com\/et\/#\/schema\/logo\/image\/\"}}]}<\/script>\n<!-- \/ Yoast SEO plugin. -->","yoast_head_json":{"title":"Kuidas osta New Yorgi loteriipileteid internetist \u00dchendkuningriigist","description":"Osta New Yorgi loteriipileteid siit - isegi \u00dchendkuningriigist saad New Yorgi loteriis internetis osaleda ja saada skaneeritud pilet m\u00f5ne minutiga.","robots":{"index":"index","follow":"follow","max-snippet":"max-snippet:-1","max-image-preview":"max-image-preview:large","max-video-preview":"max-video-preview:-1"},"canonical":"https:\/\/redfoxlotto.com\/et\/informatsioon\/new-yorgi-loterii-kohta\/","og_locale":"et_EE","og_type":"article","og_title":"Kuidas osta New Yorgi loteriipileteid internetist \u00dchendkuningriigist","og_description":"Osta New Yorgi loteriipileteid siit - isegi \u00dchendkuningriigist saad New Yorgi loteriis internetis osaleda ja saada skaneeritud pilet m\u00f5ne minutiga.","og_url":"https:\/\/redfoxlotto.com\/et\/informatsioon\/new-yorgi-loterii-kohta\/","og_site_name":"Get Tickets for the World\u2019s largest jackpots","article_modified_time":"2025-04-21T06:39:34+00:00","twitter_card":"summary_large_image","twitter_misc":{"Est. reading time":"3 minutit"},"schema":{"@context":"https:\/\/schema.org","@graph":[{"@type":"WebPage","@id":"https:\/\/redfoxlotto.com\/et\/informatsioon\/new-yorgi-loterii-kohta\/","url":"https:\/\/redfoxlotto.com\/et\/informatsioon\/new-yorgi-loterii-kohta\/","name":"Kuidas osta New Yorgi loteriipileteid internetist \u00dchendkuningriigist","isPartOf":{"@id":"https:\/\/redfoxlotto.com\/et\/#website"},"datePublished":"2025-02-25T17:25:31+00:00","dateModified":"2025-04-21T06:39:34+00:00","description":"Osta New Yorgi loteriipileteid siit - isegi \u00dchendkuningriigist saad New Yorgi loteriis internetis osaleda ja saada skaneeritud pilet m\u00f5ne minutiga.","breadcrumb":{"@id":"https:\/\/redfoxlotto.com\/et\/informatsioon\/new-yorgi-loterii-kohta\/#breadcrumb"},"inLanguage":"et","potentialAction":[{"@type":"ReadAction","target":["https:\/\/redfoxlotto.com\/et\/informatsioon\/new-yorgi-loterii-kohta\/"]}]},{"@type":"BreadcrumbList","@id":"https:\/\/redfoxlotto.com\/et\/informatsioon\/new-yorgi-loterii-kohta\/#breadcrumb","itemListElement":[{"@type":"ListItem","position":1,"name":"Home","item":"https:\/\/redfoxlotto.com\/et\/"},{"@type":"ListItem","position":2,"name":"Osta loteriipileteid internetis","item":"https:\/\/redfoxlotto.com\/et\/informatsioon\/"},{"@type":"ListItem","position":3,"name":"New Yorgi loterii kohta"}]},{"@type":"WebSite","@id":"https:\/\/redfoxlotto.com\/et\/#website","url":"https:\/\/redfoxlotto.com\/et\/","name":"Get Tickets for the World\u2019s largest jackpots","description":"Participate in worldwide lottery jackpots from any country","publisher":{"@id":"https:\/\/redfoxlotto.com\/et\/#organization"},"potentialAction":[{"@type":"SearchAction","target":{"@type":"EntryPoint","urlTemplate":"https:\/\/redfoxlotto.com\/et\/?s={search_term_string}"},"query-input":{"@type":"PropertyValueSpecification","valueRequired":true,"valueName":"search_term_string"}}],"inLanguage":"et"},{"@type":"Organization","@id":"https:\/\/redfoxlotto.com\/et\/#organization","name":"Get Tickets for the World\u2019s largest jackpots","url":"https:\/\/redfoxlotto.com\/et\/","logo":{"@type":"ImageObject","inLanguage":"et","@id":"https:\/\/redfoxlotto.com\/et\/#\/schema\/logo\/image\/","url":"https:\/\/redfoxlotto.com\/wp-content\/uploads\/2023\/04\/logo.png","contentUrl":"https:\/\/redfoxlotto.com\/wp-content\/uploads\/2023\/04\/logo.png","width":269,"height":53,"caption":"Get Tickets for the World\u2019s largest jackpots"},"image":{"@id":"https:\/\/redfoxlotto.com\/et\/#\/schema\/logo\/image\/"}}]}},"_links":{"self":[{"href":"https:\/\/redfoxlotto.com\/et\/wp-json\/wp\/v2\/pages\/85472","targetHints":{"allow":["GET"]}}],"collection":[{"href":"https:\/\/redfoxlotto.com\/et\/wp-json\/wp\/v2\/pages"}],"about":[{"href":"https:\/\/redfoxlotto.com\/et\/wp-json\/wp\/v2\/types\/page"}],"author":[{"embeddable":true,"href":"https:\/\/redfoxlotto.com\/et\/wp-json\/wp\/v2\/users\/8"}],"replies":[{"embeddable":true,"href":"https:\/\/redfoxlotto.com\/et\/wp-json\/wp\/v2\/comments?post=85472"}],"version-history":[{"count":0,"href":"https:\/\/redfoxlotto.com\/et\/wp-json\/wp\/v2\/pages\/85472\/revisions"}],"up":[{"embeddable":true,"href":"https:\/\/redfoxlotto.com\/et\/wp-json\/wp\/v2\/pages\/16809"}],"wp:attachment":[{"href":"https:\/\/redfoxlotto.com\/et\/wp-json\/wp\/v2\/media?parent=85472"}],"curies":[{"name":"wp","href":"https:\/\/api.w.org\/{rel}","templated":true}]}}