{"id":85249,"date":"2025-03-30T12:21:27","date_gmt":"2025-03-30T12:21:27","guid":{"rendered":"https:\/\/redfoxlotto.com\/?page_id=85249"},"modified":"2025-12-10T15:19:43","modified_gmt":"2025-12-10T15:19:43","slug":"kuidas-mangida-new-york-lottery-uk","status":"publish","type":"page","link":"https:\/\/redfoxlotto.com\/et\/mangi\/kuidas-mangida-new-york-lottery-uk\/","title":{"rendered":"Kuidas m\u00e4ngida New York Lottery UK."},"content":{"rendered":"<p><script type=\"application\/ld+json\">\n{\n\"@context\": \"https:\/\/schema.org\",\n\"@type\": \"Service\",\n\"name\": \"Play New York Lottery\",\n\"url\": \"https:\/\/redfoxlotto.com\/et\/mangi\/kuidas-mangida-new-york-lottery-uk\/\",\n\"description\": \"Osta ametlikke New Yorgi loteriipileteid veebis RedFoxLotto kaudu. Vali oma numbrid ja liitu j\u00e4rgmise loosimisega.\",\n\"serviceType\": \"Online lottery ticket purchase\",<\/p>\n<p>\"provider\": {\n\"@type\": \"Organization\",\n\"name\": \"RedFoxLotto\",\n\"url\": \"https:\/\/redfoxlotto.com\",\n\"logo\": \"https:\/\/redfoxlotto.com\/wp-content\/uploads\/logo.png\"\n},<\/p>\n<p>\"areaServed\": \"Worldwide\",\n\"termsOfService\": \"https:\/\/redfoxlotto.com\/terms-and-conditions\",<\/p>\n<p>\"hasOfferCatalog\": {\n\"@type\": \"OfferCatalog\",\n\"name\": \"New York Lottery Offers\",\n\"itemListElement\": [\n{\n\"@type\": \"Offer\",\n\"name\": \"New York Lottery Ticket\",\n\"url\": \"https:\/\/redfoxlotto.com\/et\/mangi\/kuidas-mangida-new-york-lottery-uk\/\",\n\"description\": \"\u00dcks p\u00e4\u00e4se j\u00e4rgmisele New Yorgi loteriiloosimisele.\",\n\"price\": \"1.40\",\n\"priceCurrency\": \"EUR\",\n\"availability\": \"https:\/\/schema.org\/InStock\",<\/p>\n<p>\"itemOffered\": {\n\"@type\": \"Service\",\n\"name\": \"New York Lottery Entry\",\n\"description\": \"Osale j\u00e4rgmisel New Yorgi loteriil RedFoxLotto kaudu.\"\n}\n}\n]\n},<\/p>\n<p>\"mainEntityOfPage\": {\n\"@type\": \"WebPage\",\n\"@id\": \"https:\/\/redfoxlotto.com\/et\/mangi\/kuidas-mangida-new-york-lottery-uk\/\"\n}\n}\n<\/script><\/p>\n<h2>Kuidas osaleda New York Lottery koos RedFoxLotto.com \u00dchendkuningriigis<\/h2>\n<p><img loading=\"lazy\" decoding=\"async\" class=\" wp-image-48802 alignright\" src=\"https:\/\/redfoxlotto.com\/wp-content\/uploads\/2023\/04\/raffle-tickets-online-495x330-1-300x200.jpg\" alt=\"New York Lottery\" width=\"321\" height=\"214\" srcset=\"https:\/\/redfoxlotto.com\/wp-content\/uploads\/2023\/04\/raffle-tickets-online-495x330-1-300x200.jpg 300w, https:\/\/redfoxlotto.com\/wp-content\/uploads\/2023\/04\/raffle-tickets-online-495x330-1.jpg 495w\" sizes=\"auto, (max-width: 321px) 100vw, 321px\" \/><br \/>\nV\u00f5tame n\u00e4iteks stsenaariumi, kus te \u00e4rkate \u00dchendkuningriigis, teete hommikuse tee ja seej\u00e4rel vaatate oma telefoni, et avastada, et olete just v\u00f5itnud New Yorgi loteriis. Kas see k\u00f5lab ulmeliselt? Muutke oma meelt! RedFoxLotto.com abil on v\u00f5imalik m\u00e4ngida \u00fchte Ameerika \u00dchendriikide k\u00f5ige p\u00f5nevamat loteriid mugavalt oma kodust \u00dchendkuningriigis.<\/p>\n<h2>New Yorgi loterii: Miks peaksite m\u00e4ngima?<\/h2>\n<p>New Yorgi loterii on tuntud oma tohutute jackpotide, p\u00f5nevate m\u00e4ngude ja v\u00f5itude poolest, mis v\u00f5ivad inimese elu t\u00e4ielikult muuta. Asjaolu, et igal n\u00e4dalal toimub palju loosimisi, t\u00e4hendab, et teil on lugematuid v\u00f5imalusi oma unistuste t\u00e4itumiseks. On v\u00f5imalus, et v\u00f5id v\u00f5ita elu muutva rahasumma, kui m\u00e4ngid kas Mega Millions v\u00f5i Powerball loteriis.<\/p>\n<h2>RedFoxLotto.com-i m\u00e4ngimise juhised samm-sammult<\/h2>\n<p>1. Mine veebilehele RedFoxLotto.com. K\u00e4ivitage oma valitud veebilehitseja ja navigeerige ametlikule RedFoxLotto veebisaidile.<\/p>\n<p>2. Looge konto &#8211; registreerumiseks peate looma konto. Lisaks sellele, et see on kiire ja turvaline, on see vajalik m\u00e4ngimiseks.<\/p>\n<p>3. Valige New Yorgi loterii &#8211; P\u00e4rast erinevate pakutavate loteriide l\u00e4bivaatamist valige New Yorgi loterii v\u00f5i m\u00f5ni muu Ameerika auhind, mis teid kogu otsingu k\u00e4igus huvitab.<\/p>\n<p>4. Valige oma numbrid Teil on v\u00f5imalus valida oma \u00f5nnenumbrid k\u00e4sitsi v\u00f5i kasutada kiirvaliku v\u00f5imalust, mis v\u00f5imaldab s\u00fcsteemil need teie eest automaatselt leida.<\/p>\n<p>5. Osta oma pilet &#8211; liigu kassalehek\u00fcljele ja maksa oma pileti eest turvaliselt, kasutades \u00fcht paljudest olemasolevatest maksev\u00f5imalustest.<\/p>\n<p>6. Loosimist oodates v\u00f5tke istet ja l\u00f5dvestuge. Juhul, kui oled v\u00f5itja, teavitatakse sind sellest!<\/p>\n<h2>RedFoxLotto.com-i m\u00e4ngudes osalemise eelised<\/h2>\n<p>See kaotab vajaduse reisida Ameerika \u00dchendriikidesse pileti ostmiseks.<\/p>\n<p>&#8211; Turvalised ja turvalised tehingud &#8211; m\u00e4ngige t\u00e4iesti rahulikult, teades, et teie raha ja ostuandmed on kaitstud.<\/p>\n<p>&#8211; Automaatselt saadetavad teated &#8211; \u00e4rge j\u00e4\u00e4ge kunagi v\u00f5idust ilma! Kui oled jackpoti \u00f5nnelik v\u00f5itja, saadetakse sulle kohe teade.<\/p>\n<p>Lisaks New Yorgi loteriile saate juurdep\u00e4\u00e4su ka \u00fclemaailmsetele loteriidele, mis annab teile veelgi rohkem v\u00f5imalusi m\u00e4rkimisv\u00e4\u00e4rse rahasumma v\u00f5itmiseks.<\/p>\n<h2>M\u00e4rkused l\u00f5petuseks<\/h2>\n<p>Kasutades RedFoxLotto.com, on teil juurdep\u00e4\u00e4s kogu maailma loterii meelelahutusele. Ei ole oluline, kus te asute \u00dchendkuningriigis; teil on v\u00f5imalus j\u00e4rgida Ameerika unistust ja v\u00f5imalik, et saate j\u00e4rgmiseks New Yorgi loteriimiljon\u00e4riks. Seega, miks peaks ootama? K\u00fclastage veebisaiti RedFoxLotto.com kohe, et saada oma pilet; te ei tea kunagi, millal hea \u00f5nn teile osaks saab.<\/p>\n","protected":false},"excerpt":{"rendered":"<p>Kuidas osaleda New York Lottery koos RedFoxLotto.com \u00dchendkuningriigis V\u00f5tame n\u00e4iteks stsenaariumi, kus te \u00e4rkate \u00dchendkuningriigis, teete hommikuse tee ja seej\u00e4rel vaatate oma telefoni, et avastada, et olete just v\u00f5itnud New Yorgi loteriis. Kas see k\u00f5lab ulmeliselt? Muutke oma meelt! RedFoxLotto.com abil on v\u00f5imalik m\u00e4ngida \u00fchte Ameerika \u00dchendriikide k\u00f5ige p\u00f5nevamat loteriid mugavalt oma kodust \u00dchendkuningriigis. New [&hellip;]<\/p>\n","protected":false},"author":8,"featured_media":0,"parent":16827,"menu_order":18,"comment_status":"closed","ping_status":"closed","template":"newyork.php","meta":{"_et_pb_use_builder":"","_et_pb_old_content":"","_et_gb_content_width":"","exclude_from_search":false,"footnotes":""},"class_list":["post-85249","page","type-page","status-publish","hentry"],"yoast_head":"<!-- This site is optimized with the Yoast SEO plugin v27.4 - https:\/\/yoast.com\/product\/yoast-seo-wordpress\/ -->\n<title>Kuidas osaleda New Yorgi loteriis \u00dchendkuningriigis<\/title>\n<meta name=\"description\" content=\"Avastage, kuidas m\u00e4ngida New Yorgi loteriis \u00dchendkuningriigist RedFoxLotto.com ja saate n\u00e4pun\u00e4iteid, kuidas maksimeerida oma v\u00f5iduv\u00f5imalusi.\" \/>\n<meta name=\"robots\" content=\"index, follow, max-snippet:-1, max-image-preview:large, max-video-preview:-1\" \/>\n<link rel=\"canonical\" href=\"https:\/\/redfoxlotto.com\/et\/mangi\/kuidas-mangida-new-york-lottery-uk\/\" \/>\n<meta property=\"og:locale\" content=\"et_EE\" \/>\n<meta property=\"og:type\" content=\"article\" \/>\n<meta property=\"og:title\" content=\"Kuidas osaleda New Yorgi loteriis \u00dchendkuningriigis\" \/>\n<meta property=\"og:description\" content=\"Avastage, kuidas m\u00e4ngida New Yorgi loteriis \u00dchendkuningriigist RedFoxLotto.com ja saate n\u00e4pun\u00e4iteid, kuidas maksimeerida oma v\u00f5iduv\u00f5imalusi.\" \/>\n<meta property=\"og:url\" content=\"https:\/\/redfoxlotto.com\/et\/mangi\/kuidas-mangida-new-york-lottery-uk\/\" \/>\n<meta property=\"og:site_name\" content=\"Get Tickets for the World\u2019s largest jackpots\" \/>\n<meta property=\"article:modified_time\" content=\"2025-12-10T15:19:43+00:00\" \/>\n<meta property=\"og:image\" content=\"https:\/\/redfoxlotto.com\/wp-content\/uploads\/2023\/04\/raffle-tickets-online-495x330-1-300x200.jpg\" \/>\n<meta name=\"twitter:card\" content=\"summary_large_image\" \/>\n<meta name=\"twitter:label1\" content=\"Est. reading time\" \/>\n\t<meta name=\"twitter:data1\" content=\"2 minutit\" \/>\n<script type=\"application\/ld+json\" class=\"yoast-schema-graph\">{\"@context\":\"https:\\\/\\\/schema.org\",\"@graph\":[{\"@type\":\"WebPage\",\"@id\":\"https:\\\/\\\/redfoxlotto.com\\\/et\\\/mangi\\\/kuidas-mangida-new-york-lottery-uk\\\/\",\"url\":\"https:\\\/\\\/redfoxlotto.com\\\/et\\\/mangi\\\/kuidas-mangida-new-york-lottery-uk\\\/\",\"name\":\"Kuidas osaleda New Yorgi loteriis \u00dchendkuningriigis\",\"isPartOf\":{\"@id\":\"https:\\\/\\\/redfoxlotto.com\\\/et\\\/#website\"},\"primaryImageOfPage\":{\"@id\":\"https:\\\/\\\/redfoxlotto.com\\\/et\\\/mangi\\\/kuidas-mangida-new-york-lottery-uk\\\/#primaryimage\"},\"image\":{\"@id\":\"https:\\\/\\\/redfoxlotto.com\\\/et\\\/mangi\\\/kuidas-mangida-new-york-lottery-uk\\\/#primaryimage\"},\"thumbnailUrl\":\"https:\\\/\\\/redfoxlotto.com\\\/wp-content\\\/uploads\\\/2023\\\/04\\\/raffle-tickets-online-495x330-1-300x200.jpg\",\"datePublished\":\"2025-03-30T12:21:27+00:00\",\"dateModified\":\"2025-12-10T15:19:43+00:00\",\"description\":\"Avastage, kuidas m\u00e4ngida New Yorgi loteriis \u00dchendkuningriigist RedFoxLotto.com ja saate n\u00e4pun\u00e4iteid, kuidas maksimeerida oma v\u00f5iduv\u00f5imalusi.\",\"breadcrumb\":{\"@id\":\"https:\\\/\\\/redfoxlotto.com\\\/et\\\/mangi\\\/kuidas-mangida-new-york-lottery-uk\\\/#breadcrumb\"},\"inLanguage\":\"et\",\"potentialAction\":[{\"@type\":\"ReadAction\",\"target\":[\"https:\\\/\\\/redfoxlotto.com\\\/et\\\/mangi\\\/kuidas-mangida-new-york-lottery-uk\\\/\"]}]},{\"@type\":\"ImageObject\",\"inLanguage\":\"et\",\"@id\":\"https:\\\/\\\/redfoxlotto.com\\\/et\\\/mangi\\\/kuidas-mangida-new-york-lottery-uk\\\/#primaryimage\",\"url\":\"https:\\\/\\\/redfoxlotto.com\\\/wp-content\\\/uploads\\\/2023\\\/04\\\/raffle-tickets-online-495x330-1-300x200.jpg\",\"contentUrl\":\"https:\\\/\\\/redfoxlotto.com\\\/wp-content\\\/uploads\\\/2023\\\/04\\\/raffle-tickets-online-495x330-1-300x200.jpg\"},{\"@type\":\"BreadcrumbList\",\"@id\":\"https:\\\/\\\/redfoxlotto.com\\\/et\\\/mangi\\\/kuidas-mangida-new-york-lottery-uk\\\/#breadcrumb\",\"itemListElement\":[{\"@type\":\"ListItem\",\"position\":1,\"name\":\"Home\",\"item\":\"https:\\\/\\\/redfoxlotto.com\\\/et\\\/\"},{\"@type\":\"ListItem\",\"position\":2,\"name\":\"Kuidas m\u00e4ngida teiste riikide loteriid\",\"item\":\"https:\\\/\\\/redfoxlotto.com\\\/et\\\/mangi\\\/\"},{\"@type\":\"ListItem\",\"position\":3,\"name\":\"Kuidas m\u00e4ngida New York Lottery UK.\"}]},{\"@type\":\"WebSite\",\"@id\":\"https:\\\/\\\/redfoxlotto.com\\\/et\\\/#website\",\"url\":\"https:\\\/\\\/redfoxlotto.com\\\/et\\\/\",\"name\":\"Get Tickets for the World\u2019s largest jackpots\",\"description\":\"Participate in worldwide lottery jackpots from any country\",\"publisher\":{\"@id\":\"https:\\\/\\\/redfoxlotto.com\\\/et\\\/#organization\"},\"potentialAction\":[{\"@type\":\"SearchAction\",\"target\":{\"@type\":\"EntryPoint\",\"urlTemplate\":\"https:\\\/\\\/redfoxlotto.com\\\/et\\\/?s={search_term_string}\"},\"query-input\":{\"@type\":\"PropertyValueSpecification\",\"valueRequired\":true,\"valueName\":\"search_term_string\"}}],\"inLanguage\":\"et\"},{\"@type\":\"Organization\",\"@id\":\"https:\\\/\\\/redfoxlotto.com\\\/et\\\/#organization\",\"name\":\"Get Tickets for the World\u2019s largest jackpots\",\"url\":\"https:\\\/\\\/redfoxlotto.com\\\/et\\\/\",\"logo\":{\"@type\":\"ImageObject\",\"inLanguage\":\"et\",\"@id\":\"https:\\\/\\\/redfoxlotto.com\\\/et\\\/#\\\/schema\\\/logo\\\/image\\\/\",\"url\":\"https:\\\/\\\/redfoxlotto.com\\\/wp-content\\\/uploads\\\/2023\\\/04\\\/logo.png\",\"contentUrl\":\"https:\\\/\\\/redfoxlotto.com\\\/wp-content\\\/uploads\\\/2023\\\/04\\\/logo.png\",\"width\":269,\"height\":53,\"caption\":\"Get Tickets for the World\u2019s largest jackpots\"},\"image\":{\"@id\":\"https:\\\/\\\/redfoxlotto.com\\\/et\\\/#\\\/schema\\\/logo\\\/image\\\/\"}}]}<\/script>\n<!-- \/ Yoast SEO plugin. -->","yoast_head_json":{"title":"Kuidas osaleda New Yorgi loteriis \u00dchendkuningriigis","description":"Avastage, kuidas m\u00e4ngida New Yorgi loteriis \u00dchendkuningriigist RedFoxLotto.com ja saate n\u00e4pun\u00e4iteid, kuidas maksimeerida oma v\u00f5iduv\u00f5imalusi.","robots":{"index":"index","follow":"follow","max-snippet":"max-snippet:-1","max-image-preview":"max-image-preview:large","max-video-preview":"max-video-preview:-1"},"canonical":"https:\/\/redfoxlotto.com\/et\/mangi\/kuidas-mangida-new-york-lottery-uk\/","og_locale":"et_EE","og_type":"article","og_title":"Kuidas osaleda New Yorgi loteriis \u00dchendkuningriigis","og_description":"Avastage, kuidas m\u00e4ngida New Yorgi loteriis \u00dchendkuningriigist RedFoxLotto.com ja saate n\u00e4pun\u00e4iteid, kuidas maksimeerida oma v\u00f5iduv\u00f5imalusi.","og_url":"https:\/\/redfoxlotto.com\/et\/mangi\/kuidas-mangida-new-york-lottery-uk\/","og_site_name":"Get Tickets for the World\u2019s largest jackpots","article_modified_time":"2025-12-10T15:19:43+00:00","og_image":[{"url":"https:\/\/redfoxlotto.com\/wp-content\/uploads\/2023\/04\/raffle-tickets-online-495x330-1-300x200.jpg","type":"","width":"","height":""}],"twitter_card":"summary_large_image","twitter_misc":{"Est. reading time":"2 minutit"},"schema":{"@context":"https:\/\/schema.org","@graph":[{"@type":"WebPage","@id":"https:\/\/redfoxlotto.com\/et\/mangi\/kuidas-mangida-new-york-lottery-uk\/","url":"https:\/\/redfoxlotto.com\/et\/mangi\/kuidas-mangida-new-york-lottery-uk\/","name":"Kuidas osaleda New Yorgi loteriis \u00dchendkuningriigis","isPartOf":{"@id":"https:\/\/redfoxlotto.com\/et\/#website"},"primaryImageOfPage":{"@id":"https:\/\/redfoxlotto.com\/et\/mangi\/kuidas-mangida-new-york-lottery-uk\/#primaryimage"},"image":{"@id":"https:\/\/redfoxlotto.com\/et\/mangi\/kuidas-mangida-new-york-lottery-uk\/#primaryimage"},"thumbnailUrl":"https:\/\/redfoxlotto.com\/wp-content\/uploads\/2023\/04\/raffle-tickets-online-495x330-1-300x200.jpg","datePublished":"2025-03-30T12:21:27+00:00","dateModified":"2025-12-10T15:19:43+00:00","description":"Avastage, kuidas m\u00e4ngida New Yorgi loteriis \u00dchendkuningriigist RedFoxLotto.com ja saate n\u00e4pun\u00e4iteid, kuidas maksimeerida oma v\u00f5iduv\u00f5imalusi.","breadcrumb":{"@id":"https:\/\/redfoxlotto.com\/et\/mangi\/kuidas-mangida-new-york-lottery-uk\/#breadcrumb"},"inLanguage":"et","potentialAction":[{"@type":"ReadAction","target":["https:\/\/redfoxlotto.com\/et\/mangi\/kuidas-mangida-new-york-lottery-uk\/"]}]},{"@type":"ImageObject","inLanguage":"et","@id":"https:\/\/redfoxlotto.com\/et\/mangi\/kuidas-mangida-new-york-lottery-uk\/#primaryimage","url":"https:\/\/redfoxlotto.com\/wp-content\/uploads\/2023\/04\/raffle-tickets-online-495x330-1-300x200.jpg","contentUrl":"https:\/\/redfoxlotto.com\/wp-content\/uploads\/2023\/04\/raffle-tickets-online-495x330-1-300x200.jpg"},{"@type":"BreadcrumbList","@id":"https:\/\/redfoxlotto.com\/et\/mangi\/kuidas-mangida-new-york-lottery-uk\/#breadcrumb","itemListElement":[{"@type":"ListItem","position":1,"name":"Home","item":"https:\/\/redfoxlotto.com\/et\/"},{"@type":"ListItem","position":2,"name":"Kuidas m\u00e4ngida teiste riikide loteriid","item":"https:\/\/redfoxlotto.com\/et\/mangi\/"},{"@type":"ListItem","position":3,"name":"Kuidas m\u00e4ngida New York Lottery UK."}]},{"@type":"WebSite","@id":"https:\/\/redfoxlotto.com\/et\/#website","url":"https:\/\/redfoxlotto.com\/et\/","name":"Get Tickets for the World\u2019s largest jackpots","description":"Participate in worldwide lottery jackpots from any country","publisher":{"@id":"https:\/\/redfoxlotto.com\/et\/#organization"},"potentialAction":[{"@type":"SearchAction","target":{"@type":"EntryPoint","urlTemplate":"https:\/\/redfoxlotto.com\/et\/?s={search_term_string}"},"query-input":{"@type":"PropertyValueSpecification","valueRequired":true,"valueName":"search_term_string"}}],"inLanguage":"et"},{"@type":"Organization","@id":"https:\/\/redfoxlotto.com\/et\/#organization","name":"Get Tickets for the World\u2019s largest jackpots","url":"https:\/\/redfoxlotto.com\/et\/","logo":{"@type":"ImageObject","inLanguage":"et","@id":"https:\/\/redfoxlotto.com\/et\/#\/schema\/logo\/image\/","url":"https:\/\/redfoxlotto.com\/wp-content\/uploads\/2023\/04\/logo.png","contentUrl":"https:\/\/redfoxlotto.com\/wp-content\/uploads\/2023\/04\/logo.png","width":269,"height":53,"caption":"Get Tickets for the World\u2019s largest jackpots"},"image":{"@id":"https:\/\/redfoxlotto.com\/et\/#\/schema\/logo\/image\/"}}]}},"_links":{"self":[{"href":"https:\/\/redfoxlotto.com\/et\/wp-json\/wp\/v2\/pages\/85249","targetHints":{"allow":["GET"]}}],"collection":[{"href":"https:\/\/redfoxlotto.com\/et\/wp-json\/wp\/v2\/pages"}],"about":[{"href":"https:\/\/redfoxlotto.com\/et\/wp-json\/wp\/v2\/types\/page"}],"author":[{"embeddable":true,"href":"https:\/\/redfoxlotto.com\/et\/wp-json\/wp\/v2\/users\/8"}],"replies":[{"embeddable":true,"href":"https:\/\/redfoxlotto.com\/et\/wp-json\/wp\/v2\/comments?post=85249"}],"version-history":[{"count":0,"href":"https:\/\/redfoxlotto.com\/et\/wp-json\/wp\/v2\/pages\/85249\/revisions"}],"up":[{"embeddable":true,"href":"https:\/\/redfoxlotto.com\/et\/wp-json\/wp\/v2\/pages\/16827"}],"wp:attachment":[{"href":"https:\/\/redfoxlotto.com\/et\/wp-json\/wp\/v2\/media?parent=85249"}],"curies":[{"name":"wp","href":"https:\/\/api.w.org\/{rel}","templated":true}]}}