{"id":84474,"date":"2025-03-17T09:46:32","date_gmt":"2025-03-17T09:46:32","guid":{"rendered":"https:\/\/redfoxlotto.com\/?page_id=84474"},"modified":"2025-06-17T08:44:24","modified_gmt":"2025-06-17T08:44:24","slug":"scratchcards","status":"publish","type":"page","link":"https:\/\/redfoxlotto.com\/et\/scratchcards\/","title":{"rendered":"Kraapekaardid"},"content":{"rendered":"<p>Kui oled loterii f\u00e4nn, siis oleme kindlad, et<strong>sulle meeldib<\/strong> ka<strong>meie online kraapimispiletite m\u00e4ngimine!<\/strong><\/p>\n<p>Kraapekaardid on alati olnud populaarne lisa loteriipileti ostmisele. Peaaegu k\u00f5ik loterii jaem\u00fc\u00fcgipoed maailmas m\u00fc\u00fcvad neid ja selleks on hea p\u00f5hjus. Kui loteriim\u00e4nguga kaasneb peaaegu alati natuke aega tulemuste ootamist, siis kriipsukaardid annavad sulle kohese tulemuse.<\/p>\n<p>Ja meie veebip\u00f5histe kriipsukaartide puhul ei pea sa nende ostmiseks isegi loteriipoodi leidma &#8211; sa v\u00f5id lihtsalt m\u00e4ngida meie kriipsukaarte veebis ja nautida l\u00f5busat ja p\u00f5nevat kriipsutamist.<\/p>\n<h2><strong>RedFoxLotto veebikraatluskaardid on peagi saadaval RedFoxLottos<\/strong><\/h2>\n<p><img loading=\"lazy\" decoding=\"async\" class=\" wp-image-83601 alignright\" src=\"https:\/\/redfoxlotto.com\/wp-content\/uploads\/2025\/03\/scratch_card_player-300x300.jpg\" alt=\"play scratch cards\" width=\"183\" height=\"183\" srcset=\"https:\/\/redfoxlotto.com\/wp-content\/uploads\/2025\/03\/scratch_card_player-300x300.jpg 300w, https:\/\/redfoxlotto.com\/wp-content\/uploads\/2025\/03\/scratch_card_player-150x150.jpg 150w, https:\/\/redfoxlotto.com\/wp-content\/uploads\/2025\/03\/scratch_card_player-100x100.jpg 100w, https:\/\/redfoxlotto.com\/wp-content\/uploads\/2025\/03\/scratch_card_player.jpg 307w\" sizes=\"auto, (max-width: 183px) 100vw, 183px\" \/><\/p>\n<ul>\n<li>Kraapimiskaardim\u00e4ngud k\u00e4ivitatakse 2025. aasta aprilli alguses.<\/li>\n<li>\u00c4ra j\u00e4ta k\u00e4ivitamist vahele!<\/li>\n<li>Veenduge, et saate meie reklaami e-kirjad &#8211; kontrollige oma r\u00e4mpsposti kausta ja m\u00e4rkige RedFoxLotto usaldusv\u00e4\u00e4rseks e-kirjade saatjaks.<\/li>\n<\/ul>\n<p>Maksmine on samuti v\u00e4ga mugav &#8211; eriti kui teil on juba kontosaldo meie kodulehel. See t\u00e4hendab, et kui plaanite osta mitu kriipsukaarti, siis tehke sissemakse oma rahakotti enne, kui hakkate kriipsukaarte m\u00e4ngima.<\/p>\n<p>Lihtsalt vali endale meelep\u00e4rane kaart ja kl\u00f5psa ostmiseks. Meil on mitu lahedat kujundust ning saadaval on erinevate hindade ja auhinnavahemikega kriipsukaarte.<\/p>\n<h2>Meie kriipsukaardim\u00e4ngude m\u00e4ngimine on \u00fcsna lihtne<\/h2>\n<p>Seej\u00e4rel saad kas k\u00e4sitsi, hiirega kaardilt \u00fclemise kihi maha kriipsutada v\u00f5i kl\u00f5psata nupule \u201ekiire kriipsutamine\u201c, et paljastada kogu kaardile peidetud info.<\/p>\n<p>Teie v\u00f5idud s\u00f5ltuvad summadest, mis kuvatakse p\u00e4rast seda, kui olete kaardilt \u00fclemise kihi maha kriipsutanud. Kui sinu kraapimiskaardil on kolm kokkulangevat summat, siis on see summa see, mida sa v\u00f5idad.<\/p>\n<h2>Mis juhtub p\u00e4rast kraapimiskaardi v\u00f5itu?<\/h2>\n<p>K\u00f5ik v\u00f5idud lisatakse teie kontole kohe. Kui kaart v\u00f5idab, on teil kaks v\u00f5imalust:<\/p>\n<ol>\n<li>Sa v\u00f5id j\u00e4\u00e4da kraapimiskaardi lehele ja j\u00e4tkata oma v\u00f5idu kasutamist, et osta rohkem online-kraapimiskaarte<\/li>\n<li>Sulgeda kraapimiskaartide lehek\u00fclg ja teie v\u00f5idud kantakse teie RedFoxLotto m\u00e4ngijasaldole.<\/li>\n<\/ol>\n<p>P\u00e4rast kriipsukaartide v\u00f5itude lisamist oma m\u00e4ngijasaldole saate neid kasutada \u00fcksk\u00f5ik millisel viisil &#8211; osta tavalisi loteriipileteid, m\u00e4ngida Kenot, osta hiljem rohkem online-kriipsukaarte v\u00f5i v\u00f5tta oma v\u00f5idud v\u00e4lja.<\/p>\n<p>Online-kraapimiskaartide lisamine on midagi, mida paljud meie kliendid on palunud, ja oleme kindlad, et ka teile meeldib see kogemus!<\/p>\n","protected":false},"excerpt":{"rendered":"<p>Kui oled loterii f\u00e4nn, siis oleme kindlad, etsulle meeldib kameie online kraapimispiletite m\u00e4ngimine! Kraapekaardid on alati olnud populaarne lisa loteriipileti ostmisele. Peaaegu k\u00f5ik loterii jaem\u00fc\u00fcgipoed maailmas m\u00fc\u00fcvad neid ja selleks on hea p\u00f5hjus. Kui loteriim\u00e4nguga kaasneb peaaegu alati natuke aega tulemuste ootamist, siis kriipsukaardid annavad sulle kohese tulemuse. Ja meie veebip\u00f5histe kriipsukaartide puhul ei pea [&hellip;]<\/p>\n","protected":false},"author":8,"featured_media":0,"parent":0,"menu_order":7,"comment_status":"closed","ping_status":"closed","template":"","meta":{"_et_pb_use_builder":"","_et_pb_old_content":"","_et_gb_content_width":"","exclude_from_search":false,"footnotes":""},"class_list":["post-84474","page","type-page","status-publish","hentry"],"yoast_head":"<!-- This site is optimized with the Yoast SEO plugin v27.4 - https:\/\/yoast.com\/product\/yoast-seo-wordpress\/ -->\n<title>M\u00e4ngige online kriipsukaarte | Parimad koheselt v\u00f5idavad kriipsukaardid<\/title>\n<meta name=\"description\" content=\"M\u00e4ngi siin parimaid online-kraapekaarte - atraktiivsed kraapimism\u00e4ngud ja suurep\u00e4rased auhinnad, mida saad kohe v\u00f5ita.\" \/>\n<meta name=\"robots\" content=\"index, follow, max-snippet:-1, max-image-preview:large, max-video-preview:-1\" \/>\n<link rel=\"canonical\" href=\"https:\/\/redfoxlotto.com\/et\/scratchcards\/\" \/>\n<meta property=\"og:locale\" content=\"et_EE\" \/>\n<meta property=\"og:type\" content=\"article\" \/>\n<meta property=\"og:title\" content=\"M\u00e4ngige online kriipsukaarte | Parimad koheselt v\u00f5idavad kriipsukaardid\" \/>\n<meta property=\"og:description\" content=\"M\u00e4ngi siin parimaid online-kraapekaarte - atraktiivsed kraapimism\u00e4ngud ja suurep\u00e4rased auhinnad, mida saad kohe v\u00f5ita.\" \/>\n<meta property=\"og:url\" content=\"https:\/\/redfoxlotto.com\/et\/scratchcards\/\" \/>\n<meta property=\"og:site_name\" content=\"Get Tickets for the World\u2019s largest jackpots\" \/>\n<meta property=\"article:modified_time\" content=\"2025-06-17T08:44:24+00:00\" \/>\n<meta property=\"og:image\" content=\"https:\/\/redfoxlotto.com\/wp-content\/uploads\/2025\/03\/scratch_card_player-300x300.jpg\" \/>\n<meta name=\"twitter:card\" content=\"summary_large_image\" \/>\n<meta name=\"twitter:label1\" content=\"Est. reading time\" \/>\n\t<meta name=\"twitter:data1\" content=\"2 minutit\" \/>\n<script type=\"application\/ld+json\" class=\"yoast-schema-graph\">{\"@context\":\"https:\\\/\\\/schema.org\",\"@graph\":[{\"@type\":\"WebPage\",\"@id\":\"https:\\\/\\\/redfoxlotto.com\\\/et\\\/scratchcards\\\/\",\"url\":\"https:\\\/\\\/redfoxlotto.com\\\/et\\\/scratchcards\\\/\",\"name\":\"M\u00e4ngige online kriipsukaarte | Parimad koheselt v\u00f5idavad kriipsukaardid\",\"isPartOf\":{\"@id\":\"https:\\\/\\\/redfoxlotto.com\\\/et\\\/#website\"},\"primaryImageOfPage\":{\"@id\":\"https:\\\/\\\/redfoxlotto.com\\\/et\\\/scratchcards\\\/#primaryimage\"},\"image\":{\"@id\":\"https:\\\/\\\/redfoxlotto.com\\\/et\\\/scratchcards\\\/#primaryimage\"},\"thumbnailUrl\":\"https:\\\/\\\/redfoxlotto.com\\\/wp-content\\\/uploads\\\/2025\\\/03\\\/scratch_card_player-300x300.jpg\",\"datePublished\":\"2025-03-17T09:46:32+00:00\",\"dateModified\":\"2025-06-17T08:44:24+00:00\",\"description\":\"M\u00e4ngi siin parimaid online-kraapekaarte - atraktiivsed kraapimism\u00e4ngud ja suurep\u00e4rased auhinnad, mida saad kohe v\u00f5ita.\",\"breadcrumb\":{\"@id\":\"https:\\\/\\\/redfoxlotto.com\\\/et\\\/scratchcards\\\/#breadcrumb\"},\"inLanguage\":\"et\",\"potentialAction\":[{\"@type\":\"ReadAction\",\"target\":[\"https:\\\/\\\/redfoxlotto.com\\\/et\\\/scratchcards\\\/\"]}]},{\"@type\":\"ImageObject\",\"inLanguage\":\"et\",\"@id\":\"https:\\\/\\\/redfoxlotto.com\\\/et\\\/scratchcards\\\/#primaryimage\",\"url\":\"https:\\\/\\\/redfoxlotto.com\\\/wp-content\\\/uploads\\\/2025\\\/03\\\/scratch_card_player-300x300.jpg\",\"contentUrl\":\"https:\\\/\\\/redfoxlotto.com\\\/wp-content\\\/uploads\\\/2025\\\/03\\\/scratch_card_player-300x300.jpg\"},{\"@type\":\"BreadcrumbList\",\"@id\":\"https:\\\/\\\/redfoxlotto.com\\\/et\\\/scratchcards\\\/#breadcrumb\",\"itemListElement\":[{\"@type\":\"ListItem\",\"position\":1,\"name\":\"Home\",\"item\":\"https:\\\/\\\/redfoxlotto.com\\\/et\\\/\"},{\"@type\":\"ListItem\",\"position\":2,\"name\":\"Kraapekaardid\"}]},{\"@type\":\"WebSite\",\"@id\":\"https:\\\/\\\/redfoxlotto.com\\\/et\\\/#website\",\"url\":\"https:\\\/\\\/redfoxlotto.com\\\/et\\\/\",\"name\":\"Get Tickets for the World\u2019s largest jackpots\",\"description\":\"Participate in worldwide lottery jackpots from any country\",\"publisher\":{\"@id\":\"https:\\\/\\\/redfoxlotto.com\\\/et\\\/#organization\"},\"potentialAction\":[{\"@type\":\"SearchAction\",\"target\":{\"@type\":\"EntryPoint\",\"urlTemplate\":\"https:\\\/\\\/redfoxlotto.com\\\/et\\\/?s={search_term_string}\"},\"query-input\":{\"@type\":\"PropertyValueSpecification\",\"valueRequired\":true,\"valueName\":\"search_term_string\"}}],\"inLanguage\":\"et\"},{\"@type\":\"Organization\",\"@id\":\"https:\\\/\\\/redfoxlotto.com\\\/et\\\/#organization\",\"name\":\"Get Tickets for the World\u2019s largest jackpots\",\"url\":\"https:\\\/\\\/redfoxlotto.com\\\/et\\\/\",\"logo\":{\"@type\":\"ImageObject\",\"inLanguage\":\"et\",\"@id\":\"https:\\\/\\\/redfoxlotto.com\\\/et\\\/#\\\/schema\\\/logo\\\/image\\\/\",\"url\":\"https:\\\/\\\/redfoxlotto.com\\\/wp-content\\\/uploads\\\/2023\\\/04\\\/logo.png\",\"contentUrl\":\"https:\\\/\\\/redfoxlotto.com\\\/wp-content\\\/uploads\\\/2023\\\/04\\\/logo.png\",\"width\":269,\"height\":53,\"caption\":\"Get Tickets for the World\u2019s largest jackpots\"},\"image\":{\"@id\":\"https:\\\/\\\/redfoxlotto.com\\\/et\\\/#\\\/schema\\\/logo\\\/image\\\/\"}}]}<\/script>\n<!-- \/ Yoast SEO plugin. -->","yoast_head_json":{"title":"M\u00e4ngige online kriipsukaarte | Parimad koheselt v\u00f5idavad kriipsukaardid","description":"M\u00e4ngi siin parimaid online-kraapekaarte - atraktiivsed kraapimism\u00e4ngud ja suurep\u00e4rased auhinnad, mida saad kohe v\u00f5ita.","robots":{"index":"index","follow":"follow","max-snippet":"max-snippet:-1","max-image-preview":"max-image-preview:large","max-video-preview":"max-video-preview:-1"},"canonical":"https:\/\/redfoxlotto.com\/et\/scratchcards\/","og_locale":"et_EE","og_type":"article","og_title":"M\u00e4ngige online kriipsukaarte | Parimad koheselt v\u00f5idavad kriipsukaardid","og_description":"M\u00e4ngi siin parimaid online-kraapekaarte - atraktiivsed kraapimism\u00e4ngud ja suurep\u00e4rased auhinnad, mida saad kohe v\u00f5ita.","og_url":"https:\/\/redfoxlotto.com\/et\/scratchcards\/","og_site_name":"Get Tickets for the World\u2019s largest jackpots","article_modified_time":"2025-06-17T08:44:24+00:00","og_image":[{"url":"https:\/\/redfoxlotto.com\/wp-content\/uploads\/2025\/03\/scratch_card_player-300x300.jpg","type":"","width":"","height":""}],"twitter_card":"summary_large_image","twitter_misc":{"Est. reading time":"2 minutit"},"schema":{"@context":"https:\/\/schema.org","@graph":[{"@type":"WebPage","@id":"https:\/\/redfoxlotto.com\/et\/scratchcards\/","url":"https:\/\/redfoxlotto.com\/et\/scratchcards\/","name":"M\u00e4ngige online kriipsukaarte | Parimad koheselt v\u00f5idavad kriipsukaardid","isPartOf":{"@id":"https:\/\/redfoxlotto.com\/et\/#website"},"primaryImageOfPage":{"@id":"https:\/\/redfoxlotto.com\/et\/scratchcards\/#primaryimage"},"image":{"@id":"https:\/\/redfoxlotto.com\/et\/scratchcards\/#primaryimage"},"thumbnailUrl":"https:\/\/redfoxlotto.com\/wp-content\/uploads\/2025\/03\/scratch_card_player-300x300.jpg","datePublished":"2025-03-17T09:46:32+00:00","dateModified":"2025-06-17T08:44:24+00:00","description":"M\u00e4ngi siin parimaid online-kraapekaarte - atraktiivsed kraapimism\u00e4ngud ja suurep\u00e4rased auhinnad, mida saad kohe v\u00f5ita.","breadcrumb":{"@id":"https:\/\/redfoxlotto.com\/et\/scratchcards\/#breadcrumb"},"inLanguage":"et","potentialAction":[{"@type":"ReadAction","target":["https:\/\/redfoxlotto.com\/et\/scratchcards\/"]}]},{"@type":"ImageObject","inLanguage":"et","@id":"https:\/\/redfoxlotto.com\/et\/scratchcards\/#primaryimage","url":"https:\/\/redfoxlotto.com\/wp-content\/uploads\/2025\/03\/scratch_card_player-300x300.jpg","contentUrl":"https:\/\/redfoxlotto.com\/wp-content\/uploads\/2025\/03\/scratch_card_player-300x300.jpg"},{"@type":"BreadcrumbList","@id":"https:\/\/redfoxlotto.com\/et\/scratchcards\/#breadcrumb","itemListElement":[{"@type":"ListItem","position":1,"name":"Home","item":"https:\/\/redfoxlotto.com\/et\/"},{"@type":"ListItem","position":2,"name":"Kraapekaardid"}]},{"@type":"WebSite","@id":"https:\/\/redfoxlotto.com\/et\/#website","url":"https:\/\/redfoxlotto.com\/et\/","name":"Get Tickets for the World\u2019s largest jackpots","description":"Participate in worldwide lottery jackpots from any country","publisher":{"@id":"https:\/\/redfoxlotto.com\/et\/#organization"},"potentialAction":[{"@type":"SearchAction","target":{"@type":"EntryPoint","urlTemplate":"https:\/\/redfoxlotto.com\/et\/?s={search_term_string}"},"query-input":{"@type":"PropertyValueSpecification","valueRequired":true,"valueName":"search_term_string"}}],"inLanguage":"et"},{"@type":"Organization","@id":"https:\/\/redfoxlotto.com\/et\/#organization","name":"Get Tickets for the World\u2019s largest jackpots","url":"https:\/\/redfoxlotto.com\/et\/","logo":{"@type":"ImageObject","inLanguage":"et","@id":"https:\/\/redfoxlotto.com\/et\/#\/schema\/logo\/image\/","url":"https:\/\/redfoxlotto.com\/wp-content\/uploads\/2023\/04\/logo.png","contentUrl":"https:\/\/redfoxlotto.com\/wp-content\/uploads\/2023\/04\/logo.png","width":269,"height":53,"caption":"Get Tickets for the World\u2019s largest jackpots"},"image":{"@id":"https:\/\/redfoxlotto.com\/et\/#\/schema\/logo\/image\/"}}]}},"_links":{"self":[{"href":"https:\/\/redfoxlotto.com\/et\/wp-json\/wp\/v2\/pages\/84474","targetHints":{"allow":["GET"]}}],"collection":[{"href":"https:\/\/redfoxlotto.com\/et\/wp-json\/wp\/v2\/pages"}],"about":[{"href":"https:\/\/redfoxlotto.com\/et\/wp-json\/wp\/v2\/types\/page"}],"author":[{"embeddable":true,"href":"https:\/\/redfoxlotto.com\/et\/wp-json\/wp\/v2\/users\/8"}],"replies":[{"embeddable":true,"href":"https:\/\/redfoxlotto.com\/et\/wp-json\/wp\/v2\/comments?post=84474"}],"version-history":[{"count":0,"href":"https:\/\/redfoxlotto.com\/et\/wp-json\/wp\/v2\/pages\/84474\/revisions"}],"wp:attachment":[{"href":"https:\/\/redfoxlotto.com\/et\/wp-json\/wp\/v2\/media?parent=84474"}],"curies":[{"name":"wp","href":"https:\/\/api.w.org\/{rel}","templated":true}]}}