{"id":84386,"date":"2025-02-12T11:12:52","date_gmt":"2025-02-12T11:12:52","guid":{"rendered":"https:\/\/redfoxlotto.com\/?page_id=84386"},"modified":"2025-10-09T14:04:33","modified_gmt":"2025-10-09T14:04:33","slug":"keno","status":"publish","type":"page","link":"https:\/\/redfoxlotto.com\/et\/keno\/","title":{"rendered":"Keno"},"content":{"rendered":"<h2>Kas sa ei tea, kuidas Kenot internetis m\u00e4ngida?<\/h2>\n<p>Sa tead, kuidas loterii toimib, kuid pole kunagi Kenot m\u00e4nginud? Las ma selgitan, kuidas Kenot internetis m\u00e4ngida. Sellest ei ole nii raske aru saada ja meie platvormi abil on Keno pileti loomine lihtne.<\/p>\n<div class=\"keno-banner-wrapper\"><img decoding=\"async\" class=\"keno-banner-image\" src=\"https:\/\/redfoxlotto.com\/wp-content\/uploads\/2025\/10\/3-scaled.png\" alt=\"Keno Banner\" \/><br \/>\n<div class=\"keno-banner-overlay\"><div class=\"keno-banner-text\">Peaauhind: \u20ac10,000,000<br>Loosimised iga 30 minuti j\u00e4rel<\/div><a href=\"https:\/\/keno.redfoxlotto.com\/play\/diamond-keno\" class=\"keno-banner-button\">M\u00e4ngi Diamond Kenot kohe<\/a><\/div><\/div>\n<div class=\"keno-banner-wrapper\"><img decoding=\"async\" class=\"keno-banner-image\" src=\"https:\/\/redfoxlotto.com\/wp-content\/uploads\/2025\/10\/1-scaled.png\" alt=\"Keno Banner\" \/><br \/>\n<div class=\"keno-banner-overlay\"><div class=\"keno-banner-text\">Peaauhind: \u20ac5,000,000<br>Loosimised iga 8 minuti j\u00e4rel<\/div><a href=\"https:\/\/keno.redfoxlotto.com\/play\/platinum-keno\" class=\"keno-banner-button\">M\u00e4ngi Platinum Kenot kohe<\/a><\/div><\/div>\n<div class=\"keno-banner-wrapper\"><img decoding=\"async\" class=\"keno-banner-image\" src=\"https:\/\/redfoxlotto.com\/wp-content\/uploads\/2025\/10\/2-scaled.png\" alt=\"Keno Banner\" \/><br \/>\n<div class=\"keno-banner-overlay\"><div class=\"keno-banner-text\">Peaauhind: \u20ac2,000,000<br>Loosimised iga 6 minuti j\u00e4rel<\/div><a href=\"https:\/\/keno.redfoxlotto.com\/play\/gold-keno\" class=\"keno-banner-button\">M\u00e4ngi  Gold Keno kohe<\/a><\/div><\/div>\n<h2>Erinevused tavalise loterii ja Keno vahel<\/h2>\n<p><img loading=\"lazy\" decoding=\"async\" class=\"alignright size-medium wp-image-83635\" src=\"https:\/\/redfoxlotto.com\/wp-content\/uploads\/2025\/03\/keno_card-300x300.jpg\" alt=\"play keno online\" width=\"300\" height=\"300\" srcset=\"https:\/\/redfoxlotto.com\/wp-content\/uploads\/2025\/03\/keno_card-300x300.jpg 300w, https:\/\/redfoxlotto.com\/wp-content\/uploads\/2025\/03\/keno_card-150x150.jpg 150w, https:\/\/redfoxlotto.com\/wp-content\/uploads\/2025\/03\/keno_card-100x100.jpg 100w, https:\/\/redfoxlotto.com\/wp-content\/uploads\/2025\/03\/keno_card.jpg 307w\" sizes=\"auto, (max-width: 300px) 100vw, 300px\" \/><br \/>\nKenot m\u00e4ngides on sul rohkem kontrolli selle \u00fcle, kui palju sa piletile kulutada tahad, ja sa otsustad ka, mitu numbrit sa valid.<\/p>\n<ul>\n<li><strong>Multiplikaator<\/strong> &#8211; igal Keno piletil on baashind (miinimum, mida pead \u00fche pileti eest maksma), kuid on olemas ka korrutisfunktsioon. Oletame, et baashind on 1,00 eurot. Valides kordaja 5, maksab teie pilet n\u00fc\u00fcd 5,00 eurot. Kuid samal ajal t\u00f5useb summa, mida v\u00f5id v\u00f5ita, v\u00e4hemalt 5-kordajaga. Selleks, et v\u00f5ita maksimaalne auhind igas v\u00e4ljamaksetasandis, tuleb valida maksimaalne kordaja. Kordaja v\u00f5ib olla vahemikus 1 kuni 5 v\u00f5i 1 kuni 10. Tegeliku v\u00e4ljamakse n\u00e4gemiseks kl\u00f5psa \u00fclaloleval vahekaardil \u201eInfo\u201c ja n\u00e4ed v\u00e4ljamaksete tabelit.<\/li>\n<li>Kl\u00f5psake valitud kordajat ja selle kordaja v\u00e4ljamaksed kuvatakse.<\/li>\n<li><strong>M\u00e4ngi rohkem v\u00f5i v\u00e4hem numbreid<\/strong> &#8211; saad otsustada, kas soovid oma piletile valida rohkem v\u00f5i v\u00e4hem numbreid. J\u00e4llegi, kui soovid v\u00f5ita peaauhinna, peaksid alati valima maksimumi, nimelt 10 numbrit. Kui aga otsustate m\u00e4ngida ainult 8 numbrit, siis v\u00f5idate rohkem raha, kui k\u00f5ik v\u00f5i m\u00f5ned neist vastavad loositud numbritele. J\u00e4llegi, tabel \u201eInfo\u201c lehel n\u00e4itab sulle v\u00e4ljamakseid.<\/li>\n<li><strong>Numbrite valikust loositakse rohkem numbreid<\/strong> &#8211; kui tavalises loteriis loositakse 49 v\u00f5i 60 numbrist 5 v\u00f5i 6 numbrit, siis Keno m\u00e4ngimisel on see teisiti. Esiteks loositakse enamikus Keno m\u00e4ngudes 20 numbrit, kuid ka v\u00f5imalike numbrite reserv on suurem (tavaliselt kuskil 70 ja 90 numbri vahel). Kuid 20 v\u00f5idunumbri puhul peate suure auhinna v\u00f5itmiseks sobitama neist vaid 10 numbrit. See t\u00e4hendab, et \u00fcldine t\u00f5en\u00e4osus on Kenot internetis m\u00e4ngides parem kui enamiku tavaliste loteriide puhul.<\/li>\n<\/ul>\n<h2>Kuidas siis Kenot internetis m\u00e4ngida?<\/h2>\n<p><strong>Keno online m\u00e4ngimiseks peate vaid j\u00e4rgima allj\u00e4rgnevaid samme:<\/strong><\/p>\n<ul>\n<li>Kl\u00f5psake sellel lehel \u00fchel Keno b\u00e4nneril.<\/li>\n<li>Valige, kui palju numbreid soovite m\u00e4ngida<\/li>\n<li>Valige kordaja ja kontrollige pileti hinda (vajadusel kohandage kordajat)<\/li>\n<li>Valige oma numbrid (v\u00f5i kasutage juhuslike numbrite genereerimiseks Quick Pick funktsiooni).<\/li>\n<li>Lisage soovi korral rohkem pileteid samale Keno loosimisele<\/li>\n<li>Otsustage, kas soovite, et teie pilet v\u00f5i piletid osaleksid \u00fches v\u00f5i mitmes loosimises.<\/li>\n<li>Makske oma piletite eest (kui teil ei ole veel kontot, tuleb teil luua meie veebilehel uus konto v\u00f5i logida sisse oma olemasolevale kontole).<\/li>\n<\/ul>\n<h2>Ainult m\u00f5ned minutid enne j\u00e4rgmise loosimise toimumist<\/h2>\n<p>Enamik Keno loteriid loositakse iga paari minuti tagant, seega ei ole vaja kaua oodata, et teada saada, kas olete v\u00f5itnud. Iga kord, kui meie veebisaidil olles on tulemas Keno loterii loosimine, ilmub h\u00fcpikaken ja varsti p\u00e4rast seda n\u00e4ete loosimise animatsioonivideot. Kui h\u00fcpikaken kuvatakse, peaks teil olema veel v\u00f5imalik osta pilet, et m\u00e4ngida selles eelseisvas loosimises. Kuid isegi kui sa ei saa j\u00e4rgmist loosimist, saad alati luua pileti j\u00e4rgmiseks eelseisvaks loosimiseks, mis on vaid m\u00f5ne minuti kaugusel!<\/p>\n<p>Keno loosimised on virtuaalsed loosimised, mille numbrid genereeritakse sertifitseeritud juhusliku numbrigeneraatori abil. Nii v\u00f5id olla kindel, et kui m\u00e4ngid Kenot internetis meie veebisaidil, on m\u00e4ng alati \u00f5iglane.<\/p>\n<p>Muide, tegemist ei ole avaliku loteriiga, kus saab pileteid osta kusagilt loteriim\u00fc\u00fcgipunktist. Seet\u00f5ttu ei saa Keno m\u00e4ngude puhul \u00fchtegi skaneeritud piletit, vaid saate lihtsalt kinnituse oma m\u00e4ngijakontole.<\/p>\n","protected":false},"excerpt":{"rendered":"<p>Kas sa ei tea, kuidas Kenot internetis m\u00e4ngida? Sa tead, kuidas loterii toimib, kuid pole kunagi Kenot m\u00e4nginud? Las ma selgitan, kuidas Kenot internetis m\u00e4ngida. Sellest ei ole nii raske aru saada ja meie platvormi abil on Keno pileti loomine lihtne. Erinevused tavalise loterii ja Keno vahel Kenot m\u00e4ngides on sul rohkem kontrolli selle \u00fcle, [&hellip;]<\/p>\n","protected":false},"author":8,"featured_media":0,"parent":0,"menu_order":5,"comment_status":"closed","ping_status":"closed","template":"","meta":{"_et_pb_use_builder":"","_et_pb_old_content":"","_et_gb_content_width":"","exclude_from_search":false,"footnotes":""},"class_list":["post-84386","page","type-page","status-publish","hentry"],"yoast_head":"<!-- This site is optimized with the Yoast SEO plugin v23.8 - https:\/\/yoast.com\/wordpress\/plugins\/seo\/ -->\n<title>Kuidas m\u00e4ngida Kenot internetis | Keno reeglid ja strateegia internetis<\/title>\n<meta name=\"description\" content=\"Tahad Kenos suurelt v\u00f5ita? Kuidas m\u00e4ngida Kenot internetis kuni 10 miljoni euro suuruste peaauhindade eest, kusjuures loosimised ei ole kunagi rohkem kui m\u00f5ne minuti kaugusel.\" \/>\n<meta name=\"robots\" content=\"index, follow, max-snippet:-1, max-image-preview:large, max-video-preview:-1\" \/>\n<link rel=\"canonical\" href=\"https:\/\/redfoxlotto.com\/et\/keno\/\" \/>\n<meta property=\"og:locale\" content=\"et_EE\" \/>\n<meta property=\"og:type\" content=\"article\" \/>\n<meta property=\"og:title\" content=\"Kuidas m\u00e4ngida Kenot internetis | Keno reeglid ja strateegia internetis\" \/>\n<meta property=\"og:description\" content=\"Tahad Kenos suurelt v\u00f5ita? Kuidas m\u00e4ngida Kenot internetis kuni 10 miljoni euro suuruste peaauhindade eest, kusjuures loosimised ei ole kunagi rohkem kui m\u00f5ne minuti kaugusel.\" \/>\n<meta property=\"og:url\" content=\"https:\/\/redfoxlotto.com\/et\/keno\/\" \/>\n<meta property=\"og:site_name\" content=\"Get Tickets for the World\u2019s largest jackpots\" \/>\n<meta property=\"article:modified_time\" content=\"2025-10-09T14:04:33+00:00\" \/>\n<meta property=\"og:image\" content=\"https:\/\/redfoxlotto.com\/wp-content\/uploads\/2025\/10\/3-scaled.png\" \/>\n<meta name=\"twitter:card\" content=\"summary_large_image\" \/>\n<meta name=\"twitter:label1\" content=\"Est. reading time\" \/>\n\t<meta name=\"twitter:data1\" content=\"4 minutit\" \/>\n<script type=\"application\/ld+json\" class=\"yoast-schema-graph\">{\"@context\":\"https:\/\/schema.org\",\"@graph\":[{\"@type\":\"WebPage\",\"@id\":\"https:\/\/redfoxlotto.com\/et\/keno\/\",\"url\":\"https:\/\/redfoxlotto.com\/et\/keno\/\",\"name\":\"Kuidas m\u00e4ngida Kenot internetis | Keno reeglid ja strateegia internetis\",\"isPartOf\":{\"@id\":\"https:\/\/redfoxlotto.com\/et\/#website\"},\"primaryImageOfPage\":{\"@id\":\"https:\/\/redfoxlotto.com\/et\/keno\/#primaryimage\"},\"image\":{\"@id\":\"https:\/\/redfoxlotto.com\/et\/keno\/#primaryimage\"},\"thumbnailUrl\":\"https:\/\/redfoxlotto.com\/wp-content\/uploads\/2025\/10\/3-scaled.png\",\"datePublished\":\"2025-02-12T11:12:52+00:00\",\"dateModified\":\"2025-10-09T14:04:33+00:00\",\"description\":\"Tahad Kenos suurelt v\u00f5ita? Kuidas m\u00e4ngida Kenot internetis kuni 10 miljoni euro suuruste peaauhindade eest, kusjuures loosimised ei ole kunagi rohkem kui m\u00f5ne minuti kaugusel.\",\"breadcrumb\":{\"@id\":\"https:\/\/redfoxlotto.com\/et\/keno\/#breadcrumb\"},\"inLanguage\":\"et\",\"potentialAction\":[{\"@type\":\"ReadAction\",\"target\":[\"https:\/\/redfoxlotto.com\/et\/keno\/\"]}]},{\"@type\":\"ImageObject\",\"inLanguage\":\"et\",\"@id\":\"https:\/\/redfoxlotto.com\/et\/keno\/#primaryimage\",\"url\":\"https:\/\/redfoxlotto.com\/wp-content\/uploads\/2025\/10\/3-scaled.png\",\"contentUrl\":\"https:\/\/redfoxlotto.com\/wp-content\/uploads\/2025\/10\/3-scaled.png\"},{\"@type\":\"BreadcrumbList\",\"@id\":\"https:\/\/redfoxlotto.com\/et\/keno\/#breadcrumb\",\"itemListElement\":[{\"@type\":\"ListItem\",\"position\":1,\"name\":\"Home\",\"item\":\"https:\/\/redfoxlotto.com\/et\/\"},{\"@type\":\"ListItem\",\"position\":2,\"name\":\"Keno\"}]},{\"@type\":\"WebSite\",\"@id\":\"https:\/\/redfoxlotto.com\/et\/#website\",\"url\":\"https:\/\/redfoxlotto.com\/et\/\",\"name\":\"Get Tickets for the World\u2019s largest jackpots\",\"description\":\"Participate in worldwide lottery jackpots from any country\",\"publisher\":{\"@id\":\"https:\/\/redfoxlotto.com\/et\/#organization\"},\"potentialAction\":[{\"@type\":\"SearchAction\",\"target\":{\"@type\":\"EntryPoint\",\"urlTemplate\":\"https:\/\/redfoxlotto.com\/et\/?s={search_term_string}\"},\"query-input\":{\"@type\":\"PropertyValueSpecification\",\"valueRequired\":true,\"valueName\":\"search_term_string\"}}],\"inLanguage\":\"et\"},{\"@type\":\"Organization\",\"@id\":\"https:\/\/redfoxlotto.com\/et\/#organization\",\"name\":\"Get Tickets for the World\u2019s largest jackpots\",\"url\":\"https:\/\/redfoxlotto.com\/et\/\",\"logo\":{\"@type\":\"ImageObject\",\"inLanguage\":\"et\",\"@id\":\"https:\/\/redfoxlotto.com\/et\/#\/schema\/logo\/image\/\",\"url\":\"https:\/\/redfoxlotto.com\/wp-content\/uploads\/2023\/04\/logo.png\",\"contentUrl\":\"https:\/\/redfoxlotto.com\/wp-content\/uploads\/2023\/04\/logo.png\",\"width\":269,\"height\":53,\"caption\":\"Get Tickets for the World\u2019s largest jackpots\"},\"image\":{\"@id\":\"https:\/\/redfoxlotto.com\/et\/#\/schema\/logo\/image\/\"}}]}<\/script>\n<!-- \/ Yoast SEO plugin. -->","yoast_head_json":{"title":"Kuidas m\u00e4ngida Kenot internetis | Keno reeglid ja strateegia internetis","description":"Tahad Kenos suurelt v\u00f5ita? Kuidas m\u00e4ngida Kenot internetis kuni 10 miljoni euro suuruste peaauhindade eest, kusjuures loosimised ei ole kunagi rohkem kui m\u00f5ne minuti kaugusel.","robots":{"index":"index","follow":"follow","max-snippet":"max-snippet:-1","max-image-preview":"max-image-preview:large","max-video-preview":"max-video-preview:-1"},"canonical":"https:\/\/redfoxlotto.com\/et\/keno\/","og_locale":"et_EE","og_type":"article","og_title":"Kuidas m\u00e4ngida Kenot internetis | Keno reeglid ja strateegia internetis","og_description":"Tahad Kenos suurelt v\u00f5ita? Kuidas m\u00e4ngida Kenot internetis kuni 10 miljoni euro suuruste peaauhindade eest, kusjuures loosimised ei ole kunagi rohkem kui m\u00f5ne minuti kaugusel.","og_url":"https:\/\/redfoxlotto.com\/et\/keno\/","og_site_name":"Get Tickets for the World\u2019s largest jackpots","article_modified_time":"2025-10-09T14:04:33+00:00","og_image":[{"url":"https:\/\/redfoxlotto.com\/wp-content\/uploads\/2025\/10\/3-scaled.png"}],"twitter_card":"summary_large_image","twitter_misc":{"Est. reading time":"4 minutit"},"schema":{"@context":"https:\/\/schema.org","@graph":[{"@type":"WebPage","@id":"https:\/\/redfoxlotto.com\/et\/keno\/","url":"https:\/\/redfoxlotto.com\/et\/keno\/","name":"Kuidas m\u00e4ngida Kenot internetis | Keno reeglid ja strateegia internetis","isPartOf":{"@id":"https:\/\/redfoxlotto.com\/et\/#website"},"primaryImageOfPage":{"@id":"https:\/\/redfoxlotto.com\/et\/keno\/#primaryimage"},"image":{"@id":"https:\/\/redfoxlotto.com\/et\/keno\/#primaryimage"},"thumbnailUrl":"https:\/\/redfoxlotto.com\/wp-content\/uploads\/2025\/10\/3-scaled.png","datePublished":"2025-02-12T11:12:52+00:00","dateModified":"2025-10-09T14:04:33+00:00","description":"Tahad Kenos suurelt v\u00f5ita? Kuidas m\u00e4ngida Kenot internetis kuni 10 miljoni euro suuruste peaauhindade eest, kusjuures loosimised ei ole kunagi rohkem kui m\u00f5ne minuti kaugusel.","breadcrumb":{"@id":"https:\/\/redfoxlotto.com\/et\/keno\/#breadcrumb"},"inLanguage":"et","potentialAction":[{"@type":"ReadAction","target":["https:\/\/redfoxlotto.com\/et\/keno\/"]}]},{"@type":"ImageObject","inLanguage":"et","@id":"https:\/\/redfoxlotto.com\/et\/keno\/#primaryimage","url":"https:\/\/redfoxlotto.com\/wp-content\/uploads\/2025\/10\/3-scaled.png","contentUrl":"https:\/\/redfoxlotto.com\/wp-content\/uploads\/2025\/10\/3-scaled.png"},{"@type":"BreadcrumbList","@id":"https:\/\/redfoxlotto.com\/et\/keno\/#breadcrumb","itemListElement":[{"@type":"ListItem","position":1,"name":"Home","item":"https:\/\/redfoxlotto.com\/et\/"},{"@type":"ListItem","position":2,"name":"Keno"}]},{"@type":"WebSite","@id":"https:\/\/redfoxlotto.com\/et\/#website","url":"https:\/\/redfoxlotto.com\/et\/","name":"Get Tickets for the World\u2019s largest jackpots","description":"Participate in worldwide lottery jackpots from any country","publisher":{"@id":"https:\/\/redfoxlotto.com\/et\/#organization"},"potentialAction":[{"@type":"SearchAction","target":{"@type":"EntryPoint","urlTemplate":"https:\/\/redfoxlotto.com\/et\/?s={search_term_string}"},"query-input":{"@type":"PropertyValueSpecification","valueRequired":true,"valueName":"search_term_string"}}],"inLanguage":"et"},{"@type":"Organization","@id":"https:\/\/redfoxlotto.com\/et\/#organization","name":"Get Tickets for the World\u2019s largest jackpots","url":"https:\/\/redfoxlotto.com\/et\/","logo":{"@type":"ImageObject","inLanguage":"et","@id":"https:\/\/redfoxlotto.com\/et\/#\/schema\/logo\/image\/","url":"https:\/\/redfoxlotto.com\/wp-content\/uploads\/2023\/04\/logo.png","contentUrl":"https:\/\/redfoxlotto.com\/wp-content\/uploads\/2023\/04\/logo.png","width":269,"height":53,"caption":"Get Tickets for the World\u2019s largest jackpots"},"image":{"@id":"https:\/\/redfoxlotto.com\/et\/#\/schema\/logo\/image\/"}}]}},"_links":{"self":[{"href":"https:\/\/redfoxlotto.com\/et\/wp-json\/wp\/v2\/pages\/84386","targetHints":{"allow":["GET"]}}],"collection":[{"href":"https:\/\/redfoxlotto.com\/et\/wp-json\/wp\/v2\/pages"}],"about":[{"href":"https:\/\/redfoxlotto.com\/et\/wp-json\/wp\/v2\/types\/page"}],"author":[{"embeddable":true,"href":"https:\/\/redfoxlotto.com\/et\/wp-json\/wp\/v2\/users\/8"}],"replies":[{"embeddable":true,"href":"https:\/\/redfoxlotto.com\/et\/wp-json\/wp\/v2\/comments?post=84386"}],"version-history":[{"count":0,"href":"https:\/\/redfoxlotto.com\/et\/wp-json\/wp\/v2\/pages\/84386\/revisions"}],"wp:attachment":[{"href":"https:\/\/redfoxlotto.com\/et\/wp-json\/wp\/v2\/media?parent=84386"}],"curies":[{"name":"wp","href":"https:\/\/api.w.org\/{rel}","templated":true}]}}