{"id":68287,"date":"2024-04-25T08:02:02","date_gmt":"2024-04-25T08:02:02","guid":{"rendered":"https:\/\/redfoxlotto.org\/?page_id=68287"},"modified":"2024-11-24T17:28:26","modified_gmt":"2024-11-24T17:28:26","slug":"purchase-success","status":"publish","type":"page","link":"https:\/\/redfoxlotto.com\/et\/purchase-success\/","title":{"rendered":"Ostu edu"},"content":{"rendered":"<p>Olete edukalt ostnud oma loteriipileti v\u00f5i piletid!<\/p><p>Teie tellimuse \u00fcksikasjad on n\u00e4ha teie m\u00e4ngijakontol. K\u00f5igepealt logige sisse ja kl\u00f5psake \u201eMinu piletid\u201c.<\/p><p>Pange t\u00e4hele, et teie numbritega pileti skaneerimine ja \u00fcleslaadimine v\u00f5ib v\u00f5tta veidi aega. Piletite skaneeringud laaditakse \u00fcles teie m\u00e4ngijakontole, kuid neid ei saadeta teile e-postiga.<\/p><p>N\u00fc\u00fcd peate vaid ootama loosimist &#8211; hoiame p\u00f6ialt ja loodame, et v\u00f5idate.<\/p><p>Kui sinu pilet v\u00f5idab, saadetakse sulle alati e-kirjaga teade. J\u00e4lgi, et meie e-kirjad ei satuks sinu \u201eSpam\u201c v\u00f5i \u201eTundmatu\u201c kausta!\u201c<\/p>","protected":false},"excerpt":{"rendered":"<p>Olete edukalt ostnud oma loteriipileti v\u00f5i piletid! Teie tellimuse \u00fcksikasjad on n\u00e4ha teie m\u00e4ngijakontol. K\u00f5igepealt logige sisse ja kl\u00f5psake \u201eMinu piletid\u201c. Pange t\u00e4hele, et teie numbritega pileti skaneerimine ja \u00fcleslaadimine v\u00f5ib v\u00f5tta veidi aega. Piletite skaneeringud laaditakse \u00fcles teie m\u00e4ngijakontole, kuid neid ei saadeta teile e-postiga. N\u00fc\u00fcd peate vaid ootama loosimist &#8211; hoiame p\u00f6ialt ja [&hellip;]<\/p>\n","protected":false},"author":1,"featured_media":0,"parent":0,"menu_order":19,"comment_status":"closed","ping_status":"closed","template":"wc_ThankYou.php","meta":{"_et_pb_use_builder":"","_et_pb_old_content":"","_et_gb_content_width":"","exclude_from_search":false,"footnotes":""},"class_list":["post-68287","page","type-page","status-publish","hentry"],"yoast_head":"<!-- This site is optimized with the Yoast SEO plugin v23.8 - https:\/\/yoast.com\/wordpress\/plugins\/seo\/ -->\n<title>Ostu edu<\/title>\n<meta name=\"robots\" content=\"index, follow, max-snippet:-1, max-image-preview:large, max-video-preview:-1\" \/>\n<link rel=\"canonical\" href=\"https:\/\/redfoxlotto.com\/et\/purchase-success\/\" \/>\n<meta property=\"og:locale\" content=\"et_EE\" \/>\n<meta property=\"og:type\" content=\"article\" \/>\n<meta property=\"og:title\" content=\"Ostu edu\" \/>\n<meta property=\"og:description\" content=\"Olete edukalt ostnud oma loteriipileti v\u00f5i piletid! Teie tellimuse \u00fcksikasjad on n\u00e4ha teie m\u00e4ngijakontol. K\u00f5igepealt logige sisse ja kl\u00f5psake \u201eMinu piletid\u201c. Pange t\u00e4hele, et teie numbritega pileti skaneerimine ja \u00fcleslaadimine v\u00f5ib v\u00f5tta veidi aega. Piletite skaneeringud laaditakse \u00fcles teie m\u00e4ngijakontole, kuid neid ei saadeta teile e-postiga. N\u00fc\u00fcd peate vaid ootama loosimist &#8211; hoiame p\u00f6ialt ja [&hellip;]\" \/>\n<meta property=\"og:url\" content=\"https:\/\/redfoxlotto.com\/et\/purchase-success\/\" \/>\n<meta property=\"og:site_name\" content=\"Get Tickets for the World\u2019s largest jackpots\" \/>\n<meta property=\"article:modified_time\" content=\"2024-11-24T17:28:26+00:00\" \/>\n<meta name=\"twitter:card\" content=\"summary_large_image\" \/>\n<meta name=\"twitter:label1\" content=\"Est. reading time\" \/>\n\t<meta name=\"twitter:data1\" content=\"1 minut\" \/>\n<script type=\"application\/ld+json\" class=\"yoast-schema-graph\">{\"@context\":\"https:\/\/schema.org\",\"@graph\":[{\"@type\":\"WebPage\",\"@id\":\"https:\/\/redfoxlotto.com\/et\/purchase-success\/\",\"url\":\"https:\/\/redfoxlotto.com\/et\/purchase-success\/\",\"name\":\"Ostu edu\",\"isPartOf\":{\"@id\":\"https:\/\/redfoxlotto.com\/et\/#website\"},\"datePublished\":\"2024-04-25T08:02:02+00:00\",\"dateModified\":\"2024-11-24T17:28:26+00:00\",\"breadcrumb\":{\"@id\":\"https:\/\/redfoxlotto.com\/et\/purchase-success\/#breadcrumb\"},\"inLanguage\":\"et\",\"potentialAction\":[{\"@type\":\"ReadAction\",\"target\":[\"https:\/\/redfoxlotto.com\/et\/purchase-success\/\"]}]},{\"@type\":\"BreadcrumbList\",\"@id\":\"https:\/\/redfoxlotto.com\/et\/purchase-success\/#breadcrumb\",\"itemListElement\":[{\"@type\":\"ListItem\",\"position\":1,\"name\":\"Home\",\"item\":\"https:\/\/redfoxlotto.com\/et\/\"},{\"@type\":\"ListItem\",\"position\":2,\"name\":\"Ostu edu\"}]},{\"@type\":\"WebSite\",\"@id\":\"https:\/\/redfoxlotto.com\/et\/#website\",\"url\":\"https:\/\/redfoxlotto.com\/et\/\",\"name\":\"Get Tickets for the World\u2019s largest jackpots\",\"description\":\"Participate in worldwide lottery jackpots from any country\",\"publisher\":{\"@id\":\"https:\/\/redfoxlotto.com\/et\/#organization\"},\"potentialAction\":[{\"@type\":\"SearchAction\",\"target\":{\"@type\":\"EntryPoint\",\"urlTemplate\":\"https:\/\/redfoxlotto.com\/et\/?s={search_term_string}\"},\"query-input\":{\"@type\":\"PropertyValueSpecification\",\"valueRequired\":true,\"valueName\":\"search_term_string\"}}],\"inLanguage\":\"et\"},{\"@type\":\"Organization\",\"@id\":\"https:\/\/redfoxlotto.com\/et\/#organization\",\"name\":\"Get Tickets for the World\u2019s largest jackpots\",\"url\":\"https:\/\/redfoxlotto.com\/et\/\",\"logo\":{\"@type\":\"ImageObject\",\"inLanguage\":\"et\",\"@id\":\"https:\/\/redfoxlotto.com\/et\/#\/schema\/logo\/image\/\",\"url\":\"https:\/\/redfoxlotto.com\/wp-content\/uploads\/2023\/04\/logo.png\",\"contentUrl\":\"https:\/\/redfoxlotto.com\/wp-content\/uploads\/2023\/04\/logo.png\",\"width\":269,\"height\":53,\"caption\":\"Get Tickets for the World\u2019s largest jackpots\"},\"image\":{\"@id\":\"https:\/\/redfoxlotto.com\/et\/#\/schema\/logo\/image\/\"}}]}<\/script>\n<!-- \/ Yoast SEO plugin. -->","yoast_head_json":{"title":"Ostu edu","robots":{"index":"index","follow":"follow","max-snippet":"max-snippet:-1","max-image-preview":"max-image-preview:large","max-video-preview":"max-video-preview:-1"},"canonical":"https:\/\/redfoxlotto.com\/et\/purchase-success\/","og_locale":"et_EE","og_type":"article","og_title":"Ostu edu","og_description":"Olete edukalt ostnud oma loteriipileti v\u00f5i piletid! Teie tellimuse \u00fcksikasjad on n\u00e4ha teie m\u00e4ngijakontol. K\u00f5igepealt logige sisse ja kl\u00f5psake \u201eMinu piletid\u201c. Pange t\u00e4hele, et teie numbritega pileti skaneerimine ja \u00fcleslaadimine v\u00f5ib v\u00f5tta veidi aega. Piletite skaneeringud laaditakse \u00fcles teie m\u00e4ngijakontole, kuid neid ei saadeta teile e-postiga. N\u00fc\u00fcd peate vaid ootama loosimist &#8211; hoiame p\u00f6ialt ja [&hellip;]","og_url":"https:\/\/redfoxlotto.com\/et\/purchase-success\/","og_site_name":"Get Tickets for the World\u2019s largest jackpots","article_modified_time":"2024-11-24T17:28:26+00:00","twitter_card":"summary_large_image","twitter_misc":{"Est. reading time":"1 minut"},"schema":{"@context":"https:\/\/schema.org","@graph":[{"@type":"WebPage","@id":"https:\/\/redfoxlotto.com\/et\/purchase-success\/","url":"https:\/\/redfoxlotto.com\/et\/purchase-success\/","name":"Ostu edu","isPartOf":{"@id":"https:\/\/redfoxlotto.com\/et\/#website"},"datePublished":"2024-04-25T08:02:02+00:00","dateModified":"2024-11-24T17:28:26+00:00","breadcrumb":{"@id":"https:\/\/redfoxlotto.com\/et\/purchase-success\/#breadcrumb"},"inLanguage":"et","potentialAction":[{"@type":"ReadAction","target":["https:\/\/redfoxlotto.com\/et\/purchase-success\/"]}]},{"@type":"BreadcrumbList","@id":"https:\/\/redfoxlotto.com\/et\/purchase-success\/#breadcrumb","itemListElement":[{"@type":"ListItem","position":1,"name":"Home","item":"https:\/\/redfoxlotto.com\/et\/"},{"@type":"ListItem","position":2,"name":"Ostu edu"}]},{"@type":"WebSite","@id":"https:\/\/redfoxlotto.com\/et\/#website","url":"https:\/\/redfoxlotto.com\/et\/","name":"Get Tickets for the World\u2019s largest jackpots","description":"Participate in worldwide lottery jackpots from any country","publisher":{"@id":"https:\/\/redfoxlotto.com\/et\/#organization"},"potentialAction":[{"@type":"SearchAction","target":{"@type":"EntryPoint","urlTemplate":"https:\/\/redfoxlotto.com\/et\/?s={search_term_string}"},"query-input":{"@type":"PropertyValueSpecification","valueRequired":true,"valueName":"search_term_string"}}],"inLanguage":"et"},{"@type":"Organization","@id":"https:\/\/redfoxlotto.com\/et\/#organization","name":"Get Tickets for the World\u2019s largest jackpots","url":"https:\/\/redfoxlotto.com\/et\/","logo":{"@type":"ImageObject","inLanguage":"et","@id":"https:\/\/redfoxlotto.com\/et\/#\/schema\/logo\/image\/","url":"https:\/\/redfoxlotto.com\/wp-content\/uploads\/2023\/04\/logo.png","contentUrl":"https:\/\/redfoxlotto.com\/wp-content\/uploads\/2023\/04\/logo.png","width":269,"height":53,"caption":"Get Tickets for the World\u2019s largest jackpots"},"image":{"@id":"https:\/\/redfoxlotto.com\/et\/#\/schema\/logo\/image\/"}}]}},"_links":{"self":[{"href":"https:\/\/redfoxlotto.com\/et\/wp-json\/wp\/v2\/pages\/68287","targetHints":{"allow":["GET"]}}],"collection":[{"href":"https:\/\/redfoxlotto.com\/et\/wp-json\/wp\/v2\/pages"}],"about":[{"href":"https:\/\/redfoxlotto.com\/et\/wp-json\/wp\/v2\/types\/page"}],"author":[{"embeddable":true,"href":"https:\/\/redfoxlotto.com\/et\/wp-json\/wp\/v2\/users\/1"}],"replies":[{"embeddable":true,"href":"https:\/\/redfoxlotto.com\/et\/wp-json\/wp\/v2\/comments?post=68287"}],"version-history":[{"count":0,"href":"https:\/\/redfoxlotto.com\/et\/wp-json\/wp\/v2\/pages\/68287\/revisions"}],"wp:attachment":[{"href":"https:\/\/redfoxlotto.com\/et\/wp-json\/wp\/v2\/media?parent=68287"}],"curies":[{"name":"wp","href":"https:\/\/api.w.org\/{rel}","templated":true}]}}