{"id":60867,"date":"2020-04-16T13:14:59","date_gmt":"2020-04-16T13:14:59","guid":{"rendered":"https:\/\/redfoxlotto.eu\/?page_id=60867"},"modified":"2023-06-01T08:07:47","modified_gmt":"2023-06-01T08:07:47","slug":"lotto-fr","status":"publish","type":"page","link":"https:\/\/redfoxlotto.com\/et\/tulemused\/lotto-fr\/","title":{"rendered":"Prantsuse loterii tulemused"},"content":{"rendered":"<p>Oled alustanud loteriim\u00e4ngu internetis ja n\u00fc\u00fcd tahad veenduda, et v\u00f5idunumbrid oleksid v\u00f5imalikult lihtsad? Vaatame Prantsusmaa loterii tulemusi ja seda, mida need v\u00f5ivad sinu jaoks t\u00e4hendada.<\/p>\n<p><img loading=\"lazy\" decoding=\"async\" class=\" wp-image alignright\" src=\"https:\/\/content.redfoxlotto.com\/uploads\/sites\/9\/1_winning_online_lottery.jpg\" alt=\"Lotto Prantsusmaa \" width=\"160\" height=\"160\" \/><\/p>\n<p>L\u00f5ppude l\u00f5puks, kui sa m\u00e4ngid neid lotom\u00e4nge, tahad sa ju olla kindel, et sa tead tulemused niipea, kui need on k\u00e4ttesaadavad, eks? Noh, see on lihtsam kui kunagi varem, et sa saaksid just seda teha.<\/p>\n<h2>Prantsuse loterii tulemuste leidmine<\/h2>\n<p>Esimene asi, mida pead teadma, kui otsid internetis loteriitulemusi, on see, kust leida ametlikud tulemused. On igasuguseid saite, mida saate vaadata, et leida rohkem teavet, kuid parim koht on see, kust ostsite pileti v\u00f5i m\u00e4ngitava loterii ametlikul veebisaidil. Prantsuse Loto puhul leiate mitmeid erinevaid v\u00f5imalusi ja asukohti, seega veenduge, et otsite \u00fchte neist kahest piirkonnast v\u00f5i et te vaatate numbreid topelt erinevates kohtades.<\/p>\n<h2>Auhinnaklasside m\u00f5istmine<\/h2>\n<p>Kui leiate v\u00f5idutulemused, soovite l\u00e4hemalt uurida selliseid asju nagu auhinnaklasside loetelu ja seda, milliseid numbreid te tegelikult \u00f5igesti leidsite. L\u00f5ppude l\u00f5puks m\u00e4ngib Prantsuse loto sarnaselt mitmete teiste loteriim\u00e4ngudega kogu maailmas. Sa pead saama k\u00f5ik numbrid, mis antud juhul on viis palli pluss boonus, korraga. See saab olema raske, kuid kindlasti mitte v\u00f5imatu (inimesed v\u00f5idavad ju kogu aeg loteriid, eks ole?). Niisiis, kui sa tabad k\u00f5ik need numbrid \u00f5igesti ja valid boonuspalli \u00f5igesti, siis v\u00f5idad jackpot&#8217;i, mis pidevalt suureneb.<\/p>\n<p>Kui sa tabad \u00f5igesti vaid paar numbrit (kui sa saad boonuspalli, siis vaid \u00fche), siis v\u00f5idad tegelikult auhinna. N\u00fc\u00fcd, sa ei v\u00f5ida palju, kui sa tabad ainult boonusnumbri v\u00f5i isegi kui sa tabad \u00fche v\u00f5i kaks palli. Aga kui sa saad neist neli, siis saad p\u00e4ris hea summa ja kui sa saad v\u00e4hemalt neli koos<\/p>\n<p><img decoding=\"async\" class=\" wp-image alignright\" src=\"https:\/\/content.redfoxlotto.com\/uploads\/sites\/9\/1_lotto_money_win.jpg\" alt=\"tulemused\" \/><\/p>\n<p>boonuspalliga, siis l\u00e4heb sul t\u00f5esti h\u00e4sti. Tegelikult annab sulle ainult nelja palli \u00f5igeks saamine koos boonusega rohkem raha kui viie palli \u00f5igeks saamine ilma boonuseta.<\/p>\n<h2>Oma lemmikm\u00e4ngude m\u00e4ngimine<\/h2>\n<p>Kui otsid Prantsuse loterii tulemusi, on k\u00f5ige t\u00e4htsam otsida \u00f5igetest kohtadest. Tulemused loositakse v\u00e4lja igal esmasp\u00e4eval, kolmap\u00e4eval ja laup\u00e4eval, mis t\u00e4hendab, et sul on palju v\u00f5imalusi v\u00f5ita ning jackpot kasvab iga p\u00e4evaga ainult edasi, nii et kui sa t\u00e4na ei v\u00f5ida, v\u00f5id olla suur v\u00f5itja juba m\u00f5ne p\u00e4eva p\u00e4rast!<\/p>\n","protected":false},"excerpt":{"rendered":"<p>Oled alustanud loteriim\u00e4ngu internetis ja n\u00fc\u00fcd tahad veenduda, et v\u00f5idunumbrid oleksid v\u00f5imalikult lihtsad? Vaatame Prantsusmaa loterii tulemusi ja seda, mida need v\u00f5ivad sinu jaoks t\u00e4hendada. L\u00f5ppude l\u00f5puks, kui sa m\u00e4ngid neid lotom\u00e4nge, tahad sa ju olla kindel, et sa tead tulemused niipea, kui need on k\u00e4ttesaadavad, eks? Noh, see on lihtsam kui kunagi varem, et [&hellip;]<\/p>\n","protected":false},"author":1,"featured_media":0,"parent":16817,"menu_order":32,"comment_status":"closed","ping_status":"closed","template":"lotto-fr-results.php","meta":{"_et_pb_use_builder":"","_et_pb_old_content":"","_et_gb_content_width":"","exclude_from_search":false,"footnotes":""},"class_list":["post-60867","page","type-page","status-publish","hentry"],"yoast_head":"<!-- This site is optimized with the Yoast SEO plugin v27.4 - https:\/\/yoast.com\/product\/yoast-seo-wordpress\/ -->\n<title>Prantsuse loterii tulemuste leidmine<\/title>\n<meta name=\"description\" content=\"Prantsuse loterii tulemuste leidmine on lihtne ja kerge, sest k\u00f5ik, mida sa pead tegema, on neid vaadata siit\" \/>\n<meta name=\"robots\" content=\"index, follow, max-snippet:-1, max-image-preview:large, max-video-preview:-1\" \/>\n<link rel=\"canonical\" href=\"https:\/\/redfoxlotto.com\/et\/tulemused\/lotto-fr\/\" \/>\n<meta property=\"og:locale\" content=\"et_EE\" \/>\n<meta property=\"og:type\" content=\"article\" \/>\n<meta property=\"og:title\" content=\"Prantsuse loterii tulemuste leidmine\" \/>\n<meta property=\"og:description\" content=\"Prantsuse loterii tulemuste leidmine on lihtne ja kerge, sest k\u00f5ik, mida sa pead tegema, on neid vaadata siit\" \/>\n<meta property=\"og:url\" content=\"https:\/\/redfoxlotto.com\/et\/tulemused\/lotto-fr\/\" \/>\n<meta property=\"og:site_name\" content=\"Get Tickets for the World\u2019s largest jackpots\" \/>\n<meta property=\"article:modified_time\" content=\"2023-06-01T08:07:47+00:00\" \/>\n<meta property=\"og:image\" content=\"https:\/\/content.redfoxlotto.com\/uploads\/sites\/9\/1_winning_online_lottery.jpg\" \/>\n<meta name=\"twitter:card\" content=\"summary_large_image\" \/>\n<meta name=\"twitter:label1\" content=\"Est. reading time\" \/>\n\t<meta name=\"twitter:data1\" content=\"2 minutit\" \/>\n<script type=\"application\/ld+json\" class=\"yoast-schema-graph\">{\"@context\":\"https:\\\/\\\/schema.org\",\"@graph\":[{\"@type\":\"WebPage\",\"@id\":\"https:\\\/\\\/redfoxlotto.com\\\/et\\\/tulemused\\\/lotto-fr\\\/\",\"url\":\"https:\\\/\\\/redfoxlotto.com\\\/et\\\/tulemused\\\/lotto-fr\\\/\",\"name\":\"Prantsuse loterii tulemuste leidmine\",\"isPartOf\":{\"@id\":\"https:\\\/\\\/redfoxlotto.com\\\/et\\\/#website\"},\"primaryImageOfPage\":{\"@id\":\"https:\\\/\\\/redfoxlotto.com\\\/et\\\/tulemused\\\/lotto-fr\\\/#primaryimage\"},\"image\":{\"@id\":\"https:\\\/\\\/redfoxlotto.com\\\/et\\\/tulemused\\\/lotto-fr\\\/#primaryimage\"},\"thumbnailUrl\":\"https:\\\/\\\/content.redfoxlotto.com\\\/uploads\\\/sites\\\/9\\\/1_winning_online_lottery.jpg\",\"datePublished\":\"2020-04-16T13:14:59+00:00\",\"dateModified\":\"2023-06-01T08:07:47+00:00\",\"description\":\"Prantsuse loterii tulemuste leidmine on lihtne ja kerge, sest k\u00f5ik, mida sa pead tegema, on neid vaadata siit\",\"breadcrumb\":{\"@id\":\"https:\\\/\\\/redfoxlotto.com\\\/et\\\/tulemused\\\/lotto-fr\\\/#breadcrumb\"},\"inLanguage\":\"et\",\"potentialAction\":[{\"@type\":\"ReadAction\",\"target\":[\"https:\\\/\\\/redfoxlotto.com\\\/et\\\/tulemused\\\/lotto-fr\\\/\"]}]},{\"@type\":\"ImageObject\",\"inLanguage\":\"et\",\"@id\":\"https:\\\/\\\/redfoxlotto.com\\\/et\\\/tulemused\\\/lotto-fr\\\/#primaryimage\",\"url\":\"https:\\\/\\\/content.redfoxlotto.com\\\/uploads\\\/sites\\\/9\\\/1_winning_online_lottery.jpg\",\"contentUrl\":\"https:\\\/\\\/content.redfoxlotto.com\\\/uploads\\\/sites\\\/9\\\/1_winning_online_lottery.jpg\"},{\"@type\":\"BreadcrumbList\",\"@id\":\"https:\\\/\\\/redfoxlotto.com\\\/et\\\/tulemused\\\/lotto-fr\\\/#breadcrumb\",\"itemListElement\":[{\"@type\":\"ListItem\",\"position\":1,\"name\":\"Home\",\"item\":\"https:\\\/\\\/redfoxlotto.com\\\/et\\\/\"},{\"@type\":\"ListItem\",\"position\":2,\"name\":\"Loterii Tulemused Internetis\",\"item\":\"https:\\\/\\\/redfoxlotto.com\\\/et\\\/tulemused\\\/\"},{\"@type\":\"ListItem\",\"position\":3,\"name\":\"Prantsuse loterii tulemused\"}]},{\"@type\":\"WebSite\",\"@id\":\"https:\\\/\\\/redfoxlotto.com\\\/et\\\/#website\",\"url\":\"https:\\\/\\\/redfoxlotto.com\\\/et\\\/\",\"name\":\"Get Tickets for the World\u2019s largest jackpots\",\"description\":\"Participate in worldwide lottery jackpots from any country\",\"publisher\":{\"@id\":\"https:\\\/\\\/redfoxlotto.com\\\/et\\\/#organization\"},\"potentialAction\":[{\"@type\":\"SearchAction\",\"target\":{\"@type\":\"EntryPoint\",\"urlTemplate\":\"https:\\\/\\\/redfoxlotto.com\\\/et\\\/?s={search_term_string}\"},\"query-input\":{\"@type\":\"PropertyValueSpecification\",\"valueRequired\":true,\"valueName\":\"search_term_string\"}}],\"inLanguage\":\"et\"},{\"@type\":\"Organization\",\"@id\":\"https:\\\/\\\/redfoxlotto.com\\\/et\\\/#organization\",\"name\":\"Get Tickets for the World\u2019s largest jackpots\",\"url\":\"https:\\\/\\\/redfoxlotto.com\\\/et\\\/\",\"logo\":{\"@type\":\"ImageObject\",\"inLanguage\":\"et\",\"@id\":\"https:\\\/\\\/redfoxlotto.com\\\/et\\\/#\\\/schema\\\/logo\\\/image\\\/\",\"url\":\"https:\\\/\\\/redfoxlotto.com\\\/wp-content\\\/uploads\\\/2023\\\/04\\\/logo.png\",\"contentUrl\":\"https:\\\/\\\/redfoxlotto.com\\\/wp-content\\\/uploads\\\/2023\\\/04\\\/logo.png\",\"width\":269,\"height\":53,\"caption\":\"Get Tickets for the World\u2019s largest jackpots\"},\"image\":{\"@id\":\"https:\\\/\\\/redfoxlotto.com\\\/et\\\/#\\\/schema\\\/logo\\\/image\\\/\"}}]}<\/script>\n<!-- \/ Yoast SEO plugin. -->","yoast_head_json":{"title":"Prantsuse loterii tulemuste leidmine","description":"Prantsuse loterii tulemuste leidmine on lihtne ja kerge, sest k\u00f5ik, mida sa pead tegema, on neid vaadata siit","robots":{"index":"index","follow":"follow","max-snippet":"max-snippet:-1","max-image-preview":"max-image-preview:large","max-video-preview":"max-video-preview:-1"},"canonical":"https:\/\/redfoxlotto.com\/et\/tulemused\/lotto-fr\/","og_locale":"et_EE","og_type":"article","og_title":"Prantsuse loterii tulemuste leidmine","og_description":"Prantsuse loterii tulemuste leidmine on lihtne ja kerge, sest k\u00f5ik, mida sa pead tegema, on neid vaadata siit","og_url":"https:\/\/redfoxlotto.com\/et\/tulemused\/lotto-fr\/","og_site_name":"Get Tickets for the World\u2019s largest jackpots","article_modified_time":"2023-06-01T08:07:47+00:00","og_image":[{"url":"https:\/\/content.redfoxlotto.com\/uploads\/sites\/9\/1_winning_online_lottery.jpg","type":"","width":"","height":""}],"twitter_card":"summary_large_image","twitter_misc":{"Est. reading time":"2 minutit"},"schema":{"@context":"https:\/\/schema.org","@graph":[{"@type":"WebPage","@id":"https:\/\/redfoxlotto.com\/et\/tulemused\/lotto-fr\/","url":"https:\/\/redfoxlotto.com\/et\/tulemused\/lotto-fr\/","name":"Prantsuse loterii tulemuste leidmine","isPartOf":{"@id":"https:\/\/redfoxlotto.com\/et\/#website"},"primaryImageOfPage":{"@id":"https:\/\/redfoxlotto.com\/et\/tulemused\/lotto-fr\/#primaryimage"},"image":{"@id":"https:\/\/redfoxlotto.com\/et\/tulemused\/lotto-fr\/#primaryimage"},"thumbnailUrl":"https:\/\/content.redfoxlotto.com\/uploads\/sites\/9\/1_winning_online_lottery.jpg","datePublished":"2020-04-16T13:14:59+00:00","dateModified":"2023-06-01T08:07:47+00:00","description":"Prantsuse loterii tulemuste leidmine on lihtne ja kerge, sest k\u00f5ik, mida sa pead tegema, on neid vaadata siit","breadcrumb":{"@id":"https:\/\/redfoxlotto.com\/et\/tulemused\/lotto-fr\/#breadcrumb"},"inLanguage":"et","potentialAction":[{"@type":"ReadAction","target":["https:\/\/redfoxlotto.com\/et\/tulemused\/lotto-fr\/"]}]},{"@type":"ImageObject","inLanguage":"et","@id":"https:\/\/redfoxlotto.com\/et\/tulemused\/lotto-fr\/#primaryimage","url":"https:\/\/content.redfoxlotto.com\/uploads\/sites\/9\/1_winning_online_lottery.jpg","contentUrl":"https:\/\/content.redfoxlotto.com\/uploads\/sites\/9\/1_winning_online_lottery.jpg"},{"@type":"BreadcrumbList","@id":"https:\/\/redfoxlotto.com\/et\/tulemused\/lotto-fr\/#breadcrumb","itemListElement":[{"@type":"ListItem","position":1,"name":"Home","item":"https:\/\/redfoxlotto.com\/et\/"},{"@type":"ListItem","position":2,"name":"Loterii Tulemused Internetis","item":"https:\/\/redfoxlotto.com\/et\/tulemused\/"},{"@type":"ListItem","position":3,"name":"Prantsuse loterii tulemused"}]},{"@type":"WebSite","@id":"https:\/\/redfoxlotto.com\/et\/#website","url":"https:\/\/redfoxlotto.com\/et\/","name":"Get Tickets for the World\u2019s largest jackpots","description":"Participate in worldwide lottery jackpots from any country","publisher":{"@id":"https:\/\/redfoxlotto.com\/et\/#organization"},"potentialAction":[{"@type":"SearchAction","target":{"@type":"EntryPoint","urlTemplate":"https:\/\/redfoxlotto.com\/et\/?s={search_term_string}"},"query-input":{"@type":"PropertyValueSpecification","valueRequired":true,"valueName":"search_term_string"}}],"inLanguage":"et"},{"@type":"Organization","@id":"https:\/\/redfoxlotto.com\/et\/#organization","name":"Get Tickets for the World\u2019s largest jackpots","url":"https:\/\/redfoxlotto.com\/et\/","logo":{"@type":"ImageObject","inLanguage":"et","@id":"https:\/\/redfoxlotto.com\/et\/#\/schema\/logo\/image\/","url":"https:\/\/redfoxlotto.com\/wp-content\/uploads\/2023\/04\/logo.png","contentUrl":"https:\/\/redfoxlotto.com\/wp-content\/uploads\/2023\/04\/logo.png","width":269,"height":53,"caption":"Get Tickets for the World\u2019s largest jackpots"},"image":{"@id":"https:\/\/redfoxlotto.com\/et\/#\/schema\/logo\/image\/"}}]}},"_links":{"self":[{"href":"https:\/\/redfoxlotto.com\/et\/wp-json\/wp\/v2\/pages\/60867","targetHints":{"allow":["GET"]}}],"collection":[{"href":"https:\/\/redfoxlotto.com\/et\/wp-json\/wp\/v2\/pages"}],"about":[{"href":"https:\/\/redfoxlotto.com\/et\/wp-json\/wp\/v2\/types\/page"}],"author":[{"embeddable":true,"href":"https:\/\/redfoxlotto.com\/et\/wp-json\/wp\/v2\/users\/1"}],"replies":[{"embeddable":true,"href":"https:\/\/redfoxlotto.com\/et\/wp-json\/wp\/v2\/comments?post=60867"}],"version-history":[{"count":0,"href":"https:\/\/redfoxlotto.com\/et\/wp-json\/wp\/v2\/pages\/60867\/revisions"}],"up":[{"embeddable":true,"href":"https:\/\/redfoxlotto.com\/et\/wp-json\/wp\/v2\/pages\/16817"}],"wp:attachment":[{"href":"https:\/\/redfoxlotto.com\/et\/wp-json\/wp\/v2\/media?parent=60867"}],"curies":[{"name":"wp","href":"https:\/\/api.w.org\/{rel}","templated":true}]}}