{"id":60561,"date":"2019-08-09T14:33:52","date_gmt":"2019-08-09T14:33:52","guid":{"rendered":"https:\/\/redfoxlotto.eu\/?page_id=60561"},"modified":"2023-05-30T05:19:54","modified_gmt":"2023-05-30T05:19:54","slug":"lotto-fr","status":"publish","type":"page","link":"https:\/\/redfoxlotto.com\/et\/informatsioon\/lotto-fr\/","title":{"rendered":"Prantsuse loterii kohta"},"content":{"rendered":"<p>Otsid uut m\u00e4ngu, mida m\u00e4ngida, kuid ei ole kindel, milline see peaks olema? Noh, kui sa oled veel ebakindel, siis peaksid vaatama, kuidas osta pileteid Prantsuse Loteriis Online.<\/p>\n<p>See saab olema \u00fcks sinu tippvalikutest, kui sa tead, kuidas see toimib, sest see saab olema lihtne, kerge ja l\u00f5bus k\u00f5igile, kes armastavad loteriid. L\u00f5ppude l\u00f5puks on ju asi selles, et saada need suured numbrid ja v\u00f5imalik, et v\u00f5ita see suur jackpot, eks?<\/p>\n<h2>Kust see algas<\/h2>\n<p>Sa v\u00f5id tegelikult olla \u00fcllatunud, kui tead, et Prantsusmaal ulatub loterii ajalugu tagasi kuni 1505. aastani. Kuningas Franciscus I alustas seda oma kodanikega, kuid m\u00e4ng on aja jooksul \u00fcsna palju <img decoding=\"async\" class=\"wp-image alignright\" src=\"https:\/\/redfoxlotto.org\/wp-content\/uploads\/2023\/04\/ticket_euromillions1.jpg\" alt=\"online pilet Prantsuse loterii\" \/>muutunud. Siiski on \u00fcldine protsess \u00fcsna sarnane sellega, mida olete t\u00f5en\u00e4oliselt n\u00e4inud mis tahes muu loteriim\u00e4ngu puhul, mida olete m\u00e4nginud. Ja teil on v\u00f5imalus m\u00e4ngida p\u00e4ris heade auhindade eest, mis on kindlasti oluline aspekt, kas pole nii?<\/p>\n<h2>Kuidas see toimib<\/h2>\n<p>Prantsuse loteriis on tegelikult kolmel p\u00e4eval n\u00e4dalas loosimised, nii et sul on palju v\u00f5imalusi m\u00e4ngida. Igal esmasp\u00e4eval, kolmap\u00e4eval ja laup\u00e4eval tehakse uus loosimine ja see teeb sellest \u00fche sagedasematest jackpotidest. See on veelgi olulisem, kui m\u00f5tled sellele, et siinne jackpot saab olema \u00fcks suuremaid. Kui tavaline igap\u00e4evane loterii jackpot on \u00fcsna v\u00e4ike ja igan\u00e4dalased v\u00f5i kaks korda n\u00e4dalas toimuvad loosimised on \u00fcsna suured, siis see l\u00e4heb selle suure kategooria l\u00e4hedale, kui tihti see t\u00f5mbab.<\/p>\n<p>Lisaks loosimiste sagedusele on m\u00e4ng super lihtne. Sa v\u00f5idad siis, kui sul on k\u00f5ik viis numbrit \u00f5iged ja sa saad \u00f5ige boonuspalli. Seega on kuus erinevat numbrit, mis kutsutakse v\u00e4lja ja sa v\u00f5id saada suure jackpoti, mis on \u00fcldjuhul 2 000 000 eurot. See on kindlasti hea summa, eks? Ja sealt algabki jackpot, mis sealt edasi t\u00f5useb. See t\u00e4hendab, et alati on hea v\u00f5imalus, et v\u00f5idad rohkem.<\/p>\n<h2>Oma numbrite valimine<\/h2>\n<p>On mitmeid erinevaid viise, kuidas saad valida, milliseid numbreid sa m\u00e4ngida tahad. Tegelikult on see t\u00e4ielikult sinu enda otsustada, samamoodi, nagu kui sa l\u00e4heksid nurgal asuvasse mugavuspoodi m\u00e4ngima. Sa v\u00f5id t\u00e4ita &#8220;sedelit&#8221; soovitud numbritega v\u00f5i valida lihtsalt &#8220;lihtsa valiku&#8221;. Kui t\u00e4idate ise oma numbrid, siis on garanteeritud, et saate need numbrid, mida tahtsite. Teisest k\u00fcljest t\u00e4hendab &#8216;lihtne valik&#8217; seda, et masin genereerib sulle automaatselt numbrid.<\/p>\n<h2>Kuidas v\u00f5ita<\/h2>\n<p>Kui tegemist on tegelikult v\u00f5ita midagi, peate neid numbreid l\u00e4hemalt vaatama. Niikaua kui sa saad boonusnumbri, v\u00f5idad midagi. Kui saad kaks tavalist numbrit, kuid mitte boonusnumbrit, v\u00f5idad samuti<img decoding=\"async\" class=\" wp-image-5380 alignright\" src=\"https:\/\/content.redfoxlotto.com\/uploads\/sites\/9\/jackpot_lottery_online.jpg\" alt=\"piletid Prantsuse loto\" width=\"250&quot;\" height=\"125\" \/> midagi. Ja iga t\u00e4iendava numbri puhul, mis sul \u00fcle selle on, v\u00f5idad natuke rohkem ja natuke rohkem. K\u00f5ige paremini v\u00f5idad nelja numbriga pluss boonusnumber v\u00f5i k\u00f5igi viie numbriga pluss boonusnumber. Ainult viie numbriga ilma boonuseta ei ole tegelikult nii hea v\u00f5it.<\/p>\n<h2>Kuidas osta pileteid Prantsuse loteriideks internetis<\/h2>\n<p>Kui oled valmis ostma, on sul k\u00f5igepealt vaja kohta, kus seda teha. Sa ei saa k\u00f5ndida oma kohalikku mugavuspoodi nii, nagu sa v\u00f5id, kui sul on tuju m\u00f5ne kohaliku m\u00e4ngu jaoks. Selle asemel peate minema internetti ja leidma usaldusv\u00e4\u00e4rse edasim\u00fc\u00fcja, kes saab teid aidata (mis ei tohiks olla teie jaoks probleem, eks, te olete juba siin). Samuti saad k\u00f5ik samad eelised, mida sa saaksid, kui sa juhtuksid elama Prantsusmaal ja saaksid pileteid osta kohapealt. Nii et sa ei pea midagi ohverdama.<\/p>\n","protected":false},"excerpt":{"rendered":"<p>Otsid uut m\u00e4ngu, mida m\u00e4ngida, kuid ei ole kindel, milline see peaks olema? Noh, kui sa oled veel ebakindel, siis peaksid vaatama, kuidas osta pileteid Prantsuse Loteriis Online. See saab olema \u00fcks sinu tippvalikutest, kui sa tead, kuidas see toimib, sest see saab olema lihtne, kerge ja l\u00f5bus k\u00f5igile, kes armastavad loteriid. L\u00f5ppude l\u00f5puks on [&hellip;]<\/p>\n","protected":false},"author":1,"featured_media":0,"parent":16809,"menu_order":31,"comment_status":"closed","ping_status":"closed","template":"lotto-fr-info.php","meta":{"_et_pb_use_builder":"","_et_pb_old_content":"","_et_gb_content_width":"","exclude_from_search":false,"footnotes":""},"class_list":["post-60561","page","type-page","status-publish","hentry"],"yoast_head":"<!-- This site is optimized with the Yoast SEO plugin v23.8 - https:\/\/yoast.com\/wordpress\/plugins\/seo\/ -->\n<title>Kuidas osta Prantsuse loterii pileteid internetis<\/title>\n<meta name=\"description\" content=\"Kas olete valmis ostma pileteid Prantsuse loterii online? Leia siit k\u00f5ik, mida pead selle kohta teadma!\" \/>\n<meta name=\"robots\" content=\"index, follow, max-snippet:-1, max-image-preview:large, max-video-preview:-1\" \/>\n<link rel=\"canonical\" href=\"https:\/\/redfoxlotto.com\/et\/informatsioon\/lotto-fr\/\" \/>\n<meta property=\"og:locale\" content=\"et_EE\" \/>\n<meta property=\"og:type\" content=\"article\" \/>\n<meta property=\"og:title\" content=\"Kuidas osta Prantsuse loterii pileteid internetis\" \/>\n<meta property=\"og:description\" content=\"Kas olete valmis ostma pileteid Prantsuse loterii online? Leia siit k\u00f5ik, mida pead selle kohta teadma!\" \/>\n<meta property=\"og:url\" content=\"https:\/\/redfoxlotto.com\/et\/informatsioon\/lotto-fr\/\" \/>\n<meta property=\"og:site_name\" content=\"Get Tickets for the World\u2019s largest jackpots\" \/>\n<meta property=\"article:modified_time\" content=\"2023-05-30T05:19:54+00:00\" \/>\n<meta property=\"og:image\" content=\"https:\/\/redfoxlotto.org\/wp-content\/uploads\/2023\/04\/ticket_euromillions1.jpg\" \/>\n<meta name=\"twitter:card\" content=\"summary_large_image\" \/>\n<meta name=\"twitter:label1\" content=\"Est. reading time\" \/>\n\t<meta name=\"twitter:data1\" content=\"3 minutit\" \/>\n<script type=\"application\/ld+json\" class=\"yoast-schema-graph\">{\"@context\":\"https:\/\/schema.org\",\"@graph\":[{\"@type\":\"WebPage\",\"@id\":\"https:\/\/redfoxlotto.com\/et\/informatsioon\/lotto-fr\/\",\"url\":\"https:\/\/redfoxlotto.com\/et\/informatsioon\/lotto-fr\/\",\"name\":\"Kuidas osta Prantsuse loterii pileteid internetis\",\"isPartOf\":{\"@id\":\"https:\/\/redfoxlotto.com\/et\/#website\"},\"primaryImageOfPage\":{\"@id\":\"https:\/\/redfoxlotto.com\/et\/informatsioon\/lotto-fr\/#primaryimage\"},\"image\":{\"@id\":\"https:\/\/redfoxlotto.com\/et\/informatsioon\/lotto-fr\/#primaryimage\"},\"thumbnailUrl\":\"https:\/\/redfoxlotto.org\/wp-content\/uploads\/2023\/04\/ticket_euromillions1.jpg\",\"datePublished\":\"2019-08-09T14:33:52+00:00\",\"dateModified\":\"2023-05-30T05:19:54+00:00\",\"description\":\"Kas olete valmis ostma pileteid Prantsuse loterii online? Leia siit k\u00f5ik, mida pead selle kohta teadma!\",\"breadcrumb\":{\"@id\":\"https:\/\/redfoxlotto.com\/et\/informatsioon\/lotto-fr\/#breadcrumb\"},\"inLanguage\":\"et\",\"potentialAction\":[{\"@type\":\"ReadAction\",\"target\":[\"https:\/\/redfoxlotto.com\/et\/informatsioon\/lotto-fr\/\"]}]},{\"@type\":\"ImageObject\",\"inLanguage\":\"et\",\"@id\":\"https:\/\/redfoxlotto.com\/et\/informatsioon\/lotto-fr\/#primaryimage\",\"url\":\"https:\/\/redfoxlotto.org\/wp-content\/uploads\/2023\/04\/ticket_euromillions1.jpg\",\"contentUrl\":\"https:\/\/redfoxlotto.org\/wp-content\/uploads\/2023\/04\/ticket_euromillions1.jpg\"},{\"@type\":\"BreadcrumbList\",\"@id\":\"https:\/\/redfoxlotto.com\/et\/informatsioon\/lotto-fr\/#breadcrumb\",\"itemListElement\":[{\"@type\":\"ListItem\",\"position\":1,\"name\":\"Home\",\"item\":\"https:\/\/redfoxlotto.com\/et\/\"},{\"@type\":\"ListItem\",\"position\":2,\"name\":\"Osta loteriipileteid internetis\",\"item\":\"https:\/\/redfoxlotto.com\/et\/informatsioon\/\"},{\"@type\":\"ListItem\",\"position\":3,\"name\":\"Prantsuse loterii kohta\"}]},{\"@type\":\"WebSite\",\"@id\":\"https:\/\/redfoxlotto.com\/et\/#website\",\"url\":\"https:\/\/redfoxlotto.com\/et\/\",\"name\":\"Get Tickets for the World\u2019s largest jackpots\",\"description\":\"Participate in worldwide lottery jackpots from any country\",\"publisher\":{\"@id\":\"https:\/\/redfoxlotto.com\/et\/#organization\"},\"potentialAction\":[{\"@type\":\"SearchAction\",\"target\":{\"@type\":\"EntryPoint\",\"urlTemplate\":\"https:\/\/redfoxlotto.com\/et\/?s={search_term_string}\"},\"query-input\":{\"@type\":\"PropertyValueSpecification\",\"valueRequired\":true,\"valueName\":\"search_term_string\"}}],\"inLanguage\":\"et\"},{\"@type\":\"Organization\",\"@id\":\"https:\/\/redfoxlotto.com\/et\/#organization\",\"name\":\"Get Tickets for the World\u2019s largest jackpots\",\"url\":\"https:\/\/redfoxlotto.com\/et\/\",\"logo\":{\"@type\":\"ImageObject\",\"inLanguage\":\"et\",\"@id\":\"https:\/\/redfoxlotto.com\/et\/#\/schema\/logo\/image\/\",\"url\":\"https:\/\/redfoxlotto.com\/wp-content\/uploads\/2023\/04\/logo.png\",\"contentUrl\":\"https:\/\/redfoxlotto.com\/wp-content\/uploads\/2023\/04\/logo.png\",\"width\":269,\"height\":53,\"caption\":\"Get Tickets for the World\u2019s largest jackpots\"},\"image\":{\"@id\":\"https:\/\/redfoxlotto.com\/et\/#\/schema\/logo\/image\/\"}}]}<\/script>\n<!-- \/ Yoast SEO plugin. -->","yoast_head_json":{"title":"Kuidas osta Prantsuse loterii pileteid internetis","description":"Kas olete valmis ostma pileteid Prantsuse loterii online? Leia siit k\u00f5ik, mida pead selle kohta teadma!","robots":{"index":"index","follow":"follow","max-snippet":"max-snippet:-1","max-image-preview":"max-image-preview:large","max-video-preview":"max-video-preview:-1"},"canonical":"https:\/\/redfoxlotto.com\/et\/informatsioon\/lotto-fr\/","og_locale":"et_EE","og_type":"article","og_title":"Kuidas osta Prantsuse loterii pileteid internetis","og_description":"Kas olete valmis ostma pileteid Prantsuse loterii online? Leia siit k\u00f5ik, mida pead selle kohta teadma!","og_url":"https:\/\/redfoxlotto.com\/et\/informatsioon\/lotto-fr\/","og_site_name":"Get Tickets for the World\u2019s largest jackpots","article_modified_time":"2023-05-30T05:19:54+00:00","og_image":[{"url":"https:\/\/redfoxlotto.org\/wp-content\/uploads\/2023\/04\/ticket_euromillions1.jpg"}],"twitter_card":"summary_large_image","twitter_misc":{"Est. reading time":"3 minutit"},"schema":{"@context":"https:\/\/schema.org","@graph":[{"@type":"WebPage","@id":"https:\/\/redfoxlotto.com\/et\/informatsioon\/lotto-fr\/","url":"https:\/\/redfoxlotto.com\/et\/informatsioon\/lotto-fr\/","name":"Kuidas osta Prantsuse loterii pileteid internetis","isPartOf":{"@id":"https:\/\/redfoxlotto.com\/et\/#website"},"primaryImageOfPage":{"@id":"https:\/\/redfoxlotto.com\/et\/informatsioon\/lotto-fr\/#primaryimage"},"image":{"@id":"https:\/\/redfoxlotto.com\/et\/informatsioon\/lotto-fr\/#primaryimage"},"thumbnailUrl":"https:\/\/redfoxlotto.org\/wp-content\/uploads\/2023\/04\/ticket_euromillions1.jpg","datePublished":"2019-08-09T14:33:52+00:00","dateModified":"2023-05-30T05:19:54+00:00","description":"Kas olete valmis ostma pileteid Prantsuse loterii online? Leia siit k\u00f5ik, mida pead selle kohta teadma!","breadcrumb":{"@id":"https:\/\/redfoxlotto.com\/et\/informatsioon\/lotto-fr\/#breadcrumb"},"inLanguage":"et","potentialAction":[{"@type":"ReadAction","target":["https:\/\/redfoxlotto.com\/et\/informatsioon\/lotto-fr\/"]}]},{"@type":"ImageObject","inLanguage":"et","@id":"https:\/\/redfoxlotto.com\/et\/informatsioon\/lotto-fr\/#primaryimage","url":"https:\/\/redfoxlotto.org\/wp-content\/uploads\/2023\/04\/ticket_euromillions1.jpg","contentUrl":"https:\/\/redfoxlotto.org\/wp-content\/uploads\/2023\/04\/ticket_euromillions1.jpg"},{"@type":"BreadcrumbList","@id":"https:\/\/redfoxlotto.com\/et\/informatsioon\/lotto-fr\/#breadcrumb","itemListElement":[{"@type":"ListItem","position":1,"name":"Home","item":"https:\/\/redfoxlotto.com\/et\/"},{"@type":"ListItem","position":2,"name":"Osta loteriipileteid internetis","item":"https:\/\/redfoxlotto.com\/et\/informatsioon\/"},{"@type":"ListItem","position":3,"name":"Prantsuse loterii kohta"}]},{"@type":"WebSite","@id":"https:\/\/redfoxlotto.com\/et\/#website","url":"https:\/\/redfoxlotto.com\/et\/","name":"Get Tickets for the World\u2019s largest jackpots","description":"Participate in worldwide lottery jackpots from any country","publisher":{"@id":"https:\/\/redfoxlotto.com\/et\/#organization"},"potentialAction":[{"@type":"SearchAction","target":{"@type":"EntryPoint","urlTemplate":"https:\/\/redfoxlotto.com\/et\/?s={search_term_string}"},"query-input":{"@type":"PropertyValueSpecification","valueRequired":true,"valueName":"search_term_string"}}],"inLanguage":"et"},{"@type":"Organization","@id":"https:\/\/redfoxlotto.com\/et\/#organization","name":"Get Tickets for the World\u2019s largest jackpots","url":"https:\/\/redfoxlotto.com\/et\/","logo":{"@type":"ImageObject","inLanguage":"et","@id":"https:\/\/redfoxlotto.com\/et\/#\/schema\/logo\/image\/","url":"https:\/\/redfoxlotto.com\/wp-content\/uploads\/2023\/04\/logo.png","contentUrl":"https:\/\/redfoxlotto.com\/wp-content\/uploads\/2023\/04\/logo.png","width":269,"height":53,"caption":"Get Tickets for the World\u2019s largest jackpots"},"image":{"@id":"https:\/\/redfoxlotto.com\/et\/#\/schema\/logo\/image\/"}}]}},"_links":{"self":[{"href":"https:\/\/redfoxlotto.com\/et\/wp-json\/wp\/v2\/pages\/60561","targetHints":{"allow":["GET"]}}],"collection":[{"href":"https:\/\/redfoxlotto.com\/et\/wp-json\/wp\/v2\/pages"}],"about":[{"href":"https:\/\/redfoxlotto.com\/et\/wp-json\/wp\/v2\/types\/page"}],"author":[{"embeddable":true,"href":"https:\/\/redfoxlotto.com\/et\/wp-json\/wp\/v2\/users\/1"}],"replies":[{"embeddable":true,"href":"https:\/\/redfoxlotto.com\/et\/wp-json\/wp\/v2\/comments?post=60561"}],"version-history":[{"count":0,"href":"https:\/\/redfoxlotto.com\/et\/wp-json\/wp\/v2\/pages\/60561\/revisions"}],"up":[{"embeddable":true,"href":"https:\/\/redfoxlotto.com\/et\/wp-json\/wp\/v2\/pages\/16809"}],"wp:attachment":[{"href":"https:\/\/redfoxlotto.com\/et\/wp-json\/wp\/v2\/media?parent=60561"}],"curies":[{"name":"wp","href":"https:\/\/api.w.org\/{rel}","templated":true}]}}