{"id":55252,"date":"2019-08-09T14:24:22","date_gmt":"2019-08-09T14:24:22","guid":{"rendered":"https:\/\/redfoxlotto.com\/?page_id=36452"},"modified":"2026-01-11T10:45:56","modified_gmt":"2026-01-11T10:45:56","slug":"lotto-fr","status":"publish","type":"page","link":"https:\/\/redfoxlotto.com\/et\/mangi\/lotto-fr\/","title":{"rendered":"M\u00e4ngige French Lotto Loteriid Internetis"},"content":{"rendered":"<p>Kas oled valmis m\u00e4ngima t\u00e4iesti uut m\u00e4ngu? Kui oled, siis <strong>peaksid kindlasti Prantsuse loteriid l\u00e4hemalt uurima.<\/strong>Kui sa pole seda varem m\u00e4nginud, v\u00f5id olla \u00fcllatunud, kui sarnane see on m\u00e4ngudega, mida oled varem m\u00e4nginud. L\u00f5ppude l\u00f5puks on k\u00f5ik selleks, et l\u00f5butseda ja saada veel \u00fcks <a href=\"https:\/\/redfoxlotto.com\/et\/millised-on-auhinnad-mida-ma-voin-voita-powerballis-ja-mega-millionsis\/\">v\u00f5imalus v\u00f5ita suur auhind<\/a>. Ja Prantsuse loteriiga on sul seda k\u00fcllaga, sest siinsed hinnad on kindlasti teie aja v\u00e4\u00e4rt. <\/p><h2 class=\"wp-block-heading\" id=\"h-how-to-play-french-lottery-online\">Kuidas m\u00e4ngida Prantsuse loteriid veebis<\/h2><p>Kas olete kunagi m\u00e4nginud teist t\u00fc\u00fcpi <a href=\"https:\/\/redfoxlotto.com\/et\/\">loteriid veebis<\/a>? V\u00f5i olete ehk varem oma kohalikus toidupoes pileteid ostmas k\u00e4inud. Me ei r\u00e4\u00e4gi kraapimispiletitest, kus v\u00f5idate kohe. Siin r\u00e4\u00e4gime piletitest, mille saate numbrite valimiseks ja te ei tea tundide v\u00f5i isegi p\u00e4evade p\u00e4rast, kas v\u00f5itsite v\u00f5i mitte. Need on m\u00e4ngud, mis on veelgi l\u00f5busamad ja annavad teile veelgi suurema v\u00f5imaluse v\u00f5ita suur auhind. Sest m\u00f5nega neist v\u00f5id sa tegelikult v\u00f5ita miljoneid dollareid.<\/p><p>Prantsuse loteriiga pead sa lihtsalt <strong>ostma pileti veebist, et saaksid m\u00e4ngima hakata<\/strong> ja selle pileti ostmine on \u00fclilihtne. Loomulikult pead leidma \u00f5ige veebiteenuse, mis sind Prantsuse loteriiga \u00fchendab. Seej\u00e4rel pead valima numbrid, mis v\u00f5ivad sind miljon\u00e4riks teha. Selle konkreetse m\u00e4ngu puhul on sul v\u00f5imalus valida viie numbri ja boonusnumbri vahel. Algse viie numbri valimise j\u00e4rjekord ei ole oluline, aga veendu, et oled ettevaatlik, millist numbrit soovid boonusnumbriks. See peab \u00f5ige olema.<\/p><h2 class=\"wp-block-heading\" id=\"h-how-to-win-french-lottery-online\">Kuidas v\u00f5ita Prantsuse loteriid veebis<\/h2><p>Kui olete oma numbrid valinud, on aeg oodata, mis v\u00f5ib sageli olla k\u00f5ige hullem osa. Te kindlasti ei taha lihtsalt oodata ja vaadata, mis juhtub, aga tegelikult pole muud valikut. M\u00e4ng loositakse iga paari p\u00e4eva tagant, <a href=\"https:\/\/redfoxlotto.com\/et\/eurojackpot-euromillions-loosimise-aeg-tv-kanal\/\">loosimised<\/a>esmasp\u00e4eval, kolmap\u00e4eval ja laup\u00e4eval, seega ei pea te kaua ootama, aga peate olema veidi kannatlik, eriti kuna tulemuste otse\u00fclekannete vaatamine pole tegelikult v\u00f5imalik. Selle asemel peate veidi ootama, et n\u00e4ha, mis juhtub. <\/p><p>Kui numbrid on loositud, on aeg neid kontrollida. V\u00f5ite minna otse tagasi kohta, kust pileti ostsite, et leida v\u00f5idunumbrid ja vaadata, kas olete v\u00f5itnud jackpoti v\u00f5i v\u00e4hemalt \u00fche v\u00e4ikese auhinna, mis teeb m\u00e4ngimise j\u00e4tkamise lihtsaks. V\u00e4iksemaid auhindu jagatakse boonusnumbri, kahe numbri (v\u00e4lja arvatud boonusnumber), kahe numbri ja boonuspalli v\u00f5i mis tahes suurema kombinatsiooni sobitamise eest. V\u00f5ite v\u00f5ita v\u00e4ikese summa, mis katab ainult teie pileti maksumuse, v\u00f5i <strong>v\u00f5ite v\u00f5ita tuhandeid v\u00f5i isegi miljoneid. <\/strong><\/p><h2 class=\"wp-block-heading\" id=\"h-picking-out-your-next-ticket\">J\u00e4rgmise pileti valimine<\/h2><p>Kui sa tead, kas v\u00f5itsid v\u00f5i mitte, on kindlasti aeg uuesti m\u00e4ngida, kas pole? Kui oled midagi v\u00f5itnud, on \u00fclilihtne oma pilet otse veebis v\u00e4lja v\u00f5tta v\u00f5i saad selle raha kanda j\u00e4rgmise pileti ostmiseks, mida soovid osta. Olenemata sellest, kas otsustad Prantsuse loterii v\u00f5i hoopis m\u00f5ne muu m\u00e4ngu kasuks, on tegelikult v\u00e4ga lihtne valida j\u00e4rgmine komplekt ja k\u00f5ik uueks loosimiseks ette valmistada. <\/p><p>Veendu, et p\u00f6\u00f6raksid t\u00e4helepanu k\u00f5igile reeglitele ja eeskirjadele. Veendu, et tead, milliseid numbreid valid ja kuidas need peaksid ilmuma. Ja kindlasti p\u00f6\u00f6ra t\u00e4helepanu sellele, millal loosimine toimub. Sa tahad olla valmis ja kindlasti teada, kas oled midagi v\u00f5itnud, eks? Seega vaata \u00f5igeid veebisaite ja \u00e4ra tee viga, et j\u00e4\u00e4d j\u00e4rgmisest loosimisest ilma. <\/p><p><strong>Prantsuse loterii veebis m\u00e4ngimiseks on palju v\u00f5imalusi ja sa kindlasti ei taha neist ilma j\u00e4\u00e4da. <\/strong><\/p>","protected":false},"excerpt":{"rendered":"<p>Kas oled valmis m\u00e4ngima t\u00e4iesti uut m\u00e4ngu? Kui oled, siis peaksid kindlasti Prantsuse loteriid l\u00e4hemalt uurima.Kui sa pole seda varem m\u00e4nginud, v\u00f5id olla \u00fcllatunud, kui sarnane see on m\u00e4ngudega, mida oled varem m\u00e4nginud. L\u00f5ppude l\u00f5puks on k\u00f5ik selleks, et l\u00f5butseda ja saada veel \u00fcks v\u00f5imalus v\u00f5ita suur auhind. Ja Prantsuse loteriiga on sul seda k\u00fcllaga, [&hellip;]<\/p>\n","protected":false},"author":1,"featured_media":0,"parent":16827,"menu_order":33,"comment_status":"closed","ping_status":"closed","template":"lotto-fr.php","meta":{"_et_pb_use_builder":"","_et_pb_old_content":"","_et_gb_content_width":"","exclude_from_search":false,"footnotes":""},"class_list":["post-55252","page","type-page","status-publish","hentry"],"yoast_head":"<!-- This site is optimized with the Yoast SEO plugin v23.8 - https:\/\/yoast.com\/wordpress\/plugins\/seo\/ -->\n<title>Kuidas m\u00e4ngida Prantsuse loteriid veebis<\/title>\n<meta name=\"description\" content=\"Kui oled valmis Prantsuse loteriid m\u00e4ngima, on see \u00f5ige koht alustamiseks.\" \/>\n<meta name=\"robots\" content=\"index, follow, max-snippet:-1, max-image-preview:large, max-video-preview:-1\" \/>\n<link rel=\"canonical\" href=\"https:\/\/redfoxlotto.com\/et\/mangi\/lotto-fr\/\" \/>\n<meta property=\"og:locale\" content=\"et_EE\" \/>\n<meta property=\"og:type\" content=\"article\" \/>\n<meta property=\"og:title\" content=\"Kuidas m\u00e4ngida Prantsuse loteriid veebis\" \/>\n<meta property=\"og:description\" content=\"Kui oled valmis Prantsuse loteriid m\u00e4ngima, on see \u00f5ige koht alustamiseks.\" \/>\n<meta property=\"og:url\" content=\"https:\/\/redfoxlotto.com\/et\/mangi\/lotto-fr\/\" \/>\n<meta property=\"og:site_name\" content=\"Get Tickets for the World\u2019s largest jackpots\" \/>\n<meta property=\"article:modified_time\" content=\"2026-01-11T10:45:56+00:00\" \/>\n<meta name=\"twitter:card\" content=\"summary_large_image\" \/>\n<meta name=\"twitter:label1\" content=\"Est. reading time\" \/>\n\t<meta name=\"twitter:data1\" content=\"3 minutit\" \/>\n<script type=\"application\/ld+json\" class=\"yoast-schema-graph\">{\"@context\":\"https:\/\/schema.org\",\"@graph\":[{\"@type\":\"WebPage\",\"@id\":\"https:\/\/redfoxlotto.com\/et\/mangi\/lotto-fr\/\",\"url\":\"https:\/\/redfoxlotto.com\/et\/mangi\/lotto-fr\/\",\"name\":\"Kuidas m\u00e4ngida Prantsuse loteriid veebis\",\"isPartOf\":{\"@id\":\"https:\/\/redfoxlotto.com\/et\/#website\"},\"datePublished\":\"2019-08-09T14:24:22+00:00\",\"dateModified\":\"2026-01-11T10:45:56+00:00\",\"description\":\"Kui oled valmis Prantsuse loteriid m\u00e4ngima, on see \u00f5ige koht alustamiseks.\",\"breadcrumb\":{\"@id\":\"https:\/\/redfoxlotto.com\/et\/mangi\/lotto-fr\/#breadcrumb\"},\"inLanguage\":\"et\",\"potentialAction\":[{\"@type\":\"ReadAction\",\"target\":[\"https:\/\/redfoxlotto.com\/et\/mangi\/lotto-fr\/\"]}]},{\"@type\":\"BreadcrumbList\",\"@id\":\"https:\/\/redfoxlotto.com\/et\/mangi\/lotto-fr\/#breadcrumb\",\"itemListElement\":[{\"@type\":\"ListItem\",\"position\":1,\"name\":\"Home\",\"item\":\"https:\/\/redfoxlotto.com\/et\/\"},{\"@type\":\"ListItem\",\"position\":2,\"name\":\"Kuidas m\u00e4ngida teiste riikide loteriid\",\"item\":\"https:\/\/redfoxlotto.com\/et\/mangi\/\"},{\"@type\":\"ListItem\",\"position\":3,\"name\":\"M\u00e4ngige French Lotto Loteriid Internetis\"}]},{\"@type\":\"WebSite\",\"@id\":\"https:\/\/redfoxlotto.com\/et\/#website\",\"url\":\"https:\/\/redfoxlotto.com\/et\/\",\"name\":\"Get Tickets for the World\u2019s largest jackpots\",\"description\":\"Participate in worldwide lottery jackpots from any country\",\"publisher\":{\"@id\":\"https:\/\/redfoxlotto.com\/et\/#organization\"},\"potentialAction\":[{\"@type\":\"SearchAction\",\"target\":{\"@type\":\"EntryPoint\",\"urlTemplate\":\"https:\/\/redfoxlotto.com\/et\/?s={search_term_string}\"},\"query-input\":{\"@type\":\"PropertyValueSpecification\",\"valueRequired\":true,\"valueName\":\"search_term_string\"}}],\"inLanguage\":\"et\"},{\"@type\":\"Organization\",\"@id\":\"https:\/\/redfoxlotto.com\/et\/#organization\",\"name\":\"Get Tickets for the World\u2019s largest jackpots\",\"url\":\"https:\/\/redfoxlotto.com\/et\/\",\"logo\":{\"@type\":\"ImageObject\",\"inLanguage\":\"et\",\"@id\":\"https:\/\/redfoxlotto.com\/et\/#\/schema\/logo\/image\/\",\"url\":\"https:\/\/redfoxlotto.com\/wp-content\/uploads\/2023\/04\/logo.png\",\"contentUrl\":\"https:\/\/redfoxlotto.com\/wp-content\/uploads\/2023\/04\/logo.png\",\"width\":269,\"height\":53,\"caption\":\"Get Tickets for the World\u2019s largest jackpots\"},\"image\":{\"@id\":\"https:\/\/redfoxlotto.com\/et\/#\/schema\/logo\/image\/\"}}]}<\/script>\n<!-- \/ Yoast SEO plugin. -->","yoast_head_json":{"title":"Kuidas m\u00e4ngida Prantsuse loteriid veebis","description":"Kui oled valmis Prantsuse loteriid m\u00e4ngima, on see \u00f5ige koht alustamiseks.","robots":{"index":"index","follow":"follow","max-snippet":"max-snippet:-1","max-image-preview":"max-image-preview:large","max-video-preview":"max-video-preview:-1"},"canonical":"https:\/\/redfoxlotto.com\/et\/mangi\/lotto-fr\/","og_locale":"et_EE","og_type":"article","og_title":"Kuidas m\u00e4ngida Prantsuse loteriid veebis","og_description":"Kui oled valmis Prantsuse loteriid m\u00e4ngima, on see \u00f5ige koht alustamiseks.","og_url":"https:\/\/redfoxlotto.com\/et\/mangi\/lotto-fr\/","og_site_name":"Get Tickets for the World\u2019s largest jackpots","article_modified_time":"2026-01-11T10:45:56+00:00","twitter_card":"summary_large_image","twitter_misc":{"Est. reading time":"3 minutit"},"schema":{"@context":"https:\/\/schema.org","@graph":[{"@type":"WebPage","@id":"https:\/\/redfoxlotto.com\/et\/mangi\/lotto-fr\/","url":"https:\/\/redfoxlotto.com\/et\/mangi\/lotto-fr\/","name":"Kuidas m\u00e4ngida Prantsuse loteriid veebis","isPartOf":{"@id":"https:\/\/redfoxlotto.com\/et\/#website"},"datePublished":"2019-08-09T14:24:22+00:00","dateModified":"2026-01-11T10:45:56+00:00","description":"Kui oled valmis Prantsuse loteriid m\u00e4ngima, on see \u00f5ige koht alustamiseks.","breadcrumb":{"@id":"https:\/\/redfoxlotto.com\/et\/mangi\/lotto-fr\/#breadcrumb"},"inLanguage":"et","potentialAction":[{"@type":"ReadAction","target":["https:\/\/redfoxlotto.com\/et\/mangi\/lotto-fr\/"]}]},{"@type":"BreadcrumbList","@id":"https:\/\/redfoxlotto.com\/et\/mangi\/lotto-fr\/#breadcrumb","itemListElement":[{"@type":"ListItem","position":1,"name":"Home","item":"https:\/\/redfoxlotto.com\/et\/"},{"@type":"ListItem","position":2,"name":"Kuidas m\u00e4ngida teiste riikide loteriid","item":"https:\/\/redfoxlotto.com\/et\/mangi\/"},{"@type":"ListItem","position":3,"name":"M\u00e4ngige French Lotto Loteriid Internetis"}]},{"@type":"WebSite","@id":"https:\/\/redfoxlotto.com\/et\/#website","url":"https:\/\/redfoxlotto.com\/et\/","name":"Get Tickets for the World\u2019s largest jackpots","description":"Participate in worldwide lottery jackpots from any country","publisher":{"@id":"https:\/\/redfoxlotto.com\/et\/#organization"},"potentialAction":[{"@type":"SearchAction","target":{"@type":"EntryPoint","urlTemplate":"https:\/\/redfoxlotto.com\/et\/?s={search_term_string}"},"query-input":{"@type":"PropertyValueSpecification","valueRequired":true,"valueName":"search_term_string"}}],"inLanguage":"et"},{"@type":"Organization","@id":"https:\/\/redfoxlotto.com\/et\/#organization","name":"Get Tickets for the World\u2019s largest jackpots","url":"https:\/\/redfoxlotto.com\/et\/","logo":{"@type":"ImageObject","inLanguage":"et","@id":"https:\/\/redfoxlotto.com\/et\/#\/schema\/logo\/image\/","url":"https:\/\/redfoxlotto.com\/wp-content\/uploads\/2023\/04\/logo.png","contentUrl":"https:\/\/redfoxlotto.com\/wp-content\/uploads\/2023\/04\/logo.png","width":269,"height":53,"caption":"Get Tickets for the World\u2019s largest jackpots"},"image":{"@id":"https:\/\/redfoxlotto.com\/et\/#\/schema\/logo\/image\/"}}]}},"_links":{"self":[{"href":"https:\/\/redfoxlotto.com\/et\/wp-json\/wp\/v2\/pages\/55252","targetHints":{"allow":["GET"]}}],"collection":[{"href":"https:\/\/redfoxlotto.com\/et\/wp-json\/wp\/v2\/pages"}],"about":[{"href":"https:\/\/redfoxlotto.com\/et\/wp-json\/wp\/v2\/types\/page"}],"author":[{"embeddable":true,"href":"https:\/\/redfoxlotto.com\/et\/wp-json\/wp\/v2\/users\/1"}],"replies":[{"embeddable":true,"href":"https:\/\/redfoxlotto.com\/et\/wp-json\/wp\/v2\/comments?post=55252"}],"version-history":[{"count":0,"href":"https:\/\/redfoxlotto.com\/et\/wp-json\/wp\/v2\/pages\/55252\/revisions"}],"up":[{"embeddable":true,"href":"https:\/\/redfoxlotto.com\/et\/wp-json\/wp\/v2\/pages\/16827"}],"wp:attachment":[{"href":"https:\/\/redfoxlotto.com\/et\/wp-json\/wp\/v2\/media?parent=55252"}],"curies":[{"name":"wp","href":"https:\/\/api.w.org\/{rel}","templated":true}]}}