{"id":49870,"date":"2023-04-13T18:01:41","date_gmt":"2023-04-13T18:01:41","guid":{"rendered":"https:\/\/redfoxlotto.eu\/?page_id=49870"},"modified":"2026-01-06T08:29:27","modified_gmt":"2026-01-06T08:29:27","slug":"home","status":"publish","type":"page","link":"https:\/\/redfoxlotto.com\/et\/","title":{"rendered":"Teie elukohariik ei ole oluline, m\u00e4ngige maailma suurimaid loteriisid."},"content":{"rendered":"<p><script type=\"application\/ld+json\">\n{\n  \"@context\": \"https:\/\/schema.org\",\n  \"@type\": \"Service\",\n  \"name\": \"M\u00e4ngi Powerballi veebis\",\n  \"url\": \"https:\/\/redfoxlotto.com\/et\/\",\n  \"description\": \"Maailma suurimad lotov\u00f5idud on k\u00e4ttesaadavad k\u00f5ikjalt \u2013 osta lotopiletid veebis kohe!\",\n  \"serviceType\": \"Veebip\u00f5hine lotopiletite vahendusteenus\",\n  \"provider\": {\n    \"@type\": \"Organization\",\n    \"name\": \"RedFoxLotto\",\n    \"url\": \"https:\/\/redfoxlotto.com\/et\/\",\n    \"image\": \"https:\/\/redfoxlotto.com\/wp-content\/uploads\/2025\/12\/ticket_scans.jpg\"\n  },\n  \"areaServed\": \"Kogu maailmas\",\n  \"termsOfService\": \"https:\/\/redfoxlotto.com\/terms-and-conditions\",\n  \"additionalProperty\": {\n    \"@type\": \"PropertyValue\",\n    \"name\": \"KKK\",\n    \"value\": \"https:\/\/redfoxlotto.com\/et\/faq\/\"\n  },\n  \"hasOfferCatalog\": {\n    \"@type\": \"OfferCatalog\",\n    \"name\": \"Lotopiletid rahvusvahelistele loteriidele\",\n    \"itemListElement\": [\n      {\n        \"@type\": \"Offer\",\n        \"name\": \"Powerballi, Mega Millionsi, Euromillionsi ja teiste piletid\",\n        \"url\": \"https:\/\/redfoxlotto.com\/et\/\",\n        \"description\": \"Osta piletid maailma suurimatele lotov\u00f5itudele.\",\n        \"availability\": \"https:\/\/schema.org\/InStock\",\n        \"itemOffered\": {\n          \"@type\": \"Service\",\n          \"name\": \"Rahvusvahelised lotopiletid\",\n          \"description\": \"Osale rahvusvahelistes loteriides RedFoxLotto kaudu.\"\n        }\n      }\n    ]\n  },\n  \"mainEntityOfPage\": {\n    \"@type\": \"WebPage\",\n    \"@id\": \"https:\/\/redfoxlotto.com\/et\/\"\n  }\n}\n<\/script><\/p>\n<h2>Teie elukohariik ei ole oluline \u2013 m\u00e4ngige maailma suurimaid loteriisid<\/h2>\n<p><img loading=\"lazy\" decoding=\"async\" class=\"size-full wp-image-4467 alignright\" src=\"https:\/\/redfoxlotto.com\/wp-content\/uploads\/2024\/03\/Balls_2.png\" alt=\"online lotopilet\" width=\"212\" height=\"250\" \/>Kui mitu korda olete kuulnud lotov\u00f5itjatest \u00fcle kogu maailma, kes on v\u00f5itnud tohutuid rahasummasid? Kahjuks on need suured v\u00f5idud enamasti saavutatud teistes riikides. Loomulikult tekivad ka teie riigis aeg-ajalt suured jackpotid, kuid sageli kulub \u00fcsna palju aega, enne kui jackpot piisavalt suureks kasvab. Seega, kui ootate suurt jackpotiv\u00f5itu, v\u00f5ib see v\u00f5tta aega.<\/p>\n<p>N\u00fc\u00fcd saate aga osta lotopileteid internetis maailma suurimate jackpotite jaoks. See t\u00e4hendab, et saate osaleda loteriides v\u00e4ljaspool oma riiki. See on t\u00e4iesti seaduslik ja v\u00e4ga mugav. Lotopileti saate tellida vaid m\u00f5ne hiirekl\u00f5psuga. Seej\u00e4rel maksate n\u00e4iteks krediitkaardiga t\u00e4ielikult turvalise protsessi kaudu. Alternatiivina saate kasutada m\u00f5nda muud meie makseviisi. Peagi saate kinnituse e-kirja teel. \u00dckski lotopilet ei saa kaduma minna ja me teavitame teid automaatselt igast v\u00f5idust. Nii ei j\u00e4\u00e4 \u00fckski v\u00f5it m\u00e4rkamata!<\/p>\n<h2>Lotopileti internetist ostmise suurim eelis<\/h2>\n<p>Suurim eelis on see, et saate alati osta pileteid loteriidele, mille jackpotid on parasjagu oma k\u00f5rgeimal tasemel. Pole oluline, kui palju raha te lotopiletitele kulutate. Kindlasti on m\u00f5istlikum investeerida 150 miljoni suurusesse jackpotisse kui kahe miljoni suurusesse v\u00e4ljamaksesse. Rohkemate internetis saadaval olevate loteriidega leiate igal n\u00e4dalal v\u00e4hemalt \u00fche hiiglasliku jackpoti. See annab parema hinna ja v\u00f5imaliku v\u00f5idu suhte kui kohalik loterii. Ja m\u00f5nikord v\u00f5ivad need jackpotid ulatuda uskumatute summadeni.<\/p>\n<p>Maailmarekordiline jackpot on 2 040 000 000 USA dollarit (seisuga juuli 2023). See v\u00f5ideti 22. novembril 2022 USA Powerballi loteriis. 13. jaanuaril 2016 oli veel \u00fcks jackpot summas 1,586 miljardit USA dollarit, samuti Powerballis. Kolmas suurim jackpot l\u00e4bi aegade v\u00f5ideti Mega Millionsi loteriis 23. oktoobril 2018, kui \u00f5nnelik v\u00f5itja sai 1,537 miljardit USA dollarit.<\/p>\n<p>Paljud varasemad suured v\u00f5idud nendes loteriides on saavutatud internetist pileteid ostes.<\/p>\n<h2>Mis juhtub p\u00e4rast seda, kui tellin pileti internetist?<\/h2>\n<p><img loading=\"lazy\" decoding=\"async\" class=\"size-medium wp-image-39298 alignright\" src=\"https:\/\/redfoxlotto.com\/wp-content\/uploads\/2023\/04\/1_play_online_lotto.jpg\" alt=\"m\u00e4ngi lotot internetis\" width=\"300\" height=\"300\" \/>RedFoxLotto.com teenus seisneb selles, et meil on t\u00f6\u00f6tajad erinevate loteriide riikides. Nemad ostavad teie tellitud piletid. Tegemist on p\u00e4ris ja ametlike lotopiletitega. Tagame, et piletitel on teie valitud numbrid. P\u00e4rast ostu saate kinnituse e-kirja teel. Oma tellimust ja numbreid saate vaadata kliendialal. Varsti p\u00e4rast tellimuse esitamist laaditakse teie kontole \u00fcles skannitud pilt piletist, mille me teile ostsime.<\/p>\n<h2>Aga mis siis, kui ma v\u00f5idan?<\/h2>\n<p>Ka selle oleme teie jaoks lihtsaks teinud. K\u00f5ik v\u00f5idud kuni 2 500 \u20ac kantakse kohe teie RedFoxLotto kontole. Sealt saate kasutada samu v\u00e4ljamakseviise, mida kasutasite piletite eest tasumisel. Kui teie v\u00f5it \u00fcletab 2 500 \u20ac, v\u00f5tab meie klienditeenindus teiega \u00fchendust, et korraldada v\u00e4ljamakse. Me v\u00f5tame teie nimel \u00fchendust vastava loteriikomisjoniga. Tavaliselt kantakse selline v\u00e4ljamakse otse teie pangakontole v\u00f5i v\u00e4ljastatakse t\u0161ekk.<\/p>\n<p>T\u00f6\u00f6tleme teie v\u00f5idud tasuta, v\u00e4lja arvatud v\u00e4ike tasu panga\u00fclekannete eest teatud pankadesse.<\/p>\n<p>Lisateabe saamiseks vaadake meie KKK-d. Kui te sealt oma k\u00fcsimustele vastuseid ei leia, v\u00f5tke \u00fchendust meie tugimeeskonnaga.<\/p>\n<p>Seega pole enam p\u00f5hjust leppida v\u00e4iksemate jackpotitega! Valige lihtsalt suurem jackpot meie veebisaidil, seej\u00e4rel valige oma numbrid ja peagi v\u00f5ite olla j\u00e4rgmine loteriimiljon\u00e4r! Soovime teile palju \u00f5nne!<\/p>\n","protected":false},"excerpt":{"rendered":"<p>Teie elukohariik ei ole oluline \u2013 m\u00e4ngige maailma suurimaid loteriisid Kui mitu korda olete kuulnud lotov\u00f5itjatest \u00fcle kogu maailma, kes on v\u00f5itnud tohutuid rahasummasid? Kahjuks on need suured v\u00f5idud enamasti saavutatud teistes riikides. Loomulikult tekivad ka teie riigis aeg-ajalt suured jackpotid, kuid sageli kulub \u00fcsna palju aega, enne kui jackpot piisavalt suureks kasvab. Seega, kui [&hellip;]<\/p>\n","protected":false},"author":1,"featured_media":0,"parent":0,"menu_order":1,"comment_status":"closed","ping_status":"closed","template":"lotto.php","meta":{"_et_pb_use_builder":"","_et_pb_old_content":"","_et_gb_content_width":"","exclude_from_search":false,"footnotes":""},"class_list":["post-49870","page","type-page","status-publish","hentry"],"yoast_head":"<!-- This site is optimized with the Yoast SEO plugin v27.4 - https:\/\/yoast.com\/product\/yoast-seo-wordpress\/ -->\n<title>Loterii internetis | Osta maailma suurimate jackpot&#039;idega loteriipileteid<\/title>\n<meta name=\"description\" content=\"Maailma suurimad loterii jackpot&#039;id on saadaval igalt poolt - osta oma loteriipiletid n\u00fc\u00fcd internetist!\" \/>\n<meta name=\"robots\" content=\"index, follow, max-snippet:-1, max-image-preview:large, max-video-preview:-1\" \/>\n<link rel=\"canonical\" href=\"https:\/\/redfoxlotto.com\/et\/\" \/>\n<meta property=\"og:locale\" content=\"et_EE\" \/>\n<meta property=\"og:type\" content=\"article\" \/>\n<meta property=\"og:title\" content=\"Loterii internetis | Osta maailma suurimate jackpot&#039;idega loteriipileteid\" \/>\n<meta property=\"og:description\" content=\"Maailma suurimad loterii jackpot&#039;id on saadaval igalt poolt - osta oma loteriipiletid n\u00fc\u00fcd internetist!\" \/>\n<meta property=\"og:url\" content=\"https:\/\/redfoxlotto.com\/et\/\" \/>\n<meta property=\"og:site_name\" content=\"Get Tickets for the World\u2019s largest jackpots\" \/>\n<meta property=\"article:modified_time\" content=\"2026-01-06T08:29:27+00:00\" \/>\n<meta property=\"og:image\" content=\"https:\/\/redfoxlotto.com\/wp-content\/uploads\/2024\/03\/Balls_2.png\" \/>\n<meta name=\"twitter:card\" content=\"summary_large_image\" \/>\n<meta name=\"twitter:label1\" content=\"Est. reading time\" \/>\n\t<meta name=\"twitter:data1\" content=\"4 minutit\" \/>\n<script type=\"application\/ld+json\" class=\"yoast-schema-graph\">{\"@context\":\"https:\\\/\\\/schema.org\",\"@graph\":[{\"@type\":\"WebPage\",\"@id\":\"https:\\\/\\\/redfoxlotto.com\\\/et\\\/\",\"url\":\"https:\\\/\\\/redfoxlotto.com\\\/et\\\/\",\"name\":\"Loterii internetis | Osta maailma suurimate jackpot'idega loteriipileteid\",\"isPartOf\":{\"@id\":\"https:\\\/\\\/redfoxlotto.com\\\/et\\\/#website\"},\"primaryImageOfPage\":{\"@id\":\"https:\\\/\\\/redfoxlotto.com\\\/et\\\/#primaryimage\"},\"image\":{\"@id\":\"https:\\\/\\\/redfoxlotto.com\\\/et\\\/#primaryimage\"},\"thumbnailUrl\":\"https:\\\/\\\/redfoxlotto.com\\\/wp-content\\\/uploads\\\/2024\\\/03\\\/Balls_2.png\",\"datePublished\":\"2023-04-13T18:01:41+00:00\",\"dateModified\":\"2026-01-06T08:29:27+00:00\",\"description\":\"Maailma suurimad loterii jackpot'id on saadaval igalt poolt - osta oma loteriipiletid n\u00fc\u00fcd internetist!\",\"breadcrumb\":{\"@id\":\"https:\\\/\\\/redfoxlotto.com\\\/et\\\/#breadcrumb\"},\"inLanguage\":\"et\",\"potentialAction\":[{\"@type\":\"ReadAction\",\"target\":[\"https:\\\/\\\/redfoxlotto.com\\\/et\\\/\"]}]},{\"@type\":\"ImageObject\",\"inLanguage\":\"et\",\"@id\":\"https:\\\/\\\/redfoxlotto.com\\\/et\\\/#primaryimage\",\"url\":\"https:\\\/\\\/redfoxlotto.com\\\/wp-content\\\/uploads\\\/2024\\\/03\\\/Balls_2.png\",\"contentUrl\":\"https:\\\/\\\/redfoxlotto.com\\\/wp-content\\\/uploads\\\/2024\\\/03\\\/Balls_2.png\"},{\"@type\":\"BreadcrumbList\",\"@id\":\"https:\\\/\\\/redfoxlotto.com\\\/et\\\/#breadcrumb\",\"itemListElement\":[{\"@type\":\"ListItem\",\"position\":1,\"name\":\"Home\",\"item\":\"https:\\\/\\\/redfoxlotto.com\\\/et\\\/\"},{\"@type\":\"ListItem\",\"position\":2,\"name\":\"Teie elukohariik ei ole oluline, m\u00e4ngige maailma suurimaid loteriisid.\"}]},{\"@type\":\"WebSite\",\"@id\":\"https:\\\/\\\/redfoxlotto.com\\\/et\\\/#website\",\"url\":\"https:\\\/\\\/redfoxlotto.com\\\/et\\\/\",\"name\":\"Get Tickets for the World\u2019s largest jackpots\",\"description\":\"Participate in worldwide lottery jackpots from any country\",\"publisher\":{\"@id\":\"https:\\\/\\\/redfoxlotto.com\\\/et\\\/#organization\"},\"potentialAction\":[{\"@type\":\"SearchAction\",\"target\":{\"@type\":\"EntryPoint\",\"urlTemplate\":\"https:\\\/\\\/redfoxlotto.com\\\/et\\\/?s={search_term_string}\"},\"query-input\":{\"@type\":\"PropertyValueSpecification\",\"valueRequired\":true,\"valueName\":\"search_term_string\"}}],\"inLanguage\":\"et\"},{\"@type\":\"Organization\",\"@id\":\"https:\\\/\\\/redfoxlotto.com\\\/et\\\/#organization\",\"name\":\"Get Tickets for the World\u2019s largest jackpots\",\"url\":\"https:\\\/\\\/redfoxlotto.com\\\/et\\\/\",\"logo\":{\"@type\":\"ImageObject\",\"inLanguage\":\"et\",\"@id\":\"https:\\\/\\\/redfoxlotto.com\\\/et\\\/#\\\/schema\\\/logo\\\/image\\\/\",\"url\":\"https:\\\/\\\/redfoxlotto.com\\\/wp-content\\\/uploads\\\/2023\\\/04\\\/logo.png\",\"contentUrl\":\"https:\\\/\\\/redfoxlotto.com\\\/wp-content\\\/uploads\\\/2023\\\/04\\\/logo.png\",\"width\":269,\"height\":53,\"caption\":\"Get Tickets for the World\u2019s largest jackpots\"},\"image\":{\"@id\":\"https:\\\/\\\/redfoxlotto.com\\\/et\\\/#\\\/schema\\\/logo\\\/image\\\/\"}}]}<\/script>\n<!-- \/ Yoast SEO plugin. -->","yoast_head_json":{"title":"Loterii internetis | Osta maailma suurimate jackpot'idega loteriipileteid","description":"Maailma suurimad loterii jackpot'id on saadaval igalt poolt - osta oma loteriipiletid n\u00fc\u00fcd internetist!","robots":{"index":"index","follow":"follow","max-snippet":"max-snippet:-1","max-image-preview":"max-image-preview:large","max-video-preview":"max-video-preview:-1"},"canonical":"https:\/\/redfoxlotto.com\/et\/","og_locale":"et_EE","og_type":"article","og_title":"Loterii internetis | Osta maailma suurimate jackpot'idega loteriipileteid","og_description":"Maailma suurimad loterii jackpot'id on saadaval igalt poolt - osta oma loteriipiletid n\u00fc\u00fcd internetist!","og_url":"https:\/\/redfoxlotto.com\/et\/","og_site_name":"Get Tickets for the World\u2019s largest jackpots","article_modified_time":"2026-01-06T08:29:27+00:00","og_image":[{"url":"https:\/\/redfoxlotto.com\/wp-content\/uploads\/2024\/03\/Balls_2.png","type":"","width":"","height":""}],"twitter_card":"summary_large_image","twitter_misc":{"Est. reading time":"4 minutit"},"schema":{"@context":"https:\/\/schema.org","@graph":[{"@type":"WebPage","@id":"https:\/\/redfoxlotto.com\/et\/","url":"https:\/\/redfoxlotto.com\/et\/","name":"Loterii internetis | Osta maailma suurimate jackpot'idega loteriipileteid","isPartOf":{"@id":"https:\/\/redfoxlotto.com\/et\/#website"},"primaryImageOfPage":{"@id":"https:\/\/redfoxlotto.com\/et\/#primaryimage"},"image":{"@id":"https:\/\/redfoxlotto.com\/et\/#primaryimage"},"thumbnailUrl":"https:\/\/redfoxlotto.com\/wp-content\/uploads\/2024\/03\/Balls_2.png","datePublished":"2023-04-13T18:01:41+00:00","dateModified":"2026-01-06T08:29:27+00:00","description":"Maailma suurimad loterii jackpot'id on saadaval igalt poolt - osta oma loteriipiletid n\u00fc\u00fcd internetist!","breadcrumb":{"@id":"https:\/\/redfoxlotto.com\/et\/#breadcrumb"},"inLanguage":"et","potentialAction":[{"@type":"ReadAction","target":["https:\/\/redfoxlotto.com\/et\/"]}]},{"@type":"ImageObject","inLanguage":"et","@id":"https:\/\/redfoxlotto.com\/et\/#primaryimage","url":"https:\/\/redfoxlotto.com\/wp-content\/uploads\/2024\/03\/Balls_2.png","contentUrl":"https:\/\/redfoxlotto.com\/wp-content\/uploads\/2024\/03\/Balls_2.png"},{"@type":"BreadcrumbList","@id":"https:\/\/redfoxlotto.com\/et\/#breadcrumb","itemListElement":[{"@type":"ListItem","position":1,"name":"Home","item":"https:\/\/redfoxlotto.com\/et\/"},{"@type":"ListItem","position":2,"name":"Teie elukohariik ei ole oluline, m\u00e4ngige maailma suurimaid loteriisid."}]},{"@type":"WebSite","@id":"https:\/\/redfoxlotto.com\/et\/#website","url":"https:\/\/redfoxlotto.com\/et\/","name":"Get Tickets for the World\u2019s largest jackpots","description":"Participate in worldwide lottery jackpots from any country","publisher":{"@id":"https:\/\/redfoxlotto.com\/et\/#organization"},"potentialAction":[{"@type":"SearchAction","target":{"@type":"EntryPoint","urlTemplate":"https:\/\/redfoxlotto.com\/et\/?s={search_term_string}"},"query-input":{"@type":"PropertyValueSpecification","valueRequired":true,"valueName":"search_term_string"}}],"inLanguage":"et"},{"@type":"Organization","@id":"https:\/\/redfoxlotto.com\/et\/#organization","name":"Get Tickets for the World\u2019s largest jackpots","url":"https:\/\/redfoxlotto.com\/et\/","logo":{"@type":"ImageObject","inLanguage":"et","@id":"https:\/\/redfoxlotto.com\/et\/#\/schema\/logo\/image\/","url":"https:\/\/redfoxlotto.com\/wp-content\/uploads\/2023\/04\/logo.png","contentUrl":"https:\/\/redfoxlotto.com\/wp-content\/uploads\/2023\/04\/logo.png","width":269,"height":53,"caption":"Get Tickets for the World\u2019s largest jackpots"},"image":{"@id":"https:\/\/redfoxlotto.com\/et\/#\/schema\/logo\/image\/"}}]}},"_links":{"self":[{"href":"https:\/\/redfoxlotto.com\/et\/wp-json\/wp\/v2\/pages\/49870","targetHints":{"allow":["GET"]}}],"collection":[{"href":"https:\/\/redfoxlotto.com\/et\/wp-json\/wp\/v2\/pages"}],"about":[{"href":"https:\/\/redfoxlotto.com\/et\/wp-json\/wp\/v2\/types\/page"}],"author":[{"embeddable":true,"href":"https:\/\/redfoxlotto.com\/et\/wp-json\/wp\/v2\/users\/1"}],"replies":[{"embeddable":true,"href":"https:\/\/redfoxlotto.com\/et\/wp-json\/wp\/v2\/comments?post=49870"}],"version-history":[{"count":0,"href":"https:\/\/redfoxlotto.com\/et\/wp-json\/wp\/v2\/pages\/49870\/revisions"}],"wp:attachment":[{"href":"https:\/\/redfoxlotto.com\/et\/wp-json\/wp\/v2\/media?parent=49870"}],"curies":[{"name":"wp","href":"https:\/\/api.w.org\/{rel}","templated":true}]}}