{"id":18278,"date":"2020-08-18T09:11:18","date_gmt":"2020-08-18T09:11:18","guid":{"rendered":"https:\/\/redfoxlotto.com\/?page_id=18278"},"modified":"2023-05-20T08:14:01","modified_gmt":"2023-05-20T08:14:01","slug":"lotto-america","status":"publish","type":"page","link":"https:\/\/redfoxlotto.com\/et\/tulemused\/lotto-america\/","title":{"rendered":"Lotto America tulemused"},"content":{"rendered":"<h2 class=\"wp-block-heading\">Kontrolli tulemusi ja vaata, kas oled v\u00f5itnud Lotto America?<\/h2><p><img loading=\"lazy\" decoding=\"async\" class=\" wp-image alignright\" src=\"https:\/\/content.redfoxlotto.com\/uploads\/sites\/9\/1_draw_results_lotto.jpg\" alt=\"joonista tulemuste loto Ameerika\" width=\"258\" height=\"182\" \/><\/p><p>Kord kui oled valinud oma numbrid v\u00e4lja ja oled oma pileti \u00e4ra ostnud, siis kuidas Sa tead kas oled ka midagi v\u00f5itnud? See on \u00fcsna lihtne. K\u00f5ik mida pead tegema, on kontrollima RedFoxLotto saiti. Kui Sa ei ostnud pileteid, on Sul siiski v\u00f5imalik n\u00e4ha v\u00f5idunumbreid k\u00f5ikidele hiljutistele m\u00e4ngudele.<\/p><p>Kui Sa m\u00e4ngisid, siis v\u00f5id siseneda oma kontosse, et n\u00e4ha v\u00f5idunumbreid ja kuidas Su piletid nendega v\u00f5rldevad. Sul on v\u00f5imalik n\u00e4ha k\u00f5iki v\u00f5idunumbreid, mis Sul v\u00f5ivad olla, et n\u00e4ha milliseid v\u00f5ite Sa oled v\u00f5itnud.<\/p><h2 class=\"wp-block-heading\">Lotto America V\u00f5itmine<\/h2><p><img decoding=\"async\" class=\"size-full wp-image alignright\" src=\"https:\/\/content.redfoxlotto.com\/uploads\/sites\/9\/1_winner_lottery1.jpg\" alt=\"Ameerika lotov\u00f5itja\" \/><\/p><p>Kui Sa v\u00f5idad Lotto America&#8217;s v\u00f5i mingis muus loteriim\u00e4ngus internetis, siis selle eest on Sinu jaoks hoolt kantud. V\u00e4ikesed v\u00f5idud makstakse Sulle koheselt v\u00e4lja, nii kui tulemused on avaldatud. Sa ei pea midagi tegema nende auhindade v\u00f5itmiseks. Ja nad lisatakse otse Sinu kontole, et Sa saaksid oma raha v\u00e4lja v\u00f5tta v\u00f5i osta selle eest j\u00e4rgmise pileti.<\/p><p>Kui Sa v\u00f5idad suurema v\u00f5idusumma, siis rakenduvad sellele n\u00f5uded vastavalt loteriile, mida oled m\u00e4nginud. Sellel juhul on k\u00f5ik Sinu jaoks v\u00f5imalikult lihtsaks tehtud, et teha kindlaks, et saaksid oma v\u00f5idud k\u00e4tta v\u00f5imalikult murevabalt. Meie klienditugi kannab kogu protsessi eest hoolt. Sellisel moel saad oma v\u00f5idurahad k\u00e4tte v\u00f5imalikult kiiresti. Jackpot auhindade jaoks pead t\u00e4itma m\u00f5ned dokumendid v\u00f5i saatma midagi selle t\u00f5estamiseks.<\/p>","protected":false},"excerpt":{"rendered":"<p>Kontrolli tulemusi ja vaata, kas oled v\u00f5itnud Lotto America? Kord kui oled valinud oma numbrid v\u00e4lja ja oled oma pileti \u00e4ra ostnud, siis kuidas Sa tead kas oled ka midagi v\u00f5itnud? See on \u00fcsna lihtne. K\u00f5ik mida pead tegema, on kontrollima RedFoxLotto saiti. Kui Sa ei ostnud pileteid, on Sul siiski v\u00f5imalik n\u00e4ha v\u00f5idunumbreid k\u00f5ikidele [&hellip;]<\/p>\n","protected":false},"author":1,"featured_media":0,"parent":16817,"menu_order":12,"comment_status":"closed","ping_status":"closed","template":"lotto-america-results.php","meta":{"_et_pb_use_builder":"","_et_pb_old_content":"","_et_gb_content_width":"","exclude_from_search":false,"footnotes":""},"class_list":["post-18278","page","type-page","status-publish","hentry"],"yoast_head":"<!-- This site is optimized with the Yoast SEO plugin v23.8 - https:\/\/yoast.com\/wordpress\/plugins\/seo\/ -->\n<title>Lotto America loositulemused, v\u00f5idunumbrid<\/title>\n<meta name=\"description\" content=\"Selle n\u00e4dala Lotto America v\u00f5idunumbrid, ning samuti tulemuste arhiiv\" \/>\n<meta name=\"robots\" content=\"index, follow, max-snippet:-1, max-image-preview:large, max-video-preview:-1\" \/>\n<link rel=\"canonical\" href=\"https:\/\/redfoxlotto.com\/et\/tulemused\/lotto-america\/\" \/>\n<meta property=\"og:locale\" content=\"et_EE\" \/>\n<meta property=\"og:type\" content=\"article\" \/>\n<meta property=\"og:title\" content=\"Lotto America loositulemused, v\u00f5idunumbrid\" \/>\n<meta property=\"og:description\" content=\"Selle n\u00e4dala Lotto America v\u00f5idunumbrid, ning samuti tulemuste arhiiv\" \/>\n<meta property=\"og:url\" content=\"https:\/\/redfoxlotto.com\/et\/tulemused\/lotto-america\/\" \/>\n<meta property=\"og:site_name\" content=\"Get Tickets for the World\u2019s largest jackpots\" \/>\n<meta property=\"article:modified_time\" content=\"2023-05-20T08:14:01+00:00\" \/>\n<meta property=\"og:image\" content=\"https:\/\/content.redfoxlotto.com\/uploads\/sites\/9\/1_draw_results_lotto.jpg\" \/>\n<meta name=\"twitter:card\" content=\"summary_large_image\" \/>\n<meta name=\"twitter:label1\" content=\"Est. reading time\" \/>\n\t<meta name=\"twitter:data1\" content=\"2 minutit\" \/>\n<script type=\"application\/ld+json\" class=\"yoast-schema-graph\">{\"@context\":\"https:\/\/schema.org\",\"@graph\":[{\"@type\":\"WebPage\",\"@id\":\"https:\/\/redfoxlotto.com\/et\/tulemused\/lotto-america\/\",\"url\":\"https:\/\/redfoxlotto.com\/et\/tulemused\/lotto-america\/\",\"name\":\"Lotto America loositulemused, v\u00f5idunumbrid\",\"isPartOf\":{\"@id\":\"https:\/\/redfoxlotto.com\/et\/#website\"},\"primaryImageOfPage\":{\"@id\":\"https:\/\/redfoxlotto.com\/et\/tulemused\/lotto-america\/#primaryimage\"},\"image\":{\"@id\":\"https:\/\/redfoxlotto.com\/et\/tulemused\/lotto-america\/#primaryimage\"},\"thumbnailUrl\":\"https:\/\/content.redfoxlotto.com\/uploads\/sites\/9\/1_draw_results_lotto.jpg\",\"datePublished\":\"2020-08-18T09:11:18+00:00\",\"dateModified\":\"2023-05-20T08:14:01+00:00\",\"description\":\"Selle n\u00e4dala Lotto America v\u00f5idunumbrid, ning samuti tulemuste arhiiv\",\"breadcrumb\":{\"@id\":\"https:\/\/redfoxlotto.com\/et\/tulemused\/lotto-america\/#breadcrumb\"},\"inLanguage\":\"et\",\"potentialAction\":[{\"@type\":\"ReadAction\",\"target\":[\"https:\/\/redfoxlotto.com\/et\/tulemused\/lotto-america\/\"]}]},{\"@type\":\"ImageObject\",\"inLanguage\":\"et\",\"@id\":\"https:\/\/redfoxlotto.com\/et\/tulemused\/lotto-america\/#primaryimage\",\"url\":\"https:\/\/content.redfoxlotto.com\/uploads\/sites\/9\/1_draw_results_lotto.jpg\",\"contentUrl\":\"https:\/\/content.redfoxlotto.com\/uploads\/sites\/9\/1_draw_results_lotto.jpg\"},{\"@type\":\"BreadcrumbList\",\"@id\":\"https:\/\/redfoxlotto.com\/et\/tulemused\/lotto-america\/#breadcrumb\",\"itemListElement\":[{\"@type\":\"ListItem\",\"position\":1,\"name\":\"Home\",\"item\":\"https:\/\/redfoxlotto.com\/et\/\"},{\"@type\":\"ListItem\",\"position\":2,\"name\":\"Loterii Tulemused Internetis\",\"item\":\"https:\/\/redfoxlotto.com\/et\/tulemused\/\"},{\"@type\":\"ListItem\",\"position\":3,\"name\":\"Lotto America tulemused\"}]},{\"@type\":\"WebSite\",\"@id\":\"https:\/\/redfoxlotto.com\/et\/#website\",\"url\":\"https:\/\/redfoxlotto.com\/et\/\",\"name\":\"Get Tickets for the World\u2019s largest jackpots\",\"description\":\"Participate in worldwide lottery jackpots from any country\",\"publisher\":{\"@id\":\"https:\/\/redfoxlotto.com\/et\/#organization\"},\"potentialAction\":[{\"@type\":\"SearchAction\",\"target\":{\"@type\":\"EntryPoint\",\"urlTemplate\":\"https:\/\/redfoxlotto.com\/et\/?s={search_term_string}\"},\"query-input\":{\"@type\":\"PropertyValueSpecification\",\"valueRequired\":true,\"valueName\":\"search_term_string\"}}],\"inLanguage\":\"et\"},{\"@type\":\"Organization\",\"@id\":\"https:\/\/redfoxlotto.com\/et\/#organization\",\"name\":\"Get Tickets for the World\u2019s largest jackpots\",\"url\":\"https:\/\/redfoxlotto.com\/et\/\",\"logo\":{\"@type\":\"ImageObject\",\"inLanguage\":\"et\",\"@id\":\"https:\/\/redfoxlotto.com\/et\/#\/schema\/logo\/image\/\",\"url\":\"https:\/\/redfoxlotto.com\/wp-content\/uploads\/2023\/04\/logo.png\",\"contentUrl\":\"https:\/\/redfoxlotto.com\/wp-content\/uploads\/2023\/04\/logo.png\",\"width\":269,\"height\":53,\"caption\":\"Get Tickets for the World\u2019s largest jackpots\"},\"image\":{\"@id\":\"https:\/\/redfoxlotto.com\/et\/#\/schema\/logo\/image\/\"}}]}<\/script>\n<!-- \/ Yoast SEO plugin. -->","yoast_head_json":{"title":"Lotto America loositulemused, v\u00f5idunumbrid","description":"Selle n\u00e4dala Lotto America v\u00f5idunumbrid, ning samuti tulemuste arhiiv","robots":{"index":"index","follow":"follow","max-snippet":"max-snippet:-1","max-image-preview":"max-image-preview:large","max-video-preview":"max-video-preview:-1"},"canonical":"https:\/\/redfoxlotto.com\/et\/tulemused\/lotto-america\/","og_locale":"et_EE","og_type":"article","og_title":"Lotto America loositulemused, v\u00f5idunumbrid","og_description":"Selle n\u00e4dala Lotto America v\u00f5idunumbrid, ning samuti tulemuste arhiiv","og_url":"https:\/\/redfoxlotto.com\/et\/tulemused\/lotto-america\/","og_site_name":"Get Tickets for the World\u2019s largest jackpots","article_modified_time":"2023-05-20T08:14:01+00:00","og_image":[{"url":"https:\/\/content.redfoxlotto.com\/uploads\/sites\/9\/1_draw_results_lotto.jpg"}],"twitter_card":"summary_large_image","twitter_misc":{"Est. reading time":"2 minutit"},"schema":{"@context":"https:\/\/schema.org","@graph":[{"@type":"WebPage","@id":"https:\/\/redfoxlotto.com\/et\/tulemused\/lotto-america\/","url":"https:\/\/redfoxlotto.com\/et\/tulemused\/lotto-america\/","name":"Lotto America loositulemused, v\u00f5idunumbrid","isPartOf":{"@id":"https:\/\/redfoxlotto.com\/et\/#website"},"primaryImageOfPage":{"@id":"https:\/\/redfoxlotto.com\/et\/tulemused\/lotto-america\/#primaryimage"},"image":{"@id":"https:\/\/redfoxlotto.com\/et\/tulemused\/lotto-america\/#primaryimage"},"thumbnailUrl":"https:\/\/content.redfoxlotto.com\/uploads\/sites\/9\/1_draw_results_lotto.jpg","datePublished":"2020-08-18T09:11:18+00:00","dateModified":"2023-05-20T08:14:01+00:00","description":"Selle n\u00e4dala Lotto America v\u00f5idunumbrid, ning samuti tulemuste arhiiv","breadcrumb":{"@id":"https:\/\/redfoxlotto.com\/et\/tulemused\/lotto-america\/#breadcrumb"},"inLanguage":"et","potentialAction":[{"@type":"ReadAction","target":["https:\/\/redfoxlotto.com\/et\/tulemused\/lotto-america\/"]}]},{"@type":"ImageObject","inLanguage":"et","@id":"https:\/\/redfoxlotto.com\/et\/tulemused\/lotto-america\/#primaryimage","url":"https:\/\/content.redfoxlotto.com\/uploads\/sites\/9\/1_draw_results_lotto.jpg","contentUrl":"https:\/\/content.redfoxlotto.com\/uploads\/sites\/9\/1_draw_results_lotto.jpg"},{"@type":"BreadcrumbList","@id":"https:\/\/redfoxlotto.com\/et\/tulemused\/lotto-america\/#breadcrumb","itemListElement":[{"@type":"ListItem","position":1,"name":"Home","item":"https:\/\/redfoxlotto.com\/et\/"},{"@type":"ListItem","position":2,"name":"Loterii Tulemused Internetis","item":"https:\/\/redfoxlotto.com\/et\/tulemused\/"},{"@type":"ListItem","position":3,"name":"Lotto America tulemused"}]},{"@type":"WebSite","@id":"https:\/\/redfoxlotto.com\/et\/#website","url":"https:\/\/redfoxlotto.com\/et\/","name":"Get Tickets for the World\u2019s largest jackpots","description":"Participate in worldwide lottery jackpots from any country","publisher":{"@id":"https:\/\/redfoxlotto.com\/et\/#organization"},"potentialAction":[{"@type":"SearchAction","target":{"@type":"EntryPoint","urlTemplate":"https:\/\/redfoxlotto.com\/et\/?s={search_term_string}"},"query-input":{"@type":"PropertyValueSpecification","valueRequired":true,"valueName":"search_term_string"}}],"inLanguage":"et"},{"@type":"Organization","@id":"https:\/\/redfoxlotto.com\/et\/#organization","name":"Get Tickets for the World\u2019s largest jackpots","url":"https:\/\/redfoxlotto.com\/et\/","logo":{"@type":"ImageObject","inLanguage":"et","@id":"https:\/\/redfoxlotto.com\/et\/#\/schema\/logo\/image\/","url":"https:\/\/redfoxlotto.com\/wp-content\/uploads\/2023\/04\/logo.png","contentUrl":"https:\/\/redfoxlotto.com\/wp-content\/uploads\/2023\/04\/logo.png","width":269,"height":53,"caption":"Get Tickets for the World\u2019s largest jackpots"},"image":{"@id":"https:\/\/redfoxlotto.com\/et\/#\/schema\/logo\/image\/"}}]}},"_links":{"self":[{"href":"https:\/\/redfoxlotto.com\/et\/wp-json\/wp\/v2\/pages\/18278","targetHints":{"allow":["GET"]}}],"collection":[{"href":"https:\/\/redfoxlotto.com\/et\/wp-json\/wp\/v2\/pages"}],"about":[{"href":"https:\/\/redfoxlotto.com\/et\/wp-json\/wp\/v2\/types\/page"}],"author":[{"embeddable":true,"href":"https:\/\/redfoxlotto.com\/et\/wp-json\/wp\/v2\/users\/1"}],"replies":[{"embeddable":true,"href":"https:\/\/redfoxlotto.com\/et\/wp-json\/wp\/v2\/comments?post=18278"}],"version-history":[{"count":0,"href":"https:\/\/redfoxlotto.com\/et\/wp-json\/wp\/v2\/pages\/18278\/revisions"}],"up":[{"embeddable":true,"href":"https:\/\/redfoxlotto.com\/et\/wp-json\/wp\/v2\/pages\/16817"}],"wp:attachment":[{"href":"https:\/\/redfoxlotto.com\/et\/wp-json\/wp\/v2\/media?parent=18278"}],"curies":[{"name":"wp","href":"https:\/\/api.w.org\/{rel}","templated":true}]}}