{"id":18264,"date":"2020-08-18T09:08:19","date_gmt":"2020-08-18T09:08:19","guid":{"rendered":"https:\/\/redfoxlotto.com\/?page_id=18264"},"modified":"2021-01-07T10:50:03","modified_gmt":"2021-01-07T10:50:03","slug":"thunderball","status":"publish","type":"page","link":"https:\/\/redfoxlotto.com\/et\/tulemused\/thunderball\/","title":{"rendered":"\u00c4ikesepalli tulemused"},"content":{"rendered":"<h2 class=\"wp-block-heading\">Thunderball UK Loto V\u00f5idunumbrid<\/h2><p><img loading=\"lazy\" decoding=\"async\" class=\" wp-image alignright\" src=\"https:\/\/content.redfoxlotto.com\/uploads\/sites\/9\/1_online_lotto_results.jpg\" alt=\"\u00e4ikese tulemused\" width=\"227\" height=\"227\" \/><\/p><p>Thunderball UK Loto v\u00f5idunumbrite kontrollimine on lihtne.<\/p><h2 class=\"wp-block-heading\">Praeguste numbrite kontrollimine<\/h2><p>Kui Sa oled m\u00e4ngu m\u00e4nginud ja tahad kontrollida k\u00f5ige hiljutisemaid v\u00f5idunumbreid, siis v\u00f5id minna kohe oma konto juurde, seej\u00e4rel kl\u00f5psata &#8220;My Tickets&#8221; nupul. Sealt on Sul v\u00f5imalik n\u00e4ha kuidas Su numbrid koonduvad v\u00f5idunumbritega v\u00f5rreldes.<\/p><h2 class=\"wp-block-heading\">Vanad Thunderball UK Loto V\u00f5idunumbrid<\/h2><p><img loading=\"lazy\" decoding=\"async\" class=\" wp-image alignright\" src=\"https:\/\/content.redfoxlotto.com\/uploads\/sites\/9\/1_winner_lottery_jackpot.jpg\" alt=\"lotonumbrite v\u00f5itmine\" width=\"293\" height=\"176\" \/><\/p><p>Kui Sa vajad vanu numbreid Thunderball UK Lotost, siis v\u00f5id vaadata arhiivi, et n\u00e4ha rohkem informatsiooni ja kontrollida mistahes andmeid Sul on vaja. Sa v\u00f5id isegi vaadata mitme m\u00f6\u00f6dunud m\u00e4ngule tagasi, et saada k\u00f5ik numbrid.<\/p>","protected":false},"excerpt":{"rendered":"<p>Thunderball UK Loto V\u00f5idunumbrid Thunderball UK Loto v\u00f5idunumbrite kontrollimine on lihtne. Praeguste numbrite kontrollimine Kui Sa oled m\u00e4ngu m\u00e4nginud ja tahad kontrollida k\u00f5ige hiljutisemaid v\u00f5idunumbreid, siis v\u00f5id minna kohe oma konto juurde, seej\u00e4rel kl\u00f5psata &#8220;My Tickets&#8221; nupul. Sealt on Sul v\u00f5imalik n\u00e4ha kuidas Su numbrid koonduvad v\u00f5idunumbritega v\u00f5rreldes. Vanad Thunderball UK Loto V\u00f5idunumbrid Kui Sa [&hellip;]<\/p>\n","protected":false},"author":1,"featured_media":0,"parent":16817,"menu_order":11,"comment_status":"closed","ping_status":"closed","template":"thunderball-results.php","meta":{"_et_pb_use_builder":"","_et_pb_old_content":"","_et_gb_content_width":"","exclude_from_search":false,"footnotes":""},"class_list":["post-18264","page","type-page","status-publish","hentry"],"yoast_head":"<!-- This site is optimized with the Yoast SEO plugin v23.8 - https:\/\/yoast.com\/wordpress\/plugins\/seo\/ -->\n<title>Praegused ja k\u00f5ige hiljutisemad Thunderball UK v\u00f5idunumbrid ja tulemused<\/title>\n<meta name=\"description\" content=\"V\u00f5rdle oma loteriipileti numbreid Thunderball loositulemustega siit\" \/>\n<meta name=\"robots\" content=\"index, follow, max-snippet:-1, max-image-preview:large, max-video-preview:-1\" \/>\n<link rel=\"canonical\" href=\"https:\/\/redfoxlotto.com\/et\/tulemused\/thunderball\/\" \/>\n<meta property=\"og:locale\" content=\"et_EE\" \/>\n<meta property=\"og:type\" content=\"article\" \/>\n<meta property=\"og:title\" content=\"Praegused ja k\u00f5ige hiljutisemad Thunderball UK v\u00f5idunumbrid ja tulemused\" \/>\n<meta property=\"og:description\" content=\"V\u00f5rdle oma loteriipileti numbreid Thunderball loositulemustega siit\" \/>\n<meta property=\"og:url\" content=\"https:\/\/redfoxlotto.com\/et\/tulemused\/thunderball\/\" \/>\n<meta property=\"og:site_name\" content=\"Get Tickets for the World\u2019s largest jackpots\" \/>\n<meta property=\"article:modified_time\" content=\"2021-01-07T10:50:03+00:00\" \/>\n<meta property=\"og:image\" content=\"https:\/\/content.redfoxlotto.com\/uploads\/sites\/9\/1_online_lotto_results.jpg\" \/>\n<meta name=\"twitter:card\" content=\"summary_large_image\" \/>\n<meta name=\"twitter:label1\" content=\"Est. reading time\" \/>\n\t<meta name=\"twitter:data1\" content=\"1 minut\" \/>\n<script type=\"application\/ld+json\" class=\"yoast-schema-graph\">{\"@context\":\"https:\/\/schema.org\",\"@graph\":[{\"@type\":\"WebPage\",\"@id\":\"https:\/\/redfoxlotto.com\/et\/tulemused\/thunderball\/\",\"url\":\"https:\/\/redfoxlotto.com\/et\/tulemused\/thunderball\/\",\"name\":\"Praegused ja k\u00f5ige hiljutisemad Thunderball UK v\u00f5idunumbrid ja tulemused\",\"isPartOf\":{\"@id\":\"https:\/\/redfoxlotto.com\/et\/#website\"},\"primaryImageOfPage\":{\"@id\":\"https:\/\/redfoxlotto.com\/et\/tulemused\/thunderball\/#primaryimage\"},\"image\":{\"@id\":\"https:\/\/redfoxlotto.com\/et\/tulemused\/thunderball\/#primaryimage\"},\"thumbnailUrl\":\"https:\/\/content.redfoxlotto.com\/uploads\/sites\/9\/1_online_lotto_results.jpg\",\"datePublished\":\"2020-08-18T09:08:19+00:00\",\"dateModified\":\"2021-01-07T10:50:03+00:00\",\"description\":\"V\u00f5rdle oma loteriipileti numbreid Thunderball loositulemustega siit\",\"breadcrumb\":{\"@id\":\"https:\/\/redfoxlotto.com\/et\/tulemused\/thunderball\/#breadcrumb\"},\"inLanguage\":\"et\",\"potentialAction\":[{\"@type\":\"ReadAction\",\"target\":[\"https:\/\/redfoxlotto.com\/et\/tulemused\/thunderball\/\"]}]},{\"@type\":\"ImageObject\",\"inLanguage\":\"et\",\"@id\":\"https:\/\/redfoxlotto.com\/et\/tulemused\/thunderball\/#primaryimage\",\"url\":\"https:\/\/content.redfoxlotto.com\/uploads\/sites\/9\/1_online_lotto_results.jpg\",\"contentUrl\":\"https:\/\/content.redfoxlotto.com\/uploads\/sites\/9\/1_online_lotto_results.jpg\"},{\"@type\":\"BreadcrumbList\",\"@id\":\"https:\/\/redfoxlotto.com\/et\/tulemused\/thunderball\/#breadcrumb\",\"itemListElement\":[{\"@type\":\"ListItem\",\"position\":1,\"name\":\"Home\",\"item\":\"https:\/\/redfoxlotto.com\/et\/\"},{\"@type\":\"ListItem\",\"position\":2,\"name\":\"Loterii Tulemused Internetis\",\"item\":\"https:\/\/redfoxlotto.com\/et\/tulemused\/\"},{\"@type\":\"ListItem\",\"position\":3,\"name\":\"\u00c4ikesepalli tulemused\"}]},{\"@type\":\"WebSite\",\"@id\":\"https:\/\/redfoxlotto.com\/et\/#website\",\"url\":\"https:\/\/redfoxlotto.com\/et\/\",\"name\":\"Get Tickets for the World\u2019s largest jackpots\",\"description\":\"Participate in worldwide lottery jackpots from any country\",\"publisher\":{\"@id\":\"https:\/\/redfoxlotto.com\/et\/#organization\"},\"potentialAction\":[{\"@type\":\"SearchAction\",\"target\":{\"@type\":\"EntryPoint\",\"urlTemplate\":\"https:\/\/redfoxlotto.com\/et\/?s={search_term_string}\"},\"query-input\":{\"@type\":\"PropertyValueSpecification\",\"valueRequired\":true,\"valueName\":\"search_term_string\"}}],\"inLanguage\":\"et\"},{\"@type\":\"Organization\",\"@id\":\"https:\/\/redfoxlotto.com\/et\/#organization\",\"name\":\"Get Tickets for the World\u2019s largest jackpots\",\"url\":\"https:\/\/redfoxlotto.com\/et\/\",\"logo\":{\"@type\":\"ImageObject\",\"inLanguage\":\"et\",\"@id\":\"https:\/\/redfoxlotto.com\/et\/#\/schema\/logo\/image\/\",\"url\":\"https:\/\/redfoxlotto.com\/wp-content\/uploads\/2023\/04\/logo.png\",\"contentUrl\":\"https:\/\/redfoxlotto.com\/wp-content\/uploads\/2023\/04\/logo.png\",\"width\":269,\"height\":53,\"caption\":\"Get Tickets for the World\u2019s largest jackpots\"},\"image\":{\"@id\":\"https:\/\/redfoxlotto.com\/et\/#\/schema\/logo\/image\/\"}}]}<\/script>\n<!-- \/ Yoast SEO plugin. -->","yoast_head_json":{"title":"Praegused ja k\u00f5ige hiljutisemad Thunderball UK v\u00f5idunumbrid ja tulemused","description":"V\u00f5rdle oma loteriipileti numbreid Thunderball loositulemustega siit","robots":{"index":"index","follow":"follow","max-snippet":"max-snippet:-1","max-image-preview":"max-image-preview:large","max-video-preview":"max-video-preview:-1"},"canonical":"https:\/\/redfoxlotto.com\/et\/tulemused\/thunderball\/","og_locale":"et_EE","og_type":"article","og_title":"Praegused ja k\u00f5ige hiljutisemad Thunderball UK v\u00f5idunumbrid ja tulemused","og_description":"V\u00f5rdle oma loteriipileti numbreid Thunderball loositulemustega siit","og_url":"https:\/\/redfoxlotto.com\/et\/tulemused\/thunderball\/","og_site_name":"Get Tickets for the World\u2019s largest jackpots","article_modified_time":"2021-01-07T10:50:03+00:00","og_image":[{"url":"https:\/\/content.redfoxlotto.com\/uploads\/sites\/9\/1_online_lotto_results.jpg"}],"twitter_card":"summary_large_image","twitter_misc":{"Est. reading time":"1 minut"},"schema":{"@context":"https:\/\/schema.org","@graph":[{"@type":"WebPage","@id":"https:\/\/redfoxlotto.com\/et\/tulemused\/thunderball\/","url":"https:\/\/redfoxlotto.com\/et\/tulemused\/thunderball\/","name":"Praegused ja k\u00f5ige hiljutisemad Thunderball UK v\u00f5idunumbrid ja tulemused","isPartOf":{"@id":"https:\/\/redfoxlotto.com\/et\/#website"},"primaryImageOfPage":{"@id":"https:\/\/redfoxlotto.com\/et\/tulemused\/thunderball\/#primaryimage"},"image":{"@id":"https:\/\/redfoxlotto.com\/et\/tulemused\/thunderball\/#primaryimage"},"thumbnailUrl":"https:\/\/content.redfoxlotto.com\/uploads\/sites\/9\/1_online_lotto_results.jpg","datePublished":"2020-08-18T09:08:19+00:00","dateModified":"2021-01-07T10:50:03+00:00","description":"V\u00f5rdle oma loteriipileti numbreid Thunderball loositulemustega siit","breadcrumb":{"@id":"https:\/\/redfoxlotto.com\/et\/tulemused\/thunderball\/#breadcrumb"},"inLanguage":"et","potentialAction":[{"@type":"ReadAction","target":["https:\/\/redfoxlotto.com\/et\/tulemused\/thunderball\/"]}]},{"@type":"ImageObject","inLanguage":"et","@id":"https:\/\/redfoxlotto.com\/et\/tulemused\/thunderball\/#primaryimage","url":"https:\/\/content.redfoxlotto.com\/uploads\/sites\/9\/1_online_lotto_results.jpg","contentUrl":"https:\/\/content.redfoxlotto.com\/uploads\/sites\/9\/1_online_lotto_results.jpg"},{"@type":"BreadcrumbList","@id":"https:\/\/redfoxlotto.com\/et\/tulemused\/thunderball\/#breadcrumb","itemListElement":[{"@type":"ListItem","position":1,"name":"Home","item":"https:\/\/redfoxlotto.com\/et\/"},{"@type":"ListItem","position":2,"name":"Loterii Tulemused Internetis","item":"https:\/\/redfoxlotto.com\/et\/tulemused\/"},{"@type":"ListItem","position":3,"name":"\u00c4ikesepalli tulemused"}]},{"@type":"WebSite","@id":"https:\/\/redfoxlotto.com\/et\/#website","url":"https:\/\/redfoxlotto.com\/et\/","name":"Get Tickets for the World\u2019s largest jackpots","description":"Participate in worldwide lottery jackpots from any country","publisher":{"@id":"https:\/\/redfoxlotto.com\/et\/#organization"},"potentialAction":[{"@type":"SearchAction","target":{"@type":"EntryPoint","urlTemplate":"https:\/\/redfoxlotto.com\/et\/?s={search_term_string}"},"query-input":{"@type":"PropertyValueSpecification","valueRequired":true,"valueName":"search_term_string"}}],"inLanguage":"et"},{"@type":"Organization","@id":"https:\/\/redfoxlotto.com\/et\/#organization","name":"Get Tickets for the World\u2019s largest jackpots","url":"https:\/\/redfoxlotto.com\/et\/","logo":{"@type":"ImageObject","inLanguage":"et","@id":"https:\/\/redfoxlotto.com\/et\/#\/schema\/logo\/image\/","url":"https:\/\/redfoxlotto.com\/wp-content\/uploads\/2023\/04\/logo.png","contentUrl":"https:\/\/redfoxlotto.com\/wp-content\/uploads\/2023\/04\/logo.png","width":269,"height":53,"caption":"Get Tickets for the World\u2019s largest jackpots"},"image":{"@id":"https:\/\/redfoxlotto.com\/et\/#\/schema\/logo\/image\/"}}]}},"_links":{"self":[{"href":"https:\/\/redfoxlotto.com\/et\/wp-json\/wp\/v2\/pages\/18264","targetHints":{"allow":["GET"]}}],"collection":[{"href":"https:\/\/redfoxlotto.com\/et\/wp-json\/wp\/v2\/pages"}],"about":[{"href":"https:\/\/redfoxlotto.com\/et\/wp-json\/wp\/v2\/types\/page"}],"author":[{"embeddable":true,"href":"https:\/\/redfoxlotto.com\/et\/wp-json\/wp\/v2\/users\/1"}],"replies":[{"embeddable":true,"href":"https:\/\/redfoxlotto.com\/et\/wp-json\/wp\/v2\/comments?post=18264"}],"version-history":[{"count":0,"href":"https:\/\/redfoxlotto.com\/et\/wp-json\/wp\/v2\/pages\/18264\/revisions"}],"up":[{"embeddable":true,"href":"https:\/\/redfoxlotto.com\/et\/wp-json\/wp\/v2\/pages\/16817"}],"wp:attachment":[{"href":"https:\/\/redfoxlotto.com\/et\/wp-json\/wp\/v2\/media?parent=18264"}],"curies":[{"name":"wp","href":"https:\/\/api.w.org\/{rel}","templated":true}]}}