{"id":18214,"date":"2018-11-18T08:54:25","date_gmt":"2018-11-18T08:54:25","guid":{"rendered":"https:\/\/redfoxlotto.com\/?page_id=18214"},"modified":"2021-01-07T10:44:41","modified_gmt":"2021-01-07T10:44:41","slug":"el-gordo-primitiva","status":"publish","type":"page","link":"https:\/\/redfoxlotto.com\/et\/tulemused\/el-gordo-primitiva\/","title":{"rendered":"El Gordo tulemused"},"content":{"rendered":"<p>Kontrolli k\u00f5ige hiljutisemaid tulemusi El Gordo jaoks siit meie veebisaidilt. Kui Sul on juba pilet olemas, siis mine oma konto &#8220;My tickets&#8221; sektsiooni ning Sa saad koheselt n\u00e4ha, kas Sinu pilet on v\u00f5itnud.<\/p><p><img decoding=\"async\" class=\"size-full wp-image alignright\" src=\"https:\/\/content.redfoxlotto.com\/uploads\/sites\/9\/1_results_draw_numbers.jpg\" alt=\"tulemuste loto\"><\/p><h2 class=\"wp-block-heading\">El Gordo Navidad tulemused<\/h2><p>Kui Sa m\u00e4ngid Hispaania El Gordo J\u00f5ululoteriid, siis ole valmis v\u00e4ga eriliseks loosimiseks. Kolmetunnises tseremoonias, mida peetakse igal aastal 22. detsembril, loositakse v\u00e4lja v\u00f5idunumbrid. Kogu protseduur kantakse \u00fcle otse-eetris televisioonis. Sellega kaasnevad suured kuldsed trummid, millest \u00fcks sisaldab numbreid vahemikus 00000 ja 99999, ning teine sisaldab palle v\u00f5idut\u00fc\u00fcpidega.<\/p><p>El Gordo tulemusi mitte ainult ei n\u00e4idata ette, vaid neid lauldakse ette Madridi San Ildefenso koolilaste laulukoori poolt.<\/p>","protected":false},"excerpt":{"rendered":"<p>Kontrolli k\u00f5ige hiljutisemaid tulemusi El Gordo jaoks siit meie veebisaidilt. Kui Sul on juba pilet olemas, siis mine oma konto &#8220;My tickets&#8221; sektsiooni ning Sa saad koheselt n\u00e4ha, kas Sinu pilet on v\u00f5itnud. El Gordo Navidad tulemused Kui Sa m\u00e4ngid Hispaania El Gordo J\u00f5ululoteriid, siis ole valmis v\u00e4ga eriliseks loosimiseks. Kolmetunnises tseremoonias, mida peetakse igal [&hellip;]<\/p>\n","protected":false},"author":1,"featured_media":0,"parent":16817,"menu_order":6,"comment_status":"closed","ping_status":"closed","template":"el-gordo-results.php","meta":{"_et_pb_use_builder":"","_et_pb_old_content":"","_et_gb_content_width":"","exclude_from_search":false,"footnotes":""},"class_list":["post-18214","page","type-page","status-publish","hentry"],"yoast_head":"<!-- This site is optimized with the Yoast SEO plugin v23.8 - https:\/\/yoast.com\/wordpress\/plugins\/seo\/ -->\n<title>Tulemused, Hispaania El Gordo loterii v\u00f5idunumbrid<\/title>\n<meta name=\"description\" content=\"El Gordo, La Primitiva j\u00f5ulu versioon - selle tulemused avaldatakse spetsiaalse \u00fcritusega!\" \/>\n<meta name=\"robots\" content=\"index, follow, max-snippet:-1, max-image-preview:large, max-video-preview:-1\" \/>\n<link rel=\"canonical\" href=\"https:\/\/redfoxlotto.com\/et\/tulemused\/el-gordo-primitiva\/\" \/>\n<meta property=\"og:locale\" content=\"et_EE\" \/>\n<meta property=\"og:type\" content=\"article\" \/>\n<meta property=\"og:title\" content=\"Tulemused, Hispaania El Gordo loterii v\u00f5idunumbrid\" \/>\n<meta property=\"og:description\" content=\"El Gordo, La Primitiva j\u00f5ulu versioon - selle tulemused avaldatakse spetsiaalse \u00fcritusega!\" \/>\n<meta property=\"og:url\" content=\"https:\/\/redfoxlotto.com\/et\/tulemused\/el-gordo-primitiva\/\" \/>\n<meta property=\"og:site_name\" content=\"Get Tickets for the World\u2019s largest jackpots\" \/>\n<meta property=\"article:modified_time\" content=\"2021-01-07T10:44:41+00:00\" \/>\n<meta property=\"og:image\" content=\"https:\/\/content.redfoxlotto.com\/uploads\/sites\/9\/1_results_draw_numbers.jpg\" \/>\n<meta name=\"twitter:card\" content=\"summary_large_image\" \/>\n<meta name=\"twitter:label1\" content=\"Est. reading time\" \/>\n\t<meta name=\"twitter:data1\" content=\"1 minut\" \/>\n<script type=\"application\/ld+json\" class=\"yoast-schema-graph\">{\"@context\":\"https:\/\/schema.org\",\"@graph\":[{\"@type\":\"WebPage\",\"@id\":\"https:\/\/redfoxlotto.com\/et\/tulemused\/el-gordo-primitiva\/\",\"url\":\"https:\/\/redfoxlotto.com\/et\/tulemused\/el-gordo-primitiva\/\",\"name\":\"Tulemused, Hispaania El Gordo loterii v\u00f5idunumbrid\",\"isPartOf\":{\"@id\":\"https:\/\/redfoxlotto.com\/et\/#website\"},\"primaryImageOfPage\":{\"@id\":\"https:\/\/redfoxlotto.com\/et\/tulemused\/el-gordo-primitiva\/#primaryimage\"},\"image\":{\"@id\":\"https:\/\/redfoxlotto.com\/et\/tulemused\/el-gordo-primitiva\/#primaryimage\"},\"thumbnailUrl\":\"https:\/\/content.redfoxlotto.com\/uploads\/sites\/9\/1_results_draw_numbers.jpg\",\"datePublished\":\"2018-11-18T08:54:25+00:00\",\"dateModified\":\"2021-01-07T10:44:41+00:00\",\"description\":\"El Gordo, La Primitiva j\u00f5ulu versioon - selle tulemused avaldatakse spetsiaalse \u00fcritusega!\",\"breadcrumb\":{\"@id\":\"https:\/\/redfoxlotto.com\/et\/tulemused\/el-gordo-primitiva\/#breadcrumb\"},\"inLanguage\":\"et\",\"potentialAction\":[{\"@type\":\"ReadAction\",\"target\":[\"https:\/\/redfoxlotto.com\/et\/tulemused\/el-gordo-primitiva\/\"]}]},{\"@type\":\"ImageObject\",\"inLanguage\":\"et\",\"@id\":\"https:\/\/redfoxlotto.com\/et\/tulemused\/el-gordo-primitiva\/#primaryimage\",\"url\":\"https:\/\/content.redfoxlotto.com\/uploads\/sites\/9\/1_results_draw_numbers.jpg\",\"contentUrl\":\"https:\/\/content.redfoxlotto.com\/uploads\/sites\/9\/1_results_draw_numbers.jpg\"},{\"@type\":\"BreadcrumbList\",\"@id\":\"https:\/\/redfoxlotto.com\/et\/tulemused\/el-gordo-primitiva\/#breadcrumb\",\"itemListElement\":[{\"@type\":\"ListItem\",\"position\":1,\"name\":\"Home\",\"item\":\"https:\/\/redfoxlotto.com\/et\/\"},{\"@type\":\"ListItem\",\"position\":2,\"name\":\"Loterii Tulemused Internetis\",\"item\":\"https:\/\/redfoxlotto.com\/et\/tulemused\/\"},{\"@type\":\"ListItem\",\"position\":3,\"name\":\"El Gordo tulemused\"}]},{\"@type\":\"WebSite\",\"@id\":\"https:\/\/redfoxlotto.com\/et\/#website\",\"url\":\"https:\/\/redfoxlotto.com\/et\/\",\"name\":\"Get Tickets for the World\u2019s largest jackpots\",\"description\":\"Participate in worldwide lottery jackpots from any country\",\"publisher\":{\"@id\":\"https:\/\/redfoxlotto.com\/et\/#organization\"},\"potentialAction\":[{\"@type\":\"SearchAction\",\"target\":{\"@type\":\"EntryPoint\",\"urlTemplate\":\"https:\/\/redfoxlotto.com\/et\/?s={search_term_string}\"},\"query-input\":{\"@type\":\"PropertyValueSpecification\",\"valueRequired\":true,\"valueName\":\"search_term_string\"}}],\"inLanguage\":\"et\"},{\"@type\":\"Organization\",\"@id\":\"https:\/\/redfoxlotto.com\/et\/#organization\",\"name\":\"Get Tickets for the World\u2019s largest jackpots\",\"url\":\"https:\/\/redfoxlotto.com\/et\/\",\"logo\":{\"@type\":\"ImageObject\",\"inLanguage\":\"et\",\"@id\":\"https:\/\/redfoxlotto.com\/et\/#\/schema\/logo\/image\/\",\"url\":\"https:\/\/redfoxlotto.com\/wp-content\/uploads\/2023\/04\/logo.png\",\"contentUrl\":\"https:\/\/redfoxlotto.com\/wp-content\/uploads\/2023\/04\/logo.png\",\"width\":269,\"height\":53,\"caption\":\"Get Tickets for the World\u2019s largest jackpots\"},\"image\":{\"@id\":\"https:\/\/redfoxlotto.com\/et\/#\/schema\/logo\/image\/\"}}]}<\/script>\n<!-- \/ Yoast SEO plugin. -->","yoast_head_json":{"title":"Tulemused, Hispaania El Gordo loterii v\u00f5idunumbrid","description":"El Gordo, La Primitiva j\u00f5ulu versioon - selle tulemused avaldatakse spetsiaalse \u00fcritusega!","robots":{"index":"index","follow":"follow","max-snippet":"max-snippet:-1","max-image-preview":"max-image-preview:large","max-video-preview":"max-video-preview:-1"},"canonical":"https:\/\/redfoxlotto.com\/et\/tulemused\/el-gordo-primitiva\/","og_locale":"et_EE","og_type":"article","og_title":"Tulemused, Hispaania El Gordo loterii v\u00f5idunumbrid","og_description":"El Gordo, La Primitiva j\u00f5ulu versioon - selle tulemused avaldatakse spetsiaalse \u00fcritusega!","og_url":"https:\/\/redfoxlotto.com\/et\/tulemused\/el-gordo-primitiva\/","og_site_name":"Get Tickets for the World\u2019s largest jackpots","article_modified_time":"2021-01-07T10:44:41+00:00","og_image":[{"url":"https:\/\/content.redfoxlotto.com\/uploads\/sites\/9\/1_results_draw_numbers.jpg"}],"twitter_card":"summary_large_image","twitter_misc":{"Est. reading time":"1 minut"},"schema":{"@context":"https:\/\/schema.org","@graph":[{"@type":"WebPage","@id":"https:\/\/redfoxlotto.com\/et\/tulemused\/el-gordo-primitiva\/","url":"https:\/\/redfoxlotto.com\/et\/tulemused\/el-gordo-primitiva\/","name":"Tulemused, Hispaania El Gordo loterii v\u00f5idunumbrid","isPartOf":{"@id":"https:\/\/redfoxlotto.com\/et\/#website"},"primaryImageOfPage":{"@id":"https:\/\/redfoxlotto.com\/et\/tulemused\/el-gordo-primitiva\/#primaryimage"},"image":{"@id":"https:\/\/redfoxlotto.com\/et\/tulemused\/el-gordo-primitiva\/#primaryimage"},"thumbnailUrl":"https:\/\/content.redfoxlotto.com\/uploads\/sites\/9\/1_results_draw_numbers.jpg","datePublished":"2018-11-18T08:54:25+00:00","dateModified":"2021-01-07T10:44:41+00:00","description":"El Gordo, La Primitiva j\u00f5ulu versioon - selle tulemused avaldatakse spetsiaalse \u00fcritusega!","breadcrumb":{"@id":"https:\/\/redfoxlotto.com\/et\/tulemused\/el-gordo-primitiva\/#breadcrumb"},"inLanguage":"et","potentialAction":[{"@type":"ReadAction","target":["https:\/\/redfoxlotto.com\/et\/tulemused\/el-gordo-primitiva\/"]}]},{"@type":"ImageObject","inLanguage":"et","@id":"https:\/\/redfoxlotto.com\/et\/tulemused\/el-gordo-primitiva\/#primaryimage","url":"https:\/\/content.redfoxlotto.com\/uploads\/sites\/9\/1_results_draw_numbers.jpg","contentUrl":"https:\/\/content.redfoxlotto.com\/uploads\/sites\/9\/1_results_draw_numbers.jpg"},{"@type":"BreadcrumbList","@id":"https:\/\/redfoxlotto.com\/et\/tulemused\/el-gordo-primitiva\/#breadcrumb","itemListElement":[{"@type":"ListItem","position":1,"name":"Home","item":"https:\/\/redfoxlotto.com\/et\/"},{"@type":"ListItem","position":2,"name":"Loterii Tulemused Internetis","item":"https:\/\/redfoxlotto.com\/et\/tulemused\/"},{"@type":"ListItem","position":3,"name":"El Gordo tulemused"}]},{"@type":"WebSite","@id":"https:\/\/redfoxlotto.com\/et\/#website","url":"https:\/\/redfoxlotto.com\/et\/","name":"Get Tickets for the World\u2019s largest jackpots","description":"Participate in worldwide lottery jackpots from any country","publisher":{"@id":"https:\/\/redfoxlotto.com\/et\/#organization"},"potentialAction":[{"@type":"SearchAction","target":{"@type":"EntryPoint","urlTemplate":"https:\/\/redfoxlotto.com\/et\/?s={search_term_string}"},"query-input":{"@type":"PropertyValueSpecification","valueRequired":true,"valueName":"search_term_string"}}],"inLanguage":"et"},{"@type":"Organization","@id":"https:\/\/redfoxlotto.com\/et\/#organization","name":"Get Tickets for the World\u2019s largest jackpots","url":"https:\/\/redfoxlotto.com\/et\/","logo":{"@type":"ImageObject","inLanguage":"et","@id":"https:\/\/redfoxlotto.com\/et\/#\/schema\/logo\/image\/","url":"https:\/\/redfoxlotto.com\/wp-content\/uploads\/2023\/04\/logo.png","contentUrl":"https:\/\/redfoxlotto.com\/wp-content\/uploads\/2023\/04\/logo.png","width":269,"height":53,"caption":"Get Tickets for the World\u2019s largest jackpots"},"image":{"@id":"https:\/\/redfoxlotto.com\/et\/#\/schema\/logo\/image\/"}}]}},"_links":{"self":[{"href":"https:\/\/redfoxlotto.com\/et\/wp-json\/wp\/v2\/pages\/18214","targetHints":{"allow":["GET"]}}],"collection":[{"href":"https:\/\/redfoxlotto.com\/et\/wp-json\/wp\/v2\/pages"}],"about":[{"href":"https:\/\/redfoxlotto.com\/et\/wp-json\/wp\/v2\/types\/page"}],"author":[{"embeddable":true,"href":"https:\/\/redfoxlotto.com\/et\/wp-json\/wp\/v2\/users\/1"}],"replies":[{"embeddable":true,"href":"https:\/\/redfoxlotto.com\/et\/wp-json\/wp\/v2\/comments?post=18214"}],"version-history":[{"count":0,"href":"https:\/\/redfoxlotto.com\/et\/wp-json\/wp\/v2\/pages\/18214\/revisions"}],"up":[{"embeddable":true,"href":"https:\/\/redfoxlotto.com\/et\/wp-json\/wp\/v2\/pages\/16817"}],"wp:attachment":[{"href":"https:\/\/redfoxlotto.com\/et\/wp-json\/wp\/v2\/media?parent=18214"}],"curies":[{"name":"wp","href":"https:\/\/api.w.org\/{rel}","templated":true}]}}