{"id":18011,"date":"2020-08-18T09:14:14","date_gmt":"2020-08-18T09:14:14","guid":{"rendered":"https:\/\/redfoxlotto.com\/?page_id=18011"},"modified":"2023-05-20T08:15:32","modified_gmt":"2023-05-20T08:15:32","slug":"lotto-at","status":"publish","type":"page","link":"https:\/\/redfoxlotto.com\/et\/tulemused\/lotto-at\/","title":{"rendered":"Lotto Austria tulemused"},"content":{"rendered":"<h2 class=\"wp-block-heading\">Austria Loto V\u00f5idunumbrid<\/h2><p>Kust on Sul v\u00f5imalik leida Autria Loto v\u00f5idunumbreid p\u00e4rast seda kui loosimine on l\u00e4bi? Sul on ainult vaja siseneda meie veebisaidile, kust oled oma piletid ostnud ja numbrid on seal Sinu jaoks k\u00f5ik olemas.<\/p><p>RedFoxLotto.com saidiga saad Sa leida k\u00f5ige hiljutisemad tulemused k\u00f5ikidele oma lemmikm\u00e4ngudele otse meie saidilt. Sul pole vaja millegi \u00fcle muretseda, sest siin on k\u00f5ik Sinu jaoks olemas.<\/p><h2 class=\"wp-block-heading\">Austrian Lotto Tulemuste Arhiiv<\/h2><p>Siis kui tead praeguseid Austrian Lotto v\u00f5idunumbreid, siis v\u00f5id tahta teada ka vanu numbreid. Sul on ainult vaja kontrollida tulemuste arhiivi ja Sa saad n\u00e4ha millised numbrid on v\u00f5itnud minevikus ja millised kipuvad k\u00f5ige sagedamalt v\u00f5itma.<\/p>","protected":false},"excerpt":{"rendered":"<p>Austria Loto V\u00f5idunumbrid Kust on Sul v\u00f5imalik leida Autria Loto v\u00f5idunumbreid p\u00e4rast seda kui loosimine on l\u00e4bi? Sul on ainult vaja siseneda meie veebisaidile, kust oled oma piletid ostnud ja numbrid on seal Sinu jaoks k\u00f5ik olemas. RedFoxLotto.com saidiga saad Sa leida k\u00f5ige hiljutisemad tulemused k\u00f5ikidele oma lemmikm\u00e4ngudele otse meie saidilt. Sul pole vaja millegi [&hellip;]<\/p>\n","protected":false},"author":1,"featured_media":0,"parent":16817,"menu_order":16,"comment_status":"closed","ping_status":"closed","template":"","meta":{"_et_pb_use_builder":"","_et_pb_old_content":"","_et_gb_content_width":"","exclude_from_search":false,"footnotes":""},"class_list":["post-18011","page","type-page","status-publish","hentry"],"yoast_head":"<!-- This site is optimized with the Yoast SEO plugin v23.8 - https:\/\/yoast.com\/wordpress\/plugins\/seo\/ -->\n<title>Austria loterii v\u00f5idunumbrid ja tulemused<\/title>\n<meta name=\"description\" content=\"N\u00e4dalased uued ja m\u00f6\u00f6dunud loosimiste tulemused Austria loterii jaoks\" \/>\n<meta name=\"robots\" content=\"index, follow, max-snippet:-1, max-image-preview:large, max-video-preview:-1\" \/>\n<link rel=\"canonical\" href=\"https:\/\/redfoxlotto.com\/et\/tulemused\/lotto-at\/\" \/>\n<meta property=\"og:locale\" content=\"et_EE\" \/>\n<meta property=\"og:type\" content=\"article\" \/>\n<meta property=\"og:title\" content=\"Austria loterii v\u00f5idunumbrid ja tulemused\" \/>\n<meta property=\"og:description\" content=\"N\u00e4dalased uued ja m\u00f6\u00f6dunud loosimiste tulemused Austria loterii jaoks\" \/>\n<meta property=\"og:url\" content=\"https:\/\/redfoxlotto.com\/et\/tulemused\/lotto-at\/\" \/>\n<meta property=\"og:site_name\" content=\"Get Tickets for the World\u2019s largest jackpots\" \/>\n<meta property=\"article:modified_time\" content=\"2023-05-20T08:15:32+00:00\" \/>\n<meta name=\"twitter:card\" content=\"summary_large_image\" \/>\n<meta name=\"twitter:label1\" content=\"Est. reading time\" \/>\n\t<meta name=\"twitter:data1\" content=\"1 minut\" \/>\n<script type=\"application\/ld+json\" class=\"yoast-schema-graph\">{\"@context\":\"https:\/\/schema.org\",\"@graph\":[{\"@type\":\"WebPage\",\"@id\":\"https:\/\/redfoxlotto.com\/et\/tulemused\/lotto-at\/\",\"url\":\"https:\/\/redfoxlotto.com\/et\/tulemused\/lotto-at\/\",\"name\":\"Austria loterii v\u00f5idunumbrid ja tulemused\",\"isPartOf\":{\"@id\":\"https:\/\/redfoxlotto.com\/et\/#website\"},\"datePublished\":\"2020-08-18T09:14:14+00:00\",\"dateModified\":\"2023-05-20T08:15:32+00:00\",\"description\":\"N\u00e4dalased uued ja m\u00f6\u00f6dunud loosimiste tulemused Austria loterii jaoks\",\"breadcrumb\":{\"@id\":\"https:\/\/redfoxlotto.com\/et\/tulemused\/lotto-at\/#breadcrumb\"},\"inLanguage\":\"et\",\"potentialAction\":[{\"@type\":\"ReadAction\",\"target\":[\"https:\/\/redfoxlotto.com\/et\/tulemused\/lotto-at\/\"]}]},{\"@type\":\"BreadcrumbList\",\"@id\":\"https:\/\/redfoxlotto.com\/et\/tulemused\/lotto-at\/#breadcrumb\",\"itemListElement\":[{\"@type\":\"ListItem\",\"position\":1,\"name\":\"Home\",\"item\":\"https:\/\/redfoxlotto.com\/et\/\"},{\"@type\":\"ListItem\",\"position\":2,\"name\":\"Loterii Tulemused Internetis\",\"item\":\"https:\/\/redfoxlotto.com\/et\/tulemused\/\"},{\"@type\":\"ListItem\",\"position\":3,\"name\":\"Lotto Austria tulemused\"}]},{\"@type\":\"WebSite\",\"@id\":\"https:\/\/redfoxlotto.com\/et\/#website\",\"url\":\"https:\/\/redfoxlotto.com\/et\/\",\"name\":\"Get Tickets for the World\u2019s largest jackpots\",\"description\":\"Participate in worldwide lottery jackpots from any country\",\"publisher\":{\"@id\":\"https:\/\/redfoxlotto.com\/et\/#organization\"},\"potentialAction\":[{\"@type\":\"SearchAction\",\"target\":{\"@type\":\"EntryPoint\",\"urlTemplate\":\"https:\/\/redfoxlotto.com\/et\/?s={search_term_string}\"},\"query-input\":{\"@type\":\"PropertyValueSpecification\",\"valueRequired\":true,\"valueName\":\"search_term_string\"}}],\"inLanguage\":\"et\"},{\"@type\":\"Organization\",\"@id\":\"https:\/\/redfoxlotto.com\/et\/#organization\",\"name\":\"Get Tickets for the World\u2019s largest jackpots\",\"url\":\"https:\/\/redfoxlotto.com\/et\/\",\"logo\":{\"@type\":\"ImageObject\",\"inLanguage\":\"et\",\"@id\":\"https:\/\/redfoxlotto.com\/et\/#\/schema\/logo\/image\/\",\"url\":\"https:\/\/redfoxlotto.com\/wp-content\/uploads\/2023\/04\/logo.png\",\"contentUrl\":\"https:\/\/redfoxlotto.com\/wp-content\/uploads\/2023\/04\/logo.png\",\"width\":269,\"height\":53,\"caption\":\"Get Tickets for the World\u2019s largest jackpots\"},\"image\":{\"@id\":\"https:\/\/redfoxlotto.com\/et\/#\/schema\/logo\/image\/\"}}]}<\/script>\n<!-- \/ Yoast SEO plugin. -->","yoast_head_json":{"title":"Austria loterii v\u00f5idunumbrid ja tulemused","description":"N\u00e4dalased uued ja m\u00f6\u00f6dunud loosimiste tulemused Austria loterii jaoks","robots":{"index":"index","follow":"follow","max-snippet":"max-snippet:-1","max-image-preview":"max-image-preview:large","max-video-preview":"max-video-preview:-1"},"canonical":"https:\/\/redfoxlotto.com\/et\/tulemused\/lotto-at\/","og_locale":"et_EE","og_type":"article","og_title":"Austria loterii v\u00f5idunumbrid ja tulemused","og_description":"N\u00e4dalased uued ja m\u00f6\u00f6dunud loosimiste tulemused Austria loterii jaoks","og_url":"https:\/\/redfoxlotto.com\/et\/tulemused\/lotto-at\/","og_site_name":"Get Tickets for the World\u2019s largest jackpots","article_modified_time":"2023-05-20T08:15:32+00:00","twitter_card":"summary_large_image","twitter_misc":{"Est. reading time":"1 minut"},"schema":{"@context":"https:\/\/schema.org","@graph":[{"@type":"WebPage","@id":"https:\/\/redfoxlotto.com\/et\/tulemused\/lotto-at\/","url":"https:\/\/redfoxlotto.com\/et\/tulemused\/lotto-at\/","name":"Austria loterii v\u00f5idunumbrid ja tulemused","isPartOf":{"@id":"https:\/\/redfoxlotto.com\/et\/#website"},"datePublished":"2020-08-18T09:14:14+00:00","dateModified":"2023-05-20T08:15:32+00:00","description":"N\u00e4dalased uued ja m\u00f6\u00f6dunud loosimiste tulemused Austria loterii jaoks","breadcrumb":{"@id":"https:\/\/redfoxlotto.com\/et\/tulemused\/lotto-at\/#breadcrumb"},"inLanguage":"et","potentialAction":[{"@type":"ReadAction","target":["https:\/\/redfoxlotto.com\/et\/tulemused\/lotto-at\/"]}]},{"@type":"BreadcrumbList","@id":"https:\/\/redfoxlotto.com\/et\/tulemused\/lotto-at\/#breadcrumb","itemListElement":[{"@type":"ListItem","position":1,"name":"Home","item":"https:\/\/redfoxlotto.com\/et\/"},{"@type":"ListItem","position":2,"name":"Loterii Tulemused Internetis","item":"https:\/\/redfoxlotto.com\/et\/tulemused\/"},{"@type":"ListItem","position":3,"name":"Lotto Austria tulemused"}]},{"@type":"WebSite","@id":"https:\/\/redfoxlotto.com\/et\/#website","url":"https:\/\/redfoxlotto.com\/et\/","name":"Get Tickets for the World\u2019s largest jackpots","description":"Participate in worldwide lottery jackpots from any country","publisher":{"@id":"https:\/\/redfoxlotto.com\/et\/#organization"},"potentialAction":[{"@type":"SearchAction","target":{"@type":"EntryPoint","urlTemplate":"https:\/\/redfoxlotto.com\/et\/?s={search_term_string}"},"query-input":{"@type":"PropertyValueSpecification","valueRequired":true,"valueName":"search_term_string"}}],"inLanguage":"et"},{"@type":"Organization","@id":"https:\/\/redfoxlotto.com\/et\/#organization","name":"Get Tickets for the World\u2019s largest jackpots","url":"https:\/\/redfoxlotto.com\/et\/","logo":{"@type":"ImageObject","inLanguage":"et","@id":"https:\/\/redfoxlotto.com\/et\/#\/schema\/logo\/image\/","url":"https:\/\/redfoxlotto.com\/wp-content\/uploads\/2023\/04\/logo.png","contentUrl":"https:\/\/redfoxlotto.com\/wp-content\/uploads\/2023\/04\/logo.png","width":269,"height":53,"caption":"Get Tickets for the World\u2019s largest jackpots"},"image":{"@id":"https:\/\/redfoxlotto.com\/et\/#\/schema\/logo\/image\/"}}]}},"_links":{"self":[{"href":"https:\/\/redfoxlotto.com\/et\/wp-json\/wp\/v2\/pages\/18011","targetHints":{"allow":["GET"]}}],"collection":[{"href":"https:\/\/redfoxlotto.com\/et\/wp-json\/wp\/v2\/pages"}],"about":[{"href":"https:\/\/redfoxlotto.com\/et\/wp-json\/wp\/v2\/types\/page"}],"author":[{"embeddable":true,"href":"https:\/\/redfoxlotto.com\/et\/wp-json\/wp\/v2\/users\/1"}],"replies":[{"embeddable":true,"href":"https:\/\/redfoxlotto.com\/et\/wp-json\/wp\/v2\/comments?post=18011"}],"version-history":[{"count":0,"href":"https:\/\/redfoxlotto.com\/et\/wp-json\/wp\/v2\/pages\/18011\/revisions"}],"up":[{"embeddable":true,"href":"https:\/\/redfoxlotto.com\/et\/wp-json\/wp\/v2\/pages\/16817"}],"wp:attachment":[{"href":"https:\/\/redfoxlotto.com\/et\/wp-json\/wp\/v2\/media?parent=18011"}],"curies":[{"name":"wp","href":"https:\/\/api.w.org\/{rel}","templated":true}]}}