{"id":18004,"date":"2020-08-18T09:13:31","date_gmt":"2020-08-18T09:13:31","guid":{"rendered":"https:\/\/redfoxlotto.com\/?page_id=18004"},"modified":"2023-05-20T08:14:51","modified_gmt":"2023-05-20T08:14:51","slug":"lotto-at","status":"publish","type":"page","link":"https:\/\/redfoxlotto.com\/et\/informatsioon\/lotto-at\/","title":{"rendered":"Austria Lotto kohta"},"content":{"rendered":"<h2 class=\"wp-block-heading\">Osta Piletid Austria Loto jaoks Internetist<\/h2><p><img decoding=\"async\" class=\"size-full wp-image alignright\" src=\"https:\/\/content.redfoxlotto.com\/uploads\/sites\/9\/1_buy_lotto_to_win.jpg\" alt=\"Austraalia piletid v\u00f5rgus\" \/><\/p><p>Kui Sa ostad pileteid Lotto Austria jaoks, siis saad valida 6 numbrit, mis peavad olema loosinumbrite seas, et v\u00f5ita jackpot. Samuti v\u00f5id valida kiirvaliku pileti, kus numbrid on Sinu jaoks v\u00e4lja valitud. Seej\u00e4rel tasud oma lemmik maksemeetodiga. V\u00f5tab ainult hetke, et teha makse ja kinnitada oma tellimus.<\/p><p>Siis kui ostad pileteid Austria Loto jaoks internetis ja loosimine on toimunud, v\u00f5id kontrollida oma piletite sektsiooni, kus n\u00e4ed k\u00f5iki numbreid, mis on loosimisel v\u00f5itnud.<\/p>","protected":false},"excerpt":{"rendered":"<p>Osta Piletid Austria Loto jaoks Internetist Kui Sa ostad pileteid Lotto Austria jaoks, siis saad valida 6 numbrit, mis peavad olema loosinumbrite seas, et v\u00f5ita jackpot. Samuti v\u00f5id valida kiirvaliku pileti, kus numbrid on Sinu jaoks v\u00e4lja valitud. Seej\u00e4rel tasud oma lemmik maksemeetodiga. V\u00f5tab ainult hetke, et teha makse ja kinnitada oma tellimus. Siis kui [&hellip;]<\/p>\n","protected":false},"author":1,"featured_media":0,"parent":16809,"menu_order":16,"comment_status":"closed","ping_status":"closed","template":"","meta":{"_et_pb_use_builder":"","_et_pb_old_content":"","_et_gb_content_width":"","exclude_from_search":false,"footnotes":""},"class_list":["post-18004","page","type-page","status-publish","hentry"],"yoast_head":"<!-- This site is optimized with the Yoast SEO plugin v27.4 - https:\/\/yoast.com\/product\/yoast-seo-wordpress\/ -->\n<title>Osta oma pilet Austria Loto jaoks internetist<\/title>\n<meta name=\"description\" content=\"Kas oled kunagi kuulnud Lotto Austriast? Siit saad n\u00fc\u00fcd internetist pileteid osta!\" \/>\n<meta name=\"robots\" content=\"index, follow, max-snippet:-1, max-image-preview:large, max-video-preview:-1\" \/>\n<link rel=\"canonical\" href=\"https:\/\/redfoxlotto.com\/et\/informatsioon\/lotto-at\/\" \/>\n<meta property=\"og:locale\" content=\"et_EE\" \/>\n<meta property=\"og:type\" content=\"article\" \/>\n<meta property=\"og:title\" content=\"Osta oma pilet Austria Loto jaoks internetist\" \/>\n<meta property=\"og:description\" content=\"Kas oled kunagi kuulnud Lotto Austriast? Siit saad n\u00fc\u00fcd internetist pileteid osta!\" \/>\n<meta property=\"og:url\" content=\"https:\/\/redfoxlotto.com\/et\/informatsioon\/lotto-at\/\" \/>\n<meta property=\"og:site_name\" content=\"Get Tickets for the World\u2019s largest jackpots\" \/>\n<meta property=\"article:modified_time\" content=\"2023-05-20T08:14:51+00:00\" \/>\n<meta property=\"og:image\" content=\"https:\/\/content.redfoxlotto.com\/uploads\/sites\/9\/1_buy_lotto_to_win.jpg\" \/>\n<meta name=\"twitter:card\" content=\"summary_large_image\" \/>\n<meta name=\"twitter:label1\" content=\"Est. reading time\" \/>\n\t<meta name=\"twitter:data1\" content=\"1 minut\" \/>\n<script type=\"application\/ld+json\" class=\"yoast-schema-graph\">{\"@context\":\"https:\\\/\\\/schema.org\",\"@graph\":[{\"@type\":\"WebPage\",\"@id\":\"https:\\\/\\\/redfoxlotto.com\\\/et\\\/informatsioon\\\/lotto-at\\\/\",\"url\":\"https:\\\/\\\/redfoxlotto.com\\\/et\\\/informatsioon\\\/lotto-at\\\/\",\"name\":\"Osta oma pilet Austria Loto jaoks internetist\",\"isPartOf\":{\"@id\":\"https:\\\/\\\/redfoxlotto.com\\\/et\\\/#website\"},\"primaryImageOfPage\":{\"@id\":\"https:\\\/\\\/redfoxlotto.com\\\/et\\\/informatsioon\\\/lotto-at\\\/#primaryimage\"},\"image\":{\"@id\":\"https:\\\/\\\/redfoxlotto.com\\\/et\\\/informatsioon\\\/lotto-at\\\/#primaryimage\"},\"thumbnailUrl\":\"https:\\\/\\\/content.redfoxlotto.com\\\/uploads\\\/sites\\\/9\\\/1_buy_lotto_to_win.jpg\",\"datePublished\":\"2020-08-18T09:13:31+00:00\",\"dateModified\":\"2023-05-20T08:14:51+00:00\",\"description\":\"Kas oled kunagi kuulnud Lotto Austriast? Siit saad n\u00fc\u00fcd internetist pileteid osta!\",\"breadcrumb\":{\"@id\":\"https:\\\/\\\/redfoxlotto.com\\\/et\\\/informatsioon\\\/lotto-at\\\/#breadcrumb\"},\"inLanguage\":\"et\",\"potentialAction\":[{\"@type\":\"ReadAction\",\"target\":[\"https:\\\/\\\/redfoxlotto.com\\\/et\\\/informatsioon\\\/lotto-at\\\/\"]}]},{\"@type\":\"ImageObject\",\"inLanguage\":\"et\",\"@id\":\"https:\\\/\\\/redfoxlotto.com\\\/et\\\/informatsioon\\\/lotto-at\\\/#primaryimage\",\"url\":\"https:\\\/\\\/content.redfoxlotto.com\\\/uploads\\\/sites\\\/9\\\/1_buy_lotto_to_win.jpg\",\"contentUrl\":\"https:\\\/\\\/content.redfoxlotto.com\\\/uploads\\\/sites\\\/9\\\/1_buy_lotto_to_win.jpg\"},{\"@type\":\"BreadcrumbList\",\"@id\":\"https:\\\/\\\/redfoxlotto.com\\\/et\\\/informatsioon\\\/lotto-at\\\/#breadcrumb\",\"itemListElement\":[{\"@type\":\"ListItem\",\"position\":1,\"name\":\"Home\",\"item\":\"https:\\\/\\\/redfoxlotto.com\\\/et\\\/\"},{\"@type\":\"ListItem\",\"position\":2,\"name\":\"Osta loteriipileteid internetis\",\"item\":\"https:\\\/\\\/redfoxlotto.com\\\/et\\\/informatsioon\\\/\"},{\"@type\":\"ListItem\",\"position\":3,\"name\":\"Austria Lotto kohta\"}]},{\"@type\":\"WebSite\",\"@id\":\"https:\\\/\\\/redfoxlotto.com\\\/et\\\/#website\",\"url\":\"https:\\\/\\\/redfoxlotto.com\\\/et\\\/\",\"name\":\"Get Tickets for the World\u2019s largest jackpots\",\"description\":\"Participate in worldwide lottery jackpots from any country\",\"publisher\":{\"@id\":\"https:\\\/\\\/redfoxlotto.com\\\/et\\\/#organization\"},\"potentialAction\":[{\"@type\":\"SearchAction\",\"target\":{\"@type\":\"EntryPoint\",\"urlTemplate\":\"https:\\\/\\\/redfoxlotto.com\\\/et\\\/?s={search_term_string}\"},\"query-input\":{\"@type\":\"PropertyValueSpecification\",\"valueRequired\":true,\"valueName\":\"search_term_string\"}}],\"inLanguage\":\"et\"},{\"@type\":\"Organization\",\"@id\":\"https:\\\/\\\/redfoxlotto.com\\\/et\\\/#organization\",\"name\":\"Get Tickets for the World\u2019s largest jackpots\",\"url\":\"https:\\\/\\\/redfoxlotto.com\\\/et\\\/\",\"logo\":{\"@type\":\"ImageObject\",\"inLanguage\":\"et\",\"@id\":\"https:\\\/\\\/redfoxlotto.com\\\/et\\\/#\\\/schema\\\/logo\\\/image\\\/\",\"url\":\"https:\\\/\\\/redfoxlotto.com\\\/wp-content\\\/uploads\\\/2023\\\/04\\\/logo.png\",\"contentUrl\":\"https:\\\/\\\/redfoxlotto.com\\\/wp-content\\\/uploads\\\/2023\\\/04\\\/logo.png\",\"width\":269,\"height\":53,\"caption\":\"Get Tickets for the World\u2019s largest jackpots\"},\"image\":{\"@id\":\"https:\\\/\\\/redfoxlotto.com\\\/et\\\/#\\\/schema\\\/logo\\\/image\\\/\"}}]}<\/script>\n<!-- \/ Yoast SEO plugin. -->","yoast_head_json":{"title":"Osta oma pilet Austria Loto jaoks internetist","description":"Kas oled kunagi kuulnud Lotto Austriast? Siit saad n\u00fc\u00fcd internetist pileteid osta!","robots":{"index":"index","follow":"follow","max-snippet":"max-snippet:-1","max-image-preview":"max-image-preview:large","max-video-preview":"max-video-preview:-1"},"canonical":"https:\/\/redfoxlotto.com\/et\/informatsioon\/lotto-at\/","og_locale":"et_EE","og_type":"article","og_title":"Osta oma pilet Austria Loto jaoks internetist","og_description":"Kas oled kunagi kuulnud Lotto Austriast? Siit saad n\u00fc\u00fcd internetist pileteid osta!","og_url":"https:\/\/redfoxlotto.com\/et\/informatsioon\/lotto-at\/","og_site_name":"Get Tickets for the World\u2019s largest jackpots","article_modified_time":"2023-05-20T08:14:51+00:00","og_image":[{"url":"https:\/\/content.redfoxlotto.com\/uploads\/sites\/9\/1_buy_lotto_to_win.jpg","type":"","width":"","height":""}],"twitter_card":"summary_large_image","twitter_misc":{"Est. reading time":"1 minut"},"schema":{"@context":"https:\/\/schema.org","@graph":[{"@type":"WebPage","@id":"https:\/\/redfoxlotto.com\/et\/informatsioon\/lotto-at\/","url":"https:\/\/redfoxlotto.com\/et\/informatsioon\/lotto-at\/","name":"Osta oma pilet Austria Loto jaoks internetist","isPartOf":{"@id":"https:\/\/redfoxlotto.com\/et\/#website"},"primaryImageOfPage":{"@id":"https:\/\/redfoxlotto.com\/et\/informatsioon\/lotto-at\/#primaryimage"},"image":{"@id":"https:\/\/redfoxlotto.com\/et\/informatsioon\/lotto-at\/#primaryimage"},"thumbnailUrl":"https:\/\/content.redfoxlotto.com\/uploads\/sites\/9\/1_buy_lotto_to_win.jpg","datePublished":"2020-08-18T09:13:31+00:00","dateModified":"2023-05-20T08:14:51+00:00","description":"Kas oled kunagi kuulnud Lotto Austriast? Siit saad n\u00fc\u00fcd internetist pileteid osta!","breadcrumb":{"@id":"https:\/\/redfoxlotto.com\/et\/informatsioon\/lotto-at\/#breadcrumb"},"inLanguage":"et","potentialAction":[{"@type":"ReadAction","target":["https:\/\/redfoxlotto.com\/et\/informatsioon\/lotto-at\/"]}]},{"@type":"ImageObject","inLanguage":"et","@id":"https:\/\/redfoxlotto.com\/et\/informatsioon\/lotto-at\/#primaryimage","url":"https:\/\/content.redfoxlotto.com\/uploads\/sites\/9\/1_buy_lotto_to_win.jpg","contentUrl":"https:\/\/content.redfoxlotto.com\/uploads\/sites\/9\/1_buy_lotto_to_win.jpg"},{"@type":"BreadcrumbList","@id":"https:\/\/redfoxlotto.com\/et\/informatsioon\/lotto-at\/#breadcrumb","itemListElement":[{"@type":"ListItem","position":1,"name":"Home","item":"https:\/\/redfoxlotto.com\/et\/"},{"@type":"ListItem","position":2,"name":"Osta loteriipileteid internetis","item":"https:\/\/redfoxlotto.com\/et\/informatsioon\/"},{"@type":"ListItem","position":3,"name":"Austria Lotto kohta"}]},{"@type":"WebSite","@id":"https:\/\/redfoxlotto.com\/et\/#website","url":"https:\/\/redfoxlotto.com\/et\/","name":"Get Tickets for the World\u2019s largest jackpots","description":"Participate in worldwide lottery jackpots from any country","publisher":{"@id":"https:\/\/redfoxlotto.com\/et\/#organization"},"potentialAction":[{"@type":"SearchAction","target":{"@type":"EntryPoint","urlTemplate":"https:\/\/redfoxlotto.com\/et\/?s={search_term_string}"},"query-input":{"@type":"PropertyValueSpecification","valueRequired":true,"valueName":"search_term_string"}}],"inLanguage":"et"},{"@type":"Organization","@id":"https:\/\/redfoxlotto.com\/et\/#organization","name":"Get Tickets for the World\u2019s largest jackpots","url":"https:\/\/redfoxlotto.com\/et\/","logo":{"@type":"ImageObject","inLanguage":"et","@id":"https:\/\/redfoxlotto.com\/et\/#\/schema\/logo\/image\/","url":"https:\/\/redfoxlotto.com\/wp-content\/uploads\/2023\/04\/logo.png","contentUrl":"https:\/\/redfoxlotto.com\/wp-content\/uploads\/2023\/04\/logo.png","width":269,"height":53,"caption":"Get Tickets for the World\u2019s largest jackpots"},"image":{"@id":"https:\/\/redfoxlotto.com\/et\/#\/schema\/logo\/image\/"}}]}},"_links":{"self":[{"href":"https:\/\/redfoxlotto.com\/et\/wp-json\/wp\/v2\/pages\/18004","targetHints":{"allow":["GET"]}}],"collection":[{"href":"https:\/\/redfoxlotto.com\/et\/wp-json\/wp\/v2\/pages"}],"about":[{"href":"https:\/\/redfoxlotto.com\/et\/wp-json\/wp\/v2\/types\/page"}],"author":[{"embeddable":true,"href":"https:\/\/redfoxlotto.com\/et\/wp-json\/wp\/v2\/users\/1"}],"replies":[{"embeddable":true,"href":"https:\/\/redfoxlotto.com\/et\/wp-json\/wp\/v2\/comments?post=18004"}],"version-history":[{"count":0,"href":"https:\/\/redfoxlotto.com\/et\/wp-json\/wp\/v2\/pages\/18004\/revisions"}],"up":[{"embeddable":true,"href":"https:\/\/redfoxlotto.com\/et\/wp-json\/wp\/v2\/pages\/16809"}],"wp:attachment":[{"href":"https:\/\/redfoxlotto.com\/et\/wp-json\/wp\/v2\/media?parent=18004"}],"curies":[{"name":"wp","href":"https:\/\/api.w.org\/{rel}","templated":true}]}}