{"id":17854,"date":"2018-11-18T08:54:25","date_gmt":"2018-11-18T08:54:25","guid":{"rendered":"https:\/\/redfoxlotto.com\/?page_id=17854"},"modified":"2023-05-20T08:08:37","modified_gmt":"2023-05-20T08:08:37","slug":"la-primitiva","status":"publish","type":"page","link":"https:\/\/redfoxlotto.com\/et\/informatsioon\/la-primitiva\/","title":{"rendered":"La Primitiva veebis piletite hankimise kohta"},"content":{"rendered":"<p>La Primitiva on igan\u00e4dalane Hispaania loterii. Jackpot on minimaalselt \u20ac5 miljonit. Kuid see jackpot on k\u00fc\u00fcndinud minevikus summadeni, mis on \u20ac100 miljoni kandis. Loosimine v\u00f5tab aset igal p\u00fchap\u00e4eval.<\/p><p><img loading=\"lazy\" decoding=\"async\" class=\" wp-image alignright\" src=\"https:\/\/content.redfoxlotto.com\/uploads\/sites\/9\/2_ticket_la_primitiva2.jpg\" alt=\"La Primitiva veebipilet\" width=\"144\" height=\"206\" \/><\/p><p>Kuigi see oli m\u00f5eldud olema riiklik loterii, on ka Sinul n\u00fc\u00fcd v\u00f5imalus osta pileteid La Primitiva jaoks internetis. Sa ei pea olema selleks Hispaania resident.<\/p><p>La Primitiva loteriipiletid sisaldavad numbreid vahemikus 0-49. M\u00e4ngijatel lubatakse valida mistahes 6 numbrit ja p\u00e4rast ostu antakse automaatselt antud piletile lisanumber vahemikust 0-9.<\/p>","protected":false},"excerpt":{"rendered":"<p>La Primitiva on igan\u00e4dalane Hispaania loterii. Jackpot on minimaalselt \u20ac5 miljonit. Kuid see jackpot on k\u00fc\u00fcndinud minevikus summadeni, mis on \u20ac100 miljoni kandis. Loosimine v\u00f5tab aset igal p\u00fchap\u00e4eval. Kuigi see oli m\u00f5eldud olema riiklik loterii, on ka Sinul n\u00fc\u00fcd v\u00f5imalus osta pileteid La Primitiva jaoks internetis. Sa ei pea olema selleks Hispaania resident. La Primitiva [&hellip;]<\/p>\n","protected":false},"author":1,"featured_media":0,"parent":16809,"menu_order":7,"comment_status":"closed","ping_status":"closed","template":"la-primitiva-info.php","meta":{"_et_pb_use_builder":"","_et_pb_old_content":"","_et_gb_content_width":"","exclude_from_search":false,"footnotes":""},"class_list":["post-17854","page","type-page","status-publish","hentry"],"yoast_head":"<!-- This site is optimized with the Yoast SEO plugin v23.8 - https:\/\/yoast.com\/wordpress\/plugins\/seo\/ -->\n<title>Osta La Primitiva pileteid igalt poolt<\/title>\n<meta name=\"description\" content=\"Hoolimata sellest, kus elad - Sa saad osta pileteid La Primitiva Lotole\" \/>\n<meta name=\"robots\" content=\"index, follow, max-snippet:-1, max-image-preview:large, max-video-preview:-1\" \/>\n<link rel=\"canonical\" href=\"https:\/\/redfoxlotto.com\/et\/informatsioon\/la-primitiva\/\" \/>\n<meta property=\"og:locale\" content=\"et_EE\" \/>\n<meta property=\"og:type\" content=\"article\" \/>\n<meta property=\"og:title\" content=\"Osta La Primitiva pileteid igalt poolt\" \/>\n<meta property=\"og:description\" content=\"Hoolimata sellest, kus elad - Sa saad osta pileteid La Primitiva Lotole\" \/>\n<meta property=\"og:url\" content=\"https:\/\/redfoxlotto.com\/et\/informatsioon\/la-primitiva\/\" \/>\n<meta property=\"og:site_name\" content=\"Get Tickets for the World\u2019s largest jackpots\" \/>\n<meta property=\"article:modified_time\" content=\"2023-05-20T08:08:37+00:00\" \/>\n<meta property=\"og:image\" content=\"https:\/\/content.redfoxlotto.com\/uploads\/sites\/9\/2_ticket_la_primitiva2.jpg\" \/>\n<meta name=\"twitter:card\" content=\"summary_large_image\" \/>\n<meta name=\"twitter:label1\" content=\"Est. reading time\" \/>\n\t<meta name=\"twitter:data1\" content=\"1 minut\" \/>\n<script type=\"application\/ld+json\" class=\"yoast-schema-graph\">{\"@context\":\"https:\/\/schema.org\",\"@graph\":[{\"@type\":\"WebPage\",\"@id\":\"https:\/\/redfoxlotto.com\/et\/informatsioon\/la-primitiva\/\",\"url\":\"https:\/\/redfoxlotto.com\/et\/informatsioon\/la-primitiva\/\",\"name\":\"Osta La Primitiva pileteid igalt poolt\",\"isPartOf\":{\"@id\":\"https:\/\/redfoxlotto.com\/et\/#website\"},\"primaryImageOfPage\":{\"@id\":\"https:\/\/redfoxlotto.com\/et\/informatsioon\/la-primitiva\/#primaryimage\"},\"image\":{\"@id\":\"https:\/\/redfoxlotto.com\/et\/informatsioon\/la-primitiva\/#primaryimage\"},\"thumbnailUrl\":\"https:\/\/content.redfoxlotto.com\/uploads\/sites\/9\/2_ticket_la_primitiva2.jpg\",\"datePublished\":\"2018-11-18T08:54:25+00:00\",\"dateModified\":\"2023-05-20T08:08:37+00:00\",\"description\":\"Hoolimata sellest, kus elad - Sa saad osta pileteid La Primitiva Lotole\",\"breadcrumb\":{\"@id\":\"https:\/\/redfoxlotto.com\/et\/informatsioon\/la-primitiva\/#breadcrumb\"},\"inLanguage\":\"et\",\"potentialAction\":[{\"@type\":\"ReadAction\",\"target\":[\"https:\/\/redfoxlotto.com\/et\/informatsioon\/la-primitiva\/\"]}]},{\"@type\":\"ImageObject\",\"inLanguage\":\"et\",\"@id\":\"https:\/\/redfoxlotto.com\/et\/informatsioon\/la-primitiva\/#primaryimage\",\"url\":\"https:\/\/content.redfoxlotto.com\/uploads\/sites\/9\/2_ticket_la_primitiva2.jpg\",\"contentUrl\":\"https:\/\/content.redfoxlotto.com\/uploads\/sites\/9\/2_ticket_la_primitiva2.jpg\"},{\"@type\":\"BreadcrumbList\",\"@id\":\"https:\/\/redfoxlotto.com\/et\/informatsioon\/la-primitiva\/#breadcrumb\",\"itemListElement\":[{\"@type\":\"ListItem\",\"position\":1,\"name\":\"Home\",\"item\":\"https:\/\/redfoxlotto.com\/et\/\"},{\"@type\":\"ListItem\",\"position\":2,\"name\":\"Osta loteriipileteid internetis\",\"item\":\"https:\/\/redfoxlotto.com\/et\/informatsioon\/\"},{\"@type\":\"ListItem\",\"position\":3,\"name\":\"La Primitiva veebis piletite hankimise kohta\"}]},{\"@type\":\"WebSite\",\"@id\":\"https:\/\/redfoxlotto.com\/et\/#website\",\"url\":\"https:\/\/redfoxlotto.com\/et\/\",\"name\":\"Get Tickets for the World\u2019s largest jackpots\",\"description\":\"Participate in worldwide lottery jackpots from any country\",\"publisher\":{\"@id\":\"https:\/\/redfoxlotto.com\/et\/#organization\"},\"potentialAction\":[{\"@type\":\"SearchAction\",\"target\":{\"@type\":\"EntryPoint\",\"urlTemplate\":\"https:\/\/redfoxlotto.com\/et\/?s={search_term_string}\"},\"query-input\":{\"@type\":\"PropertyValueSpecification\",\"valueRequired\":true,\"valueName\":\"search_term_string\"}}],\"inLanguage\":\"et\"},{\"@type\":\"Organization\",\"@id\":\"https:\/\/redfoxlotto.com\/et\/#organization\",\"name\":\"Get Tickets for the World\u2019s largest jackpots\",\"url\":\"https:\/\/redfoxlotto.com\/et\/\",\"logo\":{\"@type\":\"ImageObject\",\"inLanguage\":\"et\",\"@id\":\"https:\/\/redfoxlotto.com\/et\/#\/schema\/logo\/image\/\",\"url\":\"https:\/\/redfoxlotto.com\/wp-content\/uploads\/2023\/04\/logo.png\",\"contentUrl\":\"https:\/\/redfoxlotto.com\/wp-content\/uploads\/2023\/04\/logo.png\",\"width\":269,\"height\":53,\"caption\":\"Get Tickets for the World\u2019s largest jackpots\"},\"image\":{\"@id\":\"https:\/\/redfoxlotto.com\/et\/#\/schema\/logo\/image\/\"}}]}<\/script>\n<!-- \/ Yoast SEO plugin. -->","yoast_head_json":{"title":"Osta La Primitiva pileteid igalt poolt","description":"Hoolimata sellest, kus elad - Sa saad osta pileteid La Primitiva Lotole","robots":{"index":"index","follow":"follow","max-snippet":"max-snippet:-1","max-image-preview":"max-image-preview:large","max-video-preview":"max-video-preview:-1"},"canonical":"https:\/\/redfoxlotto.com\/et\/informatsioon\/la-primitiva\/","og_locale":"et_EE","og_type":"article","og_title":"Osta La Primitiva pileteid igalt poolt","og_description":"Hoolimata sellest, kus elad - Sa saad osta pileteid La Primitiva Lotole","og_url":"https:\/\/redfoxlotto.com\/et\/informatsioon\/la-primitiva\/","og_site_name":"Get Tickets for the World\u2019s largest jackpots","article_modified_time":"2023-05-20T08:08:37+00:00","og_image":[{"url":"https:\/\/content.redfoxlotto.com\/uploads\/sites\/9\/2_ticket_la_primitiva2.jpg"}],"twitter_card":"summary_large_image","twitter_misc":{"Est. reading time":"1 minut"},"schema":{"@context":"https:\/\/schema.org","@graph":[{"@type":"WebPage","@id":"https:\/\/redfoxlotto.com\/et\/informatsioon\/la-primitiva\/","url":"https:\/\/redfoxlotto.com\/et\/informatsioon\/la-primitiva\/","name":"Osta La Primitiva pileteid igalt poolt","isPartOf":{"@id":"https:\/\/redfoxlotto.com\/et\/#website"},"primaryImageOfPage":{"@id":"https:\/\/redfoxlotto.com\/et\/informatsioon\/la-primitiva\/#primaryimage"},"image":{"@id":"https:\/\/redfoxlotto.com\/et\/informatsioon\/la-primitiva\/#primaryimage"},"thumbnailUrl":"https:\/\/content.redfoxlotto.com\/uploads\/sites\/9\/2_ticket_la_primitiva2.jpg","datePublished":"2018-11-18T08:54:25+00:00","dateModified":"2023-05-20T08:08:37+00:00","description":"Hoolimata sellest, kus elad - Sa saad osta pileteid La Primitiva Lotole","breadcrumb":{"@id":"https:\/\/redfoxlotto.com\/et\/informatsioon\/la-primitiva\/#breadcrumb"},"inLanguage":"et","potentialAction":[{"@type":"ReadAction","target":["https:\/\/redfoxlotto.com\/et\/informatsioon\/la-primitiva\/"]}]},{"@type":"ImageObject","inLanguage":"et","@id":"https:\/\/redfoxlotto.com\/et\/informatsioon\/la-primitiva\/#primaryimage","url":"https:\/\/content.redfoxlotto.com\/uploads\/sites\/9\/2_ticket_la_primitiva2.jpg","contentUrl":"https:\/\/content.redfoxlotto.com\/uploads\/sites\/9\/2_ticket_la_primitiva2.jpg"},{"@type":"BreadcrumbList","@id":"https:\/\/redfoxlotto.com\/et\/informatsioon\/la-primitiva\/#breadcrumb","itemListElement":[{"@type":"ListItem","position":1,"name":"Home","item":"https:\/\/redfoxlotto.com\/et\/"},{"@type":"ListItem","position":2,"name":"Osta loteriipileteid internetis","item":"https:\/\/redfoxlotto.com\/et\/informatsioon\/"},{"@type":"ListItem","position":3,"name":"La Primitiva veebis piletite hankimise kohta"}]},{"@type":"WebSite","@id":"https:\/\/redfoxlotto.com\/et\/#website","url":"https:\/\/redfoxlotto.com\/et\/","name":"Get Tickets for the World\u2019s largest jackpots","description":"Participate in worldwide lottery jackpots from any country","publisher":{"@id":"https:\/\/redfoxlotto.com\/et\/#organization"},"potentialAction":[{"@type":"SearchAction","target":{"@type":"EntryPoint","urlTemplate":"https:\/\/redfoxlotto.com\/et\/?s={search_term_string}"},"query-input":{"@type":"PropertyValueSpecification","valueRequired":true,"valueName":"search_term_string"}}],"inLanguage":"et"},{"@type":"Organization","@id":"https:\/\/redfoxlotto.com\/et\/#organization","name":"Get Tickets for the World\u2019s largest jackpots","url":"https:\/\/redfoxlotto.com\/et\/","logo":{"@type":"ImageObject","inLanguage":"et","@id":"https:\/\/redfoxlotto.com\/et\/#\/schema\/logo\/image\/","url":"https:\/\/redfoxlotto.com\/wp-content\/uploads\/2023\/04\/logo.png","contentUrl":"https:\/\/redfoxlotto.com\/wp-content\/uploads\/2023\/04\/logo.png","width":269,"height":53,"caption":"Get Tickets for the World\u2019s largest jackpots"},"image":{"@id":"https:\/\/redfoxlotto.com\/et\/#\/schema\/logo\/image\/"}}]}},"_links":{"self":[{"href":"https:\/\/redfoxlotto.com\/et\/wp-json\/wp\/v2\/pages\/17854","targetHints":{"allow":["GET"]}}],"collection":[{"href":"https:\/\/redfoxlotto.com\/et\/wp-json\/wp\/v2\/pages"}],"about":[{"href":"https:\/\/redfoxlotto.com\/et\/wp-json\/wp\/v2\/types\/page"}],"author":[{"embeddable":true,"href":"https:\/\/redfoxlotto.com\/et\/wp-json\/wp\/v2\/users\/1"}],"replies":[{"embeddable":true,"href":"https:\/\/redfoxlotto.com\/et\/wp-json\/wp\/v2\/comments?post=17854"}],"version-history":[{"count":0,"href":"https:\/\/redfoxlotto.com\/et\/wp-json\/wp\/v2\/pages\/17854\/revisions"}],"up":[{"embeddable":true,"href":"https:\/\/redfoxlotto.com\/et\/wp-json\/wp\/v2\/pages\/16809"}],"wp:attachment":[{"href":"https:\/\/redfoxlotto.com\/et\/wp-json\/wp\/v2\/media?parent=17854"}],"curies":[{"name":"wp","href":"https:\/\/api.w.org\/{rel}","templated":true}]}}