{"id":17794,"date":"2023-04-24T18:19:55","date_gmt":"2023-04-24T18:19:55","guid":{"rendered":"https:\/\/redfoxlotto.com\/?page_id=17794"},"modified":"2021-01-07T07:48:03","modified_gmt":"2021-01-07T07:48:03","slug":"powerball-au","status":"publish","type":"page","link":"https:\/\/redfoxlotto.com\/et\/mangi\/powerball-au\/","title":{"rendered":"Powerball Down Underist &#8211; kuidas m\u00e4ngida"},"content":{"rendered":"<h2 class=\"wp-block-heading\">Igal n\u00e4dalal neljap\u00e4eva \u00f5htul pakub Powerball Australia elanikele p\u00f5nevust.<\/h2><p><img loading=\"lazy\" decoding=\"async\" class=\" wp-image alignright\" src=\"https:\/\/content.redfoxlotto.com\/uploads\/sites\/9\/2_ticket_powerball_au.jpg\" alt=\"Powerball Austraalia v\u00f5rgus\" width=\"192\" height=\"369\" \/><\/p><p>Hiljuti ammutas \u00f5nnelik v\u00f5itja Sydneyst AU$107 miljonit just selle Powerball m\u00e4nguga. Kuid v\u00f5idusummad v\u00f5ivad tulla mitmetest erinevatest kombinatsioonidest.<\/p><h2 class=\"wp-block-heading\">M\u00e4ngi Powerball Australia Loteriid internetis<\/h2><p>Vastupidiselt mitmetele loteriidele, millel on numbrid vahemikus 1 kuni 49 v\u00f5i 1 kuni 50, on Powerball Australia palju v\u00e4iksema numbrikogumiga. M\u00e4ngus on ainult 35 numbrit, millest v\u00f5id need v\u00f5idunumbrid v\u00e4lja valida. See parandab v\u00f5iduv\u00f5imalusi tunduvalt.<\/p><p>Osta oma piletid internetist juba kohe!<\/p>","protected":false},"excerpt":{"rendered":"<p>Igal n\u00e4dalal neljap\u00e4eva \u00f5htul pakub Powerball Australia elanikele p\u00f5nevust. Hiljuti ammutas \u00f5nnelik v\u00f5itja Sydneyst AU$107 miljonit just selle Powerball m\u00e4nguga. Kuid v\u00f5idusummad v\u00f5ivad tulla mitmetest erinevatest kombinatsioonidest. M\u00e4ngi Powerball Australia Loteriid internetis Vastupidiselt mitmetele loteriidele, millel on numbrid vahemikus 1 kuni 49 v\u00f5i 1 kuni 50, on Powerball Australia palju v\u00e4iksema numbrikogumiga. M\u00e4ngus on ainult [&hellip;]<\/p>\n","protected":false},"author":1,"featured_media":0,"parent":16827,"menu_order":17,"comment_status":"closed","ping_status":"closed","template":"powerball-au.php","meta":{"_et_pb_use_builder":"","_et_pb_old_content":"","_et_gb_content_width":"","exclude_from_search":false,"footnotes":""},"class_list":["post-17794","page","type-page","status-publish","hentry"],"yoast_head":"<!-- This site is optimized with the Yoast SEO plugin v27.3 - https:\/\/yoast.com\/product\/yoast-seo-wordpress\/ -->\n<title>M\u00e4ngi Powerball Australia Loteriid Internetis<\/title>\n<meta name=\"description\" content=\"Austraalia Lemmik Loterii N\u00fc\u00fcd Internetis Saadaval \u00dcle Maailma\" \/>\n<meta name=\"robots\" content=\"index, follow, max-snippet:-1, max-image-preview:large, max-video-preview:-1\" \/>\n<link rel=\"canonical\" href=\"https:\/\/redfoxlotto.com\/et\/mangi\/powerball-au\/\" \/>\n<meta property=\"og:locale\" content=\"et_EE\" \/>\n<meta property=\"og:type\" content=\"article\" \/>\n<meta property=\"og:title\" content=\"M\u00e4ngi Powerball Australia Loteriid Internetis\" \/>\n<meta property=\"og:description\" content=\"Austraalia Lemmik Loterii N\u00fc\u00fcd Internetis Saadaval \u00dcle Maailma\" \/>\n<meta property=\"og:url\" content=\"https:\/\/redfoxlotto.com\/et\/mangi\/powerball-au\/\" \/>\n<meta property=\"og:site_name\" content=\"Get Tickets for the World\u2019s largest jackpots\" \/>\n<meta property=\"og:image\" content=\"https:\/\/content.redfoxlotto.com\/uploads\/sites\/9\/2_ticket_powerball_au.jpg\" \/>\n<meta name=\"twitter:card\" content=\"summary_large_image\" \/>\n<meta name=\"twitter:label1\" content=\"Est. reading time\" \/>\n\t<meta name=\"twitter:data1\" content=\"1 minut\" \/>\n<script type=\"application\/ld+json\" class=\"yoast-schema-graph\">{\"@context\":\"https:\\\/\\\/schema.org\",\"@graph\":[{\"@type\":\"WebPage\",\"@id\":\"https:\\\/\\\/redfoxlotto.com\\\/et\\\/mangi\\\/powerball-au\\\/\",\"url\":\"https:\\\/\\\/redfoxlotto.com\\\/et\\\/mangi\\\/powerball-au\\\/\",\"name\":\"M\u00e4ngi Powerball Australia Loteriid Internetis\",\"isPartOf\":{\"@id\":\"https:\\\/\\\/redfoxlotto.com\\\/et\\\/#website\"},\"primaryImageOfPage\":{\"@id\":\"https:\\\/\\\/redfoxlotto.com\\\/et\\\/mangi\\\/powerball-au\\\/#primaryimage\"},\"image\":{\"@id\":\"https:\\\/\\\/redfoxlotto.com\\\/et\\\/mangi\\\/powerball-au\\\/#primaryimage\"},\"thumbnailUrl\":\"https:\\\/\\\/content.redfoxlotto.com\\\/uploads\\\/sites\\\/9\\\/2_ticket_powerball_au.jpg\",\"datePublished\":\"2023-04-24T18:19:55+00:00\",\"description\":\"Austraalia Lemmik Loterii N\u00fc\u00fcd Internetis Saadaval \u00dcle Maailma\",\"breadcrumb\":{\"@id\":\"https:\\\/\\\/redfoxlotto.com\\\/et\\\/mangi\\\/powerball-au\\\/#breadcrumb\"},\"inLanguage\":\"et\",\"potentialAction\":[{\"@type\":\"ReadAction\",\"target\":[\"https:\\\/\\\/redfoxlotto.com\\\/et\\\/mangi\\\/powerball-au\\\/\"]}]},{\"@type\":\"ImageObject\",\"inLanguage\":\"et\",\"@id\":\"https:\\\/\\\/redfoxlotto.com\\\/et\\\/mangi\\\/powerball-au\\\/#primaryimage\",\"url\":\"https:\\\/\\\/content.redfoxlotto.com\\\/uploads\\\/sites\\\/9\\\/2_ticket_powerball_au.jpg\",\"contentUrl\":\"https:\\\/\\\/content.redfoxlotto.com\\\/uploads\\\/sites\\\/9\\\/2_ticket_powerball_au.jpg\"},{\"@type\":\"BreadcrumbList\",\"@id\":\"https:\\\/\\\/redfoxlotto.com\\\/et\\\/mangi\\\/powerball-au\\\/#breadcrumb\",\"itemListElement\":[{\"@type\":\"ListItem\",\"position\":1,\"name\":\"Home\",\"item\":\"https:\\\/\\\/redfoxlotto.com\\\/et\\\/\"},{\"@type\":\"ListItem\",\"position\":2,\"name\":\"Kuidas m\u00e4ngida teiste riikide loteriid\",\"item\":\"https:\\\/\\\/redfoxlotto.com\\\/et\\\/mangi\\\/\"},{\"@type\":\"ListItem\",\"position\":3,\"name\":\"Powerball Down Underist &#8211; kuidas m\u00e4ngida\"}]},{\"@type\":\"WebSite\",\"@id\":\"https:\\\/\\\/redfoxlotto.com\\\/et\\\/#website\",\"url\":\"https:\\\/\\\/redfoxlotto.com\\\/et\\\/\",\"name\":\"Get Tickets for the World\u2019s largest jackpots\",\"description\":\"Participate in worldwide lottery jackpots from any country\",\"publisher\":{\"@id\":\"https:\\\/\\\/redfoxlotto.com\\\/et\\\/#organization\"},\"potentialAction\":[{\"@type\":\"SearchAction\",\"target\":{\"@type\":\"EntryPoint\",\"urlTemplate\":\"https:\\\/\\\/redfoxlotto.com\\\/et\\\/?s={search_term_string}\"},\"query-input\":{\"@type\":\"PropertyValueSpecification\",\"valueRequired\":true,\"valueName\":\"search_term_string\"}}],\"inLanguage\":\"et\"},{\"@type\":\"Organization\",\"@id\":\"https:\\\/\\\/redfoxlotto.com\\\/et\\\/#organization\",\"name\":\"Get Tickets for the World\u2019s largest jackpots\",\"url\":\"https:\\\/\\\/redfoxlotto.com\\\/et\\\/\",\"logo\":{\"@type\":\"ImageObject\",\"inLanguage\":\"et\",\"@id\":\"https:\\\/\\\/redfoxlotto.com\\\/et\\\/#\\\/schema\\\/logo\\\/image\\\/\",\"url\":\"https:\\\/\\\/redfoxlotto.com\\\/wp-content\\\/uploads\\\/2023\\\/04\\\/logo.png\",\"contentUrl\":\"https:\\\/\\\/redfoxlotto.com\\\/wp-content\\\/uploads\\\/2023\\\/04\\\/logo.png\",\"width\":269,\"height\":53,\"caption\":\"Get Tickets for the World\u2019s largest jackpots\"},\"image\":{\"@id\":\"https:\\\/\\\/redfoxlotto.com\\\/et\\\/#\\\/schema\\\/logo\\\/image\\\/\"}}]}<\/script>\n<!-- \/ Yoast SEO plugin. -->","yoast_head_json":{"title":"M\u00e4ngi Powerball Australia Loteriid Internetis","description":"Austraalia Lemmik Loterii N\u00fc\u00fcd Internetis Saadaval \u00dcle Maailma","robots":{"index":"index","follow":"follow","max-snippet":"max-snippet:-1","max-image-preview":"max-image-preview:large","max-video-preview":"max-video-preview:-1"},"canonical":"https:\/\/redfoxlotto.com\/et\/mangi\/powerball-au\/","og_locale":"et_EE","og_type":"article","og_title":"M\u00e4ngi Powerball Australia Loteriid Internetis","og_description":"Austraalia Lemmik Loterii N\u00fc\u00fcd Internetis Saadaval \u00dcle Maailma","og_url":"https:\/\/redfoxlotto.com\/et\/mangi\/powerball-au\/","og_site_name":"Get Tickets for the World\u2019s largest jackpots","og_image":[{"url":"https:\/\/content.redfoxlotto.com\/uploads\/sites\/9\/2_ticket_powerball_au.jpg","type":"","width":"","height":""}],"twitter_card":"summary_large_image","twitter_misc":{"Est. reading time":"1 minut"},"schema":{"@context":"https:\/\/schema.org","@graph":[{"@type":"WebPage","@id":"https:\/\/redfoxlotto.com\/et\/mangi\/powerball-au\/","url":"https:\/\/redfoxlotto.com\/et\/mangi\/powerball-au\/","name":"M\u00e4ngi Powerball Australia Loteriid Internetis","isPartOf":{"@id":"https:\/\/redfoxlotto.com\/et\/#website"},"primaryImageOfPage":{"@id":"https:\/\/redfoxlotto.com\/et\/mangi\/powerball-au\/#primaryimage"},"image":{"@id":"https:\/\/redfoxlotto.com\/et\/mangi\/powerball-au\/#primaryimage"},"thumbnailUrl":"https:\/\/content.redfoxlotto.com\/uploads\/sites\/9\/2_ticket_powerball_au.jpg","datePublished":"2023-04-24T18:19:55+00:00","description":"Austraalia Lemmik Loterii N\u00fc\u00fcd Internetis Saadaval \u00dcle Maailma","breadcrumb":{"@id":"https:\/\/redfoxlotto.com\/et\/mangi\/powerball-au\/#breadcrumb"},"inLanguage":"et","potentialAction":[{"@type":"ReadAction","target":["https:\/\/redfoxlotto.com\/et\/mangi\/powerball-au\/"]}]},{"@type":"ImageObject","inLanguage":"et","@id":"https:\/\/redfoxlotto.com\/et\/mangi\/powerball-au\/#primaryimage","url":"https:\/\/content.redfoxlotto.com\/uploads\/sites\/9\/2_ticket_powerball_au.jpg","contentUrl":"https:\/\/content.redfoxlotto.com\/uploads\/sites\/9\/2_ticket_powerball_au.jpg"},{"@type":"BreadcrumbList","@id":"https:\/\/redfoxlotto.com\/et\/mangi\/powerball-au\/#breadcrumb","itemListElement":[{"@type":"ListItem","position":1,"name":"Home","item":"https:\/\/redfoxlotto.com\/et\/"},{"@type":"ListItem","position":2,"name":"Kuidas m\u00e4ngida teiste riikide loteriid","item":"https:\/\/redfoxlotto.com\/et\/mangi\/"},{"@type":"ListItem","position":3,"name":"Powerball Down Underist &#8211; kuidas m\u00e4ngida"}]},{"@type":"WebSite","@id":"https:\/\/redfoxlotto.com\/et\/#website","url":"https:\/\/redfoxlotto.com\/et\/","name":"Get Tickets for the World\u2019s largest jackpots","description":"Participate in worldwide lottery jackpots from any country","publisher":{"@id":"https:\/\/redfoxlotto.com\/et\/#organization"},"potentialAction":[{"@type":"SearchAction","target":{"@type":"EntryPoint","urlTemplate":"https:\/\/redfoxlotto.com\/et\/?s={search_term_string}"},"query-input":{"@type":"PropertyValueSpecification","valueRequired":true,"valueName":"search_term_string"}}],"inLanguage":"et"},{"@type":"Organization","@id":"https:\/\/redfoxlotto.com\/et\/#organization","name":"Get Tickets for the World\u2019s largest jackpots","url":"https:\/\/redfoxlotto.com\/et\/","logo":{"@type":"ImageObject","inLanguage":"et","@id":"https:\/\/redfoxlotto.com\/et\/#\/schema\/logo\/image\/","url":"https:\/\/redfoxlotto.com\/wp-content\/uploads\/2023\/04\/logo.png","contentUrl":"https:\/\/redfoxlotto.com\/wp-content\/uploads\/2023\/04\/logo.png","width":269,"height":53,"caption":"Get Tickets for the World\u2019s largest jackpots"},"image":{"@id":"https:\/\/redfoxlotto.com\/et\/#\/schema\/logo\/image\/"}}]}},"_links":{"self":[{"href":"https:\/\/redfoxlotto.com\/et\/wp-json\/wp\/v2\/pages\/17794","targetHints":{"allow":["GET"]}}],"collection":[{"href":"https:\/\/redfoxlotto.com\/et\/wp-json\/wp\/v2\/pages"}],"about":[{"href":"https:\/\/redfoxlotto.com\/et\/wp-json\/wp\/v2\/types\/page"}],"author":[{"embeddable":true,"href":"https:\/\/redfoxlotto.com\/et\/wp-json\/wp\/v2\/users\/1"}],"replies":[{"embeddable":true,"href":"https:\/\/redfoxlotto.com\/et\/wp-json\/wp\/v2\/comments?post=17794"}],"version-history":[{"count":0,"href":"https:\/\/redfoxlotto.com\/et\/wp-json\/wp\/v2\/pages\/17794\/revisions"}],"up":[{"embeddable":true,"href":"https:\/\/redfoxlotto.com\/et\/wp-json\/wp\/v2\/pages\/16827"}],"wp:attachment":[{"href":"https:\/\/redfoxlotto.com\/et\/wp-json\/wp\/v2\/media?parent=17794"}],"curies":[{"name":"wp","href":"https:\/\/api.w.org\/{rel}","templated":true}]}}