{"id":17654,"date":"2023-04-24T17:59:25","date_gmt":"2023-04-24T17:59:25","guid":{"rendered":"https:\/\/redfoxlotto.com\/?page_id=17654"},"modified":"2021-01-07T07:27:28","modified_gmt":"2021-01-07T07:27:28","slug":"set-for-life-uk","status":"publish","type":"page","link":"https:\/\/redfoxlotto.com\/et\/mangi\/set-for-life-uk\/","title":{"rendered":"Osalege veebis loto Set for Life loosimises"},"content":{"rendered":"<p><img loading=\"lazy\" decoding=\"async\" class=\" wp-image alignright\" src=\"https:\/\/content.redfoxlotto.com\/uploads\/sites\/9\/1_play_online_jackpot.jpg\" alt=\"kogu eluks veebis seatud\" width=\"217\" height=\"217\" \/><\/p><p>Briti &#8220;Set for life&#8221; loterii on enamus teistest loteriidest erinev. Kui Sa v\u00f5idad esimese v\u00f5i teise koha auhinna, siis kindla summa asemel, v\u00f5idad igakuised maksed.<\/p><p>Esimene koht t\u00e4hendab, et Sa saad igakuise makse suuruses \u00a310.000 j\u00e4rgmise 30 aasta jooksul, teine koht t\u00e4hendab, et saad \u00a310,000 iga kuu \u00fche aasta jooksul.<\/p><h2 class=\"wp-block-heading\">Kuidas m\u00e4ngida &#8220;Set for life&#8221; internetist<\/h2><p>P\u00e4rast meie saidil oma konto loomist, liigud lihtsalt loterii juurde ja valid 5 numbrit vahemikust 1 kuni 47, seej\u00e4rel \u00fche &#8220;life ball&#8221; numbri vahemikus 1 kuni 10.<\/p>","protected":false},"excerpt":{"rendered":"<p>Briti &#8220;Set for life&#8221; loterii on enamus teistest loteriidest erinev. Kui Sa v\u00f5idad esimese v\u00f5i teise koha auhinna, siis kindla summa asemel, v\u00f5idad igakuised maksed. Esimene koht t\u00e4hendab, et Sa saad igakuise makse suuruses \u00a310.000 j\u00e4rgmise 30 aasta jooksul, teine koht t\u00e4hendab, et saad \u00a310,000 iga kuu \u00fche aasta jooksul. Kuidas m\u00e4ngida &#8220;Set for life&#8221; [&hellip;]<\/p>\n","protected":false},"author":1,"featured_media":0,"parent":16827,"menu_order":10,"comment_status":"closed","ping_status":"closed","template":"set-for-life.php","meta":{"_et_pb_use_builder":"","_et_pb_old_content":"","_et_gb_content_width":"","exclude_from_search":false,"footnotes":""},"class_list":["post-17654","page","type-page","status-publish","hentry"],"yoast_head":"<!-- This site is optimized with the Yoast SEO plugin v23.8 - https:\/\/yoast.com\/wordpress\/plugins\/seo\/ -->\n<title>M\u00e4ngi Set for life Lotto internetis<\/title>\n<meta name=\"description\" content=\"N\u00fc\u00fcd on ka Sinul v\u00f5imalus m\u00e4ngida Inglismaa Set for Life loteriid internetis\" \/>\n<meta name=\"robots\" content=\"index, follow, max-snippet:-1, max-image-preview:large, max-video-preview:-1\" \/>\n<link rel=\"canonical\" href=\"https:\/\/redfoxlotto.com\/et\/mangi\/set-for-life-uk\/\" \/>\n<meta property=\"og:locale\" content=\"et_EE\" \/>\n<meta property=\"og:type\" content=\"article\" \/>\n<meta property=\"og:title\" content=\"M\u00e4ngi Set for life Lotto internetis\" \/>\n<meta property=\"og:description\" content=\"N\u00fc\u00fcd on ka Sinul v\u00f5imalus m\u00e4ngida Inglismaa Set for Life loteriid internetis\" \/>\n<meta property=\"og:url\" content=\"https:\/\/redfoxlotto.com\/et\/mangi\/set-for-life-uk\/\" \/>\n<meta property=\"og:site_name\" content=\"Get Tickets for the World\u2019s largest jackpots\" \/>\n<meta property=\"article:modified_time\" content=\"2021-01-07T07:27:28+00:00\" \/>\n<meta property=\"og:image\" content=\"https:\/\/content.redfoxlotto.com\/uploads\/sites\/9\/1_play_online_jackpot.jpg\" \/>\n<meta name=\"twitter:card\" content=\"summary_large_image\" \/>\n<meta name=\"twitter:label1\" content=\"Est. reading time\" \/>\n\t<meta name=\"twitter:data1\" content=\"1 minut\" \/>\n<script type=\"application\/ld+json\" class=\"yoast-schema-graph\">{\"@context\":\"https:\/\/schema.org\",\"@graph\":[{\"@type\":\"WebPage\",\"@id\":\"https:\/\/redfoxlotto.com\/et\/mangi\/set-for-life-uk\/\",\"url\":\"https:\/\/redfoxlotto.com\/et\/mangi\/set-for-life-uk\/\",\"name\":\"M\u00e4ngi Set for life Lotto internetis\",\"isPartOf\":{\"@id\":\"https:\/\/redfoxlotto.com\/et\/#website\"},\"primaryImageOfPage\":{\"@id\":\"https:\/\/redfoxlotto.com\/et\/mangi\/set-for-life-uk\/#primaryimage\"},\"image\":{\"@id\":\"https:\/\/redfoxlotto.com\/et\/mangi\/set-for-life-uk\/#primaryimage\"},\"thumbnailUrl\":\"https:\/\/content.redfoxlotto.com\/uploads\/sites\/9\/1_play_online_jackpot.jpg\",\"datePublished\":\"2023-04-24T17:59:25+00:00\",\"dateModified\":\"2021-01-07T07:27:28+00:00\",\"description\":\"N\u00fc\u00fcd on ka Sinul v\u00f5imalus m\u00e4ngida Inglismaa Set for Life loteriid internetis\",\"breadcrumb\":{\"@id\":\"https:\/\/redfoxlotto.com\/et\/mangi\/set-for-life-uk\/#breadcrumb\"},\"inLanguage\":\"et\",\"potentialAction\":[{\"@type\":\"ReadAction\",\"target\":[\"https:\/\/redfoxlotto.com\/et\/mangi\/set-for-life-uk\/\"]}]},{\"@type\":\"ImageObject\",\"inLanguage\":\"et\",\"@id\":\"https:\/\/redfoxlotto.com\/et\/mangi\/set-for-life-uk\/#primaryimage\",\"url\":\"https:\/\/content.redfoxlotto.com\/uploads\/sites\/9\/1_play_online_jackpot.jpg\",\"contentUrl\":\"https:\/\/content.redfoxlotto.com\/uploads\/sites\/9\/1_play_online_jackpot.jpg\"},{\"@type\":\"BreadcrumbList\",\"@id\":\"https:\/\/redfoxlotto.com\/et\/mangi\/set-for-life-uk\/#breadcrumb\",\"itemListElement\":[{\"@type\":\"ListItem\",\"position\":1,\"name\":\"Home\",\"item\":\"https:\/\/redfoxlotto.com\/et\/\"},{\"@type\":\"ListItem\",\"position\":2,\"name\":\"Kuidas m\u00e4ngida teiste riikide loteriid\",\"item\":\"https:\/\/redfoxlotto.com\/et\/mangi\/\"},{\"@type\":\"ListItem\",\"position\":3,\"name\":\"Osalege veebis loto Set for Life loosimises\"}]},{\"@type\":\"WebSite\",\"@id\":\"https:\/\/redfoxlotto.com\/et\/#website\",\"url\":\"https:\/\/redfoxlotto.com\/et\/\",\"name\":\"Get Tickets for the World\u2019s largest jackpots\",\"description\":\"Participate in worldwide lottery jackpots from any country\",\"publisher\":{\"@id\":\"https:\/\/redfoxlotto.com\/et\/#organization\"},\"potentialAction\":[{\"@type\":\"SearchAction\",\"target\":{\"@type\":\"EntryPoint\",\"urlTemplate\":\"https:\/\/redfoxlotto.com\/et\/?s={search_term_string}\"},\"query-input\":{\"@type\":\"PropertyValueSpecification\",\"valueRequired\":true,\"valueName\":\"search_term_string\"}}],\"inLanguage\":\"et\"},{\"@type\":\"Organization\",\"@id\":\"https:\/\/redfoxlotto.com\/et\/#organization\",\"name\":\"Get Tickets for the World\u2019s largest jackpots\",\"url\":\"https:\/\/redfoxlotto.com\/et\/\",\"logo\":{\"@type\":\"ImageObject\",\"inLanguage\":\"et\",\"@id\":\"https:\/\/redfoxlotto.com\/et\/#\/schema\/logo\/image\/\",\"url\":\"https:\/\/redfoxlotto.com\/wp-content\/uploads\/2023\/04\/logo.png\",\"contentUrl\":\"https:\/\/redfoxlotto.com\/wp-content\/uploads\/2023\/04\/logo.png\",\"width\":269,\"height\":53,\"caption\":\"Get Tickets for the World\u2019s largest jackpots\"},\"image\":{\"@id\":\"https:\/\/redfoxlotto.com\/et\/#\/schema\/logo\/image\/\"}}]}<\/script>\n<!-- \/ Yoast SEO plugin. -->","yoast_head_json":{"title":"M\u00e4ngi Set for life Lotto internetis","description":"N\u00fc\u00fcd on ka Sinul v\u00f5imalus m\u00e4ngida Inglismaa Set for Life loteriid internetis","robots":{"index":"index","follow":"follow","max-snippet":"max-snippet:-1","max-image-preview":"max-image-preview:large","max-video-preview":"max-video-preview:-1"},"canonical":"https:\/\/redfoxlotto.com\/et\/mangi\/set-for-life-uk\/","og_locale":"et_EE","og_type":"article","og_title":"M\u00e4ngi Set for life Lotto internetis","og_description":"N\u00fc\u00fcd on ka Sinul v\u00f5imalus m\u00e4ngida Inglismaa Set for Life loteriid internetis","og_url":"https:\/\/redfoxlotto.com\/et\/mangi\/set-for-life-uk\/","og_site_name":"Get Tickets for the World\u2019s largest jackpots","article_modified_time":"2021-01-07T07:27:28+00:00","og_image":[{"url":"https:\/\/content.redfoxlotto.com\/uploads\/sites\/9\/1_play_online_jackpot.jpg"}],"twitter_card":"summary_large_image","twitter_misc":{"Est. reading time":"1 minut"},"schema":{"@context":"https:\/\/schema.org","@graph":[{"@type":"WebPage","@id":"https:\/\/redfoxlotto.com\/et\/mangi\/set-for-life-uk\/","url":"https:\/\/redfoxlotto.com\/et\/mangi\/set-for-life-uk\/","name":"M\u00e4ngi Set for life Lotto internetis","isPartOf":{"@id":"https:\/\/redfoxlotto.com\/et\/#website"},"primaryImageOfPage":{"@id":"https:\/\/redfoxlotto.com\/et\/mangi\/set-for-life-uk\/#primaryimage"},"image":{"@id":"https:\/\/redfoxlotto.com\/et\/mangi\/set-for-life-uk\/#primaryimage"},"thumbnailUrl":"https:\/\/content.redfoxlotto.com\/uploads\/sites\/9\/1_play_online_jackpot.jpg","datePublished":"2023-04-24T17:59:25+00:00","dateModified":"2021-01-07T07:27:28+00:00","description":"N\u00fc\u00fcd on ka Sinul v\u00f5imalus m\u00e4ngida Inglismaa Set for Life loteriid internetis","breadcrumb":{"@id":"https:\/\/redfoxlotto.com\/et\/mangi\/set-for-life-uk\/#breadcrumb"},"inLanguage":"et","potentialAction":[{"@type":"ReadAction","target":["https:\/\/redfoxlotto.com\/et\/mangi\/set-for-life-uk\/"]}]},{"@type":"ImageObject","inLanguage":"et","@id":"https:\/\/redfoxlotto.com\/et\/mangi\/set-for-life-uk\/#primaryimage","url":"https:\/\/content.redfoxlotto.com\/uploads\/sites\/9\/1_play_online_jackpot.jpg","contentUrl":"https:\/\/content.redfoxlotto.com\/uploads\/sites\/9\/1_play_online_jackpot.jpg"},{"@type":"BreadcrumbList","@id":"https:\/\/redfoxlotto.com\/et\/mangi\/set-for-life-uk\/#breadcrumb","itemListElement":[{"@type":"ListItem","position":1,"name":"Home","item":"https:\/\/redfoxlotto.com\/et\/"},{"@type":"ListItem","position":2,"name":"Kuidas m\u00e4ngida teiste riikide loteriid","item":"https:\/\/redfoxlotto.com\/et\/mangi\/"},{"@type":"ListItem","position":3,"name":"Osalege veebis loto Set for Life loosimises"}]},{"@type":"WebSite","@id":"https:\/\/redfoxlotto.com\/et\/#website","url":"https:\/\/redfoxlotto.com\/et\/","name":"Get Tickets for the World\u2019s largest jackpots","description":"Participate in worldwide lottery jackpots from any country","publisher":{"@id":"https:\/\/redfoxlotto.com\/et\/#organization"},"potentialAction":[{"@type":"SearchAction","target":{"@type":"EntryPoint","urlTemplate":"https:\/\/redfoxlotto.com\/et\/?s={search_term_string}"},"query-input":{"@type":"PropertyValueSpecification","valueRequired":true,"valueName":"search_term_string"}}],"inLanguage":"et"},{"@type":"Organization","@id":"https:\/\/redfoxlotto.com\/et\/#organization","name":"Get Tickets for the World\u2019s largest jackpots","url":"https:\/\/redfoxlotto.com\/et\/","logo":{"@type":"ImageObject","inLanguage":"et","@id":"https:\/\/redfoxlotto.com\/et\/#\/schema\/logo\/image\/","url":"https:\/\/redfoxlotto.com\/wp-content\/uploads\/2023\/04\/logo.png","contentUrl":"https:\/\/redfoxlotto.com\/wp-content\/uploads\/2023\/04\/logo.png","width":269,"height":53,"caption":"Get Tickets for the World\u2019s largest jackpots"},"image":{"@id":"https:\/\/redfoxlotto.com\/et\/#\/schema\/logo\/image\/"}}]}},"_links":{"self":[{"href":"https:\/\/redfoxlotto.com\/et\/wp-json\/wp\/v2\/pages\/17654","targetHints":{"allow":["GET"]}}],"collection":[{"href":"https:\/\/redfoxlotto.com\/et\/wp-json\/wp\/v2\/pages"}],"about":[{"href":"https:\/\/redfoxlotto.com\/et\/wp-json\/wp\/v2\/types\/page"}],"author":[{"embeddable":true,"href":"https:\/\/redfoxlotto.com\/et\/wp-json\/wp\/v2\/users\/1"}],"replies":[{"embeddable":true,"href":"https:\/\/redfoxlotto.com\/et\/wp-json\/wp\/v2\/comments?post=17654"}],"version-history":[{"count":0,"href":"https:\/\/redfoxlotto.com\/et\/wp-json\/wp\/v2\/pages\/17654\/revisions"}],"up":[{"embeddable":true,"href":"https:\/\/redfoxlotto.com\/et\/wp-json\/wp\/v2\/pages\/16827"}],"wp:attachment":[{"href":"https:\/\/redfoxlotto.com\/et\/wp-json\/wp\/v2\/media?parent=17654"}],"curies":[{"name":"wp","href":"https:\/\/api.w.org\/{rel}","templated":true}]}}