{"id":16834,"date":"2023-04-24T17:57:37","date_gmt":"2023-04-24T17:57:37","guid":{"rendered":"https:\/\/redfoxlotto.com\/?page_id=938"},"modified":"2025-12-11T10:10:57","modified_gmt":"2025-12-11T10:10:57","slug":"lotto-uk","status":"publish","type":"page","link":"https:\/\/redfoxlotto.com\/et\/mangi\/lotto-uk\/","title":{"rendered":"Suurbritannia loterii m\u00e4ngimine"},"content":{"rendered":"<script type=\"application\/ld+json\">\r\n{\r\n  \"@context\": \"https:\/\/schema.org\",\r\n  \"@type\": \"Service\",\r\n  \"name\": \"UK Lottery online\",\r\n  \"url\": \"https:\/\/redfoxlotto.com\/et\/mangi\/lotto-uk\/\",\r\n  \"description\": \"Osta ametlikud UK Lottery piletid veebis RedFoxLotto kaudu. Vali oma numbrid ja osale j\u00e4rgmises loosimises.\",\r\n  \"serviceType\": \"Online lottery ticket purchase\",\r\n\r\n  \"provider\": {\r\n    \"@type\": \"Organization\",\r\n    \"name\": \"RedFoxLotto\",\r\n    \"url\": \"https:\/\/redfoxlotto.com\",\r\n    \"logo\": \"https:\/\/redfoxlotto.com\/wp-content\/uploads\/logo.png\"\r\n  },\r\n\r\n  \"areaServed\": \"Worldwide\",\r\n  \"termsOfService\": \"https:\/\/redfoxlotto.com\/terms-and-conditions\",\r\n\r\n  \"hasOfferCatalog\": {\r\n    \"@type\": \"OfferCatalog\",\r\n    \"name\": \"UK Lottery Offers\",\r\n    \"itemListElement\": [\r\n      {\r\n        \"@type\": \"Offer\",\r\n        \"name\": \"Lotto UK Lottery Ticket\",\r\n        \"url\": \"https:\/\/redfoxlotto.com\/et\/mangi\/lotto-uk\/\",\r\n        \"description\": \"\u00dcks osalus j\u00e4rgmises UK Lottery loosimises.\",\r\n        \"price\": \"6.70\",\r\n        \"priceCurrency\": \"EUR\",\r\n        \"availability\": \"https:\/\/schema.org\/InStock\",\r\n\r\n        \"itemOffered\": {\r\n          \"@type\": \"Service\",\r\n          \"name\": \"UK Lottery Lottery Entry\",\r\n          \"description\": \"Osalemine j\u00e4rgmises UK Lottery loosimises RedFoxLotto kaudu.\"\r\n        }\r\n      }\r\n    ]\r\n  },\r\n\r\n  \"mainEntityOfPage\": {\r\n    \"@type\": \"WebPage\",\r\n    \"@id\": \"https:\/\/redfoxlotto.com\/et\/mangi\/lotto-uk\/\"\r\n  }\r\n}\r\n<\/script><p><img decoding=\"async\" class=\"size-full wp-image alignright\" src=\"https:\/\/content.redfoxlotto.com\/uploads\/sites\/9\/2_ticket_uk_lottery.jpg\" alt=\"M\u00e4ngi \u00dchendkuningriigi loterii veebis\" \/> <span style=\"font-size: inherit;\">UK Lotto m\u00e4ngimine on eriti lihtne. UK Lotto p\u00f5hineb 6\/59 maatriksil. See t\u00e4hendab, et m\u00e4ngijana pead valima 6 numbrit 59-st numbrist. Jackpot&#8217;i v\u00f5itjal peavad k\u00f5ik numbrid \u00f5iged olema.<\/span><\/p><h2 class=\"wp-block-heading\">N\u00f5uanded UK Loterii m\u00e4ngimise jaoks.<\/h2><p>Sa v\u00f5id kasutada meie &#8220;quick-pick&#8221; omadust. Sinu pilet t\u00e4idetakse automaatselt juhuslike numbritega.<\/p>","protected":false},"excerpt":{"rendered":"<p>UK Lotto m\u00e4ngimine on eriti lihtne. UK Lotto p\u00f5hineb 6\/59 maatriksil. See t\u00e4hendab, et m\u00e4ngijana pead valima 6 numbrit 59-st numbrist. Jackpot&#8217;i v\u00f5itjal peavad k\u00f5ik numbrid \u00f5iged olema. N\u00f5uanded UK Loterii m\u00e4ngimise jaoks. Sa v\u00f5id kasutada meie &#8220;quick-pick&#8221; omadust. Sinu pilet t\u00e4idetakse automaatselt juhuslike numbritega.<\/p>\n","protected":false},"author":1,"featured_media":0,"parent":16827,"menu_order":9,"comment_status":"closed","ping_status":"closed","template":"lotto-uk.php","meta":{"_et_pb_use_builder":"","_et_pb_old_content":"","_et_gb_content_width":"","exclude_from_search":false,"footnotes":""},"class_list":["post-16834","page","type-page","status-publish","hentry"],"yoast_head":"<!-- This site is optimized with the Yoast SEO plugin v27.4 - https:\/\/yoast.com\/product\/yoast-seo-wordpress\/ -->\n<title>M\u00e4ngi UK Lotto&#039;t internetis<\/title>\n<meta name=\"description\" content=\"Me n\u00e4itame Sulle, kuidas m\u00e4ngida UK National Lotto&#039;t\" \/>\n<meta name=\"robots\" content=\"index, follow, max-snippet:-1, max-image-preview:large, max-video-preview:-1\" \/>\n<link rel=\"canonical\" href=\"https:\/\/redfoxlotto.com\/et\/mangi\/lotto-uk\/\" \/>\n<meta property=\"og:locale\" content=\"et_EE\" \/>\n<meta property=\"og:type\" content=\"article\" \/>\n<meta property=\"og:title\" content=\"M\u00e4ngi UK Lotto&#039;t internetis\" \/>\n<meta property=\"og:description\" content=\"Me n\u00e4itame Sulle, kuidas m\u00e4ngida UK National Lotto&#039;t\" \/>\n<meta property=\"og:url\" content=\"https:\/\/redfoxlotto.com\/et\/mangi\/lotto-uk\/\" \/>\n<meta property=\"og:site_name\" content=\"Get Tickets for the World\u2019s largest jackpots\" \/>\n<meta property=\"article:modified_time\" content=\"2025-12-11T10:10:57+00:00\" \/>\n<meta property=\"og:image\" content=\"https:\/\/content.redfoxlotto.com\/uploads\/sites\/9\/2_ticket_uk_lottery.jpg\" \/>\n<meta name=\"twitter:card\" content=\"summary_large_image\" \/>\n<meta name=\"twitter:label1\" content=\"Est. reading time\" \/>\n\t<meta name=\"twitter:data1\" content=\"1 minut\" \/>\n<script type=\"application\/ld+json\" class=\"yoast-schema-graph\">{\"@context\":\"https:\\\/\\\/schema.org\",\"@graph\":[{\"@type\":\"WebPage\",\"@id\":\"https:\\\/\\\/redfoxlotto.com\\\/et\\\/mangi\\\/lotto-uk\\\/\",\"url\":\"https:\\\/\\\/redfoxlotto.com\\\/et\\\/mangi\\\/lotto-uk\\\/\",\"name\":\"M\u00e4ngi UK Lotto't internetis\",\"isPartOf\":{\"@id\":\"https:\\\/\\\/redfoxlotto.com\\\/et\\\/#website\"},\"primaryImageOfPage\":{\"@id\":\"https:\\\/\\\/redfoxlotto.com\\\/et\\\/mangi\\\/lotto-uk\\\/#primaryimage\"},\"image\":{\"@id\":\"https:\\\/\\\/redfoxlotto.com\\\/et\\\/mangi\\\/lotto-uk\\\/#primaryimage\"},\"thumbnailUrl\":\"https:\\\/\\\/content.redfoxlotto.com\\\/uploads\\\/sites\\\/9\\\/2_ticket_uk_lottery.jpg\",\"datePublished\":\"2023-04-24T17:57:37+00:00\",\"dateModified\":\"2025-12-11T10:10:57+00:00\",\"description\":\"Me n\u00e4itame Sulle, kuidas m\u00e4ngida UK National Lotto't\",\"breadcrumb\":{\"@id\":\"https:\\\/\\\/redfoxlotto.com\\\/et\\\/mangi\\\/lotto-uk\\\/#breadcrumb\"},\"inLanguage\":\"et\",\"potentialAction\":[{\"@type\":\"ReadAction\",\"target\":[\"https:\\\/\\\/redfoxlotto.com\\\/et\\\/mangi\\\/lotto-uk\\\/\"]}]},{\"@type\":\"ImageObject\",\"inLanguage\":\"et\",\"@id\":\"https:\\\/\\\/redfoxlotto.com\\\/et\\\/mangi\\\/lotto-uk\\\/#primaryimage\",\"url\":\"https:\\\/\\\/content.redfoxlotto.com\\\/uploads\\\/sites\\\/9\\\/2_ticket_uk_lottery.jpg\",\"contentUrl\":\"https:\\\/\\\/content.redfoxlotto.com\\\/uploads\\\/sites\\\/9\\\/2_ticket_uk_lottery.jpg\"},{\"@type\":\"BreadcrumbList\",\"@id\":\"https:\\\/\\\/redfoxlotto.com\\\/et\\\/mangi\\\/lotto-uk\\\/#breadcrumb\",\"itemListElement\":[{\"@type\":\"ListItem\",\"position\":1,\"name\":\"Home\",\"item\":\"https:\\\/\\\/redfoxlotto.com\\\/et\\\/\"},{\"@type\":\"ListItem\",\"position\":2,\"name\":\"Kuidas m\u00e4ngida teiste riikide loteriid\",\"item\":\"https:\\\/\\\/redfoxlotto.com\\\/et\\\/mangi\\\/\"},{\"@type\":\"ListItem\",\"position\":3,\"name\":\"Suurbritannia loterii m\u00e4ngimine\"}]},{\"@type\":\"WebSite\",\"@id\":\"https:\\\/\\\/redfoxlotto.com\\\/et\\\/#website\",\"url\":\"https:\\\/\\\/redfoxlotto.com\\\/et\\\/\",\"name\":\"Get Tickets for the World\u2019s largest jackpots\",\"description\":\"Participate in worldwide lottery jackpots from any country\",\"publisher\":{\"@id\":\"https:\\\/\\\/redfoxlotto.com\\\/et\\\/#organization\"},\"potentialAction\":[{\"@type\":\"SearchAction\",\"target\":{\"@type\":\"EntryPoint\",\"urlTemplate\":\"https:\\\/\\\/redfoxlotto.com\\\/et\\\/?s={search_term_string}\"},\"query-input\":{\"@type\":\"PropertyValueSpecification\",\"valueRequired\":true,\"valueName\":\"search_term_string\"}}],\"inLanguage\":\"et\"},{\"@type\":\"Organization\",\"@id\":\"https:\\\/\\\/redfoxlotto.com\\\/et\\\/#organization\",\"name\":\"Get Tickets for the World\u2019s largest jackpots\",\"url\":\"https:\\\/\\\/redfoxlotto.com\\\/et\\\/\",\"logo\":{\"@type\":\"ImageObject\",\"inLanguage\":\"et\",\"@id\":\"https:\\\/\\\/redfoxlotto.com\\\/et\\\/#\\\/schema\\\/logo\\\/image\\\/\",\"url\":\"https:\\\/\\\/redfoxlotto.com\\\/wp-content\\\/uploads\\\/2023\\\/04\\\/logo.png\",\"contentUrl\":\"https:\\\/\\\/redfoxlotto.com\\\/wp-content\\\/uploads\\\/2023\\\/04\\\/logo.png\",\"width\":269,\"height\":53,\"caption\":\"Get Tickets for the World\u2019s largest jackpots\"},\"image\":{\"@id\":\"https:\\\/\\\/redfoxlotto.com\\\/et\\\/#\\\/schema\\\/logo\\\/image\\\/\"}}]}<\/script>\n<!-- \/ Yoast SEO plugin. -->","yoast_head_json":{"title":"M\u00e4ngi UK Lotto't internetis","description":"Me n\u00e4itame Sulle, kuidas m\u00e4ngida UK National Lotto't","robots":{"index":"index","follow":"follow","max-snippet":"max-snippet:-1","max-image-preview":"max-image-preview:large","max-video-preview":"max-video-preview:-1"},"canonical":"https:\/\/redfoxlotto.com\/et\/mangi\/lotto-uk\/","og_locale":"et_EE","og_type":"article","og_title":"M\u00e4ngi UK Lotto't internetis","og_description":"Me n\u00e4itame Sulle, kuidas m\u00e4ngida UK National Lotto't","og_url":"https:\/\/redfoxlotto.com\/et\/mangi\/lotto-uk\/","og_site_name":"Get Tickets for the World\u2019s largest jackpots","article_modified_time":"2025-12-11T10:10:57+00:00","og_image":[{"url":"https:\/\/content.redfoxlotto.com\/uploads\/sites\/9\/2_ticket_uk_lottery.jpg","type":"","width":"","height":""}],"twitter_card":"summary_large_image","twitter_misc":{"Est. reading time":"1 minut"},"schema":{"@context":"https:\/\/schema.org","@graph":[{"@type":"WebPage","@id":"https:\/\/redfoxlotto.com\/et\/mangi\/lotto-uk\/","url":"https:\/\/redfoxlotto.com\/et\/mangi\/lotto-uk\/","name":"M\u00e4ngi UK Lotto't internetis","isPartOf":{"@id":"https:\/\/redfoxlotto.com\/et\/#website"},"primaryImageOfPage":{"@id":"https:\/\/redfoxlotto.com\/et\/mangi\/lotto-uk\/#primaryimage"},"image":{"@id":"https:\/\/redfoxlotto.com\/et\/mangi\/lotto-uk\/#primaryimage"},"thumbnailUrl":"https:\/\/content.redfoxlotto.com\/uploads\/sites\/9\/2_ticket_uk_lottery.jpg","datePublished":"2023-04-24T17:57:37+00:00","dateModified":"2025-12-11T10:10:57+00:00","description":"Me n\u00e4itame Sulle, kuidas m\u00e4ngida UK National Lotto't","breadcrumb":{"@id":"https:\/\/redfoxlotto.com\/et\/mangi\/lotto-uk\/#breadcrumb"},"inLanguage":"et","potentialAction":[{"@type":"ReadAction","target":["https:\/\/redfoxlotto.com\/et\/mangi\/lotto-uk\/"]}]},{"@type":"ImageObject","inLanguage":"et","@id":"https:\/\/redfoxlotto.com\/et\/mangi\/lotto-uk\/#primaryimage","url":"https:\/\/content.redfoxlotto.com\/uploads\/sites\/9\/2_ticket_uk_lottery.jpg","contentUrl":"https:\/\/content.redfoxlotto.com\/uploads\/sites\/9\/2_ticket_uk_lottery.jpg"},{"@type":"BreadcrumbList","@id":"https:\/\/redfoxlotto.com\/et\/mangi\/lotto-uk\/#breadcrumb","itemListElement":[{"@type":"ListItem","position":1,"name":"Home","item":"https:\/\/redfoxlotto.com\/et\/"},{"@type":"ListItem","position":2,"name":"Kuidas m\u00e4ngida teiste riikide loteriid","item":"https:\/\/redfoxlotto.com\/et\/mangi\/"},{"@type":"ListItem","position":3,"name":"Suurbritannia loterii m\u00e4ngimine"}]},{"@type":"WebSite","@id":"https:\/\/redfoxlotto.com\/et\/#website","url":"https:\/\/redfoxlotto.com\/et\/","name":"Get Tickets for the World\u2019s largest jackpots","description":"Participate in worldwide lottery jackpots from any country","publisher":{"@id":"https:\/\/redfoxlotto.com\/et\/#organization"},"potentialAction":[{"@type":"SearchAction","target":{"@type":"EntryPoint","urlTemplate":"https:\/\/redfoxlotto.com\/et\/?s={search_term_string}"},"query-input":{"@type":"PropertyValueSpecification","valueRequired":true,"valueName":"search_term_string"}}],"inLanguage":"et"},{"@type":"Organization","@id":"https:\/\/redfoxlotto.com\/et\/#organization","name":"Get Tickets for the World\u2019s largest jackpots","url":"https:\/\/redfoxlotto.com\/et\/","logo":{"@type":"ImageObject","inLanguage":"et","@id":"https:\/\/redfoxlotto.com\/et\/#\/schema\/logo\/image\/","url":"https:\/\/redfoxlotto.com\/wp-content\/uploads\/2023\/04\/logo.png","contentUrl":"https:\/\/redfoxlotto.com\/wp-content\/uploads\/2023\/04\/logo.png","width":269,"height":53,"caption":"Get Tickets for the World\u2019s largest jackpots"},"image":{"@id":"https:\/\/redfoxlotto.com\/et\/#\/schema\/logo\/image\/"}}]}},"_links":{"self":[{"href":"https:\/\/redfoxlotto.com\/et\/wp-json\/wp\/v2\/pages\/16834","targetHints":{"allow":["GET"]}}],"collection":[{"href":"https:\/\/redfoxlotto.com\/et\/wp-json\/wp\/v2\/pages"}],"about":[{"href":"https:\/\/redfoxlotto.com\/et\/wp-json\/wp\/v2\/types\/page"}],"author":[{"embeddable":true,"href":"https:\/\/redfoxlotto.com\/et\/wp-json\/wp\/v2\/users\/1"}],"replies":[{"embeddable":true,"href":"https:\/\/redfoxlotto.com\/et\/wp-json\/wp\/v2\/comments?post=16834"}],"version-history":[{"count":0,"href":"https:\/\/redfoxlotto.com\/et\/wp-json\/wp\/v2\/pages\/16834\/revisions"}],"up":[{"embeddable":true,"href":"https:\/\/redfoxlotto.com\/et\/wp-json\/wp\/v2\/pages\/16827"}],"wp:attachment":[{"href":"https:\/\/redfoxlotto.com\/et\/wp-json\/wp\/v2\/media?parent=16834"}],"curies":[{"name":"wp","href":"https:\/\/api.w.org\/{rel}","templated":true}]}}