{"id":16833,"date":"2023-04-24T17:47:11","date_gmt":"2023-04-24T17:47:11","guid":{"rendered":"https:\/\/redfoxlotto.com\/?page_id=936"},"modified":"2025-12-11T00:21:10","modified_gmt":"2025-12-11T00:21:10","slug":"superenalotto","status":"publish","type":"page","link":"https:\/\/redfoxlotto.com\/et\/mangi\/superenalotto\/","title":{"rendered":"Itaalia SuperEnalotto"},"content":{"rendered":"<script type=\"application\/ld+json\">\r\n{\r\n  \"@context\": \"https:\/\/schema.org\",\r\n  \"@type\": \"Service\",\r\n  \"name\": \"SuperEnalotto online\",\r\n  \"url\": \"https:\/\/redfoxlotto.com\/et\/mangi\/superenalotto\/\",\r\n  \"description\": \"Osta ametlikud SuperEnalotto piletid veebis RedFoxLotto kaudu. Vali oma numbrid ja liitu j\u00e4rgmise loosimisega.\",\r\n  \"serviceType\": \"Online lottery ticket purchase\",\r\n  \"provider\": {\r\n    \"@type\": \"Organization\",\r\n    \"name\": \"RedFoxLotto\",\r\n    \"url\": \"https:\/\/redfoxlotto.com\",\r\n    \"logo\": \"https:\/\/redfoxlotto.com\/wp-content\/uploads\/logo.png\"\r\n  },\r\n  \"areaServed\": \"Worldwide\",\r\n  \"termsOfService\": \"https:\/\/redfoxlotto.com\/terms-and-conditions\",\r\n  \"hasOfferCatalog\": {\r\n    \"@type\": \"OfferCatalog\",\r\n    \"name\": \"SuperEnalotto Offers\",\r\n    \"itemListElement\": [\r\n      {\r\n        \"@type\": \"Offer\",\r\n        \"name\": \"Lotto SuperEnalotto Ticket\",\r\n        \"url\": \"https:\/\/redfoxlotto.com\/et\/mangi\/superenalotto\/\",\r\n        \"description\": \"\u00dcks osalus j\u00e4rgmises SuperEnalotto loosimises.\",\r\n        \"price\": \"3.40\",\r\n        \"priceCurrency\": \"EUR\",\r\n        \"availability\": \"https:\/\/schema.org\/InStock\",\r\n        \"itemOffered\": {\r\n          \"@type\": \"Service\",\r\n          \"name\": \"SuperEnalotto Lottery Entry\",\r\n          \"description\": \"Osalus j\u00e4rgmises SuperEnalotto loosimises RedFoxLotto kaudu.\"\r\n        }\r\n      }\r\n    ]\r\n  },\r\n  \"mainEntityOfPage\": {\r\n    \"@type\": \"WebPage\",\r\n    \"@id\": \"https:\/\/redfoxlotto.com\/et\/mangi\/superenalotto\/\"\r\n  }\r\n}\r\n<\/script><h2 class=\"wp-block-heading\">Kuidas M\u00e4ngida SuperEnalotto&#8217;t<\/h2><p><img loading=\"lazy\" decoding=\"async\" class=\" wp-image alignright\" src=\"https:\/\/content.redfoxlotto.com\/uploads\/sites\/9\/1_play_superenalotto.jpg\" alt=\"Superenalotto m\u00e4ngib v\u00f5rgus\" width=\"290\" height=\"250\" \/><\/p><p>Selle Itaalia loterii m\u00e4ngureeglid on \u00fcsna lihtsad. Sa valid lihtsalt 6 numbrit vahemikus 1 kuni 90, saad oma pileti ja seej\u00e4rel on Sul ainult vaja oodata ning kontrollida loositud numbreid. See, et Sul on kokku v\u00f5imalik valida 90 numbri seast t\u00e4hendab, et v\u00f5imalus neid k\u00f5iki \u00f5igesti saada on v\u00e4ga v\u00e4ike. Tegelikult on selle t\u00f5en\u00e4osus 1 622-st miljonist.<\/p><p>See on samuti p\u00f5hjus, miks jackpot kestab sageli n\u00e4dalaid kui mitte kuid enne kui see on v\u00e4lja loositud. J\u00e4ta meelde, et kui m\u00e4ngid Superenalotto&#8217;t RedFoxLotto&#8217;s, siis pole Sul vaja olla Itaalias v\u00f5i olla Itaalia kodanik. Sinu internetist ostetud piletid v\u00f5tavad osa loosist hoolimata p\u00fcsivast elukohast v\u00f5i rahvusest.<\/p><p><img decoding=\"async\" class=\"size-full wp-image alignright\" src=\"https:\/\/content.redfoxlotto.com\/uploads\/sites\/9\/2_ticket_superenalotto.jpg\" alt=\"v\u00f5ida Superenalotto\"><\/p><h2 class=\"wp-block-heading\">Paranda oma v\u00f5iduv\u00f5imalusi<\/h2><p>Statistiliselt on 70% loterii v\u00f5idusummadest v\u00f5idetud suuremate numbritega. K\u00f5ik kasutavad s\u00fcnnip\u00e4eva kuup\u00e4evi, seega kui loosimise tulemused on k\u00f5ik v\u00e4iksemad numbrid, on v\u00f5itjaid rohkem ja iga v\u00f5itja kohta v\u00e4ljajagatav v\u00f5idusumma v\u00e4ikesem.<\/p>","protected":false},"excerpt":{"rendered":"<p>Kuidas M\u00e4ngida SuperEnalotto&#8217;t Selle Itaalia loterii m\u00e4ngureeglid on \u00fcsna lihtsad. Sa valid lihtsalt 6 numbrit vahemikus 1 kuni 90, saad oma pileti ja seej\u00e4rel on Sul ainult vaja oodata ning kontrollida loositud numbreid. See, et Sul on kokku v\u00f5imalik valida 90 numbri seast t\u00e4hendab, et v\u00f5imalus neid k\u00f5iki \u00f5igesti saada on v\u00e4ga v\u00e4ike. Tegelikult on [&hellip;]<\/p>\n","protected":false},"author":1,"featured_media":0,"parent":16827,"menu_order":5,"comment_status":"closed","ping_status":"closed","template":"superenalotto.php","meta":{"_et_pb_use_builder":"","_et_pb_old_content":"","_et_gb_content_width":"","exclude_from_search":false,"footnotes":""},"class_list":["post-16833","page","type-page","status-publish","hentry"],"yoast_head":"<!-- This site is optimized with the Yoast SEO plugin v23.8 - https:\/\/yoast.com\/wordpress\/plugins\/seo\/ -->\n<title>M\u00e4ngi SuperEnalotto&#039;t internetis<\/title>\n<meta name=\"description\" content=\"N\u00fc\u00fcd saad m\u00e4ngida ka Sina Superenalotto&#039;t, isegi v\u00e4ljaspool Itaaliat\" \/>\n<meta name=\"robots\" content=\"index, follow, max-snippet:-1, max-image-preview:large, max-video-preview:-1\" \/>\n<link rel=\"canonical\" href=\"https:\/\/redfoxlotto.com\/et\/mangi\/superenalotto\/\" \/>\n<meta property=\"og:locale\" content=\"et_EE\" \/>\n<meta property=\"og:type\" content=\"article\" \/>\n<meta property=\"og:title\" content=\"M\u00e4ngi SuperEnalotto&#039;t internetis\" \/>\n<meta property=\"og:description\" content=\"N\u00fc\u00fcd saad m\u00e4ngida ka Sina Superenalotto&#039;t, isegi v\u00e4ljaspool Itaaliat\" \/>\n<meta property=\"og:url\" content=\"https:\/\/redfoxlotto.com\/et\/mangi\/superenalotto\/\" \/>\n<meta property=\"og:site_name\" content=\"Get Tickets for the World\u2019s largest jackpots\" \/>\n<meta property=\"article:modified_time\" content=\"2025-12-11T00:21:10+00:00\" \/>\n<meta property=\"og:image\" content=\"https:\/\/content.redfoxlotto.com\/uploads\/sites\/9\/1_play_superenalotto.jpg\" \/>\n<meta name=\"twitter:card\" content=\"summary_large_image\" \/>\n<meta name=\"twitter:label1\" content=\"Est. reading time\" \/>\n\t<meta name=\"twitter:data1\" content=\"2 minutit\" \/>\n<script type=\"application\/ld+json\" class=\"yoast-schema-graph\">{\"@context\":\"https:\/\/schema.org\",\"@graph\":[{\"@type\":\"WebPage\",\"@id\":\"https:\/\/redfoxlotto.com\/et\/mangi\/superenalotto\/\",\"url\":\"https:\/\/redfoxlotto.com\/et\/mangi\/superenalotto\/\",\"name\":\"M\u00e4ngi SuperEnalotto't internetis\",\"isPartOf\":{\"@id\":\"https:\/\/redfoxlotto.com\/et\/#website\"},\"primaryImageOfPage\":{\"@id\":\"https:\/\/redfoxlotto.com\/et\/mangi\/superenalotto\/#primaryimage\"},\"image\":{\"@id\":\"https:\/\/redfoxlotto.com\/et\/mangi\/superenalotto\/#primaryimage\"},\"thumbnailUrl\":\"https:\/\/content.redfoxlotto.com\/uploads\/sites\/9\/1_play_superenalotto.jpg\",\"datePublished\":\"2023-04-24T17:47:11+00:00\",\"dateModified\":\"2025-12-11T00:21:10+00:00\",\"description\":\"N\u00fc\u00fcd saad m\u00e4ngida ka Sina Superenalotto't, isegi v\u00e4ljaspool Itaaliat\",\"breadcrumb\":{\"@id\":\"https:\/\/redfoxlotto.com\/et\/mangi\/superenalotto\/#breadcrumb\"},\"inLanguage\":\"et\",\"potentialAction\":[{\"@type\":\"ReadAction\",\"target\":[\"https:\/\/redfoxlotto.com\/et\/mangi\/superenalotto\/\"]}]},{\"@type\":\"ImageObject\",\"inLanguage\":\"et\",\"@id\":\"https:\/\/redfoxlotto.com\/et\/mangi\/superenalotto\/#primaryimage\",\"url\":\"https:\/\/content.redfoxlotto.com\/uploads\/sites\/9\/1_play_superenalotto.jpg\",\"contentUrl\":\"https:\/\/content.redfoxlotto.com\/uploads\/sites\/9\/1_play_superenalotto.jpg\"},{\"@type\":\"BreadcrumbList\",\"@id\":\"https:\/\/redfoxlotto.com\/et\/mangi\/superenalotto\/#breadcrumb\",\"itemListElement\":[{\"@type\":\"ListItem\",\"position\":1,\"name\":\"Home\",\"item\":\"https:\/\/redfoxlotto.com\/et\/\"},{\"@type\":\"ListItem\",\"position\":2,\"name\":\"Kuidas m\u00e4ngida teiste riikide loteriid\",\"item\":\"https:\/\/redfoxlotto.com\/et\/mangi\/\"},{\"@type\":\"ListItem\",\"position\":3,\"name\":\"Itaalia SuperEnalotto\"}]},{\"@type\":\"WebSite\",\"@id\":\"https:\/\/redfoxlotto.com\/et\/#website\",\"url\":\"https:\/\/redfoxlotto.com\/et\/\",\"name\":\"Get Tickets for the World\u2019s largest jackpots\",\"description\":\"Participate in worldwide lottery jackpots from any country\",\"publisher\":{\"@id\":\"https:\/\/redfoxlotto.com\/et\/#organization\"},\"potentialAction\":[{\"@type\":\"SearchAction\",\"target\":{\"@type\":\"EntryPoint\",\"urlTemplate\":\"https:\/\/redfoxlotto.com\/et\/?s={search_term_string}\"},\"query-input\":{\"@type\":\"PropertyValueSpecification\",\"valueRequired\":true,\"valueName\":\"search_term_string\"}}],\"inLanguage\":\"et\"},{\"@type\":\"Organization\",\"@id\":\"https:\/\/redfoxlotto.com\/et\/#organization\",\"name\":\"Get Tickets for the World\u2019s largest jackpots\",\"url\":\"https:\/\/redfoxlotto.com\/et\/\",\"logo\":{\"@type\":\"ImageObject\",\"inLanguage\":\"et\",\"@id\":\"https:\/\/redfoxlotto.com\/et\/#\/schema\/logo\/image\/\",\"url\":\"https:\/\/redfoxlotto.com\/wp-content\/uploads\/2023\/04\/logo.png\",\"contentUrl\":\"https:\/\/redfoxlotto.com\/wp-content\/uploads\/2023\/04\/logo.png\",\"width\":269,\"height\":53,\"caption\":\"Get Tickets for the World\u2019s largest jackpots\"},\"image\":{\"@id\":\"https:\/\/redfoxlotto.com\/et\/#\/schema\/logo\/image\/\"}}]}<\/script>\n<!-- \/ Yoast SEO plugin. -->","yoast_head_json":{"title":"M\u00e4ngi SuperEnalotto't internetis","description":"N\u00fc\u00fcd saad m\u00e4ngida ka Sina Superenalotto't, isegi v\u00e4ljaspool Itaaliat","robots":{"index":"index","follow":"follow","max-snippet":"max-snippet:-1","max-image-preview":"max-image-preview:large","max-video-preview":"max-video-preview:-1"},"canonical":"https:\/\/redfoxlotto.com\/et\/mangi\/superenalotto\/","og_locale":"et_EE","og_type":"article","og_title":"M\u00e4ngi SuperEnalotto't internetis","og_description":"N\u00fc\u00fcd saad m\u00e4ngida ka Sina Superenalotto't, isegi v\u00e4ljaspool Itaaliat","og_url":"https:\/\/redfoxlotto.com\/et\/mangi\/superenalotto\/","og_site_name":"Get Tickets for the World\u2019s largest jackpots","article_modified_time":"2025-12-11T00:21:10+00:00","og_image":[{"url":"https:\/\/content.redfoxlotto.com\/uploads\/sites\/9\/1_play_superenalotto.jpg"}],"twitter_card":"summary_large_image","twitter_misc":{"Est. reading time":"2 minutit"},"schema":{"@context":"https:\/\/schema.org","@graph":[{"@type":"WebPage","@id":"https:\/\/redfoxlotto.com\/et\/mangi\/superenalotto\/","url":"https:\/\/redfoxlotto.com\/et\/mangi\/superenalotto\/","name":"M\u00e4ngi SuperEnalotto't internetis","isPartOf":{"@id":"https:\/\/redfoxlotto.com\/et\/#website"},"primaryImageOfPage":{"@id":"https:\/\/redfoxlotto.com\/et\/mangi\/superenalotto\/#primaryimage"},"image":{"@id":"https:\/\/redfoxlotto.com\/et\/mangi\/superenalotto\/#primaryimage"},"thumbnailUrl":"https:\/\/content.redfoxlotto.com\/uploads\/sites\/9\/1_play_superenalotto.jpg","datePublished":"2023-04-24T17:47:11+00:00","dateModified":"2025-12-11T00:21:10+00:00","description":"N\u00fc\u00fcd saad m\u00e4ngida ka Sina Superenalotto't, isegi v\u00e4ljaspool Itaaliat","breadcrumb":{"@id":"https:\/\/redfoxlotto.com\/et\/mangi\/superenalotto\/#breadcrumb"},"inLanguage":"et","potentialAction":[{"@type":"ReadAction","target":["https:\/\/redfoxlotto.com\/et\/mangi\/superenalotto\/"]}]},{"@type":"ImageObject","inLanguage":"et","@id":"https:\/\/redfoxlotto.com\/et\/mangi\/superenalotto\/#primaryimage","url":"https:\/\/content.redfoxlotto.com\/uploads\/sites\/9\/1_play_superenalotto.jpg","contentUrl":"https:\/\/content.redfoxlotto.com\/uploads\/sites\/9\/1_play_superenalotto.jpg"},{"@type":"BreadcrumbList","@id":"https:\/\/redfoxlotto.com\/et\/mangi\/superenalotto\/#breadcrumb","itemListElement":[{"@type":"ListItem","position":1,"name":"Home","item":"https:\/\/redfoxlotto.com\/et\/"},{"@type":"ListItem","position":2,"name":"Kuidas m\u00e4ngida teiste riikide loteriid","item":"https:\/\/redfoxlotto.com\/et\/mangi\/"},{"@type":"ListItem","position":3,"name":"Itaalia SuperEnalotto"}]},{"@type":"WebSite","@id":"https:\/\/redfoxlotto.com\/et\/#website","url":"https:\/\/redfoxlotto.com\/et\/","name":"Get Tickets for the World\u2019s largest jackpots","description":"Participate in worldwide lottery jackpots from any country","publisher":{"@id":"https:\/\/redfoxlotto.com\/et\/#organization"},"potentialAction":[{"@type":"SearchAction","target":{"@type":"EntryPoint","urlTemplate":"https:\/\/redfoxlotto.com\/et\/?s={search_term_string}"},"query-input":{"@type":"PropertyValueSpecification","valueRequired":true,"valueName":"search_term_string"}}],"inLanguage":"et"},{"@type":"Organization","@id":"https:\/\/redfoxlotto.com\/et\/#organization","name":"Get Tickets for the World\u2019s largest jackpots","url":"https:\/\/redfoxlotto.com\/et\/","logo":{"@type":"ImageObject","inLanguage":"et","@id":"https:\/\/redfoxlotto.com\/et\/#\/schema\/logo\/image\/","url":"https:\/\/redfoxlotto.com\/wp-content\/uploads\/2023\/04\/logo.png","contentUrl":"https:\/\/redfoxlotto.com\/wp-content\/uploads\/2023\/04\/logo.png","width":269,"height":53,"caption":"Get Tickets for the World\u2019s largest jackpots"},"image":{"@id":"https:\/\/redfoxlotto.com\/et\/#\/schema\/logo\/image\/"}}]}},"_links":{"self":[{"href":"https:\/\/redfoxlotto.com\/et\/wp-json\/wp\/v2\/pages\/16833","targetHints":{"allow":["GET"]}}],"collection":[{"href":"https:\/\/redfoxlotto.com\/et\/wp-json\/wp\/v2\/pages"}],"about":[{"href":"https:\/\/redfoxlotto.com\/et\/wp-json\/wp\/v2\/types\/page"}],"author":[{"embeddable":true,"href":"https:\/\/redfoxlotto.com\/et\/wp-json\/wp\/v2\/users\/1"}],"replies":[{"embeddable":true,"href":"https:\/\/redfoxlotto.com\/et\/wp-json\/wp\/v2\/comments?post=16833"}],"version-history":[{"count":0,"href":"https:\/\/redfoxlotto.com\/et\/wp-json\/wp\/v2\/pages\/16833\/revisions"}],"up":[{"embeddable":true,"href":"https:\/\/redfoxlotto.com\/et\/wp-json\/wp\/v2\/pages\/16827"}],"wp:attachment":[{"href":"https:\/\/redfoxlotto.com\/et\/wp-json\/wp\/v2\/media?parent=16833"}],"curies":[{"name":"wp","href":"https:\/\/api.w.org\/{rel}","templated":true}]}}