{"id":16832,"date":"2023-04-24T17:35:03","date_gmt":"2023-04-24T17:35:03","guid":{"rendered":"https:\/\/redfoxlotto.com\/?page_id=934"},"modified":"2025-12-15T22:06:01","modified_gmt":"2025-12-15T22:06:01","slug":"powerball","status":"publish","type":"page","link":"https:\/\/redfoxlotto.com\/et\/mangi\/powerball\/","title":{"rendered":"M\u00e4ngi Powerball US"},"content":{"rendered":"<script type=\"application\/ld+json\">\r\n{\r\n  \"@context\": \"https:\/\/schema.org\",\r\n  \"@type\": \"Service\",\r\n  \"name\": \"M\u00e4ngi Powerballi veebis\",\r\n  \"url\": \"https:\/\/redfoxlotto.com\/play\/powerball\/\",\r\n  \"description\": \"M\u00e4ngi Powerballi loteriid veebis mis tahes riigist. K\u00fclastage RedFoxLotto, valige oma numbrid ja hankige oma piletid.\",\r\n  \"serviceType\": \"Veebip\u00f5hine loteriipiletite edastamise teenus\",\r\n  \"provider\": {\r\n    \"@type\": \"Organization\",\r\n    \"name\": \"RedFoxLotto\",\r\n    \"url\": \"https:\/\/redfoxlotto.com\/et\/\",\r\n    \"image\": \"https:\/\/redfoxlotto.com\/wp-content\/uploads\/2025\/12\/ticket_scans.jpg\",\r\n    \"sameAs\": []\r\n  },\r\n  \"areaServed\": \"Worldwide\",\r\n  \"termsOfService\": \"https:\/\/redfoxlotto.com\/terms-and-conditions\",\r\n  \"additionalProperty\": {\r\n    \"@type\": \"PropertyValue\",\r\n    \"name\": \"FAQ\",\r\n    \"value\": \"https:\/\/redfoxlotto.com\/et\/faq\/\"\r\n  },\r\n  \"hasOfferCatalog\": {\r\n    \"@type\": \"OfferCatalog\",\r\n    \"name\": \"Powerball loteriipiletid\",\r\n    \"itemListElement\": [\r\n      {\r\n        \"@type\": \"Offer\",\r\n        \"name\": \"Powerball piletid\",\r\n        \"url\": \"https:\/\/redfoxlotto.com\/play\/powerball\/\",\r\n        \"description\": \"Kl\u00f5psake siia, et valida oma numbrid j\u00e4rgmise Powerballi loosimise jaoks \u2013 tellige piletid veebis.\",\r\n        \"price\": \"5.90\",\r\n        \"priceCurrency\": \"EUR\",\r\n        \"availability\": \"https:\/\/schema.org\/InStock\",\r\n        \"itemOffered\": {\r\n          \"@type\": \"Service\",\r\n          \"name\": \"Powerball loteriipiletid\",\r\n          \"description\": \"M\u00e4ngige j\u00e4rgmises Powerballi loosimises RedFoxLotto kaudu.\"\r\n        }\r\n      }\r\n    ]\r\n  },\r\n  \"mainEntityOfPage\": {\r\n    \"@type\": \"WebPage\",\r\n    \"@id\": \"https:\/\/redfoxlotto.com\/play\/powerball\/\"\r\n  }\r\n}\r\n<\/script>\r\n\r\n\r\n<p><!--more--><\/p><p>See on loterii, mis pidevalt j\u00f5uab uudistesse t\u00e4nu oma hiiglaslikele jackpot&#8217;idele. See on m\u00e4ng, millel on olnud \u00fcle $1 miljardi suurune jackpot. Ning n\u00fc\u00fcd v\u00f5ite ka Teie seda m\u00e4ngida. Uudishimulik, millisest m\u00e4ngust me r\u00e4\u00e4gime? See on Powerball US ja see on n\u00fc\u00fcd ka saadaval Eestis, v\u00f5i mistahes muus riigis. Mis veelgi parem, protsess on v\u00e4ga lihtne, et saaksite alustada m\u00e4ngimist ja uurida v\u00e4lja kuidas m\u00e4ngida Powerball loteriid internetis.<\/p><p>Valige oma numbrid, m\u00e4ngige internetis ja meie agendid ostavad Teie piletid Teile \u00e4ra. Kui soovita valida numbrid, mis Teile k\u00f5ige rohkem meeldivad, siis v\u00f5ite seda teha. Kui soovite, et me valiksime numbrid Teie jaoks v\u00e4lja, siis me v\u00f5ime ka seda teha. See on meie teenus Eesti klientide jaoks. Mis veelgi t\u00e4htsam, Te ei pea muretsema, kas Teile makstakse v\u00f5idu korral. Me kanname ka Teie maksmise eest hoolt. See muudab kogu protsessi palju lihtsamaks.<\/p><h2 class=\"wp-block-heading\" id=\"h-miks-on-powerball-jackpot-sageli-nii-k-rge\">Miks on Powerball jackpot sageli nii k\u00f5rge?<\/h2><p>Esiteks on jackpot nii k\u00f5rge, kuna see ei saa kunagi olla alla $40 miljoni. Millal iganes jackpot v\u00f5idetakse, siis l\u00e4heb peaauhind j\u00e4lle $40 miljoni summa juurde tagasi. Kui see juhtub, siis Powerball jackpot hakkab kasvama iga loosimisega $10 kuni $20 miljoni v\u00f5rra. Iga n\u00e4dal toimub kaks loosimist. Seega v\u00f5tab ainult kaks n\u00e4dalat kuni jackpot k\u00fc\u00fcndib $100 miljoni piirini (kui just keegi ei v\u00f5ida peaauhinda loomulikult). Kui see juhtub, siis tavaliselt kasvab see 10-15% p\u00e4rast iga loosimist.<\/p><p>Kui Te v\u00f5ite v\u00f5ita jackpot&#8217;i nende esimese n\u00e4dala jooksul, siis on Teil juba \u00fcsna suur auhind, sest Te v\u00f5idate miljoneid. Isegi k\u00f5ige esimesel n\u00e4dalal v\u00f5itmine t\u00e4hendab, et v\u00f5idate kokku $40 miljonit. See teeb kindlasti Teie ellu suure muudatuse, eks ju?<\/p><p>Kuid mis oleks, kui v\u00f5idate jackpot&#8217;i kusagil p\u00e4rast esimest loosimist? V\u00f5imalused on, et v\u00f5idate selle hiljem, sest see jackpot on v\u00e4ga harva v\u00f5idetud kui see on madalam.<\/p><p>Kuid regulaarselt juhtub nii, et jackpot&#8217;i ei v\u00f5ideta kaheksa kuni \u00fcheksa n\u00e4dala jooksul. Siis k\u00fc\u00fcndib see $500 miljonini v\u00f5i veelgi enam ning praktiliselt k\u00f5ik ameeriklased m\u00e4ngivad seda loteriid. Sellel hetkel hakkab pall t\u00f5eliselt veerema.<\/p><p>Ainult \u00fche loosiga v\u00f5ib summa kasvada $500 miljonist $1 miljardini v\u00f5i enam. Siinpuhul tekib k\u00f5igil huvi seda l\u00e4hemalt silmitseda ning ka Teie olete kindlasti osa sellest grupist.<\/p><p>Loomulikult t\u00f5mbavad k\u00f5rgemad jackpot&#8217;id \u00fclemaailmset meedia t\u00e4helepanu. Sealhulgas ka Eestis, ning lotof\u00e4nnid \u00fcle maailma tahavad internetis Powerball&#8217;i m\u00e4ngida. See on teenus, mida meie pakume. Mitte ainult Eesti klientidele, vaid iga\u00fchele, kes on piisavalt vana, et m\u00e4ngida ning soovib oma \u00f5nne proovida Powerball USA jackpot&#8217;is. Nii v\u00f5ite ka Teie m\u00e4ngida Eestist Powerball&#8217;i interneti kaudu.<\/p><h2 class=\"wp-block-heading\" id=\"h-kuidas-us-powerball-t-tab\">Kuidas US Powerball t\u00f6\u00f6tab?<\/h2><div class=\"wp-block-image\">\r\n<figure class=\"alignright is-resized\"><img loading=\"lazy\" decoding=\"async\" src=\"https:\/\/content.redfoxlotto.com\/uploads\/sites\/9\/1_play_powerball_usa.jpg\" alt=\"m\u00e4ngi USA loteriid\" width=\"263\" height=\"188\" \/><\/figure>\r\n<\/div><p><br \/>Kui Te tahate osta Powerball piletit Eestis, siis tahate teha kindlaks, et teate kuidas sellega alustada, eks? Protsess on super lihtne ja me anname sellest siin \u00fclevaate. M\u00e4ngijad peavad valima viis numbrit vahemikus 1 kuni 69 (valged pallid), pluss 1 number vahemikus 1 kuni 26 (punased pallid). Neid numbreid peetakse regulaarseteks pallideks ja Powerball&#8217;iks.<\/p><p>Selleks, et v\u00f5ita jackpot&#8217;i, peab Teil olema k\u00f5ik 6 numbrit piletil. \u00dchegi numbri puudumine t\u00e4hendab, et v\u00f5idate v\u00e4iksema summa (kuid Te v\u00f5idate ikka midagi, isegi kui Teil on ainult 5 v\u00f5idunumbrit).<\/p><p>Tegelikult v\u00f5idate Te Powerball&#8217;iga midagi, isegi kui Teil klapivad k\u00f5ik 5 regulaarset numbrit ning puudub Powerball. Samuti v\u00f5idate midagi, kui Te saate 4 regulaarset numbrit ja Powerball&#8217;i. Te lihtsalt ei v\u00f5ida sama summa, mis oleks k\u00f5ikide numbrite v\u00f5idu korral. See on kindlasti \u00fcks v\u00e4ga h\u00e4id omadusi selle m\u00e4ngu puhul.<\/p><p>V\u00f5itmiseks on mitmeid erinevaid viise. Sest kui Teil klapib v\u00e4hemalt 2 regulaarset numbrit v\u00f5i ainult Powerball, siis saate te mingisuguse auhinna, ning sellest v\u00f5ib piisada lihtsalt piletisumma katmiseks, kuid sellest piisab, et osta j\u00e4rjekordne pilet ja proovida oma \u00f5nne uuesti!<\/p><h2 class=\"wp-block-heading\">Powerballi plussid ja miinused<\/h2><p>Powerballi m\u00e4ngimiseks peaksite teadma, millised on selle eelised ja puudused. Eriti kuna internetis m\u00e4ngides on teil palju loteriid, mille vahel valida, ning Powerballi ja teiste loteriide omaduste tundmine muutub oluliseks.<\/p><h3 class=\"wp-block-heading\">Powerballi plussid<\/h3><ul class=\"wp-block-list\">\r\n<li>V\u00e4ga k\u00f5rge minimaalne Powerballi jackpot 40 miljonit dollarit, mis on rohkem, kui enamik loteriid suudab pakkuda isegi p\u00e4rast n\u00e4dalaid, kui keegi ei ole nende peaauhinda v\u00f5itnud<\/li>\r\n<li>Tugev n\u00e4dalate kaupa suurenemine, kui Powerballi jackpot on \u00fcletanud 200 miljoni dollari piiri<\/li>\r\n<li>Powerballi v\u00e4ga k\u00f5rge teise taseme auhind 1 miljon dollarit ja kolmanda taseme auhind 50 000 dollarit ning vastuv\u00f5etavad koefitsiendid Powerballi madalamatel tasemetel muudavad Powerballi m\u00e4ngimise atraktiivseks.<\/li>\r\n<li>Powerballi suured jackpotid teevad tavaliselt pealkirju kogu maailmas, nii et te teate, millal te oma piletid k\u00e4tte saate ja m\u00e4ngite<\/li>\r\n<li>Saate m\u00e4ngida kolmel igan\u00e4dalasel Powerballi loosimisel<\/li>\r\n<li>Loosimiss\u00fcndmusi saab j\u00e4lgida internetis Powerballi veebisaidi v\u00f5i Youtube&#8217;i kaudu<\/li>\r\n<li>Tasuta boonuspilet Powerballile k\u00f5igile meie uutele klientidele<\/li>\r\n<li>Veel \u00fcks tasuta Powerballi boonuspilet, kui soovitate meie veebisaidile s\u00f5bra, kui teie s\u00f5ber on kulutanud v\u00e4hemalt 10,00 eurot mis tahes meie loteriide piletitele.<\/li>\r\n<\/ul><h3 class=\"wp-block-heading\">Powerball miinused<\/h3><ul class=\"wp-block-list\">\r\n<li>Madal t\u00f5en\u00e4osus v\u00f5ita Powerballi jackpot (kuigi, jackpot saab alati l\u00f5puks l\u00f5hutud)<\/li>\r\n<li>Euroopa v\u00f5i Aasia m\u00e4ngijate jaoks on Powerballi loosimise ajad ebamugavad, kui nad soovivad loosimisi internetis j\u00e4lgida.<\/li>\r\n<\/ul><h2 class=\"wp-block-heading\">Millal toimuvad Powerballi loosimised?<\/h2><p>Powerballi loosimised toimuvad kell 10:59 Ida-Euroopa aja j\u00e4rgi (v\u00f5i 22:59 h), mis t\u00e4hendab, et j\u00e4rgmise p\u00e4eva Greenwichi aja j\u00e4rgi kell 3:59 (hommikul) v\u00f5i Kesk-Euroopas kell 4:59.<\/p><h2 class=\"wp-block-heading\">Powerballi loterii ja jackpoti ajalugu<\/h2><p>Kui Powerball alustas 1992. aastal, oli minimaalne jackpot vaid 2 miljonit dollarit. Sel ajal pidi Powerballi m\u00e4ngimiseks valima 45 p\u00f5hinumbri hulgast 5 numbrit ja teise 45 numbri hulgast \u00fche Powerball-numbri.<\/p><ol class=\"wp-block-list\" start=\"1997\">\r\n<li>aastal muudeti Powerballi reegleid. M\u00e4ngimiseks tuli valida 5 numbrit 49 numbrist ja Powerballi valik oli 1 number 42-st. Powerballi minimaalseks jackpotiks m\u00e4\u00e4rati 10 miljonit dollarit.<\/li>\r\n<\/ol><p>Teine muudatus Powerballi korralduses toimus 2002. aastal, kui p\u00f5hiloosis olevate pallide arvu suurendati 53-ni &#8211; m\u00e4ngijad pidid siiski m\u00e4ngima 5 numbrit pluss \u00fche Powerballi numbri 42-st.<\/p><p>Seej\u00e4rel 2005. aastal kehtestati Powerballi minimaalne jackpot 15 miljonile dollarile, mis t\u00e4hendab, et p\u00e4rast jackpotiv\u00f5itu m\u00e4ngitakse j\u00e4rgmises Powerballi loosimises 15 miljoni dollari suurusele Powerballi peaauhinnale.<\/p><p>See Powerballi seadistus kestis kuni 2009. aasta jaanuarini, mil Powerballi m\u00e4ngimise viisis tehti veel \u00fcks muudatus. Esiteks t\u00f5steti jackpoti miinimumsummat 20 miljoni dollarini, samas pidid m\u00e4ngijad valima 59 palli hulgast 5 numbrit ning m\u00e4ngima \u00fche Powerball-numbri 39 numbri hulgast.<\/p><ol class=\"wp-block-list\" start=\"2012\">\r\n<li>aastal kahekordistati Powerballi garanteeritud jackpot, mis t\u00e4hendab, et minimaalseks miinimumm\u00e4\u00e4raks m\u00e4\u00e4rati 40 miljonit dollarit.<\/li>\r\n<li>aastal suurendati Powerballi loosimise p\u00f5hinumbrite vahemikku taas 59-lt 69-le. Samal ajal v\u00e4hendati Powerballi lisanumbrite vahemikku 26-le. See uus reegel muutis m\u00e4ngimise ja v\u00e4iksemate auhindade v\u00f5itmise t\u00f5en\u00e4osuse t\u00f5en\u00e4olisemaks, samas kui Powerballi jackpot&#8217;i t\u00f5en\u00e4osus muutis m\u00e4ngijate v\u00f5idu t\u00f5en\u00e4osuse v\u00e4hem t\u00f5en\u00e4oliseks. Loomulikult j\u00e4id jackpotid pikemaks ajaks v\u00e4lja n\u00f5udmata, mille tulemuseks olid suuremad jackpotid.<\/li>\r\n<\/ol><p>Teine oluline muudatus Powerballi m\u00e4ngimise viisis toimus 2021. aastal, kui v\u00f5eti kasutusele kolmas loosimisp\u00e4ev ning sellest ajast alates toimusid loosimised esmasp\u00e4eviti, kolmap\u00e4eviti ja laup\u00e4eviti.<\/p><p>Aastate jooksul otsustasid paljud USA osariigid Powerballi m\u00e4nguga liituda. Esialgu said Powerballi m\u00e4ngida vaid 15 osariigi elanikud, kuid praegu saab pileteid osta 44 osariigis. Samal ajal on v\u00f5imalik saada Powerballi pileteid meie seadusliku veebiteenuse kaudu. Meie kaudu m\u00e4ngite t\u00f5elise Powerballi piletiga ja kogu protseduur alates numbrite valimisest, pileti eest maksmisest ning ka raha saamisest saab toimuda internetis.<\/p><h2 class=\"wp-block-heading\">Kui kiiresti t\u00f5useb jackpot p\u00e4rast iga loosimist?<\/h2><p>Kui soovite Powerballi m\u00e4ngida, peaksite alati kontrollima jackpoti suurust. \u00dcldiselt soovitame m\u00e4ngijatel valida enamasti loteriid, mille jackpot on hetkel k\u00f5ige suurem. Teisest k\u00fcljest on m\u00f5nel loteriil v\u00e4ga v\u00e4ike t\u00f5en\u00e4osus, et peaauhind on v\u00e4ga v\u00e4ike. Superenalotto, Powerball ja Mega Millions kuuluvad nende loteriide hulka.<\/p><p>Sellegipoolest tuleks j\u00e4lgida jackpotide arengut ning sageli on m\u00f5istlik osta kohe mitme j\u00e4rjestikuse loosimise piletid. Seda tehes tagate, et te ei j\u00e4ta vahele m\u00e4ngimist jackpotile, mis v\u00f5ib kiiresti kasvada. Siin on m\u00f5ned numbrid Powerballi jackpoti suurenemise kohta. Loomulikult juhtub see ainult siis, kui keegi Powerballi jackpotit ei v\u00f5ida.<\/p><p>Kui Powerballi jackpot on k\u00f5ige madalamal tasemel (40 miljoni dollari suurune miinimum), suureneb see tavaliselt umbes 8-10 miljoni dollari v\u00f5rra iga loosimise kohta. Kolme igan\u00e4dalase loosimise korral oleks igan\u00e4dalane kasv umbes 25-30 miljonit dollarit.<\/p><p>Kui Powerballi jackpot on \u00fcle 100 miljoni dollari, on igan\u00e4dalane kasv ligi 35 miljonit dollarit. See on muidugi tingitud asjaolust, et rohkem inimesi m\u00e4ngib Powerballi ja ostab pileteid, kui Powerballi jackpot on suurem.<\/p><p>Kui Powerballi jackpot \u00fcletab 200 miljoni dollari piiri ja \u00fcha rohkem m\u00e4ngijaid ostab rohkem pileteid, kiireneb jackpoti kasv. Sel hetkel hakkavad muuhulgas loteriim\u00e4ngijad \u00fcle kogu maailma m\u00e4rkama ja tahavad m\u00e4ngida internetist ostetud piletitega. N\u00e4dalane t\u00f5us l\u00e4heneb 50 miljonile dollarile.<\/p><p>Sellisel ajal, kui Powerballi jackpot on j\u00f5udnud 400 miljoni dollarini, v\u00f5ite oodata, et jackpot suureneb iga loosimise j\u00e4rel 25 miljoni dollari v\u00f5rra. See t\u00e4hendab 75 miljoni dollari suurust kasvu n\u00e4dalas.<\/p><p>Kui keegi ei v\u00f5ida Powerballi jackpotit isegi siis, kui see on \u00fcle 500 miljoni dollari, toob suurenenud \u00fclemaailmne meediakajastus tavaliselt kaasa m\u00e4rkimisv\u00e4\u00e4rsed Powerballi piletite kohalikud ja veebip\u00f5hised ostud. Selle tulemusena v\u00f5ib Powerballi jackpot kahe n\u00e4dala jooksul 500 miljonist dollarist kergesti ulatuda 1 miljardi dollari l\u00e4hedale. Seda k\u00f5ike muidugi juhul, kui keegi ei v\u00f5ida jackpotit ja see algab j\u00e4rgmisel Powerballi loosimisel uuesti 40 miljoni dollari suurusest jackpotist.<\/p><p>Kokkuv\u00f5ttes kulub umbes kolm n\u00e4dalat, et Powerballi jackpot kasvaks \u00fcle 200 miljoni dollari suuruse summa ja kokku umbes 9 n\u00e4dalat, et j\u00f5uda minimaalselt 400 miljoni dollarini.<\/p><h2 class=\"wp-block-heading\">K\u00f5igi aegade k\u00f5rgeim Powerballi jackpot<\/h2><p>Maailma rekordiline jackpot on 2 miljardit 040 miljonit dollarit (seisuga november 2018). See v\u00f5ideti 22. novembril 2022 USA Powerball loteriis. <br \/>Ja 13. jaanuaril 2016 oli teine jackpot 1,586 miljardit dollarit, mis v\u00f5ideti samuti Ameerika Powerball-lotos. <br \/>K\u00f5igi aegade suuruselt kolmas jackpot v\u00f5ideti Mega Millions loteriis, kus 23. oktoobril 2018 sai \u00f5nnelik v\u00f5itja 1,537 miljardit dollarit.<\/p>","protected":false},"excerpt":{"rendered":"","protected":false},"author":1,"featured_media":0,"parent":16827,"menu_order":1,"comment_status":"closed","ping_status":"closed","template":"powerball-usa.php","meta":{"_et_pb_use_builder":"","_et_pb_old_content":"","_et_gb_content_width":"","exclude_from_search":false,"footnotes":""},"class_list":["post-16832","page","type-page","status-publish","hentry"],"yoast_head":"<!-- This site is optimized with the Yoast SEO plugin v23.8 - https:\/\/yoast.com\/wordpress\/plugins\/seo\/ -->\n<title>Powerball Interneti Loterii | M\u00e4ngi Powerball&#039;i Eestis<\/title>\n<meta name=\"description\" content=\"Meie interneti teenus laseb Teil m\u00e4ngida Powerball loteriid mistahes riigist, sealhulgas ka Eestist - ostke oma pilet n\u00fc\u00fcd!\" \/>\n<meta name=\"robots\" content=\"index, follow, max-snippet:-1, max-image-preview:large, max-video-preview:-1\" \/>\n<link rel=\"canonical\" href=\"https:\/\/redfoxlotto.com\/et\/mangi\/powerball\/\" \/>\n<meta property=\"og:locale\" content=\"et_EE\" \/>\n<meta property=\"og:type\" content=\"article\" \/>\n<meta property=\"og:title\" content=\"Powerball Interneti Loterii | M\u00e4ngi Powerball&#039;i Eestis\" \/>\n<meta property=\"og:description\" content=\"Meie interneti teenus laseb Teil m\u00e4ngida Powerball loteriid mistahes riigist, sealhulgas ka Eestist - ostke oma pilet n\u00fc\u00fcd!\" \/>\n<meta property=\"og:url\" content=\"https:\/\/redfoxlotto.com\/et\/mangi\/powerball\/\" \/>\n<meta property=\"og:site_name\" content=\"Get Tickets for the World\u2019s largest jackpots\" \/>\n<meta property=\"article:modified_time\" content=\"2025-12-15T22:06:01+00:00\" \/>\n<meta property=\"og:image\" content=\"https:\/\/content.redfoxlotto.com\/uploads\/sites\/9\/1_play_powerball_usa.jpg\" \/>\n<meta name=\"twitter:card\" content=\"summary_large_image\" \/>\n<meta name=\"twitter:label1\" content=\"Est. reading time\" \/>\n\t<meta name=\"twitter:data1\" content=\"7 minutit\" \/>\n<script type=\"application\/ld+json\" class=\"yoast-schema-graph\">{\"@context\":\"https:\/\/schema.org\",\"@graph\":[{\"@type\":\"WebPage\",\"@id\":\"https:\/\/redfoxlotto.com\/et\/mangi\/powerball\/\",\"url\":\"https:\/\/redfoxlotto.com\/et\/mangi\/powerball\/\",\"name\":\"Powerball Interneti Loterii | M\u00e4ngi Powerball'i Eestis\",\"isPartOf\":{\"@id\":\"https:\/\/redfoxlotto.com\/et\/#website\"},\"primaryImageOfPage\":{\"@id\":\"https:\/\/redfoxlotto.com\/et\/mangi\/powerball\/#primaryimage\"},\"image\":{\"@id\":\"https:\/\/redfoxlotto.com\/et\/mangi\/powerball\/#primaryimage\"},\"thumbnailUrl\":\"https:\/\/content.redfoxlotto.com\/uploads\/sites\/9\/1_play_powerball_usa.jpg\",\"datePublished\":\"2023-04-24T17:35:03+00:00\",\"dateModified\":\"2025-12-15T22:06:01+00:00\",\"description\":\"Meie interneti teenus laseb Teil m\u00e4ngida Powerball loteriid mistahes riigist, sealhulgas ka Eestist - ostke oma pilet n\u00fc\u00fcd!\",\"breadcrumb\":{\"@id\":\"https:\/\/redfoxlotto.com\/et\/mangi\/powerball\/#breadcrumb\"},\"inLanguage\":\"et\",\"potentialAction\":[{\"@type\":\"ReadAction\",\"target\":[\"https:\/\/redfoxlotto.com\/et\/mangi\/powerball\/\"]}]},{\"@type\":\"ImageObject\",\"inLanguage\":\"et\",\"@id\":\"https:\/\/redfoxlotto.com\/et\/mangi\/powerball\/#primaryimage\",\"url\":\"https:\/\/content.redfoxlotto.com\/uploads\/sites\/9\/1_play_powerball_usa.jpg\",\"contentUrl\":\"https:\/\/content.redfoxlotto.com\/uploads\/sites\/9\/1_play_powerball_usa.jpg\"},{\"@type\":\"BreadcrumbList\",\"@id\":\"https:\/\/redfoxlotto.com\/et\/mangi\/powerball\/#breadcrumb\",\"itemListElement\":[{\"@type\":\"ListItem\",\"position\":1,\"name\":\"Home\",\"item\":\"https:\/\/redfoxlotto.com\/et\/\"},{\"@type\":\"ListItem\",\"position\":2,\"name\":\"Kuidas m\u00e4ngida teiste riikide loteriid\",\"item\":\"https:\/\/redfoxlotto.com\/et\/mangi\/\"},{\"@type\":\"ListItem\",\"position\":3,\"name\":\"M\u00e4ngi Powerball US\"}]},{\"@type\":\"WebSite\",\"@id\":\"https:\/\/redfoxlotto.com\/et\/#website\",\"url\":\"https:\/\/redfoxlotto.com\/et\/\",\"name\":\"Get Tickets for the World\u2019s largest jackpots\",\"description\":\"Participate in worldwide lottery jackpots from any country\",\"publisher\":{\"@id\":\"https:\/\/redfoxlotto.com\/et\/#organization\"},\"potentialAction\":[{\"@type\":\"SearchAction\",\"target\":{\"@type\":\"EntryPoint\",\"urlTemplate\":\"https:\/\/redfoxlotto.com\/et\/?s={search_term_string}\"},\"query-input\":{\"@type\":\"PropertyValueSpecification\",\"valueRequired\":true,\"valueName\":\"search_term_string\"}}],\"inLanguage\":\"et\"},{\"@type\":\"Organization\",\"@id\":\"https:\/\/redfoxlotto.com\/et\/#organization\",\"name\":\"Get Tickets for the World\u2019s largest jackpots\",\"url\":\"https:\/\/redfoxlotto.com\/et\/\",\"logo\":{\"@type\":\"ImageObject\",\"inLanguage\":\"et\",\"@id\":\"https:\/\/redfoxlotto.com\/et\/#\/schema\/logo\/image\/\",\"url\":\"https:\/\/redfoxlotto.com\/wp-content\/uploads\/2023\/04\/logo.png\",\"contentUrl\":\"https:\/\/redfoxlotto.com\/wp-content\/uploads\/2023\/04\/logo.png\",\"width\":269,\"height\":53,\"caption\":\"Get Tickets for the World\u2019s largest jackpots\"},\"image\":{\"@id\":\"https:\/\/redfoxlotto.com\/et\/#\/schema\/logo\/image\/\"}}]}<\/script>\n<!-- \/ Yoast SEO plugin. -->","yoast_head_json":{"title":"Powerball Interneti Loterii | M\u00e4ngi Powerball'i Eestis","description":"Meie interneti teenus laseb Teil m\u00e4ngida Powerball loteriid mistahes riigist, sealhulgas ka Eestist - ostke oma pilet n\u00fc\u00fcd!","robots":{"index":"index","follow":"follow","max-snippet":"max-snippet:-1","max-image-preview":"max-image-preview:large","max-video-preview":"max-video-preview:-1"},"canonical":"https:\/\/redfoxlotto.com\/et\/mangi\/powerball\/","og_locale":"et_EE","og_type":"article","og_title":"Powerball Interneti Loterii | M\u00e4ngi Powerball'i Eestis","og_description":"Meie interneti teenus laseb Teil m\u00e4ngida Powerball loteriid mistahes riigist, sealhulgas ka Eestist - ostke oma pilet n\u00fc\u00fcd!","og_url":"https:\/\/redfoxlotto.com\/et\/mangi\/powerball\/","og_site_name":"Get Tickets for the World\u2019s largest jackpots","article_modified_time":"2025-12-15T22:06:01+00:00","og_image":[{"url":"https:\/\/content.redfoxlotto.com\/uploads\/sites\/9\/1_play_powerball_usa.jpg"}],"twitter_card":"summary_large_image","twitter_misc":{"Est. reading time":"7 minutit"},"schema":{"@context":"https:\/\/schema.org","@graph":[{"@type":"WebPage","@id":"https:\/\/redfoxlotto.com\/et\/mangi\/powerball\/","url":"https:\/\/redfoxlotto.com\/et\/mangi\/powerball\/","name":"Powerball Interneti Loterii | M\u00e4ngi Powerball'i Eestis","isPartOf":{"@id":"https:\/\/redfoxlotto.com\/et\/#website"},"primaryImageOfPage":{"@id":"https:\/\/redfoxlotto.com\/et\/mangi\/powerball\/#primaryimage"},"image":{"@id":"https:\/\/redfoxlotto.com\/et\/mangi\/powerball\/#primaryimage"},"thumbnailUrl":"https:\/\/content.redfoxlotto.com\/uploads\/sites\/9\/1_play_powerball_usa.jpg","datePublished":"2023-04-24T17:35:03+00:00","dateModified":"2025-12-15T22:06:01+00:00","description":"Meie interneti teenus laseb Teil m\u00e4ngida Powerball loteriid mistahes riigist, sealhulgas ka Eestist - ostke oma pilet n\u00fc\u00fcd!","breadcrumb":{"@id":"https:\/\/redfoxlotto.com\/et\/mangi\/powerball\/#breadcrumb"},"inLanguage":"et","potentialAction":[{"@type":"ReadAction","target":["https:\/\/redfoxlotto.com\/et\/mangi\/powerball\/"]}]},{"@type":"ImageObject","inLanguage":"et","@id":"https:\/\/redfoxlotto.com\/et\/mangi\/powerball\/#primaryimage","url":"https:\/\/content.redfoxlotto.com\/uploads\/sites\/9\/1_play_powerball_usa.jpg","contentUrl":"https:\/\/content.redfoxlotto.com\/uploads\/sites\/9\/1_play_powerball_usa.jpg"},{"@type":"BreadcrumbList","@id":"https:\/\/redfoxlotto.com\/et\/mangi\/powerball\/#breadcrumb","itemListElement":[{"@type":"ListItem","position":1,"name":"Home","item":"https:\/\/redfoxlotto.com\/et\/"},{"@type":"ListItem","position":2,"name":"Kuidas m\u00e4ngida teiste riikide loteriid","item":"https:\/\/redfoxlotto.com\/et\/mangi\/"},{"@type":"ListItem","position":3,"name":"M\u00e4ngi Powerball US"}]},{"@type":"WebSite","@id":"https:\/\/redfoxlotto.com\/et\/#website","url":"https:\/\/redfoxlotto.com\/et\/","name":"Get Tickets for the World\u2019s largest jackpots","description":"Participate in worldwide lottery jackpots from any country","publisher":{"@id":"https:\/\/redfoxlotto.com\/et\/#organization"},"potentialAction":[{"@type":"SearchAction","target":{"@type":"EntryPoint","urlTemplate":"https:\/\/redfoxlotto.com\/et\/?s={search_term_string}"},"query-input":{"@type":"PropertyValueSpecification","valueRequired":true,"valueName":"search_term_string"}}],"inLanguage":"et"},{"@type":"Organization","@id":"https:\/\/redfoxlotto.com\/et\/#organization","name":"Get Tickets for the World\u2019s largest jackpots","url":"https:\/\/redfoxlotto.com\/et\/","logo":{"@type":"ImageObject","inLanguage":"et","@id":"https:\/\/redfoxlotto.com\/et\/#\/schema\/logo\/image\/","url":"https:\/\/redfoxlotto.com\/wp-content\/uploads\/2023\/04\/logo.png","contentUrl":"https:\/\/redfoxlotto.com\/wp-content\/uploads\/2023\/04\/logo.png","width":269,"height":53,"caption":"Get Tickets for the World\u2019s largest jackpots"},"image":{"@id":"https:\/\/redfoxlotto.com\/et\/#\/schema\/logo\/image\/"}}]}},"_links":{"self":[{"href":"https:\/\/redfoxlotto.com\/et\/wp-json\/wp\/v2\/pages\/16832","targetHints":{"allow":["GET"]}}],"collection":[{"href":"https:\/\/redfoxlotto.com\/et\/wp-json\/wp\/v2\/pages"}],"about":[{"href":"https:\/\/redfoxlotto.com\/et\/wp-json\/wp\/v2\/types\/page"}],"author":[{"embeddable":true,"href":"https:\/\/redfoxlotto.com\/et\/wp-json\/wp\/v2\/users\/1"}],"replies":[{"embeddable":true,"href":"https:\/\/redfoxlotto.com\/et\/wp-json\/wp\/v2\/comments?post=16832"}],"version-history":[{"count":0,"href":"https:\/\/redfoxlotto.com\/et\/wp-json\/wp\/v2\/pages\/16832\/revisions"}],"up":[{"embeddable":true,"href":"https:\/\/redfoxlotto.com\/et\/wp-json\/wp\/v2\/pages\/16827"}],"wp:attachment":[{"href":"https:\/\/redfoxlotto.com\/et\/wp-json\/wp\/v2\/media?parent=16832"}],"curies":[{"name":"wp","href":"https:\/\/api.w.org\/{rel}","templated":true}]}}